{"id":1481,"date":"2023-10-17T02:43:24","date_gmt":"2023-10-17T02:43:24","guid":{"rendered":"http:\/\/www.jinyupaint.com\/?post_type=product&#038;p=1481"},"modified":"2025-07-11T09:00:37","modified_gmt":"2025-07-11T09:00:37","slug":"bgfc-90-fluorocarbon-topcoat","status":"publish","type":"product","link":"https:\/\/www.jinyupaint.com\/it\/prodotto\/bgfc-90-fluorocarbon-topcoat","title":{"rendered":"BGFC-90 Rivestimento al fluorocarbonio Finitura"},"content":{"rendered":"<h2>Descrizione del prodotto<\/h2>\n<p>Questo prodotto \u00e8 un rivestimento fluorocarbonico bicomponente ad alte prestazioni con un'eccellente ritenzione del colore e della brillantezza, pienamente conforme allo standard HG\/T 3792-2014.<\/p>\n<p>&nbsp;<\/p>\n<h2>Caratteristiche principali<\/h2>\n<p>Questa vernice a base di resina fluorocarbonica offre una resistenza superiore agli agenti atmosferici, un'eccezionale protezione dai raggi UV e una stabilit\u00e0 del colore a lungo termine, rendendola ideale per applicazioni decorative di alto livello in climi rigidi.<\/p>\n<p>&nbsp;<\/p>\n<h2>\u200b<strong>Standard tecnico<\/strong><\/h2>\n<p>Conforme a HG\/T 3792-2014 Cross-linked Fluorocarbon Coatings Standard (standard nazionale cinese per i rivestimenti fluoropolimerici ad alte prestazioni)<\/p>\n<p>&nbsp;<\/p>\n<h2><strong>Specifiche tecniche<\/strong><\/h2>\n<table>\n<thead>\n<tr>\n<th>No.<\/th>\n<th>Articolo di prova<\/th>\n<th>Requisito standard<\/th>\n<th>Valore misurato<\/th>\n<\/tr>\n<\/thead>\n<tbody>\n<tr>\n<td>1<\/td>\n<td>Stato nel contenitore<\/td>\n<td>Uniforme, senza grumi dopo la miscelazione<\/td>\n<td>Uniforme, senza grumi dopo la miscelazione<\/td>\n<\/tr>\n<tr>\n<td>2<\/td>\n<td>Volume di solidi %<\/td>\n<td>50<\/td>\n<td>-<\/td>\n<\/tr>\n<tr>\n<td>3<\/td>\n<td>Film secco standard (\u03bcm)<\/td>\n<td>70<\/td>\n<td>-<\/td>\n<\/tr>\n<tr>\n<td>4<\/td>\n<td>Tasso di copertura<\/td>\n<td>-<\/td>\n<td>5,6m\u00b2\/kg (a 70\u03bcm di film secco)<\/td>\n<\/tr>\n<tr>\n<td>5<\/td>\n<td>Tempo di asciugatura della superficie (25\u00b0C)<\/td>\n<td>\u22642 ore<\/td>\n<td>0,5 ore<\/td>\n<\/tr>\n<tr>\n<td>6<\/td>\n<td>Tempo di asciugatura duro (25\u00b0C)<\/td>\n<td>\u226424 ore<\/td>\n<td>10 ore<\/td>\n<\/tr>\n<tr>\n<td>7<\/td>\n<td>Prova di piegatura (mm)<\/td>\n<td>\u22642<\/td>\n<td>1<\/td>\n<\/tr>\n<tr>\n<td>8<\/td>\n<td>Resistenza agli urti (cm)<\/td>\n<td>\u226550<\/td>\n<td>50<\/td>\n<\/tr>\n<tr>\n<td>9<\/td>\n<td>Adesione (MPa)<\/td>\n<td>\u22654<\/td>\n<td>5<\/td>\n<\/tr>\n<tr>\n<td>10<\/td>\n<td>Intemperie artificiali<\/td>\n<td>3000h: nessuna formazione di bolle, ruggine, crepe o spellature; \u0394E\u22643.0, ritenzione della brillantezza\u226580%<\/td>\n<td>Soddisfatti tutti i requisiti<\/td>\n<\/tr>\n<tr>\n<td>11<\/td>\n<td>Punto di infiammabilit\u00e0 (\u00b0C)<\/td>\n<td>-<\/td>\n<td>28<\/td>\n<\/tr>\n<\/tbody>\n<\/table>\n<h2><strong>Ambito di applicazione<\/strong><\/h2>\n<p>Questa finitura fluorocarbonica ad alte prestazioni \u00e8 stata formulata specificamente come strato di finitura nei sistemi di rivestimento epossidico, fornendo un'eccezionale protezione dalla corrosione e prestazioni decorative per ambienti difficili, tra cui strutture offshore, impianti chimici\/petrolchimici, ponti e altre strutture in acciaio che richiedono una resistenza superiore agli agenti atmosferici e una conservazione del colore a lungo termine, rendendola ideale per le applicazioni industriali in cui sono fondamentali sia la durata che l'estetica.<\/p>\n<p>&nbsp;<\/p>\n<h2><strong>Linee guida per l'applicazione dei rivestimenti fluorocarbonici.<\/strong>\u200b<\/h2>\n<p>Questo rivestimento al fluorocarbonio deve essere applicato a temperature ambiente superiori a 10\u00b0C, con una temperatura della vernice mantenuta al di sopra dei 15\u00b0C e un'umidit\u00e0 relativa inferiore a 80%. Assicurarsi che le superfici siano asciutte, pulite e a 3\u00b0C sopra il punto di rugiada per evitare la condensa. Durante l'applicazione e l'indurimento \u00e8 necessaria un'adeguata ventilazione negli spazi ristretti. Evitare l'applicazione in caso di pioggia, neve o nebbia.<\/p>\n<p>&nbsp;<\/p>\n<p>Miscelare con precisione i componenti secondo le istruzioni riportate sull'etichetta e utilizzare entro il tempo di lavorabilit\u00e0 previsto, che si riduce a temperature pi\u00f9 elevate. Prima della riverniciatura, rimuovere olio, umidit\u00e0, schizzi di saldatura e polvere. Il tempo di essiccazione varia in funzione della temperatura, dell'umidit\u00e0 e dello spessore del film. Se si supera l'intervallo massimo di riverniciatura, irruvidire la superficie per garantire l'adesione tra gli strati.<\/p>\n<p>&nbsp;<\/p>\n<p>Conservare in un luogo fresco, asciutto e ventilato, lontano da fonti di calore e dalla luce solare diretta. I lavoratori devono indossare DPI adeguati e devono essere adottate misure di prevenzione degli incendi. \u00c8 severamente vietato fumare e usare fiamme libere.<\/p>\n<p>&nbsp;<\/p>\n<div class=\"agent-chat__toolbar__left\">\n<h2>Processo di rivestimento al fluorocarbonio<\/h2>\n<p>La spruzzatura multistrato \u00e8 la tecnica di rivestimento al fluorocarbonio pi\u00f9 utilizzata. Il processo di pretrattamento comprende: sgrassaggio, pulizia alcalina, risciacquo con acqua, cromatura, risciacquo con acqua e risciacquo finale con acqua pura. La procedura di spruzzatura consiste in: applicazione del primer, livellamento dello strato di primer, applicazione dello strato di finitura, livellamento dello strato di finitura, seguita dall'indurimento finale. Il pretrattamento mira a rimuovere le macchie di olio e a trattare chimicamente la superficie della lega di alluminio prima della spruzzatura, prolungando cos\u00ec la durata del film di rivestimento.<\/p>\n<p>&nbsp;<\/p>\n<p>Il primer sigillato al fluorocarbonio aumenta la penetrazione del rivestimento, migliora la protezione del substrato, stabilizza lo strato superficiale del metallo e rafforza l'adesione del rivestimento al fluorocarbonio.<\/p>\n<p>&nbsp;<\/p>\n<p>Il topcoat al fluorocarbonio \u00e8 lo strato pi\u00f9 critico del sistema di rivestimento al fluorocarbonio. Protegge la superficie metallica dall'esposizione atmosferica, dalle piogge acide e dagli agenti inquinanti, bloccando la penetrazione dei raggi UV e migliorando le prestazioni anti-invecchiamento.<\/p>\n<p>&nbsp;<\/p>\n<p>L'obiettivo principale del rivestimento in fluorocarbonio \u00e8 quello di aumentare la resistenza alla corrosione, proteggendo cos\u00ec lo strato superiore e migliorandone la lucentezza metallica.<\/p>\n<p>&nbsp;<\/p>\n<p>I diversi produttori impiegano metodi di indurimento diversi. Tuttavia, ogni produttore ottimizza la temperatura e la durata in base alla specifica formulazione del rivestimento.<\/p>\n<p>&nbsp;<\/p>\n<\/div>\n<h2>Imballaggio<\/h2>\n<p><strong>Dimensioni:<\/strong> 25 kg per serie<\/p>\n<p>&nbsp;<\/p>\n<h2>Durata di conservazione:<\/h2>\n<p>Se conservato in un luogo fresco, asciutto e ombreggiato, il prodotto non aperto ha una durata di conservazione di un anno (a 25\u00b0C).<\/p>\n<p>&nbsp;<\/p>\n<figure id=\"attachment_4527\" aria-describedby=\"caption-attachment-4527\" style=\"width: 600px\" class=\"wp-caption alignnone\"><a href=\"https:\/\/www.jinyupaint.com\/wp-content\/uploads\/2023\/10\/Fluorocarbon-Coating-Appliction.jpg\"><img fetchpriority=\"high\" decoding=\"async\" class=\"size-full wp-image-4527\" src=\"https:\/\/www.jinyupaint.com\/wp-content\/uploads\/2023\/10\/Fluorocarbon-Coating-Appliction.jpg\" alt=\"Applicazione del rivestimento in fluorocarbonio\" width=\"600\" height=\"450\" srcset=\"https:\/\/www.jinyupaint.com\/wp-content\/uploads\/2023\/10\/Fluorocarbon-Coating-Appliction.jpg 600w, https:\/\/www.jinyupaint.com\/wp-content\/uploads\/2023\/10\/Fluorocarbon-Coating-Appliction-300x225.jpg 300w\" sizes=\"(max-width: 600px) 100vw, 600px\" \/><\/a><figcaption id=\"caption-attachment-4527\" class=\"wp-caption-text\">Applicazione del rivestimento in fluorocarbonio<\/figcaption><\/figure>\n<p>&nbsp;<\/p>\n<h2 style=\"text-align: center;\">Rivestimento fluorocarbonico nelle applicazioni di strutture in acciaio: Sistemi di abbinamento<\/h2>\n<div style=\"content: ''; width: 248px; height: 1px; background: #c8c8c8; display: block; margin: auto;\"><\/div>\n<div style=\"position: relative;\">\n<div style=\"content: ''; width: 37px; height: 3px; background: #d51405; display: block; position: absolute; left: 50%; margin-left: -18px; bottom: 0;\"><\/div>\n<\/div>\n<p>&nbsp;<\/p>\n<p>Nelle applicazioni pratiche su strutture in acciaio, i rivestimenti al fluorocarbonio sono tipicamente utilizzati in combinazione con primer, strati intermedi e finiture per ottenere una protezione anticorrosione ottimale.<\/p>\n<p>&nbsp;<\/p>\n<h3>I. Selezione dei rivestimenti coordinati per i rivestimenti al fluorocarburo<\/h3>\n<p><strong>01 Selezione del primer<\/strong><br \/>\nI primer abbinati ai rivestimenti al fluorocarbonio devono presentare una forte adesione, un'eccellente resistenza alla ruggine e una buona lavorabilit\u00e0. Le scelte pi\u00f9 comuni includono primer epossidici, primer epossidici ricchi di zinco o primer inorganici ricchi di zinco. Questi ultimi sono ampiamente utilizzati nei rivestimenti anticorrosione per le strutture in acciaio di ponti ed edifici.<\/p>\n<p>&nbsp;<\/p>\n<p><strong>02 Selezione del cappotto intermedio<\/strong><br \/>\nGli strati intermedi per i rivestimenti al fluorocarburo spesso includono rivestimenti intermedi epossidici a base di mica e ferro o rivestimenti intermedi epossidici ad alta resistenza. Questi ultimi aumentano le prestazioni anticorrosione complessive, migliorano le propriet\u00e0 di barriera e assicurano un'efficace adesione tra il primer e lo strato di finitura, bloccando gli agenti corrosivi.<\/p>\n<p>&nbsp;<\/p>\n<h3>II. Sistemi di abbinamento comuni per i rivestimenti di fluorocarburi<\/h3>\n<p><strong>Sistema 1:<\/strong> Primer epossidico ricco di zinco + mano intermedia epossidica mica ferrosa + finitura fluorocarbonica<br \/>\n<strong>Sistema 2:<\/strong> Primer inorganico ricco di zinco + sigillante epossidico + mano intermedia epossidica mica ferrosa + finitura fluorocarbonica<br \/>\n<strong>Sistema 3:<\/strong> Primer epossidico + mano intermedia epossidica ad alto spessore + finitura fluorocarbonica<\/p>\n<p>&nbsp;<\/p>\n<p>Nei progetti di rivestimento di strutture in acciaio, la scelta di un sistema adeguato deve tenere conto di fattori quali i requisiti di costruzione, le condizioni ambientali, le specifiche del progetto, i rischi di corrosione e l'efficacia dei costi.<\/p>","protected":false},"excerpt":{"rendered":"<p>I rivestimenti ai fluorocarburi sono vernici ad alte prestazioni con resine fluoropolimeriche come componente principale della pellicola. I loro forti legami F-C garantiscono un'eccezionale resistenza ai raggi UV e al calore, rendendole pi\u00f9 durevoli rispetto ad altri rivestimenti a base di resina.<\/p>\n<p>&nbsp;<\/p>\n<p>Disponibili in formulazioni termoplastiche e termoindurenti, questi rivestimenti offrono resistenza chimica, idrorepellenza e stabilit\u00e0 termica. Le opzioni ecologiche includono rivestimenti a base d'acqua, ad alto contenuto di solidi e in polvere.<\/p>\n<p>&nbsp;<\/p>\n<p>Grazie all'eccezionale resistenza agli agenti atmosferici, alla resistenza alla corrosione e alla bassa energia superficiale, mantengono le prestazioni in condizioni difficili. Le applicazioni spaziano dall'edilizia (facciate, tetti), all'aerospaziale (pelli di aerei), alla nautica (protezione dello scafo), al settore petrolifero e del gas (tubazioni, serbatoi).<\/p>","protected":false},"featured_media":1509,"template":"","meta":{"om_disable_all_campaigns":false,"_monsterinsights_skip_tracking":false,"_monsterinsights_sitenote_active":false,"_monsterinsights_sitenote_note":"","_monsterinsights_sitenote_category":0,"_uf_show_specific_survey":0,"_uf_disable_surveys":false},"product_brand":[],"product_cat":[504,79],"product_tag":[255,257,256,81,82],"class_list":{"0":"post-1481","1":"product","2":"type-product","3":"status-publish","4":"has-post-thumbnail","6":"product_cat-fluorocarbon-paint","7":"product_cat-industrial-coating","8":"product_tag-fluorocarbon-coating","9":"product_tag-fluorocarbon-finish","10":"product_tag-fluorocarbon-paint","11":"product_tag-industrial-coating","12":"product_tag-industrial-paint","14":"first","15":"instock","16":"shipping-taxable","17":"product-type-simple"},"yoast_head":"<!-- This site is optimized with the Yoast SEO Premium plugin v26.2 (Yoast SEO v26.5) - https:\/\/yoast.com\/wordpress\/plugins\/seo\/ -->\n<title>BGFC-90 Fluorocarbon Coating Finish - KAIDA PAINT\u00ae<\/title>\n<meta name=\"description\" content=\"Professional-grade fluorocarbon coatings for industrial and architectural applications. Our HG\/T 3792-2014 compliant products offer exceptional UV resistance, corrosion protection, and 15+ years durability. Ideal for bridges, offshore structures, and chemical plants.\" \/>\n<meta name=\"robots\" content=\"index, follow, max-snippet:-1, max-image-preview:large, max-video-preview:-1\" \/>\n<link rel=\"canonical\" href=\"https:\/\/www.jinyupaint.com\/it\/prodotto\/bgfc-90-fluorocarbon-topcoat\/\" \/>\n<meta property=\"og:locale\" content=\"it_IT\" \/>\n<meta property=\"og:type\" content=\"article\" \/>\n<meta property=\"og:title\" content=\"BGFC-90 Fluorocarbon Coating Finish\" \/>\n<meta property=\"og:description\" content=\"Professional-grade fluorocarbon coatings for industrial and architectural applications. Our HG\/T 3792-2014 compliant products offer exceptional UV resistance, corrosion protection, and 15+ years durability. Ideal for bridges, offshore structures, and chemical plants.\" \/>\n<meta property=\"og:url\" content=\"https:\/\/www.jinyupaint.com\/it\/prodotto\/bgfc-90-fluorocarbon-topcoat\/\" \/>\n<meta property=\"og:site_name\" content=\"KAIDA PAINT\u00ae\" \/>\n<meta property=\"article:modified_time\" content=\"2025-07-11T09:00:37+00:00\" \/>\n<meta property=\"og:image\" content=\"https:\/\/www.jinyupaint.com\/wp-content\/uploads\/2023\/10\/Industrial-Paint-16.jpg\" \/>\n\t<meta property=\"og:image:width\" content=\"750\" \/>\n\t<meta property=\"og:image:height\" content=\"750\" \/>\n\t<meta property=\"og:image:type\" content=\"image\/jpeg\" \/>\n<meta name=\"twitter:card\" content=\"summary_large_image\" \/>\n<meta name=\"twitter:label1\" content=\"Tempo di lettura stimato\" \/>\n\t<meta name=\"twitter:data1\" content=\"4 minuti\" \/>\n<script type=\"application\/ld+json\" class=\"yoast-schema-graph\">{\"@context\":\"https:\/\/schema.org\",\"@graph\":[{\"@type\":\"WebPage\",\"@id\":\"https:\/\/www.jinyupaint.com\/product\/bgfc-90-fluorocarbon-topcoat\",\"url\":\"https:\/\/www.jinyupaint.com\/product\/bgfc-90-fluorocarbon-topcoat\",\"name\":\"BGFC-90 Fluorocarbon Coating Finish - KAIDA PAINT\u00ae\",\"isPartOf\":{\"@id\":\"https:\/\/www.jinyupaint.com\/#website\"},\"primaryImageOfPage\":{\"@id\":\"https:\/\/www.jinyupaint.com\/product\/bgfc-90-fluorocarbon-topcoat#primaryimage\"},\"image\":{\"@id\":\"https:\/\/www.jinyupaint.com\/product\/bgfc-90-fluorocarbon-topcoat#primaryimage\"},\"thumbnailUrl\":\"https:\/\/www.jinyupaint.com\/wp-content\/uploads\/2023\/10\/Industrial-Paint-16.jpg\",\"datePublished\":\"2023-10-17T02:43:24+00:00\",\"dateModified\":\"2025-07-11T09:00:37+00:00\",\"description\":\"Professional-grade fluorocarbon coatings for industrial and architectural applications. Our HG\/T 3792-2014 compliant products offer exceptional UV resistance, corrosion protection, and 15+ years durability. Ideal for bridges, offshore structures, and chemical plants.\",\"breadcrumb\":{\"@id\":\"https:\/\/www.jinyupaint.com\/product\/bgfc-90-fluorocarbon-topcoat#breadcrumb\"},\"inLanguage\":\"it-IT\",\"potentialAction\":[{\"@type\":\"ReadAction\",\"target\":[\"https:\/\/www.jinyupaint.com\/product\/bgfc-90-fluorocarbon-topcoat\"]}]},{\"@type\":\"ImageObject\",\"inLanguage\":\"it-IT\",\"@id\":\"https:\/\/www.jinyupaint.com\/product\/bgfc-90-fluorocarbon-topcoat#primaryimage\",\"url\":\"https:\/\/www.jinyupaint.com\/wp-content\/uploads\/2023\/10\/Industrial-Paint-16.jpg\",\"contentUrl\":\"https:\/\/www.jinyupaint.com\/wp-content\/uploads\/2023\/10\/Industrial-Paint-16.jpg\",\"width\":750,\"height\":750,\"caption\":\"Industrial-Paint\"},{\"@type\":\"BreadcrumbList\",\"@id\":\"https:\/\/www.jinyupaint.com\/product\/bgfc-90-fluorocarbon-topcoat#breadcrumb\",\"itemListElement\":[{\"@type\":\"ListItem\",\"position\":1,\"name\":\"Home\",\"item\":\"https:\/\/www.jinyupaint.com\/\"},{\"@type\":\"ListItem\",\"position\":2,\"name\":\"Shop\",\"item\":\"https:\/\/www.jinyupaint.com\/shop.html\"},{\"@type\":\"ListItem\",\"position\":3,\"name\":\"BGFC-90 Fluorocarbon Coating Finish\"}]},{\"@type\":\"WebSite\",\"@id\":\"https:\/\/www.jinyupaint.com\/#website\",\"url\":\"https:\/\/www.jinyupaint.com\/\",\"name\":\"JINYU\u00ae PAINT\",\"description\":\"JINYU PAINT\u00ae Manufacturer\",\"potentialAction\":[{\"@type\":\"SearchAction\",\"target\":{\"@type\":\"EntryPoint\",\"urlTemplate\":\"https:\/\/www.jinyupaint.com\/?s={search_term_string}\"},\"query-input\":{\"@type\":\"PropertyValueSpecification\",\"valueRequired\":true,\"valueName\":\"search_term_string\"}}],\"inLanguage\":\"it-IT\"}]}<\/script>\n<!-- \/ Yoast SEO Premium plugin. -->","yoast_head_json":{"title":"BGFC-90 Fluorocarbon Coating Finish - KAIDA PAINT\u00ae","description":"Rivestimenti fluorocarbonici di livello professionale per applicazioni industriali e architettoniche. I nostri prodotti conformi alla norma HG\/T 3792-2014 offrono un'eccezionale resistenza ai raggi UV, protezione dalla corrosione e una durata di oltre 15 anni. Ideali per ponti, strutture offshore e impianti chimici.","robots":{"index":"index","follow":"follow","max-snippet":"max-snippet:-1","max-image-preview":"max-image-preview:large","max-video-preview":"max-video-preview:-1"},"canonical":"https:\/\/www.jinyupaint.com\/it\/prodotto\/bgfc-90-fluorocarbon-topcoat\/","og_locale":"it_IT","og_type":"article","og_title":"BGFC-90 Fluorocarbon Coating Finish","og_description":"Professional-grade fluorocarbon coatings for industrial and architectural applications. Our HG\/T 3792-2014 compliant products offer exceptional UV resistance, corrosion protection, and 15+ years durability. Ideal for bridges, offshore structures, and chemical plants.","og_url":"https:\/\/www.jinyupaint.com\/it\/prodotto\/bgfc-90-fluorocarbon-topcoat\/","og_site_name":"KAIDA PAINT\u00ae","article_modified_time":"2025-07-11T09:00:37+00:00","og_image":[{"width":750,"height":750,"url":"https:\/\/www.jinyupaint.com\/wp-content\/uploads\/2023\/10\/Industrial-Paint-16.jpg","type":"image\/jpeg"}],"twitter_card":"summary_large_image","twitter_misc":{"Tempo di lettura stimato":"4 minuti"},"schema":{"@context":"https:\/\/schema.org","@graph":[{"@type":"WebPage","@id":"https:\/\/www.jinyupaint.com\/product\/bgfc-90-fluorocarbon-topcoat","url":"https:\/\/www.jinyupaint.com\/product\/bgfc-90-fluorocarbon-topcoat","name":"BGFC-90 Fluorocarbon Coating Finish - KAIDA PAINT\u00ae","isPartOf":{"@id":"https:\/\/www.jinyupaint.com\/#website"},"primaryImageOfPage":{"@id":"https:\/\/www.jinyupaint.com\/product\/bgfc-90-fluorocarbon-topcoat#primaryimage"},"image":{"@id":"https:\/\/www.jinyupaint.com\/product\/bgfc-90-fluorocarbon-topcoat#primaryimage"},"thumbnailUrl":"https:\/\/www.jinyupaint.com\/wp-content\/uploads\/2023\/10\/Industrial-Paint-16.jpg","datePublished":"2023-10-17T02:43:24+00:00","dateModified":"2025-07-11T09:00:37+00:00","description":"Rivestimenti fluorocarbonici di livello professionale per applicazioni industriali e architettoniche. I nostri prodotti conformi alla norma HG\/T 3792-2014 offrono un'eccezionale resistenza ai raggi UV, protezione dalla corrosione e una durata di oltre 15 anni. Ideali per ponti, strutture offshore e impianti chimici.","breadcrumb":{"@id":"https:\/\/www.jinyupaint.com\/product\/bgfc-90-fluorocarbon-topcoat#breadcrumb"},"inLanguage":"it-IT","potentialAction":[{"@type":"ReadAction","target":["https:\/\/www.jinyupaint.com\/product\/bgfc-90-fluorocarbon-topcoat"]}]},{"@type":"ImageObject","inLanguage":"it-IT","@id":"https:\/\/www.jinyupaint.com\/product\/bgfc-90-fluorocarbon-topcoat#primaryimage","url":"https:\/\/www.jinyupaint.com\/wp-content\/uploads\/2023\/10\/Industrial-Paint-16.jpg","contentUrl":"https:\/\/www.jinyupaint.com\/wp-content\/uploads\/2023\/10\/Industrial-Paint-16.jpg","width":750,"height":750,"caption":"Industrial-Paint"},{"@type":"BreadcrumbList","@id":"https:\/\/www.jinyupaint.com\/product\/bgfc-90-fluorocarbon-topcoat#breadcrumb","itemListElement":[{"@type":"ListItem","position":1,"name":"Home","item":"https:\/\/www.jinyupaint.com\/"},{"@type":"ListItem","position":2,"name":"Shop","item":"https:\/\/www.jinyupaint.com\/shop.html"},{"@type":"ListItem","position":3,"name":"BGFC-90 Fluorocarbon Coating Finish"}]},{"@type":"WebSite","@id":"https:\/\/www.jinyupaint.com\/#website","url":"https:\/\/www.jinyupaint.com\/","name":"VERNICE JINYU","description":"JINYU PAINT\u00ae Produttore","potentialAction":[{"@type":"SearchAction","target":{"@type":"EntryPoint","urlTemplate":"https:\/\/www.jinyupaint.com\/?s={search_term_string}"},"query-input":{"@type":"PropertyValueSpecification","valueRequired":true,"valueName":"search_term_string"}}],"inLanguage":"it-IT"}]}},"_links":{"self":[{"href":"https:\/\/www.jinyupaint.com\/it\/wp-json\/wp\/v2\/product\/1481","targetHints":{"allow":["GET"]}}],"collection":[{"href":"https:\/\/www.jinyupaint.com\/it\/wp-json\/wp\/v2\/product"}],"about":[{"href":"https:\/\/www.jinyupaint.com\/it\/wp-json\/wp\/v2\/types\/product"}],"wp:featuredmedia":[{"embeddable":true,"href":"https:\/\/www.jinyupaint.com\/it\/wp-json\/wp\/v2\/media\/1509"}],"wp:attachment":[{"href":"https:\/\/www.jinyupaint.com\/it\/wp-json\/wp\/v2\/media?parent=1481"}],"wp:term":[{"taxonomy":"product_brand","embeddable":true,"href":"https:\/\/www.jinyupaint.com\/it\/wp-json\/wp\/v2\/product_brand?post=1481"},{"taxonomy":"product_cat","embeddable":true,"href":"https:\/\/www.jinyupaint.com\/it\/wp-json\/wp\/v2\/product_cat?post=1481"},{"taxonomy":"product_tag","embeddable":true,"href":"https:\/\/www.jinyupaint.com\/it\/wp-json\/wp\/v2\/product_tag?post=1481"}],"curies":[{"name":"wp","href":"https:\/\/api.w.org\/{rel}","templated":true}]}}