{"id":895,"date":"2023-09-27T06:40:47","date_gmt":"2023-09-27T06:40:47","guid":{"rendered":"http:\/\/www.jinyupaint.com\/?post_type=product&#038;p=895"},"modified":"2025-02-18T09:22:43","modified_gmt":"2025-02-18T09:22:43","slug":"e2325-self-leveling-colored-cement","status":"publish","type":"product","link":"https:\/\/www.jinyupaint.com\/fr\/produit\/e2325-self-leveling-colored-cement","title":{"rendered":"E2325 Ciment color\u00e9 autolissant"},"content":{"rendered":"<h2 data-start=\"459\" data-end=\"487\"><strong data-start=\"464\" data-end=\"487\">Caract\u00e9ristiques principales<\/strong><\/h2>\n<ul data-start=\"599\" data-end=\"985\">\n<li data-start=\"599\" data-end=\"697\">Construction simple, pratique et rapide, id\u00e9ale pour les applications de b\u00e9ton autonivelant.<\/li>\n<li data-start=\"698\" data-end=\"820\">R\u00e9sistant \u00e0 l'usure, durable, \u00e9conomique et respectueux de l'environnement, parfait pour les projets de nivellement des sols en b\u00e9ton.<\/li>\n<li data-start=\"821\" data-end=\"920\">Le produit a une excellente fluidit\u00e9, ce qui le rend parfait pour les installations de ciment autonivelant.<\/li>\n<li data-start=\"921\" data-end=\"985\">P\u00e9riode de construction courte, garantissant une r\u00e9alisation plus rapide du projet.<\/li>\n<\/ul>\n<h2 data-start=\"1080\" data-end=\"1117\"><strong data-start=\"1085\" data-end=\"1117\">Introduction d\u00e9taill\u00e9e<\/strong><\/h2>\n<p data-start=\"1218\" data-end=\"1651\">Le mortier autolissant \u00e0 base de ciment color\u00e9 E2325 est un m\u00e9lange de ciment sp\u00e9cial, d'agr\u00e9gats s\u00e9lectionn\u00e9s et d'additifs. M\u00e9lang\u00e9 \u00e0 l'eau, il forme un mat\u00e9riau de fondation autolissant tr\u00e8s fluide et tr\u00e8s r\u00e9sistant. Disponible dans des couleurs telles que le gris, le rouge, le jaune, le bleu et le vert chrome, il convient \u00e0 diverses applications de b\u00e9ton autonivelant, garantissant une finition lisse pour les sols neufs et r\u00e9nov\u00e9s.<\/p>\n<h2 data-start=\"1720\" data-end=\"1753\"><strong data-start=\"1725\" data-end=\"1753\">Champ d'application<\/strong><\/h2>\n<p data-start=\"1830\" data-end=\"2147\">Id\u00e9al pour un nivellement pr\u00e9cis des sols en b\u00e9ton, ce produit est parfait pour les entrepreneurs en b\u00e9ton autonivelant, les projets de r\u00e9novation des sols et la construction de nouveaux sols. Largement utilis\u00e9 dans les installations industrielles, les parkings, les espaces r\u00e9sidentiels et les bureaux. Convient \u00e9galement aux zones \u00e0 fort trafic.<\/p>\n<h2 data-start=\"2256\" data-end=\"2291\"><strong data-start=\"2261\" data-end=\"2291\">Informations sur le produit\u00a0<\/strong><\/h2>\n<p data-start=\"2357\" data-end=\"2481\">Le produit est une poudre m\u00e9lang\u00e9e \u00e0 sec, sp\u00e9cialement con\u00e7ue pour les applications de ciment autonivelant.<\/p>\n<ul data-start=\"2482\" data-end=\"2695\">\n<li data-start=\"2482\" data-end=\"2541\"><strong data-start=\"2484\" data-end=\"2497\">Emballage<\/strong>: Sacs en papier r\u00e9sistant \u00e0 l'humidit\u00e9, 25 kg par sac.<\/li>\n<li data-start=\"2542\" data-end=\"2695\"><strong data-start=\"2544\" data-end=\"2555\">Stockage<\/strong>: Stocker dans un entrep\u00f4t frais, sec et bien ventil\u00e9, \u00e0 l'abri de l'humidit\u00e9 et des sources de chaleur. Temp\u00e9rature de stockage recommand\u00e9e : 5-35\u00b0C.<\/li>\n<\/ul>\n<h2 data-start=\"2739\" data-end=\"2769\"><strong data-start=\"2744\" data-end=\"2769\">Donn\u00e9es techniques\u00a0<\/strong><\/h2>\n<ul data-start=\"3427\" data-end=\"3474\">\n<li data-start=\"2833\" data-end=\"2875\"><strong data-start=\"2835\" data-end=\"2863\">R\u00e9sistance \u00e0 la compression sur 24h<\/strong>: \u22656.0 Mpa<\/li>\n<li data-start=\"2876\" data-end=\"2915\"><strong data-start=\"2878\" data-end=\"2903\">R\u00e9sistance \u00e0 la flexion en 24 heures<\/strong>: \u22652.0 Mpa<\/li>\n<li data-start=\"2916\" data-end=\"2954\"><strong data-start=\"2918\" data-end=\"2946\">R\u00e9sistance \u00e0 la compression 28d<\/strong>: \u2265C30<\/li>\n<li data-start=\"2955\" data-end=\"2989\"><strong data-start=\"2957\" data-end=\"2982\">R\u00e9sistance \u00e0 la flexion 28d<\/strong>: \u2265F9<\/li>\n<li data-start=\"2990\" data-end=\"3015\"><strong data-start=\"2992\" data-end=\"3004\">Fluidit\u00e9<\/strong>: \u2265130 mm<\/li>\n<li data-start=\"3016\" data-end=\"3055\"><strong data-start=\"3018\" data-end=\"3044\">Performances de combustion<\/strong>: Classe A<\/li>\n<li data-start=\"3016\" data-end=\"3055\">\n<h2><strong data-start=\"3104\" data-end=\"3129\">Message du syst\u00e8me<\/strong><\/h2>\n<\/li>\n<li data-start=\"3212\" data-end=\"3288\"><strong data-start=\"3214\" data-end=\"3230\">Couche inf\u00e9rieure<\/strong>: 1 \u00e0 2 couches de ciment autonivelant comme agent d'interface<\/li>\n<li data-start=\"3289\" data-end=\"3349\"><strong data-start=\"3291\" data-end=\"3308\">Couche de surface<\/strong>: 1 couche de b\u00e9ton autonivelant<\/li>\n<li data-start=\"3350\" data-end=\"3412\"><strong data-start=\"3352\" data-end=\"3372\">Agent de protection<\/strong>: Appliquer 2 \u00e0 3 couches de produit de protection<\/li>\n<\/ul>\n<h2>Dosage recommand\u00e9 par le syst\u00e8me<\/h2>\n<p><strong>Syst\u00e8me de plancher :<\/strong> Syst\u00e8me autonivelant en ciment de 5 \u00e0 6 mm<\/p>\n<p>Nom du mat\u00e9riau Dosage Remarques<\/p>\n<p>Agent d'interface 0,2-0,25kg\/\u33a1 selon les conditions du sol<\/p>\n<p>Ciment autonivelant 8.5-10kg\/\u33a1<\/p>\n<p>Agent protecteur autolissant pour ciment 0.15kg\/\u33a1<\/p>\n<p>N430 couche de finition polyur\u00e9thane 0.08-0.1kg\/\u33a1<\/p>\n<h2>Exigences de la base<\/h2>\n<p>La qualit\u00e9 du sol en b\u00e9ton doit \u00eatre sup\u00e9rieure \u00e0 C25, la r\u00e9sistance \u00e0 la traction doit \u00eatre \u22651,5Mpa et la plan\u00e9it\u00e9 doit \u00eatre de \u00b14mm\/2m sur la base d'une r\u00e8gle. La surface de base doit \u00eatre s\u00e8che, propre et exempte d'huile et d'autres polluants.<\/p>\n<h2>Traitement de base<\/h2>\n<p>Utilisez une sableuse ou une ponceuse pour sabler et polir l'ensemble du terrain \u00e0 construire afin d'\u00e9liminer les poussi\u00e8res flottantes \u00e0 la surface de la couche de base.<\/p>\n<h2>Conditions de construction<\/h2>\n<p><strong>Temp\u00e9rature de base du sol :<\/strong> 8-35\u2103<\/p>\n<p><strong>Temp\u00e9rature de l'environnement de construction :<\/strong> 8-35\u2103<\/p>\n<p><strong>Teneur en eau de la base du sol :<\/strong> &lt;8%<\/p>\n<p><strong>Humidit\u00e9 relative de l'environnement de construction :<\/strong> &lt;80%<\/p>\n<h2>M\u00e9thodes et outils de construction<\/h2>\n<p>La construction du ciment autonivelant est g\u00e9n\u00e9ralement r\u00e9alis\u00e9e par grattage. Outils utilis\u00e9s : grattoir dent\u00e9. Agent protecteur : serpilli\u00e8re de cire g\u00e9n\u00e9rale.<\/p>\n<h2>Dur\u00e9e d'application<\/h2>\n<p>Temp\u00e9rature ambiante Temps de marche Temps de conduite<\/p>\n<p>10-15\u2103 2 jours 7 jours<\/p>\n<p>15-20\u2103 2 jours 7 jours<\/p>\n<p>20-30\u2103 1 jour 7 jours<\/p>\n<h2>Sauvegarde<\/h2>\n<p><strong>Contact avec la peau :<\/strong> Laver abondamment \u00e0 l'eau et enlever les v\u00eatements et les chaussures contamin\u00e9s. Contact avec les yeux : Rincer \u00e0 l'eau courante ou au s\u00e9rum physiologique et consulter un m\u00e9decin si n\u00e9cessaire. Inhalation : Se d\u00e9placer \u00e0 l'air frais et garder les voies respiratoires ouvertes. En cas de malaise, consulter un m\u00e9decin. Ingestion : Nettoyer la bouche, faire vomir, consulter un m\u00e9decin.<\/p>\n<h2>Pr\u00e9cautions<\/h2>\n<p>Apr\u00e8s le polissage de la couche de base, il convient de v\u00e9rifier s'il y a des fissures sur le sol. Si c'est le cas, il faut d'abord les \u00e9liminer avant de passer \u00e0 l'\u00e9tape suivante. La surface du ciment doit \u00eatre plane et la diff\u00e9rence de hauteur entre deux m\u00e8tres doit \u00eatre inf\u00e9rieure \u00e0 4 mm.<\/p>\n<h2><strong>Premiers secours<\/strong><\/h2>\n<p><strong>Contact avec la peau :<\/strong> Se laver \u00e0 grande eau et enlever les v\u00eatements et les chaussures contamin\u00e9s.<\/p>\n<p><strong>Contact avec les yeux :<\/strong> Rincer \u00e0 l'eau courante ou au s\u00e9rum physiologique et consulter un m\u00e9decin si n\u00e9cessaire.<\/p>\n<p><strong>Inhalation :<\/strong> Aller \u00e0 l'air frais et garder les voies respiratoires ouvertes. Si vous vous sentez mal, consultez un m\u00e9decin.<\/p>\n<p><strong>Ingestion :<\/strong> Nettoyer la bouche, faire vomir, consulter un m\u00e9decin.<\/p>","protected":false},"excerpt":{"rendered":"<p>Le ciment color\u00e9 autonivelant E2325 est le choix id\u00e9al pour les applications de b\u00e9ton autonivelant de haute performance. Qu'il s'agisse d'une nouvelle installation ou d'un projet de r\u00e9novation, cette solution durable et rentable garantit une surface lisse et uniforme. Disponible en plusieurs couleurs, il est parfait pour les projets de nivellement de sols en b\u00e9ton r\u00e9sidentiels, commerciaux et industriels.<\/p>","protected":false},"featured_media":897,"template":"","meta":{"om_disable_all_campaigns":false,"_monsterinsights_skip_tracking":false,"_monsterinsights_sitenote_active":false,"_monsterinsights_sitenote_note":"","_monsterinsights_sitenote_category":0,"_uf_show_specific_survey":0,"_uf_disable_surveys":false},"product_brand":[],"product_cat":[110],"product_tag":[146],"class_list":{"0":"post-895","1":"product","2":"type-product","3":"status-publish","4":"has-post-thumbnail","6":"product_cat-self-leveling-cement","7":"product_tag-self-leveling-cement","9":"first","10":"instock","11":"shipping-taxable","12":"product-type-simple"},"yoast_head":"<!-- This site is optimized with the Yoast SEO Premium plugin v26.2 (Yoast SEO v26.5) - https:\/\/yoast.com\/wordpress\/plugins\/seo\/ -->\n<title>E2325 Self-Leveling Colored Cement \u2013 Best Self Leveling Concrete - KAIDA PAINT\u00ae<\/title>\n<meta name=\"description\" content=\"E2325 Self-Leveling Colored Cement is ideal for self leveling concrete projects. Perfect for concrete floor leveling applications in industrial, residential, and commercial areas, providing a smooth, durable, and high-quality finish.\" \/>\n<meta name=\"robots\" content=\"index, follow, max-snippet:-1, max-image-preview:large, max-video-preview:-1\" \/>\n<link rel=\"canonical\" href=\"https:\/\/www.jinyupaint.com\/fr\/produit\/e2325-self-leveling-colored-cement\/\" \/>\n<meta property=\"og:locale\" content=\"fr_FR\" \/>\n<meta property=\"og:type\" content=\"article\" \/>\n<meta property=\"og:title\" content=\"E2325 Self-leveling Colored Cement\" \/>\n<meta property=\"og:description\" content=\"E2325 Self-Leveling Colored Cement is ideal for self leveling concrete projects. Perfect for concrete floor leveling applications in industrial, residential, and commercial areas, providing a smooth, durable, and high-quality finish.\" \/>\n<meta property=\"og:url\" content=\"https:\/\/www.jinyupaint.com\/fr\/produit\/e2325-self-leveling-colored-cement\/\" \/>\n<meta property=\"og:site_name\" content=\"KAIDA PAINT\u00ae\" \/>\n<meta property=\"article:modified_time\" content=\"2025-02-18T09:22:43+00:00\" \/>\n<meta property=\"og:image\" content=\"https:\/\/www.jinyupaint.com\/wp-content\/uploads\/2023\/09\/cement-self-leveling-1.jpg\" \/>\n\t<meta property=\"og:image:width\" content=\"750\" \/>\n\t<meta property=\"og:image:height\" content=\"750\" \/>\n\t<meta property=\"og:image:type\" content=\"image\/jpeg\" \/>\n<meta name=\"twitter:card\" content=\"summary_large_image\" \/>\n<meta name=\"twitter:label1\" content=\"Dur\u00e9e de lecture estim\u00e9e\" \/>\n\t<meta name=\"twitter:data1\" content=\"3 minutes\" \/>\n<script type=\"application\/ld+json\" class=\"yoast-schema-graph\">{\"@context\":\"https:\/\/schema.org\",\"@graph\":[{\"@type\":\"WebPage\",\"@id\":\"https:\/\/www.jinyupaint.com\/product\/e2325-self-leveling-colored-cement\",\"url\":\"https:\/\/www.jinyupaint.com\/product\/e2325-self-leveling-colored-cement\",\"name\":\"E2325 Self-Leveling Colored Cement \u2013 Best Self Leveling Concrete - KAIDA PAINT\u00ae\",\"isPartOf\":{\"@id\":\"https:\/\/www.jinyupaint.com\/#website\"},\"primaryImageOfPage\":{\"@id\":\"https:\/\/www.jinyupaint.com\/product\/e2325-self-leveling-colored-cement#primaryimage\"},\"image\":{\"@id\":\"https:\/\/www.jinyupaint.com\/product\/e2325-self-leveling-colored-cement#primaryimage\"},\"thumbnailUrl\":\"https:\/\/www.jinyupaint.com\/wp-content\/uploads\/2023\/09\/cement-self-leveling-1.jpg\",\"datePublished\":\"2023-09-27T06:40:47+00:00\",\"dateModified\":\"2025-02-18T09:22:43+00:00\",\"description\":\"E2325 Self-Leveling Colored Cement is ideal for self leveling concrete projects. Perfect for concrete floor leveling applications in industrial, residential, and commercial areas, providing a smooth, durable, and high-quality finish.\",\"breadcrumb\":{\"@id\":\"https:\/\/www.jinyupaint.com\/product\/e2325-self-leveling-colored-cement#breadcrumb\"},\"inLanguage\":\"fr-FR\",\"potentialAction\":[{\"@type\":\"ReadAction\",\"target\":[\"https:\/\/www.jinyupaint.com\/product\/e2325-self-leveling-colored-cement\"]}]},{\"@type\":\"ImageObject\",\"inLanguage\":\"fr-FR\",\"@id\":\"https:\/\/www.jinyupaint.com\/product\/e2325-self-leveling-colored-cement#primaryimage\",\"url\":\"https:\/\/www.jinyupaint.com\/wp-content\/uploads\/2023\/09\/cement-self-leveling-1.jpg\",\"contentUrl\":\"https:\/\/www.jinyupaint.com\/wp-content\/uploads\/2023\/09\/cement-self-leveling-1.jpg\",\"width\":750,\"height\":750},{\"@type\":\"BreadcrumbList\",\"@id\":\"https:\/\/www.jinyupaint.com\/product\/e2325-self-leveling-colored-cement#breadcrumb\",\"itemListElement\":[{\"@type\":\"ListItem\",\"position\":1,\"name\":\"Home\",\"item\":\"https:\/\/www.jinyupaint.com\/\"},{\"@type\":\"ListItem\",\"position\":2,\"name\":\"Shop\",\"item\":\"https:\/\/www.jinyupaint.com\/shop.html\"},{\"@type\":\"ListItem\",\"position\":3,\"name\":\"E2325 Self-leveling Colored Cement\"}]},{\"@type\":\"WebSite\",\"@id\":\"https:\/\/www.jinyupaint.com\/#website\",\"url\":\"https:\/\/www.jinyupaint.com\/\",\"name\":\"JINYU\u00ae PAINT\",\"description\":\"JINYU PAINT\u00ae Manufacturer\",\"potentialAction\":[{\"@type\":\"SearchAction\",\"target\":{\"@type\":\"EntryPoint\",\"urlTemplate\":\"https:\/\/www.jinyupaint.com\/?s={search_term_string}\"},\"query-input\":{\"@type\":\"PropertyValueSpecification\",\"valueRequired\":true,\"valueName\":\"search_term_string\"}}],\"inLanguage\":\"fr-FR\"}]}<\/script>\n<!-- \/ Yoast SEO Premium plugin. -->","yoast_head_json":{"title":"E2325 Ciment color\u00e9 autonivelant - Meilleur b\u00e9ton autonivelant - KAIDA PAINT\u00ae.","description":"Le ciment color\u00e9 autonivelant E2325 est id\u00e9al pour les projets de b\u00e9ton autonivelant. Il est parfait pour les applications de nivellement des sols en b\u00e9ton dans les zones industrielles, r\u00e9sidentielles et commerciales, offrant une finition lisse, durable et de haute qualit\u00e9.","robots":{"index":"index","follow":"follow","max-snippet":"max-snippet:-1","max-image-preview":"max-image-preview:large","max-video-preview":"max-video-preview:-1"},"canonical":"https:\/\/www.jinyupaint.com\/fr\/produit\/e2325-self-leveling-colored-cement\/","og_locale":"fr_FR","og_type":"article","og_title":"E2325 Self-leveling Colored Cement","og_description":"E2325 Self-Leveling Colored Cement is ideal for self leveling concrete projects. Perfect for concrete floor leveling applications in industrial, residential, and commercial areas, providing a smooth, durable, and high-quality finish.","og_url":"https:\/\/www.jinyupaint.com\/fr\/produit\/e2325-self-leveling-colored-cement\/","og_site_name":"KAIDA PAINT\u00ae","article_modified_time":"2025-02-18T09:22:43+00:00","og_image":[{"width":750,"height":750,"url":"https:\/\/www.jinyupaint.com\/wp-content\/uploads\/2023\/09\/cement-self-leveling-1.jpg","type":"image\/jpeg"}],"twitter_card":"summary_large_image","twitter_misc":{"Dur\u00e9e de lecture estim\u00e9e":"3 minutes"},"schema":{"@context":"https:\/\/schema.org","@graph":[{"@type":"WebPage","@id":"https:\/\/www.jinyupaint.com\/product\/e2325-self-leveling-colored-cement","url":"https:\/\/www.jinyupaint.com\/product\/e2325-self-leveling-colored-cement","name":"E2325 Ciment color\u00e9 autonivelant - Meilleur b\u00e9ton autonivelant - KAIDA PAINT\u00ae.","isPartOf":{"@id":"https:\/\/www.jinyupaint.com\/#website"},"primaryImageOfPage":{"@id":"https:\/\/www.jinyupaint.com\/product\/e2325-self-leveling-colored-cement#primaryimage"},"image":{"@id":"https:\/\/www.jinyupaint.com\/product\/e2325-self-leveling-colored-cement#primaryimage"},"thumbnailUrl":"https:\/\/www.jinyupaint.com\/wp-content\/uploads\/2023\/09\/cement-self-leveling-1.jpg","datePublished":"2023-09-27T06:40:47+00:00","dateModified":"2025-02-18T09:22:43+00:00","description":"Le ciment color\u00e9 autonivelant E2325 est id\u00e9al pour les projets de b\u00e9ton autonivelant. Il est parfait pour les applications de nivellement des sols en b\u00e9ton dans les zones industrielles, r\u00e9sidentielles et commerciales, offrant une finition lisse, durable et de haute qualit\u00e9.","breadcrumb":{"@id":"https:\/\/www.jinyupaint.com\/product\/e2325-self-leveling-colored-cement#breadcrumb"},"inLanguage":"fr-FR","potentialAction":[{"@type":"ReadAction","target":["https:\/\/www.jinyupaint.com\/product\/e2325-self-leveling-colored-cement"]}]},{"@type":"ImageObject","inLanguage":"fr-FR","@id":"https:\/\/www.jinyupaint.com\/product\/e2325-self-leveling-colored-cement#primaryimage","url":"https:\/\/www.jinyupaint.com\/wp-content\/uploads\/2023\/09\/cement-self-leveling-1.jpg","contentUrl":"https:\/\/www.jinyupaint.com\/wp-content\/uploads\/2023\/09\/cement-self-leveling-1.jpg","width":750,"height":750},{"@type":"BreadcrumbList","@id":"https:\/\/www.jinyupaint.com\/product\/e2325-self-leveling-colored-cement#breadcrumb","itemListElement":[{"@type":"ListItem","position":1,"name":"Home","item":"https:\/\/www.jinyupaint.com\/"},{"@type":"ListItem","position":2,"name":"Shop","item":"https:\/\/www.jinyupaint.com\/shop.html"},{"@type":"ListItem","position":3,"name":"E2325 Self-leveling Colored Cement"}]},{"@type":"WebSite","@id":"https:\/\/www.jinyupaint.com\/#website","url":"https:\/\/www.jinyupaint.com\/","name":"JINYU\u00ae PAINT","description":"JINYU PAINT\u00ae Fabricant","potentialAction":[{"@type":"SearchAction","target":{"@type":"EntryPoint","urlTemplate":"https:\/\/www.jinyupaint.com\/?s={search_term_string}"},"query-input":{"@type":"PropertyValueSpecification","valueRequired":true,"valueName":"search_term_string"}}],"inLanguage":"fr-FR"}]}},"_links":{"self":[{"href":"https:\/\/www.jinyupaint.com\/fr\/wp-json\/wp\/v2\/product\/895","targetHints":{"allow":["GET"]}}],"collection":[{"href":"https:\/\/www.jinyupaint.com\/fr\/wp-json\/wp\/v2\/product"}],"about":[{"href":"https:\/\/www.jinyupaint.com\/fr\/wp-json\/wp\/v2\/types\/product"}],"wp:featuredmedia":[{"embeddable":true,"href":"https:\/\/www.jinyupaint.com\/fr\/wp-json\/wp\/v2\/media\/897"}],"wp:attachment":[{"href":"https:\/\/www.jinyupaint.com\/fr\/wp-json\/wp\/v2\/media?parent=895"}],"wp:term":[{"taxonomy":"product_brand","embeddable":true,"href":"https:\/\/www.jinyupaint.com\/fr\/wp-json\/wp\/v2\/product_brand?post=895"},{"taxonomy":"product_cat","embeddable":true,"href":"https:\/\/www.jinyupaint.com\/fr\/wp-json\/wp\/v2\/product_cat?post=895"},{"taxonomy":"product_tag","embeddable":true,"href":"https:\/\/www.jinyupaint.com\/fr\/wp-json\/wp\/v2\/product_tag?post=895"}],"curies":[{"name":"wp","href":"https:\/\/api.w.org\/{rel}","templated":true}]}}