{"id":894,"date":"2023-09-27T06:33:33","date_gmt":"2023-09-27T06:33:33","guid":{"rendered":"http:\/\/www.jinyupaint.com\/?post_type=product&#038;p=894"},"modified":"2025-02-18T09:22:25","modified_gmt":"2025-02-18T09:22:25","slug":"e2315-self-leveling-cement","status":"publish","type":"product","link":"https:\/\/www.jinyupaint.com\/fr\/produit\/e2315-self-leveling-cement","title":{"rendered":"E2315 Ciment autolissant"},"content":{"rendered":"<h2 data-start=\"1031\" data-end=\"1058\"><strong data-start=\"1031\" data-end=\"1056\">Introduction d\u00e9taill\u00e9e<\/strong><\/h2>\n<ul data-start=\"1060\" data-end=\"1593\">\n<li data-start=\"1060\" data-end=\"1092\">Le mortier de ciment autonivelant E2315 est un m\u00e9lange de ciment sp\u00e9cial, d'agr\u00e9gats soigneusement s\u00e9lectionn\u00e9s et de divers additifs. M\u00e9lang\u00e9 \u00e0 de l'eau, il forme un mat\u00e9riau de base pour b\u00e9ton autonivelant tr\u00e8s fluide et tr\u00e8s r\u00e9sistant, parfait pour les projets de nivellement des sols en b\u00e9ton. Ce mat\u00e9riau ne peut pas \u00eatre teint\u00e9, ce qui le rend id\u00e9al pour diverses applications de rev\u00eatement de sol.<\/li>\n<\/ul>\n<h2 data-start=\"452\" data-end=\"470\"><strong data-start=\"452\" data-end=\"468\">Caract\u00e9ristiques principales<\/strong><\/h2>\n<ul data-start=\"472\" data-end=\"1024\">\n<li data-start=\"518\" data-end=\"921\">\n<p data-start=\"520\" data-end=\"921\">\u25cf Construction simple, pratique et rapide, parfaite pour les projets de b\u00e9ton autonivelant.<br data-start=\"629\" data-end=\"632\" \/>\u25cf R\u00e9sistant \u00e0 l'usure, durable, \u00e9conomique et respectueux de l'environnement, id\u00e9al pour les applications de ciment de nivellement des sols.<br data-start=\"752\" data-end=\"755\" \/>\u25cf Excellente fluidit\u00e9 pour des surfaces de ciment autonivelantes lisses et uniformes.<br data-start=\"832\" data-end=\"835\" \/>\u25cf P\u00e9riode de construction courte, r\u00e9duisant les d\u00e9lais du projet de nivellement des sols en b\u00e9ton.<\/p>\n<\/li>\n<\/ul>\n<h2 data-start=\"1600\" data-end=\"1623\"><strong data-start=\"1600\" data-end=\"1621\">Champ d'application<\/strong><\/h2>\n<ul data-start=\"1625\" data-end=\"2019\">\n<li data-start=\"1657\" data-end=\"1901\">\n<p data-start=\"1659\" data-end=\"1901\">Id\u00e9al pour un nivellement pr\u00e9cis des sols en b\u00e9ton, les entrepreneurs en b\u00e9ton autonivelant utilisent ce produit pour cr\u00e9er des surfaces lisses et durables pour les nouveaux sols ou les r\u00e9novations dans les usines industrielles, les parkings et les zones r\u00e9sidentielles.<\/p>\n<\/li>\n<\/ul>\n<h2 data-start=\"2026\" data-end=\"2046\"><strong data-start=\"2026\" data-end=\"2044\">Donn\u00e9es techniques<\/strong><\/h2>\n<ul data-start=\"2048\" data-end=\"2377\">\n<li style=\"list-style-type: none;\">\n<ul data-start=\"2353\" data-end=\"2377\">\n<li data-start=\"2100\" data-end=\"2142\"><strong data-start=\"2102\" data-end=\"2130\">R\u00e9sistance \u00e0 la compression sur 24h<\/strong>: \u22656.0 Mpa<\/li>\n<li data-start=\"2145\" data-end=\"2184\"><strong data-start=\"2147\" data-end=\"2172\">R\u00e9sistance \u00e0 la flexion en 24 heures<\/strong>: \u22652.0 Mpa<\/li>\n<li data-start=\"2187\" data-end=\"2225\"><strong data-start=\"2189\" data-end=\"2217\">R\u00e9sistance \u00e0 la compression 28d<\/strong>: \u2265C30<\/li>\n<li data-start=\"2228\" data-end=\"2262\"><strong data-start=\"2230\" data-end=\"2255\">R\u00e9sistance \u00e0 la flexion 28d<\/strong>: \u2265F7<\/li>\n<li data-start=\"2265\" data-end=\"2290\"><strong data-start=\"2267\" data-end=\"2279\">Fluidit\u00e9<\/strong>: \u2265130 mm<\/li>\n<li data-start=\"2293\" data-end=\"2332\"><strong data-start=\"2295\" data-end=\"2321\">Performances de combustion<\/strong>: Classe A<\/li>\n<\/ul>\n<\/li>\n<\/ul>\n<h2>Informations sur le produit<\/h2>\n<p>Le mat\u00e9riau est une poudre s\u00e8che m\u00e9lang\u00e9e<\/p>\n<p><strong>Emballage :<\/strong> Emballage en sac en papier r\u00e9sistant \u00e0 l'humidit\u00e9. Il est recommand\u00e9 d'empiler 6 \u00e0 8 couches.<\/p>\n<p><strong>Sp\u00e9cifications de l'emballage :<\/strong> 25kg\/sac<\/p>\n<p><strong>Stockage :<\/strong> La temp\u00e9rature de stockage est de 5-35\u2103. Il doit \u00eatre stock\u00e9 dans un entrep\u00f4t frais, ventil\u00e9 et sec, \u00e0 l'\u00e9cart des environnements humides et des sources de chaleur.<\/p>\n<h2>Message du syst\u00e8me :<\/h2>\n<ul>\n<li>Le ciment autonivelant permet de niveler efficacement les sols et d'obtenir une finition lisse. Ce produit garantit que la couche de base est correctement pr\u00e9par\u00e9e pour les applications de b\u00e9ton autonivelant.<\/li>\n<\/ul>\n<p>Syst\u00e8me autonivelant en ciment de 6 mm :<\/p>\n<p><strong>Couche inf\u00e9rieure :<\/strong> 1 \u00e0 2 couches d'agent d'interface autonivelant \u00e0 base de ciment peuvent \u00eatre utilis\u00e9es.<\/p>\n<p><strong>Couche superficielle :<\/strong> 1 couche de ciment autonivelant<\/p>\n<p><strong>Agent protecteur :<\/strong> Utiliser 2 \u00e0 3 couches de ciment comme agent protecteur spontan\u00e9 de l'avortement.<\/p>\n<p>Le rev\u00eatement polyur\u00e9thane N430 peut \u00e9galement \u00eatre utilis\u00e9 pour une couche de grattage.<\/p>\n<h2>Dosage recommand\u00e9 par le syst\u00e8me<\/h2>\n<p><strong>Syst\u00e8me de plancher :<\/strong> Syst\u00e8me autonivelant en ciment de 5 \u00e0 6 mm<\/p>\n<p>Nom du mat\u00e9riau Dosage Remarques<\/p>\n<p>Agent d'interface 0,2-0,25kg\/\u33a1 selon les conditions du sol<\/p>\n<p>Ciment autonivelant 8.5-10kg\/\u33a1<\/p>\n<p>Agent protecteur autolissant pour ciment 0.15kg\/\u33a1<\/p>\n<p>N430 couche de finition polyur\u00e9thane 0.08-0.1kg\/\u33a1<\/p>\n<h2>Exigences de la base<\/h2>\n<p>La qualit\u00e9 du sol en b\u00e9ton doit \u00eatre sup\u00e9rieure \u00e0 C25, la r\u00e9sistance \u00e0 la traction doit \u00eatre \u22651,5Mpa et la plan\u00e9it\u00e9 doit \u00eatre de \u00b14mm\/2m sur la base d'une r\u00e8gle. La surface de base doit \u00eatre s\u00e8che, propre et exempte d'huile et d'autres polluants.<\/p>\n<h2>Traitement de base<\/h2>\n<p>Utilisez une sableuse ou une ponceuse pour sabler et polir l'ensemble du terrain \u00e0 construire afin d'\u00e9liminer les poussi\u00e8res flottantes sur la surface de base.<\/p>\n<h2>Conditions de construction<\/h2>\n<p><strong>Temp\u00e9rature de base du sol :<\/strong> 8-35\u2103<\/p>\n<p><strong>Temp\u00e9rature de l'environnement de construction :<\/strong> 8-35\u2103<\/p>\n<p><strong>Teneur en eau de la base du sol :<\/strong> &lt;8%<\/p>\n<p><strong>Humidit\u00e9 relative de l'environnement de construction :<\/strong> &lt;80%<\/p>\n<h2>M\u00e9thodes et outils de construction<\/h2>\n<p>La construction du ciment autonivelant est g\u00e9n\u00e9ralement r\u00e9alis\u00e9e par grattage. Outils utilis\u00e9s : grattoir dent\u00e9. Agent protecteur : serpilli\u00e8re de cire g\u00e9n\u00e9rale.<\/p>\n<h2>Temps disponible<\/h2>\n<p>Temp\u00e9rature ambiante Temps de marche Temps de conduite<\/p>\n<p>10-15\u2103 2 jours 7 jours<\/p>\n<p>15-20\u2103 2 jours 7 jours<\/p>\n<p>20-30\u2103 1 jour 7 jours<\/p>\n<h2>Sauvegarde<\/h2>\n<p><strong>Contact avec la peau :<\/strong> Laver abondamment \u00e0 l'eau et enlever les v\u00eatements et les chaussures contamin\u00e9s. Contact avec les yeux : Rincer \u00e0 l'eau courante ou au s\u00e9rum physiologique et consulter un m\u00e9decin si n\u00e9cessaire. Inhalation : Se d\u00e9placer \u00e0 l'air frais et garder les voies respiratoires ouvertes. En cas de malaise, consulter un m\u00e9decin. Ingestion : Nettoyer la bouche, faire vomir, consulter un m\u00e9decin.<\/p>\n<h2>Pr\u00e9cautions<\/h2>\n<p>Apr\u00e8s le polissage de la couche de base, il convient de v\u00e9rifier s'il y a des fissures sur le sol. Si c'est le cas, il faut d'abord les \u00e9liminer avant de passer \u00e0 l'\u00e9tape suivante. La surface du ciment doit \u00eatre plane et la diff\u00e9rence de hauteur entre deux m\u00e8tres doit \u00eatre inf\u00e9rieure \u00e0 4 mm.<\/p>\n<h2>Premiers secours<\/h2>\n<p><strong>Contact avec la peau :<\/strong> Se laver \u00e0 grande eau et enlever les v\u00eatements et les chaussures contamin\u00e9s.<\/p>\n<p><strong>Contact avec les yeux :<\/strong> Rincer \u00e0 l'eau courante ou au s\u00e9rum physiologique et consulter un m\u00e9decin si n\u00e9cessaire.<\/p>\n<p><strong>Inhalation :<\/strong> Aller \u00e0 l'air frais et garder les voies respiratoires ouvertes. Si vous vous sentez mal, consultez un m\u00e9decin.<\/p>\n<p><strong>Ingestion :<\/strong> Nettoyer la bouche, faire vomir, consulter un m\u00e9decin.<\/p>","protected":false},"excerpt":{"rendered":"<p>Le ciment autonivelant E2315 est une solution haute performance pour les projets de b\u00e9ton autonivelant. Qu'il s'agisse de nouvelles installations ou de r\u00e9novations, il assure une finition lisse et uniforme pour les rev\u00eatements de sol industriels, r\u00e9sidentiels et commerciaux. Son application rapide, son excellente durabilit\u00e9 et sa performance \u00e9conomique en font un choix de premier ordre pour les entrepreneurs en nivellement de planchers de b\u00e9ton.<\/p>","protected":false},"featured_media":898,"template":"","meta":{"om_disable_all_campaigns":false,"_monsterinsights_skip_tracking":false,"_monsterinsights_sitenote_active":false,"_monsterinsights_sitenote_note":"","_monsterinsights_sitenote_category":0,"_uf_show_specific_survey":0,"_uf_disable_surveys":false},"product_brand":[],"product_cat":[110],"product_tag":[146],"class_list":{"0":"post-894","1":"product","2":"type-product","3":"status-publish","4":"has-post-thumbnail","6":"product_cat-self-leveling-cement","7":"product_tag-self-leveling-cement","9":"first","10":"instock","11":"shipping-taxable","12":"product-type-simple"},"yoast_head":"<!-- This site is optimized with the Yoast SEO Premium plugin v26.2 (Yoast SEO v26.5) - https:\/\/yoast.com\/wordpress\/plugins\/seo\/ -->\n<title>E2315 Self Leveling Cement \u2013 Best Self-Leveling Concrete - KAIDA PAINT\u00ae<\/title>\n<meta name=\"description\" content=\"Discover E2315 Self-Leveling Cement, the perfect solution for self leveling concrete applications. Ideal for concrete floor leveling projects in residential, industrial, and commercial spaces. Achieve smooth, durable surfaces with ease and efficiency.\" \/>\n<meta name=\"robots\" content=\"index, follow, max-snippet:-1, max-image-preview:large, max-video-preview:-1\" \/>\n<link rel=\"canonical\" href=\"https:\/\/www.jinyupaint.com\/fr\/produit\/e2315-self-leveling-cement\/\" \/>\n<meta property=\"og:locale\" content=\"fr_FR\" \/>\n<meta property=\"og:type\" content=\"article\" \/>\n<meta property=\"og:title\" content=\"E2315 Self-leveling Cement\" \/>\n<meta property=\"og:description\" content=\"Discover E2315 Self-Leveling Cement, the perfect solution for self leveling concrete applications. Ideal for concrete floor leveling projects in residential, industrial, and commercial spaces. Achieve smooth, durable surfaces with ease and efficiency.\" \/>\n<meta property=\"og:url\" content=\"https:\/\/www.jinyupaint.com\/fr\/produit\/e2315-self-leveling-cement\/\" \/>\n<meta property=\"og:site_name\" content=\"KAIDA PAINT\u00ae\" \/>\n<meta property=\"article:modified_time\" content=\"2025-02-18T09:22:25+00:00\" \/>\n<meta property=\"og:image\" content=\"https:\/\/www.jinyupaint.com\/wp-content\/uploads\/2023\/09\/cement-self-leveling-2.jpg\" \/>\n\t<meta property=\"og:image:width\" content=\"750\" \/>\n\t<meta property=\"og:image:height\" content=\"750\" \/>\n\t<meta property=\"og:image:type\" content=\"image\/jpeg\" \/>\n<meta name=\"twitter:card\" content=\"summary_large_image\" \/>\n<meta name=\"twitter:label1\" content=\"Dur\u00e9e de lecture estim\u00e9e\" \/>\n\t<meta name=\"twitter:data1\" content=\"3 minutes\" \/>\n<script type=\"application\/ld+json\" class=\"yoast-schema-graph\">{\"@context\":\"https:\/\/schema.org\",\"@graph\":[{\"@type\":\"WebPage\",\"@id\":\"https:\/\/www.jinyupaint.com\/product\/e2315-self-leveling-cement\",\"url\":\"https:\/\/www.jinyupaint.com\/product\/e2315-self-leveling-cement\",\"name\":\"E2315 Self Leveling Cement \u2013 Best Self-Leveling Concrete - KAIDA PAINT\u00ae\",\"isPartOf\":{\"@id\":\"https:\/\/www.jinyupaint.com\/#website\"},\"primaryImageOfPage\":{\"@id\":\"https:\/\/www.jinyupaint.com\/product\/e2315-self-leveling-cement#primaryimage\"},\"image\":{\"@id\":\"https:\/\/www.jinyupaint.com\/product\/e2315-self-leveling-cement#primaryimage\"},\"thumbnailUrl\":\"https:\/\/www.jinyupaint.com\/wp-content\/uploads\/2023\/09\/cement-self-leveling-2.jpg\",\"datePublished\":\"2023-09-27T06:33:33+00:00\",\"dateModified\":\"2025-02-18T09:22:25+00:00\",\"description\":\"Discover E2315 Self-Leveling Cement, the perfect solution for self leveling concrete applications. Ideal for concrete floor leveling projects in residential, industrial, and commercial spaces. Achieve smooth, durable surfaces with ease and efficiency.\",\"breadcrumb\":{\"@id\":\"https:\/\/www.jinyupaint.com\/product\/e2315-self-leveling-cement#breadcrumb\"},\"inLanguage\":\"fr-FR\",\"potentialAction\":[{\"@type\":\"ReadAction\",\"target\":[\"https:\/\/www.jinyupaint.com\/product\/e2315-self-leveling-cement\"]}]},{\"@type\":\"ImageObject\",\"inLanguage\":\"fr-FR\",\"@id\":\"https:\/\/www.jinyupaint.com\/product\/e2315-self-leveling-cement#primaryimage\",\"url\":\"https:\/\/www.jinyupaint.com\/wp-content\/uploads\/2023\/09\/cement-self-leveling-2.jpg\",\"contentUrl\":\"https:\/\/www.jinyupaint.com\/wp-content\/uploads\/2023\/09\/cement-self-leveling-2.jpg\",\"width\":750,\"height\":750},{\"@type\":\"BreadcrumbList\",\"@id\":\"https:\/\/www.jinyupaint.com\/product\/e2315-self-leveling-cement#breadcrumb\",\"itemListElement\":[{\"@type\":\"ListItem\",\"position\":1,\"name\":\"Home\",\"item\":\"https:\/\/www.jinyupaint.com\/\"},{\"@type\":\"ListItem\",\"position\":2,\"name\":\"Shop\",\"item\":\"https:\/\/www.jinyupaint.com\/shop.html\"},{\"@type\":\"ListItem\",\"position\":3,\"name\":\"E2315 Self-leveling Cement\"}]},{\"@type\":\"WebSite\",\"@id\":\"https:\/\/www.jinyupaint.com\/#website\",\"url\":\"https:\/\/www.jinyupaint.com\/\",\"name\":\"JINYU\u00ae PAINT\",\"description\":\"JINYU PAINT\u00ae Manufacturer\",\"potentialAction\":[{\"@type\":\"SearchAction\",\"target\":{\"@type\":\"EntryPoint\",\"urlTemplate\":\"https:\/\/www.jinyupaint.com\/?s={search_term_string}\"},\"query-input\":{\"@type\":\"PropertyValueSpecification\",\"valueRequired\":true,\"valueName\":\"search_term_string\"}}],\"inLanguage\":\"fr-FR\"}]}<\/script>\n<!-- \/ Yoast SEO Premium plugin. -->","yoast_head_json":{"title":"E2315 Ciment autonivelant - Meilleur b\u00e9ton autonivelant - KAIDA PAINT\u00ae.","description":"D\u00e9couvrez le ciment autonivelant E2315, la solution parfaite pour les applications de b\u00e9ton autonivelant. Id\u00e9al pour les projets de nivellement des sols en b\u00e9ton dans les espaces r\u00e9sidentiels, industriels et commerciaux. Obtenez des surfaces lisses et durables avec facilit\u00e9 et efficacit\u00e9.","robots":{"index":"index","follow":"follow","max-snippet":"max-snippet:-1","max-image-preview":"max-image-preview:large","max-video-preview":"max-video-preview:-1"},"canonical":"https:\/\/www.jinyupaint.com\/fr\/produit\/e2315-self-leveling-cement\/","og_locale":"fr_FR","og_type":"article","og_title":"E2315 Self-leveling Cement","og_description":"Discover E2315 Self-Leveling Cement, the perfect solution for self leveling concrete applications. Ideal for concrete floor leveling projects in residential, industrial, and commercial spaces. Achieve smooth, durable surfaces with ease and efficiency.","og_url":"https:\/\/www.jinyupaint.com\/fr\/produit\/e2315-self-leveling-cement\/","og_site_name":"KAIDA PAINT\u00ae","article_modified_time":"2025-02-18T09:22:25+00:00","og_image":[{"width":750,"height":750,"url":"https:\/\/www.jinyupaint.com\/wp-content\/uploads\/2023\/09\/cement-self-leveling-2.jpg","type":"image\/jpeg"}],"twitter_card":"summary_large_image","twitter_misc":{"Dur\u00e9e de lecture estim\u00e9e":"3 minutes"},"schema":{"@context":"https:\/\/schema.org","@graph":[{"@type":"WebPage","@id":"https:\/\/www.jinyupaint.com\/product\/e2315-self-leveling-cement","url":"https:\/\/www.jinyupaint.com\/product\/e2315-self-leveling-cement","name":"E2315 Ciment autonivelant - Meilleur b\u00e9ton autonivelant - KAIDA PAINT\u00ae.","isPartOf":{"@id":"https:\/\/www.jinyupaint.com\/#website"},"primaryImageOfPage":{"@id":"https:\/\/www.jinyupaint.com\/product\/e2315-self-leveling-cement#primaryimage"},"image":{"@id":"https:\/\/www.jinyupaint.com\/product\/e2315-self-leveling-cement#primaryimage"},"thumbnailUrl":"https:\/\/www.jinyupaint.com\/wp-content\/uploads\/2023\/09\/cement-self-leveling-2.jpg","datePublished":"2023-09-27T06:33:33+00:00","dateModified":"2025-02-18T09:22:25+00:00","description":"D\u00e9couvrez le ciment autonivelant E2315, la solution parfaite pour les applications de b\u00e9ton autonivelant. Id\u00e9al pour les projets de nivellement des sols en b\u00e9ton dans les espaces r\u00e9sidentiels, industriels et commerciaux. Obtenez des surfaces lisses et durables avec facilit\u00e9 et efficacit\u00e9.","breadcrumb":{"@id":"https:\/\/www.jinyupaint.com\/product\/e2315-self-leveling-cement#breadcrumb"},"inLanguage":"fr-FR","potentialAction":[{"@type":"ReadAction","target":["https:\/\/www.jinyupaint.com\/product\/e2315-self-leveling-cement"]}]},{"@type":"ImageObject","inLanguage":"fr-FR","@id":"https:\/\/www.jinyupaint.com\/product\/e2315-self-leveling-cement#primaryimage","url":"https:\/\/www.jinyupaint.com\/wp-content\/uploads\/2023\/09\/cement-self-leveling-2.jpg","contentUrl":"https:\/\/www.jinyupaint.com\/wp-content\/uploads\/2023\/09\/cement-self-leveling-2.jpg","width":750,"height":750},{"@type":"BreadcrumbList","@id":"https:\/\/www.jinyupaint.com\/product\/e2315-self-leveling-cement#breadcrumb","itemListElement":[{"@type":"ListItem","position":1,"name":"Home","item":"https:\/\/www.jinyupaint.com\/"},{"@type":"ListItem","position":2,"name":"Shop","item":"https:\/\/www.jinyupaint.com\/shop.html"},{"@type":"ListItem","position":3,"name":"E2315 Self-leveling Cement"}]},{"@type":"WebSite","@id":"https:\/\/www.jinyupaint.com\/#website","url":"https:\/\/www.jinyupaint.com\/","name":"JINYU\u00ae PAINT","description":"JINYU PAINT\u00ae Fabricant","potentialAction":[{"@type":"SearchAction","target":{"@type":"EntryPoint","urlTemplate":"https:\/\/www.jinyupaint.com\/?s={search_term_string}"},"query-input":{"@type":"PropertyValueSpecification","valueRequired":true,"valueName":"search_term_string"}}],"inLanguage":"fr-FR"}]}},"_links":{"self":[{"href":"https:\/\/www.jinyupaint.com\/fr\/wp-json\/wp\/v2\/product\/894","targetHints":{"allow":["GET"]}}],"collection":[{"href":"https:\/\/www.jinyupaint.com\/fr\/wp-json\/wp\/v2\/product"}],"about":[{"href":"https:\/\/www.jinyupaint.com\/fr\/wp-json\/wp\/v2\/types\/product"}],"wp:featuredmedia":[{"embeddable":true,"href":"https:\/\/www.jinyupaint.com\/fr\/wp-json\/wp\/v2\/media\/898"}],"wp:attachment":[{"href":"https:\/\/www.jinyupaint.com\/fr\/wp-json\/wp\/v2\/media?parent=894"}],"wp:term":[{"taxonomy":"product_brand","embeddable":true,"href":"https:\/\/www.jinyupaint.com\/fr\/wp-json\/wp\/v2\/product_brand?post=894"},{"taxonomy":"product_cat","embeddable":true,"href":"https:\/\/www.jinyupaint.com\/fr\/wp-json\/wp\/v2\/product_cat?post=894"},{"taxonomy":"product_tag","embeddable":true,"href":"https:\/\/www.jinyupaint.com\/fr\/wp-json\/wp\/v2\/product_tag?post=894"}],"curies":[{"name":"wp","href":"https:\/\/api.w.org\/{rel}","templated":true}]}}