{"id":893,"date":"2023-09-27T06:24:38","date_gmt":"2023-09-27T06:24:38","guid":{"rendered":"http:\/\/www.jinyupaint.com\/?post_type=product&#038;p=893"},"modified":"2025-02-20T08:30:05","modified_gmt":"2025-02-20T08:30:05","slug":"epoxy-paint-top-coat-e8300","status":"publish","type":"product","link":"https:\/\/www.jinyupaint.com\/fr\/produit\/epoxy-paint-top-coat-e8300","title":{"rendered":"E8300 Rev\u00eatement de sol \u00e9poxy autolissant"},"content":{"rendered":"<h2><strong>Pr\u00e9sentation du produit<\/strong><\/h2>\n<p>E8300 Self-Leveling Epoxy Floor Top Coat est une couche de finition \u00e9poxydique \u00e0 deux composants, \u00e0 faible teneur en COV, con\u00e7ue pour les applications de rev\u00eatement de sol tr\u00e8s exigeantes. Compos\u00e9 de r\u00e9sine \u00e9poxy liquide \u00e0 faible viscosit\u00e9, d'additifs import\u00e9s, de pigments, de charges r\u00e9sistantes \u00e0 l'usure et d'agents de durcissement, ce produit offre une finition lisse, sans joint et durable. Il est id\u00e9al pour rev\u00eatir les sols des usines industrielles, des entrep\u00f4ts, des parkings souterrains et des espaces de bureaux, offrant \u00e0 la fois un attrait esth\u00e9tique et une performance durable.<\/p>\n<h2><strong>Caract\u00e9ristiques principales<\/strong><\/h2>\n<ul>\n<li><strong>Haute brillance et couleurs vives<\/strong>: Une finition brillante et riche qui rehausse l'attrait esth\u00e9tique de n'importe quel espace.<\/li>\n<li><strong>Propri\u00e9t\u00e9s d'auto-nivellement<\/strong>: Permet d'obtenir une surface lisse et sans couture, sans trace de rouleau.<\/li>\n<li><strong>Durable et de longue dur\u00e9e<\/strong>: Offre une r\u00e9sistance \u00e9lev\u00e9e aux chocs et \u00e0 la compression pour des performances \u00e0 long terme.<\/li>\n<li><strong>Application facile<\/strong>: Convient pour le grattage et le d\u00e9moussage et offre une excellente maniabilit\u00e9.<\/li>\n<\/ul>\n<h2><strong>Sp\u00e9cifications techniques<\/strong><\/h2>\n<ul>\n<li><strong>Condition<\/strong>: Uniforme, sans grumeaux ni impuret\u00e9s.<\/li>\n<li><strong>Force d'adh\u00e9rence<\/strong>: \u22652,5MPa.<\/li>\n<li><strong>R\u00e9sistance \u00e0 la compression<\/strong>: \u226570MPa.<\/li>\n<li><strong>Duret\u00e9<\/strong>: &gt;1H.<\/li>\n<li><strong>Temps de s\u00e9chage<\/strong>\u00a0(\u00e0 25\u2103, 50% d'humidit\u00e9 relative) :\n<ul>\n<li>S\u00e9chage en surface : &lt;6 heures.<\/li>\n<li>Cure compl\u00e8te : &lt;48 heures.<\/li>\n<\/ul>\n<\/li>\n<\/ul>\n<h2><strong>Informations sur le produit<\/strong><\/h2>\n<ul>\n<li><strong>Composants<\/strong>:\n<ul>\n<li>Composant A : liquide visqueux de couleur solide, 20kg\/baril.<\/li>\n<li>Composant B : Liquide visqueux, 4kg\/baril.<\/li>\n<\/ul>\n<\/li>\n<li><strong>Rapport de m\u00e9lange<\/strong>: A:B = 5:1 (en poids).<\/li>\n<li><strong>Emballage<\/strong>: F\u00fbts m\u00e9talliques imprim\u00e9s. Il est recommand\u00e9 d'empiler jusqu'\u00e0 trois couches.<\/li>\n<li><strong>Stockage<\/strong>: Conserver \u00e0 5-35\u2103 dans un endroit frais, sec et ventil\u00e9. Tenir \u00e0 l'\u00e9cart du feu et des sources de chaleur. \u00c9viter la lumi\u00e8re directe du soleil.<\/li>\n<\/ul>\n<h2><strong>Lignes directrices pour la candidature<\/strong><\/h2>\n<ul>\n<li><strong>Pr\u00e9paration de la surface<\/strong>:\n<ul>\n<li>Assurez-vous que le sol en b\u00e9ton est sec, propre et exempt de poussi\u00e8re, de graisse ou de contaminants.<\/li>\n<li>Utilisez du mastic pour \u00e9galiser les fissures et les trous, et appliquez une couche d'appr\u00eat pour sceller la surface de base.<\/li>\n<\/ul>\n<\/li>\n<li><strong>Couverture<\/strong>: Environ\u00a0<strong>0,8-1 kg\/m\u00e8tre carr\u00e9<\/strong>.<\/li>\n<li><strong>M\u00e9thode d'application<\/strong>: Appliquer en grattant avec une truelle et utiliser un rouleau anti-mousse pour une finition lisse.<\/li>\n<li><strong>La vie en pot<\/strong>: Utiliser dans les 30 minutes suivant le m\u00e9lange.<\/li>\n<li><strong>Dilution<\/strong>: 0-5% (si n\u00e9cessaire).<\/li>\n<\/ul>\n<h2><strong>Conditions de construction<\/strong><\/h2>\n<ul>\n<li><strong>Temp\u00e9rature du sol<\/strong>: 5-35\u2103.<\/li>\n<li><strong>Temp\u00e9rature ambiante<\/strong>: 5-35\u2103.<\/li>\n<li><strong>Teneur en eau<\/strong>: &lt;8%.<\/li>\n<li><strong>Humidit\u00e9 relative<\/strong>: &lt;80%.<\/li>\n<\/ul>\n<h2><strong>S\u00e9curit\u00e9 et premiers secours<\/strong><\/h2>\n<ul>\n<li><strong>Contact avec la peau<\/strong>: Laver abondamment \u00e0 l'eau et enlever les v\u00eatements contamin\u00e9s.<\/li>\n<li><strong>Contact visuel<\/strong>: Rincer \u00e0 l'eau courante ou au s\u00e9rum physiologique. Consulter un m\u00e9decin si n\u00e9cessaire.<\/li>\n<li><strong>Inhalation<\/strong>: Se mettre \u00e0 l'air libre. Garder les voies respiratoires ouvertes. Consulter un m\u00e9decin en cas de malaise.<\/li>\n<li><strong>Ingestion<\/strong>: Rincer la bouche, faire vomir et consulter un m\u00e9decin.<\/li>\n<\/ul>\n<h2><strong>Pr\u00e9cautions<\/strong><\/h2>\n<ul>\n<li><strong>Fiche de donn\u00e9es de s\u00e9curit\u00e9 (FDS)<\/strong>: Demander au fabricant pour une utilisation en toute s\u00e9curit\u00e9.<\/li>\n<li><strong>Ventilation<\/strong>: Veiller \u00e0 une bonne ventilation pendant l'application.<\/li>\n<li><strong>Stockage<\/strong>: Bien remuer avant utilisation en cas de pr\u00e9cipitation. Ne pas utiliser comme mat\u00e9riau de r\u00e9paration en raison de la teneur en solvants.<\/li>\n<\/ul>","protected":false},"excerpt":{"rendered":"<p>E8300 Self-Leveling Epoxy Floor Top Coat est une couche de finition \u00e9poxydique haute performance \u00e0 deux composants et \u00e0 faible teneur en COV, con\u00e7ue pour les applications de rev\u00eatements de sol industriels et commerciaux. Avec ses propri\u00e9t\u00e9s autonivelantes, son fini tr\u00e8s brillant et ses options de couleurs vives, ce produit est parfait pour les entrep\u00f4ts, les parcs de stationnement et les espaces de bureaux. Il offre une excellente durabilit\u00e9, une r\u00e9sistance aux chocs et une facilit\u00e9 d'application, ce qui en fait un choix id\u00e9al pour les projets professionnels et de bricolage.<\/p>","protected":false},"featured_media":3253,"template":"","meta":{"om_disable_all_campaigns":false,"_monsterinsights_skip_tracking":false,"_monsterinsights_sitenote_active":false,"_monsterinsights_sitenote_note":"","_monsterinsights_sitenote_category":0,"_uf_show_specific_survey":0,"_uf_disable_surveys":false},"product_brand":[],"product_cat":[43,96,128,108,102],"product_tag":[94,139,137,131,136],"class_list":{"0":"post-893","1":"product","2":"type-product","3":"status-publish","4":"has-post-thumbnail","6":"product_cat-epoxy-floor-coating","7":"product_cat-epoxy-top-coat","8":"product_cat-flooring-system","9":"product_cat-self-leveling-epoxy-floor-coating","10":"product_cat-solvent-free-coating","11":"product_tag-epoxy-floor-coating","12":"product_tag-epoxy-floor-system","13":"product_tag-epoxy-top-coat","14":"product_tag-self-leveling-floor-coating","15":"product_tag-solvent-free-coating","17":"first","18":"instock","19":"shipping-taxable","20":"product-type-simple"},"yoast_head":"<!-- This site is optimized with the Yoast SEO Premium plugin v26.2 (Yoast SEO v26.5) - https:\/\/yoast.com\/wordpress\/plugins\/seo\/ -->\n<title>E8300 Self-Leveling Epoxy Floor Top Coat | Durable, High-Gloss Finish<\/title>\n<meta name=\"description\" content=\"Discover E8300 Self-Leveling Epoxy Floor Top Coat \u2013 a durable, high-gloss solution for industrial and commercial floors. Easy to apply, available in vibrant colors. Order now!\" \/>\n<meta name=\"robots\" content=\"index, follow, max-snippet:-1, max-image-preview:large, max-video-preview:-1\" \/>\n<link rel=\"canonical\" href=\"https:\/\/www.jinyupaint.com\/fr\/produit\/epoxy-paint-top-coat-e8300\/\" \/>\n<meta property=\"og:locale\" content=\"fr_FR\" \/>\n<meta property=\"og:type\" content=\"article\" \/>\n<meta property=\"og:title\" content=\"E8300 Self-leveling Epoxy Floor Top Coat\" \/>\n<meta property=\"og:description\" content=\"Discover E8300 Self-Leveling Epoxy Floor Top Coat \u2013 a durable, high-gloss solution for industrial and commercial floors. Easy to apply, available in vibrant colors. Order now!\" \/>\n<meta property=\"og:url\" content=\"https:\/\/www.jinyupaint.com\/fr\/produit\/epoxy-paint-top-coat-e8300\/\" \/>\n<meta property=\"og:site_name\" content=\"KAIDA PAINT\u00ae\" \/>\n<meta property=\"article:modified_time\" content=\"2025-02-20T08:30:05+00:00\" \/>\n<meta property=\"og:image\" content=\"https:\/\/www.jinyupaint.com\/wp-content\/uploads\/2023\/09\/E8300-Self-Leveling-Epoxy-Floor-Top-Coat.jpg\" \/>\n\t<meta property=\"og:image:width\" content=\"750\" \/>\n\t<meta property=\"og:image:height\" content=\"750\" \/>\n\t<meta property=\"og:image:type\" content=\"image\/jpeg\" \/>\n<meta name=\"twitter:card\" content=\"summary_large_image\" \/>\n<meta name=\"twitter:label1\" content=\"Dur\u00e9e de lecture estim\u00e9e\" \/>\n\t<meta name=\"twitter:data1\" content=\"2 minutes\" \/>\n<script type=\"application\/ld+json\" class=\"yoast-schema-graph\">{\"@context\":\"https:\/\/schema.org\",\"@graph\":[{\"@type\":\"WebPage\",\"@id\":\"https:\/\/www.jinyupaint.com\/product\/epoxy-paint-top-coat-e8300\",\"url\":\"https:\/\/www.jinyupaint.com\/product\/epoxy-paint-top-coat-e8300\",\"name\":\"E8300 Self-Leveling Epoxy Floor Top Coat | Durable, High-Gloss Finish\",\"isPartOf\":{\"@id\":\"https:\/\/www.jinyupaint.com\/#website\"},\"primaryImageOfPage\":{\"@id\":\"https:\/\/www.jinyupaint.com\/product\/epoxy-paint-top-coat-e8300#primaryimage\"},\"image\":{\"@id\":\"https:\/\/www.jinyupaint.com\/product\/epoxy-paint-top-coat-e8300#primaryimage\"},\"thumbnailUrl\":\"https:\/\/www.jinyupaint.com\/wp-content\/uploads\/2023\/09\/E8300-Self-Leveling-Epoxy-Floor-Top-Coat.jpg\",\"datePublished\":\"2023-09-27T06:24:38+00:00\",\"dateModified\":\"2025-02-20T08:30:05+00:00\",\"description\":\"Discover E8300 Self-Leveling Epoxy Floor Top Coat \u2013 a durable, high-gloss solution for industrial and commercial floors. Easy to apply, available in vibrant colors. Order now!\",\"breadcrumb\":{\"@id\":\"https:\/\/www.jinyupaint.com\/product\/epoxy-paint-top-coat-e8300#breadcrumb\"},\"inLanguage\":\"fr-FR\",\"potentialAction\":[{\"@type\":\"ReadAction\",\"target\":[\"https:\/\/www.jinyupaint.com\/product\/epoxy-paint-top-coat-e8300\"]}]},{\"@type\":\"ImageObject\",\"inLanguage\":\"fr-FR\",\"@id\":\"https:\/\/www.jinyupaint.com\/product\/epoxy-paint-top-coat-e8300#primaryimage\",\"url\":\"https:\/\/www.jinyupaint.com\/wp-content\/uploads\/2023\/09\/E8300-Self-Leveling-Epoxy-Floor-Top-Coat.jpg\",\"contentUrl\":\"https:\/\/www.jinyupaint.com\/wp-content\/uploads\/2023\/09\/E8300-Self-Leveling-Epoxy-Floor-Top-Coat.jpg\",\"width\":750,\"height\":750,\"caption\":\"E8300 Self-leveling Epoxy Floor Top Coat\"},{\"@type\":\"BreadcrumbList\",\"@id\":\"https:\/\/www.jinyupaint.com\/product\/epoxy-paint-top-coat-e8300#breadcrumb\",\"itemListElement\":[{\"@type\":\"ListItem\",\"position\":1,\"name\":\"Home\",\"item\":\"https:\/\/www.jinyupaint.com\/\"},{\"@type\":\"ListItem\",\"position\":2,\"name\":\"Shop\",\"item\":\"https:\/\/www.jinyupaint.com\/shop.html\"},{\"@type\":\"ListItem\",\"position\":3,\"name\":\"E8300 Self-leveling Epoxy Floor Top Coat\"}]},{\"@type\":\"WebSite\",\"@id\":\"https:\/\/www.jinyupaint.com\/#website\",\"url\":\"https:\/\/www.jinyupaint.com\/\",\"name\":\"JINYU\u00ae PAINT\",\"description\":\"JINYU PAINT\u00ae Manufacturer\",\"potentialAction\":[{\"@type\":\"SearchAction\",\"target\":{\"@type\":\"EntryPoint\",\"urlTemplate\":\"https:\/\/www.jinyupaint.com\/?s={search_term_string}\"},\"query-input\":{\"@type\":\"PropertyValueSpecification\",\"valueRequired\":true,\"valueName\":\"search_term_string\"}}],\"inLanguage\":\"fr-FR\"}]}<\/script>\n<!-- \/ Yoast SEO Premium plugin. -->","yoast_head_json":{"title":"E8300 Self-Leveling Epoxy Floor Top Coat - Finition durable et brillante","description":"D\u00e9couvrez la couche de finition \u00e9poxydique autonivelante pour sols E8300 - une solution durable et tr\u00e8s brillante pour les sols industriels et commerciaux. Facile \u00e0 appliquer, disponible en couleurs vives. Commandez d\u00e8s maintenant !","robots":{"index":"index","follow":"follow","max-snippet":"max-snippet:-1","max-image-preview":"max-image-preview:large","max-video-preview":"max-video-preview:-1"},"canonical":"https:\/\/www.jinyupaint.com\/fr\/produit\/epoxy-paint-top-coat-e8300\/","og_locale":"fr_FR","og_type":"article","og_title":"E8300 Self-leveling Epoxy Floor Top Coat","og_description":"Discover E8300 Self-Leveling Epoxy Floor Top Coat \u2013 a durable, high-gloss solution for industrial and commercial floors. Easy to apply, available in vibrant colors. Order now!","og_url":"https:\/\/www.jinyupaint.com\/fr\/produit\/epoxy-paint-top-coat-e8300\/","og_site_name":"KAIDA PAINT\u00ae","article_modified_time":"2025-02-20T08:30:05+00:00","og_image":[{"width":750,"height":750,"url":"https:\/\/www.jinyupaint.com\/wp-content\/uploads\/2023\/09\/E8300-Self-Leveling-Epoxy-Floor-Top-Coat.jpg","type":"image\/jpeg"}],"twitter_card":"summary_large_image","twitter_misc":{"Dur\u00e9e de lecture estim\u00e9e":"2 minutes"},"schema":{"@context":"https:\/\/schema.org","@graph":[{"@type":"WebPage","@id":"https:\/\/www.jinyupaint.com\/product\/epoxy-paint-top-coat-e8300","url":"https:\/\/www.jinyupaint.com\/product\/epoxy-paint-top-coat-e8300","name":"E8300 Self-Leveling Epoxy Floor Top Coat - Finition durable et brillante","isPartOf":{"@id":"https:\/\/www.jinyupaint.com\/#website"},"primaryImageOfPage":{"@id":"https:\/\/www.jinyupaint.com\/product\/epoxy-paint-top-coat-e8300#primaryimage"},"image":{"@id":"https:\/\/www.jinyupaint.com\/product\/epoxy-paint-top-coat-e8300#primaryimage"},"thumbnailUrl":"https:\/\/www.jinyupaint.com\/wp-content\/uploads\/2023\/09\/E8300-Self-Leveling-Epoxy-Floor-Top-Coat.jpg","datePublished":"2023-09-27T06:24:38+00:00","dateModified":"2025-02-20T08:30:05+00:00","description":"D\u00e9couvrez la couche de finition \u00e9poxydique autonivelante pour sols E8300 - une solution durable et tr\u00e8s brillante pour les sols industriels et commerciaux. Facile \u00e0 appliquer, disponible en couleurs vives. Commandez d\u00e8s maintenant !","breadcrumb":{"@id":"https:\/\/www.jinyupaint.com\/product\/epoxy-paint-top-coat-e8300#breadcrumb"},"inLanguage":"fr-FR","potentialAction":[{"@type":"ReadAction","target":["https:\/\/www.jinyupaint.com\/product\/epoxy-paint-top-coat-e8300"]}]},{"@type":"ImageObject","inLanguage":"fr-FR","@id":"https:\/\/www.jinyupaint.com\/product\/epoxy-paint-top-coat-e8300#primaryimage","url":"https:\/\/www.jinyupaint.com\/wp-content\/uploads\/2023\/09\/E8300-Self-Leveling-Epoxy-Floor-Top-Coat.jpg","contentUrl":"https:\/\/www.jinyupaint.com\/wp-content\/uploads\/2023\/09\/E8300-Self-Leveling-Epoxy-Floor-Top-Coat.jpg","width":750,"height":750,"caption":"E8300 Self-leveling Epoxy Floor Top Coat"},{"@type":"BreadcrumbList","@id":"https:\/\/www.jinyupaint.com\/product\/epoxy-paint-top-coat-e8300#breadcrumb","itemListElement":[{"@type":"ListItem","position":1,"name":"Home","item":"https:\/\/www.jinyupaint.com\/"},{"@type":"ListItem","position":2,"name":"Shop","item":"https:\/\/www.jinyupaint.com\/shop.html"},{"@type":"ListItem","position":3,"name":"E8300 Self-leveling Epoxy Floor Top Coat"}]},{"@type":"WebSite","@id":"https:\/\/www.jinyupaint.com\/#website","url":"https:\/\/www.jinyupaint.com\/","name":"JINYU\u00ae PAINT","description":"JINYU PAINT\u00ae Fabricant","potentialAction":[{"@type":"SearchAction","target":{"@type":"EntryPoint","urlTemplate":"https:\/\/www.jinyupaint.com\/?s={search_term_string}"},"query-input":{"@type":"PropertyValueSpecification","valueRequired":true,"valueName":"search_term_string"}}],"inLanguage":"fr-FR"}]}},"_links":{"self":[{"href":"https:\/\/www.jinyupaint.com\/fr\/wp-json\/wp\/v2\/product\/893","targetHints":{"allow":["GET"]}}],"collection":[{"href":"https:\/\/www.jinyupaint.com\/fr\/wp-json\/wp\/v2\/product"}],"about":[{"href":"https:\/\/www.jinyupaint.com\/fr\/wp-json\/wp\/v2\/types\/product"}],"wp:featuredmedia":[{"embeddable":true,"href":"https:\/\/www.jinyupaint.com\/fr\/wp-json\/wp\/v2\/media\/3253"}],"wp:attachment":[{"href":"https:\/\/www.jinyupaint.com\/fr\/wp-json\/wp\/v2\/media?parent=893"}],"wp:term":[{"taxonomy":"product_brand","embeddable":true,"href":"https:\/\/www.jinyupaint.com\/fr\/wp-json\/wp\/v2\/product_brand?post=893"},{"taxonomy":"product_cat","embeddable":true,"href":"https:\/\/www.jinyupaint.com\/fr\/wp-json\/wp\/v2\/product_cat?post=893"},{"taxonomy":"product_tag","embeddable":true,"href":"https:\/\/www.jinyupaint.com\/fr\/wp-json\/wp\/v2\/product_tag?post=893"}],"curies":[{"name":"wp","href":"https:\/\/api.w.org\/{rel}","templated":true}]}}