{"id":6207,"date":"2025-11-07T05:54:01","date_gmt":"2025-11-07T05:54:01","guid":{"rendered":"https:\/\/www.jinyupaint.com\/?post_type=product&#038;p=6207"},"modified":"2025-12-01T03:46:58","modified_gmt":"2025-12-01T03:46:58","slug":"fortiflex-s-polyaspartic-solid-colored-fast-cure-seamless-flooring-system","status":"publish","type":"product","link":"https:\/\/www.jinyupaint.com\/fr\/produit\/fortiflex-s-polyaspartic-solid-colored-fast-cure-seamless-flooring-system","title":{"rendered":"FortiFlex S Polyaspartic Solid-Colored Fast-Cure Seamless Flooring System (syst\u00e8me de rev\u00eatement de sol sans joint)"},"content":{"rendered":"<p class=\"ds-markdown-paragraph\">Vous en avez assez des longues installations au sol qui perturbent vos activit\u00e9s ? FortiFlex S est la solution. En tant que premier syst\u00e8me de rev\u00eatement de sol polyaspartique \u00e0 durcissement rapide, il offre une finition homog\u00e8ne, tr\u00e8s brillante et de couleur unie qui non seulement a un aspect professionnel, mais qui est \u00e9galement con\u00e7ue pour r\u00e9sister aux environnements industriels les plus difficiles. Les temps d'arr\u00eat sont minimes : ce syst\u00e8me \u00e0 deux couches peut \u00eatre install\u00e9 et pr\u00eat pour le trafic pi\u00e9tonnier en une journ\u00e9e seulement, ce qui en fait un choix judicieux pour les installations fonctionnant 24 heures sur 24 et 7 jours sur 7, telles que les salles blanches pharmaceutiques, les laboratoires de soins de sant\u00e9 et les zones de fabrication de produits secs.<\/p>\n<h2 class=\"ds-markdown-paragraph\"><strong>Pourquoi choisir notre syst\u00e8me de rev\u00eatement de sol sans joint ?<\/strong><\/h2>\n<h3 class=\"ds-markdown-paragraph\"><strong>\u00a0\ud83d\ude80 Maximiser le temps de fonctionnement avec des vitesses de polym\u00e9risation rapides<\/strong><\/h3>\n<ul>\n<li>Ne perdez plus d'argent \u00e0 cause d'une installation prolong\u00e9e. FortiFlex S durcit jusqu'\u00e0 la circulation pi\u00e9tonni\u00e8re en seulement 3-4 heures par couche \u00e0 70\u00b0F. Ce d\u00e9lai acc\u00e9l\u00e9r\u00e9 signifie que votre installation peut \u00eatre remise en service dans environ 24 heures, ce qui r\u00e9duit consid\u00e9rablement les interruptions d'exploitation par rapport aux rev\u00eatements de sol \u00e9poxydiques standard.<\/li>\n<\/ul>\n<h3 class=\"ds-markdown-paragraph\"><strong>\ud83d\udee1\ufe0f Construit pour durer avec une durabilit\u00e9 sup\u00e9rieure<\/strong><\/h3>\n<ul>\n<li>L'usure vous pr\u00e9occupe ? Notre syst\u00e8me de rev\u00eatement de sol est con\u00e7u pour durer. Il pr\u00e9sente une r\u00e9sistance exceptionnelle \u00e0 l'abrasion et peut supporter un trafic pi\u00e9tonnier et roulant intense sans montrer de signes de fatigue. Avec une r\u00e9sistance \u00e0 la compression \u00e9lev\u00e9e de 18 000 psi, il r\u00e9siste aux dommages caus\u00e9s par les \u00e9quipements lourds, garantissant un sol durable avec un minimum d'entretien.<\/li>\n<\/ul>\n<h3 class=\"ds-markdown-paragraph\"><strong>\u2623\ufe0f Tranquillit\u00e9 d'esprit totale gr\u00e2ce \u00e0 la r\u00e9sistance aux produits chimiques<\/strong><\/h3>\n<ul>\n<li>Les d\u00e9g\u00e2ts sont fr\u00e9quents. Mais avec FortiFlex S, ils ne doivent pas \u00eatre synonymes de dommages permanents. Le syst\u00e8me est formul\u00e9 pour offrir une excellente r\u00e9sistance chimique \u00e0 une large gamme de substances, prot\u00e9geant votre substrat et maintenant son int\u00e9grit\u00e9 pendant des ann\u00e9es. Pour les expositions chimiques sp\u00e9cifiques, consultez notre Guide de r\u00e9sistance chimique.<\/li>\n<\/ul>\n<h3 class=\"ds-markdown-paragraph\"><strong>\ud83c\udf1e Une finition qui reste brillante et sans odeur<\/strong><\/h3>\n<ul>\n<li>Contrairement \u00e0 certains rev\u00eatements de sol qui jaunissent ou se d\u00e9gradent sous l'effet des UV, FortiFlex S est stable aux UV, pr\u00e9servant ainsi sa couleur et sa brillance. En outre, sa formulation \u00e0 faible odeur permet une installation plus facile dans les environnements sensibles ou occup\u00e9s, un avantage significatif par rapport \u00e0 la peinture de sol \u00e9poxy \u00e0 haute teneur en COV.<\/li>\n<\/ul>\n<h2 class=\"ds-markdown-paragraph\"><strong>\u00a0Aper\u00e7u des caract\u00e9ristiques techniques du FortiFlex S<\/strong><\/h2>\n<div class=\"ds-scroll-area _1210dd7 c03cafe9\">\n<table>\n<thead>\n<tr>\n<th>Propri\u00e9t\u00e9<\/th>\n<th>Valeur<\/th>\n<th>M\u00e9thode d'essai<\/th>\n<\/tr>\n<\/thead>\n<tbody>\n<tr>\n<td><strong>Compos\u00e9s organiques volatils (COV)<\/strong><\/td>\n<td>33 g\/L<\/td>\n<td>-<\/td>\n<\/tr>\n<tr>\n<td><strong>Disponibilit\u00e9 de l'ensemble des services<\/strong><\/td>\n<td>24 heures<\/td>\n<td>@70\u00b0F\/50% RH<\/td>\n<\/tr>\n<tr>\n<td><strong>Temp\u00e9rature de service<\/strong><\/td>\n<td>Jusqu'\u00e0 200\u00b0F<\/td>\n<td>-<\/td>\n<\/tr>\n<tr>\n<td><strong>Brillant (60\u00b0)<\/strong><\/td>\n<td>91<\/td>\n<td>ASTM D-523<\/td>\n<\/tr>\n<tr>\n<td><strong>R\u00e9sistance \u00e0 l'abrasion Taber<\/strong><\/td>\n<td>25 mg<\/td>\n<td>ASTM D-4060<\/td>\n<\/tr>\n<\/tbody>\n<\/table>\n<\/div>\n<h2 class=\"ds-markdown-paragraph\"><strong>Applications id\u00e9ales pour votre sol sans joint<\/strong><\/h2>\n<p class=\"ds-markdown-paragraph\">Le FortiFlex S est-il adapt\u00e9 \u00e0 votre espace ? Il est sp\u00e9cialement con\u00e7u pour les environnements o\u00f9 l'hygi\u00e8ne, la durabilit\u00e9 et la rapidit\u00e9 sont essentielles.<\/p>\n<ul>\n<li>Salles blanches pharmaceutiques et biotechnologiques<\/li>\n<li>Installations de soins de sant\u00e9 et de laboratoires<\/li>\n<li>Usines de transformation des aliments et des boissons<\/li>\n<li>Fabrication de produits \u00e9lectroniques et d'articles secs<\/li>\n<li>Installations automobiles et industrielles g\u00e9n\u00e9rales<\/li>\n<\/ul>\n<h2 class=\"ds-markdown-paragraph\"><strong>La diff\u00e9rence KAIDA PAINT : Plus qu'un simple plancher<\/strong><\/h2>\n<p class=\"ds-markdown-paragraph\">Votre investissement est prot\u00e9g\u00e9 par notre expertise in\u00e9gal\u00e9e. En choisissant KAIDA PAINT, vous avez acc\u00e8s \u00e0 :<\/p>\n<ul>\n<li><strong>Support de sp\u00e9cification de classe mondiale :<\/strong>\u00a0Nos experts en rev\u00eatements de sol vous aident \u00e0 s\u00e9lectionner le syst\u00e8me id\u00e9al pour les conditions uniques de votre installation.<\/li>\n<li><strong>Des performances \u00e9prouv\u00e9es :<\/strong> Soutenu par la r\u00e9putation mondiale et les ressources de la soci\u00e9t\u00e9 KAIDA PAINT.<\/li>\n<li><strong>Service technique r\u00e9gional :<\/strong>\u00a0B\u00e9n\u00e9ficier d'une assistance locale et pratique de la part de notre \u00e9quipe commerciale.<\/li>\n<\/ul>\n<h2 class=\"ds-markdown-paragraph\"><strong>Pr\u00eat \u00e0 transformer votre sol (vos prochaines \u00e9tapes)<\/strong><\/h2>\n<p class=\"ds-markdown-paragraph\">Vous avez vu les sp\u00e9cifications et les avantages. Maintenant, imaginez ce sol haute performance et sans joint dans votre \u00e9tablissement.<\/p>\n<ol start=\"1\">\n<li>\n<p class=\"ds-markdown-paragraph\"><strong>Visualisez-le :<\/strong>\u00a0Utilisez notre outil de visualisation des rev\u00eatements de sol pour voir \u00e0 quoi ressemblent nos couleurs vedettes.\u00a0<em>Furtif, blanc ou chrom\u00e9<\/em>\u00a0dans votre espace.<\/p>\n<\/li>\n<li>\n<p class=\"ds-markdown-paragraph\"><strong>Obtenez les conseils d'un expert :<\/strong> Contactez un sp\u00e9cialiste des rev\u00eatements de sol de KAIDA PAINT pour discuter des sp\u00e9cificit\u00e9s de votre projet et obtenir un devis d\u00e9taill\u00e9.<\/p>\n<\/li>\n<li>\n<p class=\"ds-markdown-paragraph\"><strong>Voir un exemple :<\/strong>\u00a0Nous recommandons de tester un \u00e9chantillon dans votre \u00e9tablissement pour confirmer la performance et l'apparence.<\/p>\n<\/li>\n<\/ol>\n<p><a href=\"https:\/\/www.jinyupaint.com\/wp-content\/uploads\/2025\/10\/standard-color-chart-tornado-white-stealth.jpg\"><img fetchpriority=\"high\" decoding=\"async\" class=\"alignnone size-full wp-image-6217\" src=\"https:\/\/www.jinyupaint.com\/wp-content\/uploads\/2025\/10\/standard-color-chart-tornado-white-stealth.jpg\" alt=\"Nuancier standard pour les rev\u00eatements de sol en quartz FortiFlex B, comprenant des options populaires telles que Tornado, White et Stealth pour les espaces industriels et commerciaux.\" width=\"1200\" height=\"284\" srcset=\"https:\/\/www.jinyupaint.com\/wp-content\/uploads\/2025\/10\/standard-color-chart-tornado-white-stealth.jpg 1200w, https:\/\/www.jinyupaint.com\/wp-content\/uploads\/2025\/10\/standard-color-chart-tornado-white-stealth-300x71.jpg 300w, https:\/\/www.jinyupaint.com\/wp-content\/uploads\/2025\/10\/standard-color-chart-tornado-white-stealth-1024x242.jpg 1024w, https:\/\/www.jinyupaint.com\/wp-content\/uploads\/2025\/10\/standard-color-chart-tornado-white-stealth-768x182.jpg 768w, https:\/\/www.jinyupaint.com\/wp-content\/uploads\/2025\/10\/standard-color-chart-tornado-white-stealth-18x4.jpg 18w, https:\/\/www.jinyupaint.com\/wp-content\/uploads\/2025\/10\/standard-color-chart-tornado-white-stealth-600x142.jpg 600w\" sizes=\"(max-width: 1200px) 100vw, 1200px\" \/><\/a><\/p>","protected":false},"excerpt":{"rendered":"<p class=\"ds-markdown-paragraph\">Vous recherchez une solution de rev\u00eatement de sol qui allie rapidit\u00e9, durabilit\u00e9 et aspect impeccable ? Voici FortiFlex S.<\/p>\n<p class=\"ds-markdown-paragraph\">Ce syst\u00e8me de rev\u00eatement de sol avanc\u00e9 et sans joint est dot\u00e9 d'une formule \u00e0 durcissement rapide qui permet une installation compl\u00e8te en seulement 24 heures, minimisant ainsi la perturbation de vos activit\u00e9s. Il cr\u00e9e une couleur unie, une finition brillante qui n'est pas seulement impressionnante visuellement, mais aussi incroyablement r\u00e9sistante.<\/p>\n<p class=\"ds-markdown-paragraph\">Con\u00e7u pour \u00eatre performant, FortiFlex S offre une r\u00e9sistance sup\u00e9rieure aux produits chimiques, \u00e0 l'abrasion et aux UV, ce qui en fait le choix id\u00e9al pour les environnements difficiles tels que les salles blanches pharmaceutiques, les usines de transformation des aliments et les \u00e9tablissements de sant\u00e9. Sa formulation \u00e0 faible odeur est un atout pour les sites sensibles ou occup\u00e9s.<\/p>\n<p class=\"ds-markdown-paragraph\"><strong>En bref : obtenez un sol durable, n\u00e9cessitant peu d'entretien et r\u00e9sistant aux produits chimiques, avec une finition brillante, dans un d\u00e9lai qui permet \u00e0 votre entreprise de poursuivre ses activit\u00e9s.<\/strong><\/p>","protected":false},"featured_media":6208,"template":"","meta":{"om_disable_all_campaigns":false,"_monsterinsights_skip_tracking":false,"_monsterinsights_sitenote_active":false,"_monsterinsights_sitenote_note":"","_monsterinsights_sitenote_category":0,"_uf_show_specific_survey":0,"_uf_disable_surveys":false},"product_brand":[],"product_cat":[128,801],"product_tag":[640,830,843,870,827,868,869],"class_list":{"0":"post-6207","1":"product","2":"type-product","3":"status-publish","4":"has-post-thumbnail","6":"product_cat-flooring-system","7":"product_cat-polyaspartic-and-polyurea-coatings","8":"product_tag-chemical-resistant-flooring","9":"product_tag-commercial-flooring","10":"product_tag-fast-cure-floor-coating","11":"product_tag-industrial-floor-systems","12":"product_tag-polyaspartic-flooring","13":"product_tag-seamless-flooring-systems","14":"product_tag-solid-colored-epoxy-floor","16":"first","17":"instock","18":"shipping-taxable","19":"product-type-simple"},"yoast_head":"<!-- This site is optimized with the Yoast SEO Premium plugin v26.2 (Yoast SEO v26.5) - https:\/\/yoast.com\/wordpress\/plugins\/seo\/ -->\n<title>FortiFlex S Polyaspartic Solid-Colored Fast-Cure Seamless Flooring System - KAIDA PAINT\u00ae<\/title>\n<meta name=\"description\" content=\"FortiFlex S is a fast-curing, polyaspartic seamless flooring system. Achieve a durable, solid-colored, high-gloss finish in just 24 hours. Ideal for pharmaceutical, cleanroom &amp; industrial use. Request a quote today.\" \/>\n<meta name=\"robots\" content=\"index, follow, max-snippet:-1, max-image-preview:large, max-video-preview:-1\" \/>\n<link rel=\"canonical\" href=\"https:\/\/www.jinyupaint.com\/fr\/produit\/fortiflex-s-polyaspartic-solid-colored-fast-cure-seamless-flooring-system\/\" \/>\n<meta property=\"og:locale\" content=\"fr_FR\" \/>\n<meta property=\"og:type\" content=\"article\" \/>\n<meta property=\"og:title\" content=\"FortiFlex S Polyaspartic Solid-Colored Fast-Cure Seamless Flooring System\" \/>\n<meta property=\"og:description\" content=\"FortiFlex S is a fast-curing, polyaspartic seamless flooring system. Achieve a durable, solid-colored, high-gloss finish in just 24 hours. Ideal for pharmaceutical, cleanroom &amp; industrial use. Request a quote today.\" \/>\n<meta property=\"og:url\" content=\"https:\/\/www.jinyupaint.com\/fr\/produit\/fortiflex-s-polyaspartic-solid-colored-fast-cure-seamless-flooring-system\/\" \/>\n<meta property=\"og:site_name\" content=\"KAIDA PAINT\u00ae\" \/>\n<meta property=\"article:modified_time\" content=\"2025-12-01T03:46:58+00:00\" \/>\n<meta property=\"og:image\" content=\"https:\/\/www.jinyupaint.com\/wp-content\/uploads\/2025\/11\/FortiFlex-S-Polyaspartic-Solid-Colored-Fast-Cure-Seamless-Flooring-System.jpg\" \/>\n\t<meta property=\"og:image:width\" content=\"800\" \/>\n\t<meta property=\"og:image:height\" content=\"800\" \/>\n\t<meta property=\"og:image:type\" content=\"image\/jpeg\" \/>\n<meta name=\"twitter:card\" content=\"summary_large_image\" \/>\n<meta name=\"twitter:label1\" content=\"Dur\u00e9e de lecture estim\u00e9e\" \/>\n\t<meta name=\"twitter:data1\" content=\"3 minutes\" \/>\n<script type=\"application\/ld+json\" class=\"yoast-schema-graph\">{\"@context\":\"https:\/\/schema.org\",\"@graph\":[{\"@type\":\"WebPage\",\"@id\":\"https:\/\/www.jinyupaint.com\/product\/fortiflex-s-polyaspartic-solid-colored-fast-cure-seamless-flooring-system\",\"url\":\"https:\/\/www.jinyupaint.com\/product\/fortiflex-s-polyaspartic-solid-colored-fast-cure-seamless-flooring-system\",\"name\":\"FortiFlex S Polyaspartic Solid-Colored Fast-Cure Seamless Flooring System - KAIDA PAINT\u00ae\",\"isPartOf\":{\"@id\":\"https:\/\/www.jinyupaint.com\/#website\"},\"primaryImageOfPage\":{\"@id\":\"https:\/\/www.jinyupaint.com\/product\/fortiflex-s-polyaspartic-solid-colored-fast-cure-seamless-flooring-system#primaryimage\"},\"image\":{\"@id\":\"https:\/\/www.jinyupaint.com\/product\/fortiflex-s-polyaspartic-solid-colored-fast-cure-seamless-flooring-system#primaryimage\"},\"thumbnailUrl\":\"https:\/\/www.jinyupaint.com\/wp-content\/uploads\/2025\/11\/FortiFlex-S-Polyaspartic-Solid-Colored-Fast-Cure-Seamless-Flooring-System.jpg\",\"datePublished\":\"2025-11-07T05:54:01+00:00\",\"dateModified\":\"2025-12-01T03:46:58+00:00\",\"description\":\"FortiFlex S is a fast-curing, polyaspartic seamless flooring system. Achieve a durable, solid-colored, high-gloss finish in just 24 hours. Ideal for pharmaceutical, cleanroom & industrial use. Request a quote today.\",\"breadcrumb\":{\"@id\":\"https:\/\/www.jinyupaint.com\/product\/fortiflex-s-polyaspartic-solid-colored-fast-cure-seamless-flooring-system#breadcrumb\"},\"inLanguage\":\"fr-FR\",\"potentialAction\":[{\"@type\":\"ReadAction\",\"target\":[\"https:\/\/www.jinyupaint.com\/product\/fortiflex-s-polyaspartic-solid-colored-fast-cure-seamless-flooring-system\"]}]},{\"@type\":\"ImageObject\",\"inLanguage\":\"fr-FR\",\"@id\":\"https:\/\/www.jinyupaint.com\/product\/fortiflex-s-polyaspartic-solid-colored-fast-cure-seamless-flooring-system#primaryimage\",\"url\":\"https:\/\/www.jinyupaint.com\/wp-content\/uploads\/2025\/11\/FortiFlex-S-Polyaspartic-Solid-Colored-Fast-Cure-Seamless-Flooring-System.jpg\",\"contentUrl\":\"https:\/\/www.jinyupaint.com\/wp-content\/uploads\/2025\/11\/FortiFlex-S-Polyaspartic-Solid-Colored-Fast-Cure-Seamless-Flooring-System.jpg\",\"width\":800,\"height\":800,\"caption\":\"FortiFlex S Polyaspartic Solid-Colored Fast-Cure Seamless Flooring System\"},{\"@type\":\"BreadcrumbList\",\"@id\":\"https:\/\/www.jinyupaint.com\/product\/fortiflex-s-polyaspartic-solid-colored-fast-cure-seamless-flooring-system#breadcrumb\",\"itemListElement\":[{\"@type\":\"ListItem\",\"position\":1,\"name\":\"Home\",\"item\":\"https:\/\/www.jinyupaint.com\/\"},{\"@type\":\"ListItem\",\"position\":2,\"name\":\"Shop\",\"item\":\"https:\/\/www.jinyupaint.com\/shop.html\"},{\"@type\":\"ListItem\",\"position\":3,\"name\":\"FortiFlex S Polyaspartic Solid-Colored Fast-Cure Seamless Flooring System\"}]},{\"@type\":\"WebSite\",\"@id\":\"https:\/\/www.jinyupaint.com\/#website\",\"url\":\"https:\/\/www.jinyupaint.com\/\",\"name\":\"JINYU\u00ae PAINT\",\"description\":\"JINYU PAINT\u00ae Manufacturer\",\"potentialAction\":[{\"@type\":\"SearchAction\",\"target\":{\"@type\":\"EntryPoint\",\"urlTemplate\":\"https:\/\/www.jinyupaint.com\/?s={search_term_string}\"},\"query-input\":{\"@type\":\"PropertyValueSpecification\",\"valueRequired\":true,\"valueName\":\"search_term_string\"}}],\"inLanguage\":\"fr-FR\"}]}<\/script>\n<!-- \/ Yoast SEO Premium plugin. -->","yoast_head_json":{"title":"FortiFlex S Polyaspartic Solid-Colored Fast-Cure Seamless Flooring System (syst\u00e8me de rev\u00eatement de sol sans joint) - KAIDA PAINT\u00ae.","description":"FortiFlex S est un syst\u00e8me de rev\u00eatement de sol sans joint polyaspartique \u00e0 durcissement rapide. Il permet d'obtenir une finition durable, de couleur unie et tr\u00e8s brillante en seulement 24 heures. Id\u00e9al pour l'industrie pharmaceutique, les salles blanches et l'industrie. Demandez un devis d\u00e8s aujourd'hui.","robots":{"index":"index","follow":"follow","max-snippet":"max-snippet:-1","max-image-preview":"max-image-preview:large","max-video-preview":"max-video-preview:-1"},"canonical":"https:\/\/www.jinyupaint.com\/fr\/produit\/fortiflex-s-polyaspartic-solid-colored-fast-cure-seamless-flooring-system\/","og_locale":"fr_FR","og_type":"article","og_title":"FortiFlex S Polyaspartic Solid-Colored Fast-Cure Seamless Flooring System","og_description":"FortiFlex S is a fast-curing, polyaspartic seamless flooring system. Achieve a durable, solid-colored, high-gloss finish in just 24 hours. Ideal for pharmaceutical, cleanroom & industrial use. Request a quote today.","og_url":"https:\/\/www.jinyupaint.com\/fr\/produit\/fortiflex-s-polyaspartic-solid-colored-fast-cure-seamless-flooring-system\/","og_site_name":"KAIDA PAINT\u00ae","article_modified_time":"2025-12-01T03:46:58+00:00","og_image":[{"width":800,"height":800,"url":"https:\/\/www.jinyupaint.com\/wp-content\/uploads\/2025\/11\/FortiFlex-S-Polyaspartic-Solid-Colored-Fast-Cure-Seamless-Flooring-System.jpg","type":"image\/jpeg"}],"twitter_card":"summary_large_image","twitter_misc":{"Dur\u00e9e de lecture estim\u00e9e":"3 minutes"},"schema":{"@context":"https:\/\/schema.org","@graph":[{"@type":"WebPage","@id":"https:\/\/www.jinyupaint.com\/product\/fortiflex-s-polyaspartic-solid-colored-fast-cure-seamless-flooring-system","url":"https:\/\/www.jinyupaint.com\/product\/fortiflex-s-polyaspartic-solid-colored-fast-cure-seamless-flooring-system","name":"FortiFlex S Polyaspartic Solid-Colored Fast-Cure Seamless Flooring System (syst\u00e8me de rev\u00eatement de sol sans joint) - KAIDA PAINT\u00ae.","isPartOf":{"@id":"https:\/\/www.jinyupaint.com\/#website"},"primaryImageOfPage":{"@id":"https:\/\/www.jinyupaint.com\/product\/fortiflex-s-polyaspartic-solid-colored-fast-cure-seamless-flooring-system#primaryimage"},"image":{"@id":"https:\/\/www.jinyupaint.com\/product\/fortiflex-s-polyaspartic-solid-colored-fast-cure-seamless-flooring-system#primaryimage"},"thumbnailUrl":"https:\/\/www.jinyupaint.com\/wp-content\/uploads\/2025\/11\/FortiFlex-S-Polyaspartic-Solid-Colored-Fast-Cure-Seamless-Flooring-System.jpg","datePublished":"2025-11-07T05:54:01+00:00","dateModified":"2025-12-01T03:46:58+00:00","description":"FortiFlex S est un syst\u00e8me de rev\u00eatement de sol sans joint polyaspartique \u00e0 durcissement rapide. Il permet d'obtenir une finition durable, de couleur unie et tr\u00e8s brillante en seulement 24 heures. Id\u00e9al pour l'industrie pharmaceutique, les salles blanches et l'industrie. Demandez un devis d\u00e8s aujourd'hui.","breadcrumb":{"@id":"https:\/\/www.jinyupaint.com\/product\/fortiflex-s-polyaspartic-solid-colored-fast-cure-seamless-flooring-system#breadcrumb"},"inLanguage":"fr-FR","potentialAction":[{"@type":"ReadAction","target":["https:\/\/www.jinyupaint.com\/product\/fortiflex-s-polyaspartic-solid-colored-fast-cure-seamless-flooring-system"]}]},{"@type":"ImageObject","inLanguage":"fr-FR","@id":"https:\/\/www.jinyupaint.com\/product\/fortiflex-s-polyaspartic-solid-colored-fast-cure-seamless-flooring-system#primaryimage","url":"https:\/\/www.jinyupaint.com\/wp-content\/uploads\/2025\/11\/FortiFlex-S-Polyaspartic-Solid-Colored-Fast-Cure-Seamless-Flooring-System.jpg","contentUrl":"https:\/\/www.jinyupaint.com\/wp-content\/uploads\/2025\/11\/FortiFlex-S-Polyaspartic-Solid-Colored-Fast-Cure-Seamless-Flooring-System.jpg","width":800,"height":800,"caption":"FortiFlex S Polyaspartic Solid-Colored Fast-Cure Seamless Flooring System"},{"@type":"BreadcrumbList","@id":"https:\/\/www.jinyupaint.com\/product\/fortiflex-s-polyaspartic-solid-colored-fast-cure-seamless-flooring-system#breadcrumb","itemListElement":[{"@type":"ListItem","position":1,"name":"Home","item":"https:\/\/www.jinyupaint.com\/"},{"@type":"ListItem","position":2,"name":"Shop","item":"https:\/\/www.jinyupaint.com\/shop.html"},{"@type":"ListItem","position":3,"name":"FortiFlex S Polyaspartic Solid-Colored Fast-Cure Seamless Flooring System"}]},{"@type":"WebSite","@id":"https:\/\/www.jinyupaint.com\/#website","url":"https:\/\/www.jinyupaint.com\/","name":"JINYU\u00ae PAINT","description":"JINYU PAINT\u00ae Fabricant","potentialAction":[{"@type":"SearchAction","target":{"@type":"EntryPoint","urlTemplate":"https:\/\/www.jinyupaint.com\/?s={search_term_string}"},"query-input":{"@type":"PropertyValueSpecification","valueRequired":true,"valueName":"search_term_string"}}],"inLanguage":"fr-FR"}]}},"_links":{"self":[{"href":"https:\/\/www.jinyupaint.com\/fr\/wp-json\/wp\/v2\/product\/6207","targetHints":{"allow":["GET"]}}],"collection":[{"href":"https:\/\/www.jinyupaint.com\/fr\/wp-json\/wp\/v2\/product"}],"about":[{"href":"https:\/\/www.jinyupaint.com\/fr\/wp-json\/wp\/v2\/types\/product"}],"wp:featuredmedia":[{"embeddable":true,"href":"https:\/\/www.jinyupaint.com\/fr\/wp-json\/wp\/v2\/media\/6208"}],"wp:attachment":[{"href":"https:\/\/www.jinyupaint.com\/fr\/wp-json\/wp\/v2\/media?parent=6207"}],"wp:term":[{"taxonomy":"product_brand","embeddable":true,"href":"https:\/\/www.jinyupaint.com\/fr\/wp-json\/wp\/v2\/product_brand?post=6207"},{"taxonomy":"product_cat","embeddable":true,"href":"https:\/\/www.jinyupaint.com\/fr\/wp-json\/wp\/v2\/product_cat?post=6207"},{"taxonomy":"product_tag","embeddable":true,"href":"https:\/\/www.jinyupaint.com\/fr\/wp-json\/wp\/v2\/product_tag?post=6207"}],"curies":[{"name":"wp","href":"https:\/\/api.w.org\/{rel}","templated":true}]}}