{"id":6141,"date":"2025-10-22T00:11:35","date_gmt":"2025-10-22T00:11:35","guid":{"rendered":"https:\/\/www.jinyupaint.com\/?post_type=product&#038;p=6141"},"modified":"2025-12-01T04:48:34","modified_gmt":"2025-12-01T04:48:34","slug":"fortiflex-4850-polyaspartic-floor-coating","status":"publish","type":"product","link":"https:\/\/www.jinyupaint.com\/fr\/produit\/fortiflex-4850-polyaspartic-floor-coating","title":{"rendered":"FortiFlex 4850 Rev\u00eatement de sol polyaspartique"},"content":{"rendered":"<p class=\"ds-markdown-paragraph\">Lorsque vous recherchez un rev\u00eatement de sol polyaspartique, vous \u00eates probablement \u00e0 la recherche d'une solution qui allie rapidit\u00e9, durabilit\u00e9 et finition impeccable, sans marques de rouleau ni temps d'arr\u00eat prolong\u00e9. Vous l'avez trouv\u00e9e.<\/p>\n<p class=\"ds-markdown-paragraph\">Le rev\u00eatement de sol polyaspartique FortiFlex 4850 SS est un rev\u00eatement avanc\u00e9 \u00e0 deux composants con\u00e7u pour les applicateurs qui exigent pr\u00e9cision et efficacit\u00e9. Qu'il s'agisse de rev\u00eatir le sol d'un entrep\u00f4t, d'un garage ou d'une installation pharmaceutique, ce produit offre une finition uniforme et brillante qui r\u00e9siste au trafic intense, aux produits chimiques et au temps.<\/p>\n<h2><strong>Qu'est-ce que le rev\u00eatement de sol polyaspartique FortiFlex 4850 ?<\/strong><\/h2>\n<p class=\"ds-markdown-paragraph\">FortiFlex 4850 est un rev\u00eatement polyaspartique \u00e0 haute teneur en solides et \u00e0 prise lente qui offre une flexibilit\u00e9 in\u00e9gal\u00e9e pour les projets de rev\u00eatement de sol. Ses propri\u00e9t\u00e9s avanc\u00e9es d'\u00e9coulement et de nivellement minimisent les marques de rouleau, ce qui le rend id\u00e9al pour les applications \u00e0 grande \u00e9chelle o\u00f9 une finition lisse et professionnelle n'est pas n\u00e9gociable.<\/p>\n<p class=\"ds-markdown-paragraph\">Mais qu'est-ce que cela signifie pour vous ?<\/p>\n<ul>\n<li><strong>Technologie de r\u00e9glage plus lent<\/strong>: Plus de temps de travail (15-20 minutes) pour perfectionner votre application.<\/li>\n<li><strong>R\u00e9sistance aux ultraviolets et aux intemp\u00e9ries<\/strong>: Pas de jaunissement ni de d\u00e9gradation, m\u00eame dans les zones expos\u00e9es au soleil.<\/li>\n<li><strong>Polym\u00e9risation \u00e0 basse temp\u00e9rature<\/strong>: Appliquer \u00e0 des temp\u00e9ratures aussi basses que 35\u00b0F (1,7\u00b0C).<\/li>\n<\/ul>\n<h2><strong>Principaux avantages : Pourquoi choisir le FortiFlex 4850 ?<\/strong><\/h2>\n<h4>1.\u00a0<strong>Temps de durcissement rapide<\/strong><\/h4>\n<ul>\n<li><strong>Trafic pi\u00e9tonnier en seulement 6 heures<\/strong>: Reprenez vos activit\u00e9s plus rapidement.<\/li>\n<li><strong>Trafic de roues en 24 heures<\/strong>: Id\u00e9al pour les entrep\u00f4ts, les salles d'exposition automobile et les installations industrielles.<\/li>\n<\/ul>\n<h4>2.\u00a0<strong>Finition impeccable<\/strong><\/h4>\n<ul>\n<li><strong>Les lignes du rouleau s'estompent<\/strong>: La formule autonivelante assure un fini lisse et brillant sans stries ni imperfections.<\/li>\n<\/ul>\n<h4>3.\u00a0<strong>Durabilit\u00e9 exceptionnelle<\/strong><\/h4>\n<ul>\n<li><strong>R\u00e9sistance chimique<\/strong>: R\u00e9siste aux huiles, aux solvants et aux produits de nettoyage.<\/li>\n<li><strong>R\u00e9sistance m\u00e9canique<\/strong>: R\u00e9siste aux chocs, \u00e0 l'abrasion et aux charges lourdes.<\/li>\n<\/ul>\n<h4>4.\u00a0<strong>Applications polyvalentes<\/strong><\/h4>\n<p class=\"ds-markdown-paragraph\">De\u00a0<strong>planchers de garage<\/strong> aux usines de transformation alimentaire inspect\u00e9es par l'USDA, le FortiFlex 4850 est adapt\u00e9 aux :<\/p>\n<ul>\n<li>Installations pharmaceutiques et de soins de sant\u00e9<\/li>\n<li>Salles d'exposition automobile<\/li>\n<li>Chambres propres<\/li>\n<li>Rev\u00eatements de sol r\u00e9sidentiels et commerciaux<\/li>\n<\/ul>\n<h2><strong>Sp\u00e9cifications techniques<\/strong><\/h2>\n<div class=\"ds-scroll-area _1210dd7\">\n<div class=\"ds-scroll-area__gutters\">\n<div class=\"ds-scroll-area__vertical-gutter\"><\/div>\n<\/div>\n<table>\n<thead>\n<tr>\n<th>Fonctionnalit\u00e9<\/th>\n<th>D\u00e9tails<\/th>\n<\/tr>\n<\/thead>\n<tbody>\n<tr>\n<td>Rapport de m\u00e9lange<\/td>\n<td>2:1 (Partie A : Partie B)<\/td>\n<\/tr>\n<tr>\n<td>Volume Solides<\/td>\n<td>94% \u00b1 2%<\/td>\n<\/tr>\n<tr>\n<td>Teneur en COV<\/td>\n<td>&lt;100 g\/L<\/td>\n<\/tr>\n<tr>\n<td>Sheen<\/td>\n<td>Brillant<\/td>\n<\/tr>\n<tr>\n<td>La vie en pot<\/td>\n<td>20-25 minutes<\/td>\n<\/tr>\n<tr>\n<td>Temps de travail<\/td>\n<td>15 minutes<\/td>\n<\/tr>\n<\/tbody>\n<\/table>\n<\/div>\n<h4><strong>Mesures de performance<\/strong><\/h4>\n<ul>\n<li><strong>R\u00e9sistance \u00e0 l'abrasion<\/strong>: 80 m\/g de perte (ASTM D4060)<\/li>\n<li><strong>Adh\u00e9sion<\/strong>: 425 psi (ASTM D4541)<\/li>\n<li><strong>R\u00e9sistance aux chocs<\/strong>: 100 (ASTM D2794)<\/li>\n<li><strong>Duret\u00e9<\/strong>: Shore D 69 (ASTM D2240)<\/li>\n<\/ul>\n<h2><strong>Comparaison : Polyaspartic vs. Epoxy<\/strong><\/h2>\n<p class=\"ds-markdown-paragraph\">Si vous comparez\u00a0<strong>Rev\u00eatements polyaspartiques ou \u00e9poxydiques<\/strong>Voici pourquoi le FortiFlex 4850 se distingue :<\/p>\n<ul>\n<li><strong>Temps de durcissement plus rapide<\/strong>: Plus besoin d'attendre des jours pour que votre sol soit utilisable.<\/li>\n<li><strong>R\u00e9sistance sup\u00e9rieure aux UV<\/strong>: Contrairement \u00e0 l'\u00e9poxy, il ne jaunit pas et ne se craqu\u00e8le pas avec le temps.<\/li>\n<li><strong>Une application plus facile<\/strong>: La technologie de r\u00e9glage plus lent vous donne plus de contr\u00f4le.<\/li>\n<\/ul>\n<h2><strong>Utilisations id\u00e9ales du FortiFlex 4850<\/strong><\/h2>\n<p class=\"ds-markdown-paragraph\">Vous vous demandez si ce rev\u00eatement convient \u00e0 votre projet ? Voici quelques applications courantes :<\/p>\n<ol start=\"1\">\n<li>\n<p class=\"ds-markdown-paragraph\"><strong>Planchers de garage<\/strong>: Prot\u00e8ge contre les taches d'huile, les traces de pneus et le trafic pi\u00e9tonnier intense.<\/p>\n<\/li>\n<li>\n<p class=\"ds-markdown-paragraph\"><strong>Cuisines commerciales<\/strong>: R\u00e9siste aux produits chimiques et \u00e0 l'humidit\u00e9, et r\u00e9pond aux normes de l'USDA et du Canada en mati\u00e8re de transformation des aliments.<\/p>\n<\/li>\n<li>\n<p class=\"ds-markdown-paragraph\"><strong>\u00c9tablissements de soins de sant\u00e9<\/strong>: Offre une surface homog\u00e8ne et facile \u00e0 nettoyer pour les couloirs et les zones de traitement.<\/p>\n<\/li>\n<li>\n<p class=\"ds-markdown-paragraph\"><strong>Entrep\u00f4ts<\/strong>: Supporte le trafic des chariots \u00e9l\u00e9vateurs et les charges lourdes sans se fissurer ni s'\u00e9cailler.<\/p>\n<\/li>\n<\/ol>\n<h2><strong>Guide d'application<\/strong><\/h2>\n<h4><strong>Pr\u00e9paration de la surface<\/strong><\/h4>\n<ul>\n<li><strong>B\u00e9ton<\/strong>: Nettoyer, s\u00e9cher et profiler selon les normes CSP-3.<\/li>\n<li><strong>Rev\u00eatements existants<\/strong>: Abraser avec du papier de verre de grain 60-80 pour une bonne adh\u00e9rence.<\/li>\n<\/ul>\n<h4><strong>M\u00e9lange et application<\/strong><\/h4>\n<ol start=\"1\">\n<li>\n<p class=\"ds-markdown-paragraph\"><strong>Rapport de m\u00e9lange<\/strong>: Combiner 2 parties de r\u00e9sine (partie A) avec 1 partie de durcisseur (partie B).<\/p>\n<\/li>\n<li>\n<p class=\"ds-markdown-paragraph\"><strong>Outils d'application<\/strong>: Utiliser une raclette et passer un rouleau \u00e0 poils de 3\/8\".<\/p>\n<\/li>\n<li>\n<p class=\"ds-markdown-paragraph\"><strong>Taux d'\u00e9talement<\/strong>: 106-162 pi2 par gallon pour une \u00e9paisseur de film humide de 10-15 mil.<\/p>\n<\/li>\n<\/ol>\n<h4><strong>Conditions environnementales<\/strong><\/h4>\n<ul>\n<li><strong>Temp\u00e9rature<\/strong>: 35\u00b0F (1,7\u00b0C) \u00e0 120\u00b0F (49\u00b0C)<\/li>\n<li><strong>Humidit\u00e9<\/strong>: Jusqu'\u00e0 85% d'humidit\u00e9 relative<\/li>\n<\/ul>\n<h2><strong>Questions fr\u00e9quemment pos\u00e9es<\/strong><\/h2>\n<h4><strong>1. Combien co\u00fbte un rev\u00eatement de sol polyaspartique ?<\/strong><\/h4>\n<p class=\"ds-markdown-paragraph\">Bien que les prix varient, le FortiFlex 4850 offre une valeur \u00e0 long terme gr\u00e2ce \u00e0 sa durabilit\u00e9 et \u00e0 la r\u00e9duction des temps d'arr\u00eat. Pour un devis d\u00e9taill\u00e9, contactez notre \u00e9quipe.<\/p>\n<h4><strong>2. Puis-je appliquer un rev\u00eatement polyaspartique sur de l'\u00e9poxy ?<\/strong><\/h4>\n<p class=\"ds-markdown-paragraph\">Oui ! Il suffit d'abraser la surface \u00e9poxy existante avec du papier de verre de grain 60-80 avant d'appliquer le FortiFlex 4850.<\/p>\n<h4><strong>3. Ce rev\u00eatement est-il disponible pr\u00e8s de chez moi ?<\/strong><\/h4>\n<p class=\"ds-markdown-paragraph\">Le FortiFlex 4850 est disponible dans les magasins KAIDA PAINT et chez les distributeurs agr\u00e9\u00e9s. Utilisez notre localisateur de magasins pour trouver un revendeur pr\u00e8s de chez vous.<\/p>\n<h2><strong>Pourquoi faire confiance \u00e0 KAIDA PAINT ?<\/strong><\/h2>\n<p class=\"ds-markdown-paragraph\">Avec plus de 150 ans de leadership dans l'industrie, KAIDA PAINT est un nom auquel vous pouvez faire confiance. Nos produits sont rigoureusement test\u00e9s et font l'objet de la confiance des professionnels dans :<\/p>\n<ul>\n<li><strong>Rev\u00eatements de sol industriels et commerciaux<\/strong><\/li>\n<li><strong>Transformation des aliments et des boissons<\/strong><\/li>\n<li><strong>Produits pharmaceutiques et soins de sant\u00e9<\/strong><\/li>\n<\/ul>\n<p class=\"ds-markdown-paragraph\">Nous ne nous contentons pas de vendre des rev\u00eatements, nous proposons des solutions.<\/p>\n<h2><strong>Pr\u00eat \u00e0 transformer vos sols ?<\/strong><\/h2>\n<p class=\"ds-markdown-paragraph\">Ne vous contentez pas d'un rev\u00eatement qui vous ralentit. Le FortiFlex 4850 offre la vitesse, la durabilit\u00e9 et la finition dont vous avez besoin, sans aucun compromis.<\/p>\n<p class=\"ds-markdown-paragraph\"><strong>Commandez le v\u00f4tre d\u00e8s aujourd'hui ou contactez nos experts pour une solution personnalis\u00e9e.<\/strong><\/p>","protected":false},"excerpt":{"rendered":"<p>D\u00e9couvrez FortiFlex 4850, le rev\u00eatement de sol polyaspartique avanc\u00e9 qui red\u00e9finit l'efficacit\u00e9 et la performance pour les professionnels. Con\u00e7u comme une formule \u00e0 prise plus lente et \u00e0 haute teneur en solides, il vous offre une fen\u00eatre de travail \u00e9tendue pour une application impeccable, m\u00eame sur des sols \u00e9tendus. Ses caract\u00e9ristiques autolissantes sup\u00e9rieures minimisent sans effort les marques de rouleau, ce qui permet d'obtenir un fini uniforme et tr\u00e8s brillant, aussi durable qu'esth\u00e9tique. Ce rev\u00eatement allie une rapidit\u00e9 remarquable \u00e0 une protection robuste, permettant la circulation des pi\u00e9tons en seulement six heures et offrant une excellente r\u00e9sistance aux produits chimiques, aux impacts et \u00e0 l'exposition aux UV. Id\u00e9al pour les environnements exigeants, des entrep\u00f4ts industriels aux installations de transformation alimentaire, le FortiFlex 4850 offre un r\u00e9sultat sup\u00e9rieur et durable qui r\u00e9siste aux conditions les plus difficiles.<\/p>","protected":false},"featured_media":6142,"template":"","meta":{"om_disable_all_campaigns":false,"_monsterinsights_skip_tracking":false,"_monsterinsights_sitenote_active":false,"_monsterinsights_sitenote_note":"","_monsterinsights_sitenote_category":0,"_uf_show_specific_survey":0,"_uf_disable_surveys":false},"product_brand":[],"product_cat":[128,801],"product_tag":[753,641,804,802,803,805],"class_list":{"0":"post-6141","1":"product","2":"type-product","3":"status-publish","4":"has-post-thumbnail","6":"product_cat-flooring-system","7":"product_cat-polyaspartic-and-polyurea-coatings","8":"product_tag-garage-floor-coating","9":"product_tag-industrial-floor-coating","10":"product_tag-polyaspartic-coating-cost","11":"product_tag-polyaspartic-floor-coating","12":"product_tag-polyaspartic-garage-floor","13":"product_tag-polyaspartic-vs-epoxy","15":"first","16":"instock","17":"shipping-taxable","18":"product-type-simple"},"yoast_head":"<!-- This site is optimized with the Yoast SEO Premium plugin v26.2 (Yoast SEO v26.5) - https:\/\/yoast.com\/wordpress\/plugins\/seo\/ -->\n<title>FortiFlex 4850 Polyaspartic Floor Coating - KAIDA PAINT\u00ae<\/title>\n<meta name=\"description\" content=\"Discover FortiFlex 4850 Polyaspartic Floor Coating - a slower-set, high-solids formula offering extended working time and superior self-leveling. Achieve a uniform, high-gloss finish with excellent chemical resistance. Ideal for industrial, commercial, and residential floors. Foot traffic ready in just 6 hours.\" \/>\n<meta name=\"robots\" content=\"index, follow, max-snippet:-1, max-image-preview:large, max-video-preview:-1\" \/>\n<link rel=\"canonical\" href=\"https:\/\/www.jinyupaint.com\/fr\/produit\/fortiflex-4850-polyaspartic-floor-coating\/\" \/>\n<meta property=\"og:locale\" content=\"fr_FR\" \/>\n<meta property=\"og:type\" content=\"article\" \/>\n<meta property=\"og:title\" content=\"FortiFlex 4850 Polyaspartic Floor Coating\" \/>\n<meta property=\"og:description\" content=\"Discover FortiFlex 4850 Polyaspartic Floor Coating - a slower-set, high-solids formula offering extended working time and superior self-leveling. Achieve a uniform, high-gloss finish with excellent chemical resistance. Ideal for industrial, commercial, and residential floors. Foot traffic ready in just 6 hours.\" \/>\n<meta property=\"og:url\" content=\"https:\/\/www.jinyupaint.com\/fr\/produit\/fortiflex-4850-polyaspartic-floor-coating\/\" \/>\n<meta property=\"og:site_name\" content=\"KAIDA PAINT\u00ae\" \/>\n<meta property=\"article:modified_time\" content=\"2025-12-01T04:48:34+00:00\" \/>\n<meta property=\"og:image\" content=\"https:\/\/www.jinyupaint.com\/wp-content\/uploads\/2025\/10\/FortiFlex-4850-Polyaspartic-Floor-Coating.jpg\" \/>\n\t<meta property=\"og:image:width\" content=\"800\" \/>\n\t<meta property=\"og:image:height\" content=\"800\" \/>\n\t<meta property=\"og:image:type\" content=\"image\/jpeg\" \/>\n<meta name=\"twitter:card\" content=\"summary_large_image\" \/>\n<meta name=\"twitter:label1\" content=\"Dur\u00e9e de lecture estim\u00e9e\" \/>\n\t<meta name=\"twitter:data1\" content=\"4 minutes\" \/>\n<script type=\"application\/ld+json\" class=\"yoast-schema-graph\">{\"@context\":\"https:\/\/schema.org\",\"@graph\":[{\"@type\":\"WebPage\",\"@id\":\"https:\/\/www.jinyupaint.com\/product\/fortiflex-4850-polyaspartic-floor-coating\",\"url\":\"https:\/\/www.jinyupaint.com\/product\/fortiflex-4850-polyaspartic-floor-coating\",\"name\":\"FortiFlex 4850 Polyaspartic Floor Coating - KAIDA PAINT\u00ae\",\"isPartOf\":{\"@id\":\"https:\/\/www.jinyupaint.com\/#website\"},\"primaryImageOfPage\":{\"@id\":\"https:\/\/www.jinyupaint.com\/product\/fortiflex-4850-polyaspartic-floor-coating#primaryimage\"},\"image\":{\"@id\":\"https:\/\/www.jinyupaint.com\/product\/fortiflex-4850-polyaspartic-floor-coating#primaryimage\"},\"thumbnailUrl\":\"https:\/\/www.jinyupaint.com\/wp-content\/uploads\/2025\/10\/FortiFlex-4850-Polyaspartic-Floor-Coating.jpg\",\"datePublished\":\"2025-10-22T00:11:35+00:00\",\"dateModified\":\"2025-12-01T04:48:34+00:00\",\"description\":\"Discover FortiFlex 4850 Polyaspartic Floor Coating - a slower-set, high-solids formula offering extended working time and superior self-leveling. Achieve a uniform, high-gloss finish with excellent chemical resistance. Ideal for industrial, commercial, and residential floors. Foot traffic ready in just 6 hours.\",\"breadcrumb\":{\"@id\":\"https:\/\/www.jinyupaint.com\/product\/fortiflex-4850-polyaspartic-floor-coating#breadcrumb\"},\"inLanguage\":\"fr-FR\",\"potentialAction\":[{\"@type\":\"ReadAction\",\"target\":[\"https:\/\/www.jinyupaint.com\/product\/fortiflex-4850-polyaspartic-floor-coating\"]}]},{\"@type\":\"ImageObject\",\"inLanguage\":\"fr-FR\",\"@id\":\"https:\/\/www.jinyupaint.com\/product\/fortiflex-4850-polyaspartic-floor-coating#primaryimage\",\"url\":\"https:\/\/www.jinyupaint.com\/wp-content\/uploads\/2025\/10\/FortiFlex-4850-Polyaspartic-Floor-Coating.jpg\",\"contentUrl\":\"https:\/\/www.jinyupaint.com\/wp-content\/uploads\/2025\/10\/FortiFlex-4850-Polyaspartic-Floor-Coating.jpg\",\"width\":800,\"height\":800,\"caption\":\"FortiFlex 4850 Polyaspartic Floor Coating\"},{\"@type\":\"BreadcrumbList\",\"@id\":\"https:\/\/www.jinyupaint.com\/product\/fortiflex-4850-polyaspartic-floor-coating#breadcrumb\",\"itemListElement\":[{\"@type\":\"ListItem\",\"position\":1,\"name\":\"Home\",\"item\":\"https:\/\/www.jinyupaint.com\/\"},{\"@type\":\"ListItem\",\"position\":2,\"name\":\"Shop\",\"item\":\"https:\/\/www.jinyupaint.com\/shop.html\"},{\"@type\":\"ListItem\",\"position\":3,\"name\":\"FortiFlex 4850 Polyaspartic Floor Coating\"}]},{\"@type\":\"WebSite\",\"@id\":\"https:\/\/www.jinyupaint.com\/#website\",\"url\":\"https:\/\/www.jinyupaint.com\/\",\"name\":\"JINYU\u00ae PAINT\",\"description\":\"JINYU PAINT\u00ae Manufacturer\",\"potentialAction\":[{\"@type\":\"SearchAction\",\"target\":{\"@type\":\"EntryPoint\",\"urlTemplate\":\"https:\/\/www.jinyupaint.com\/?s={search_term_string}\"},\"query-input\":{\"@type\":\"PropertyValueSpecification\",\"valueRequired\":true,\"valueName\":\"search_term_string\"}}],\"inLanguage\":\"fr-FR\"}]}<\/script>\n<!-- \/ Yoast SEO Premium plugin. -->","yoast_head_json":{"title":"FortiFlex 4850 Polyaspartic Floor Coating - KAIDA PAINT\u00ae","description":"D\u00e9couvrez le rev\u00eatement de sol polyaspartique FortiFlex 4850 - une formule \u00e0 prise plus lente et \u00e0 forte teneur en solides offrant un temps de travail prolong\u00e9 et un nivellement automatique sup\u00e9rieur. Permet d'obtenir une finition uniforme et tr\u00e8s brillante avec une excellente r\u00e9sistance chimique. Id\u00e9al pour les sols industriels, commerciaux et r\u00e9sidentiels. Pr\u00eat pour le trafic pi\u00e9tonnier en seulement 6 heures.","robots":{"index":"index","follow":"follow","max-snippet":"max-snippet:-1","max-image-preview":"max-image-preview:large","max-video-preview":"max-video-preview:-1"},"canonical":"https:\/\/www.jinyupaint.com\/fr\/produit\/fortiflex-4850-polyaspartic-floor-coating\/","og_locale":"fr_FR","og_type":"article","og_title":"FortiFlex 4850 Polyaspartic Floor Coating","og_description":"Discover FortiFlex 4850 Polyaspartic Floor Coating - a slower-set, high-solids formula offering extended working time and superior self-leveling. Achieve a uniform, high-gloss finish with excellent chemical resistance. Ideal for industrial, commercial, and residential floors. Foot traffic ready in just 6 hours.","og_url":"https:\/\/www.jinyupaint.com\/fr\/produit\/fortiflex-4850-polyaspartic-floor-coating\/","og_site_name":"KAIDA PAINT\u00ae","article_modified_time":"2025-12-01T04:48:34+00:00","og_image":[{"width":800,"height":800,"url":"https:\/\/www.jinyupaint.com\/wp-content\/uploads\/2025\/10\/FortiFlex-4850-Polyaspartic-Floor-Coating.jpg","type":"image\/jpeg"}],"twitter_card":"summary_large_image","twitter_misc":{"Dur\u00e9e de lecture estim\u00e9e":"4 minutes"},"schema":{"@context":"https:\/\/schema.org","@graph":[{"@type":"WebPage","@id":"https:\/\/www.jinyupaint.com\/product\/fortiflex-4850-polyaspartic-floor-coating","url":"https:\/\/www.jinyupaint.com\/product\/fortiflex-4850-polyaspartic-floor-coating","name":"FortiFlex 4850 Polyaspartic Floor Coating - KAIDA PAINT\u00ae","isPartOf":{"@id":"https:\/\/www.jinyupaint.com\/#website"},"primaryImageOfPage":{"@id":"https:\/\/www.jinyupaint.com\/product\/fortiflex-4850-polyaspartic-floor-coating#primaryimage"},"image":{"@id":"https:\/\/www.jinyupaint.com\/product\/fortiflex-4850-polyaspartic-floor-coating#primaryimage"},"thumbnailUrl":"https:\/\/www.jinyupaint.com\/wp-content\/uploads\/2025\/10\/FortiFlex-4850-Polyaspartic-Floor-Coating.jpg","datePublished":"2025-10-22T00:11:35+00:00","dateModified":"2025-12-01T04:48:34+00:00","description":"D\u00e9couvrez le rev\u00eatement de sol polyaspartique FortiFlex 4850 - une formule \u00e0 prise plus lente et \u00e0 forte teneur en solides offrant un temps de travail prolong\u00e9 et un nivellement automatique sup\u00e9rieur. Permet d'obtenir une finition uniforme et tr\u00e8s brillante avec une excellente r\u00e9sistance chimique. Id\u00e9al pour les sols industriels, commerciaux et r\u00e9sidentiels. Pr\u00eat pour le trafic pi\u00e9tonnier en seulement 6 heures.","breadcrumb":{"@id":"https:\/\/www.jinyupaint.com\/product\/fortiflex-4850-polyaspartic-floor-coating#breadcrumb"},"inLanguage":"fr-FR","potentialAction":[{"@type":"ReadAction","target":["https:\/\/www.jinyupaint.com\/product\/fortiflex-4850-polyaspartic-floor-coating"]}]},{"@type":"ImageObject","inLanguage":"fr-FR","@id":"https:\/\/www.jinyupaint.com\/product\/fortiflex-4850-polyaspartic-floor-coating#primaryimage","url":"https:\/\/www.jinyupaint.com\/wp-content\/uploads\/2025\/10\/FortiFlex-4850-Polyaspartic-Floor-Coating.jpg","contentUrl":"https:\/\/www.jinyupaint.com\/wp-content\/uploads\/2025\/10\/FortiFlex-4850-Polyaspartic-Floor-Coating.jpg","width":800,"height":800,"caption":"FortiFlex 4850 Polyaspartic Floor Coating"},{"@type":"BreadcrumbList","@id":"https:\/\/www.jinyupaint.com\/product\/fortiflex-4850-polyaspartic-floor-coating#breadcrumb","itemListElement":[{"@type":"ListItem","position":1,"name":"Home","item":"https:\/\/www.jinyupaint.com\/"},{"@type":"ListItem","position":2,"name":"Shop","item":"https:\/\/www.jinyupaint.com\/shop.html"},{"@type":"ListItem","position":3,"name":"FortiFlex 4850 Polyaspartic Floor Coating"}]},{"@type":"WebSite","@id":"https:\/\/www.jinyupaint.com\/#website","url":"https:\/\/www.jinyupaint.com\/","name":"JINYU\u00ae PAINT","description":"JINYU PAINT\u00ae Fabricant","potentialAction":[{"@type":"SearchAction","target":{"@type":"EntryPoint","urlTemplate":"https:\/\/www.jinyupaint.com\/?s={search_term_string}"},"query-input":{"@type":"PropertyValueSpecification","valueRequired":true,"valueName":"search_term_string"}}],"inLanguage":"fr-FR"}]}},"_links":{"self":[{"href":"https:\/\/www.jinyupaint.com\/fr\/wp-json\/wp\/v2\/product\/6141","targetHints":{"allow":["GET"]}}],"collection":[{"href":"https:\/\/www.jinyupaint.com\/fr\/wp-json\/wp\/v2\/product"}],"about":[{"href":"https:\/\/www.jinyupaint.com\/fr\/wp-json\/wp\/v2\/types\/product"}],"wp:featuredmedia":[{"embeddable":true,"href":"https:\/\/www.jinyupaint.com\/fr\/wp-json\/wp\/v2\/media\/6142"}],"wp:attachment":[{"href":"https:\/\/www.jinyupaint.com\/fr\/wp-json\/wp\/v2\/media?parent=6141"}],"wp:term":[{"taxonomy":"product_brand","embeddable":true,"href":"https:\/\/www.jinyupaint.com\/fr\/wp-json\/wp\/v2\/product_brand?post=6141"},{"taxonomy":"product_cat","embeddable":true,"href":"https:\/\/www.jinyupaint.com\/fr\/wp-json\/wp\/v2\/product_cat?post=6141"},{"taxonomy":"product_tag","embeddable":true,"href":"https:\/\/www.jinyupaint.com\/fr\/wp-json\/wp\/v2\/product_tag?post=6141"}],"curies":[{"name":"wp","href":"https:\/\/api.w.org\/{rel}","templated":true}]}}