{"id":6067,"date":"2025-10-13T05:34:13","date_gmt":"2025-10-13T05:34:13","guid":{"rendered":"https:\/\/www.jinyupaint.com\/?post_type=product&#038;p=6067"},"modified":"2025-12-01T06:15:17","modified_gmt":"2025-12-01T06:15:17","slug":"polyurea-lite-residential-diy-garage-floor-coating-kit","status":"publish","type":"product","link":"https:\/\/www.jinyupaint.com\/fr\/produit\/polyurea-lite-residential-diy-garage-floor-coating-kit","title":{"rendered":"Polyurea Lite Residential DIY Garage Floor Coating Kit (Kit de rev\u00eatement de sol de garage r\u00e9sidentiel)"},"content":{"rendered":"<h2 class=\"ds-markdown-paragraph\"><strong>Description du produit :<\/strong><\/h2>\n<p class=\"ds-markdown-paragraph\"><strong>Transformez votre garage avec notre rev\u00eatement de qualit\u00e9 professionnelle Polyurea Lite Coating<\/strong><\/p>\n<p class=\"ds-markdown-paragraph\">Vous en avez assez de voir des sols en b\u00e9ton tach\u00e9s, fissur\u00e9s ou ternes ? Notre kit de rev\u00eatement de sol de garage Polyurea Lite offre une finition rentable, durable et \u00e9tonnamment brillante, con\u00e7ue sp\u00e9cifiquement pour un usage r\u00e9sidentiel. Que vous soyez confront\u00e9 \u00e0 des d\u00e9versements d'huile, des taches de produits chimiques ou que vous souhaitiez simplement que votre garage soit aussi beau que l'int\u00e9rieur de votre maison, ce kit offre une surface r\u00e9sistante et stable aux UV qui r\u00e9siste \u00e0 l'usure quotidienne, le tout pour une fraction du co\u00fbt des syst\u00e8mes de qualit\u00e9 industrielle.<\/p>\n<blockquote>\n<p class=\"ds-markdown-paragraph\">\ud83d\udee0\ufe0f\u00a0<strong>Id\u00e9al pour :<\/strong>\u00a0Les propri\u00e9taires, les bricoleurs et tous ceux qui recherchent un rev\u00eatement de sol de garage performant, facile \u00e0 appliquer et con\u00e7u pour durer.<\/p>\n<\/blockquote>\n<h2 class=\"ds-markdown-paragraph\"><strong>Pourquoi choisir notre rev\u00eatement de sol de garage Polyurea Lite ?<\/strong><\/h2>\n<ul>\n<li><strong>Durabilit\u00e9 exceptionnelle :<\/strong> R\u00e9sistant aux produits chimiques, \u00e0 l'abrasion et aux chocs - parfait pour les environnements de garage.<\/li>\n<li><strong>Finition brillante stable aux UV :<\/strong> Conserve sa brillance et sa couleur, m\u00eame sous la lumi\u00e8re directe du soleil.<\/li>\n<li><strong>Application facile \u00e0 r\u00e9aliser soi-m\u00eame<\/strong>: Comprend tout ce dont vous avez besoin pour obtenir un r\u00e9sultat de qualit\u00e9 professionnelle.<\/li>\n<li><strong>Temps de durcissement rapide<\/strong>: Retournez dans votre garage plus rapidement qu'avec un \u00e9poxy traditionnel.<\/li>\n<li><strong>Look personnalisable<\/strong>: Choisissez parmi plusieurs couleurs et m\u00e9langes de paillettes pour vous adapter \u00e0 votre style.<\/li>\n<\/ul>\n<h2 class=\"ds-markdown-paragraph\"><strong>Principales caract\u00e9ristiques et avantages<\/strong><\/h2>\n<p class=\"ds-markdown-paragraph\">\u2705\u00a0<strong>R\u00e9sistance aux produits chimiques et aux taches<\/strong><br \/>\nLes d\u00e9versements sont fr\u00e9quents. Gr\u00e2ce \u00e0 notre rev\u00eatement en polyur\u00e9e, l'essence, l'huile et les produits chimiques m\u00e9nagers s'essuient sans endommager la surface.<\/p>\n<p style=\"margin-bottom: 0px;\">\u2705\u00a0<strong>Des options d'\u00e9paisseur pour tous les besoins<\/strong><\/p>\n<ul>\n<li><strong>Polyurea Lite Only<\/strong>Le produit a une \u00e9paisseur de 7 \u00e0 8 mils, ce qui est id\u00e9al pour les b\u00e9tons plus r\u00e9cents ou non poreux.<\/li>\n<li><strong>Polyurea Lite + Epoxy Base<\/strong>Les couleurs : 9-11 mil d'\u00e9paisseur - recommand\u00e9 pour les sols plus anciens, poreux ou fra\u00eechement recouverts de terre. Egalement requis pour les couleurs autres que le gris ou le clair.<\/li>\n<\/ul>\n<p class=\"ds-markdown-paragraph\">\u2705\u00a0<strong>Antid\u00e9rapant et s\u00fbr<\/strong><br \/>\nComprend\u00a0<strong>Additif antid\u00e9rapant \u00e0 base d'alumine tabulaire<\/strong>\u00a0pour plus de s\u00e9curit\u00e9, m\u00eame lorsque le sol est mouill\u00e9.<\/p>\n<p class=\"ds-markdown-paragraph\">\u2705\u00a0<strong>Kit complet<\/strong><br \/>\nPas d'approximation. Chaque kit comprend<\/p>\n<ul>\n<li>Couche de base \u00e9poxydique transparente en deux parties (si s\u00e9lectionn\u00e9e)<\/li>\n<li>Couche de base color\u00e9e en polyur\u00e9e<\/li>\n<li>Couche de finition transparente en polyur\u00e9e<\/li>\n<li>Additif antid\u00e9rapant<\/li>\n<li>Flocons de polym\u00e8re (pour personnalisation)<\/li>\n<li>Couvre-rouleaux 9<\/li>\n<\/ul>\n<h2 class=\"ds-markdown-paragraph\"><strong>Sp\u00e9cifications techniques<\/strong><\/h2>\n<div class=\"ds-scroll-area _1210dd7\">\n<table>\n<thead>\n<tr>\n<th>Fonctionnalit\u00e9<\/th>\n<th>D\u00e9tails<\/th>\n<\/tr>\n<\/thead>\n<tbody>\n<tr>\n<td><strong>Couverture<\/strong><\/td>\n<td>300, 600, 900 ou 1200 pieds carr\u00e9s.<\/td>\n<\/tr>\n<tr>\n<td><strong>\u00c9paisseur<\/strong><\/td>\n<td>7-8 mil (Lite) \/ 9-11 mil (Lite + Base)<\/td>\n<\/tr>\n<tr>\n<td><strong>Couleurs de base<\/strong><\/td>\n<td>Gris, gris clair, tan, noir, bleu, blanc, transparent<\/td>\n<\/tr>\n<tr>\n<td><strong>M\u00e9langes de flocons<\/strong><\/td>\n<td>B-310, B-411, B-421, B-602, B-605 ou No Flake<\/td>\n<\/tr>\n<tr>\n<td><strong>Temps de s\u00e9chage<\/strong><\/td>\n<td>Marche en 4-6 heures, utilisation l\u00e9g\u00e8re en 24 heures<\/td>\n<\/tr>\n<\/tbody>\n<\/table>\n<\/div>\n<h2 class=\"ds-markdown-paragraph\"><strong>Que contient votre kit ?<\/strong><\/h2>\n<ul>\n<li>\n<p class=\"ds-markdown-paragraph\">Couche de base polyur\u00e9e color\u00e9e (1 gallon par 300 pi2)<\/p>\n<\/li>\n<li>\n<p class=\"ds-markdown-paragraph\">Couche de finition en polyur\u00e9e transparent (1 gallon par 300 pi2)<\/p>\n<\/li>\n<li>\n<p class=\"ds-markdown-paragraph\">Couche de base \u00e9poxydique transparente en 2 parties (kits de base \u00e9poxydique uniquement)<\/p>\n<\/li>\n<li>\n<p class=\"ds-markdown-paragraph\">Additif antid\u00e9rapant \u00e0 base d'alumine tabulaire<\/p>\n<\/li>\n<li>\n<p class=\"ds-markdown-paragraph\">Flocons de polym\u00e8res pour la personnalisation<\/p>\n<\/li>\n<li>\n<p class=\"ds-markdown-paragraph\">\u2705 9\u2033 Couvertures de rouleaux (300-400 sq. ft. par rouleau)<\/p>\n<\/li>\n<\/ul>\n<h2 class=\"ds-markdown-paragraph\"><strong>Ce dont vous aurez encore besoin<\/strong><\/h2>\n<p style=\"margin-bottom: 0px;\"><strong><em>N\u00e9cessaire pour l'installation :<\/em><\/strong><\/p>\n<ul>\n<li>Mat\u00e9riel de pr\u00e9paration (gravure OU meulage, pas les deux)<\/li>\n<li>B\u00e2tons de m\u00e9lange\/m\u00e9langeur de forets<\/li>\n<li>Bacs \u00e0 peinture<\/li>\n<li>Cadres \u00e0 rouleaux 9\u2033.<\/li>\n<li>Respirateurs de peinture homologu\u00e9s NIOSH<\/li>\n<li>Ruban adh\u00e9sif de peintre (\u00e0 enlever lorsqu'il est mouill\u00e9)<\/li>\n<\/ul>\n<p style=\"margin-bottom: 0px;\"><strong><em>Fortement recommand\u00e9 :<\/em><\/strong><\/p>\n<ul>\n<li>Gants et vieux v\u00eatements<\/li>\n<li>Couvre-chaussures<\/li>\n<li>Xyl\u00e8ne ou essence min\u00e9rale (pour le nettoyage)<\/li>\n<\/ul>\n<h2 class=\"ds-markdown-paragraph\"><strong>\u00c0 qui s'adresse ce kit ?<\/strong><\/h2>\n<ul>\n<li>Bricoleurs Propri\u00e9taires \u00e0 la recherche d'un rev\u00eatement de sol de garage professionnel sans le prix d'un professionnel.<\/li>\n<li>Toute personne cherchant \"polyurea garage floor coating cost\" ou \"diy polyurea garage floor\".<\/li>\n<li>Ceux qui souhaitent un sol durable, r\u00e9sistant aux produits chimiques et esth\u00e9tique.<\/li>\n<\/ul>\n<h2 class=\"ds-markdown-paragraph\"><strong>Remarques importantes concernant l'installation<\/strong><\/h2>\n<p class=\"ds-markdown-paragraph\">\u26a0\ufe0f\u00a0<strong>Ne pas utiliser les instructions standard pour la polyur\u00e9e<\/strong><br \/>\nCe kit a des taux d'\u00e9pandage diff\u00e9rents. L'utilisation d'instructions standard peut entra\u00eener un d\u00e9ficit.<\/p>\n<p style=\"margin-bottom: 0px;\">\u26a0\ufe0f\u00a0<strong>Base \u00e9poxy Recommand\u00e9 pour :<\/strong><\/p>\n<ul>\n<li>B\u00e9ton poreux ou ancien<\/li>\n<li>Si vous choisissez des couleurs autres que le gris\/gris clair<\/li>\n<li>Si vous avez mis votre sol en terre<\/li>\n<\/ul>\n<h2 class=\"ds-markdown-paragraph\"><strong>Vous pensez au co\u00fbt ?<\/strong><\/h2>\n<p class=\"ds-markdown-paragraph\">Notre kit Polyurea Lite offre des performances similaires \u00e0 celles des rev\u00eatements en polyur\u00e9thane polyaspartique de premi\u00e8re qualit\u00e9 \u00e0 un prix plus accessible, ce qui en fait le meilleur rev\u00eatement de sol de garage en polyur\u00e9thane pour les bricoleurs qui veulent de la qualit\u00e9 sans d\u00e9penser trop.<\/p>","protected":false},"excerpt":{"rendered":"<p>Transformez votre garage avec notre kit de rev\u00eatement Polyurea Lite DIY - une solution rentable et de qualit\u00e9 professionnelle pour les propri\u00e9taires. Ce kit offre une finition durable, tr\u00e8s brillante et r\u00e9sistante aux produits chimiques, qui r\u00e9siste \u00e0 l'usure quotidienne. Avec des couleurs et des m\u00e9langes de paillettes personnalisables, c'est le moyen id\u00e9al d'obtenir un sol de garage \u00e9poustouflant et durable sans avoir \u00e0 payer le prix d'un professionnel.<\/p>\n<h2><strong>Prix et valeur<\/strong><\/h2>\n<p class=\"ds-markdown-paragraph\"><strong>$429.99 - $2,202.99<\/strong>\u00a0(en fonction de la couverture et des options)<\/p>\n<h2 class=\"ds-markdown-paragraph\"><strong>Pr\u00eat \u00e0 r\u00e9nover votre garage ?<\/strong><\/h2>\n<p class=\"ds-markdown-paragraph\">S\u00e9lectionnez vos options pr\u00e9f\u00e9r\u00e9es ci-dessous et\u00a0<strong>contactez-nous pour conna\u00eetre les prix exacts<\/strong>\u00a0et des conseils d'experts sur votre projet.<\/p>\n<p class=\"ds-markdown-paragraph\">\u27a1\ufe0f\u00a0<strong>Style :<\/strong>\u00a0Polyurea Lite Kit ou Polyurea Lite Kit + Epoxy Base<br \/>\n\u27a1\ufe0f\u00a0<strong>Couverture :<\/strong>\u00a0300 \/ 600 \/ 900 \/ 1200 pieds carr\u00e9s<br \/>\n\u27a1\ufe0f\u00a0<strong>Couleur de base :<\/strong>\u00a0Gris, gris clair, tan, noir, bleu, blanc, transparent<br \/>\n\u27a1\ufe0f\u00a0<strong>M\u00e9lange de flocons :<\/strong>\u00a0B-310, B-411, B-421, B-602, B-605 ou No Flake<\/p>","protected":false},"featured_media":6069,"template":"","meta":{"om_disable_all_campaigns":false,"_monsterinsights_skip_tracking":false,"_monsterinsights_sitenote_active":false,"_monsterinsights_sitenote_note":"","_monsterinsights_sitenote_category":0,"_uf_show_specific_survey":0,"_uf_disable_surveys":false},"product_brand":[],"product_cat":[128,724],"product_tag":[747,732,745,746,733,731,725],"class_list":{"0":"post-6067","1":"product","2":"type-product","3":"status-publish","4":"has-post-thumbnail","6":"product_cat-flooring-system","7":"product_cat-garage-floor-coating","8":"product_tag-best-garage-floor-coating-polyurea","9":"product_tag-diy-polyurea-garage-floor","10":"product_tag-garage-floor-polyurea","11":"product_tag-polyaspartic-polyurea-coating","12":"product_tag-polyurea-concrete-coating","13":"product_tag-polyurea-floor-coating-cost","14":"product_tag-polyurea-garage-floor-coating","16":"first","17":"instock","18":"shipping-taxable","19":"product-type-simple"},"yoast_head":"<!-- This site is optimized with the Yoast SEO Premium plugin v26.2 (Yoast SEO v26.5) - https:\/\/yoast.com\/wordpress\/plugins\/seo\/ -->\n<title>Polyurea Lite Residential DIY Garage Floor Coating Kit - KAIDA PAINT\u00ae<\/title>\n<meta name=\"description\" content=\"Transform your garage with our DIY Polyurea Garage Floor Coating Kit. Get a durable, chemical-resistant, high-gloss finish. Affordable, DIY-friendly, and built to last. Get your custom quote today!\" \/>\n<meta name=\"robots\" content=\"index, follow, max-snippet:-1, max-image-preview:large, max-video-preview:-1\" \/>\n<link rel=\"canonical\" href=\"https:\/\/www.jinyupaint.com\/fr\/produit\/polyurea-lite-residential-diy-garage-floor-coating-kit\/\" \/>\n<meta property=\"og:locale\" content=\"fr_FR\" \/>\n<meta property=\"og:type\" content=\"article\" \/>\n<meta property=\"og:title\" content=\"Polyurea Lite Residential DIY Garage Floor Coating Kit\" \/>\n<meta property=\"og:description\" content=\"Transform your garage with our DIY Polyurea Garage Floor Coating Kit. Get a durable, chemical-resistant, high-gloss finish. Affordable, DIY-friendly, and built to last. Get your custom quote today!\" \/>\n<meta property=\"og:url\" content=\"https:\/\/www.jinyupaint.com\/fr\/produit\/polyurea-lite-residential-diy-garage-floor-coating-kit\/\" \/>\n<meta property=\"og:site_name\" content=\"KAIDA PAINT\u00ae\" \/>\n<meta property=\"article:modified_time\" content=\"2025-12-01T06:15:17+00:00\" \/>\n<meta property=\"og:image\" content=\"https:\/\/www.jinyupaint.com\/wp-content\/uploads\/2025\/10\/polyurea-garage-floor-coating-finished-result.jpg\" \/>\n\t<meta property=\"og:image:width\" content=\"800\" \/>\n\t<meta property=\"og:image:height\" content=\"800\" \/>\n\t<meta property=\"og:image:type\" content=\"image\/jpeg\" \/>\n<meta name=\"twitter:card\" content=\"summary_large_image\" \/>\n<meta name=\"twitter:label1\" content=\"Dur\u00e9e de lecture estim\u00e9e\" \/>\n\t<meta name=\"twitter:data1\" content=\"3 minutes\" \/>\n<script type=\"application\/ld+json\" class=\"yoast-schema-graph\">{\"@context\":\"https:\/\/schema.org\",\"@graph\":[{\"@type\":\"WebPage\",\"@id\":\"https:\/\/www.jinyupaint.com\/product\/polyurea-lite-residential-diy-garage-floor-coating-kit\",\"url\":\"https:\/\/www.jinyupaint.com\/product\/polyurea-lite-residential-diy-garage-floor-coating-kit\",\"name\":\"Polyurea Lite Residential DIY Garage Floor Coating Kit - KAIDA PAINT\u00ae\",\"isPartOf\":{\"@id\":\"https:\/\/www.jinyupaint.com\/#website\"},\"primaryImageOfPage\":{\"@id\":\"https:\/\/www.jinyupaint.com\/product\/polyurea-lite-residential-diy-garage-floor-coating-kit#primaryimage\"},\"image\":{\"@id\":\"https:\/\/www.jinyupaint.com\/product\/polyurea-lite-residential-diy-garage-floor-coating-kit#primaryimage\"},\"thumbnailUrl\":\"https:\/\/www.jinyupaint.com\/wp-content\/uploads\/2025\/10\/polyurea-garage-floor-coating-finished-result.jpg\",\"datePublished\":\"2025-10-13T05:34:13+00:00\",\"dateModified\":\"2025-12-01T06:15:17+00:00\",\"description\":\"Transform your garage with our DIY Polyurea Garage Floor Coating Kit. Get a durable, chemical-resistant, high-gloss finish. Affordable, DIY-friendly, and built to last. Get your custom quote today!\",\"breadcrumb\":{\"@id\":\"https:\/\/www.jinyupaint.com\/product\/polyurea-lite-residential-diy-garage-floor-coating-kit#breadcrumb\"},\"inLanguage\":\"fr-FR\",\"potentialAction\":[{\"@type\":\"ReadAction\",\"target\":[\"https:\/\/www.jinyupaint.com\/product\/polyurea-lite-residential-diy-garage-floor-coating-kit\"]}]},{\"@type\":\"ImageObject\",\"inLanguage\":\"fr-FR\",\"@id\":\"https:\/\/www.jinyupaint.com\/product\/polyurea-lite-residential-diy-garage-floor-coating-kit#primaryimage\",\"url\":\"https:\/\/www.jinyupaint.com\/wp-content\/uploads\/2025\/10\/polyurea-garage-floor-coating-finished-result.jpg\",\"contentUrl\":\"https:\/\/www.jinyupaint.com\/wp-content\/uploads\/2025\/10\/polyurea-garage-floor-coating-finished-result.jpg\",\"width\":800,\"height\":800,\"caption\":\"A beautifully finished polyurea garage floor coating showing a high-gloss, seamless gray surface.\"},{\"@type\":\"BreadcrumbList\",\"@id\":\"https:\/\/www.jinyupaint.com\/product\/polyurea-lite-residential-diy-garage-floor-coating-kit#breadcrumb\",\"itemListElement\":[{\"@type\":\"ListItem\",\"position\":1,\"name\":\"Home\",\"item\":\"https:\/\/www.jinyupaint.com\/\"},{\"@type\":\"ListItem\",\"position\":2,\"name\":\"Shop\",\"item\":\"https:\/\/www.jinyupaint.com\/shop.html\"},{\"@type\":\"ListItem\",\"position\":3,\"name\":\"Polyurea Lite Residential DIY Garage Floor Coating Kit\"}]},{\"@type\":\"WebSite\",\"@id\":\"https:\/\/www.jinyupaint.com\/#website\",\"url\":\"https:\/\/www.jinyupaint.com\/\",\"name\":\"JINYU\u00ae PAINT\",\"description\":\"JINYU PAINT\u00ae Manufacturer\",\"potentialAction\":[{\"@type\":\"SearchAction\",\"target\":{\"@type\":\"EntryPoint\",\"urlTemplate\":\"https:\/\/www.jinyupaint.com\/?s={search_term_string}\"},\"query-input\":{\"@type\":\"PropertyValueSpecification\",\"valueRequired\":true,\"valueName\":\"search_term_string\"}}],\"inLanguage\":\"fr-FR\"}]}<\/script>\n<!-- \/ Yoast SEO Premium plugin. -->","yoast_head_json":{"title":"Kit de rev\u00eatement de sol de garage r\u00e9sidentiel Polyurea Lite DIY - KAIDA PAINT","description":"Transformez votre garage avec notre kit de rev\u00eatement de sol de garage en polyur\u00e9e. Obtenez une finition durable, r\u00e9sistante aux produits chimiques et tr\u00e8s brillante. Abordable, facile \u00e0 bricoler et con\u00e7u pour durer. Obtenez votre devis personnalis\u00e9 d\u00e8s aujourd'hui !","robots":{"index":"index","follow":"follow","max-snippet":"max-snippet:-1","max-image-preview":"max-image-preview:large","max-video-preview":"max-video-preview:-1"},"canonical":"https:\/\/www.jinyupaint.com\/fr\/produit\/polyurea-lite-residential-diy-garage-floor-coating-kit\/","og_locale":"fr_FR","og_type":"article","og_title":"Polyurea Lite Residential DIY Garage Floor Coating Kit","og_description":"Transform your garage with our DIY Polyurea Garage Floor Coating Kit. Get a durable, chemical-resistant, high-gloss finish. Affordable, DIY-friendly, and built to last. Get your custom quote today!","og_url":"https:\/\/www.jinyupaint.com\/fr\/produit\/polyurea-lite-residential-diy-garage-floor-coating-kit\/","og_site_name":"KAIDA PAINT\u00ae","article_modified_time":"2025-12-01T06:15:17+00:00","og_image":[{"width":800,"height":800,"url":"https:\/\/www.jinyupaint.com\/wp-content\/uploads\/2025\/10\/polyurea-garage-floor-coating-finished-result.jpg","type":"image\/jpeg"}],"twitter_card":"summary_large_image","twitter_misc":{"Dur\u00e9e de lecture estim\u00e9e":"3 minutes"},"schema":{"@context":"https:\/\/schema.org","@graph":[{"@type":"WebPage","@id":"https:\/\/www.jinyupaint.com\/product\/polyurea-lite-residential-diy-garage-floor-coating-kit","url":"https:\/\/www.jinyupaint.com\/product\/polyurea-lite-residential-diy-garage-floor-coating-kit","name":"Kit de rev\u00eatement de sol de garage r\u00e9sidentiel Polyurea Lite DIY - KAIDA PAINT","isPartOf":{"@id":"https:\/\/www.jinyupaint.com\/#website"},"primaryImageOfPage":{"@id":"https:\/\/www.jinyupaint.com\/product\/polyurea-lite-residential-diy-garage-floor-coating-kit#primaryimage"},"image":{"@id":"https:\/\/www.jinyupaint.com\/product\/polyurea-lite-residential-diy-garage-floor-coating-kit#primaryimage"},"thumbnailUrl":"https:\/\/www.jinyupaint.com\/wp-content\/uploads\/2025\/10\/polyurea-garage-floor-coating-finished-result.jpg","datePublished":"2025-10-13T05:34:13+00:00","dateModified":"2025-12-01T06:15:17+00:00","description":"Transformez votre garage avec notre kit de rev\u00eatement de sol de garage en polyur\u00e9e. Obtenez une finition durable, r\u00e9sistante aux produits chimiques et tr\u00e8s brillante. Abordable, facile \u00e0 bricoler et con\u00e7u pour durer. Obtenez votre devis personnalis\u00e9 d\u00e8s aujourd'hui !","breadcrumb":{"@id":"https:\/\/www.jinyupaint.com\/product\/polyurea-lite-residential-diy-garage-floor-coating-kit#breadcrumb"},"inLanguage":"fr-FR","potentialAction":[{"@type":"ReadAction","target":["https:\/\/www.jinyupaint.com\/product\/polyurea-lite-residential-diy-garage-floor-coating-kit"]}]},{"@type":"ImageObject","inLanguage":"fr-FR","@id":"https:\/\/www.jinyupaint.com\/product\/polyurea-lite-residential-diy-garage-floor-coating-kit#primaryimage","url":"https:\/\/www.jinyupaint.com\/wp-content\/uploads\/2025\/10\/polyurea-garage-floor-coating-finished-result.jpg","contentUrl":"https:\/\/www.jinyupaint.com\/wp-content\/uploads\/2025\/10\/polyurea-garage-floor-coating-finished-result.jpg","width":800,"height":800,"caption":"A beautifully finished polyurea garage floor coating showing a high-gloss, seamless gray surface."},{"@type":"BreadcrumbList","@id":"https:\/\/www.jinyupaint.com\/product\/polyurea-lite-residential-diy-garage-floor-coating-kit#breadcrumb","itemListElement":[{"@type":"ListItem","position":1,"name":"Home","item":"https:\/\/www.jinyupaint.com\/"},{"@type":"ListItem","position":2,"name":"Shop","item":"https:\/\/www.jinyupaint.com\/shop.html"},{"@type":"ListItem","position":3,"name":"Polyurea Lite Residential DIY Garage Floor Coating Kit"}]},{"@type":"WebSite","@id":"https:\/\/www.jinyupaint.com\/#website","url":"https:\/\/www.jinyupaint.com\/","name":"JINYU\u00ae PAINT","description":"JINYU PAINT\u00ae Fabricant","potentialAction":[{"@type":"SearchAction","target":{"@type":"EntryPoint","urlTemplate":"https:\/\/www.jinyupaint.com\/?s={search_term_string}"},"query-input":{"@type":"PropertyValueSpecification","valueRequired":true,"valueName":"search_term_string"}}],"inLanguage":"fr-FR"}]}},"_links":{"self":[{"href":"https:\/\/www.jinyupaint.com\/fr\/wp-json\/wp\/v2\/product\/6067","targetHints":{"allow":["GET"]}}],"collection":[{"href":"https:\/\/www.jinyupaint.com\/fr\/wp-json\/wp\/v2\/product"}],"about":[{"href":"https:\/\/www.jinyupaint.com\/fr\/wp-json\/wp\/v2\/types\/product"}],"wp:featuredmedia":[{"embeddable":true,"href":"https:\/\/www.jinyupaint.com\/fr\/wp-json\/wp\/v2\/media\/6069"}],"wp:attachment":[{"href":"https:\/\/www.jinyupaint.com\/fr\/wp-json\/wp\/v2\/media?parent=6067"}],"wp:term":[{"taxonomy":"product_brand","embeddable":true,"href":"https:\/\/www.jinyupaint.com\/fr\/wp-json\/wp\/v2\/product_brand?post=6067"},{"taxonomy":"product_cat","embeddable":true,"href":"https:\/\/www.jinyupaint.com\/fr\/wp-json\/wp\/v2\/product_cat?post=6067"},{"taxonomy":"product_tag","embeddable":true,"href":"https:\/\/www.jinyupaint.com\/fr\/wp-json\/wp\/v2\/product_tag?post=6067"}],"curies":[{"name":"wp","href":"https:\/\/api.w.org\/{rel}","templated":true}]}}