{"id":6060,"date":"2025-10-11T07:27:15","date_gmt":"2025-10-11T07:27:15","guid":{"rendered":"https:\/\/www.jinyupaint.com\/?post_type=product&#038;p=6060"},"modified":"2025-12-01T06:18:47","modified_gmt":"2025-12-01T06:18:47","slug":"polyurea-2-coat-garage-floor-coating-kits","status":"publish","type":"product","link":"https:\/\/www.jinyupaint.com\/fr\/produit\/polyurea-2-coat-garage-floor-coating-kits","title":{"rendered":"Kits de rev\u00eatement polyur\u00e9a 2 couches pour planchers de garage"},"content":{"rendered":"<h2 class=\"ds-markdown-paragraph\"><strong>\u00a0Le syst\u00e8me de polyur\u00e9e \u00e0 deux couches<\/strong><\/h2>\n<p class=\"ds-markdown-paragraph\">Notre syst\u00e8me de polyur\u00e9e \u00e0 deux couches offre des performances de qualit\u00e9 professionnelle pour les garages r\u00e9sidentiels et les espaces commerciaux l\u00e9gers. Bien que plus fin que les rev\u00eatements \u00e9poxy traditionnels, il offre une durabilit\u00e9 \u00e9gale avec une stabilit\u00e9 UV am\u00e9lior\u00e9e qui ne jaunira pas et ne se d\u00e9colorera pas au fil du temps.<\/p>\n<p class=\"ds-markdown-paragraph\">Ce qui rend ce syst\u00e8me vraiment exceptionnel, c'est son application facile \u00e0 r\u00e9aliser soi-m\u00eame. Oubliez de payer 2 \u00e0 3 fois le co\u00fbt du mat\u00e9riau pour une installation professionnelle - notre formulation permet m\u00eame aux utilisateurs novices d'obtenir des r\u00e9sultats impeccables. Le secret r\u00e9side dans notre chimie hybride avanc\u00e9e qui combine les meilleures propri\u00e9t\u00e9s des polyur\u00e9es, des polyaspartiques et des ur\u00e9thanes durcis \u00e0 l'humidit\u00e9.<\/p>\n<h2 class=\"ds-markdown-paragraph\"><strong>Le choix le plus judicieux en mati\u00e8re de protection des sols de garage<\/strong><\/h2>\n<p class=\"ds-markdown-paragraph\">Pourquoi se contenter de syst\u00e8mes \u00e9poxy d\u00e9pass\u00e9s qui n\u00e9cessitent des couches de finition d'ur\u00e9thane suppl\u00e9mentaires pour la protection ? Notre formulation innovante int\u00e8gre une protection compl\u00e8te dans le syst\u00e8me lui-m\u00eame. D\u00e9couvrez l'\u00e9quilibre parfait entre :<\/p>\n<ul>\n<li>R\u00e9sistance chimique in\u00e9gal\u00e9e<\/li>\n<li>Temps de travail pratiquement illimit\u00e9<\/li>\n<li>Des r\u00e9sultats d'aspect professionnel sans traces de rouleau<\/li>\n<li>Maintenance minimale \u00e0 long terme<\/li>\n<\/ul>\n<p class=\"ds-markdown-paragraph\">Le r\u00e9sultat ? Un sol incroyablement durable, r\u00e9sistant aux produits chimiques et \u00e9tonnamment simple \u00e0 installer. Bien qu'une bonne pr\u00e9paration du sol reste essentielle, le processus d'application lui-m\u00eame est simple et tol\u00e9rant. Transformez votre espace en toute confiance, en sachant que vous avez choisi un syst\u00e8me de rev\u00eatement qui surpasse les options conventionnelles l\u00e0 o\u00f9 c'est le plus important.<\/p>\n<h2><strong>Pourquoi choisir notre rev\u00eatement de sol de garage \u00e0 base de polyur\u00e9e ?<\/strong><\/h2>\n<p class=\"ds-markdown-paragraph\">Transformez votre garage avec un sol brillant et durable qui r\u00e9siste aux produits chimiques, aux rayons UV et au trafic intense. Notre syst\u00e8me polyur\u00e9thane \u00e0 2 couches est\u00a0<strong>33% plus \u00e9pais<\/strong>\u00a0que les produits concurrents, garantissant une couleur plus profonde, une brillance sup\u00e9rieure et des performances durables, le tout pour une fraction des co\u00fbts d'installation professionnelle.<\/p>\n<p class=\"ds-markdown-paragraph\">\u2705\u00a0<strong>Stable aux UV et tr\u00e8s brillant<\/strong>\u00a0- Pas de jaunissement, jamais.<br \/>\n\u2705\u00a0<strong>10-12 mil \u00c9paisseur totale<\/strong>\u00a0- Construit pour r\u00e9sister aux \u00e9clats, aux taches et \u00e0 l'abrasion.<br \/>\n\u2705\u00a0<strong>Bricolage<\/strong>\u00a0- Pas de traces de rouleaux, dur\u00e9e de vie en pot illimit\u00e9e.<br \/>\n\u2705\u00a0<strong>Inclut les flocons et l'antid\u00e9rapant<\/strong>\u00a0- Un look personnalisable avec une s\u00e9curit\u00e9 accrue.<\/p>\n<h2><strong>Options et prix des kits<\/strong><\/h2>\n<p class=\"ds-markdown-paragraph\">Des petits garages aux grands espaces de travail, nous avons un kit pour chaque projet :<\/p>\n<div class=\"ds-scroll-area _1210dd7\">\n<div class=\"ds-scroll-area__gutters\">\n<div class=\"ds-scroll-area__vertical-gutter\"><\/div>\n<\/div>\n<table>\n<thead>\n<tr>\n<th><strong>Couverture<\/strong><\/th>\n<th><strong>Couleurs de base<\/strong><\/th>\n<th><strong>M\u00e9langes de flocons (1\/4\u2033)<\/strong><\/th>\n<\/tr>\n<\/thead>\n<tbody>\n<tr>\n<td>100 Sq. Ft.<\/td>\n<td>Gris clair, gris, tan, transparent<\/td>\n<td>B-310, B-411, B-421, B-602, B-605<\/td>\n<\/tr>\n<tr>\n<td>250 Sq. Ft.<\/td>\n<td>Gris clair, gris, tan, transparent<\/td>\n<td>Pas de flocon ($20 Discount)<\/td>\n<\/tr>\n<tr>\n<td>500 Sq. Ft.<\/td>\n<td>Gris clair, gris, tan, transparent<\/td>\n<td>Autre (nous contacter)<\/td>\n<\/tr>\n<tr>\n<td>750 m\u00b2.<\/td>\n<td>Gris clair, gris, tan, transparent<\/td>\n<td><\/td>\n<\/tr>\n<tr>\n<td>1,000 Sq. Ft.<\/td>\n<td>Gris clair, gris, tan, transparent<\/td>\n<td><\/td>\n<\/tr>\n<\/tbody>\n<\/table>\n<\/div>\n<p class=\"ds-markdown-paragraph\"><strong>Gamme de prix :<\/strong>\u00a0$228.99 - $1,814.99<\/p>\n<h2><strong>Que contient votre kit ?<\/strong><\/h2>\n<ul>\n<li>\n<p class=\"ds-markdown-paragraph\"><strong>Rev\u00eatement en polyur\u00e9e :<\/strong>\u00a01 gallon par 200 pieds carr\u00e9s par couche (par exemple, kit de 500 pieds carr\u00e9s = 5 gallons au total).<\/p>\n<\/li>\n<li>\n<p class=\"ds-markdown-paragraph\"><strong>Flocons :<\/strong>\u00a01 livre par 100 pieds carr\u00e9s pour un fini mouchet\u00e9 classique.<\/p>\n<\/li>\n<li>\n<p class=\"ds-markdown-paragraph\"><strong>Couvre-rouleaux :<\/strong>\u00a0Rouleaux de 9\" (couverture de 200-300 pieds carr\u00e9s chacun).<\/p>\n<\/li>\n<li>\n<p class=\"ds-markdown-paragraph\"><strong>Additif antid\u00e9rapant :<\/strong>\u00a0M\u00e9langer \u00e0 la couche de finition pour une meilleure r\u00e9sistance au glissement.<\/p>\n<\/li>\n<\/ul>\n<p class=\"ds-markdown-paragraph\"><strong>Ce qu'il faut fournir :<\/strong><\/p>\n<ul>\n<li>\n<p class=\"ds-markdown-paragraph\">Mat\u00e9riel de pr\u00e9paration (gravure OU meulage, pas les deux).<\/p>\n<\/li>\n<li>\n<p class=\"ds-markdown-paragraph\">Seaux, b\u00e2tons de m\u00e9lange\/m\u00e9langeur.<\/p>\n<\/li>\n<li>\n<p class=\"ds-markdown-paragraph\">Cadres de rouleaux de peinture de 9\".<\/p>\n<\/li>\n<li>\n<p class=\"ds-markdown-paragraph\">Respirateurs approuv\u00e9s par le NIOSH.<\/p>\n<\/li>\n<li>\n<p class=\"ds-markdown-paragraph\">Ruban adh\u00e9sif de peintre (\u00e0 enlever quand il est mouill\u00e9 !).<\/p>\n<\/li>\n<li>\n<p class=\"ds-markdown-paragraph\">Gants, couvre-chaussures et xyl\u00e8ne\/essence min\u00e9rale pour le nettoyage.<\/p>\n<\/li>\n<\/ul>\n<h2><strong>Est-ce le bon rev\u00eatement pour votre garage ?<\/strong><\/h2>\n<p class=\"ds-markdown-paragraph\">Notre syst\u00e8me Polyurea est id\u00e9al pour :<\/p>\n<ul>\n<li>\n<p class=\"ds-markdown-paragraph\"><strong>Garages r\u00e9sidentiels<\/strong>\u00a0en bon \u00e9tat.<\/p>\n<\/li>\n<li>\n<p class=\"ds-markdown-paragraph\"><strong>Bricoleurs<\/strong>\u00a0\u00e0 la recherche d'une finition \u00e9paisse et professionnelle sans les co\u00fbts d'un entrepreneur.<\/p>\n<\/li>\n<li>\n<p class=\"ds-markdown-paragraph\"><strong>Zones c\u00f4ti\u00e8res ou \u00e0 forte humidit\u00e9<\/strong>\u00a0(populaire dans le sud de la Floride pour sa r\u00e9sistance au sel).<\/p>\n<\/li>\n<\/ul>\n<p class=\"ds-markdown-paragraph\"><strong>Non recommand\u00e9 pour :<\/strong><\/p>\n<ul>\n<li>\n<p class=\"ds-markdown-paragraph\">Sols ayant fait l'objet de r\u00e9parations importantes (envisager l'utilisation de l'\u00e9poxy 100% \u00e0 base de solides).<\/p>\n<\/li>\n<li>\n<p class=\"ds-markdown-paragraph\">Ateliers de soudure (nous contacter pour d'autres solutions).<\/p>\n<\/li>\n<\/ul>\n<h2><strong>Installation facile en 2 couches<\/strong><\/h2>\n<ol start=\"1\">\n<li>\n<p class=\"ds-markdown-paragraph\"><strong>Pr\u00e9parez votre sol :<\/strong>\u00a0Mordre ou poncer le b\u00e9ton. Pas de primaire n\u00e9cessaire - la polyur\u00e9e p\u00e9n\u00e8tre plus profond\u00e9ment que l'\u00e9poxy.<\/p>\n<\/li>\n<li>\n<p class=\"ds-markdown-paragraph\"><strong>Appliquer la couche de base :<\/strong>\u00a0Teinter au besoin (voir les directives de teinture ci-dessous). Rouler uniform\u00e9ment \u00e0 raison de 200 pi2 \/gallon.<\/p>\n<\/li>\n<li>\n<p class=\"ds-markdown-paragraph\"><strong>Flocons de diffusion :<\/strong>\u00a0Saupoudrer les flocons uniform\u00e9ment avant que la couche de base ne s'attache.<\/p>\n<\/li>\n<li>\n<p class=\"ds-markdown-paragraph\"><strong>Appliquer une couche de finition avec Clear :<\/strong>\u00a0M\u00e9langer l'additif antid\u00e9rapant. Recouvrir dans les 6 \u00e0 15 heures.<\/p>\n<\/li>\n<\/ol>\n<p class=\"ds-markdown-paragraph\"><strong>Conseil pour l'installation en hiver :<\/strong><br \/>\nNous approuvons d\u00e9sormais les installations jusqu'\u00e0\u00a0<strong>35\u00b0F<\/strong>. Chauffez votre garage 2 jours avant, et planifiez une visite gratuite par t\u00e9l\u00e9phone avec nos experts.<\/p>\n<h2><strong>L'\u00e9paisseur est importante : Ne \"couvrez\" pas votre sol - construisez-le<\/strong><\/h2>\n<p class=\"ds-markdown-paragraph\">Alors que les concurrents diluent les mat\u00e9riaux pour couvrir 300 pieds carr\u00e9s \/gallon, nous appliquons \u00e0\u00a0<strong>200 pi2 \/gallon<\/strong>\u00a0pour une \u00e9paisseur maximale. R\u00e9sultat ? 4,4 fois plus \u00e9pais que les rev\u00eatements bon march\u00e9 et 20-30% plus \u00e9pais que les syst\u00e8mes similaires.<\/p>\n<p class=\"ds-markdown-paragraph\"><strong>Pourquoi \u00e9paisseur = performance :<\/strong><\/p>\n<ul>\n<li>\n<p class=\"ds-markdown-paragraph\">Meilleure profondeur des couleurs et meilleure brillance.<\/p>\n<\/li>\n<li>\n<p class=\"ds-markdown-paragraph\">Masque les imperfections du support.<\/p>\n<\/li>\n<li>\n<p class=\"ds-markdown-paragraph\">Durabilit\u00e9 accrue contre les chocs et les produits chimiques.<\/p>\n<\/li>\n<\/ul>\n<h2><strong>Guide des teintes et des m\u00e9langes<\/strong><\/h2>\n<ul>\n<li>\n<p class=\"ds-markdown-paragraph\"><strong>Toutes les couleurs sauf blanc\/jaune :<\/strong>\u00a0Utiliser 5 fl. oz. de teinture par quart. M\u00e9langer tous les mat\u00e9riaux teint\u00e9s avant l'application.<\/p>\n<\/li>\n<li>\n<p class=\"ds-markdown-paragraph\"><strong>Blanc :<\/strong>\u00a0Utiliser 7.5 fl. oz. de teinture par quart.<\/p>\n<\/li>\n<li>\n<p class=\"ds-markdown-paragraph\"><strong>Kits compl\u00e9mentaires :<\/strong>\u00a0Diviser les gallons pour une teinte personnalis\u00e9e (par exemple, \u00bd clair + \u00bd couleur).<\/p>\n<\/li>\n<\/ul>\n<h2><strong>3 syst\u00e8mes de rev\u00eatement pour r\u00e9pondre \u00e0 vos besoins<\/strong><\/h2>\n<ol start=\"1\">\n<li>\n<p class=\"ds-markdown-paragraph\"><strong>Syst\u00e8me \u00e0 2 couches :<\/strong>\u00a0Base + transparent. Parfait pour la plupart des garages.<\/p>\n<\/li>\n<li>\n<p class=\"ds-markdown-paragraph\"><strong>Syst\u00e8me \u00e0 3 couches :<\/strong>\u00a0Deux couches de couleur + vernis. Id\u00e9al pour les couleurs vives ou l'utilisation commerciale.<\/p>\n<\/li>\n<li>\n<p class=\"ds-markdown-paragraph\"><strong>Syst\u00e8me de diffusion complet :<\/strong>\u00a0Paillettes comme couche d'usure + deux couches transparentes. Durabilit\u00e9 maximale et dissimulation de la texture.<\/p>\n<\/li>\n<\/ol>\n<h2><strong>Remarques importantes avant l'achat<\/strong><\/h2>\n<ul>\n<li>\n<p class=\"ds-markdown-paragraph\"><strong>Avertissement de temp\u00e9rature :<\/strong>\u00a0Appliquer \u00e0 une temp\u00e9rature sup\u00e9rieure \u00e0 50\u00b0F (ou 35\u00b0F avec les protocoles d'hiver). Tenir \u00e0 l'\u00e9cart des sources d'inflammation pendant le durcissement.<\/p>\n<\/li>\n<li>\n<p class=\"ds-markdown-paragraph\"><strong>Limite des flocons :<\/strong>\u00a0Les syst\u00e8mes \u00e0 2 couches ne prennent en charge que le volume de flocons inclus. Pour une couverture plus importante, passez \u00e0 3 couches.<\/p>\n<\/li>\n<li>\n<p class=\"ds-markdown-paragraph\"><strong>Vous n'\u00eates toujours pas s\u00fbr ?<\/strong>\u00a0Appelez-nous ! Nous vous aiderons \u00e0 choisir le kit adapt\u00e9 \u00e0 votre projet.<\/p>\n<\/li>\n<\/ul>","protected":false},"excerpt":{"rendered":"<p class=\"ds-markdown-paragraph\">Transformez votre garage avec notre syst\u00e8me de rev\u00eatement polyur\u00e9a de qualit\u00e9 professionnelle. 33% plus \u00e9pais que les concurrents, enti\u00e8rement stable aux UV et facile \u00e0 bricoler. Chaque kit comprend tout ce dont vous avez besoin pour obtenir une finition durable et brillante qui r\u00e9siste aux produits chimiques, aux taches et au trafic intense.<\/p>\n<p class=\"ds-markdown-paragraph\"><strong>Pourquoi choisir notre kit :<\/strong><br \/>\n- \u00c9paisseur de 10 \u00e0 12 mils pour une protection sup\u00e9rieure<br \/>\n- Comprend des flocons et un additif antid\u00e9rapant<br \/>\n- Pas besoin de primaire - p\u00e9n\u00e8tre plus profond\u00e9ment que l'\u00e9poxy<br \/>\n- Installation facile et dur\u00e9e de vie illimit\u00e9e du pot<br \/>\n- Parfait pour une utilisation r\u00e9sidentielle et commerciale l\u00e9g\u00e8re<\/p>\n<p class=\"ds-markdown-paragraph\">Disponible en plusieurs tailles de couverture (100-1000 pieds carr\u00e9s) et options de couleur. Obtenez des r\u00e9sultats professionnels pour une fraction du co\u00fbt !<\/p>","protected":false},"featured_media":6066,"template":"","meta":{"om_disable_all_campaigns":false,"_monsterinsights_skip_tracking":false,"_monsterinsights_sitenote_active":false,"_monsterinsights_sitenote_note":"","_monsterinsights_sitenote_category":0,"_uf_show_specific_survey":0,"_uf_disable_surveys":false},"product_brand":[],"product_cat":[128,724],"product_tag":[730,732,737,735,733,734,731,728,736],"class_list":{"0":"post-6060","1":"product","2":"type-product","3":"status-publish","4":"has-post-thumbnail","6":"product_cat-flooring-system","7":"product_cat-garage-floor-coating","8":"product_tag-best-garage-floor-coating","9":"product_tag-diy-polyurea-garage-floor","10":"product_tag-polyurea-clear-top-coat","11":"product_tag-polyurea-coating-contractors","12":"product_tag-polyurea-concrete-coating","13":"product_tag-polyurea-flake-floor","14":"product_tag-polyurea-floor-coating-cost","15":"product_tag-polyurea-vs-epoxy","16":"product_tag-winter-garage-floor-installation","18":"first","19":"instock","20":"shipping-taxable","21":"product-type-simple"},"yoast_head":"<!-- This site is optimized with the Yoast SEO Premium plugin v26.2 (Yoast SEO v26.5) - https:\/\/yoast.com\/wordpress\/plugins\/seo\/ -->\n<title>Polyurea 2-Coat Garage Floor Coating Kits - KAIDA PAINT\u00ae<\/title>\n<meta name=\"description\" content=\"Professional polyurea garage floor coating kits. UV-stable, 33% thicker than competitors. DIY-friendly with flakes &amp; anti-skid.\" \/>\n<meta name=\"robots\" content=\"index, follow, max-snippet:-1, max-image-preview:large, max-video-preview:-1\" \/>\n<link rel=\"canonical\" href=\"https:\/\/www.jinyupaint.com\/fr\/produit\/polyurea-2-coat-garage-floor-coating-kits\/\" \/>\n<meta property=\"og:locale\" content=\"fr_FR\" \/>\n<meta property=\"og:type\" content=\"article\" \/>\n<meta property=\"og:title\" content=\"Polyurea 2-Coat Garage Floor Coating Kits\" \/>\n<meta property=\"og:description\" content=\"Professional polyurea garage floor coating kits. UV-stable, 33% thicker than competitors. DIY-friendly with flakes &amp; anti-skid.\" \/>\n<meta property=\"og:url\" content=\"https:\/\/www.jinyupaint.com\/fr\/produit\/polyurea-2-coat-garage-floor-coating-kits\/\" \/>\n<meta property=\"og:site_name\" content=\"KAIDA PAINT\u00ae\" \/>\n<meta property=\"article:modified_time\" content=\"2025-12-01T06:18:47+00:00\" \/>\n<meta property=\"og:image\" content=\"https:\/\/www.jinyupaint.com\/wp-content\/uploads\/2025\/10\/professional-polyurea-garage-floor-finish.jpg\" \/>\n\t<meta property=\"og:image:width\" content=\"800\" \/>\n\t<meta property=\"og:image:height\" content=\"800\" \/>\n\t<meta property=\"og:image:type\" content=\"image\/jpeg\" \/>\n<meta name=\"twitter:card\" content=\"summary_large_image\" \/>\n<meta name=\"twitter:label1\" content=\"Dur\u00e9e de lecture estim\u00e9e\" \/>\n\t<meta name=\"twitter:data1\" content=\"4 minutes\" \/>\n<script type=\"application\/ld+json\" class=\"yoast-schema-graph\">{\"@context\":\"https:\/\/schema.org\",\"@graph\":[{\"@type\":\"WebPage\",\"@id\":\"https:\/\/www.jinyupaint.com\/product\/polyurea-2-coat-garage-floor-coating-kits\",\"url\":\"https:\/\/www.jinyupaint.com\/product\/polyurea-2-coat-garage-floor-coating-kits\",\"name\":\"Polyurea 2-Coat Garage Floor Coating Kits - KAIDA PAINT\u00ae\",\"isPartOf\":{\"@id\":\"https:\/\/www.jinyupaint.com\/#website\"},\"primaryImageOfPage\":{\"@id\":\"https:\/\/www.jinyupaint.com\/product\/polyurea-2-coat-garage-floor-coating-kits#primaryimage\"},\"image\":{\"@id\":\"https:\/\/www.jinyupaint.com\/product\/polyurea-2-coat-garage-floor-coating-kits#primaryimage\"},\"thumbnailUrl\":\"https:\/\/www.jinyupaint.com\/wp-content\/uploads\/2025\/10\/professional-polyurea-garage-floor-finish.jpg\",\"datePublished\":\"2025-10-11T07:27:15+00:00\",\"dateModified\":\"2025-12-01T06:18:47+00:00\",\"description\":\"Professional polyurea garage floor coating kits. UV-stable, 33% thicker than competitors. DIY-friendly with flakes & anti-skid.\",\"breadcrumb\":{\"@id\":\"https:\/\/www.jinyupaint.com\/product\/polyurea-2-coat-garage-floor-coating-kits#breadcrumb\"},\"inLanguage\":\"fr-FR\",\"potentialAction\":[{\"@type\":\"ReadAction\",\"target\":[\"https:\/\/www.jinyupaint.com\/product\/polyurea-2-coat-garage-floor-coating-kits\"]}]},{\"@type\":\"ImageObject\",\"inLanguage\":\"fr-FR\",\"@id\":\"https:\/\/www.jinyupaint.com\/product\/polyurea-2-coat-garage-floor-coating-kits#primaryimage\",\"url\":\"https:\/\/www.jinyupaint.com\/wp-content\/uploads\/2025\/10\/professional-polyurea-garage-floor-finish.jpg\",\"contentUrl\":\"https:\/\/www.jinyupaint.com\/wp-content\/uploads\/2025\/10\/professional-polyurea-garage-floor-finish.jpg\",\"width\":800,\"height\":800,\"caption\":\"A sleek, high-gloss finish of a polyurea garage floor in a modern garage, showcasing a seamless and reflective surface.\"},{\"@type\":\"BreadcrumbList\",\"@id\":\"https:\/\/www.jinyupaint.com\/product\/polyurea-2-coat-garage-floor-coating-kits#breadcrumb\",\"itemListElement\":[{\"@type\":\"ListItem\",\"position\":1,\"name\":\"Home\",\"item\":\"https:\/\/www.jinyupaint.com\/\"},{\"@type\":\"ListItem\",\"position\":2,\"name\":\"Shop\",\"item\":\"https:\/\/www.jinyupaint.com\/shop.html\"},{\"@type\":\"ListItem\",\"position\":3,\"name\":\"Polyurea 2-Coat Garage Floor Coating Kits\"}]},{\"@type\":\"WebSite\",\"@id\":\"https:\/\/www.jinyupaint.com\/#website\",\"url\":\"https:\/\/www.jinyupaint.com\/\",\"name\":\"JINYU\u00ae PAINT\",\"description\":\"JINYU PAINT\u00ae Manufacturer\",\"potentialAction\":[{\"@type\":\"SearchAction\",\"target\":{\"@type\":\"EntryPoint\",\"urlTemplate\":\"https:\/\/www.jinyupaint.com\/?s={search_term_string}\"},\"query-input\":{\"@type\":\"PropertyValueSpecification\",\"valueRequired\":true,\"valueName\":\"search_term_string\"}}],\"inLanguage\":\"fr-FR\"}]}<\/script>\n<!-- \/ Yoast SEO Premium plugin. -->","yoast_head_json":{"title":"Kits de rev\u00eatement polyur\u00e9a 2 couches pour planchers de garage - KAIDA PAINT\u00ae.","description":"Kits professionnels de rev\u00eatement de sol de garage en polyur\u00e9e. Stable aux UV, 33% plus \u00e9pais que les concurrents. Facile \u00e0 bricoler avec les paillettes et l'antid\u00e9rapant.","robots":{"index":"index","follow":"follow","max-snippet":"max-snippet:-1","max-image-preview":"max-image-preview:large","max-video-preview":"max-video-preview:-1"},"canonical":"https:\/\/www.jinyupaint.com\/fr\/produit\/polyurea-2-coat-garage-floor-coating-kits\/","og_locale":"fr_FR","og_type":"article","og_title":"Polyurea 2-Coat Garage Floor Coating Kits","og_description":"Professional polyurea garage floor coating kits. UV-stable, 33% thicker than competitors. DIY-friendly with flakes & anti-skid.","og_url":"https:\/\/www.jinyupaint.com\/fr\/produit\/polyurea-2-coat-garage-floor-coating-kits\/","og_site_name":"KAIDA PAINT\u00ae","article_modified_time":"2025-12-01T06:18:47+00:00","og_image":[{"width":800,"height":800,"url":"https:\/\/www.jinyupaint.com\/wp-content\/uploads\/2025\/10\/professional-polyurea-garage-floor-finish.jpg","type":"image\/jpeg"}],"twitter_card":"summary_large_image","twitter_misc":{"Dur\u00e9e de lecture estim\u00e9e":"4 minutes"},"schema":{"@context":"https:\/\/schema.org","@graph":[{"@type":"WebPage","@id":"https:\/\/www.jinyupaint.com\/product\/polyurea-2-coat-garage-floor-coating-kits","url":"https:\/\/www.jinyupaint.com\/product\/polyurea-2-coat-garage-floor-coating-kits","name":"Kits de rev\u00eatement polyur\u00e9a 2 couches pour planchers de garage - KAIDA PAINT\u00ae.","isPartOf":{"@id":"https:\/\/www.jinyupaint.com\/#website"},"primaryImageOfPage":{"@id":"https:\/\/www.jinyupaint.com\/product\/polyurea-2-coat-garage-floor-coating-kits#primaryimage"},"image":{"@id":"https:\/\/www.jinyupaint.com\/product\/polyurea-2-coat-garage-floor-coating-kits#primaryimage"},"thumbnailUrl":"https:\/\/www.jinyupaint.com\/wp-content\/uploads\/2025\/10\/professional-polyurea-garage-floor-finish.jpg","datePublished":"2025-10-11T07:27:15+00:00","dateModified":"2025-12-01T06:18:47+00:00","description":"Kits professionnels de rev\u00eatement de sol de garage en polyur\u00e9e. Stable aux UV, 33% plus \u00e9pais que les concurrents. Facile \u00e0 bricoler avec les paillettes et l'antid\u00e9rapant.","breadcrumb":{"@id":"https:\/\/www.jinyupaint.com\/product\/polyurea-2-coat-garage-floor-coating-kits#breadcrumb"},"inLanguage":"fr-FR","potentialAction":[{"@type":"ReadAction","target":["https:\/\/www.jinyupaint.com\/product\/polyurea-2-coat-garage-floor-coating-kits"]}]},{"@type":"ImageObject","inLanguage":"fr-FR","@id":"https:\/\/www.jinyupaint.com\/product\/polyurea-2-coat-garage-floor-coating-kits#primaryimage","url":"https:\/\/www.jinyupaint.com\/wp-content\/uploads\/2025\/10\/professional-polyurea-garage-floor-finish.jpg","contentUrl":"https:\/\/www.jinyupaint.com\/wp-content\/uploads\/2025\/10\/professional-polyurea-garage-floor-finish.jpg","width":800,"height":800,"caption":"A sleek, high-gloss finish of a polyurea garage floor in a modern garage, showcasing a seamless and reflective surface."},{"@type":"BreadcrumbList","@id":"https:\/\/www.jinyupaint.com\/product\/polyurea-2-coat-garage-floor-coating-kits#breadcrumb","itemListElement":[{"@type":"ListItem","position":1,"name":"Home","item":"https:\/\/www.jinyupaint.com\/"},{"@type":"ListItem","position":2,"name":"Shop","item":"https:\/\/www.jinyupaint.com\/shop.html"},{"@type":"ListItem","position":3,"name":"Polyurea 2-Coat Garage Floor Coating Kits"}]},{"@type":"WebSite","@id":"https:\/\/www.jinyupaint.com\/#website","url":"https:\/\/www.jinyupaint.com\/","name":"JINYU\u00ae PAINT","description":"JINYU PAINT\u00ae Fabricant","potentialAction":[{"@type":"SearchAction","target":{"@type":"EntryPoint","urlTemplate":"https:\/\/www.jinyupaint.com\/?s={search_term_string}"},"query-input":{"@type":"PropertyValueSpecification","valueRequired":true,"valueName":"search_term_string"}}],"inLanguage":"fr-FR"}]}},"_links":{"self":[{"href":"https:\/\/www.jinyupaint.com\/fr\/wp-json\/wp\/v2\/product\/6060","targetHints":{"allow":["GET"]}}],"collection":[{"href":"https:\/\/www.jinyupaint.com\/fr\/wp-json\/wp\/v2\/product"}],"about":[{"href":"https:\/\/www.jinyupaint.com\/fr\/wp-json\/wp\/v2\/types\/product"}],"wp:featuredmedia":[{"embeddable":true,"href":"https:\/\/www.jinyupaint.com\/fr\/wp-json\/wp\/v2\/media\/6066"}],"wp:attachment":[{"href":"https:\/\/www.jinyupaint.com\/fr\/wp-json\/wp\/v2\/media?parent=6060"}],"wp:term":[{"taxonomy":"product_brand","embeddable":true,"href":"https:\/\/www.jinyupaint.com\/fr\/wp-json\/wp\/v2\/product_brand?post=6060"},{"taxonomy":"product_cat","embeddable":true,"href":"https:\/\/www.jinyupaint.com\/fr\/wp-json\/wp\/v2\/product_cat?post=6060"},{"taxonomy":"product_tag","embeddable":true,"href":"https:\/\/www.jinyupaint.com\/fr\/wp-json\/wp\/v2\/product_tag?post=6060"}],"curies":[{"name":"wp","href":"https:\/\/api.w.org\/{rel}","templated":true}]}}