{"id":5794,"date":"2025-09-06T02:30:30","date_gmt":"2025-09-06T02:30:30","guid":{"rendered":"https:\/\/www.jinyupaint.com\/?post_type=product&#038;p=5794"},"modified":"2025-11-30T12:14:04","modified_gmt":"2025-11-30T12:14:04","slug":"jinyu-hd-heavy-duty-urethane-floor-coating","status":"publish","type":"product","link":"https:\/\/www.jinyupaint.com\/fr\/produit\/jinyu-hd-heavy-duty-urethane-floor-coating","title":{"rendered":"JINYU\u00ae HD Rev\u00eatement de sol \u00e0 base d'ur\u00e9thane tr\u00e8s r\u00e9sistant"},"content":{"rendered":"<h2 class=\"ds-markdown-paragraph\">Aper\u00e7u du produit\uff1a<\/h2>\n<p class=\"ds-markdown-paragraph\">Le rev\u00eatement de sol en ur\u00e9thane JINYU-HD Heavy-Duty est un syst\u00e8me de rev\u00eatement de sol en ur\u00e9thane cimentaire de premi\u00e8re qualit\u00e9 con\u00e7u pour les environnements industriels extr\u00eames. Ce rev\u00eatement de sol en b\u00e9ton polyur\u00e9thane avanc\u00e9 combine une durabilit\u00e9 exceptionnelle avec une r\u00e9sistance chimique, cr\u00e9ant ainsi la meilleure solution de sol ur\u00e9thane pour les applications exigeantes.<\/p>\n<p class=\"ds-markdown-paragraph\">Notre syst\u00e8me sp\u00e9cialis\u00e9 de rev\u00eatement de sol en b\u00e9ton ur\u00e9thane offre des performances sup\u00e9rieures aux options traditionnelles de rev\u00eatement de sol en polyur\u00e9thane \u00e9poxy, ce qui le rend id\u00e9al pour les applications de sol de garage en polyur\u00e9thane, les usines de transformation des aliments et les installations industrielles \u00e0 usage intensif. Les propri\u00e9t\u00e9s du scellant de sol polyur\u00e9thane assurent une protection compl\u00e8te contre l'humidit\u00e9, les produits chimiques et l'abrasion.<\/p>\n<h2 class=\"ds-markdown-paragraph\">Principales caract\u00e9ristiques et avantages\uff1a<\/h2>\n<ol start=\"1\">\n<li><strong>Durabilit\u00e9 exceptionnelle<\/strong>: Rev\u00eatement de sol en ur\u00e9thane haute performance avec une r\u00e9sistance \u00e0 la compression de 57 N\/mm\u00b2 et une r\u00e9sistance \u00e0 la flexion de 13 N\/mm\u00b2.<\/li>\n<li><strong>R\u00e9sistance chimique<\/strong>: Polyur\u00e9thane sup\u00e9rieur pour sols en b\u00e9ton r\u00e9sistant aux huiles, acides et solvants.<\/li>\n<li><strong>Propri\u00e9t\u00e9s antid\u00e9rapantes<\/strong>: La m\u00e9thode HD-R offre une excellente traction pour le rev\u00eatement de sol de garage en ur\u00e9thane.<\/li>\n<li><strong>Surface hygi\u00e9nique<\/strong>: Rev\u00eatement de sol en polyur\u00e9thane certifi\u00e9 ASTM G21-90 pour les environnements alimentaires.<\/li>\n<li><strong>R\u00e9sistance aux chocs thermiques<\/strong>: Le rev\u00eatement de b\u00e9ton en polyur\u00e9thane r\u00e9siste aux changements de temp\u00e9rature extr\u00eames.<\/li>\n<li><strong>Application facile<\/strong>: Options d'ur\u00e9thane autonivelant disponibles pour les finitions lisses<\/li>\n<li><strong>Formulations multiples<\/strong>: Finition de sol \u00e0 l'ur\u00e9thane \u00e0 base d'eau et options \u00e0 base de solvants<\/li>\n<\/ol>\n<p><a href=\"https:\/\/www.jinyupaint.com\/wp-content\/uploads\/2025\/09\/Trowel-Applied-Urethane-Mortar-HD-Method.jpg\"><img fetchpriority=\"high\" decoding=\"async\" class=\"alignnone size-full wp-image-5797\" src=\"https:\/\/www.jinyupaint.com\/wp-content\/uploads\/2025\/09\/Trowel-Applied-Urethane-Mortar-HD-Method.jpg\" alt=\"Mortier d&#039;ur\u00e9thane appliqu\u00e9 \u00e0 la truelle M\u00e9thode HD\" width=\"1200\" height=\"564\" srcset=\"https:\/\/www.jinyupaint.com\/wp-content\/uploads\/2025\/09\/Trowel-Applied-Urethane-Mortar-HD-Method.jpg 1200w, https:\/\/www.jinyupaint.com\/wp-content\/uploads\/2025\/09\/Trowel-Applied-Urethane-Mortar-HD-Method-300x141.jpg 300w, https:\/\/www.jinyupaint.com\/wp-content\/uploads\/2025\/09\/Trowel-Applied-Urethane-Mortar-HD-Method-1024x481.jpg 1024w, https:\/\/www.jinyupaint.com\/wp-content\/uploads\/2025\/09\/Trowel-Applied-Urethane-Mortar-HD-Method-768x361.jpg 768w, https:\/\/www.jinyupaint.com\/wp-content\/uploads\/2025\/09\/Trowel-Applied-Urethane-Mortar-HD-Method-18x8.jpg 18w, https:\/\/www.jinyupaint.com\/wp-content\/uploads\/2025\/09\/Trowel-Applied-Urethane-Mortar-HD-Method-600x282.jpg 600w\" sizes=\"(max-width: 1200px) 100vw, 1200px\" \/><\/a><\/p>\n<p><a href=\"https:\/\/www.jinyupaint.com\/wp-content\/uploads\/2025\/09\/Trowel-Applied-Urethane-Mortar-HD-Method.jpg\"><img fetchpriority=\"high\" decoding=\"async\" class=\"alignnone size-full wp-image-5797\" src=\"https:\/\/www.jinyupaint.com\/wp-content\/uploads\/2025\/09\/Trowel-Applied-Urethane-Mortar-HD-Method.jpg\" alt=\"Mortier d&#039;ur\u00e9thane appliqu\u00e9 \u00e0 la truelle M\u00e9thode HD\" width=\"1200\" height=\"564\" srcset=\"https:\/\/www.jinyupaint.com\/wp-content\/uploads\/2025\/09\/Trowel-Applied-Urethane-Mortar-HD-Method.jpg 1200w, https:\/\/www.jinyupaint.com\/wp-content\/uploads\/2025\/09\/Trowel-Applied-Urethane-Mortar-HD-Method-300x141.jpg 300w, https:\/\/www.jinyupaint.com\/wp-content\/uploads\/2025\/09\/Trowel-Applied-Urethane-Mortar-HD-Method-1024x481.jpg 1024w, https:\/\/www.jinyupaint.com\/wp-content\/uploads\/2025\/09\/Trowel-Applied-Urethane-Mortar-HD-Method-768x361.jpg 768w, https:\/\/www.jinyupaint.com\/wp-content\/uploads\/2025\/09\/Trowel-Applied-Urethane-Mortar-HD-Method-18x8.jpg 18w, https:\/\/www.jinyupaint.com\/wp-content\/uploads\/2025\/09\/Trowel-Applied-Urethane-Mortar-HD-Method-600x282.jpg 600w\" sizes=\"(max-width: 1200px) 100vw, 1200px\" \/><\/a><\/p>\n<h2 class=\"ds-markdown-paragraph\">Sp\u00e9cifications techniques :<\/h2>\n<table>\n<tbody>\n<tr>\n<th>Propri\u00e9t\u00e9<\/th>\n<th>Valeur<\/th>\n<th>Standard<\/th>\n<\/tr>\n<tr>\n<td>Densit\u00e9<\/td>\n<td>2,05 g\/cm\u00b3<\/td>\n<td><\/td>\n<\/tr>\n<tr>\n<td>R\u00e9sistance \u00e0 la compression<\/td>\n<td>57 N\/mm\u00b2<\/td>\n<td><\/td>\n<\/tr>\n<tr>\n<td>R\u00e9sistance \u00e0 la flexion<\/td>\n<td>13 N\/mm\u00b2<\/td>\n<td><\/td>\n<\/tr>\n<tr>\n<td>R\u00e9sistance \u00e0 la traction<\/td>\n<td>6 N\/mm\u00b2<\/td>\n<td><\/td>\n<\/tr>\n<tr>\n<td>Force d'adh\u00e9sion<\/td>\n<td>2,4 N\/mm\u00b2<\/td>\n<td>(D\u00e9faillance du substrat en b\u00e9ton)<\/td>\n<\/tr>\n<tr>\n<td>Performance antimicrobienne<\/td>\n<td>Passez<\/td>\n<td>ASTM G21-90<\/td>\n<\/tr>\n<tr>\n<td>Taux de couverture<\/td>\n<td>2,2 kg\/mm\/m\u00b2<\/td>\n<td>(pour la couche de mortier)<\/td>\n<\/tr>\n<tr>\n<td>\u00c9paisseur typique<\/td>\n<td>6-9 mm<\/td>\n<td><\/td>\n<\/tr>\n<\/tbody>\n<\/table>\n<h2 class=\"ds-markdown-paragraph\"><strong>Utilisations courantes :<\/strong><\/h2>\n<ul>\n<li>\n<p class=\"ds-markdown-paragraph\"><strong>Rev\u00eatement ur\u00e9thane pour plancher de garage :<\/strong>\u00a0Pour les garages r\u00e9sidentiels, commerciaux et automobiles.<\/p>\n<\/li>\n<li>\n<p class=\"ds-markdown-paragraph\"><strong>Rev\u00eatement de sol en b\u00e9ton PU :<\/strong>\u00a0Dans les entrep\u00f4ts, les centres de distribution et les plateformes logistiques.<\/p>\n<\/li>\n<li>\n<p class=\"ds-markdown-paragraph\"><strong>Sol en ciment polyur\u00e9thane :<\/strong>\u00a0Dans les usines de transformation de la viande et de la volaille, les brasseries et les laiteries.<\/p>\n<\/li>\n<li>\n<p class=\"ds-markdown-paragraph\"><strong>Rev\u00eatement de sol en b\u00e9ton \u00e0 base d'ur\u00e9thane :<\/strong>\u00a0Dans les usines de fabrication, les zones de traitement chimique et les laboratoires.<\/p>\n<\/li>\n<li>\n<p class=\"ds-markdown-paragraph\"><strong>Peinture polyur\u00e9thane pour sols :<\/strong>\u00a0Pour les cuisines commerciales, les salles d'exposition et les espaces de vente.<\/p>\n<\/li>\n<\/ul>\n<h2 class=\"ds-markdown-paragraph\"><strong>Informations sur l'emballage :<\/strong><\/h2>\n<p class=\"ds-markdown-paragraph\"><strong>Le kit complet de rev\u00eatement de sol \u00e0 l'ur\u00e9thane comprend :<\/strong><\/p>\n<ul>\n<li>\n<p class=\"ds-markdown-paragraph\">Composant A : r\u00e9sine polyur\u00e9thane (2,52 kg\/sac)<\/p>\n<\/li>\n<li>\n<p class=\"ds-markdown-paragraph\">Composant B : Durcisseur (2,86 kg\/sac)<\/p>\n<\/li>\n<li>\n<p class=\"ds-markdown-paragraph\">Composant C : agr\u00e9gat inorganique (35,28 kg\/sac)<\/p>\n<\/li>\n<li>\n<p class=\"ds-markdown-paragraph\">Composant D : P\u00e2te color\u00e9e (0,5 kg\/sac)<\/p>\n<\/li>\n<\/ul>\n<p class=\"ds-markdown-paragraph\"><strong>Total : 41,16 kg par jeu<\/strong><\/p>\n<p class=\"ds-markdown-paragraph\">Compar\u00e9 \u00e0 d'autres syst\u00e8mes de rev\u00eatement polyur\u00e9thane \u00e9poxy, UCON-HD offre un rev\u00eatement de sol polyur\u00e9thane plus robuste et plus durable. Nous proposons des prix comp\u00e9titifs pour les rev\u00eatements de sol en polyur\u00e9thane et une excellente valeur en termes de co\u00fbt de peinture par pied carr\u00e9, garantissant un co\u00fbt total de possession inf\u00e9rieur gr\u00e2ce \u00e0 sa durabilit\u00e9 exceptionnelle et \u00e0 ses exigences minimales en mati\u00e8re d'entretien.<\/p>\n<h2 class=\"ds-markdown-paragraph\">Contactez-nous d\u00e8s aujourd'hui pour un devis<\/h2>\n<p class=\"ds-markdown-paragraph\">Pr\u00eat \u00e0 moderniser votre espace avec le meilleur syst\u00e8me de rev\u00eatement de sol en ur\u00e9thane ? Contactez nos experts d\u00e8s aujourd'hui pour obtenir une estimation d\u00e9taill\u00e9e du co\u00fbt des rev\u00eatements de sol en polyur\u00e9thane, des fiches techniques et des conseils d'application adapt\u00e9s aux besoins sp\u00e9cifiques de votre projet.<\/p>\n<p>&nbsp;<\/p>","protected":false},"excerpt":{"rendered":"<p>JINYU-HD est un syst\u00e8me de rev\u00eatement de sol ur\u00e9thane de qualit\u00e9 professionnelle con\u00e7u pour les environnements industriels extr\u00eames. Cette formulation de polyur\u00e9thane \u00e0 base de ciment cr\u00e9e une surface durable, r\u00e9sistante aux produits chimiques, au trafic intense, aux impacts et aux chocs thermiques. Id\u00e9al pour les usines de fabrication, les ateliers automobiles et les usines de transformation alimentaire, il offre une protection sup\u00e9rieure \u00e0 celle des options \u00e9poxy standard. Le syst\u00e8me offre une excellente adh\u00e9rence, des propri\u00e9t\u00e9s antimicrobiennes et peut \u00eatre appliqu\u00e9 en tant que finition autonivelante ou rev\u00eatement antid\u00e9rapant. Gr\u00e2ce \u00e0 sa certification ASTM et \u00e0 ses performances \u00e9prouv\u00e9es, JINYU-HD offre une protection durable pour les applications commerciales et industrielles exigeantes.<\/p>","protected":false},"featured_media":5795,"template":"","meta":{"om_disable_all_campaigns":false,"_monsterinsights_skip_tracking":false,"_monsterinsights_sitenote_active":false,"_monsterinsights_sitenote_note":"","_monsterinsights_sitenote_category":0,"_uf_show_specific_survey":0,"_uf_disable_surveys":false},"product_brand":[],"product_cat":[109],"product_tag":[668,640,678,666,641,664,675,667,672,679,663,677,665,657,674],"class_list":{"0":"post-5794","1":"product","2":"type-product","3":"status-publish","4":"has-post-thumbnail","6":"product_cat-polyurethane-floor-coating","7":"product_tag-cementitious-urethane","8":"product_tag-chemical-resistant-flooring","9":"product_tag-epoxy-alternative-flooring","10":"product_tag-garage-floor-urethane-coating","11":"product_tag-industrial-floor-coating","12":"product_tag-polyurethane-concrete-coating","13":"product_tag-polyurethane-floor-sealer","14":"product_tag-polyurethane-for-concrete-floors","15":"product_tag-polyurethane-garage-floor","16":"product_tag-pu-concrete-flooring","17":"product_tag-self-leveling-urethane","18":"product_tag-urethane-concrete-floor-coating","19":"product_tag-urethane-floor-coating","20":"product_tag-warehouse-floor-coating","21":"product_tag-water-based-urethane-floor-finish","23":"first","24":"instock","25":"shipping-taxable","26":"product-type-simple"},"yoast_head":"<!-- This site is optimized with the Yoast SEO Premium plugin v26.2 (Yoast SEO v26.5) - https:\/\/yoast.com\/wordpress\/plugins\/seo\/ -->\n<title>JINYU\u00ae HD Heavy-Duty Urethane Floor Coating - KAIDA PAINT<\/title>\n<meta name=\"description\" content=\"Professional urethane floor coating for industrial use. Our polyurethane concrete coating provides chemical-resistant, durable floor polyurethane finishes for garages, warehouses &amp; food plants. ASTM certified. Get a quote.\" \/>\n<meta name=\"robots\" content=\"index, follow, max-snippet:-1, max-image-preview:large, max-video-preview:-1\" \/>\n<link rel=\"canonical\" href=\"https:\/\/www.jinyupaint.com\/fr\/produit\/jinyu-hd-heavy-duty-urethane-floor-coating\/\" \/>\n<meta property=\"og:locale\" content=\"fr_FR\" \/>\n<meta property=\"og:type\" content=\"article\" \/>\n<meta property=\"og:title\" content=\"JINYU\u00ae HD Heavy-Duty Urethane Floor Coating\" \/>\n<meta property=\"og:description\" content=\"Professional urethane floor coating for industrial use. Our polyurethane concrete coating provides chemical-resistant, durable floor polyurethane finishes for garages, warehouses &amp; food plants. ASTM certified. Get a quote.\" \/>\n<meta property=\"og:url\" content=\"https:\/\/www.jinyupaint.com\/fr\/produit\/jinyu-hd-heavy-duty-urethane-floor-coating\/\" \/>\n<meta property=\"og:site_name\" content=\"KAIDA PAINT\u00ae\" \/>\n<meta property=\"article:modified_time\" content=\"2025-11-30T12:14:04+00:00\" \/>\n<meta property=\"og:image\" content=\"https:\/\/www.jinyupaint.com\/wp-content\/uploads\/2025\/09\/JINYU-HD-Heavy-Duty-Urethane-Floor-Coating.jpg\" \/>\n\t<meta property=\"og:image:width\" content=\"750\" \/>\n\t<meta property=\"og:image:height\" content=\"750\" \/>\n\t<meta property=\"og:image:type\" content=\"image\/jpeg\" \/>\n<meta name=\"twitter:card\" content=\"summary_large_image\" \/>\n<meta name=\"twitter:label1\" content=\"Dur\u00e9e de lecture estim\u00e9e\" \/>\n\t<meta name=\"twitter:data1\" content=\"3 minutes\" \/>\n<script type=\"application\/ld+json\" class=\"yoast-schema-graph\">{\"@context\":\"https:\/\/schema.org\",\"@graph\":[{\"@type\":\"WebPage\",\"@id\":\"https:\/\/www.jinyupaint.com\/product\/jinyu-hd-heavy-duty-urethane-floor-coating\",\"url\":\"https:\/\/www.jinyupaint.com\/product\/jinyu-hd-heavy-duty-urethane-floor-coating\",\"name\":\"JINYU\u00ae HD Heavy-Duty Urethane Floor Coating - KAIDA PAINT\",\"isPartOf\":{\"@id\":\"https:\/\/www.jinyupaint.com\/#website\"},\"primaryImageOfPage\":{\"@id\":\"https:\/\/www.jinyupaint.com\/product\/jinyu-hd-heavy-duty-urethane-floor-coating#primaryimage\"},\"image\":{\"@id\":\"https:\/\/www.jinyupaint.com\/product\/jinyu-hd-heavy-duty-urethane-floor-coating#primaryimage\"},\"thumbnailUrl\":\"https:\/\/www.jinyupaint.com\/wp-content\/uploads\/2025\/09\/JINYU-HD-Heavy-Duty-Urethane-Floor-Coating.jpg\",\"datePublished\":\"2025-09-06T02:30:30+00:00\",\"dateModified\":\"2025-11-30T12:14:04+00:00\",\"description\":\"Professional urethane floor coating for industrial use. Our polyurethane concrete coating provides chemical-resistant, durable floor polyurethane finishes for garages, warehouses & food plants. ASTM certified. Get a quote.\",\"breadcrumb\":{\"@id\":\"https:\/\/www.jinyupaint.com\/product\/jinyu-hd-heavy-duty-urethane-floor-coating#breadcrumb\"},\"inLanguage\":\"fr-FR\",\"potentialAction\":[{\"@type\":\"ReadAction\",\"target\":[\"https:\/\/www.jinyupaint.com\/product\/jinyu-hd-heavy-duty-urethane-floor-coating\"]}]},{\"@type\":\"ImageObject\",\"inLanguage\":\"fr-FR\",\"@id\":\"https:\/\/www.jinyupaint.com\/product\/jinyu-hd-heavy-duty-urethane-floor-coating#primaryimage\",\"url\":\"https:\/\/www.jinyupaint.com\/wp-content\/uploads\/2025\/09\/JINYU-HD-Heavy-Duty-Urethane-Floor-Coating.jpg\",\"contentUrl\":\"https:\/\/www.jinyupaint.com\/wp-content\/uploads\/2025\/09\/JINYU-HD-Heavy-Duty-Urethane-Floor-Coating.jpg\",\"width\":750,\"height\":750,\"caption\":\"JINYU HD Heavy Duty Urethane Floor Coating\"},{\"@type\":\"BreadcrumbList\",\"@id\":\"https:\/\/www.jinyupaint.com\/product\/jinyu-hd-heavy-duty-urethane-floor-coating#breadcrumb\",\"itemListElement\":[{\"@type\":\"ListItem\",\"position\":1,\"name\":\"Home\",\"item\":\"https:\/\/www.jinyupaint.com\/\"},{\"@type\":\"ListItem\",\"position\":2,\"name\":\"Shop\",\"item\":\"https:\/\/www.jinyupaint.com\/shop.html\"},{\"@type\":\"ListItem\",\"position\":3,\"name\":\"JINYU\u00ae HD Heavy-Duty Urethane Floor Coating\"}]},{\"@type\":\"WebSite\",\"@id\":\"https:\/\/www.jinyupaint.com\/#website\",\"url\":\"https:\/\/www.jinyupaint.com\/\",\"name\":\"JINYU\u00ae PAINT\",\"description\":\"JINYU PAINT\u00ae Manufacturer\",\"potentialAction\":[{\"@type\":\"SearchAction\",\"target\":{\"@type\":\"EntryPoint\",\"urlTemplate\":\"https:\/\/www.jinyupaint.com\/?s={search_term_string}\"},\"query-input\":{\"@type\":\"PropertyValueSpecification\",\"valueRequired\":true,\"valueName\":\"search_term_string\"}}],\"inLanguage\":\"fr-FR\"}]}<\/script>\n<!-- \/ Yoast SEO Premium plugin. -->","yoast_head_json":{"title":"JINYU\u00ae HD Rev\u00eatement de sol \u00e0 l'ur\u00e9thane tr\u00e8s r\u00e9sistant - KAIDA PAINT","description":"Rev\u00eatement de sol professionnel \u00e0 base d'ur\u00e9thane pour usage industriel. Notre rev\u00eatement polyur\u00e9thane pour b\u00e9ton offre des finitions polyur\u00e9thane durables et r\u00e9sistantes aux produits chimiques pour les garages, les entrep\u00f4ts et les usines alimentaires. Certifi\u00e9 ASTM. Obtenir un devis.","robots":{"index":"index","follow":"follow","max-snippet":"max-snippet:-1","max-image-preview":"max-image-preview:large","max-video-preview":"max-video-preview:-1"},"canonical":"https:\/\/www.jinyupaint.com\/fr\/produit\/jinyu-hd-heavy-duty-urethane-floor-coating\/","og_locale":"fr_FR","og_type":"article","og_title":"JINYU\u00ae HD Heavy-Duty Urethane Floor Coating","og_description":"Professional urethane floor coating for industrial use. Our polyurethane concrete coating provides chemical-resistant, durable floor polyurethane finishes for garages, warehouses & food plants. ASTM certified. Get a quote.","og_url":"https:\/\/www.jinyupaint.com\/fr\/produit\/jinyu-hd-heavy-duty-urethane-floor-coating\/","og_site_name":"KAIDA PAINT\u00ae","article_modified_time":"2025-11-30T12:14:04+00:00","og_image":[{"width":750,"height":750,"url":"https:\/\/www.jinyupaint.com\/wp-content\/uploads\/2025\/09\/JINYU-HD-Heavy-Duty-Urethane-Floor-Coating.jpg","type":"image\/jpeg"}],"twitter_card":"summary_large_image","twitter_misc":{"Dur\u00e9e de lecture estim\u00e9e":"3 minutes"},"schema":{"@context":"https:\/\/schema.org","@graph":[{"@type":"WebPage","@id":"https:\/\/www.jinyupaint.com\/product\/jinyu-hd-heavy-duty-urethane-floor-coating","url":"https:\/\/www.jinyupaint.com\/product\/jinyu-hd-heavy-duty-urethane-floor-coating","name":"JINYU\u00ae HD Rev\u00eatement de sol \u00e0 l'ur\u00e9thane tr\u00e8s r\u00e9sistant - KAIDA PAINT","isPartOf":{"@id":"https:\/\/www.jinyupaint.com\/#website"},"primaryImageOfPage":{"@id":"https:\/\/www.jinyupaint.com\/product\/jinyu-hd-heavy-duty-urethane-floor-coating#primaryimage"},"image":{"@id":"https:\/\/www.jinyupaint.com\/product\/jinyu-hd-heavy-duty-urethane-floor-coating#primaryimage"},"thumbnailUrl":"https:\/\/www.jinyupaint.com\/wp-content\/uploads\/2025\/09\/JINYU-HD-Heavy-Duty-Urethane-Floor-Coating.jpg","datePublished":"2025-09-06T02:30:30+00:00","dateModified":"2025-11-30T12:14:04+00:00","description":"Rev\u00eatement de sol professionnel \u00e0 base d'ur\u00e9thane pour usage industriel. Notre rev\u00eatement polyur\u00e9thane pour b\u00e9ton offre des finitions polyur\u00e9thane durables et r\u00e9sistantes aux produits chimiques pour les garages, les entrep\u00f4ts et les usines alimentaires. Certifi\u00e9 ASTM. Obtenir un devis.","breadcrumb":{"@id":"https:\/\/www.jinyupaint.com\/product\/jinyu-hd-heavy-duty-urethane-floor-coating#breadcrumb"},"inLanguage":"fr-FR","potentialAction":[{"@type":"ReadAction","target":["https:\/\/www.jinyupaint.com\/product\/jinyu-hd-heavy-duty-urethane-floor-coating"]}]},{"@type":"ImageObject","inLanguage":"fr-FR","@id":"https:\/\/www.jinyupaint.com\/product\/jinyu-hd-heavy-duty-urethane-floor-coating#primaryimage","url":"https:\/\/www.jinyupaint.com\/wp-content\/uploads\/2025\/09\/JINYU-HD-Heavy-Duty-Urethane-Floor-Coating.jpg","contentUrl":"https:\/\/www.jinyupaint.com\/wp-content\/uploads\/2025\/09\/JINYU-HD-Heavy-Duty-Urethane-Floor-Coating.jpg","width":750,"height":750,"caption":"JINYU HD Heavy Duty Urethane Floor Coating"},{"@type":"BreadcrumbList","@id":"https:\/\/www.jinyupaint.com\/product\/jinyu-hd-heavy-duty-urethane-floor-coating#breadcrumb","itemListElement":[{"@type":"ListItem","position":1,"name":"Home","item":"https:\/\/www.jinyupaint.com\/"},{"@type":"ListItem","position":2,"name":"Shop","item":"https:\/\/www.jinyupaint.com\/shop.html"},{"@type":"ListItem","position":3,"name":"JINYU\u00ae HD Heavy-Duty Urethane Floor Coating"}]},{"@type":"WebSite","@id":"https:\/\/www.jinyupaint.com\/#website","url":"https:\/\/www.jinyupaint.com\/","name":"JINYU\u00ae PAINT","description":"JINYU PAINT\u00ae Fabricant","potentialAction":[{"@type":"SearchAction","target":{"@type":"EntryPoint","urlTemplate":"https:\/\/www.jinyupaint.com\/?s={search_term_string}"},"query-input":{"@type":"PropertyValueSpecification","valueRequired":true,"valueName":"search_term_string"}}],"inLanguage":"fr-FR"}]}},"_links":{"self":[{"href":"https:\/\/www.jinyupaint.com\/fr\/wp-json\/wp\/v2\/product\/5794","targetHints":{"allow":["GET"]}}],"collection":[{"href":"https:\/\/www.jinyupaint.com\/fr\/wp-json\/wp\/v2\/product"}],"about":[{"href":"https:\/\/www.jinyupaint.com\/fr\/wp-json\/wp\/v2\/types\/product"}],"wp:featuredmedia":[{"embeddable":true,"href":"https:\/\/www.jinyupaint.com\/fr\/wp-json\/wp\/v2\/media\/5795"}],"wp:attachment":[{"href":"https:\/\/www.jinyupaint.com\/fr\/wp-json\/wp\/v2\/media?parent=5794"}],"wp:term":[{"taxonomy":"product_brand","embeddable":true,"href":"https:\/\/www.jinyupaint.com\/fr\/wp-json\/wp\/v2\/product_brand?post=5794"},{"taxonomy":"product_cat","embeddable":true,"href":"https:\/\/www.jinyupaint.com\/fr\/wp-json\/wp\/v2\/product_cat?post=5794"},{"taxonomy":"product_tag","embeddable":true,"href":"https:\/\/www.jinyupaint.com\/fr\/wp-json\/wp\/v2\/product_tag?post=5794"}],"curies":[{"name":"wp","href":"https:\/\/api.w.org\/{rel}","templated":true}]}}