{"id":5783,"date":"2025-09-05T02:34:04","date_gmt":"2025-09-05T02:34:04","guid":{"rendered":"https:\/\/www.jinyupaint.com\/?post_type=product&#038;p=5783"},"modified":"2025-09-05T02:48:17","modified_gmt":"2025-09-05T02:48:17","slug":"jinyu-dt-abrasion-resistant-pu-topcoat","status":"publish","type":"product","link":"https:\/\/www.jinyupaint.com\/fr\/produit\/jinyu-dt-abrasion-resistant-pu-topcoat","title":{"rendered":"JINYU\u00ae DT Abrasion-Resistant PU Topcoat"},"content":{"rendered":"<p>JINYU\u00ae DT est une couche de finition protectrice polyur\u00e9thane tr\u00e8s solide, con\u00e7ue avec des agr\u00e9gats de corindon blanc ultra-durs. Il offre une r\u00e9sistance exceptionnelle aux rayures et \u00e0 l'abrasion, avec une duret\u00e9 de surface sup\u00e9rieure \u00e0 5H. Con\u00e7ue pour les applications de rev\u00eatement de sol industriel exigeant une durabilit\u00e9 maximale, elle est la solution id\u00e9ale pour les entrep\u00f4ts, les quais de chargement et les zones \u00e0 fort trafic. Sa formule contient des agr\u00e9gats de corindon blanc de haute duret\u00e9, avec une duret\u00e9 de surface sup\u00e9rieure \u00e0 5H, et est couramment utilis\u00e9e dans les zones \u00e0 fort trafic qui n\u00e9cessitent une r\u00e9sistance \u00e9lev\u00e9e \u00e0 l'usure.<\/p>\n<p>JINYU\u00ae DT doit \u00eatre utilis\u00e9 en combinaison avec le rev\u00eatement de sol autolissant JINYU\u00ae MF1\/2 pour les applications de couverture protectrice.<\/p>\n<h2 class=\"ds-markdown-paragraph\">Applications de notre rev\u00eatement PU pour usage intensif<\/h2>\n<p class=\"ds-markdown-paragraph\">JINYU\u00ae DT est formul\u00e9 pour prot\u00e9ger les sols dans les environnements les plus exigeants. Ses performances sup\u00e9rieures en font le rev\u00eatement de sol id\u00e9al pour les entrep\u00f4ts et les quais de chargement, o\u00f9 l'abrasion constante due aux chariots \u00e9l\u00e9vateurs et aux marchandises lourdes est un d\u00e9fi quotidien.<\/p>\n<p class=\"ds-markdown-paragraph\">Au-del\u00e0 de la logistique, c'est un excellent choix pour :<\/p>\n<ul>\n<li>\n<p class=\"ds-markdown-paragraph\"><strong>Parking Garage Rev\u00eatement de sol<\/strong>: R\u00e9siste aux marques de pneus, \u00e0 l'abrasion et \u00e0 l'exposition aux huiles et aux produits chimiques.<\/p>\n<\/li>\n<li>\n<p class=\"ds-markdown-paragraph\"><strong>Rev\u00eatements de sol pour supermarch\u00e9s et commerces de d\u00e9tail<\/strong>: R\u00e9siste au passage intensif des pi\u00e9tons et des chariots tout en conservant une finition semi-mate attrayante.<\/p>\n<\/li>\n<li>\n<p class=\"ds-markdown-paragraph\"><strong>Usines industrielles et de fabrication<\/strong>: Offre une r\u00e9sistance chimique exceptionnelle contre les huiles, les acides et les solvants, prot\u00e9geant contre les d\u00e9versements et les taches.<\/p>\n<\/li>\n<li>\n<p class=\"ds-markdown-paragraph\"><em>Consultez l'\u00e9quipe des solutions JINYU\u00ae pour d'autres sc\u00e9narios sp\u00e9cialis\u00e9s, y compris les exigences en mati\u00e8re d'applications antistatiques.<\/em><\/p>\n<\/li>\n<\/ul>\n<h2 class=\"ds-markdown-paragraph\">Principales caract\u00e9ristiques de notre rev\u00eatement r\u00e9sistant \u00e0 l'abrasion<\/h2>\n<ul>\n<li>\n<p class=\"ds-markdown-paragraph\"><strong>Durabilit\u00e9 in\u00e9gal\u00e9e<\/strong>: Atteint une duret\u00e9 de 5H pour une r\u00e9sistance exceptionnelle aux rayures, surpassant les rev\u00eatements \u00e9poxy et PU standard.<\/p>\n<\/li>\n<li>\n<p class=\"ds-markdown-paragraph\"><strong>R\u00e9sistance sup\u00e9rieure \u00e0 l'abrasion<\/strong>: L'agr\u00e9gat de corindon blanc int\u00e9gr\u00e9 garantit une usure minimale, m\u00eame dans les conditions de trafic lourd les plus intenses.<\/p>\n<\/li>\n<li>\n<p class=\"ds-markdown-paragraph\"><strong>Une esth\u00e9tique durable<\/strong>: La formule stable aux UV emp\u00eache le jaunissement et la d\u00e9coloration, conservant un aspect brillant et propre pendant des ann\u00e9es.<\/p>\n<\/li>\n<li>\n<p class=\"ds-markdown-paragraph\"><strong>Excellente r\u00e9sistance chimique<\/strong>: Prot\u00e8ge contre une large gamme de produits chimiques industriels, d'huiles et de solvants, ce qui en fait un v\u00e9ritable rev\u00eatement de sol r\u00e9sistant aux produits chimiques.<\/p>\n<\/li>\n<li>\n<p class=\"ds-markdown-paragraph\"><strong>S\u00e9curit\u00e9 et confort<\/strong>: Il s'agit d'une finition semi-mate qui r\u00e9duit l'\u00e9blouissement et offre un coefficient de frottement suffisant pour assurer la s\u00e9curit\u00e9.<\/p>\n<\/li>\n<li>\n<p class=\"ds-markdown-paragraph\"><strong>Solutions personnalis\u00e9es<\/strong>: Peut \u00eatre formul\u00e9 pour soutenir les applications de rev\u00eatement antistatique en PU pour la fabrication \u00e9lectronique et d'autres environnements sensibles.<\/p>\n<\/li>\n<\/ul>\n<h2>Couleur<\/h2>\n<p>Cinq couleurs standard sont disponibles (approximatives) :<br \/>\njaune, beige, gueules, bleu, vert, gris clair, gris fonc\u00e9<br \/>\nDes couleurs personnalis\u00e9es peuvent \u00eatre command\u00e9es sur la base de la QMOS.<\/p>\n<h2>Emballage<\/h2>\n<p>JINYU\u00ae DT est un produit pr\u00e9emball\u00e9 \u00e0 trois composants.<br \/>\navec un seul jeu pesant 10 kg :<br \/>\nComposant A : 5 kg\/seau ;<br \/>\nComposant B : 2 kg\/seau ;<br \/>\nComposant C : 3 kg\/emballage.<\/p>\n<h2>Param\u00e8tres techniques<\/h2>\n<p>Les donn\u00e9es suivantes sont mesur\u00e9es dans des conditions standard de laboratoire et peuvent pr\u00e9senter de l\u00e9g\u00e8res diff\u00e9rences par rapport aux donn\u00e9es r\u00e9elles sur place.<\/p>\n<table>\n<thead>\n<tr>\n<th>Objet<\/th>\n<th>Param\u00e8tres<\/th>\n<\/tr>\n<\/thead>\n<tbody>\n<tr>\n<td>Apparence<\/td>\n<td>Apr\u00e8s agitation, le m\u00e9lange est uniforme et sans grumeaux.<\/td>\n<\/tr>\n<tr>\n<td>Duret\u00e9 du crayon (r\u00e9sistance aux rayures)<\/td>\n<td>5H<\/td>\n<\/tr>\n<tr>\n<td>R\u00e9sistance \u00e0 l'impact (bille d'acier de 1000g)<\/td>\n<td>Pas de fissures ni de d\u00e9collement<\/td>\n<\/tr>\n<tr>\n<td>R\u00e9sistance \u00e0 la traction (standard)<\/td>\n<td>2,7 N\/mm\u00b2<\/td>\n<\/tr>\n<tr>\n<td>Force d'adh\u00e9sion par traction (trempage dans l'eau)<\/td>\n<td>2,0 N\/mm\u00b2<\/td>\n<\/tr>\n<tr>\n<td>R\u00e9sistance \u00e0 l'abrasion (750g\/500r)<\/td>\n<td>0.011g<\/td>\n<\/tr>\n<tr>\n<td>R\u00e9sistance \u00e0 l'eau (7D)<\/td>\n<td>Pas de bulles, pas de d\u00e9collement, pas de d\u00e9coloration.<\/td>\n<\/tr>\n<tr>\n<td>R\u00e9sistance \u00e0 l'huile (essence 120#, 7D)<\/td>\n<td>Pas de bulles, pas de d\u00e9collement, pas de d\u00e9coloration.<\/td>\n<\/tr>\n<tr>\n<td>R\u00e9sistance aux acides (10% H\u2082SO\u2084, 48h)<\/td>\n<td>Pas de bulles, pas de d\u00e9collement, pas de d\u00e9coloration.<\/td>\n<\/tr>\n<tr>\n<td>R\u00e9sistance \u00e0 la base (30% NaOH, 48h)<\/td>\n<td>Pas de bulles, pas de d\u00e9collement, pas de d\u00e9coloration.<\/td>\n<\/tr>\n<tr>\n<td>R\u00e9sistance au sel (3% NaCl, 7D)<\/td>\n<td>Pas de bulles, pas de d\u00e9collement, pas de d\u00e9coloration.<\/td>\n<\/tr>\n<tr>\n<td>Antid\u00e9rapant (coefficient de frottement \u00e0 sec)<\/td>\n<td>0.55<\/td>\n<\/tr>\n<\/tbody>\n<\/table>\n<h2>Standard<\/h2>\n<p>JINYU\u00ae DT est conforme aux exigences de la norme GB\/T22374-2018 \"Floor Coating Materials\".<\/p>\n<figure id=\"attachment_5616\" aria-describedby=\"caption-attachment-5616\" style=\"width: 570px\" class=\"wp-caption alignnone\"><a href=\"https:\/\/www.jinyupaint.com\/wp-content\/uploads\/2025\/02\/high-gloss-polyurethane-factory-flooring-surface.jpg\"><img fetchpriority=\"high\" decoding=\"async\" class=\"wp-image-5616 size-full\" src=\"https:\/\/www.jinyupaint.com\/wp-content\/uploads\/2025\/02\/high-gloss-polyurethane-factory-flooring-surface.jpg\" alt=\"Finition brillante des sols industriels en polyur\u00e9thane avec des propri\u00e9t\u00e9s antid\u00e9rapantes et sans joints.\" width=\"570\" height=\"360\" srcset=\"https:\/\/www.jinyupaint.com\/wp-content\/uploads\/2025\/02\/high-gloss-polyurethane-factory-flooring-surface.jpg 570w, https:\/\/www.jinyupaint.com\/wp-content\/uploads\/2025\/02\/high-gloss-polyurethane-factory-flooring-surface-300x189.jpg 300w, https:\/\/www.jinyupaint.com\/wp-content\/uploads\/2025\/02\/high-gloss-polyurethane-factory-flooring-surface-18x12.jpg 18w\" sizes=\"(max-width: 570px) 100vw, 570px\" \/><\/a><figcaption id=\"caption-attachment-5616\" class=\"wp-caption-text\">Finition brillante des sols industriels en polyur\u00e9thane avec des propri\u00e9t\u00e9s antid\u00e9rapantes et sans joints.<\/figcaption><\/figure>\n<figure id=\"attachment_5619\" aria-describedby=\"caption-attachment-5619\" style=\"width: 570px\" class=\"wp-caption alignnone\"><a href=\"https:\/\/www.jinyupaint.com\/wp-content\/uploads\/2025\/02\/polyurethane-ultra-wear-resistant-factory-flooring-application.jpg\"><img decoding=\"async\" class=\"wp-image-5619 size-full\" src=\"https:\/\/www.jinyupaint.com\/wp-content\/uploads\/2025\/02\/polyurethane-ultra-wear-resistant-factory-flooring-application.jpg\" alt=\"Rev\u00eatement de sol en polyur\u00e9thane ultra-r\u00e9sistant \u00e0 l&#039;usure appliqu\u00e9 dans une usine industrielle pour en assurer la durabilit\u00e9\" width=\"570\" height=\"360\" srcset=\"https:\/\/www.jinyupaint.com\/wp-content\/uploads\/2025\/02\/polyurethane-ultra-wear-resistant-factory-flooring-application.jpg 570w, https:\/\/www.jinyupaint.com\/wp-content\/uploads\/2025\/02\/polyurethane-ultra-wear-resistant-factory-flooring-application-300x189.jpg 300w, https:\/\/www.jinyupaint.com\/wp-content\/uploads\/2025\/02\/polyurethane-ultra-wear-resistant-factory-flooring-application-18x12.jpg 18w\" sizes=\"(max-width: 570px) 100vw, 570px\" \/><\/a><figcaption id=\"caption-attachment-5619\" class=\"wp-caption-text\">Rev\u00eatement de sol en polyur\u00e9thane ultra-r\u00e9sistant \u00e0 l'usure appliqu\u00e9 dans une usine industrielle pour en assurer la durabilit\u00e9<\/figcaption><\/figure>\n<h2>Instructions d'installation<\/h2>\n<h3>M\u00e9lange<\/h3>\n<p>Avant le m\u00e9lange, agiter soigneusement le composant A (r\u00e9sine) et, dans des conditions de m\u00e9lange \u00e0 faible vitesse (300-400 tr\/min), ajouter la proportion sp\u00e9cifi\u00e9e du composant B (durcisseur) et agiter continuellement pendant environ 30 secondes. Ensuite, ajouter lentement le composant C (agr\u00e9gat) et m\u00e9langer pendant 1 minute jusqu'\u00e0 l'obtention d'un m\u00e9lange uniforme.<\/p>\n<p>Note : Le composant C est un composant n\u00e9cessaire et doit \u00eatre ajout\u00e9 pendant l'agitation.<\/p>\n<h3>Application - Rev\u00eatement de surface<\/h3>\n<p>La quantit\u00e9 recommand\u00e9e de mat\u00e9riau de rev\u00eatement de surface est d'environ 0,1 \u00e0 0,12 kg\/m2. Utiliser une truelle m\u00e9tallique plate pour appliquer uniform\u00e9ment le mat\u00e9riau de rev\u00eatement sur le sol. Utiliser un pinceau pour traiter les parties en bordure. L'\u00e9paisseur du film humide (WFT) doit \u00eatre contr\u00f4l\u00e9e \u00e0 environ 0,1 mm (l'\u00e9paisseur du film sec (DFT) est d'environ 0,09 mm). Utilisez imm\u00e9diatement un rouleau \u00e0 poils courts pour rouler et enduire uniform\u00e9ment, en croisant une fois le rouleau dans les directions verticale et horizontale. Il en r\u00e9sultera une plus grande uniformit\u00e9 et un effet de rev\u00eatement de surface plus esth\u00e9tique.<\/p>\n<h3>Nettoyage<\/h3>\n<p>Nettoyer les outils imm\u00e9diatement apr\u00e8s l'application \u00e0 l'aide de solvants. Absorber tout produit r\u00e9pandu avec du sable sec ou d'autres mat\u00e9riaux absorbants et essuyer avec un chiffon.<\/p>\n<h3>Consommation th\u00e9orique<\/h3>\n<p>0,1\uff5e0,12kg\/m2<\/p>\n<p>Tout ajout ou r\u00e9duction d\u00e9raisonnable dans l'application du mat\u00e9riau peut affecter la qualit\u00e9 de l'interface, la performance d'\u00e9tanch\u00e9it\u00e9, la performance de collage, l'\u00e9paisseur du rev\u00eatement, etc. Par cons\u00e9quent, la consommation du produit doit \u00eatre conforme \u00e0 l'utilisation recommand\u00e9e et ajust\u00e9e en fonction de la situation r\u00e9elle sur le site afin d'obtenir des performances id\u00e9ales.<\/p>\n<h2>Dur\u00e9e de conservation<\/h2>\n<p>12 mois \u00e0 compter de la date de production, s'il est stock\u00e9 correctement dans son emballage scell\u00e9 d'origine, non ouvert et non endommag\u00e9, au sec et \u00e0 des temp\u00e9ratures comprises entre +10 \u00b0C et +25 \u00b0C.<br \/>\nLa partie A doit \u00eatre prot\u00e9g\u00e9e du gel.<br \/>\nLa partie B doit \u00eatre prot\u00e9g\u00e9e du gel.<br \/>\nLa partie C doit \u00eatre prot\u00e9g\u00e9e de l'humidit\u00e9.<\/p>\n<h2>Rapport de m\u00e9lange<\/h2>\n<p>M\u00e9lange de toutes les mati\u00e8res premi\u00e8res \u00e0 partir d'un ensemble complet d'emballages d'usine.<\/p>\n<h2>Temps de s\u00e9chage<\/h2>\n<div class=\"ds-scroll-area _1210dd7\">\n<table>\n<thead>\n<tr>\n<th>Temp\u00e9rature<\/th>\n<th>Surface s\u00e8che<\/th>\n<th>Trafic l\u00e9ger<\/th>\n<th>Cure compl\u00e8te<\/th>\n<\/tr>\n<\/thead>\n<tbody>\n<tr>\n<td>+10\u00b0C<\/td>\n<td>~30h<\/td>\n<td>~48h<\/td>\n<td>~6d<\/td>\n<\/tr>\n<tr>\n<td>+20\u00b0C<\/td>\n<td>~16h<\/td>\n<td>~24h<\/td>\n<td>~4d<\/td>\n<\/tr>\n<tr>\n<td>+30\u00b0C<\/td>\n<td>~12h<\/td>\n<td>~18h<\/td>\n<td>~3d<\/td>\n<\/tr>\n<\/tbody>\n<\/table>\n<\/div>\n<h2 class=\"ds-markdown-paragraph\">Couleur<\/h2>\n<p class=\"ds-markdown-paragraph\">Cinq couleurs standard sont disponibles (approximatives)<\/p>\n<ul>\n<li>\n<p class=\"ds-markdown-paragraph\">Jaune : RAL 1006<\/p>\n<\/li>\n<li>\n<p class=\"ds-markdown-paragraph\">Rouge : RAL 3002<\/p>\n<\/li>\n<li>\n<p class=\"ds-markdown-paragraph\">Bleu : RAL 5015<\/p>\n<\/li>\n<li>\n<p class=\"ds-markdown-paragraph\">Vert : RAL 6001<\/p>\n<\/li>\n<li>\n<p class=\"ds-markdown-paragraph\">Gris : RAL 7037<\/p>\n<\/li>\n<li>\n<p class=\"ds-markdown-paragraph\">Des couleurs personnalis\u00e9es peuvent \u00eatre command\u00e9es sur la base d'une quantit\u00e9 minimale de commande (MOQ).<\/p>\n<\/li>\n<\/ul>","protected":false},"excerpt":{"rendered":"<p>JINYU\u00ae DT est un rev\u00eatement de finition polyur\u00e9thane avanc\u00e9 \u00e0 haute solidit\u00e9 sp\u00e9cialement formul\u00e9 pour les environnements industriels extr\u00eames, incorporant des agr\u00e9gats de corindon blanc ultra-durs qui cr\u00e9ent une surface exceptionnellement durable avec une duret\u00e9 au crayon de 5H et une r\u00e9sistance \u00e0 l'abrasion exceptionnelle. Ce syst\u00e8me de rev\u00eatement innovant offre une protection sup\u00e9rieure contre les chocs m\u00e9caniques importants, les d\u00e9versements de produits chimiques, la d\u00e9gradation due aux UV et l'usure quotidienne dans les zones \u00e0 fort trafic telles que les entrep\u00f4ts, les installations de fabrication, les quais de chargement et les parkings commerciaux, tout en conservant une finition semi-mate attrayante qui r\u00e9siste au jaunissement et conserve son attrait esth\u00e9tique au fil du temps. Le syst\u00e8me \u00e0 trois composants assure une application facile et une excellente adh\u00e9rence \u00e0 divers substrats, offrant une solution de rev\u00eatement de sol rentable et durable qui r\u00e9pond aux normes GB\/T 22374-2018 et peut \u00eatre personnalis\u00e9e avec des propri\u00e9t\u00e9s antistatiques pour des applications sp\u00e9cialis\u00e9es.<\/p>","protected":false},"featured_media":5785,"template":"","meta":{"om_disable_all_campaigns":false,"_monsterinsights_skip_tracking":false,"_monsterinsights_sitenote_active":false,"_monsterinsights_sitenote_note":"","_monsterinsights_sitenote_category":0,"_uf_show_specific_survey":0,"_uf_disable_surveys":false},"product_brand":[],"product_cat":[109],"product_tag":[656,654,658,641,660,661,655,659,657,662],"class_list":{"0":"post-5783","1":"product","2":"type-product","3":"status-publish","4":"has-post-thumbnail","6":"product_cat-polyurethane-floor-coating","7":"product_tag-5h-hardness-floor-coating","8":"product_tag-abrasion-resistant-floor-coating","9":"product_tag-chemical-resistant-floor-coating","10":"product_tag-industrial-floor-coating","11":"product_tag-loading-bay-floor-solution","12":"product_tag-polyurethane-top-coat","13":"product_tag-pu-floor-coating","14":"product_tag-scratch-resistant-coating","15":"product_tag-warehouse-floor-coating","16":"product_tag-white-corundum-flooring","18":"first","19":"instock","20":"shipping-taxable","21":"product-type-simple"},"yoast_head":"<!-- This site is optimized with the Yoast SEO Premium plugin v26.2 (Yoast SEO v26.5) - https:\/\/yoast.com\/wordpress\/plugins\/seo\/ -->\n<title>JINYU\u00ae DT: Abrasion-Resistant PU Floor Coating for Warehouses &amp; Industry<\/title>\n<meta name=\"description\" content=\"JINYU\u00ae DT is a high-hardness (5H) polyurethane top coat with white corundum for extreme abrasion &amp; scratch resistance. Ideal for warehouse floors, loading bays, &amp; industrial areas. Resists chemicals, UV yellowing, &amp; heavy traffic. Download TDS.\" \/>\n<meta name=\"robots\" content=\"index, follow, max-snippet:-1, max-image-preview:large, max-video-preview:-1\" \/>\n<link rel=\"canonical\" href=\"https:\/\/www.jinyupaint.com\/fr\/produit\/jinyu-dt-abrasion-resistant-pu-topcoat\/\" \/>\n<meta property=\"og:locale\" content=\"fr_FR\" \/>\n<meta property=\"og:type\" content=\"article\" \/>\n<meta property=\"og:title\" content=\"JINYU\u00ae DT Abrasion-Resistant PU Topcoat\" \/>\n<meta property=\"og:description\" content=\"JINYU\u00ae DT is a high-hardness (5H) polyurethane top coat with white corundum for extreme abrasion &amp; scratch resistance. Ideal for warehouse floors, loading bays, &amp; industrial areas. Resists chemicals, UV yellowing, &amp; heavy traffic. Download TDS.\" \/>\n<meta property=\"og:url\" content=\"https:\/\/www.jinyupaint.com\/fr\/produit\/jinyu-dt-abrasion-resistant-pu-topcoat\/\" \/>\n<meta property=\"og:site_name\" content=\"KAIDA PAINT\u00ae\" \/>\n<meta property=\"article:modified_time\" content=\"2025-09-05T02:48:17+00:00\" \/>\n<meta property=\"og:image\" content=\"https:\/\/www.jinyupaint.com\/wp-content\/uploads\/2025\/09\/JINYU\u00ae-DT-Abrasion-Resistant-PU-Topcoat.jpg\" \/>\n\t<meta property=\"og:image:width\" content=\"750\" \/>\n\t<meta property=\"og:image:height\" content=\"750\" \/>\n\t<meta property=\"og:image:type\" content=\"image\/jpeg\" \/>\n<meta name=\"twitter:card\" content=\"summary_large_image\" \/>\n<meta name=\"twitter:label1\" content=\"Dur\u00e9e de lecture estim\u00e9e\" \/>\n\t<meta name=\"twitter:data1\" content=\"5 minutes\" \/>\n<script type=\"application\/ld+json\" class=\"yoast-schema-graph\">{\"@context\":\"https:\/\/schema.org\",\"@graph\":[{\"@type\":\"WebPage\",\"@id\":\"https:\/\/www.jinyupaint.com\/product\/jinyu-dt-abrasion-resistant-pu-topcoat\",\"url\":\"https:\/\/www.jinyupaint.com\/product\/jinyu-dt-abrasion-resistant-pu-topcoat\",\"name\":\"JINYU\u00ae DT: Abrasion-Resistant PU Floor Coating for Warehouses & Industry\",\"isPartOf\":{\"@id\":\"https:\/\/www.jinyupaint.com\/#website\"},\"primaryImageOfPage\":{\"@id\":\"https:\/\/www.jinyupaint.com\/product\/jinyu-dt-abrasion-resistant-pu-topcoat#primaryimage\"},\"image\":{\"@id\":\"https:\/\/www.jinyupaint.com\/product\/jinyu-dt-abrasion-resistant-pu-topcoat#primaryimage\"},\"thumbnailUrl\":\"https:\/\/www.jinyupaint.com\/wp-content\/uploads\/2025\/09\/JINYU\u00ae-DT-Abrasion-Resistant-PU-Topcoat.jpg\",\"datePublished\":\"2025-09-05T02:34:04+00:00\",\"dateModified\":\"2025-09-05T02:48:17+00:00\",\"description\":\"JINYU\u00ae DT is a high-hardness (5H) polyurethane top coat with white corundum for extreme abrasion & scratch resistance. Ideal for warehouse floors, loading bays, & industrial areas. Resists chemicals, UV yellowing, & heavy traffic. Download TDS.\",\"breadcrumb\":{\"@id\":\"https:\/\/www.jinyupaint.com\/product\/jinyu-dt-abrasion-resistant-pu-topcoat#breadcrumb\"},\"inLanguage\":\"fr-FR\",\"potentialAction\":[{\"@type\":\"ReadAction\",\"target\":[\"https:\/\/www.jinyupaint.com\/product\/jinyu-dt-abrasion-resistant-pu-topcoat\"]}]},{\"@type\":\"ImageObject\",\"inLanguage\":\"fr-FR\",\"@id\":\"https:\/\/www.jinyupaint.com\/product\/jinyu-dt-abrasion-resistant-pu-topcoat#primaryimage\",\"url\":\"https:\/\/www.jinyupaint.com\/wp-content\/uploads\/2025\/09\/JINYU\u00ae-DT-Abrasion-Resistant-PU-Topcoat.jpg\",\"contentUrl\":\"https:\/\/www.jinyupaint.com\/wp-content\/uploads\/2025\/09\/JINYU\u00ae-DT-Abrasion-Resistant-PU-Topcoat.jpg\",\"width\":750,\"height\":750,\"caption\":\"JINYU\u00ae DT Abrasion Resistant PU Topcoat\"},{\"@type\":\"BreadcrumbList\",\"@id\":\"https:\/\/www.jinyupaint.com\/product\/jinyu-dt-abrasion-resistant-pu-topcoat#breadcrumb\",\"itemListElement\":[{\"@type\":\"ListItem\",\"position\":1,\"name\":\"Home\",\"item\":\"https:\/\/www.jinyupaint.com\/\"},{\"@type\":\"ListItem\",\"position\":2,\"name\":\"Shop\",\"item\":\"https:\/\/www.jinyupaint.com\/shop.html\"},{\"@type\":\"ListItem\",\"position\":3,\"name\":\"JINYU\u00ae DT Abrasion-Resistant PU Topcoat\"}]},{\"@type\":\"WebSite\",\"@id\":\"https:\/\/www.jinyupaint.com\/#website\",\"url\":\"https:\/\/www.jinyupaint.com\/\",\"name\":\"JINYU\u00ae PAINT\",\"description\":\"JINYU PAINT\u00ae Manufacturer\",\"potentialAction\":[{\"@type\":\"SearchAction\",\"target\":{\"@type\":\"EntryPoint\",\"urlTemplate\":\"https:\/\/www.jinyupaint.com\/?s={search_term_string}\"},\"query-input\":{\"@type\":\"PropertyValueSpecification\",\"valueRequired\":true,\"valueName\":\"search_term_string\"}}],\"inLanguage\":\"fr-FR\"}]}<\/script>\n<!-- \/ Yoast SEO Premium plugin. -->","yoast_head_json":{"title":"JINYU\u00ae DT : Rev\u00eatement de sol PU r\u00e9sistant \u00e0 l'abrasion pour les entrep\u00f4ts et l'industrie","description":"JINYU\u00ae DT est une couche de finition polyur\u00e9thane de haute duret\u00e9 (5H) avec du corindon blanc pour une r\u00e9sistance extr\u00eame \u00e0 l'abrasion et aux rayures. Id\u00e9al pour les sols d'entrep\u00f4ts, les quais de chargement et les zones industrielles. R\u00e9siste aux produits chimiques, au jaunissement d\u00fb aux UV et au trafic intense. T\u00e9l\u00e9charger le TDS.","robots":{"index":"index","follow":"follow","max-snippet":"max-snippet:-1","max-image-preview":"max-image-preview:large","max-video-preview":"max-video-preview:-1"},"canonical":"https:\/\/www.jinyupaint.com\/fr\/produit\/jinyu-dt-abrasion-resistant-pu-topcoat\/","og_locale":"fr_FR","og_type":"article","og_title":"JINYU\u00ae DT Abrasion-Resistant PU Topcoat","og_description":"JINYU\u00ae DT is a high-hardness (5H) polyurethane top coat with white corundum for extreme abrasion & scratch resistance. Ideal for warehouse floors, loading bays, & industrial areas. Resists chemicals, UV yellowing, & heavy traffic. Download TDS.","og_url":"https:\/\/www.jinyupaint.com\/fr\/produit\/jinyu-dt-abrasion-resistant-pu-topcoat\/","og_site_name":"KAIDA PAINT\u00ae","article_modified_time":"2025-09-05T02:48:17+00:00","og_image":[{"width":750,"height":750,"url":"https:\/\/www.jinyupaint.com\/wp-content\/uploads\/2025\/09\/JINYU\u00ae-DT-Abrasion-Resistant-PU-Topcoat.jpg","type":"image\/jpeg"}],"twitter_card":"summary_large_image","twitter_misc":{"Dur\u00e9e de lecture estim\u00e9e":"5 minutes"},"schema":{"@context":"https:\/\/schema.org","@graph":[{"@type":"WebPage","@id":"https:\/\/www.jinyupaint.com\/product\/jinyu-dt-abrasion-resistant-pu-topcoat","url":"https:\/\/www.jinyupaint.com\/product\/jinyu-dt-abrasion-resistant-pu-topcoat","name":"JINYU\u00ae DT : Rev\u00eatement de sol PU r\u00e9sistant \u00e0 l'abrasion pour les entrep\u00f4ts et l'industrie","isPartOf":{"@id":"https:\/\/www.jinyupaint.com\/#website"},"primaryImageOfPage":{"@id":"https:\/\/www.jinyupaint.com\/product\/jinyu-dt-abrasion-resistant-pu-topcoat#primaryimage"},"image":{"@id":"https:\/\/www.jinyupaint.com\/product\/jinyu-dt-abrasion-resistant-pu-topcoat#primaryimage"},"thumbnailUrl":"https:\/\/www.jinyupaint.com\/wp-content\/uploads\/2025\/09\/JINYU\u00ae-DT-Abrasion-Resistant-PU-Topcoat.jpg","datePublished":"2025-09-05T02:34:04+00:00","dateModified":"2025-09-05T02:48:17+00:00","description":"JINYU\u00ae DT est une couche de finition polyur\u00e9thane de haute duret\u00e9 (5H) avec du corindon blanc pour une r\u00e9sistance extr\u00eame \u00e0 l'abrasion et aux rayures. Id\u00e9al pour les sols d'entrep\u00f4ts, les quais de chargement et les zones industrielles. R\u00e9siste aux produits chimiques, au jaunissement d\u00fb aux UV et au trafic intense. T\u00e9l\u00e9charger le TDS.","breadcrumb":{"@id":"https:\/\/www.jinyupaint.com\/product\/jinyu-dt-abrasion-resistant-pu-topcoat#breadcrumb"},"inLanguage":"fr-FR","potentialAction":[{"@type":"ReadAction","target":["https:\/\/www.jinyupaint.com\/product\/jinyu-dt-abrasion-resistant-pu-topcoat"]}]},{"@type":"ImageObject","inLanguage":"fr-FR","@id":"https:\/\/www.jinyupaint.com\/product\/jinyu-dt-abrasion-resistant-pu-topcoat#primaryimage","url":"https:\/\/www.jinyupaint.com\/wp-content\/uploads\/2025\/09\/JINYU\u00ae-DT-Abrasion-Resistant-PU-Topcoat.jpg","contentUrl":"https:\/\/www.jinyupaint.com\/wp-content\/uploads\/2025\/09\/JINYU\u00ae-DT-Abrasion-Resistant-PU-Topcoat.jpg","width":750,"height":750,"caption":"JINYU\u00ae DT Abrasion Resistant PU Topcoat"},{"@type":"BreadcrumbList","@id":"https:\/\/www.jinyupaint.com\/product\/jinyu-dt-abrasion-resistant-pu-topcoat#breadcrumb","itemListElement":[{"@type":"ListItem","position":1,"name":"Home","item":"https:\/\/www.jinyupaint.com\/"},{"@type":"ListItem","position":2,"name":"Shop","item":"https:\/\/www.jinyupaint.com\/shop.html"},{"@type":"ListItem","position":3,"name":"JINYU\u00ae DT Abrasion-Resistant PU Topcoat"}]},{"@type":"WebSite","@id":"https:\/\/www.jinyupaint.com\/#website","url":"https:\/\/www.jinyupaint.com\/","name":"JINYU\u00ae PAINT","description":"JINYU PAINT\u00ae Fabricant","potentialAction":[{"@type":"SearchAction","target":{"@type":"EntryPoint","urlTemplate":"https:\/\/www.jinyupaint.com\/?s={search_term_string}"},"query-input":{"@type":"PropertyValueSpecification","valueRequired":true,"valueName":"search_term_string"}}],"inLanguage":"fr-FR"}]}},"_links":{"self":[{"href":"https:\/\/www.jinyupaint.com\/fr\/wp-json\/wp\/v2\/product\/5783","targetHints":{"allow":["GET"]}}],"collection":[{"href":"https:\/\/www.jinyupaint.com\/fr\/wp-json\/wp\/v2\/product"}],"about":[{"href":"https:\/\/www.jinyupaint.com\/fr\/wp-json\/wp\/v2\/types\/product"}],"wp:featuredmedia":[{"embeddable":true,"href":"https:\/\/www.jinyupaint.com\/fr\/wp-json\/wp\/v2\/media\/5785"}],"wp:attachment":[{"href":"https:\/\/www.jinyupaint.com\/fr\/wp-json\/wp\/v2\/media?parent=5783"}],"wp:term":[{"taxonomy":"product_brand","embeddable":true,"href":"https:\/\/www.jinyupaint.com\/fr\/wp-json\/wp\/v2\/product_brand?post=5783"},{"taxonomy":"product_cat","embeddable":true,"href":"https:\/\/www.jinyupaint.com\/fr\/wp-json\/wp\/v2\/product_cat?post=5783"},{"taxonomy":"product_tag","embeddable":true,"href":"https:\/\/www.jinyupaint.com\/fr\/wp-json\/wp\/v2\/product_tag?post=5783"}],"curies":[{"name":"wp","href":"https:\/\/api.w.org\/{rel}","templated":true}]}}