{"id":5117,"date":"2025-07-10T09:51:38","date_gmt":"2025-07-10T09:51:38","guid":{"rendered":"https:\/\/www.jinyupaint.com\/?post_type=product&#038;p=5117"},"modified":"2025-07-14T08:21:48","modified_gmt":"2025-07-14T08:21:48","slug":"high-performance-spray-polyurethane-finish","status":"publish","type":"product","link":"https:\/\/www.jinyupaint.com\/fr\/produit\/high-performance-spray-polyurethane-finish","title":{"rendered":"Finition en polyur\u00e9thane pulv\u00e9ris\u00e9 haute performance"},"content":{"rendered":"<p class=\"ds-markdown-paragraph\">Finition polyur\u00e9thane \u00e0 pulv\u00e9riser haute performance offrant un brillant exceptionnel, une r\u00e9sistance aux produits chimiques et une protection durable ? Notre couche de finition polyur\u00e9thane \u00e0 deux composants est con\u00e7ue pour les surfaces int\u00e9rieures en m\u00e9tal, en bois et en b\u00e9ton. Elle offre une finition lisse et brillante avec une durabilit\u00e9 sup\u00e9rieure.<\/p>\n<h2>Avantages de notre finition en polyur\u00e9thane pulv\u00e9ris\u00e9<\/h2>\n<p class=\"ds-markdown-paragraph\">\u2714 Haute brillance et attrait esth\u00e9tique - Am\u00e9liore les surfaces avec une finition lisse et brillante, id\u00e9ale pour le m\u00e9tal d\u00e9coratif, le mobilier et l'\u00e9quipement industriel.<br \/>\n\u2714 Excellente r\u00e9sistance chimique - R\u00e9siste aux acides, aux alcalis, aux huiles et aux solvants, ce qui en fait un produit id\u00e9al pour les environnements difficiles.<br \/>\n\u2714 Forte adh\u00e9rence et flexibilit\u00e9 - Adh\u00e8re solidement \u00e0 l'acier, \u00e0 l'aluminium, au bois et au b\u00e9ton sans se fissurer.<br \/>\nS\u00e9chage rapide et application facile - Compatible avec les pistolets de pulv\u00e9risation (HVLP\/sans air), le pinceau ou le rouleau pour un rev\u00eatement efficace.<br \/>\n\u2714 R\u00e9sistance aux UV et aux intemp\u00e9ries (utilisation int\u00e9rieure) - Maintient la couleur et la brillance pendant des ann\u00e9es sans se d\u00e9colorer.<\/p>\n<h2>Sp\u00e9cifications techniques :<\/h2>\n<table>\n<thead>\n<tr>\n<th><strong>Propri\u00e9t\u00e9<\/strong><\/th>\n<th><strong>Sp\u00e9cifications<\/strong><\/th>\n<\/tr>\n<\/thead>\n<tbody>\n<tr>\n<td><strong>Type<\/strong><\/td>\n<td>Bicomposant (r\u00e9sine polyur\u00e9thane + durcisseur)<\/td>\n<\/tr>\n<tr>\n<td><strong>Options de finition<\/strong><\/td>\n<td>Brillant \/ Semi-brillant (personnalisable)<\/td>\n<\/tr>\n<tr>\n<td><strong>Contenu solide<\/strong><\/td>\n<td>50-52%<\/td>\n<\/tr>\n<tr>\n<td><strong>Couverture<\/strong><\/td>\n<td>0,122 kg\/m\u00b2 \u00e0 50\u03bcm DFT<\/td>\n<\/tr>\n<tr>\n<td><strong>\u00c9paisseur du film sec<\/strong><\/td>\n<td>30-50\u03bcm par couche<\/td>\n<\/tr>\n<tr>\n<td><strong>Point d'\u00e9clair<\/strong><\/td>\n<td>&gt;23\u00b0C<\/td>\n<\/tr>\n<tr>\n<td><strong>Rapport de m\u00e9lange<\/strong><\/td>\n<td>10:1 (Base : Durcisseur)<\/td>\n<\/tr>\n<tr>\n<td><strong>La vie en pot<\/strong><\/td>\n<td>3-8 heures (en fonction de la temp\u00e9rature)<\/td>\n<\/tr>\n<tr>\n<td><strong>Temps de s\u00e9chage \u00e0 20\u00b0C<\/strong><\/td>\n<td><\/td>\n<\/tr>\n<tr>\n<td>- S\u00e9chage au toucher<\/td>\n<td>1 heure<\/td>\n<\/tr>\n<tr>\n<td>- Temps de recouvrement<\/td>\n<td>16-24 heures<\/td>\n<\/tr>\n<tr>\n<td>- Cure compl\u00e8te<\/td>\n<td>7 jours<\/td>\n<\/tr>\n<\/tbody>\n<\/table>\n<h2>Meilleures applications :<\/h2>\n<ul>\n<li>\n<p class=\"ds-markdown-paragraph\">Surfaces m\u00e9talliques : Structures en acier, machines, pi\u00e8ces automobiles<\/p>\n<\/li>\n<li>\n<p class=\"ds-markdown-paragraph\">Finition du bois : meubles, armoires, rev\u00eatements de sol<\/p>\n<\/li>\n<li>\n<p class=\"ds-markdown-paragraph\">Rev\u00eatement de b\u00e9ton : Sols industriels, murs d\u00e9coratifs<\/p>\n<\/li>\n<li>\n<p class=\"ds-markdown-paragraph\">Utilisation industrielle : R\u00e9servoirs de produits chimiques, pipelines, protection des \u00e9quipements<\/p>\n<\/li>\n<\/ul>\n<h2>Syst\u00e8mes d'appr\u00eat recommand\u00e9s :<\/h2>\n<ul>\n<li>\n<p class=\"ds-markdown-paragraph\">Structures en acier : Appr\u00eat \u00e9poxy zinc + couche de finition polyur\u00e9thane<\/p>\n<\/li>\n<li>\n<p class=\"ds-markdown-paragraph\">Aluminium\/m\u00e9taux non ferreux : Appr\u00eat \u00e9poxy pour m\u00e9taux + finition polyur\u00e9thane<\/p>\n<\/li>\n<li>\n<p class=\"ds-markdown-paragraph\">Bois\/b\u00e9ton : Scellant \u00e9poxy + rev\u00eatement polyur\u00e9thane<\/p>\n<\/li>\n<\/ul>\n<h2><strong>M\u00e9thode de construction<\/strong><\/h2>\n<h4><strong>Processus de construction :<\/strong>\u00a0TCC-40YC<\/h4>\n<p class=\"ds-markdown-paragraph\"><strong>Liste de contr\u00f4le :<\/strong>\u00a0Distribution uniforme de chaque num\u00e9ro d'outil de construction avec des outils limit\u00e9s<br \/>\n<strong>Ratio de la liste de contr\u00f4le :<\/strong>\u00a0M\u00e9thode principale (10 r\u00e9p\u00e9titions par cycle)<\/p>\n<div class=\"markdown-table-wrapper\">\n<table>\n<thead>\n<tr>\n<th><strong>Nom de l'article<\/strong><\/th>\n<th><strong>TCC<\/strong><\/th>\n<th><strong>20\u00b0C<\/strong><\/th>\n<th><strong>20\u00b0C<\/strong><\/th>\n<\/tr>\n<\/thead>\n<tbody>\n<tr>\n<td><\/td>\n<td><strong>BDA<\/strong><\/td>\n<td><strong>BDA<\/strong><\/td>\n<td><strong>BDA<\/strong><\/td>\n<\/tr>\n<\/tbody>\n<\/table>\n<\/div>\n<p class=\"ds-markdown-paragraph\"><strong>M\u00e9thodes de construction :<\/strong>\u00a0D\u00e9versement solide, d\u00e9versement d'air, protection contre le gel (sp\u00e9cialis\u00e9)<\/p>\n<div class=\"markdown-table-wrapper\">\n<table>\n<thead>\n<tr>\n<th><strong>M\u00e9thode de construction<\/strong><\/th>\n<th><strong>Taille du mod\u00e8le<\/strong><\/th>\n<th><strong>Diam\u00e8tre total\/h<\/strong><\/th>\n<th><strong>Poids du mod\u00e8le (b\u00e9ton)<\/strong><\/th>\n<\/tr>\n<\/thead>\n<tbody>\n<tr>\n<td>Coul\u00e9e solide<\/td>\n<td>6,4 mm \u00d7 3,5 mm<\/td>\n<td>18,1 MPa<\/td>\n<td>0<\/td>\n<\/tr>\n<tr>\n<td>Versement d'air<\/td>\n<td>&#8212;<\/td>\n<td>&#8212;<\/td>\n<td>0,1 MPa<\/td>\n<\/tr>\n<tr>\n<td>BDA, m\u00e9lange de sable<\/td>\n<td>&#8212;<\/td>\n<td>&#8212;<\/td>\n<td>0<\/td>\n<\/tr>\n<\/tbody>\n<\/table>\n<\/div>\n<p class=\"ds-markdown-paragraph\"><strong>Temps de construction et d'ach\u00e8vement<\/strong><\/p>\n<p class=\"ds-markdown-paragraph\"><strong>Cycle humide-sec :<\/strong><\/p>\n<div class=\"markdown-table-wrapper\">\n<table>\n<thead>\n<tr>\n<th><strong>Temp\u00e9rature<\/strong><\/th>\n<th><strong>20\u00b0C<\/strong><\/th>\n<th><strong>10\u00b0C<\/strong><\/th>\n<th><strong>20\u00b0C<\/strong><\/th>\n<th><strong>20\u00b0C<\/strong><\/th>\n<\/tr>\n<\/thead>\n<tbody>\n<tr>\n<td>S\u00e9chage \u00e0 chaud<\/td>\n<td>45 minutes<\/td>\n<td>1,5 min<\/td>\n<td>15 min<\/td>\n<td>15 min<\/td>\n<\/tr>\n<tr>\n<td>S\u00e9chage \u00e0 l'air<\/td>\n<td>25 min<\/td>\n<td>15 min<\/td>\n<td>15 min<\/td>\n<td>15 min<\/td>\n<\/tr>\n<tr>\n<td>Stabilit\u00e9 statique<\/td>\n<td>30 minutes<\/td>\n<td>20 min<\/td>\n<td>15 min<\/td>\n<td>15 min<\/td>\n<\/tr>\n<\/tbody>\n<\/table>\n<\/div>\n<p class=\"ds-markdown-paragraph\"><strong>Applicabilit\u00e9 :<\/strong>\u00a0Analyse requise pour d'autres conditions<\/p>\n<p class=\"ds-markdown-paragraph\"><strong>Mesures de s\u00e9curit\u00e9<\/strong><\/p>\n<ol start=\"1\">\n<li>\n<p class=\"ds-markdown-paragraph\">Nettoyer le site rapidement apr\u00e8s le travail.<\/p>\n<\/li>\n<li>\n<p class=\"ds-markdown-paragraph\">Utiliser un \u00e9quipement de protection et \u00e9viter l'exposition \u00e0 une chaleur extr\u00eame ou \u00e0 une contamination par le gel. Ne pas placer d'\u00e9quipement de protection, d'emballage ou d'articles connexes sur les surfaces de repas.<\/p>\n<\/li>\n<li>\n<p class=\"ds-markdown-paragraph\">Pour les produits conformes, v\u00e9rifier l'apparence et l'exactitude des couleurs.<\/p>\n<\/li>\n<li>\n<p class=\"ds-markdown-paragraph\">Contactez imm\u00e9diatement notre soci\u00e9t\u00e9 en cas de probl\u00e8me.<\/p>\n<p><strong>Stockage<\/strong><\/li>\n<\/ol>\n<ul>\n<li>\n<p class=\"ds-markdown-paragraph\">Stocker dans un endroit frais et sec avec une conservation r\u00e9guli\u00e8re dans un environnement bien entretenu.<\/p>\n<\/li>\n<li><\/li>\n<li>\n<p class=\"ds-markdown-paragraph\"><strong>Dur\u00e9e de conservation :<\/strong>\u00a012 mois \u00e0 partir de la date de production (\u00e0 24\u00b0C).<\/p>\n<\/li>\n<li><\/li>\n<li><strong>Exigences en mati\u00e8re de construction<\/strong><\/li>\n<\/ul>\n<p class=\"ds-markdown-paragraph\">En raison des structures irr\u00e9guli\u00e8res et complexes de l'usine, une mauvaise installation des composants peut entra\u00eener des d\u00e9fauts de construction. Toute instabilit\u00e9 caus\u00e9e par des d\u00e9fauts de conception peut entra\u00eener des risques pour le projet ; les modifications ou d\u00e9molitions non autoris\u00e9es sont strictement interdites.<br \/>\nLa d\u00e9coration int\u00e9rieure, le transport et l'entretien doivent \u00eatre conformes aux normes d'inspection des \u00e9quipements.<\/p>","protected":false},"excerpt":{"rendered":"<p>Prot\u00e9gez et embellissez les surfaces avec notre finition polyur\u00e9thane en spray. Ce rev\u00eatement tr\u00e8s brillant r\u00e9siste aux produits chimiques et fonctionne sur le m\u00e9tal, le bois et le b\u00e9ton. Utilisez-le sur l'\u00e9quipement industriel, les structures en acier, les meubles, les armoires et les planchers. S\u00e8che rapidement et dure longtemps. Parfait pour la protection et la d\u00e9coration. Obtenez une finition lisse et professionnelle \u00e0 chaque fois.<\/p>","protected":false},"featured_media":5118,"template":"","meta":{"om_disable_all_campaigns":false,"_monsterinsights_skip_tracking":false,"_monsterinsights_sitenote_active":false,"_monsterinsights_sitenote_note":"","_monsterinsights_sitenote_category":0,"_uf_show_specific_survey":0,"_uf_disable_surveys":false},"product_brand":[],"product_cat":[79,505],"product_tag":[503,502,501,500,499],"class_list":{"0":"post-5117","1":"product","2":"type-product","3":"status-publish","4":"has-post-thumbnail","6":"product_cat-industrial-coating","7":"product_cat-polyurethane-paint","8":"product_tag-chemical-resistant-polyurethane-spray","9":"product_tag-high-gloss-polyurethane-coating","10":"product_tag-polyurethane-topcoat-spray","11":"product_tag-spray-polyurethane-finish","12":"product_tag-two-component-polyurethane-paint","14":"first","15":"instock","16":"shipping-taxable","17":"product-type-simple"},"yoast_head":"<!-- This site is optimized with the Yoast SEO Premium plugin v26.2 (Yoast SEO v26.5) - https:\/\/yoast.com\/wordpress\/plugins\/seo\/ -->\n<title>High Performance Spray Polyurethane Finish - KAIDA PAINT\u00ae Manufacturer | Supplier<\/title>\n<meta name=\"description\" content=\"Professional spray polyurethane finish for metal, wood &amp; concrete. High gloss, chemical-resistant, and fast-drying. Ideal for industrial &amp; decorative use. Shop now!\" \/>\n<meta name=\"robots\" content=\"index, follow, max-snippet:-1, max-image-preview:large, max-video-preview:-1\" \/>\n<link rel=\"canonical\" href=\"https:\/\/www.jinyupaint.com\/fr\/produit\/high-performance-spray-polyurethane-finish\/\" \/>\n<meta property=\"og:locale\" content=\"fr_FR\" \/>\n<meta property=\"og:type\" content=\"article\" \/>\n<meta property=\"og:title\" content=\"High Performance Spray Polyurethane Finish\" \/>\n<meta property=\"og:description\" content=\"Professional spray polyurethane finish for metal, wood &amp; concrete. High gloss, chemical-resistant, and fast-drying. Ideal for industrial &amp; decorative use. Shop now!\" \/>\n<meta property=\"og:url\" content=\"https:\/\/www.jinyupaint.com\/fr\/produit\/high-performance-spray-polyurethane-finish\/\" \/>\n<meta property=\"og:site_name\" content=\"KAIDA PAINT\u00ae\" \/>\n<meta property=\"article:modified_time\" content=\"2025-07-14T08:21:48+00:00\" \/>\n<meta property=\"og:image\" content=\"https:\/\/www.jinyupaint.com\/wp-content\/uploads\/2025\/07\/High-Performance-Spray-Polyurethane-Finish.jpg\" \/>\n\t<meta property=\"og:image:width\" content=\"750\" \/>\n\t<meta property=\"og:image:height\" content=\"750\" \/>\n\t<meta property=\"og:image:type\" content=\"image\/jpeg\" \/>\n<meta name=\"twitter:card\" content=\"summary_large_image\" \/>\n<meta name=\"twitter:label1\" content=\"Dur\u00e9e de lecture estim\u00e9e\" \/>\n\t<meta name=\"twitter:data1\" content=\"3 minutes\" \/>\n<script type=\"application\/ld+json\" class=\"yoast-schema-graph\">{\"@context\":\"https:\/\/schema.org\",\"@graph\":[{\"@type\":\"WebPage\",\"@id\":\"https:\/\/www.jinyupaint.com\/product\/high-performance-spray-polyurethane-finish\",\"url\":\"https:\/\/www.jinyupaint.com\/product\/high-performance-spray-polyurethane-finish\",\"name\":\"High Performance Spray Polyurethane Finish - KAIDA PAINT\u00ae Manufacturer | Supplier\",\"isPartOf\":{\"@id\":\"https:\/\/www.jinyupaint.com\/#website\"},\"primaryImageOfPage\":{\"@id\":\"https:\/\/www.jinyupaint.com\/product\/high-performance-spray-polyurethane-finish#primaryimage\"},\"image\":{\"@id\":\"https:\/\/www.jinyupaint.com\/product\/high-performance-spray-polyurethane-finish#primaryimage\"},\"thumbnailUrl\":\"https:\/\/www.jinyupaint.com\/wp-content\/uploads\/2025\/07\/High-Performance-Spray-Polyurethane-Finish.jpg\",\"datePublished\":\"2025-07-10T09:51:38+00:00\",\"dateModified\":\"2025-07-14T08:21:48+00:00\",\"description\":\"Professional spray polyurethane finish for metal, wood & concrete. High gloss, chemical-resistant, and fast-drying. Ideal for industrial & decorative use. Shop now!\",\"breadcrumb\":{\"@id\":\"https:\/\/www.jinyupaint.com\/product\/high-performance-spray-polyurethane-finish#breadcrumb\"},\"inLanguage\":\"fr-FR\",\"potentialAction\":[{\"@type\":\"ReadAction\",\"target\":[\"https:\/\/www.jinyupaint.com\/product\/high-performance-spray-polyurethane-finish\"]}]},{\"@type\":\"ImageObject\",\"inLanguage\":\"fr-FR\",\"@id\":\"https:\/\/www.jinyupaint.com\/product\/high-performance-spray-polyurethane-finish#primaryimage\",\"url\":\"https:\/\/www.jinyupaint.com\/wp-content\/uploads\/2025\/07\/High-Performance-Spray-Polyurethane-Finish.jpg\",\"contentUrl\":\"https:\/\/www.jinyupaint.com\/wp-content\/uploads\/2025\/07\/High-Performance-Spray-Polyurethane-Finish.jpg\",\"width\":750,\"height\":750,\"caption\":\"High Performance Spray Polyurethane Finish\"},{\"@type\":\"BreadcrumbList\",\"@id\":\"https:\/\/www.jinyupaint.com\/product\/high-performance-spray-polyurethane-finish#breadcrumb\",\"itemListElement\":[{\"@type\":\"ListItem\",\"position\":1,\"name\":\"Home\",\"item\":\"https:\/\/www.jinyupaint.com\/\"},{\"@type\":\"ListItem\",\"position\":2,\"name\":\"Shop\",\"item\":\"https:\/\/www.jinyupaint.com\/shop.html\"},{\"@type\":\"ListItem\",\"position\":3,\"name\":\"High Performance Spray Polyurethane Finish\"}]},{\"@type\":\"WebSite\",\"@id\":\"https:\/\/www.jinyupaint.com\/#website\",\"url\":\"https:\/\/www.jinyupaint.com\/\",\"name\":\"JINYU\u00ae PAINT\",\"description\":\"JINYU PAINT\u00ae Manufacturer\",\"potentialAction\":[{\"@type\":\"SearchAction\",\"target\":{\"@type\":\"EntryPoint\",\"urlTemplate\":\"https:\/\/www.jinyupaint.com\/?s={search_term_string}\"},\"query-input\":{\"@type\":\"PropertyValueSpecification\",\"valueRequired\":true,\"valueName\":\"search_term_string\"}}],\"inLanguage\":\"fr-FR\"}]}<\/script>\n<!-- \/ Yoast SEO Premium plugin. -->","yoast_head_json":{"title":"High Performance Spray Polyurethane Finish - KAIDA PAINT\u00ae Manufacturer | Supplier","description":"Finition polyur\u00e9thane professionnelle en spray pour le m\u00e9tal, le bois et le b\u00e9ton. Tr\u00e8s brillant, r\u00e9sistant aux produits chimiques et \u00e0 s\u00e9chage rapide. Id\u00e9al pour un usage industriel et d\u00e9coratif. Acheter maintenant !","robots":{"index":"index","follow":"follow","max-snippet":"max-snippet:-1","max-image-preview":"max-image-preview:large","max-video-preview":"max-video-preview:-1"},"canonical":"https:\/\/www.jinyupaint.com\/fr\/produit\/high-performance-spray-polyurethane-finish\/","og_locale":"fr_FR","og_type":"article","og_title":"High Performance Spray Polyurethane Finish","og_description":"Professional spray polyurethane finish for metal, wood & concrete. High gloss, chemical-resistant, and fast-drying. Ideal for industrial & decorative use. Shop now!","og_url":"https:\/\/www.jinyupaint.com\/fr\/produit\/high-performance-spray-polyurethane-finish\/","og_site_name":"KAIDA PAINT\u00ae","article_modified_time":"2025-07-14T08:21:48+00:00","og_image":[{"width":750,"height":750,"url":"https:\/\/www.jinyupaint.com\/wp-content\/uploads\/2025\/07\/High-Performance-Spray-Polyurethane-Finish.jpg","type":"image\/jpeg"}],"twitter_card":"summary_large_image","twitter_misc":{"Dur\u00e9e de lecture estim\u00e9e":"3 minutes"},"schema":{"@context":"https:\/\/schema.org","@graph":[{"@type":"WebPage","@id":"https:\/\/www.jinyupaint.com\/product\/high-performance-spray-polyurethane-finish","url":"https:\/\/www.jinyupaint.com\/product\/high-performance-spray-polyurethane-finish","name":"High Performance Spray Polyurethane Finish - KAIDA PAINT\u00ae Manufacturer | Supplier","isPartOf":{"@id":"https:\/\/www.jinyupaint.com\/#website"},"primaryImageOfPage":{"@id":"https:\/\/www.jinyupaint.com\/product\/high-performance-spray-polyurethane-finish#primaryimage"},"image":{"@id":"https:\/\/www.jinyupaint.com\/product\/high-performance-spray-polyurethane-finish#primaryimage"},"thumbnailUrl":"https:\/\/www.jinyupaint.com\/wp-content\/uploads\/2025\/07\/High-Performance-Spray-Polyurethane-Finish.jpg","datePublished":"2025-07-10T09:51:38+00:00","dateModified":"2025-07-14T08:21:48+00:00","description":"Finition polyur\u00e9thane professionnelle en spray pour le m\u00e9tal, le bois et le b\u00e9ton. Tr\u00e8s brillant, r\u00e9sistant aux produits chimiques et \u00e0 s\u00e9chage rapide. Id\u00e9al pour un usage industriel et d\u00e9coratif. Acheter maintenant !","breadcrumb":{"@id":"https:\/\/www.jinyupaint.com\/product\/high-performance-spray-polyurethane-finish#breadcrumb"},"inLanguage":"fr-FR","potentialAction":[{"@type":"ReadAction","target":["https:\/\/www.jinyupaint.com\/product\/high-performance-spray-polyurethane-finish"]}]},{"@type":"ImageObject","inLanguage":"fr-FR","@id":"https:\/\/www.jinyupaint.com\/product\/high-performance-spray-polyurethane-finish#primaryimage","url":"https:\/\/www.jinyupaint.com\/wp-content\/uploads\/2025\/07\/High-Performance-Spray-Polyurethane-Finish.jpg","contentUrl":"https:\/\/www.jinyupaint.com\/wp-content\/uploads\/2025\/07\/High-Performance-Spray-Polyurethane-Finish.jpg","width":750,"height":750,"caption":"High Performance Spray Polyurethane Finish"},{"@type":"BreadcrumbList","@id":"https:\/\/www.jinyupaint.com\/product\/high-performance-spray-polyurethane-finish#breadcrumb","itemListElement":[{"@type":"ListItem","position":1,"name":"Home","item":"https:\/\/www.jinyupaint.com\/"},{"@type":"ListItem","position":2,"name":"Shop","item":"https:\/\/www.jinyupaint.com\/shop.html"},{"@type":"ListItem","position":3,"name":"High Performance Spray Polyurethane Finish"}]},{"@type":"WebSite","@id":"https:\/\/www.jinyupaint.com\/#website","url":"https:\/\/www.jinyupaint.com\/","name":"JINYU\u00ae PAINT","description":"JINYU PAINT\u00ae Fabricant","potentialAction":[{"@type":"SearchAction","target":{"@type":"EntryPoint","urlTemplate":"https:\/\/www.jinyupaint.com\/?s={search_term_string}"},"query-input":{"@type":"PropertyValueSpecification","valueRequired":true,"valueName":"search_term_string"}}],"inLanguage":"fr-FR"}]}},"_links":{"self":[{"href":"https:\/\/www.jinyupaint.com\/fr\/wp-json\/wp\/v2\/product\/5117","targetHints":{"allow":["GET"]}}],"collection":[{"href":"https:\/\/www.jinyupaint.com\/fr\/wp-json\/wp\/v2\/product"}],"about":[{"href":"https:\/\/www.jinyupaint.com\/fr\/wp-json\/wp\/v2\/types\/product"}],"wp:featuredmedia":[{"embeddable":true,"href":"https:\/\/www.jinyupaint.com\/fr\/wp-json\/wp\/v2\/media\/5118"}],"wp:attachment":[{"href":"https:\/\/www.jinyupaint.com\/fr\/wp-json\/wp\/v2\/media?parent=5117"}],"wp:term":[{"taxonomy":"product_brand","embeddable":true,"href":"https:\/\/www.jinyupaint.com\/fr\/wp-json\/wp\/v2\/product_brand?post=5117"},{"taxonomy":"product_cat","embeddable":true,"href":"https:\/\/www.jinyupaint.com\/fr\/wp-json\/wp\/v2\/product_cat?post=5117"},{"taxonomy":"product_tag","embeddable":true,"href":"https:\/\/www.jinyupaint.com\/fr\/wp-json\/wp\/v2\/product_tag?post=5117"}],"curies":[{"name":"wp","href":"https:\/\/api.w.org\/{rel}","templated":true}]}}