{"id":3242,"date":"2025-02-20T06:49:28","date_gmt":"2025-02-20T06:49:28","guid":{"rendered":"https:\/\/www.jinyupaint.com\/?post_type=product&#038;p=3242"},"modified":"2025-02-20T06:50:33","modified_gmt":"2025-02-20T06:50:33","slug":"epoxy-anti-static-floor-coating-primer","status":"publish","type":"product","link":"https:\/\/www.jinyupaint.com\/fr\/produit\/epoxy-anti-static-floor-coating-primer","title":{"rendered":"Primaire \u00e9poxy antistatique pour rev\u00eatement de sol"},"content":{"rendered":"<h2><strong class=\"\">Pr\u00e9sentation du produit<\/strong><\/h2>\n<div class=\"paragraph\">L'appr\u00eat pour rev\u00eatement de sol \u00e9poxy antistatique est un rev\u00eatement de r\u00e9sine \u00e9poxy \u00e0 deux composants, \u00e0 base de solvant et \u00e0 haute performance, sp\u00e9cialement con\u00e7u pour assurer une dissipation efficace de l'\u00e9lectricit\u00e9 statique dans les applications de rev\u00eatements de sol industriels et commerciaux. Associ\u00e9 \u00e0 la couche de finition \u00e9poxydique autolissante antistatique E552, ce primaire forme un syst\u00e8me complet de rev\u00eatement de sol antistatique, garantissant une surface s\u00fbre et fiable dans les environnements o\u00f9 le contr\u00f4le de l'\u00e9lectricit\u00e9 statique est essentiel. Qu'il s'agisse de pr\u00e9venir l'accumulation d'\u00e9lectricit\u00e9 statique dans les minoteries, les usines de parfum ou les installations de fabrication \u00e9lectronique, notre peinture \u00e9poxy antistatique pour sols offre un s\u00e9chage rapide, une durabilit\u00e9 et une conductivit\u00e9 \u00e9lectrique sup\u00e9rieure, ce qui en fait un choix id\u00e9al pour vos besoins en mati\u00e8re de rev\u00eatement de sol antistatique.<\/div>\n<h2><strong class=\"\"> Caract\u00e9ristiques du produit<\/strong><\/h2>\n<ol start=\"1\">\n<li>\n<div class=\"paragraph\"><strong class=\"\">Conductivit\u00e9 \u00e9lectrique sup\u00e9rieure :<\/strong> Notre appr\u00eat poss\u00e8de d'excellentes capacit\u00e9s de dissipation de l'\u00e9lectricit\u00e9 statique, avec une r\u00e9sistance typique de 1\u00d710<sup>4<\/sup> ohms. Les charges statiques sont ainsi efficacement \u00e9vacu\u00e9es de la surface, ce qui r\u00e9duit le risque d'accidents li\u00e9s \u00e0 l'\u00e9lectricit\u00e9 statique.<\/div>\n<\/li>\n<li>\n<div class=\"paragraph\"><strong class=\"\">Application facile :<\/strong> Le rev\u00eatement est con\u00e7u pour une application en continu, garantissant un rev\u00eatement lisse du rouleau sans obstacles. Cette caract\u00e9ristique en fait un choix id\u00e9al pour les projets de peinture de sol antistatique \u00e0 grande \u00e9chelle.<\/div>\n<\/li>\n<li>\n<div class=\"paragraph\"><strong class=\"\">Durabilit\u00e9 et s\u00e9chage rapide :<\/strong> Avec un temps de s\u00e9chage en surface de seulement 2 heures et un temps de s\u00e9chage dur de 12 heures, notre rev\u00eatement de sol \u00e9poxy antistatique est parfait pour les environnements industriels occup\u00e9s o\u00f9 les temps d'arr\u00eat doivent \u00eatre minimis\u00e9s.<\/div>\n<\/li>\n<\/ol>\n<h2><strong class=\"\">Normes<\/strong><\/h2>\n<div class=\"paragraph\">Notre primaire pour rev\u00eatement de sol antistatique est conforme \u00e0 la norme industrielle HG\/T3829-2006, ce qui garantit une qualit\u00e9 et une fiabilit\u00e9 \u00e9lev\u00e9es pour toutes les applications de rev\u00eatement de sol \u00e9poxy antistatique. Cette normalisation garantit que nos produits r\u00e9pondent aux crit\u00e8res de performance les plus \u00e9lev\u00e9s, vous offrant ainsi une solution s\u00fbre et durable pour vos besoins en mati\u00e8re de rev\u00eatement de sol.<\/div>\n<h2><strong> Param\u00e8tres techniques<\/strong><\/h2>\n<div class=\"table-container\">\n<table>\n<thead>\n<tr>\n<th>Non.<\/th>\n<th>Point d'inspection<\/th>\n<th>Index technique<\/th>\n<th>Valeur standard<\/th>\n<th class=\"\">Valeur mesur\u00e9e<\/th>\n<\/tr>\n<\/thead>\n<tbody>\n<tr>\n<td class=\"\">1<\/td>\n<td class=\"\">\u00c9tat<\/td>\n<td class=\"\">Uniforme sans grumeaux apr\u00e8s agitation<\/td>\n<td class=\"\">Uniforme sans grumeaux<\/td>\n<td class=\"\">Uniforme sans grumeaux<\/td>\n<\/tr>\n<tr>\n<td class=\"\">2<\/td>\n<td class=\"\">Application<\/td>\n<td class=\"\">Rev\u00eatement de rouleaux sans obstacles<\/td>\n<td class=\"\">Rev\u00eatement de rouleaux sans obstacles<\/td>\n<td class=\"\">Bonne application<\/td>\n<\/tr>\n<tr>\n<td class=\"\">3<\/td>\n<td class=\"\">Surface s\u00e8che<\/td>\n<td class=\"\">\u22646h<\/td>\n<td class=\"\">\u22646h<\/td>\n<td class=\"\">2h<\/td>\n<\/tr>\n<tr>\n<td class=\"\">4<\/td>\n<td class=\"\">S\u00e9chage \u00e0 sec<\/td>\n<td class=\"\">\u226424h<\/td>\n<td class=\"\">\u226424h<\/td>\n<td class=\"\">12h<\/td>\n<\/tr>\n<\/tbody>\n<\/table>\n<\/div>\n<h2><strong class=\"\">Champ d'application<\/strong><\/h2>\n<ol start=\"1\">\n<li>\n<div class=\"paragraph\"><strong>Dissipation de l'\u00e9lectricit\u00e9 statique et protection :<\/strong> Notre primaire antistatique pour rev\u00eatement de sol d\u00e9charge efficacement les charges statiques afin d'\u00e9viter les accidents caus\u00e9s par l'accumulation d'\u00e9lectricit\u00e9 statique. Il prot\u00e8ge \u00e9galement contre les interf\u00e9rences \u00e9lectromagn\u00e9tiques et emp\u00eache l'adh\u00e9rence de la poussi\u00e8re, ce qui le rend id\u00e9al pour diverses applications de rev\u00eatement de sol antistatique.<\/div>\n<\/li>\n<li>\n<div class=\"paragraph\"><strong class=\"\">Convient aux environnements industriels :<\/strong> Il est largement utilis\u00e9 dans les ateliers des usines \u00e9lectroniques, les usines de produits pyrotechniques, les minoteries et d'autres secteurs o\u00f9 le contr\u00f4le de l'\u00e9lectricit\u00e9 statique est crucial.<\/div>\n<\/li>\n<\/ol>\n<h2><strong class=\"\">Pr\u00e9cautions<\/strong><\/h2>\n<ol start=\"1\">\n<li>\n<div class=\"paragraph\"><strong class=\"\">Exigences environnementales :<\/strong> Le sol en b\u00e9ton doit avoir une r\u00e9sistance \u00e0 la compression de \u226520MPa et une r\u00e9sistance \u00e0 la traction de \u22651,5MPa. La surface doit \u00eatre plane (\u00b14mm\/2m \u00e0 la r\u00e8gle), s\u00e8che, propre et exempte d'huile et d'autres contaminants.<\/div>\n<\/li>\n<li>\n<div class=\"paragraph\"><strong class=\"\">Conditions d'application :<\/strong> La temp\u00e9rature du sol de base doit \u00eatre comprise entre 5 et 35\u2103, avec une temp\u00e9rature de l'environnement d'application comprise entre 5 et 35\u2103. La teneur en humidit\u00e9 du sol de base doit \u00eatre &lt;8%, et l&#039;humidit\u00e9 relative de l&#039;environnement d&#039;application doit \u00eatre &lt;80%.<\/div>\n<\/li>\n<li>\n<div class=\"paragraph\"><strong class=\"\">Pr\u00e9paration de la surface :<\/strong> Avant l'application, \u00e9liminer la poussi\u00e8re, le sable, l'\u00e9cume de ciment, l'huile et les anciens rev\u00eatements de la surface de base. Poncer pour cr\u00e9er une surface rugueuse afin d'ouvrir les capillaires de la surface de base.<\/div>\n<\/li>\n<li>\n<div class=\"paragraph\"><strong>Consommation th\u00e9orique :<\/strong> Environ 0,2 kg par m\u00e8tre carr\u00e9.<\/div>\n<\/li>\n<li>\n<div class=\"paragraph\"><strong class=\"\">M\u00e9thode d'utilisation :<\/strong> M\u00e9langer l'agent principal et l'agent de durcissement dans un rapport de masse de 5:1. Apr\u00e8s avoir m\u00e9lang\u00e9 et agit\u00e9 uniform\u00e9ment, appliquer le rev\u00eatement. Le m\u00e9lange des composants A et B doit \u00eatre utilis\u00e9 dans les 60 minutes. Si la viscosit\u00e9 du mat\u00e9riau augmente de mani\u00e8re significative, il ne doit pas \u00eatre utilis\u00e9 et doit \u00eatre jet\u00e9.<\/div>\n<\/li>\n<li>\n<div class=\"paragraph\"><strong class=\"\">Conditions de stockage :<\/strong> Conserver \u00e0 une temp\u00e9rature de 5-35\u2103 dans un entrep\u00f4t frais, ventil\u00e9 et sec, \u00e0 l'\u00e9cart de toute source d'ignition et de chaleur, et \u00e9viter l'exposition \u00e0 la lumi\u00e8re directe du soleil.<\/div>\n<\/li>\n<\/ol>\n<h2><strong class=\"\">Dur\u00e9e de conservation<\/strong><\/h2>\n<div class=\"paragraph\">12 mois<\/div>","protected":false},"excerpt":{"rendered":"<p>Appr\u00eat \u00e9poxy haute performance \u00e0 base de solvant con\u00e7u pour assurer une dissipation efficace de l'\u00e9lectricit\u00e9 statique sur les sols industriels. Ce primaire s'associe parfaitement \u00e0 notre couche de finition autonivelante \u00e9poxydique antistatique E552 pour cr\u00e9er un syst\u00e8me de sol antistatique complet. Il est id\u00e9al pour les environnements o\u00f9 le contr\u00f4le de l'\u00e9lectricit\u00e9 statique est essentiel, comme les installations de fabrication \u00e9lectronique, les minoteries et les usines de parfumerie. Avec un temps de s\u00e9chage rapide, une conductivit\u00e9 \u00e9lectrique sup\u00e9rieure et une grande durabilit\u00e9, notre peinture antistatique pour sol garantit une surface s\u00fbre et fiable tout en minimisant les temps d'arr\u00eat. Conforme aux normes HG\/T3829-2006.<\/p>","protected":false},"featured_media":3243,"template":"","meta":{"om_disable_all_campaigns":false,"_monsterinsights_skip_tracking":false,"_monsterinsights_sitenote_active":false,"_monsterinsights_sitenote_note":"","_monsterinsights_sitenote_category":0,"_uf_show_specific_survey":0,"_uf_disable_surveys":false},"product_brand":[],"product_cat":[107,43,101,128,98],"product_tag":[140,94,139,47,145,104],"class_list":{"0":"post-3242","1":"product","2":"type-product","3":"status-publish","4":"has-post-thumbnail","6":"product_cat-anti-static-epoxy-floor","7":"product_cat-epoxy-floor-coating","8":"product_cat-epoxy-primer","9":"product_cat-flooring-system","10":"product_cat-solvent-based-coating","11":"product_tag-anti-static-floor-paint","12":"product_tag-epoxy-floor-coating","13":"product_tag-epoxy-floor-system","14":"product_tag-epoxy-primer","15":"product_tag-flooring-solutions","16":"product_tag-solvent-based-coating","18":"first","19":"instock","20":"shipping-taxable","21":"product-type-simple"},"yoast_head":"<!-- This site is optimized with the Yoast SEO Premium plugin v26.2 (Yoast SEO v26.5) - https:\/\/yoast.com\/wordpress\/plugins\/seo\/ -->\n<title>Epoxy Anti-Static Floor Coating Primer - KAIDA PAINT\u00ae Floor Paint<\/title>\n<meta name=\"description\" content=\"Our high-performance Epoxy Anti-Static Floor Coating Primer, designed to prevent static accumulation in industrial environments. Ideal for electronic factories, flour mills, and more. Fast-drying, durable, and easy to apply. Complies with HG\/T3829-2006 standards. Enhance safety and reduce downtime with our superior anti-static floor paint solutions.\" \/>\n<meta name=\"robots\" content=\"index, follow, max-snippet:-1, max-image-preview:large, max-video-preview:-1\" \/>\n<link rel=\"canonical\" href=\"https:\/\/www.jinyupaint.com\/fr\/produit\/epoxy-anti-static-floor-coating-primer\/\" \/>\n<meta property=\"og:locale\" content=\"fr_FR\" \/>\n<meta property=\"og:type\" content=\"article\" \/>\n<meta property=\"og:title\" content=\"Epoxy Anti-Static Floor Coating Primer\" \/>\n<meta property=\"og:description\" content=\"Our high-performance Epoxy Anti-Static Floor Coating Primer, designed to prevent static accumulation in industrial environments. Ideal for electronic factories, flour mills, and more. Fast-drying, durable, and easy to apply. Complies with HG\/T3829-2006 standards. Enhance safety and reduce downtime with our superior anti-static floor paint solutions.\" \/>\n<meta property=\"og:url\" content=\"https:\/\/www.jinyupaint.com\/fr\/produit\/epoxy-anti-static-floor-coating-primer\/\" \/>\n<meta property=\"og:site_name\" content=\"KAIDA PAINT\u00ae\" \/>\n<meta property=\"article:modified_time\" content=\"2025-02-20T06:50:33+00:00\" \/>\n<meta property=\"og:image\" content=\"https:\/\/www.jinyupaint.com\/wp-content\/uploads\/2025\/02\/Epoxy-Anti-Static-Floor-Coating-Primer.jpg\" \/>\n\t<meta property=\"og:image:width\" content=\"750\" \/>\n\t<meta property=\"og:image:height\" content=\"750\" \/>\n\t<meta property=\"og:image:type\" content=\"image\/jpeg\" \/>\n<meta name=\"twitter:card\" content=\"summary_large_image\" \/>\n<meta name=\"twitter:label1\" content=\"Dur\u00e9e de lecture estim\u00e9e\" \/>\n\t<meta name=\"twitter:data1\" content=\"3 minutes\" \/>\n<script type=\"application\/ld+json\" class=\"yoast-schema-graph\">{\"@context\":\"https:\/\/schema.org\",\"@graph\":[{\"@type\":\"WebPage\",\"@id\":\"https:\/\/www.jinyupaint.com\/product\/epoxy-anti-static-floor-coating-primer\",\"url\":\"https:\/\/www.jinyupaint.com\/product\/epoxy-anti-static-floor-coating-primer\",\"name\":\"Epoxy Anti-Static Floor Coating Primer - KAIDA PAINT\u00ae Floor Paint\",\"isPartOf\":{\"@id\":\"https:\/\/www.jinyupaint.com\/#website\"},\"primaryImageOfPage\":{\"@id\":\"https:\/\/www.jinyupaint.com\/product\/epoxy-anti-static-floor-coating-primer#primaryimage\"},\"image\":{\"@id\":\"https:\/\/www.jinyupaint.com\/product\/epoxy-anti-static-floor-coating-primer#primaryimage\"},\"thumbnailUrl\":\"https:\/\/www.jinyupaint.com\/wp-content\/uploads\/2025\/02\/Epoxy-Anti-Static-Floor-Coating-Primer.jpg\",\"datePublished\":\"2025-02-20T06:49:28+00:00\",\"dateModified\":\"2025-02-20T06:50:33+00:00\",\"description\":\"Our high-performance Epoxy Anti-Static Floor Coating Primer, designed to prevent static accumulation in industrial environments. Ideal for electronic factories, flour mills, and more. Fast-drying, durable, and easy to apply. Complies with HG\/T3829-2006 standards. Enhance safety and reduce downtime with our superior anti-static floor paint solutions.\",\"breadcrumb\":{\"@id\":\"https:\/\/www.jinyupaint.com\/product\/epoxy-anti-static-floor-coating-primer#breadcrumb\"},\"inLanguage\":\"fr-FR\",\"potentialAction\":[{\"@type\":\"ReadAction\",\"target\":[\"https:\/\/www.jinyupaint.com\/product\/epoxy-anti-static-floor-coating-primer\"]}]},{\"@type\":\"ImageObject\",\"inLanguage\":\"fr-FR\",\"@id\":\"https:\/\/www.jinyupaint.com\/product\/epoxy-anti-static-floor-coating-primer#primaryimage\",\"url\":\"https:\/\/www.jinyupaint.com\/wp-content\/uploads\/2025\/02\/Epoxy-Anti-Static-Floor-Coating-Primer.jpg\",\"contentUrl\":\"https:\/\/www.jinyupaint.com\/wp-content\/uploads\/2025\/02\/Epoxy-Anti-Static-Floor-Coating-Primer.jpg\",\"width\":750,\"height\":750,\"caption\":\"Epoxy Anti Static Floor Coating Primer\"},{\"@type\":\"BreadcrumbList\",\"@id\":\"https:\/\/www.jinyupaint.com\/product\/epoxy-anti-static-floor-coating-primer#breadcrumb\",\"itemListElement\":[{\"@type\":\"ListItem\",\"position\":1,\"name\":\"Home\",\"item\":\"https:\/\/www.jinyupaint.com\/\"},{\"@type\":\"ListItem\",\"position\":2,\"name\":\"Shop\",\"item\":\"https:\/\/www.jinyupaint.com\/shop.html\"},{\"@type\":\"ListItem\",\"position\":3,\"name\":\"Epoxy Anti-Static Floor Coating Primer\"}]},{\"@type\":\"WebSite\",\"@id\":\"https:\/\/www.jinyupaint.com\/#website\",\"url\":\"https:\/\/www.jinyupaint.com\/\",\"name\":\"JINYU\u00ae PAINT\",\"description\":\"JINYU PAINT\u00ae Manufacturer\",\"potentialAction\":[{\"@type\":\"SearchAction\",\"target\":{\"@type\":\"EntryPoint\",\"urlTemplate\":\"https:\/\/www.jinyupaint.com\/?s={search_term_string}\"},\"query-input\":{\"@type\":\"PropertyValueSpecification\",\"valueRequired\":true,\"valueName\":\"search_term_string\"}}],\"inLanguage\":\"fr-FR\"}]}<\/script>\n<!-- \/ Yoast SEO Premium plugin. -->","yoast_head_json":{"title":"Primaire \u00e9poxy antistatique pour sols - KAIDA PAINT\u00ae Floor Paint","description":"Notre couche d'appr\u00eat \u00e9poxydique antistatique de haute performance, con\u00e7ue pour pr\u00e9venir l'accumulation d'\u00e9lectricit\u00e9 statique dans les environnements industriels. Id\u00e9al pour les usines \u00e9lectroniques, les minoteries, etc. S\u00e8che rapidement, est durable et facile \u00e0 appliquer. Conforme aux normes HG\/T3829-2006. Am\u00e9liorez la s\u00e9curit\u00e9 et r\u00e9duisez les temps d'arr\u00eat gr\u00e2ce \u00e0 nos solutions sup\u00e9rieures de peinture antistatique pour sols.","robots":{"index":"index","follow":"follow","max-snippet":"max-snippet:-1","max-image-preview":"max-image-preview:large","max-video-preview":"max-video-preview:-1"},"canonical":"https:\/\/www.jinyupaint.com\/fr\/produit\/epoxy-anti-static-floor-coating-primer\/","og_locale":"fr_FR","og_type":"article","og_title":"Epoxy Anti-Static Floor Coating Primer","og_description":"Our high-performance Epoxy Anti-Static Floor Coating Primer, designed to prevent static accumulation in industrial environments. Ideal for electronic factories, flour mills, and more. Fast-drying, durable, and easy to apply. Complies with HG\/T3829-2006 standards. Enhance safety and reduce downtime with our superior anti-static floor paint solutions.","og_url":"https:\/\/www.jinyupaint.com\/fr\/produit\/epoxy-anti-static-floor-coating-primer\/","og_site_name":"KAIDA PAINT\u00ae","article_modified_time":"2025-02-20T06:50:33+00:00","og_image":[{"width":750,"height":750,"url":"https:\/\/www.jinyupaint.com\/wp-content\/uploads\/2025\/02\/Epoxy-Anti-Static-Floor-Coating-Primer.jpg","type":"image\/jpeg"}],"twitter_card":"summary_large_image","twitter_misc":{"Dur\u00e9e de lecture estim\u00e9e":"3 minutes"},"schema":{"@context":"https:\/\/schema.org","@graph":[{"@type":"WebPage","@id":"https:\/\/www.jinyupaint.com\/product\/epoxy-anti-static-floor-coating-primer","url":"https:\/\/www.jinyupaint.com\/product\/epoxy-anti-static-floor-coating-primer","name":"Primaire \u00e9poxy antistatique pour sols - KAIDA PAINT\u00ae Floor Paint","isPartOf":{"@id":"https:\/\/www.jinyupaint.com\/#website"},"primaryImageOfPage":{"@id":"https:\/\/www.jinyupaint.com\/product\/epoxy-anti-static-floor-coating-primer#primaryimage"},"image":{"@id":"https:\/\/www.jinyupaint.com\/product\/epoxy-anti-static-floor-coating-primer#primaryimage"},"thumbnailUrl":"https:\/\/www.jinyupaint.com\/wp-content\/uploads\/2025\/02\/Epoxy-Anti-Static-Floor-Coating-Primer.jpg","datePublished":"2025-02-20T06:49:28+00:00","dateModified":"2025-02-20T06:50:33+00:00","description":"Notre couche d'appr\u00eat \u00e9poxydique antistatique de haute performance, con\u00e7ue pour pr\u00e9venir l'accumulation d'\u00e9lectricit\u00e9 statique dans les environnements industriels. Id\u00e9al pour les usines \u00e9lectroniques, les minoteries, etc. S\u00e8che rapidement, est durable et facile \u00e0 appliquer. Conforme aux normes HG\/T3829-2006. Am\u00e9liorez la s\u00e9curit\u00e9 et r\u00e9duisez les temps d'arr\u00eat gr\u00e2ce \u00e0 nos solutions sup\u00e9rieures de peinture antistatique pour sols.","breadcrumb":{"@id":"https:\/\/www.jinyupaint.com\/product\/epoxy-anti-static-floor-coating-primer#breadcrumb"},"inLanguage":"fr-FR","potentialAction":[{"@type":"ReadAction","target":["https:\/\/www.jinyupaint.com\/product\/epoxy-anti-static-floor-coating-primer"]}]},{"@type":"ImageObject","inLanguage":"fr-FR","@id":"https:\/\/www.jinyupaint.com\/product\/epoxy-anti-static-floor-coating-primer#primaryimage","url":"https:\/\/www.jinyupaint.com\/wp-content\/uploads\/2025\/02\/Epoxy-Anti-Static-Floor-Coating-Primer.jpg","contentUrl":"https:\/\/www.jinyupaint.com\/wp-content\/uploads\/2025\/02\/Epoxy-Anti-Static-Floor-Coating-Primer.jpg","width":750,"height":750,"caption":"Epoxy Anti Static Floor Coating Primer"},{"@type":"BreadcrumbList","@id":"https:\/\/www.jinyupaint.com\/product\/epoxy-anti-static-floor-coating-primer#breadcrumb","itemListElement":[{"@type":"ListItem","position":1,"name":"Home","item":"https:\/\/www.jinyupaint.com\/"},{"@type":"ListItem","position":2,"name":"Shop","item":"https:\/\/www.jinyupaint.com\/shop.html"},{"@type":"ListItem","position":3,"name":"Epoxy Anti-Static Floor Coating Primer"}]},{"@type":"WebSite","@id":"https:\/\/www.jinyupaint.com\/#website","url":"https:\/\/www.jinyupaint.com\/","name":"JINYU\u00ae PAINT","description":"JINYU PAINT\u00ae Fabricant","potentialAction":[{"@type":"SearchAction","target":{"@type":"EntryPoint","urlTemplate":"https:\/\/www.jinyupaint.com\/?s={search_term_string}"},"query-input":{"@type":"PropertyValueSpecification","valueRequired":true,"valueName":"search_term_string"}}],"inLanguage":"fr-FR"}]}},"_links":{"self":[{"href":"https:\/\/www.jinyupaint.com\/fr\/wp-json\/wp\/v2\/product\/3242","targetHints":{"allow":["GET"]}}],"collection":[{"href":"https:\/\/www.jinyupaint.com\/fr\/wp-json\/wp\/v2\/product"}],"about":[{"href":"https:\/\/www.jinyupaint.com\/fr\/wp-json\/wp\/v2\/types\/product"}],"wp:featuredmedia":[{"embeddable":true,"href":"https:\/\/www.jinyupaint.com\/fr\/wp-json\/wp\/v2\/media\/3243"}],"wp:attachment":[{"href":"https:\/\/www.jinyupaint.com\/fr\/wp-json\/wp\/v2\/media?parent=3242"}],"wp:term":[{"taxonomy":"product_brand","embeddable":true,"href":"https:\/\/www.jinyupaint.com\/fr\/wp-json\/wp\/v2\/product_brand?post=3242"},{"taxonomy":"product_cat","embeddable":true,"href":"https:\/\/www.jinyupaint.com\/fr\/wp-json\/wp\/v2\/product_cat?post=3242"},{"taxonomy":"product_tag","embeddable":true,"href":"https:\/\/www.jinyupaint.com\/fr\/wp-json\/wp\/v2\/product_tag?post=3242"}],"curies":[{"name":"wp","href":"https:\/\/api.w.org\/{rel}","templated":true}]}}