{"id":3238,"date":"2025-02-19T09:06:03","date_gmt":"2025-02-19T09:06:03","guid":{"rendered":"https:\/\/www.jinyupaint.com\/?post_type=product&#038;p=3238"},"modified":"2025-02-19T09:06:04","modified_gmt":"2025-02-19T09:06:04","slug":"e820-epoxy-self-leveling-intermediate-floor-coat","status":"publish","type":"product","link":"https:\/\/www.jinyupaint.com\/fr\/produit\/e820-epoxy-self-leveling-intermediate-floor-coat","title":{"rendered":"E820 Rev\u00eatement de sol interm\u00e9diaire \u00e9poxy autonivelant"},"content":{"rendered":"<h2 data-start=\"204\" data-end=\"740\"><strong data-start=\"204\" data-end=\"221\">Introduction :<\/strong><\/h2>\n<p data-start=\"204\" data-end=\"740\">La peinture interm\u00e9diaire \u00e9poxydique autonivelante E820 est une couche interm\u00e9diaire \u00e9poxydique \u00e0 deux composants de haute qualit\u00e9 con\u00e7ue pour les applications de rev\u00eatement de sol exigeantes. Compos\u00e9 de r\u00e9sine \u00e9poxy liquide \u00e0 faible viscosit\u00e9, d'additifs import\u00e9s, de charges r\u00e9sistantes \u00e0 l'usure et d'agents de durcissement, ce produit offre d'excellentes performances avec de faibles \u00e9missions de COV. Facile \u00e0 appliquer, il offre une surface lisse et esth\u00e9tique, ce qui le rend id\u00e9al pour les applications de rev\u00eatement de sol interm\u00e9diaire \u00e9poxy dans les espaces industriels et commerciaux.<\/p>\n<h2 data-start=\"742\" data-end=\"765\"><strong data-start=\"742\" data-end=\"763\">Caract\u00e9ristiques du produit :<\/strong><\/h2>\n<ol data-start=\"766\" data-end=\"1411\">\n<li data-start=\"766\" data-end=\"957\"><strong data-start=\"769\" data-end=\"787\">Facile \u00e0 appliquer :<\/strong> Cette couche interm\u00e9diaire \u00e9poxy est simple \u00e0 m\u00e9langer et \u00e0 appliquer. Apr\u00e8s avoir m\u00e9lang\u00e9 le composant de base et l'agent de durcissement dans le rapport sp\u00e9cifi\u00e9, il peut \u00eatre appliqu\u00e9 directement sur la surface.<\/li>\n<li data-start=\"958\" data-end=\"1085\"><strong data-start=\"961\" data-end=\"987\">Rev\u00eatement \u00e9pais et durable :<\/strong> Le rev\u00eatement \u00e9pais offre des performances durables et am\u00e9liore la long\u00e9vit\u00e9 du rev\u00eatement de sol.<\/li>\n<li data-start=\"1086\" data-end=\"1243\"><strong data-start=\"1089\" data-end=\"1130\">R\u00e9sistance \u00e9lev\u00e9e aux chocs et \u00e0 la compression :<\/strong> Id\u00e9al pour les zones n\u00e9cessitant un rev\u00eatement de sol solide et r\u00e9silient, offrant une excellente r\u00e9sistance aux chocs et \u00e0 la pression.<\/li>\n<li data-start=\"1244\" data-end=\"1411\"><strong data-start=\"1247\" data-end=\"1276\">Surface lisse et sans couture :<\/strong> La couche interm\u00e9diaire d'\u00e9poxy donne une surface lisse et plate, \u00e9liminant les joints et am\u00e9liorant l'attrait visuel du rev\u00eatement de sol.<\/li>\n<\/ol>\n<h2 data-start=\"1413\" data-end=\"1605\"><strong data-start=\"1413\" data-end=\"1437\">Application du produit :<\/strong><\/h2>\n<p data-start=\"1413\" data-end=\"1605\">La peinture interm\u00e9diaire auto-nivelante \u00e9poxy E820 est compatible avec les appr\u00eats et les couches de finition \u00e0 base de solvant ou sans solvant. Les combinaisons recommand\u00e9es sont les suivantes :<\/p>\n<ul data-start=\"1606\" data-end=\"1827\">\n<li data-start=\"1606\" data-end=\"1651\"><strong data-start=\"1608\" data-end=\"1630\">E159X Primaire \u00e9poxy<\/strong> (type p\u00e9n\u00e9trant)<\/li>\n<li data-start=\"1652\" data-end=\"1690\"><strong data-start=\"1654\" data-end=\"1688\">E811 Primaire \u00e9poxy sans solvant<\/strong><\/li>\n<li data-start=\"1691\" data-end=\"1726\"><strong data-start=\"1693\" data-end=\"1724\">E860 Couche de finition \u00e9poxydique fluide<\/strong><\/li>\n<li data-start=\"1727\" data-end=\"1768\"><strong data-start=\"1729\" data-end=\"1766\">E8300 Couche de finition \u00e9poxy autonivelante<\/strong><\/li>\n<li data-start=\"1769\" data-end=\"1827\"><strong data-start=\"1771\" data-end=\"1821\">E8302 Couche de finition \u00e9poxydique autonivelante sans solvant<\/strong>, etc.<\/li>\n<\/ul>\n<p data-start=\"1829\" data-end=\"1988\">Ce produit est con\u00e7u pour des applications de couches interm\u00e9diaires \u00e9poxy de haute performance dans des zones telles que les sols industriels, les entrep\u00f4ts, les ateliers et les espaces commerciaux.<\/p>\n<h2 data-start=\"1990\" data-end=\"2017\"><strong data-start=\"1990\" data-end=\"2015\">Param\u00e8tres techniques :<\/strong><\/h2>\n<table data-start=\"2018\" data-end=\"2698\">\n<thead data-start=\"2018\" data-end=\"2125\">\n<tr data-start=\"2018\" data-end=\"2125\">\n<th data-start=\"2018\" data-end=\"2035\"><strong data-start=\"2020\" data-end=\"2034\">Num\u00e9ro de s\u00e9rie<\/strong><\/th>\n<th data-start=\"2035\" data-end=\"2054\"><strong data-start=\"2037\" data-end=\"2050\">\u00c9l\u00e9ment de test<\/strong><\/th>\n<th data-start=\"2054\" data-end=\"2081\"><strong data-start=\"2056\" data-end=\"2075\">Index technique<\/strong><\/th>\n<th data-start=\"2081\" data-end=\"2102\"><strong data-start=\"2083\" data-end=\"2101\">Valeur standard<\/strong><\/th>\n<th data-start=\"2102\" data-end=\"2125\"><strong data-start=\"2104\" data-end=\"2122\">Valeur mesur\u00e9e<\/strong><\/th>\n<\/tr>\n<\/thead>\n<tbody data-start=\"2234\" data-end=\"2698\">\n<tr data-start=\"2234\" data-end=\"2368\">\n<td>1<\/td>\n<td>Statut<\/td>\n<td>Homog\u00e8ne et sans grumeaux apr\u00e8s m\u00e9lange<\/td>\n<td>Homog\u00e8ne et sans grumeaux<\/td>\n<td>Homog\u00e8ne et sans grumeaux<\/td>\n<\/tr>\n<tr data-start=\"2369\" data-end=\"2482\">\n<td>2<\/td>\n<td>Applicabilit\u00e9<\/td>\n<td>Pas d'obstacles lors de l'application<\/td>\n<td>Bonne applicabilit\u00e9<\/td>\n<td>Bonne applicabilit\u00e9<\/td>\n<\/tr>\n<tr data-start=\"2483\" data-end=\"2590\">\n<td>3<\/td>\n<td>Sec au toucher<\/td>\n<td>\u2264 6 heures<\/td>\n<td>4 heures<\/td>\n<td>4 heures<\/td>\n<\/tr>\n<tr data-start=\"2591\" data-end=\"2698\">\n<td>4<\/td>\n<td>Enti\u00e8rement gu\u00e9ri<\/td>\n<td>\u2264 48 heures<\/td>\n<td>28 heures<\/td>\n<td>28 heures<\/td>\n<\/tr>\n<\/tbody>\n<\/table>\n<h2 data-start=\"2700\" data-end=\"2907\"><strong data-start=\"2700\" data-end=\"2722\">Champ d'application :<\/strong><\/h2>\n<p data-start=\"2700\" data-end=\"2907\">Ce rev\u00eatement de sol interm\u00e9diaire \u00e9poxy convient aux rev\u00eatements de sol de haute qualit\u00e9 dans les espaces commerciaux et industriels, y compris les sols de fabrication, les parkings et les entrep\u00f4ts.<\/p>\n<h2 data-start=\"2909\" data-end=\"2964\"><strong data-start=\"2909\" data-end=\"2962\">Instructions relatives \u00e0 la candidature :<\/strong><\/h2>\n<ol data-start=\"2965\" data-end=\"3910\">\n<li data-start=\"2965\" data-end=\"3234\"><strong data-start=\"2968\" data-end=\"2999\">Exigences environnementales :<\/strong> Sol en b\u00e9ton : r\u00e9sistance \u00e0 la compression \u2265 20MPa, r\u00e9sistance \u00e0 la traction \u2265 1,5MPa, plan\u00e9it\u00e9 \u00b1 4mm\/2m de r\u00e8gle. Veiller \u00e0 ce que le support soit sec, propre et exempt d'huile et de contaminants. L'humidit\u00e9 id\u00e9ale pour la construction est de 35%-80% (humidit\u00e9 relative).<\/li>\n<li data-start=\"3235\" data-end=\"3386\"><strong data-start=\"3238\" data-end=\"3266\">Conditions de construction :<\/strong> Temp\u00e9rature du substrat : 5-35\u00b0C, temp\u00e9rature ambiante : 5-35\u00b0C, taux d'humidit\u00e9 du substrat : &lt;8%, humidit\u00e9 relative : &lt;80%.<\/li>\n<li data-start=\"3387\" data-end=\"3567\"><strong data-start=\"3390\" data-end=\"3412\">Traitement de surface :<\/strong> Avant l'application, enlever la poussi\u00e8re, le sable, la graisse et les anciens rev\u00eatements de la surface. Remplir les fissures et les trous avec du mastic et sceller le support avec une couche d'appr\u00eat.<\/li>\n<li data-start=\"3568\" data-end=\"3627\"><strong data-start=\"3571\" data-end=\"3596\">Couverture th\u00e9orique :<\/strong> Environ 0,8-1,0 kg\/m\u00b2.<\/li>\n<li data-start=\"3628\" data-end=\"3910\"><strong data-start=\"3631\" data-end=\"3654\">M\u00e9thode de candidature :<\/strong> M\u00e9langer le composant de base et l'agent de durcissement dans un rapport de poids de 5:1. Appliquer \u00e0 l'aide d'une truelle dentel\u00e9e et d'un rouleau en mousse pour \u00e9liminer les bulles. Une fois m\u00e9lang\u00e9, le produit doit \u00eatre utilis\u00e9 dans les 30 minutes. Si la viscosit\u00e9 augmente de mani\u00e8re significative, jeter le m\u00e9lange.<\/li>\n<\/ol>\n<h2 data-start=\"3912\" data-end=\"3969\"><strong data-start=\"3912\" data-end=\"3927\">Dur\u00e9e de conservation :<\/strong><\/h2>\n<p data-start=\"3912\" data-end=\"3969\">12 mois \u00e0 compter de la date de fabrication.<\/p>","protected":false},"excerpt":{"rendered":"<p>La couche interm\u00e9diaire auto-nivelante E820 est une couche interm\u00e9diaire \u00e9poxydique \u00e0 deux composants de haute qualit\u00e9, con\u00e7ue pour offrir des solutions de rev\u00eatement de sol durables et performantes. Il est compos\u00e9 de r\u00e9sine \u00e9poxy liquide \u00e0 faible viscosit\u00e9, d'additifs import\u00e9s, de charges r\u00e9sistantes \u00e0 l'usure et d'agents de durcissement. Ce produit offre une excellente adh\u00e9rence, une surface lisse et sans joint, ainsi qu'une r\u00e9sistance \u00e9lev\u00e9e aux chocs et \u00e0 la compression. Id\u00e9al pour les applications de couches interm\u00e9diaires \u00e9poxy de haute qualit\u00e9, il convient parfaitement aux sols industriels, aux entrep\u00f4ts, aux ateliers et aux espaces commerciaux. Facile \u00e0 appliquer, avec une formule \u00e0 faible teneur en COV, il assure une durabilit\u00e9 sup\u00e9rieure et un attrait esth\u00e9tique dans les environnements exigeants.<\/p>","protected":false},"featured_media":3239,"template":"","meta":{"om_disable_all_campaigns":false,"_monsterinsights_skip_tracking":false,"_monsterinsights_sitenote_active":false,"_monsterinsights_sitenote_note":"","_monsterinsights_sitenote_category":0,"_uf_show_specific_survey":0,"_uf_disable_surveys":false},"product_brand":[],"product_cat":[43,97,108,98],"product_tag":[94,139,138,131,104],"class_list":{"0":"post-3238","1":"product","2":"type-product","3":"status-publish","4":"has-post-thumbnail","6":"product_cat-epoxy-floor-coating","7":"product_cat-epoxy-middle-coating","8":"product_cat-self-leveling-epoxy-floor-coating","9":"product_cat-solvent-based-coating","10":"product_tag-epoxy-floor-coating","11":"product_tag-epoxy-floor-system","12":"product_tag-epoxy-intermediate-coat","13":"product_tag-self-leveling-floor-coating","14":"product_tag-solvent-based-coating","16":"first","17":"instock","18":"shipping-taxable","19":"product-type-simple"},"yoast_head":"<!-- This site is optimized with the Yoast SEO Premium plugin v26.2 (Yoast SEO v26.5) - https:\/\/yoast.com\/wordpress\/plugins\/seo\/ -->\n<title>E820 Epoxy Self-Leveling Intermediate Floor Coat - Mid Coating - KAIDA PAINT\u00ae<\/title>\n<meta name=\"description\" content=\"The E820 Epoxy Self-Leveling Intermediate Paint is a high-performance two-component epoxy intermediate coat, designed for commercial and industrial flooring. This product provides a smooth, durable surface with high impact and compressive strength. Ideal for use in warehouses, workshops, and manufacturing facilities, it is easy to apply, with excellent results and a long-lasting finish. The epoxy mid coat offers excellent adhesion and can be paired with both solvent-based and solvent-free primers and topcoats.\" \/>\n<meta name=\"robots\" content=\"index, follow, max-snippet:-1, max-image-preview:large, max-video-preview:-1\" \/>\n<link rel=\"canonical\" href=\"https:\/\/www.jinyupaint.com\/fr\/produit\/e820-epoxy-self-leveling-intermediate-floor-coat\/\" \/>\n<meta property=\"og:locale\" content=\"fr_FR\" \/>\n<meta property=\"og:type\" content=\"article\" \/>\n<meta property=\"og:title\" content=\"E820 Epoxy Self-Leveling Intermediate Floor Coat\" \/>\n<meta property=\"og:description\" content=\"The E820 Epoxy Self-Leveling Intermediate Paint is a high-performance two-component epoxy intermediate coat, designed for commercial and industrial flooring. This product provides a smooth, durable surface with high impact and compressive strength. Ideal for use in warehouses, workshops, and manufacturing facilities, it is easy to apply, with excellent results and a long-lasting finish. The epoxy mid coat offers excellent adhesion and can be paired with both solvent-based and solvent-free primers and topcoats.\" \/>\n<meta property=\"og:url\" content=\"https:\/\/www.jinyupaint.com\/fr\/produit\/e820-epoxy-self-leveling-intermediate-floor-coat\/\" \/>\n<meta property=\"og:site_name\" content=\"KAIDA PAINT\u00ae\" \/>\n<meta property=\"article:modified_time\" content=\"2025-02-19T09:06:04+00:00\" \/>\n<meta property=\"og:image\" content=\"https:\/\/www.jinyupaint.com\/wp-content\/uploads\/2025\/02\/E820-Self-Leveling-Epoxy-Floor-Intermediate-Coating.jpg\" \/>\n\t<meta property=\"og:image:width\" content=\"750\" \/>\n\t<meta property=\"og:image:height\" content=\"750\" \/>\n\t<meta property=\"og:image:type\" content=\"image\/jpeg\" \/>\n<meta name=\"twitter:card\" content=\"summary_large_image\" \/>\n<meta name=\"twitter:label1\" content=\"Dur\u00e9e de lecture estim\u00e9e\" \/>\n\t<meta name=\"twitter:data1\" content=\"3 minutes\" \/>\n<script type=\"application\/ld+json\" class=\"yoast-schema-graph\">{\"@context\":\"https:\/\/schema.org\",\"@graph\":[{\"@type\":\"WebPage\",\"@id\":\"https:\/\/www.jinyupaint.com\/product\/e820-epoxy-self-leveling-intermediate-floor-coat\",\"url\":\"https:\/\/www.jinyupaint.com\/product\/e820-epoxy-self-leveling-intermediate-floor-coat\",\"name\":\"E820 Epoxy Self-Leveling Intermediate Floor Coat - Mid Coating - KAIDA PAINT\u00ae\",\"isPartOf\":{\"@id\":\"https:\/\/www.jinyupaint.com\/#website\"},\"primaryImageOfPage\":{\"@id\":\"https:\/\/www.jinyupaint.com\/product\/e820-epoxy-self-leveling-intermediate-floor-coat#primaryimage\"},\"image\":{\"@id\":\"https:\/\/www.jinyupaint.com\/product\/e820-epoxy-self-leveling-intermediate-floor-coat#primaryimage\"},\"thumbnailUrl\":\"https:\/\/www.jinyupaint.com\/wp-content\/uploads\/2025\/02\/E820-Self-Leveling-Epoxy-Floor-Intermediate-Coating.jpg\",\"datePublished\":\"2025-02-19T09:06:03+00:00\",\"dateModified\":\"2025-02-19T09:06:04+00:00\",\"description\":\"The E820 Epoxy Self-Leveling Intermediate Paint is a high-performance two-component epoxy intermediate coat, designed for commercial and industrial flooring. This product provides a smooth, durable surface with high impact and compressive strength. Ideal for use in warehouses, workshops, and manufacturing facilities, it is easy to apply, with excellent results and a long-lasting finish. The epoxy mid coat offers excellent adhesion and can be paired with both solvent-based and solvent-free primers and topcoats.\",\"breadcrumb\":{\"@id\":\"https:\/\/www.jinyupaint.com\/product\/e820-epoxy-self-leveling-intermediate-floor-coat#breadcrumb\"},\"inLanguage\":\"fr-FR\",\"potentialAction\":[{\"@type\":\"ReadAction\",\"target\":[\"https:\/\/www.jinyupaint.com\/product\/e820-epoxy-self-leveling-intermediate-floor-coat\"]}]},{\"@type\":\"ImageObject\",\"inLanguage\":\"fr-FR\",\"@id\":\"https:\/\/www.jinyupaint.com\/product\/e820-epoxy-self-leveling-intermediate-floor-coat#primaryimage\",\"url\":\"https:\/\/www.jinyupaint.com\/wp-content\/uploads\/2025\/02\/E820-Self-Leveling-Epoxy-Floor-Intermediate-Coating.jpg\",\"contentUrl\":\"https:\/\/www.jinyupaint.com\/wp-content\/uploads\/2025\/02\/E820-Self-Leveling-Epoxy-Floor-Intermediate-Coating.jpg\",\"width\":750,\"height\":750,\"caption\":\"E820 Epoxy Self-Leveling Intermediate Coat\"},{\"@type\":\"BreadcrumbList\",\"@id\":\"https:\/\/www.jinyupaint.com\/product\/e820-epoxy-self-leveling-intermediate-floor-coat#breadcrumb\",\"itemListElement\":[{\"@type\":\"ListItem\",\"position\":1,\"name\":\"Home\",\"item\":\"https:\/\/www.jinyupaint.com\/\"},{\"@type\":\"ListItem\",\"position\":2,\"name\":\"Shop\",\"item\":\"https:\/\/www.jinyupaint.com\/shop.html\"},{\"@type\":\"ListItem\",\"position\":3,\"name\":\"E820 Epoxy Self-Leveling Intermediate Floor Coat\"}]},{\"@type\":\"WebSite\",\"@id\":\"https:\/\/www.jinyupaint.com\/#website\",\"url\":\"https:\/\/www.jinyupaint.com\/\",\"name\":\"JINYU\u00ae PAINT\",\"description\":\"JINYU PAINT\u00ae Manufacturer\",\"potentialAction\":[{\"@type\":\"SearchAction\",\"target\":{\"@type\":\"EntryPoint\",\"urlTemplate\":\"https:\/\/www.jinyupaint.com\/?s={search_term_string}\"},\"query-input\":{\"@type\":\"PropertyValueSpecification\",\"valueRequired\":true,\"valueName\":\"search_term_string\"}}],\"inLanguage\":\"fr-FR\"}]}<\/script>\n<!-- \/ Yoast SEO Premium plugin. -->","yoast_head_json":{"title":"E820 Rev\u00eatement de sol interm\u00e9diaire auto-nivelant \u00e9poxy - Rev\u00eatement interm\u00e9diaire - KAIDA PAINT\u00ae.","description":"La peinture interm\u00e9diaire \u00e9poxydique auto-nivelante E820 est une couche interm\u00e9diaire \u00e9poxydique \u00e0 deux composants de haute performance, con\u00e7ue pour les sols commerciaux et industriels. Ce produit offre une surface lisse et durable avec une r\u00e9sistance \u00e9lev\u00e9e aux chocs et \u00e0 la compression. Id\u00e9al pour les entrep\u00f4ts, les ateliers et les installations de fabrication, il est facile \u00e0 appliquer, avec d'excellents r\u00e9sultats et une finition durable. La couche interm\u00e9diaire \u00e9poxy offre une excellente adh\u00e9rence et peut \u00eatre associ\u00e9e \u00e0 des appr\u00eats et des couches de finition \u00e0 base de solvant ou sans solvant.","robots":{"index":"index","follow":"follow","max-snippet":"max-snippet:-1","max-image-preview":"max-image-preview:large","max-video-preview":"max-video-preview:-1"},"canonical":"https:\/\/www.jinyupaint.com\/fr\/produit\/e820-epoxy-self-leveling-intermediate-floor-coat\/","og_locale":"fr_FR","og_type":"article","og_title":"E820 Epoxy Self-Leveling Intermediate Floor Coat","og_description":"The E820 Epoxy Self-Leveling Intermediate Paint is a high-performance two-component epoxy intermediate coat, designed for commercial and industrial flooring. This product provides a smooth, durable surface with high impact and compressive strength. Ideal for use in warehouses, workshops, and manufacturing facilities, it is easy to apply, with excellent results and a long-lasting finish. The epoxy mid coat offers excellent adhesion and can be paired with both solvent-based and solvent-free primers and topcoats.","og_url":"https:\/\/www.jinyupaint.com\/fr\/produit\/e820-epoxy-self-leveling-intermediate-floor-coat\/","og_site_name":"KAIDA PAINT\u00ae","article_modified_time":"2025-02-19T09:06:04+00:00","og_image":[{"width":750,"height":750,"url":"https:\/\/www.jinyupaint.com\/wp-content\/uploads\/2025\/02\/E820-Self-Leveling-Epoxy-Floor-Intermediate-Coating.jpg","type":"image\/jpeg"}],"twitter_card":"summary_large_image","twitter_misc":{"Dur\u00e9e de lecture estim\u00e9e":"3 minutes"},"schema":{"@context":"https:\/\/schema.org","@graph":[{"@type":"WebPage","@id":"https:\/\/www.jinyupaint.com\/product\/e820-epoxy-self-leveling-intermediate-floor-coat","url":"https:\/\/www.jinyupaint.com\/product\/e820-epoxy-self-leveling-intermediate-floor-coat","name":"E820 Rev\u00eatement de sol interm\u00e9diaire auto-nivelant \u00e9poxy - Rev\u00eatement interm\u00e9diaire - KAIDA PAINT\u00ae.","isPartOf":{"@id":"https:\/\/www.jinyupaint.com\/#website"},"primaryImageOfPage":{"@id":"https:\/\/www.jinyupaint.com\/product\/e820-epoxy-self-leveling-intermediate-floor-coat#primaryimage"},"image":{"@id":"https:\/\/www.jinyupaint.com\/product\/e820-epoxy-self-leveling-intermediate-floor-coat#primaryimage"},"thumbnailUrl":"https:\/\/www.jinyupaint.com\/wp-content\/uploads\/2025\/02\/E820-Self-Leveling-Epoxy-Floor-Intermediate-Coating.jpg","datePublished":"2025-02-19T09:06:03+00:00","dateModified":"2025-02-19T09:06:04+00:00","description":"La peinture interm\u00e9diaire \u00e9poxydique auto-nivelante E820 est une couche interm\u00e9diaire \u00e9poxydique \u00e0 deux composants de haute performance, con\u00e7ue pour les sols commerciaux et industriels. Ce produit offre une surface lisse et durable avec une r\u00e9sistance \u00e9lev\u00e9e aux chocs et \u00e0 la compression. Id\u00e9al pour les entrep\u00f4ts, les ateliers et les installations de fabrication, il est facile \u00e0 appliquer, avec d'excellents r\u00e9sultats et une finition durable. La couche interm\u00e9diaire \u00e9poxy offre une excellente adh\u00e9rence et peut \u00eatre associ\u00e9e \u00e0 des appr\u00eats et des couches de finition \u00e0 base de solvant ou sans solvant.","breadcrumb":{"@id":"https:\/\/www.jinyupaint.com\/product\/e820-epoxy-self-leveling-intermediate-floor-coat#breadcrumb"},"inLanguage":"fr-FR","potentialAction":[{"@type":"ReadAction","target":["https:\/\/www.jinyupaint.com\/product\/e820-epoxy-self-leveling-intermediate-floor-coat"]}]},{"@type":"ImageObject","inLanguage":"fr-FR","@id":"https:\/\/www.jinyupaint.com\/product\/e820-epoxy-self-leveling-intermediate-floor-coat#primaryimage","url":"https:\/\/www.jinyupaint.com\/wp-content\/uploads\/2025\/02\/E820-Self-Leveling-Epoxy-Floor-Intermediate-Coating.jpg","contentUrl":"https:\/\/www.jinyupaint.com\/wp-content\/uploads\/2025\/02\/E820-Self-Leveling-Epoxy-Floor-Intermediate-Coating.jpg","width":750,"height":750,"caption":"E820 Epoxy Self-Leveling Intermediate Coat"},{"@type":"BreadcrumbList","@id":"https:\/\/www.jinyupaint.com\/product\/e820-epoxy-self-leveling-intermediate-floor-coat#breadcrumb","itemListElement":[{"@type":"ListItem","position":1,"name":"Home","item":"https:\/\/www.jinyupaint.com\/"},{"@type":"ListItem","position":2,"name":"Shop","item":"https:\/\/www.jinyupaint.com\/shop.html"},{"@type":"ListItem","position":3,"name":"E820 Epoxy Self-Leveling Intermediate Floor Coat"}]},{"@type":"WebSite","@id":"https:\/\/www.jinyupaint.com\/#website","url":"https:\/\/www.jinyupaint.com\/","name":"JINYU\u00ae PAINT","description":"JINYU PAINT\u00ae Fabricant","potentialAction":[{"@type":"SearchAction","target":{"@type":"EntryPoint","urlTemplate":"https:\/\/www.jinyupaint.com\/?s={search_term_string}"},"query-input":{"@type":"PropertyValueSpecification","valueRequired":true,"valueName":"search_term_string"}}],"inLanguage":"fr-FR"}]}},"_links":{"self":[{"href":"https:\/\/www.jinyupaint.com\/fr\/wp-json\/wp\/v2\/product\/3238","targetHints":{"allow":["GET"]}}],"collection":[{"href":"https:\/\/www.jinyupaint.com\/fr\/wp-json\/wp\/v2\/product"}],"about":[{"href":"https:\/\/www.jinyupaint.com\/fr\/wp-json\/wp\/v2\/types\/product"}],"wp:featuredmedia":[{"embeddable":true,"href":"https:\/\/www.jinyupaint.com\/fr\/wp-json\/wp\/v2\/media\/3239"}],"wp:attachment":[{"href":"https:\/\/www.jinyupaint.com\/fr\/wp-json\/wp\/v2\/media?parent=3238"}],"wp:term":[{"taxonomy":"product_brand","embeddable":true,"href":"https:\/\/www.jinyupaint.com\/fr\/wp-json\/wp\/v2\/product_brand?post=3238"},{"taxonomy":"product_cat","embeddable":true,"href":"https:\/\/www.jinyupaint.com\/fr\/wp-json\/wp\/v2\/product_cat?post=3238"},{"taxonomy":"product_tag","embeddable":true,"href":"https:\/\/www.jinyupaint.com\/fr\/wp-json\/wp\/v2\/product_tag?post=3238"}],"curies":[{"name":"wp","href":"https:\/\/api.w.org\/{rel}","templated":true}]}}