{"id":3235,"date":"2025-02-19T08:21:39","date_gmt":"2025-02-19T08:21:39","guid":{"rendered":"https:\/\/www.jinyupaint.com\/?post_type=product&#038;p=3235"},"modified":"2025-02-19T08:43:36","modified_gmt":"2025-02-19T08:43:36","slug":"e850-epoxy-orange-peel-floor-finish","status":"publish","type":"product","link":"https:\/\/www.jinyupaint.com\/fr\/produit\/e850-epoxy-orange-peel-floor-finish","title":{"rendered":"E850 Finition \u00e9poxy pour sols en peau d'orange"},"content":{"rendered":"<h2 data-start=\"166\" data-end=\"764\"><strong data-start=\"166\" data-end=\"183\">Introduction :<\/strong><\/h2>\n<p data-start=\"166\" data-end=\"764\">La finition \u00e9poxy E850 pour sols en \u00e9corce d'orange est une couche de finition \u00e9poxy \u00e0 deux composants haute performance con\u00e7ue pour offrir une solution de rev\u00eatement de sol durable, visuellement attrayante et fonctionnelle. Compos\u00e9e de r\u00e9sine \u00e9poxy liquide \u00e0 faible viscosit\u00e9, d'additifs import\u00e9s, de pigments, de charges r\u00e9sistantes \u00e0 l'usure et d'agents de durcissement, cette solution de finition \u00e9poxy pour le b\u00e9ton offre d'excellentes performances avec une faible odeur, une application facile et une gamme de couleurs attrayantes. La couche de texture peau d'orange rehausse la surface, offrant une finition unique et esth\u00e9tique adapt\u00e9e \u00e0 divers environnements.<\/p>\n<h2 data-start=\"766\" data-end=\"789\"><strong data-start=\"766\" data-end=\"787\">Caract\u00e9ristiques du produit :<\/strong><\/h2>\n<ol data-start=\"790\" data-end=\"1391\">\n<li data-start=\"790\" data-end=\"929\"><strong data-start=\"793\" data-end=\"822\">Couleurs vives et \u00e9clatantes<\/strong>: La finition \u00e9poxy du sol cr\u00e9e un film riche et plein qui ajoute \u00e0 la fois de la durabilit\u00e9 et de la beaut\u00e9 \u00e0 tout espace.<\/li>\n<li data-start=\"930\" data-end=\"1072\"><strong data-start=\"933\" data-end=\"963\">Effet de texture de peau d'orange<\/strong>: La couche de texture peau d'orange distinctive offre une surface visuellement attrayante et tridimensionnelle.<\/li>\n<li data-start=\"1073\" data-end=\"1238\"><strong data-start=\"1076\" data-end=\"1127\">R\u00e9sistance \u00e9lev\u00e9e aux chocs et \u00e0 la compression<\/strong>: Ce rev\u00eatement de sol \u00e9poxy sur b\u00e9ton offre une protection sup\u00e9rieure, ce qui le rend id\u00e9al pour les zones tr\u00e8s fr\u00e9quent\u00e9es.<\/li>\n<li data-start=\"1239\" data-end=\"1391\"><strong data-start=\"1242\" data-end=\"1272\">Faible odeur et facile \u00e0 appliquer<\/strong>: Convient aux applications r\u00e9sidentielles et commerciales, y compris les finitions de garage en \u00e9poxy et les environnements industriels.<\/li>\n<\/ol>\n<h2 data-start=\"1393\" data-end=\"1553\"><strong data-start=\"1393\" data-end=\"1417\">Application du produit :<\/strong><\/h2>\n<p data-start=\"1393\" data-end=\"1553\">Ce rev\u00eatement de sol \u00e9poxy est compatible avec les appr\u00eats et les couches interm\u00e9diaires \u00e0 base de solvant ou sans solvant. Il fonctionne bien avec :<\/p>\n<ul data-start=\"1554\" data-end=\"1688\">\n<li data-start=\"1554\" data-end=\"1599\"><strong data-start=\"1556\" data-end=\"1578\">E159X Primaire \u00e9poxy<\/strong> (type p\u00e9n\u00e9trant)<\/li>\n<li data-start=\"1600\" data-end=\"1638\"><strong data-start=\"1602\" data-end=\"1636\">E811 Primaire \u00e9poxy sans solvant<\/strong><\/li>\n<li data-start=\"1639\" data-end=\"1688\"><strong data-start=\"1641\" data-end=\"1682\">E337 Peinture interm\u00e9diaire color\u00e9e \u00e0 l'\u00e9poxy<\/strong>, etc.<\/li>\n<\/ul>\n<h2 data-start=\"875\" data-end=\"909\"><strong data-start=\"875\" data-end=\"892\">Normes :<\/strong><\/h2>\n<p data-start=\"875\" data-end=\"909\">GB\/T22374-2018<\/p>\n<h2 data-start=\"911\" data-end=\"941\"><strong data-start=\"911\" data-end=\"939\">Param\u00e8tres techniques :<\/strong><\/h2>\n<table data-start=\"942\" data-end=\"1798\">\n<thead data-start=\"942\" data-end=\"1049\">\n<tr data-start=\"942\" data-end=\"1049\">\n<th data-start=\"942\" data-end=\"959\"><strong data-start=\"944\" data-end=\"958\">Num\u00e9ro de s\u00e9rie<\/strong><\/th>\n<th data-start=\"959\" data-end=\"978\"><strong data-start=\"961\" data-end=\"974\">\u00c9l\u00e9ment de test<\/strong><\/th>\n<th data-start=\"978\" data-end=\"1005\"><strong data-start=\"980\" data-end=\"999\">Index technique<\/strong><\/th>\n<th data-start=\"1005\" data-end=\"1026\"><strong data-start=\"1007\" data-end=\"1025\">Valeur standard<\/strong><\/th>\n<th data-start=\"1026\" data-end=\"1049\"><strong data-start=\"1028\" data-end=\"1046\">Valeur mesur\u00e9e<\/strong><\/th>\n<\/tr>\n<\/thead>\n<tbody data-start=\"1158\" data-end=\"1798\">\n<tr data-start=\"1158\" data-end=\"1292\">\n<td>1<\/td>\n<td>Statut<\/td>\n<td>Homog\u00e8ne et sans grumeaux apr\u00e8s m\u00e9lange<\/td>\n<td>Homog\u00e8ne et sans grumeaux<\/td>\n<td>Homog\u00e8ne et sans grumeaux<\/td>\n<\/tr>\n<tr data-start=\"1293\" data-end=\"1435\">\n<td>2<\/td>\n<td>Couleur<\/td>\n<td>Couleur uniforme, pas de couleur flottante<\/td>\n<td>Couleur uniforme, pas de couleur flottante<\/td>\n<td>Couleur uniforme, pas de couleur flottante<\/td>\n<\/tr>\n<tr data-start=\"1436\" data-end=\"1582\">\n<td>3<\/td>\n<td>Apparition du film<\/td>\n<td>Texture peau d'orange claire, pas d'affaissement, pas de bulles, de trous d'\u00e9pingle ou de fissures.<\/td>\n<td>Bonne apparence<\/td>\n<td>Bonne apparence<\/td>\n<\/tr>\n<tr data-start=\"1583\" data-end=\"1690\">\n<td>4<\/td>\n<td>Sec au toucher<\/td>\n<td>\u2264 8 heures<\/td>\n<td>4 heures<\/td>\n<td>4 heures<\/td>\n<\/tr>\n<tr data-start=\"1691\" data-end=\"1798\">\n<td>5<\/td>\n<td>Enti\u00e8rement gu\u00e9ri<\/td>\n<td>\u2264 48 heures<\/td>\n<td>26 heures<\/td>\n<td>26 heures<\/td>\n<\/tr>\n<\/tbody>\n<\/table>\n<p data-start=\"1690\" data-end=\"1912\">Il est con\u00e7u pour \u00eatre utilis\u00e9 dans les parkings souterrains, les ateliers de production, les entrep\u00f4ts et bien plus encore, offrant non seulement des finitions de garage \u00e9poxy mais aussi une surface fonctionnelle et attrayante pour divers environnements industriels.<\/p>\n<h2 data-start=\"1914\" data-end=\"2178\"><strong data-start=\"1914\" data-end=\"1938\">Pr\u00e9paration de la surface :<\/strong><\/h2>\n<p data-start=\"1914\" data-end=\"2178\">Avant l'application, le support doit \u00eatre propre, sec et exempt de tout contaminant. Veiller \u00e0 ce que la surface soit lisse et plane, sans huile, graisse ou d\u00e9bris. Il est important de pr\u00e9parer correctement le support pour obtenir une meilleure adh\u00e9rence et de meilleurs r\u00e9sultats.<\/p>\n<h2 data-start=\"2180\" data-end=\"2211\"><strong data-start=\"2180\" data-end=\"2209\">Instructions relatives \u00e0 la candidature :<\/strong><\/h2>\n<ol data-start=\"2212\" data-end=\"2620\">\n<li data-start=\"2212\" data-end=\"2363\"><strong data-start=\"2215\" data-end=\"2231\">Rapport de m\u00e9lange<\/strong>: Le composant de base et l'agent de durcissement doivent \u00eatre m\u00e9lang\u00e9s dans un rapport de poids de 5:1. Remuer soigneusement le m\u00e9lange pour obtenir une consistance homog\u00e8ne.<\/li>\n<li data-start=\"2364\" data-end=\"2620\"><strong data-start=\"2367\" data-end=\"2389\">M\u00e9thode d'application<\/strong>: Utiliser une truelle dentel\u00e9e pour appliquer le produit m\u00e9lang\u00e9 sur le substrat avec la finition \u00e9poxy de m\u00eame couleur ou la couche interm\u00e9diaire. Terminer en utilisant un rouleau \u00e0 texture peau d'orange pour obtenir l'effet d\u00e9sir\u00e9.<\/li>\n<\/ol>\n<h2 data-start=\"2622\" data-end=\"2890\"><strong data-start=\"2622\" data-end=\"2648\">Durabilit\u00e9 et finition :<\/strong><\/h2>\n<p data-start=\"2622\" data-end=\"2890\">La finition \u00e9poxy offre une excellente protection \u00e0 long terme, avec une surface lisse et esth\u00e9tique, r\u00e9sistante \u00e0 l'usure et aux chocs. Id\u00e9ale pour les zones exigeant une certaine durabilit\u00e9, telles que les garages, les ateliers et les espaces commerciaux.<\/p>\n<h2 data-start=\"2892\" data-end=\"2921\"><strong data-start=\"2892\" data-end=\"2921\">Sp\u00e9cifications techniques :<\/strong><\/h2>\n<ul data-start=\"2922\" data-end=\"3085\">\n<li data-start=\"2922\" data-end=\"2953\"><strong data-start=\"2924\" data-end=\"2940\">Sec au toucher<\/strong>: \u2264 8 heures<\/li>\n<li data-start=\"2954\" data-end=\"2985\"><strong data-start=\"2956\" data-end=\"2971\">Enti\u00e8rement gu\u00e9ri<\/strong>: \u2264 48 heures<\/li>\n<li data-start=\"2986\" data-end=\"3085\"><strong data-start=\"2988\" data-end=\"3012\">Couverture de l'application<\/strong>: 0,4-0,6 kg\/m\u00b2 (en fonction de l'effet - petite ou grande texture florale)<\/li>\n<\/ul>\n<h2 data-start=\"3087\" data-end=\"3144\"><strong data-start=\"3087\" data-end=\"3102\">Dur\u00e9e de conservation :<\/strong><\/h2>\n<p data-start=\"3087\" data-end=\"3144\">12 mois \u00e0 compter de la date de fabrication.<\/p>\n<h2 data-start=\"3146\" data-end=\"3631\"><strong data-start=\"3146\" data-end=\"3197\">Pourquoi choisir la finition \u00e9poxy E850 pour sols en peau d'orange ?<\/strong><\/h2>\n<p data-start=\"3146\" data-end=\"3631\">Si vous \u00eates \u00e0 la recherche d'un rev\u00eatement de sol \u00e9poxy qui allie beaut\u00e9 et durabilit\u00e9, le rev\u00eatement de sol \u00e9poxy Peau d'orange E850 est la solution id\u00e9ale. Ce produit de haute qualit\u00e9 est id\u00e9al pour une utilisation r\u00e9sidentielle et industrielle, y compris les finitions \u00e9poxy de garage et les finitions \u00e9poxy de sols en b\u00e9ton. Sa facilit\u00e9 d'application, sa faible odeur et sa belle finition en font le meilleur choix pour votre prochain projet de rev\u00eatement de sol.<\/p>","protected":false},"excerpt":{"rendered":"<p>Le produit de finition pour sol E850 Epoxy Orange Peel est une couche de finition \u00e9poxydique \u00e0 deux composants de haute qualit\u00e9, con\u00e7ue pour les applications de rev\u00eatement de sol industrielles et r\u00e9sidentielles. Ce produit est formul\u00e9 \u00e0 partir d'une r\u00e9sine \u00e9poxy liquide \u00e0 faible viscosit\u00e9, d'additifs import\u00e9s, de pigments et d'agents de durcissement pour cr\u00e9er une surface durable et esth\u00e9tique. La couche de texture unique en peau d'orange offre une finition tridimensionnelle distinctive qui est \u00e0 la fois fonctionnelle et d\u00e9corative. Gr\u00e2ce \u00e0 sa r\u00e9sistance \u00e9lev\u00e9e aux chocs et \u00e0 la compression, ainsi qu'\u00e0 sa faible odeur, il est id\u00e9al pour les garages, les entrep\u00f4ts et les ateliers de production. Facile \u00e0 appliquer et disponible dans une vari\u00e9t\u00e9 de couleurs, il constitue une solution durable pour les sols en b\u00e9ton.<\/p>","protected":false},"featured_media":3236,"template":"","meta":{"om_disable_all_campaigns":false,"_monsterinsights_skip_tracking":false,"_monsterinsights_sitenote_active":false,"_monsterinsights_sitenote_note":"","_monsterinsights_sitenote_category":0,"_uf_show_specific_survey":0,"_uf_disable_surveys":false},"product_brand":[],"product_cat":[43,96,98],"product_tag":[94,137,104],"class_list":{"0":"post-3235","1":"product","2":"type-product","3":"status-publish","4":"has-post-thumbnail","6":"product_cat-epoxy-floor-coating","7":"product_cat-epoxy-top-coat","8":"product_cat-solvent-based-coating","9":"product_tag-epoxy-floor-coating","10":"product_tag-epoxy-top-coat","11":"product_tag-solvent-based-coating","13":"first","14":"instock","15":"shipping-taxable","16":"product-type-simple"},"yoast_head":"<!-- This site is optimized with the Yoast SEO Premium plugin v26.2 (Yoast SEO v26.5) - https:\/\/yoast.com\/wordpress\/plugins\/seo\/ -->\n<title>E850 Epoxy Orange Peel Floor Finish - Texture Coat - KAIDA PAINT\u00ae<\/title>\n<meta name=\"description\" content=\"The E850 Epoxy Orange Peel Floor Finish is a durable two-component epoxy topcoat that delivers a stunning orange peel texture effect. Ideal for concrete floors in garages, warehouses, and production environments, it offers excellent impact resistance, compressive strength, and vibrant color. Easy to apply with low odor, providing a functional and aesthetic solution for both residential and industrial flooring projects.\" \/>\n<meta name=\"robots\" content=\"index, follow, max-snippet:-1, max-image-preview:large, max-video-preview:-1\" \/>\n<link rel=\"canonical\" href=\"https:\/\/www.jinyupaint.com\/fr\/produit\/e850-epoxy-orange-peel-floor-finish\/\" \/>\n<meta property=\"og:locale\" content=\"fr_FR\" \/>\n<meta property=\"og:type\" content=\"article\" \/>\n<meta property=\"og:title\" content=\"E850 Epoxy Orange Peel Floor Finish\" \/>\n<meta property=\"og:description\" content=\"The E850 Epoxy Orange Peel Floor Finish is a durable two-component epoxy topcoat that delivers a stunning orange peel texture effect. Ideal for concrete floors in garages, warehouses, and production environments, it offers excellent impact resistance, compressive strength, and vibrant color. Easy to apply with low odor, providing a functional and aesthetic solution for both residential and industrial flooring projects.\" \/>\n<meta property=\"og:url\" content=\"https:\/\/www.jinyupaint.com\/fr\/produit\/e850-epoxy-orange-peel-floor-finish\/\" \/>\n<meta property=\"og:site_name\" content=\"KAIDA PAINT\u00ae\" \/>\n<meta property=\"article:modified_time\" content=\"2025-02-19T08:43:36+00:00\" \/>\n<meta property=\"og:image\" content=\"https:\/\/www.jinyupaint.com\/wp-content\/uploads\/2025\/02\/E850-Epoxy-Orange-Peel-Finish.jpg\" \/>\n\t<meta property=\"og:image:width\" content=\"750\" \/>\n\t<meta property=\"og:image:height\" content=\"750\" \/>\n\t<meta property=\"og:image:type\" content=\"image\/jpeg\" \/>\n<meta name=\"twitter:card\" content=\"summary_large_image\" \/>\n<meta name=\"twitter:label1\" content=\"Dur\u00e9e de lecture estim\u00e9e\" \/>\n\t<meta name=\"twitter:data1\" content=\"3 minutes\" \/>\n<script type=\"application\/ld+json\" class=\"yoast-schema-graph\">{\"@context\":\"https:\/\/schema.org\",\"@graph\":[{\"@type\":\"WebPage\",\"@id\":\"https:\/\/www.jinyupaint.com\/product\/e850-epoxy-orange-peel-floor-finish\",\"url\":\"https:\/\/www.jinyupaint.com\/product\/e850-epoxy-orange-peel-floor-finish\",\"name\":\"E850 Epoxy Orange Peel Floor Finish - Texture Coat - KAIDA PAINT\u00ae\",\"isPartOf\":{\"@id\":\"https:\/\/www.jinyupaint.com\/#website\"},\"primaryImageOfPage\":{\"@id\":\"https:\/\/www.jinyupaint.com\/product\/e850-epoxy-orange-peel-floor-finish#primaryimage\"},\"image\":{\"@id\":\"https:\/\/www.jinyupaint.com\/product\/e850-epoxy-orange-peel-floor-finish#primaryimage\"},\"thumbnailUrl\":\"https:\/\/www.jinyupaint.com\/wp-content\/uploads\/2025\/02\/E850-Epoxy-Orange-Peel-Finish.jpg\",\"datePublished\":\"2025-02-19T08:21:39+00:00\",\"dateModified\":\"2025-02-19T08:43:36+00:00\",\"description\":\"The E850 Epoxy Orange Peel Floor Finish is a durable two-component epoxy topcoat that delivers a stunning orange peel texture effect. Ideal for concrete floors in garages, warehouses, and production environments, it offers excellent impact resistance, compressive strength, and vibrant color. Easy to apply with low odor, providing a functional and aesthetic solution for both residential and industrial flooring projects.\",\"breadcrumb\":{\"@id\":\"https:\/\/www.jinyupaint.com\/product\/e850-epoxy-orange-peel-floor-finish#breadcrumb\"},\"inLanguage\":\"fr-FR\",\"potentialAction\":[{\"@type\":\"ReadAction\",\"target\":[\"https:\/\/www.jinyupaint.com\/product\/e850-epoxy-orange-peel-floor-finish\"]}]},{\"@type\":\"ImageObject\",\"inLanguage\":\"fr-FR\",\"@id\":\"https:\/\/www.jinyupaint.com\/product\/e850-epoxy-orange-peel-floor-finish#primaryimage\",\"url\":\"https:\/\/www.jinyupaint.com\/wp-content\/uploads\/2025\/02\/E850-Epoxy-Orange-Peel-Finish.jpg\",\"contentUrl\":\"https:\/\/www.jinyupaint.com\/wp-content\/uploads\/2025\/02\/E850-Epoxy-Orange-Peel-Finish.jpg\",\"width\":750,\"height\":750,\"caption\":\"E850 Epoxy Orange Peel Finish\"},{\"@type\":\"BreadcrumbList\",\"@id\":\"https:\/\/www.jinyupaint.com\/product\/e850-epoxy-orange-peel-floor-finish#breadcrumb\",\"itemListElement\":[{\"@type\":\"ListItem\",\"position\":1,\"name\":\"Home\",\"item\":\"https:\/\/www.jinyupaint.com\/\"},{\"@type\":\"ListItem\",\"position\":2,\"name\":\"Shop\",\"item\":\"https:\/\/www.jinyupaint.com\/shop.html\"},{\"@type\":\"ListItem\",\"position\":3,\"name\":\"E850 Epoxy Orange Peel Floor Finish\"}]},{\"@type\":\"WebSite\",\"@id\":\"https:\/\/www.jinyupaint.com\/#website\",\"url\":\"https:\/\/www.jinyupaint.com\/\",\"name\":\"JINYU\u00ae PAINT\",\"description\":\"JINYU PAINT\u00ae Manufacturer\",\"potentialAction\":[{\"@type\":\"SearchAction\",\"target\":{\"@type\":\"EntryPoint\",\"urlTemplate\":\"https:\/\/www.jinyupaint.com\/?s={search_term_string}\"},\"query-input\":{\"@type\":\"PropertyValueSpecification\",\"valueRequired\":true,\"valueName\":\"search_term_string\"}}],\"inLanguage\":\"fr-FR\"}]}<\/script>\n<!-- \/ Yoast SEO Premium plugin. -->","yoast_head_json":{"title":"E850 Finition de sol \u00e9poxy \u00e0 l'\u00e9corce d'orange - Couche de texture - KAIDA PAINT\u00ae.","description":"La finition \u00e9poxy E850 Orange Peel Floor Finish est une couche de finition \u00e9poxy durable \u00e0 deux composants qui donne un effet de texture peau d'orange \u00e9poustouflant. Id\u00e9ale pour les sols en b\u00e9ton dans les garages, les entrep\u00f4ts et les environnements de production, elle offre une excellente r\u00e9sistance aux chocs, une r\u00e9sistance \u00e0 la compression et une couleur vibrante. Facile \u00e0 appliquer et peu odorante, elle constitue une solution fonctionnelle et esth\u00e9tique pour les projets de rev\u00eatements de sol r\u00e9sidentiels et industriels.","robots":{"index":"index","follow":"follow","max-snippet":"max-snippet:-1","max-image-preview":"max-image-preview:large","max-video-preview":"max-video-preview:-1"},"canonical":"https:\/\/www.jinyupaint.com\/fr\/produit\/e850-epoxy-orange-peel-floor-finish\/","og_locale":"fr_FR","og_type":"article","og_title":"E850 Epoxy Orange Peel Floor Finish","og_description":"The E850 Epoxy Orange Peel Floor Finish is a durable two-component epoxy topcoat that delivers a stunning orange peel texture effect. Ideal for concrete floors in garages, warehouses, and production environments, it offers excellent impact resistance, compressive strength, and vibrant color. Easy to apply with low odor, providing a functional and aesthetic solution for both residential and industrial flooring projects.","og_url":"https:\/\/www.jinyupaint.com\/fr\/produit\/e850-epoxy-orange-peel-floor-finish\/","og_site_name":"KAIDA PAINT\u00ae","article_modified_time":"2025-02-19T08:43:36+00:00","og_image":[{"width":750,"height":750,"url":"https:\/\/www.jinyupaint.com\/wp-content\/uploads\/2025\/02\/E850-Epoxy-Orange-Peel-Finish.jpg","type":"image\/jpeg"}],"twitter_card":"summary_large_image","twitter_misc":{"Dur\u00e9e de lecture estim\u00e9e":"3 minutes"},"schema":{"@context":"https:\/\/schema.org","@graph":[{"@type":"WebPage","@id":"https:\/\/www.jinyupaint.com\/product\/e850-epoxy-orange-peel-floor-finish","url":"https:\/\/www.jinyupaint.com\/product\/e850-epoxy-orange-peel-floor-finish","name":"E850 Finition de sol \u00e9poxy \u00e0 l'\u00e9corce d'orange - Couche de texture - KAIDA PAINT\u00ae.","isPartOf":{"@id":"https:\/\/www.jinyupaint.com\/#website"},"primaryImageOfPage":{"@id":"https:\/\/www.jinyupaint.com\/product\/e850-epoxy-orange-peel-floor-finish#primaryimage"},"image":{"@id":"https:\/\/www.jinyupaint.com\/product\/e850-epoxy-orange-peel-floor-finish#primaryimage"},"thumbnailUrl":"https:\/\/www.jinyupaint.com\/wp-content\/uploads\/2025\/02\/E850-Epoxy-Orange-Peel-Finish.jpg","datePublished":"2025-02-19T08:21:39+00:00","dateModified":"2025-02-19T08:43:36+00:00","description":"La finition \u00e9poxy E850 Orange Peel Floor Finish est une couche de finition \u00e9poxy durable \u00e0 deux composants qui donne un effet de texture peau d'orange \u00e9poustouflant. Id\u00e9ale pour les sols en b\u00e9ton dans les garages, les entrep\u00f4ts et les environnements de production, elle offre une excellente r\u00e9sistance aux chocs, une r\u00e9sistance \u00e0 la compression et une couleur vibrante. Facile \u00e0 appliquer et peu odorante, elle constitue une solution fonctionnelle et esth\u00e9tique pour les projets de rev\u00eatements de sol r\u00e9sidentiels et industriels.","breadcrumb":{"@id":"https:\/\/www.jinyupaint.com\/product\/e850-epoxy-orange-peel-floor-finish#breadcrumb"},"inLanguage":"fr-FR","potentialAction":[{"@type":"ReadAction","target":["https:\/\/www.jinyupaint.com\/product\/e850-epoxy-orange-peel-floor-finish"]}]},{"@type":"ImageObject","inLanguage":"fr-FR","@id":"https:\/\/www.jinyupaint.com\/product\/e850-epoxy-orange-peel-floor-finish#primaryimage","url":"https:\/\/www.jinyupaint.com\/wp-content\/uploads\/2025\/02\/E850-Epoxy-Orange-Peel-Finish.jpg","contentUrl":"https:\/\/www.jinyupaint.com\/wp-content\/uploads\/2025\/02\/E850-Epoxy-Orange-Peel-Finish.jpg","width":750,"height":750,"caption":"E850 Epoxy Orange Peel Finish"},{"@type":"BreadcrumbList","@id":"https:\/\/www.jinyupaint.com\/product\/e850-epoxy-orange-peel-floor-finish#breadcrumb","itemListElement":[{"@type":"ListItem","position":1,"name":"Home","item":"https:\/\/www.jinyupaint.com\/"},{"@type":"ListItem","position":2,"name":"Shop","item":"https:\/\/www.jinyupaint.com\/shop.html"},{"@type":"ListItem","position":3,"name":"E850 Epoxy Orange Peel Floor Finish"}]},{"@type":"WebSite","@id":"https:\/\/www.jinyupaint.com\/#website","url":"https:\/\/www.jinyupaint.com\/","name":"JINYU\u00ae PAINT","description":"JINYU PAINT\u00ae Fabricant","potentialAction":[{"@type":"SearchAction","target":{"@type":"EntryPoint","urlTemplate":"https:\/\/www.jinyupaint.com\/?s={search_term_string}"},"query-input":{"@type":"PropertyValueSpecification","valueRequired":true,"valueName":"search_term_string"}}],"inLanguage":"fr-FR"}]}},"_links":{"self":[{"href":"https:\/\/www.jinyupaint.com\/fr\/wp-json\/wp\/v2\/product\/3235","targetHints":{"allow":["GET"]}}],"collection":[{"href":"https:\/\/www.jinyupaint.com\/fr\/wp-json\/wp\/v2\/product"}],"about":[{"href":"https:\/\/www.jinyupaint.com\/fr\/wp-json\/wp\/v2\/types\/product"}],"wp:featuredmedia":[{"embeddable":true,"href":"https:\/\/www.jinyupaint.com\/fr\/wp-json\/wp\/v2\/media\/3236"}],"wp:attachment":[{"href":"https:\/\/www.jinyupaint.com\/fr\/wp-json\/wp\/v2\/media?parent=3235"}],"wp:term":[{"taxonomy":"product_brand","embeddable":true,"href":"https:\/\/www.jinyupaint.com\/fr\/wp-json\/wp\/v2\/product_brand?post=3235"},{"taxonomy":"product_cat","embeddable":true,"href":"https:\/\/www.jinyupaint.com\/fr\/wp-json\/wp\/v2\/product_cat?post=3235"},{"taxonomy":"product_tag","embeddable":true,"href":"https:\/\/www.jinyupaint.com\/fr\/wp-json\/wp\/v2\/product_tag?post=3235"}],"curies":[{"name":"wp","href":"https:\/\/api.w.org\/{rel}","templated":true}]}}