{"id":2734,"date":"2025-01-26T02:00:13","date_gmt":"2025-01-26T02:00:13","guid":{"rendered":"https:\/\/www.jinyupaint.com\/?post_type=product&#038;p=2734"},"modified":"2025-12-01T03:34:47","modified_gmt":"2025-12-01T03:34:47","slug":"self-leveling-polyurethane-anti-slip-coating","status":"publish","type":"product","link":"https:\/\/www.jinyupaint.com\/fr\/produit\/self-leveling-polyurethane-anti-slip-coating","title":{"rendered":"Rev\u00eatement polyur\u00e9thane autonivelant pour sols en b\u00e9ton, r\u00e9sistant et anticorrosif"},"content":{"rendered":"<p class=\"ds-markdown-paragraph\">Votre sol en b\u00e9ton c\u00e8de-t-il sous la pression ? Il se fissure sous l'effet des chocs, se tache \u00e0 la suite de d\u00e9versements de produits chimiques ou devient dangereux pour la s\u00e9curit\u00e9 ? Les rev\u00eatements et peintures \u00e9poxy standard ne suffisent pas. Passez \u00e0 la protection avanc\u00e9e de ProLevel HD, un rev\u00eatement de sol en b\u00e9ton polyur\u00e9thane de pointe con\u00e7u pour les environnements les plus exigeants.<\/p>\n<p class=\"ds-markdown-paragraph\">ProLevel HD est un syst\u00e8me d'ur\u00e9thane autonivelant sans joint qui cr\u00e9e une surface incroyablement r\u00e9siliente, brillante et facile \u00e0 nettoyer. Il associe une r\u00e9sistance m\u00e9canique exceptionnelle \u00e0 une r\u00e9sistance chimique remarquable, offrant ainsi une protection in\u00e9gal\u00e9e \u00e0 vos installations.<\/p>\n<h2><strong>Pourquoi choisir un rev\u00eatement de b\u00e9ton en polyur\u00e9thane plut\u00f4t qu'en \u00e9poxy ?<\/strong><\/h2>\n<p class=\"ds-markdown-paragraph\">Bien que l'\u00e9poxy soit un bon produit, le polyur\u00e9thane est le choix sup\u00e9rieur et moderne pour les sols \u00e0 haute performance.<\/p>\n<ul>\n<li><strong>Flexibilit\u00e9 sup\u00e9rieure :<\/strong>\u00a0Contrairement \u00e0 l'\u00e9poxy rigide, notre formule de rev\u00eatement de sol en b\u00e9ton \u00e0 base d'ur\u00e9thane reste flexible apr\u00e8s le durcissement. Cela lui permet d'absorber l'impact et le stress des machines lourdes et de la dilatation thermique sans se fissurer.<\/li>\n<li><strong>R\u00e9sistance chimique accrue :<\/strong>\u00a0Hautement r\u00e9sistant \u00e0 une large gamme de produits chimiques, d'huiles, de solvants et d'acides, il prot\u00e8ge votre substrat en b\u00e9ton de la corrosion et de la d\u00e9gradation.<\/li>\n<li><strong>Excellente stabilit\u00e9 aux UV :<\/strong>\u00a0La couche de finition en polyur\u00e9thane pour b\u00e9ton est stable aux UV, ce qui signifie qu'elle ne jaunit pas et ne se craqu\u00e8le pas lorsqu'elle est expos\u00e9e \u00e0 la lumi\u00e8re du soleil, contrairement \u00e0 la plupart des \u00e9poxydes.<\/li>\n<li><strong>Cure compl\u00e8te plus rapide :<\/strong>\u00a0Remettez votre installation en service plus rapidement. Les syst\u00e8mes en polyur\u00e9thane atteignent souvent leur pleine r\u00e9sistance chimique plus rapidement que les syst\u00e8mes en \u00e9poxy.<\/li>\n<\/ul>\n<h2><strong>Principales caract\u00e9ristiques et avantages de ProLevel HD<\/strong><\/h2>\n<ul>\n<li><strong>Durabilit\u00e9 et r\u00e9sistance \u00e0 l'abrasion exceptionnelles :<\/strong><br \/>\nCon\u00e7u comme un rev\u00eatement de sol polyur\u00e9thane pour le b\u00e9ton, il r\u00e9siste au trafic pi\u00e9tonnier constant, aux chariots lourds \u00e0 roues en acier et \u00e0 l'impact des outils qui tombent. C'est le rev\u00eatement de sol en ur\u00e9thane pour b\u00e9ton le plus performant en termes de long\u00e9vit\u00e9.<\/li>\n<li><strong>Nivellement automatique pour une finition parfaite :<\/strong><br \/>\nNotre formule de polyur\u00e9thane autolissant \u00e0 base d'eau s'\u00e9coule sans effort pour cr\u00e9er une surface lisse, sans joint et d'aspect professionnel qui \u00e9limine les risques de tr\u00e9buchement et est incroyablement facile \u00e0 nettoyer.<\/li>\n<li><strong>Protection anticorrosion puissante :<\/strong><br \/>\nLa formulation anticorrosive du b\u00e9ton de polyur\u00e9thane cr\u00e9e une barri\u00e8re imperm\u00e9able, prot\u00e9geant votre sol des substances corrosives telles que les huiles, les graisses, les solvants et les acides courants dans les usines automobiles, manufacturi\u00e8res et de transformation des aliments.<\/li>\n<li><strong>S\u00e9curit\u00e9 int\u00e9gr\u00e9e avec technologie antid\u00e9rapante :<\/strong><br \/>\nLa s\u00e9curit\u00e9 est primordiale. Nous proposons un additif de rev\u00eatement antid\u00e9rapant en polyur\u00e9thane pour cr\u00e9er une finition textur\u00e9e et antid\u00e9rapante. Il s'agit donc du polyur\u00e9thane id\u00e9al pour les applications antid\u00e9rapantes dans les escaliers et les zones humides \u00e0 fort trafic telles que les entrep\u00f4ts et les vestiaires.<\/li>\n<li><strong>Application polyvalente :<\/strong><br \/>\nParfait pour les nouvelles constructions ou la r\u00e9novation du b\u00e9ton ancien. Utilisez-le pour les usines, les entrep\u00f4ts, les garages, les salles d'exposition, les espaces de vente, et m\u00eame comme polyur\u00e9thane pour les sols en b\u00e9ton dans les sous-sols r\u00e9sidentiels et les cuisines.<\/li>\n<\/ul>\n<table>\n<tbody>\n<tr>\n<td width=\"153\">Objet<\/td>\n<td width=\"193\">Plancher autonivelant en polyur\u00e9thane anticorrosion et porteur<\/td>\n<td width=\"250\">Plancher autolissant en polyur\u00e9thane anticorrosion et porteur - version antid\u00e9rapante<\/td>\n<\/tr>\n<tr>\n<td width=\"153\">Mod\u00e8le de produit<\/td>\n<td width=\"193\">CK96<\/td>\n<td width=\"250\">CK97<\/td>\n<\/tr>\n<tr>\n<td width=\"153\">R\u00e9sistance \u00e0 la compression<\/td>\n<td width=\"193\">45MPa<\/td>\n<td width=\"250\">45MPa<\/td>\n<\/tr>\n<tr>\n<td width=\"153\">Texture<\/td>\n<td width=\"193\">Surface brillante<\/td>\n<td width=\"250\">Mat<\/td>\n<\/tr>\n<tr>\n<td width=\"153\">Constituant<\/td>\n<td width=\"193\">Quatre<\/td>\n<td width=\"250\">Trois<\/td>\n<\/tr>\n<tr>\n<td width=\"153\">R\u00e9sistance \u00e0 la flexion<\/td>\n<td width=\"193\">15MPa<\/td>\n<td width=\"250\">15MPa<\/td>\n<\/tr>\n<tr>\n<td width=\"153\">R\u00e9sistance de l'adh\u00e9rence<\/td>\n<td width=\"193\">\u00a0&gt;1,7MPa<\/td>\n<td width=\"250\">&gt;1,7MPa<\/td>\n<\/tr>\n<tr>\n<td width=\"153\">Temps de durcissement complet<\/td>\n<td width=\"193\">7 jours<\/td>\n<td width=\"250\">7 jours<\/td>\n<\/tr>\n<tr>\n<td width=\"153\">Emballage<\/td>\n<td width=\"193\">26,1 kg<\/td>\n<td width=\"250\">35,5 kg<\/td>\n<\/tr>\n<tr>\n<td width=\"153\">Dur\u00e9e de fonctionnement (20\u2103)<\/td>\n<td width=\"193\">25 minutes<\/td>\n<td width=\"250\">25 minutes<\/td>\n<\/tr>\n<tr>\n<td width=\"153\">Marche ouverte (20\u2103)<\/td>\n<td width=\"193\">36h<\/td>\n<td width=\"250\">\u00a024 heures<\/td>\n<\/tr>\n<\/tbody>\n<\/table>\n<h2><strong>Applications sugg\u00e9r\u00e9es :<\/strong><\/h2>\n<ul>\n<li><strong>Installations industrielles :<\/strong>\u00a0Usines de fabrication, zones de traitement chimique, entrep\u00f4ts.<\/li>\n<li><strong>Espaces commerciaux :<\/strong>\u00a0Ateliers de r\u00e9paration automobile, hangars d'aviation, salles d'exposition.<\/li>\n<li><strong>Alimentation et boissons :<\/strong>\u00a0Brasseries, laiteries, cuisines commerciales (faciles \u00e0 nettoyer et \u00e0 d\u00e9sinfecter).<\/li>\n<li><strong>B\u00e2timents publics :<\/strong>\u00a0\u00c9coles, h\u00f4pitaux, laboratoires, parkings.<\/li>\n<li><strong>R\u00e9sidentiel :<\/strong>\u00a0Garages, sous-sols et ateliers haut de gamme.<\/li>\n<\/ul>\n<h2><strong>KAIDA JINYU PAINT Polyur\u00e9thane B\u00e9ton Motar Flooring Project<\/strong><\/h2>\n<figure id=\"attachment_5649\" aria-describedby=\"caption-attachment-5649\" style=\"width: 570px\" class=\"wp-caption alignnone\"><a href=\"https:\/\/www.jinyupaint.com\/wp-content\/uploads\/2025\/01\/Electronics-Manufacturing-ESD-PU-Mortar-Flooring-Cleanroom.jpg\"><img fetchpriority=\"high\" decoding=\"async\" class=\"size-full wp-image-5649\" src=\"https:\/\/www.jinyupaint.com\/wp-content\/uploads\/2025\/01\/Electronics-Manufacturing-ESD-PU-Mortar-Flooring-Cleanroom.jpg\" alt=\"Fabrication de produits \u00e9lectroniques Rev\u00eatements de sol ESD en mortier PU Salle blanche\" width=\"570\" height=\"360\" srcset=\"https:\/\/www.jinyupaint.com\/wp-content\/uploads\/2025\/01\/Electronics-Manufacturing-ESD-PU-Mortar-Flooring-Cleanroom.jpg 570w, https:\/\/www.jinyupaint.com\/wp-content\/uploads\/2025\/01\/Electronics-Manufacturing-ESD-PU-Mortar-Flooring-Cleanroom-300x189.jpg 300w, https:\/\/www.jinyupaint.com\/wp-content\/uploads\/2025\/01\/Electronics-Manufacturing-ESD-PU-Mortar-Flooring-Cleanroom-18x12.jpg 18w\" sizes=\"(max-width: 570px) 100vw, 570px\" \/><\/a><figcaption id=\"caption-attachment-5649\" class=\"wp-caption-text\">Rev\u00eatement de sol en mortier de polyur\u00e9thane dissipateur d'\u00e9lectricit\u00e9 statique (ESD) dans une zone d'assemblage \u00e9lectronique. Le sol conducteur sans joint prot\u00e8ge les composants sensibles des d\u00e9charges \u00e9lectrostatiques tout en offrant durabilit\u00e9 et facilit\u00e9 de nettoyage.<\/figcaption><\/figure>\n<figure id=\"attachment_5651\" aria-describedby=\"caption-attachment-5651\" style=\"width: 570px\" class=\"wp-caption alignnone\"><a href=\"https:\/\/www.jinyupaint.com\/wp-content\/uploads\/2025\/01\/Meat-Plant-Freezer-PU-Mortar-Floor-Thermal-Shock-Resistance.jpg\"><img decoding=\"async\" class=\"size-full wp-image-5651\" src=\"https:\/\/www.jinyupaint.com\/wp-content\/uploads\/2025\/01\/Meat-Plant-Freezer-PU-Mortar-Floor-Thermal-Shock-Resistance.jpg\" alt=\"Plancher de mortier PU r\u00e9sistant aux chocs thermiques dans les usines de transformation de la viande\" width=\"570\" height=\"360\" srcset=\"https:\/\/www.jinyupaint.com\/wp-content\/uploads\/2025\/01\/Meat-Plant-Freezer-PU-Mortar-Floor-Thermal-Shock-Resistance.jpg 570w, https:\/\/www.jinyupaint.com\/wp-content\/uploads\/2025\/01\/Meat-Plant-Freezer-PU-Mortar-Floor-Thermal-Shock-Resistance-300x189.jpg 300w, https:\/\/www.jinyupaint.com\/wp-content\/uploads\/2025\/01\/Meat-Plant-Freezer-PU-Mortar-Floor-Thermal-Shock-Resistance-18x12.jpg 18w\" sizes=\"(max-width: 570px) 100vw, 570px\" \/><\/a><figcaption id=\"caption-attachment-5651\" class=\"wp-caption-text\">Rev\u00eatement de sol en mortier de polyur\u00e9thane dans un cong\u00e9lateur de transformation de la viande (-30\u00b0C). Le sol reste souple et r\u00e9sistant aux fissures malgr\u00e9 le froid extr\u00eame, les chocs thermiques dus aux lavages \u00e0 chaud et les charges lourdes, ce qui constitue une solution durable et hygi\u00e9nique.<\/figcaption><\/figure>\n<figure id=\"attachment_5648\" aria-describedby=\"caption-attachment-5648\" style=\"width: 570px\" class=\"wp-caption alignnone\"><a href=\"https:\/\/www.jinyupaint.com\/wp-content\/uploads\/2025\/01\/Chemical-Plant-PU-Mortar-Floor-Resistant-to-Spills.jpg\"><img decoding=\"async\" class=\"size-full wp-image-5648\" src=\"https:\/\/www.jinyupaint.com\/wp-content\/uploads\/2025\/01\/Chemical-Plant-PU-Mortar-Floor-Resistant-to-Spills.jpg\" alt=\"Plancher en mortier PU r\u00e9sistant aux d\u00e9versements dans les usines chimiques\" width=\"570\" height=\"360\" srcset=\"https:\/\/www.jinyupaint.com\/wp-content\/uploads\/2025\/01\/Chemical-Plant-PU-Mortar-Floor-Resistant-to-Spills.jpg 570w, https:\/\/www.jinyupaint.com\/wp-content\/uploads\/2025\/01\/Chemical-Plant-PU-Mortar-Floor-Resistant-to-Spills-300x189.jpg 300w, https:\/\/www.jinyupaint.com\/wp-content\/uploads\/2025\/01\/Chemical-Plant-PU-Mortar-Floor-Resistant-to-Spills-18x12.jpg 18w\" sizes=\"(max-width: 570px) 100vw, 570px\" \/><\/a><figcaption id=\"caption-attachment-5648\" class=\"wp-caption-text\">Rev\u00eatement de sol durable en mortier de polyur\u00e9thane dans une zone de traitement chimique. Ce sol pr\u00e9sente une r\u00e9sistance exceptionnelle \u00e0 une large gamme de produits chimiques agressifs, de solvants et de temp\u00e9ratures extr\u00eames, tout en prot\u00e9geant le support en b\u00e9ton.<\/figcaption><\/figure>","protected":false},"excerpt":{"rendered":"<p>Notre rev\u00eatement de sol en b\u00e9ton polyur\u00e9thane autonivelant est une solution haute performance pour les sols \u00e0 usage intensif, con\u00e7ue pour les environnements industriels et commerciaux. Il offre d'excellentes propri\u00e9t\u00e9s antid\u00e9rapantes, une r\u00e9sistance aux produits chimiques et une grande durabilit\u00e9, ce qui le rend id\u00e9al pour les usines, les entrep\u00f4ts, les laboratoires et les zones \u00e0 fort trafic. Ce rev\u00eatement de sol polyur\u00e9thane autonivelant assure une protection de surface lisse, sans joints et durable. Disponible en 5 couleurs standard pour s'adapter \u00e0 diff\u00e9rentes applications.<\/p>","protected":false},"featured_media":5646,"template":"","meta":{"om_disable_all_campaigns":false,"_monsterinsights_skip_tracking":false,"_monsterinsights_sitenote_active":false,"_monsterinsights_sitenote_note":"","_monsterinsights_sitenote_category":0,"_uf_show_specific_survey":0,"_uf_disable_surveys":false},"product_brand":[],"product_cat":[128,505,108,109],"product_tag":[144,616,126,131],"class_list":{"0":"post-2734","1":"product","2":"type-product","3":"status-publish","4":"has-post-thumbnail","6":"product_cat-flooring-system","7":"product_cat-polyurethane-paint","8":"product_cat-self-leveling-epoxy-floor-coating","9":"product_cat-polyurethane-floor-coating","10":"product_tag-polyurethane-coating","11":"product_tag-polyurethane-concrete-floor-coating","12":"product_tag-polyurethane-mortar-floor","13":"product_tag-self-leveling-floor-coating","15":"first","16":"instock","17":"shipping-taxable","18":"product-type-simple"},"yoast_head":"<!-- This site is optimized with the Yoast SEO Premium plugin v26.2 (Yoast SEO v26.5) - https:\/\/yoast.com\/wordpress\/plugins\/seo\/ -->\n<title>Self Leveling Polyurethane Anti-Slip Coating - KAIDA PAINT\u00ae<\/title>\n<meta name=\"description\" content=\"ProLevel HD is a self-leveling, heavy-duty polyurethane floor coating for concrete. Provides anti-slip, chemical &amp; abrasion resistance for industrial, commercial, &amp; garage floors. Get a quote!\" \/>\n<meta name=\"robots\" content=\"index, follow, max-snippet:-1, max-image-preview:large, max-video-preview:-1\" \/>\n<link rel=\"canonical\" href=\"https:\/\/www.jinyupaint.com\/fr\/produit\/self-leveling-polyurethane-anti-slip-coating\/\" \/>\n<meta property=\"og:locale\" content=\"fr_FR\" \/>\n<meta property=\"og:type\" content=\"article\" \/>\n<meta property=\"og:title\" content=\"Self-leveling Heavy-duty Anticorrosive Polyurethane Concrete Floor Coating\" \/>\n<meta property=\"og:description\" content=\"ProLevel HD is a self-leveling, heavy-duty polyurethane floor coating for concrete. Provides anti-slip, chemical &amp; abrasion resistance for industrial, commercial, &amp; garage floors. Get a quote!\" \/>\n<meta property=\"og:url\" content=\"https:\/\/www.jinyupaint.com\/fr\/produit\/self-leveling-polyurethane-anti-slip-coating\/\" \/>\n<meta property=\"og:site_name\" content=\"KAIDA PAINT\u00ae\" \/>\n<meta property=\"article:modified_time\" content=\"2025-12-01T03:34:47+00:00\" \/>\n<meta property=\"og:image\" content=\"https:\/\/www.jinyupaint.com\/wp-content\/uploads\/2025\/01\/Self-leveling-Heavy-duty-Anticorrosive-Polyurethane-Concrete-Floor-Coating.jpg\" \/>\n\t<meta property=\"og:image:width\" content=\"750\" \/>\n\t<meta property=\"og:image:height\" content=\"750\" \/>\n\t<meta property=\"og:image:type\" content=\"image\/jpeg\" \/>\n<meta name=\"twitter:card\" content=\"summary_large_image\" \/>\n<meta name=\"twitter:label1\" content=\"Dur\u00e9e de lecture estim\u00e9e\" \/>\n\t<meta name=\"twitter:data1\" content=\"4 minutes\" \/>\n<script type=\"application\/ld+json\" class=\"yoast-schema-graph\">{\"@context\":\"https:\/\/schema.org\",\"@graph\":[{\"@type\":\"WebPage\",\"@id\":\"https:\/\/www.jinyupaint.com\/product\/self-leveling-polyurethane-anti-slip-coating\",\"url\":\"https:\/\/www.jinyupaint.com\/product\/self-leveling-polyurethane-anti-slip-coating\",\"name\":\"Self Leveling Polyurethane Anti-Slip Coating - KAIDA PAINT\u00ae\",\"isPartOf\":{\"@id\":\"https:\/\/www.jinyupaint.com\/#website\"},\"primaryImageOfPage\":{\"@id\":\"https:\/\/www.jinyupaint.com\/product\/self-leveling-polyurethane-anti-slip-coating#primaryimage\"},\"image\":{\"@id\":\"https:\/\/www.jinyupaint.com\/product\/self-leveling-polyurethane-anti-slip-coating#primaryimage\"},\"thumbnailUrl\":\"https:\/\/www.jinyupaint.com\/wp-content\/uploads\/2025\/01\/Self-leveling-Heavy-duty-Anticorrosive-Polyurethane-Concrete-Floor-Coating.jpg\",\"datePublished\":\"2025-01-26T02:00:13+00:00\",\"dateModified\":\"2025-12-01T03:34:47+00:00\",\"description\":\"ProLevel HD is a self-leveling, heavy-duty polyurethane floor coating for concrete. Provides anti-slip, chemical & abrasion resistance for industrial, commercial, & garage floors. Get a quote!\",\"breadcrumb\":{\"@id\":\"https:\/\/www.jinyupaint.com\/product\/self-leveling-polyurethane-anti-slip-coating#breadcrumb\"},\"inLanguage\":\"fr-FR\",\"potentialAction\":[{\"@type\":\"ReadAction\",\"target\":[\"https:\/\/www.jinyupaint.com\/product\/self-leveling-polyurethane-anti-slip-coating\"]}]},{\"@type\":\"ImageObject\",\"inLanguage\":\"fr-FR\",\"@id\":\"https:\/\/www.jinyupaint.com\/product\/self-leveling-polyurethane-anti-slip-coating#primaryimage\",\"url\":\"https:\/\/www.jinyupaint.com\/wp-content\/uploads\/2025\/01\/Self-leveling-Heavy-duty-Anticorrosive-Polyurethane-Concrete-Floor-Coating.jpg\",\"contentUrl\":\"https:\/\/www.jinyupaint.com\/wp-content\/uploads\/2025\/01\/Self-leveling-Heavy-duty-Anticorrosive-Polyurethane-Concrete-Floor-Coating.jpg\",\"width\":750,\"height\":750,\"caption\":\"Self-leveling Heavy-duty Anticorrosive Polyurethane Concrete Floor Coating\"},{\"@type\":\"BreadcrumbList\",\"@id\":\"https:\/\/www.jinyupaint.com\/product\/self-leveling-polyurethane-anti-slip-coating#breadcrumb\",\"itemListElement\":[{\"@type\":\"ListItem\",\"position\":1,\"name\":\"Home\",\"item\":\"https:\/\/www.jinyupaint.com\/\"},{\"@type\":\"ListItem\",\"position\":2,\"name\":\"Shop\",\"item\":\"https:\/\/www.jinyupaint.com\/shop.html\"},{\"@type\":\"ListItem\",\"position\":3,\"name\":\"Self-leveling Heavy-duty Anticorrosive Polyurethane Concrete Floor Coating\"}]},{\"@type\":\"WebSite\",\"@id\":\"https:\/\/www.jinyupaint.com\/#website\",\"url\":\"https:\/\/www.jinyupaint.com\/\",\"name\":\"JINYU\u00ae PAINT\",\"description\":\"JINYU PAINT\u00ae Manufacturer\",\"potentialAction\":[{\"@type\":\"SearchAction\",\"target\":{\"@type\":\"EntryPoint\",\"urlTemplate\":\"https:\/\/www.jinyupaint.com\/?s={search_term_string}\"},\"query-input\":{\"@type\":\"PropertyValueSpecification\",\"valueRequired\":true,\"valueName\":\"search_term_string\"}}],\"inLanguage\":\"fr-FR\"}]}<\/script>\n<!-- \/ Yoast SEO Premium plugin. -->","yoast_head_json":{"title":"Rev\u00eatement polyur\u00e9thane autonivelant antid\u00e9rapant - KAIDA PAINT\u00ae.","description":"ProLevel HD est un rev\u00eatement de sol polyur\u00e9thane autonivelant et tr\u00e8s r\u00e9sistant pour le b\u00e9ton. Il offre une r\u00e9sistance antid\u00e9rapante, chimique et \u00e0 l'abrasion pour les sols industriels, commerciaux et de garage. Demandez un devis !","robots":{"index":"index","follow":"follow","max-snippet":"max-snippet:-1","max-image-preview":"max-image-preview:large","max-video-preview":"max-video-preview:-1"},"canonical":"https:\/\/www.jinyupaint.com\/fr\/produit\/self-leveling-polyurethane-anti-slip-coating\/","og_locale":"fr_FR","og_type":"article","og_title":"Self-leveling Heavy-duty Anticorrosive Polyurethane Concrete Floor Coating","og_description":"ProLevel HD is a self-leveling, heavy-duty polyurethane floor coating for concrete. Provides anti-slip, chemical & abrasion resistance for industrial, commercial, & garage floors. Get a quote!","og_url":"https:\/\/www.jinyupaint.com\/fr\/produit\/self-leveling-polyurethane-anti-slip-coating\/","og_site_name":"KAIDA PAINT\u00ae","article_modified_time":"2025-12-01T03:34:47+00:00","og_image":[{"width":750,"height":750,"url":"https:\/\/www.jinyupaint.com\/wp-content\/uploads\/2025\/01\/Self-leveling-Heavy-duty-Anticorrosive-Polyurethane-Concrete-Floor-Coating.jpg","type":"image\/jpeg"}],"twitter_card":"summary_large_image","twitter_misc":{"Dur\u00e9e de lecture estim\u00e9e":"4 minutes"},"schema":{"@context":"https:\/\/schema.org","@graph":[{"@type":"WebPage","@id":"https:\/\/www.jinyupaint.com\/product\/self-leveling-polyurethane-anti-slip-coating","url":"https:\/\/www.jinyupaint.com\/product\/self-leveling-polyurethane-anti-slip-coating","name":"Rev\u00eatement polyur\u00e9thane autonivelant antid\u00e9rapant - KAIDA PAINT\u00ae.","isPartOf":{"@id":"https:\/\/www.jinyupaint.com\/#website"},"primaryImageOfPage":{"@id":"https:\/\/www.jinyupaint.com\/product\/self-leveling-polyurethane-anti-slip-coating#primaryimage"},"image":{"@id":"https:\/\/www.jinyupaint.com\/product\/self-leveling-polyurethane-anti-slip-coating#primaryimage"},"thumbnailUrl":"https:\/\/www.jinyupaint.com\/wp-content\/uploads\/2025\/01\/Self-leveling-Heavy-duty-Anticorrosive-Polyurethane-Concrete-Floor-Coating.jpg","datePublished":"2025-01-26T02:00:13+00:00","dateModified":"2025-12-01T03:34:47+00:00","description":"ProLevel HD est un rev\u00eatement de sol polyur\u00e9thane autonivelant et tr\u00e8s r\u00e9sistant pour le b\u00e9ton. Il offre une r\u00e9sistance antid\u00e9rapante, chimique et \u00e0 l'abrasion pour les sols industriels, commerciaux et de garage. Demandez un devis !","breadcrumb":{"@id":"https:\/\/www.jinyupaint.com\/product\/self-leveling-polyurethane-anti-slip-coating#breadcrumb"},"inLanguage":"fr-FR","potentialAction":[{"@type":"ReadAction","target":["https:\/\/www.jinyupaint.com\/product\/self-leveling-polyurethane-anti-slip-coating"]}]},{"@type":"ImageObject","inLanguage":"fr-FR","@id":"https:\/\/www.jinyupaint.com\/product\/self-leveling-polyurethane-anti-slip-coating#primaryimage","url":"https:\/\/www.jinyupaint.com\/wp-content\/uploads\/2025\/01\/Self-leveling-Heavy-duty-Anticorrosive-Polyurethane-Concrete-Floor-Coating.jpg","contentUrl":"https:\/\/www.jinyupaint.com\/wp-content\/uploads\/2025\/01\/Self-leveling-Heavy-duty-Anticorrosive-Polyurethane-Concrete-Floor-Coating.jpg","width":750,"height":750,"caption":"Self-leveling Heavy-duty Anticorrosive Polyurethane Concrete Floor Coating"},{"@type":"BreadcrumbList","@id":"https:\/\/www.jinyupaint.com\/product\/self-leveling-polyurethane-anti-slip-coating#breadcrumb","itemListElement":[{"@type":"ListItem","position":1,"name":"Home","item":"https:\/\/www.jinyupaint.com\/"},{"@type":"ListItem","position":2,"name":"Shop","item":"https:\/\/www.jinyupaint.com\/shop.html"},{"@type":"ListItem","position":3,"name":"Self-leveling Heavy-duty Anticorrosive Polyurethane Concrete Floor Coating"}]},{"@type":"WebSite","@id":"https:\/\/www.jinyupaint.com\/#website","url":"https:\/\/www.jinyupaint.com\/","name":"JINYU\u00ae PAINT","description":"JINYU PAINT\u00ae Fabricant","potentialAction":[{"@type":"SearchAction","target":{"@type":"EntryPoint","urlTemplate":"https:\/\/www.jinyupaint.com\/?s={search_term_string}"},"query-input":{"@type":"PropertyValueSpecification","valueRequired":true,"valueName":"search_term_string"}}],"inLanguage":"fr-FR"}]}},"_links":{"self":[{"href":"https:\/\/www.jinyupaint.com\/fr\/wp-json\/wp\/v2\/product\/2734","targetHints":{"allow":["GET"]}}],"collection":[{"href":"https:\/\/www.jinyupaint.com\/fr\/wp-json\/wp\/v2\/product"}],"about":[{"href":"https:\/\/www.jinyupaint.com\/fr\/wp-json\/wp\/v2\/types\/product"}],"wp:featuredmedia":[{"embeddable":true,"href":"https:\/\/www.jinyupaint.com\/fr\/wp-json\/wp\/v2\/media\/5646"}],"wp:attachment":[{"href":"https:\/\/www.jinyupaint.com\/fr\/wp-json\/wp\/v2\/media?parent=2734"}],"wp:term":[{"taxonomy":"product_brand","embeddable":true,"href":"https:\/\/www.jinyupaint.com\/fr\/wp-json\/wp\/v2\/product_brand?post=2734"},{"taxonomy":"product_cat","embeddable":true,"href":"https:\/\/www.jinyupaint.com\/fr\/wp-json\/wp\/v2\/product_cat?post=2734"},{"taxonomy":"product_tag","embeddable":true,"href":"https:\/\/www.jinyupaint.com\/fr\/wp-json\/wp\/v2\/product_tag?post=2734"}],"curies":[{"name":"wp","href":"https:\/\/api.w.org\/{rel}","templated":true}]}}