{"id":2467,"date":"2025-01-06T11:43:25","date_gmt":"2025-01-06T11:43:25","guid":{"rendered":"https:\/\/www.jinyupaint.com\/?post_type=product&#038;p=2467"},"modified":"2025-04-18T03:22:28","modified_gmt":"2025-04-18T03:22:28","slug":"hooked-end-steel-fiber","status":"publish","type":"product","link":"https:\/\/www.jinyupaint.com\/fr\/produit\/hooked-end-steel-fiber","title":{"rendered":"Extr\u00e9mit\u00e9 crochet\u00e9e Fibre d'acier"},"content":{"rendered":"<p>Description du produit<br \/>\nLes fibres en acier \u00e0 bout crochu sont coup\u00e9es \u00e0 partir de fils de fer minces d'une certaine r\u00e9sistance et d'un certain diam\u00e8tre. Elles sont droites au milieu et pli\u00e9es en forme de crochet aux deux extr\u00e9mit\u00e9s, elles ont une apparence lisse et uniforme et constituent le type de fibre le plus courant.<\/p>\n<p>Fonction du produit<br \/>\n1. Excellente r\u00e9sistance \u00e0 l'usure et durabilit\u00e9, r\u00e9sistance \u00e0 la fatigue et limite de durabilit\u00e9 plus \u00e9lev\u00e9es2.<br \/>\n3. Bonne dispersion, les fibres d'acier ne s'agglom\u00e8rent pas dans le b\u00e9ton et sont r\u00e9parties uniform\u00e9ment.<br \/>\n4. am\u00e9liorer les propri\u00e9t\u00e9s m\u00e9caniques du b\u00e9ton telles que la traction, la flexion et le cisaillement.$. La surface rugueuse et propre de la fibre d'acier peut \u00eatre fermement combin\u00e9e avec le coulis de ciment dans le b\u00e9ton.6. Compar\u00e9 au b\u00e9ton arm\u00e9 traditionnel, le b\u00e9ton de fibre d'acier est construit directement et se connecte sans probl\u00e8me \u00e0 l'\u00e9quipement de levage au laser \u00e0 grande \u00e9chelle, ce qui permet de r\u00e9duire les co\u00fbts.7. Le processus de construction est plus simple et la p\u00e9riode de construction est consid\u00e9rablement raccourcie par rapport \u00e0 la solution de la barre d'acier.<\/p>\n<p>D\u00e9tails de l'emballage<br \/>\nEmballage : emballage carion ou composite sac en papier 25kg\/bo\u00eete ou sac, 1,5 tonnes-2 toms par palette, peut \u00e9galement \u00eatre produit et emball\u00e9 selon les r\u00e9glementations de l'utilisateur.<\/p>\n<p>Instruction<br \/>\nExigences techniques en mati\u00e8re de construction :<br \/>\n1. La qualit\u00e9 du ciment ne doit pas \u00eatre inf\u00e9rieure \u00e0 425. Le rapport eau-ciment ne doit pas \u00eatre sup\u00e9rieur \u00e0 0,52. La longueur des particules osseuses grossi\u00e8res ne doit pas d\u00e9passer les 2\/3 de la longueur de la fibre d'acier m\u00e2le.3 Le volume de fibre d'acier du b\u00e9ton de fibre d'acier ne doit pas \u00eatre inf\u00e9rieur \u00e0 0,5%, g\u00e9n\u00e9ralement entre 0,5-3%. et 1,5%-2,5% est recommand\u00e9 ; c'est-\u00e0-dire que la gamme de dosage par m\u00e8tre cube de b\u00e9ton est : 5-30kg, et 15-25kg sont recommand\u00e9s.<br \/>\n4. Le sable de mer ne peut pas \u00eatre m\u00e9lang\u00e9 au b\u00e9ton de fibres d'acier et le sel de chlore est strictement interdit.5. outre les dispositions ci-dessus, les autres mat\u00e9riaux utilis\u00e9s dans le b\u00e9ton de fibres d'acier doivent \u00eatre conformes aux dispositions relatives aux mati\u00e8res premi\u00e8res utilis\u00e9es dans le b\u00e9ton arm\u00e9 dans les sp\u00e9cifications actuelles.6. la consistance du b\u00e9ton de fibres d'acier peut \u00eatre d\u00e9termin\u00e9e en se r\u00e9f\u00e9rant \u00e0 la consistance requise pour le b\u00e9ton ordinaire dans des projets similaires. sa valeur d'affaissement peut \u00eatre inf\u00e9rieure \u00e0 la valeur requise correspondante pour le b\u00e9ton ordinaire.<br \/>\n7. Lorsque le coussin en b\u00e9ton de fibres d'acier et la couche de surface avec les joints de retrait de la structure \u00e0 joints plats ne sont pas recouverts d'une couche de renforcement de la fondation telle qu'un sol calcaire sous le coussin et qu'ils remplissent les conditions suivantes en m\u00eame temps :<br \/>\na. L'\u00e9paisseur du coussin et de la couche de surface avant r\u00e9duction ne doit pas d\u00e9passer 130 mm.b. L'\u00e9paisseur de la couche de renforcement de la fondation est sup\u00e9rieure \u00e0 l'\u00e9paisseur de la couche de coussin. L'\u00e9paisseur peut \u00eatre multipli\u00e9e par le facteur de r\u00e9duction 0,75, mais ne doit pas \u00eatre inf\u00e9rieure \u00e0 50 mm.Exigences de d\u00e9chargement:Fibre d'acier et agr\u00e9gats grossiers-+brasser pendant 30 secondes ,Ajouter du sable et du ciment-brasser pendant 30 secondes-Ajouter de l'eau-brasser pendant 3 minutesCompactage :<br \/>\n1. Lors de la mise en \u0153uvre du b\u00e9ton de fibres d'acier, il convient de le m\u00e9langer au fur et \u00e0 mesure et de le mettre en \u0153uvre de mani\u00e8re continue. Les joints de construction ne doivent pas \u00eatre ouverts avant que les joints de s\u00e9paration ne soient atteints. Le b\u00e9ton doit \u00eatre vibr\u00e9 et compact\u00e9 pendant le coulage.2. Enduit : Le b\u00e9ton de fibres d'acier gaufr\u00e9 pr\u00e9sente les caract\u00e9ristiques suivantes : collecte fine des mat\u00e9riaux grossiers, taux de sable \u00e9lev\u00e9 et distribution al\u00e9atoire des fibres. Il est liss\u00e9 m\u00e9caniquement afin d'\u00e9viter l'exposition des fibres. Le processus de gaufrage \u00e0 l'aide d'une machine \u00e0 gaufrer peut \u00e9galement \u00e9viter l'exposition des fibres caus\u00e9e par la traction. Apr\u00e8s 24 heures, il doit \u00eatre entretenu en temps voulu selon la routine. En \u00e9t\u00e9, il doit \u00eatre recouvert de sacs de paille et autres, et en hiver, il faut veiller \u00e0 la pr\u00e9servation de la chaleur.<\/p>\n<p>Champ d'application<br \/>\n1. Ing\u00e9nierie de la construction : construction de maisons, pieux pr\u00e9fabriqu\u00e9s, n\u0153uds de charpente, \u00e9tanch\u00e9it\u00e9 des toits et des sols.2. Plancher industriel : plancher \u00e0 fente, plancher non fente, plancher sans soudure, plancher soutenu par des pieux, couche de nivellement de garage, tablier de plancher composite,<br \/>\nradeau, route d'usine, chauss\u00e9e.<br \/>\n2. Ing\u00e9nierie des pipelines : tuyaux centrifuges, tuyaux de vibration et d'extrusion, tuyaux de pompe, tuyaux de pression en b\u00e9ton fibr\u00e9 rev\u00eatus d'acier.3. Ing\u00e9nierie des ponts routiers : pont en arc en caisson, anneau en arc, poutre en caisson continu, tablier de pont.4. Ing\u00e9nierie des chauss\u00e9es routi\u00e8res et des tabliers de pont a\u00e9roportuaire : chauss\u00e9es routi\u00e8res, chauss\u00e9es routi\u00e8res dans les zones de sol gel\u00e9.et chauss\u00e9es a\u00e9roportuaires.<br \/>\n5. Ing\u00e9nierie ferroviaire : traverses de chemin de fer pr\u00e9contraintes, traverses de chemin de fer \u00e0 double bloc.6. Projets de conservation de l'eau et d'hydro\u00e9lectricit\u00e9 : pi\u00e8ces d'\u00e9rosion et d'usure de l'\u00e9coulement de l'eau, vannes, portes, travers\u00e9es et panneaux anti-s\u00e9paration des barrages.7. Ing\u00e9nierie portuaire et maritime : couche anticorrosion des pieux en acier, installations portuaires et installations sous-marines en b\u00e9ton.8. Autres projets : sites industriels lourds, sols d'entrep\u00f4ts, silos, projets de maintenance et de renforcement, c\u00e2bles souterrains, couvercles de trous d'homme, grilles d'\u00e9gout.<\/p>","protected":false},"excerpt":{"rendered":"<p>Product Description Hooked End Steet Fiber are cut from thin sieel wires of acertain sirength [&hellip;]<\/p>\n","protected":false},"featured_media":2460,"template":"","meta":{"om_disable_all_campaigns":false,"_monsterinsights_skip_tracking":false,"_monsterinsights_sitenote_active":false,"_monsterinsights_sitenote_note":"","_monsterinsights_sitenote_category":0,"_uf_show_specific_survey":0,"_uf_disable_surveys":false},"product_brand":[],"product_cat":[124],"product_tag":[],"class_list":{"0":"post-2467","1":"product","2":"type-product","3":"status-publish","4":"has-post-thumbnail","6":"product_cat-fiber-reinforcement-materials","8":"first","9":"instock","10":"shipping-taxable","11":"product-type-simple"},"yoast_head":"<!-- This site is optimized with the Yoast SEO Premium plugin v26.2 (Yoast SEO v26.5) - https:\/\/yoast.com\/wordpress\/plugins\/seo\/ -->\n<title>Hooked End Steel Fiber - KAIDA PAINT\u00ae<\/title>\n<meta name=\"robots\" content=\"index, follow, max-snippet:-1, max-image-preview:large, max-video-preview:-1\" \/>\n<link rel=\"canonical\" href=\"https:\/\/www.jinyupaint.com\/fr\/produit\/hooked-end-steel-fiber\/\" \/>\n<meta property=\"og:locale\" content=\"fr_FR\" \/>\n<meta property=\"og:type\" content=\"article\" \/>\n<meta property=\"og:title\" content=\"Hooked End Steel Fiber\" \/>\n<meta property=\"og:description\" content=\"Product Description Hooked End Steet Fiber are cut from thin sieel wires of acertain sirength [&hellip;]\" \/>\n<meta property=\"og:url\" content=\"https:\/\/www.jinyupaint.com\/fr\/produit\/hooked-end-steel-fiber\/\" \/>\n<meta property=\"og:site_name\" content=\"KAIDA PAINT\u00ae\" \/>\n<meta property=\"article:modified_time\" content=\"2025-04-18T03:22:28+00:00\" \/>\n<meta property=\"og:image\" content=\"https:\/\/www.jinyupaint.com\/wp-content\/uploads\/2025\/01\/\u7aef\u94a9\u94a2\u7ea4\u7ef4.jpg\" \/>\n\t<meta property=\"og:image:width\" content=\"1706\" \/>\n\t<meta property=\"og:image:height\" content=\"1279\" \/>\n\t<meta property=\"og:image:type\" content=\"image\/jpeg\" \/>\n<meta name=\"twitter:card\" content=\"summary_large_image\" \/>\n<meta name=\"twitter:label1\" content=\"Dur\u00e9e de lecture estim\u00e9e\" \/>\n\t<meta name=\"twitter:data1\" content=\"3 minutes\" \/>\n<script type=\"application\/ld+json\" class=\"yoast-schema-graph\">{\"@context\":\"https:\/\/schema.org\",\"@graph\":[{\"@type\":\"WebPage\",\"@id\":\"https:\/\/www.jinyupaint.com\/product\/hooked-end-steel-fiber\",\"url\":\"https:\/\/www.jinyupaint.com\/product\/hooked-end-steel-fiber\",\"name\":\"Hooked End Steel Fiber - KAIDA PAINT\u00ae\",\"isPartOf\":{\"@id\":\"https:\/\/www.jinyupaint.com\/#website\"},\"primaryImageOfPage\":{\"@id\":\"https:\/\/www.jinyupaint.com\/product\/hooked-end-steel-fiber#primaryimage\"},\"image\":{\"@id\":\"https:\/\/www.jinyupaint.com\/product\/hooked-end-steel-fiber#primaryimage\"},\"thumbnailUrl\":\"https:\/\/www.jinyupaint.com\/wp-content\/uploads\/2025\/01\/\u7aef\u94a9\u94a2\u7ea4\u7ef4.jpg\",\"datePublished\":\"2025-01-06T11:43:25+00:00\",\"dateModified\":\"2025-04-18T03:22:28+00:00\",\"breadcrumb\":{\"@id\":\"https:\/\/www.jinyupaint.com\/product\/hooked-end-steel-fiber#breadcrumb\"},\"inLanguage\":\"fr-FR\",\"potentialAction\":[{\"@type\":\"ReadAction\",\"target\":[\"https:\/\/www.jinyupaint.com\/product\/hooked-end-steel-fiber\"]}]},{\"@type\":\"ImageObject\",\"inLanguage\":\"fr-FR\",\"@id\":\"https:\/\/www.jinyupaint.com\/product\/hooked-end-steel-fiber#primaryimage\",\"url\":\"https:\/\/www.jinyupaint.com\/wp-content\/uploads\/2025\/01\/\u7aef\u94a9\u94a2\u7ea4\u7ef4.jpg\",\"contentUrl\":\"https:\/\/www.jinyupaint.com\/wp-content\/uploads\/2025\/01\/\u7aef\u94a9\u94a2\u7ea4\u7ef4.jpg\",\"width\":1706,\"height\":1279},{\"@type\":\"BreadcrumbList\",\"@id\":\"https:\/\/www.jinyupaint.com\/product\/hooked-end-steel-fiber#breadcrumb\",\"itemListElement\":[{\"@type\":\"ListItem\",\"position\":1,\"name\":\"Home\",\"item\":\"https:\/\/www.jinyupaint.com\/\"},{\"@type\":\"ListItem\",\"position\":2,\"name\":\"Shop\",\"item\":\"https:\/\/www.jinyupaint.com\/shop.html\"},{\"@type\":\"ListItem\",\"position\":3,\"name\":\"Hooked End Steel Fiber\"}]},{\"@type\":\"WebSite\",\"@id\":\"https:\/\/www.jinyupaint.com\/#website\",\"url\":\"https:\/\/www.jinyupaint.com\/\",\"name\":\"JINYU\u00ae PAINT\",\"description\":\"JINYU PAINT\u00ae Manufacturer\",\"potentialAction\":[{\"@type\":\"SearchAction\",\"target\":{\"@type\":\"EntryPoint\",\"urlTemplate\":\"https:\/\/www.jinyupaint.com\/?s={search_term_string}\"},\"query-input\":{\"@type\":\"PropertyValueSpecification\",\"valueRequired\":true,\"valueName\":\"search_term_string\"}}],\"inLanguage\":\"fr-FR\"}]}<\/script>\n<!-- \/ Yoast SEO Premium plugin. -->","yoast_head_json":{"title":"Fibre d'acier \u00e0 bout crochu - KAIDA PAINT\u00ae","robots":{"index":"index","follow":"follow","max-snippet":"max-snippet:-1","max-image-preview":"max-image-preview:large","max-video-preview":"max-video-preview:-1"},"canonical":"https:\/\/www.jinyupaint.com\/fr\/produit\/hooked-end-steel-fiber\/","og_locale":"fr_FR","og_type":"article","og_title":"Hooked End Steel Fiber","og_description":"Product Description Hooked End Steet Fiber are cut from thin sieel wires of acertain sirength [&hellip;]","og_url":"https:\/\/www.jinyupaint.com\/fr\/produit\/hooked-end-steel-fiber\/","og_site_name":"KAIDA PAINT\u00ae","article_modified_time":"2025-04-18T03:22:28+00:00","og_image":[{"width":1706,"height":1279,"url":"https:\/\/www.jinyupaint.com\/wp-content\/uploads\/2025\/01\/\u7aef\u94a9\u94a2\u7ea4\u7ef4.jpg","type":"image\/jpeg"}],"twitter_card":"summary_large_image","twitter_misc":{"Dur\u00e9e de lecture estim\u00e9e":"3 minutes"},"schema":{"@context":"https:\/\/schema.org","@graph":[{"@type":"WebPage","@id":"https:\/\/www.jinyupaint.com\/product\/hooked-end-steel-fiber","url":"https:\/\/www.jinyupaint.com\/product\/hooked-end-steel-fiber","name":"Fibre d'acier \u00e0 bout crochu - KAIDA PAINT\u00ae","isPartOf":{"@id":"https:\/\/www.jinyupaint.com\/#website"},"primaryImageOfPage":{"@id":"https:\/\/www.jinyupaint.com\/product\/hooked-end-steel-fiber#primaryimage"},"image":{"@id":"https:\/\/www.jinyupaint.com\/product\/hooked-end-steel-fiber#primaryimage"},"thumbnailUrl":"https:\/\/www.jinyupaint.com\/wp-content\/uploads\/2025\/01\/\u7aef\u94a9\u94a2\u7ea4\u7ef4.jpg","datePublished":"2025-01-06T11:43:25+00:00","dateModified":"2025-04-18T03:22:28+00:00","breadcrumb":{"@id":"https:\/\/www.jinyupaint.com\/product\/hooked-end-steel-fiber#breadcrumb"},"inLanguage":"fr-FR","potentialAction":[{"@type":"ReadAction","target":["https:\/\/www.jinyupaint.com\/product\/hooked-end-steel-fiber"]}]},{"@type":"ImageObject","inLanguage":"fr-FR","@id":"https:\/\/www.jinyupaint.com\/product\/hooked-end-steel-fiber#primaryimage","url":"https:\/\/www.jinyupaint.com\/wp-content\/uploads\/2025\/01\/\u7aef\u94a9\u94a2\u7ea4\u7ef4.jpg","contentUrl":"https:\/\/www.jinyupaint.com\/wp-content\/uploads\/2025\/01\/\u7aef\u94a9\u94a2\u7ea4\u7ef4.jpg","width":1706,"height":1279},{"@type":"BreadcrumbList","@id":"https:\/\/www.jinyupaint.com\/product\/hooked-end-steel-fiber#breadcrumb","itemListElement":[{"@type":"ListItem","position":1,"name":"Home","item":"https:\/\/www.jinyupaint.com\/"},{"@type":"ListItem","position":2,"name":"Shop","item":"https:\/\/www.jinyupaint.com\/shop.html"},{"@type":"ListItem","position":3,"name":"Hooked End Steel Fiber"}]},{"@type":"WebSite","@id":"https:\/\/www.jinyupaint.com\/#website","url":"https:\/\/www.jinyupaint.com\/","name":"JINYU\u00ae PAINT","description":"JINYU PAINT\u00ae Fabricant","potentialAction":[{"@type":"SearchAction","target":{"@type":"EntryPoint","urlTemplate":"https:\/\/www.jinyupaint.com\/?s={search_term_string}"},"query-input":{"@type":"PropertyValueSpecification","valueRequired":true,"valueName":"search_term_string"}}],"inLanguage":"fr-FR"}]}},"_links":{"self":[{"href":"https:\/\/www.jinyupaint.com\/fr\/wp-json\/wp\/v2\/product\/2467","targetHints":{"allow":["GET"]}}],"collection":[{"href":"https:\/\/www.jinyupaint.com\/fr\/wp-json\/wp\/v2\/product"}],"about":[{"href":"https:\/\/www.jinyupaint.com\/fr\/wp-json\/wp\/v2\/types\/product"}],"wp:featuredmedia":[{"embeddable":true,"href":"https:\/\/www.jinyupaint.com\/fr\/wp-json\/wp\/v2\/media\/2460"}],"wp:attachment":[{"href":"https:\/\/www.jinyupaint.com\/fr\/wp-json\/wp\/v2\/media?parent=2467"}],"wp:term":[{"taxonomy":"product_brand","embeddable":true,"href":"https:\/\/www.jinyupaint.com\/fr\/wp-json\/wp\/v2\/product_brand?post=2467"},{"taxonomy":"product_cat","embeddable":true,"href":"https:\/\/www.jinyupaint.com\/fr\/wp-json\/wp\/v2\/product_cat?post=2467"},{"taxonomy":"product_tag","embeddable":true,"href":"https:\/\/www.jinyupaint.com\/fr\/wp-json\/wp\/v2\/product_tag?post=2467"}],"curies":[{"name":"wp","href":"https:\/\/api.w.org\/{rel}","templated":true}]}}