{"id":2465,"date":"2025-01-06T11:24:29","date_gmt":"2025-01-06T11:24:29","guid":{"rendered":"https:\/\/www.jinyupaint.com\/?post_type=product&#038;p=2465"},"modified":"2025-04-18T03:22:47","modified_gmt":"2025-04-18T03:22:47","slug":"alkali-resistant-glass-fiber","status":"publish","type":"product","link":"https:\/\/www.jinyupaint.com\/fr\/produit\/alkali-resistant-glass-fiber","title":{"rendered":"Fibre de verre r\u00e9sistante aux alcalis"},"content":{"rendered":"<p>Description du produit<br \/>\nLa fibre de verre r\u00e9sistante aux alcalis est une fibre inorganique 100% et est id\u00e9ale pour remplacer l'acier et l'amiante dans les composants en ciment non porteurs.La fibre de verre r\u00e9sistante aux alcalis a une bonne r\u00e9sistance aux alcalis, peut r\u00e9sister efficacement \u00e0 l'\u00e9rosion des substances fortement alcalines dans le ciment, a une grande r\u00e9sistance \u00e0 la traction, une grande r\u00e9sistance \u00e0 la flexion, est ininflammable, est antigel et a une capacit\u00e9 de changement de temp\u00e9rature et d'humidit\u00e9.La fibre de verre r\u00e9sistante aux alcalis est un nouveau type de mat\u00e9riau renforc\u00e9 vert, qui est largement utilis\u00e9 dans le b\u00e9ton arm\u00e9 \u00e0 haute performance.<\/p>\n<p>Fonction du produit<br \/>\n1.Am\u00e9liorer la performance de flexion du b\u00e9ton durci.2.Contr\u00f4ler et pr\u00e9venir la fissuration du b\u00e9ton fra\u00eechement m\u00e9lang\u00e9.du b\u00e9ton durci et du mortier3.M\u00e9langer uniform\u00e9ment, haute efficacit\u00e94.Pas facile \u00e0 corroder.5.Bonne performance de pompage.6.Faible consommation d'eau.7.L'utilisation d'une dose \u00e9lev\u00e9e n'affecte pas l'avancement du processus.<\/p>\n<p>Champ d'application<br \/>\n1.DAMS, canaux, eau, etc.2.Tunnel, mur de mine, toit.3.Rivi\u00e8re, barrage, r\u00e9servoir et autres projets.4.Ing\u00e9nierie de protection militaire, rev\u00eatement de jet\u00e9e, piliers de pont, etc.5.Production de composants en b\u00e9ton, tuyaux, plaques.6.Autoroute, ing\u00e9nierie \u00e9nerg\u00e9tique, etc.7.Plancher sup\u00e9rieur de b\u00e2timent, murs int\u00e9rieurs et ext\u00e9rieurs, sous-sols, etc.<\/p>\n<p>Instruction<br \/>\nDosage recommand\u00e9 : Armature secondaire:1,5-5kg\/m*, armature primaire, plancher renforc\u00e9 :5-15kg\/m<br \/>\nProcessus de m\u00e9lange : ajouter les agr\u00e9gats - ajouter les fibres - ajouter le ciment - ajouter l'eau - m\u00e9langer -* ajouter l'eau, disperser compl\u00e8tement les fibres.<\/p>\n<p>D\u00e9tails de l'emballage Emballage : Sac plastique int\u00e9rieur 1kg-5kg\/sac, sac tiss\u00e9 ext\u00e9rieur ou carton 10kg-25kg\/sac ou carton, 500kgs par palette, peut \u00e9galement \u00eatre produit et emball\u00e9 selon les besoins de l'utilisateur.<\/p>","protected":false},"excerpt":{"rendered":"<p>Product Description Alkali resistant glass fiber is 100% inorganic fiber and is idealfor replacing steel [&hellip;]<\/p>\n","protected":false},"featured_media":2463,"template":"","meta":{"om_disable_all_campaigns":false,"_monsterinsights_skip_tracking":false,"_monsterinsights_sitenote_active":false,"_monsterinsights_sitenote_note":"","_monsterinsights_sitenote_category":0,"_uf_show_specific_survey":0,"_uf_disable_surveys":false},"product_brand":[],"product_cat":[124],"product_tag":[],"class_list":{"0":"post-2465","1":"product","2":"type-product","3":"status-publish","4":"has-post-thumbnail","6":"product_cat-fiber-reinforcement-materials","8":"first","9":"instock","10":"shipping-taxable","11":"product-type-simple"},"yoast_head":"<!-- This site is optimized with the Yoast SEO Premium plugin v26.2 (Yoast SEO v26.5) - https:\/\/yoast.com\/wordpress\/plugins\/seo\/ -->\n<title>Alkali Resistant Glass Fiber - KAIDA PAINT\u00ae<\/title>\n<meta name=\"robots\" content=\"index, follow, max-snippet:-1, max-image-preview:large, max-video-preview:-1\" \/>\n<link rel=\"canonical\" href=\"https:\/\/www.jinyupaint.com\/fr\/produit\/alkali-resistant-glass-fiber\/\" \/>\n<meta property=\"og:locale\" content=\"fr_FR\" \/>\n<meta property=\"og:type\" content=\"article\" \/>\n<meta property=\"og:title\" content=\"Alkali Resistant Glass Fiber\" \/>\n<meta property=\"og:description\" content=\"Product Description Alkali resistant glass fiber is 100% inorganic fiber and is idealfor replacing steel [&hellip;]\" \/>\n<meta property=\"og:url\" content=\"https:\/\/www.jinyupaint.com\/fr\/produit\/alkali-resistant-glass-fiber\/\" \/>\n<meta property=\"og:site_name\" content=\"KAIDA PAINT\u00ae\" \/>\n<meta property=\"article:modified_time\" content=\"2025-04-18T03:22:47+00:00\" \/>\n<meta property=\"og:image\" content=\"https:\/\/www.jinyupaint.com\/wp-content\/uploads\/2025\/01\/\u8010\u78b1\u73bb\u7483\u7ea4\u7ef4.jpg\" \/>\n\t<meta property=\"og:image:width\" content=\"800\" \/>\n\t<meta property=\"og:image:height\" content=\"578\" \/>\n\t<meta property=\"og:image:type\" content=\"image\/jpeg\" \/>\n<meta name=\"twitter:card\" content=\"summary_large_image\" \/>\n<meta name=\"twitter:label1\" content=\"Dur\u00e9e de lecture estim\u00e9e\" \/>\n\t<meta name=\"twitter:data1\" content=\"1 minute\" \/>\n<script type=\"application\/ld+json\" class=\"yoast-schema-graph\">{\"@context\":\"https:\/\/schema.org\",\"@graph\":[{\"@type\":\"WebPage\",\"@id\":\"https:\/\/www.jinyupaint.com\/product\/alkali-resistant-glass-fiber\",\"url\":\"https:\/\/www.jinyupaint.com\/product\/alkali-resistant-glass-fiber\",\"name\":\"Alkali Resistant Glass Fiber - KAIDA PAINT\u00ae\",\"isPartOf\":{\"@id\":\"https:\/\/www.jinyupaint.com\/#website\"},\"primaryImageOfPage\":{\"@id\":\"https:\/\/www.jinyupaint.com\/product\/alkali-resistant-glass-fiber#primaryimage\"},\"image\":{\"@id\":\"https:\/\/www.jinyupaint.com\/product\/alkali-resistant-glass-fiber#primaryimage\"},\"thumbnailUrl\":\"https:\/\/www.jinyupaint.com\/wp-content\/uploads\/2025\/01\/\u8010\u78b1\u73bb\u7483\u7ea4\u7ef4.jpg\",\"datePublished\":\"2025-01-06T11:24:29+00:00\",\"dateModified\":\"2025-04-18T03:22:47+00:00\",\"breadcrumb\":{\"@id\":\"https:\/\/www.jinyupaint.com\/product\/alkali-resistant-glass-fiber#breadcrumb\"},\"inLanguage\":\"fr-FR\",\"potentialAction\":[{\"@type\":\"ReadAction\",\"target\":[\"https:\/\/www.jinyupaint.com\/product\/alkali-resistant-glass-fiber\"]}]},{\"@type\":\"ImageObject\",\"inLanguage\":\"fr-FR\",\"@id\":\"https:\/\/www.jinyupaint.com\/product\/alkali-resistant-glass-fiber#primaryimage\",\"url\":\"https:\/\/www.jinyupaint.com\/wp-content\/uploads\/2025\/01\/\u8010\u78b1\u73bb\u7483\u7ea4\u7ef4.jpg\",\"contentUrl\":\"https:\/\/www.jinyupaint.com\/wp-content\/uploads\/2025\/01\/\u8010\u78b1\u73bb\u7483\u7ea4\u7ef4.jpg\",\"width\":800,\"height\":578},{\"@type\":\"BreadcrumbList\",\"@id\":\"https:\/\/www.jinyupaint.com\/product\/alkali-resistant-glass-fiber#breadcrumb\",\"itemListElement\":[{\"@type\":\"ListItem\",\"position\":1,\"name\":\"Home\",\"item\":\"https:\/\/www.jinyupaint.com\/\"},{\"@type\":\"ListItem\",\"position\":2,\"name\":\"Shop\",\"item\":\"https:\/\/www.jinyupaint.com\/shop.html\"},{\"@type\":\"ListItem\",\"position\":3,\"name\":\"Alkali Resistant Glass Fiber\"}]},{\"@type\":\"WebSite\",\"@id\":\"https:\/\/www.jinyupaint.com\/#website\",\"url\":\"https:\/\/www.jinyupaint.com\/\",\"name\":\"JINYU\u00ae PAINT\",\"description\":\"JINYU PAINT\u00ae Manufacturer\",\"potentialAction\":[{\"@type\":\"SearchAction\",\"target\":{\"@type\":\"EntryPoint\",\"urlTemplate\":\"https:\/\/www.jinyupaint.com\/?s={search_term_string}\"},\"query-input\":{\"@type\":\"PropertyValueSpecification\",\"valueRequired\":true,\"valueName\":\"search_term_string\"}}],\"inLanguage\":\"fr-FR\"}]}<\/script>\n<!-- \/ Yoast SEO Premium plugin. -->","yoast_head_json":{"title":"Fibre de verre r\u00e9sistante \u00e0 l'alcali - KAIDA PAINT\u00ae.","robots":{"index":"index","follow":"follow","max-snippet":"max-snippet:-1","max-image-preview":"max-image-preview:large","max-video-preview":"max-video-preview:-1"},"canonical":"https:\/\/www.jinyupaint.com\/fr\/produit\/alkali-resistant-glass-fiber\/","og_locale":"fr_FR","og_type":"article","og_title":"Alkali Resistant Glass Fiber","og_description":"Product Description Alkali resistant glass fiber is 100% inorganic fiber and is idealfor replacing steel [&hellip;]","og_url":"https:\/\/www.jinyupaint.com\/fr\/produit\/alkali-resistant-glass-fiber\/","og_site_name":"KAIDA PAINT\u00ae","article_modified_time":"2025-04-18T03:22:47+00:00","og_image":[{"width":800,"height":578,"url":"https:\/\/www.jinyupaint.com\/wp-content\/uploads\/2025\/01\/\u8010\u78b1\u73bb\u7483\u7ea4\u7ef4.jpg","type":"image\/jpeg"}],"twitter_card":"summary_large_image","twitter_misc":{"Dur\u00e9e de lecture estim\u00e9e":"1 minute"},"schema":{"@context":"https:\/\/schema.org","@graph":[{"@type":"WebPage","@id":"https:\/\/www.jinyupaint.com\/product\/alkali-resistant-glass-fiber","url":"https:\/\/www.jinyupaint.com\/product\/alkali-resistant-glass-fiber","name":"Fibre de verre r\u00e9sistante \u00e0 l'alcali - KAIDA PAINT\u00ae.","isPartOf":{"@id":"https:\/\/www.jinyupaint.com\/#website"},"primaryImageOfPage":{"@id":"https:\/\/www.jinyupaint.com\/product\/alkali-resistant-glass-fiber#primaryimage"},"image":{"@id":"https:\/\/www.jinyupaint.com\/product\/alkali-resistant-glass-fiber#primaryimage"},"thumbnailUrl":"https:\/\/www.jinyupaint.com\/wp-content\/uploads\/2025\/01\/\u8010\u78b1\u73bb\u7483\u7ea4\u7ef4.jpg","datePublished":"2025-01-06T11:24:29+00:00","dateModified":"2025-04-18T03:22:47+00:00","breadcrumb":{"@id":"https:\/\/www.jinyupaint.com\/product\/alkali-resistant-glass-fiber#breadcrumb"},"inLanguage":"fr-FR","potentialAction":[{"@type":"ReadAction","target":["https:\/\/www.jinyupaint.com\/product\/alkali-resistant-glass-fiber"]}]},{"@type":"ImageObject","inLanguage":"fr-FR","@id":"https:\/\/www.jinyupaint.com\/product\/alkali-resistant-glass-fiber#primaryimage","url":"https:\/\/www.jinyupaint.com\/wp-content\/uploads\/2025\/01\/\u8010\u78b1\u73bb\u7483\u7ea4\u7ef4.jpg","contentUrl":"https:\/\/www.jinyupaint.com\/wp-content\/uploads\/2025\/01\/\u8010\u78b1\u73bb\u7483\u7ea4\u7ef4.jpg","width":800,"height":578},{"@type":"BreadcrumbList","@id":"https:\/\/www.jinyupaint.com\/product\/alkali-resistant-glass-fiber#breadcrumb","itemListElement":[{"@type":"ListItem","position":1,"name":"Home","item":"https:\/\/www.jinyupaint.com\/"},{"@type":"ListItem","position":2,"name":"Shop","item":"https:\/\/www.jinyupaint.com\/shop.html"},{"@type":"ListItem","position":3,"name":"Alkali Resistant Glass Fiber"}]},{"@type":"WebSite","@id":"https:\/\/www.jinyupaint.com\/#website","url":"https:\/\/www.jinyupaint.com\/","name":"JINYU\u00ae PAINT","description":"JINYU PAINT\u00ae Fabricant","potentialAction":[{"@type":"SearchAction","target":{"@type":"EntryPoint","urlTemplate":"https:\/\/www.jinyupaint.com\/?s={search_term_string}"},"query-input":{"@type":"PropertyValueSpecification","valueRequired":true,"valueName":"search_term_string"}}],"inLanguage":"fr-FR"}]}},"_links":{"self":[{"href":"https:\/\/www.jinyupaint.com\/fr\/wp-json\/wp\/v2\/product\/2465","targetHints":{"allow":["GET"]}}],"collection":[{"href":"https:\/\/www.jinyupaint.com\/fr\/wp-json\/wp\/v2\/product"}],"about":[{"href":"https:\/\/www.jinyupaint.com\/fr\/wp-json\/wp\/v2\/types\/product"}],"wp:featuredmedia":[{"embeddable":true,"href":"https:\/\/www.jinyupaint.com\/fr\/wp-json\/wp\/v2\/media\/2463"}],"wp:attachment":[{"href":"https:\/\/www.jinyupaint.com\/fr\/wp-json\/wp\/v2\/media?parent=2465"}],"wp:term":[{"taxonomy":"product_brand","embeddable":true,"href":"https:\/\/www.jinyupaint.com\/fr\/wp-json\/wp\/v2\/product_brand?post=2465"},{"taxonomy":"product_cat","embeddable":true,"href":"https:\/\/www.jinyupaint.com\/fr\/wp-json\/wp\/v2\/product_cat?post=2465"},{"taxonomy":"product_tag","embeddable":true,"href":"https:\/\/www.jinyupaint.com\/fr\/wp-json\/wp\/v2\/product_tag?post=2465"}],"curies":[{"name":"wp","href":"https:\/\/api.w.org\/{rel}","templated":true}]}}