{"id":1688,"date":"2024-02-06T04:11:19","date_gmt":"2024-02-06T04:11:19","guid":{"rendered":"http:\/\/www.jinyupaint.com\/?post_type=product&#038;p=1688"},"modified":"2025-02-20T08:10:26","modified_gmt":"2025-02-20T08:10:26","slug":"epoxy-floor-primer-e8112","status":"publish","type":"product","link":"https:\/\/www.jinyupaint.com\/fr\/produit\/epoxy-floor-primer-e8112","title":{"rendered":"E811-2 Primaire \u00e9poxy sans solvant pour sols Rev\u00eatement interm\u00e9diaire"},"content":{"rendered":"<h2><strong>Produit<\/strong> Introduction<\/h2>\n<p>E811-2 Solvent-Free Primer &amp; Intermediate Coating est un vernis polyvalent \u00e0 base de r\u00e9sine \u00e9poxy sans solvant con\u00e7u pour les syst\u00e8mes de rev\u00eatement de sol \u00e0 haute performance. Compos\u00e9 de r\u00e9sine \u00e9poxy liquide et de composants chimiques solides \u00e0 faible viscosit\u00e9, ce produit peut \u00eatre utilis\u00e9 comme appr\u00eat ou, avec l'ajout de sable de quartz, comme couche interm\u00e9diaire. Il est id\u00e9al pour cr\u00e9er une base solide et durable pour les rev\u00eatements de sol \u00e9poxy dans les environnements industriels, commerciaux et r\u00e9sidentiels.<\/p>\n<h2><strong>\u00a0Caract\u00e9ristiques principales<\/strong><\/h2>\n<ul>\n<li><strong>Excellente adh\u00e9rence<\/strong>: P\u00e9n\u00e8tre profond\u00e9ment dans les substrats poreux comme le b\u00e9ton, formant une liaison physique forte.<\/li>\n<li><strong>Contenu solide \u00e9lev\u00e9<\/strong>: Faibles \u00e9missions de COV et odeur minimale, ce qui en fait un produit respectueux de l'environnement.<\/li>\n<li><strong>Application polyvalente<\/strong>: Peut \u00eatre utilis\u00e9 comme couche d'appr\u00eat ou couche interm\u00e9diaire avec ajout de sable de quartz.<\/li>\n<li><strong>Durable et fiable<\/strong>: Constitue une base solide pour les syst\u00e8mes de rev\u00eatements de sol \u00e9poxydiques durables.<\/li>\n<\/ul>\n<h2><strong>Sp\u00e9cifications techniques<\/strong><\/h2>\n<ul>\n<li><strong>Condition<\/strong>: Uniforme, sans grumeaux ni impuret\u00e9s.<\/li>\n<li><strong>Force d'adh\u00e9rence<\/strong>: \u22652,5MPa.<\/li>\n<li><strong>Temps de s\u00e9chage<\/strong>\u00a0(\u00e0 25\u2103, 50% d'humidit\u00e9 relative) :\n<ul>\n<li>S\u00e9chage de l'adh\u00e9sif : &lt;4 heures.<\/li>\n<li>Cure compl\u00e8te : &lt;24 heures.<\/li>\n<\/ul>\n<\/li>\n<\/ul>\n<h2><strong>Informations sur le produit<\/strong><\/h2>\n<ul>\n<li><strong>Composants<\/strong>:\n<ul>\n<li>Composant A : liquide transparent, 20kg\/baril.<\/li>\n<li>Composant B : Liquide brun-rouge, 10kg\/baril.<\/li>\n<\/ul>\n<\/li>\n<li><strong>Rapport de m\u00e9lange<\/strong>: A:B = 2:1 (en poids).<\/li>\n<li><strong>Emballage<\/strong>: F\u00fbts m\u00e9talliques imprim\u00e9s. Il est recommand\u00e9 d'empiler jusqu'\u00e0 trois couches.<\/li>\n<li><strong>Stockage<\/strong>: Conserver \u00e0 5-35\u2103 dans un endroit frais, sec et ventil\u00e9. Tenir \u00e0 l'\u00e9cart du feu et des sources de chaleur. \u00c9viter la lumi\u00e8re directe du soleil.<\/li>\n<\/ul>\n<h2><strong>Pr\u00e9paration de la surface<\/strong><\/h2>\n<p>Avant l'application, il faut s'assurer que la surface de base est s\u00e8che, propre et exempte de poussi\u00e8re, de graisse ou d'anciens rev\u00eatements. Le sol en b\u00e9ton doit r\u00e9pondre aux exigences suivantes :<\/p>\n<ul>\n<li><strong>R\u00e9sistance \u00e0 la compression<\/strong>: \u226520MPa.<\/li>\n<li><strong>R\u00e9sistance \u00e0 la traction<\/strong>: \u22651,5MPa.<\/li>\n<li><strong>Plan\u00e9it\u00e9<\/strong>: \u00b14mm\/2m.<\/li>\n<\/ul>\n<h2><strong>Lignes directrices pour la candidature<\/strong><\/h2>\n<ul>\n<li><strong>Couverture th\u00e9orique<\/strong>: Environ 0,15 kg\/m\u00e8tre carr\u00e9.<\/li>\n<li><strong>Rapport de m\u00e9lange<\/strong>: A:B = 2:1 (en poids). M\u00e9langer soigneusement avant utilisation.<\/li>\n<li><strong>La vie en pot<\/strong>: Utiliser dans les 20 minutes suivant le m\u00e9lange.<\/li>\n<li><strong>M\u00e9thodes d'application<\/strong>: Rev\u00eatement au rouleau, grattage ou pulv\u00e9risation. Assurer une application uniforme sans accumulation ni fuite.<\/li>\n<li><strong>Dilution<\/strong>: 0-30% (si n\u00e9cessaire).<\/li>\n<\/ul>\n<h2><strong>Conditions de construction<\/strong><\/h2>\n<ul>\n<li><strong>Temp\u00e9rature du sol<\/strong>: 5-35\u2103.<\/li>\n<li><strong>Temp\u00e9rature ambiante<\/strong>: 5-35\u2103.<\/li>\n<li><strong>Teneur en eau<\/strong>: &lt;8%.<\/li>\n<li><strong>Humidit\u00e9 relative<\/strong>: &lt;80%.<\/li>\n<\/ul>\n<h2><strong>S\u00e9curit\u00e9 et premiers secours<\/strong><\/h2>\n<ul>\n<li><strong>Contact avec la peau<\/strong>: Laver abondamment \u00e0 l'eau et enlever les v\u00eatements contamin\u00e9s.<\/li>\n<li><strong>Contact visuel<\/strong>: Rincer \u00e0 l'eau courante ou au s\u00e9rum physiologique. Consulter un m\u00e9decin si n\u00e9cessaire.<\/li>\n<li><strong>Inhalation<\/strong>: Se mettre \u00e0 l'air libre. Garder les voies respiratoires ouvertes. Consulter un m\u00e9decin en cas de malaise.<\/li>\n<li><strong>Ingestion<\/strong>: Rincer la bouche, faire vomir et consulter un m\u00e9decin.<\/li>\n<\/ul>","protected":false},"excerpt":{"rendered":"<p>E811-2 Solvent-Free Primer &amp; Intermediate Coating est un vernis \u00e0 base de r\u00e9sine \u00e9poxy de haute performance, sans solvant, con\u00e7u pour cr\u00e9er une base solide et durable pour les syst\u00e8mes de rev\u00eatements de sol \u00e9poxy. Ce produit polyvalent peut \u00eatre utilis\u00e9 comme appr\u00eat ou, avec l'ajout de sable de quartz, comme couche interm\u00e9diaire. Il offre une excellente adh\u00e9rence, de faibles \u00e9missions de COV et une odeur minimale, ce qui en fait un choix id\u00e9al pour les applications industrielles, commerciales et r\u00e9sidentielles. Que vous pr\u00e9pariez un nouveau sol ou que vous r\u00e9noviez un sol existant, E811-2 vous garantit une solution durable et \u00e9cologique pour vos besoins en mati\u00e8re de rev\u00eatement de sol.<\/p>","protected":false},"featured_media":3248,"template":"","meta":{"om_disable_all_campaigns":false,"_monsterinsights_skip_tracking":false,"_monsterinsights_sitenote_active":false,"_monsterinsights_sitenote_note":"","_monsterinsights_sitenote_category":0,"_uf_show_specific_survey":0,"_uf_disable_surveys":false},"product_brand":[],"product_cat":[43,97,101,102],"product_tag":[94,138,47,136],"class_list":{"0":"post-1688","1":"product","2":"type-product","3":"status-publish","4":"has-post-thumbnail","6":"product_cat-epoxy-floor-coating","7":"product_cat-epoxy-middle-coating","8":"product_cat-epoxy-primer","9":"product_cat-solvent-free-coating","10":"product_tag-epoxy-floor-coating","11":"product_tag-epoxy-intermediate-coat","12":"product_tag-epoxy-primer","13":"product_tag-solvent-free-coating","15":"first","16":"instock","17":"shipping-taxable","18":"product-type-simple"},"yoast_head":"<!-- This site is optimized with the Yoast SEO Premium plugin v26.2 (Yoast SEO v26.5) - https:\/\/yoast.com\/wordpress\/plugins\/seo\/ -->\n<title>E811-2 Solvent-Free Primer &amp; Intermediate Coating | High-Performance Epoxy Floor Primer<\/title>\n<meta name=\"description\" content=\"Discover E811-2 Solvent-Free Primer &amp; Intermediate Coating \u2013 a high-performance, eco-friendly solution for epoxy flooring systems. Ideal for industrial, commercial, and residential use. Order now!\" \/>\n<meta name=\"robots\" content=\"index, follow, max-snippet:-1, max-image-preview:large, max-video-preview:-1\" \/>\n<link rel=\"canonical\" href=\"https:\/\/www.jinyupaint.com\/fr\/produit\/epoxy-floor-primer-e8112\/\" \/>\n<meta property=\"og:locale\" content=\"fr_FR\" \/>\n<meta property=\"og:type\" content=\"article\" \/>\n<meta property=\"og:title\" content=\"E811-2 Solvent-Free Epoxy Floor Primer Mid Coating\" \/>\n<meta property=\"og:description\" content=\"Discover E811-2 Solvent-Free Primer &amp; Intermediate Coating \u2013 a high-performance, eco-friendly solution for epoxy flooring systems. Ideal for industrial, commercial, and residential use. Order now!\" \/>\n<meta property=\"og:url\" content=\"https:\/\/www.jinyupaint.com\/fr\/produit\/epoxy-floor-primer-e8112\/\" \/>\n<meta property=\"og:site_name\" content=\"KAIDA PAINT\u00ae\" \/>\n<meta property=\"article:modified_time\" content=\"2025-02-20T08:10:26+00:00\" \/>\n<meta property=\"og:image\" content=\"https:\/\/www.jinyupaint.com\/wp-content\/uploads\/2024\/02\/E811-2-Solvent-Free-Epoxy-Floor-Primer-Mid-Coating.jpg\" \/>\n\t<meta property=\"og:image:width\" content=\"750\" \/>\n\t<meta property=\"og:image:height\" content=\"750\" \/>\n\t<meta property=\"og:image:type\" content=\"image\/jpeg\" \/>\n<meta name=\"twitter:card\" content=\"summary_large_image\" \/>\n<meta name=\"twitter:label1\" content=\"Dur\u00e9e de lecture estim\u00e9e\" \/>\n\t<meta name=\"twitter:data1\" content=\"2 minutes\" \/>\n<script type=\"application\/ld+json\" class=\"yoast-schema-graph\">{\"@context\":\"https:\/\/schema.org\",\"@graph\":[{\"@type\":\"WebPage\",\"@id\":\"https:\/\/www.jinyupaint.com\/product\/epoxy-floor-primer-e8112\",\"url\":\"https:\/\/www.jinyupaint.com\/product\/epoxy-floor-primer-e8112\",\"name\":\"E811-2 Solvent-Free Primer & Intermediate Coating | High-Performance Epoxy Floor Primer\",\"isPartOf\":{\"@id\":\"https:\/\/www.jinyupaint.com\/#website\"},\"primaryImageOfPage\":{\"@id\":\"https:\/\/www.jinyupaint.com\/product\/epoxy-floor-primer-e8112#primaryimage\"},\"image\":{\"@id\":\"https:\/\/www.jinyupaint.com\/product\/epoxy-floor-primer-e8112#primaryimage\"},\"thumbnailUrl\":\"https:\/\/www.jinyupaint.com\/wp-content\/uploads\/2024\/02\/E811-2-Solvent-Free-Epoxy-Floor-Primer-Mid-Coating.jpg\",\"datePublished\":\"2024-02-06T04:11:19+00:00\",\"dateModified\":\"2025-02-20T08:10:26+00:00\",\"description\":\"Discover E811-2 Solvent-Free Primer & Intermediate Coating \u2013 a high-performance, eco-friendly solution for epoxy flooring systems. Ideal for industrial, commercial, and residential use. Order now!\",\"breadcrumb\":{\"@id\":\"https:\/\/www.jinyupaint.com\/product\/epoxy-floor-primer-e8112#breadcrumb\"},\"inLanguage\":\"fr-FR\",\"potentialAction\":[{\"@type\":\"ReadAction\",\"target\":[\"https:\/\/www.jinyupaint.com\/product\/epoxy-floor-primer-e8112\"]}]},{\"@type\":\"ImageObject\",\"inLanguage\":\"fr-FR\",\"@id\":\"https:\/\/www.jinyupaint.com\/product\/epoxy-floor-primer-e8112#primaryimage\",\"url\":\"https:\/\/www.jinyupaint.com\/wp-content\/uploads\/2024\/02\/E811-2-Solvent-Free-Epoxy-Floor-Primer-Mid-Coating.jpg\",\"contentUrl\":\"https:\/\/www.jinyupaint.com\/wp-content\/uploads\/2024\/02\/E811-2-Solvent-Free-Epoxy-Floor-Primer-Mid-Coating.jpg\",\"width\":750,\"height\":750,\"caption\":\"E811-2 Solvent-Free Epoxy Floor Primer Mid Coating\"},{\"@type\":\"BreadcrumbList\",\"@id\":\"https:\/\/www.jinyupaint.com\/product\/epoxy-floor-primer-e8112#breadcrumb\",\"itemListElement\":[{\"@type\":\"ListItem\",\"position\":1,\"name\":\"Home\",\"item\":\"https:\/\/www.jinyupaint.com\/\"},{\"@type\":\"ListItem\",\"position\":2,\"name\":\"Shop\",\"item\":\"https:\/\/www.jinyupaint.com\/shop.html\"},{\"@type\":\"ListItem\",\"position\":3,\"name\":\"E811-2 Solvent-Free Epoxy Floor Primer Mid Coating\"}]},{\"@type\":\"WebSite\",\"@id\":\"https:\/\/www.jinyupaint.com\/#website\",\"url\":\"https:\/\/www.jinyupaint.com\/\",\"name\":\"JINYU\u00ae PAINT\",\"description\":\"JINYU PAINT\u00ae Manufacturer\",\"potentialAction\":[{\"@type\":\"SearchAction\",\"target\":{\"@type\":\"EntryPoint\",\"urlTemplate\":\"https:\/\/www.jinyupaint.com\/?s={search_term_string}\"},\"query-input\":{\"@type\":\"PropertyValueSpecification\",\"valueRequired\":true,\"valueName\":\"search_term_string\"}}],\"inLanguage\":\"fr-FR\"}]}<\/script>\n<!-- \/ Yoast SEO Premium plugin. -->","yoast_head_json":{"title":"E811-2 Couche primaire et interm\u00e9diaire sans solvant | Couche primaire \u00e9poxydique haute performance pour sols","description":"D\u00e9couvrez E811-2 Solvent-Free Primer &amp; Intermediate Coating - une solution \u00e9cologique de haute performance pour les syst\u00e8mes de rev\u00eatements de sol \u00e9poxy. Id\u00e9al pour une utilisation industrielle, commerciale et r\u00e9sidentielle. Commandez d\u00e8s maintenant !","robots":{"index":"index","follow":"follow","max-snippet":"max-snippet:-1","max-image-preview":"max-image-preview:large","max-video-preview":"max-video-preview:-1"},"canonical":"https:\/\/www.jinyupaint.com\/fr\/produit\/epoxy-floor-primer-e8112\/","og_locale":"fr_FR","og_type":"article","og_title":"E811-2 Solvent-Free Epoxy Floor Primer Mid Coating","og_description":"Discover E811-2 Solvent-Free Primer & Intermediate Coating \u2013 a high-performance, eco-friendly solution for epoxy flooring systems. Ideal for industrial, commercial, and residential use. Order now!","og_url":"https:\/\/www.jinyupaint.com\/fr\/produit\/epoxy-floor-primer-e8112\/","og_site_name":"KAIDA PAINT\u00ae","article_modified_time":"2025-02-20T08:10:26+00:00","og_image":[{"width":750,"height":750,"url":"https:\/\/www.jinyupaint.com\/wp-content\/uploads\/2024\/02\/E811-2-Solvent-Free-Epoxy-Floor-Primer-Mid-Coating.jpg","type":"image\/jpeg"}],"twitter_card":"summary_large_image","twitter_misc":{"Dur\u00e9e de lecture estim\u00e9e":"2 minutes"},"schema":{"@context":"https:\/\/schema.org","@graph":[{"@type":"WebPage","@id":"https:\/\/www.jinyupaint.com\/product\/epoxy-floor-primer-e8112","url":"https:\/\/www.jinyupaint.com\/product\/epoxy-floor-primer-e8112","name":"E811-2 Couche primaire et interm\u00e9diaire sans solvant | Couche primaire \u00e9poxydique haute performance pour sols","isPartOf":{"@id":"https:\/\/www.jinyupaint.com\/#website"},"primaryImageOfPage":{"@id":"https:\/\/www.jinyupaint.com\/product\/epoxy-floor-primer-e8112#primaryimage"},"image":{"@id":"https:\/\/www.jinyupaint.com\/product\/epoxy-floor-primer-e8112#primaryimage"},"thumbnailUrl":"https:\/\/www.jinyupaint.com\/wp-content\/uploads\/2024\/02\/E811-2-Solvent-Free-Epoxy-Floor-Primer-Mid-Coating.jpg","datePublished":"2024-02-06T04:11:19+00:00","dateModified":"2025-02-20T08:10:26+00:00","description":"D\u00e9couvrez E811-2 Solvent-Free Primer &amp; Intermediate Coating - une solution \u00e9cologique de haute performance pour les syst\u00e8mes de rev\u00eatements de sol \u00e9poxy. Id\u00e9al pour une utilisation industrielle, commerciale et r\u00e9sidentielle. Commandez d\u00e8s maintenant !","breadcrumb":{"@id":"https:\/\/www.jinyupaint.com\/product\/epoxy-floor-primer-e8112#breadcrumb"},"inLanguage":"fr-FR","potentialAction":[{"@type":"ReadAction","target":["https:\/\/www.jinyupaint.com\/product\/epoxy-floor-primer-e8112"]}]},{"@type":"ImageObject","inLanguage":"fr-FR","@id":"https:\/\/www.jinyupaint.com\/product\/epoxy-floor-primer-e8112#primaryimage","url":"https:\/\/www.jinyupaint.com\/wp-content\/uploads\/2024\/02\/E811-2-Solvent-Free-Epoxy-Floor-Primer-Mid-Coating.jpg","contentUrl":"https:\/\/www.jinyupaint.com\/wp-content\/uploads\/2024\/02\/E811-2-Solvent-Free-Epoxy-Floor-Primer-Mid-Coating.jpg","width":750,"height":750,"caption":"E811-2 Solvent-Free Epoxy Floor Primer Mid Coating"},{"@type":"BreadcrumbList","@id":"https:\/\/www.jinyupaint.com\/product\/epoxy-floor-primer-e8112#breadcrumb","itemListElement":[{"@type":"ListItem","position":1,"name":"Home","item":"https:\/\/www.jinyupaint.com\/"},{"@type":"ListItem","position":2,"name":"Shop","item":"https:\/\/www.jinyupaint.com\/shop.html"},{"@type":"ListItem","position":3,"name":"E811-2 Solvent-Free Epoxy Floor Primer Mid Coating"}]},{"@type":"WebSite","@id":"https:\/\/www.jinyupaint.com\/#website","url":"https:\/\/www.jinyupaint.com\/","name":"JINYU\u00ae PAINT","description":"JINYU PAINT\u00ae Fabricant","potentialAction":[{"@type":"SearchAction","target":{"@type":"EntryPoint","urlTemplate":"https:\/\/www.jinyupaint.com\/?s={search_term_string}"},"query-input":{"@type":"PropertyValueSpecification","valueRequired":true,"valueName":"search_term_string"}}],"inLanguage":"fr-FR"}]}},"_links":{"self":[{"href":"https:\/\/www.jinyupaint.com\/fr\/wp-json\/wp\/v2\/product\/1688","targetHints":{"allow":["GET"]}}],"collection":[{"href":"https:\/\/www.jinyupaint.com\/fr\/wp-json\/wp\/v2\/product"}],"about":[{"href":"https:\/\/www.jinyupaint.com\/fr\/wp-json\/wp\/v2\/types\/product"}],"wp:featuredmedia":[{"embeddable":true,"href":"https:\/\/www.jinyupaint.com\/fr\/wp-json\/wp\/v2\/media\/3248"}],"wp:attachment":[{"href":"https:\/\/www.jinyupaint.com\/fr\/wp-json\/wp\/v2\/media?parent=1688"}],"wp:term":[{"taxonomy":"product_brand","embeddable":true,"href":"https:\/\/www.jinyupaint.com\/fr\/wp-json\/wp\/v2\/product_brand?post=1688"},{"taxonomy":"product_cat","embeddable":true,"href":"https:\/\/www.jinyupaint.com\/fr\/wp-json\/wp\/v2\/product_cat?post=1688"},{"taxonomy":"product_tag","embeddable":true,"href":"https:\/\/www.jinyupaint.com\/fr\/wp-json\/wp\/v2\/product_tag?post=1688"}],"curies":[{"name":"wp","href":"https:\/\/api.w.org\/{rel}","templated":true}]}}