{"id":1653,"date":"2024-02-05T06:39:33","date_gmt":"2024-02-05T06:39:33","guid":{"rendered":"http:\/\/www.jinyupaint.com\/?post_type=product&#038;p=1653"},"modified":"2025-02-20T08:16:08","modified_gmt":"2025-02-20T08:16:08","slug":"epoxy-intermediate-coat-e337","status":"publish","type":"product","link":"https:\/\/www.jinyupaint.com\/fr\/produit\/epoxy-intermediate-coat-e337","title":{"rendered":"E337 Rev\u00eatement interm\u00e9diaire \u00e9poxy"},"content":{"rendered":"<h2><strong>Pr\u00e9sentation du produit<\/strong><\/h2>\n<p>Le rev\u00eatement interm\u00e9diaire \u00e9poxy E337 est un rev\u00eatement interm\u00e9diaire en r\u00e9sine \u00e9poxy \u00e0 deux composants, \u00e0 base de solvant et \u00e0 faible odeur, con\u00e7u pour le nivellement de la base et la pr\u00e9paration de la surface. Il contient des mat\u00e9riaux de remplissage, ce qui lui permet d'\u00eatre teint\u00e9 pour correspondre \u00e0 la couleur de la couche de finition. Gr\u00e2ce \u00e0 son faible co\u00fbt, son excellente adh\u00e9rence, sa r\u00e9sistance \u00e9lev\u00e9e et sa durabilit\u00e9, le produit E337 est id\u00e9al pour les applications de nivellement dans les installations industrielles, les entrep\u00f4ts, les parkings souterrains et les espaces de bureaux.<\/p>\n<h2><strong> Caract\u00e9ristiques principales<\/strong><\/h2>\n<ul>\n<li><strong>Correspondance des couleurs<\/strong>: Peut \u00eatre ajust\u00e9 pour correspondre \u00e0 la couleur de la couche de finition, r\u00e9duisant ainsi le risque d'efflorescence.<\/li>\n<li><strong>Application facile<\/strong>: Convient au raclage avec ajout de sable ou de poudre, offrant une excellente maniabilit\u00e9.<\/li>\n<li><strong>Faible odeur<\/strong>: Odeur r\u00e9duite par rapport aux autres produits \u00e9poxy \u00e0 base de solvant.<\/li>\n<li><strong>Durable et solide<\/strong>: Fournit une force d'adh\u00e9rence et de compression \u00e9lev\u00e9e pour une performance durable.<\/li>\n<\/ul>\n<h2><strong>Sp\u00e9cifications techniques<\/strong><\/h2>\n<ul>\n<li><strong>Temps de s\u00e9chage<\/strong>2-24 heures (\u00e0 23\u2103, 50% d'humidit\u00e9 relative).<\/li>\n<li><strong>Aptitude au sablage<\/strong>: Facile \u00e0 poncer, ne colle pas au papier de verre.<\/li>\n<li><strong>Force d'adh\u00e9rence<\/strong>: &gt;2,5MPa.<\/li>\n<li><strong>R\u00e9sistance \u00e0 la compression<\/strong>: &gt;50MPa.<\/li>\n<\/ul>\n<h2><strong>Informations sur le produit<\/strong><\/h2>\n<ul>\n<li><strong>Composants<\/strong>:\n<ul>\n<li>Composant A : liquide visqueux de couleur solide, 20kg\/baril.<\/li>\n<li>Composant B : Agent de durcissement, 5kg\/baril.<\/li>\n<\/ul>\n<\/li>\n<li><strong>Rapport de m\u00e9lange<\/strong>: A:B = 4:1 (en poids).<\/li>\n<li><strong>Emballage<\/strong>: F\u00fbts m\u00e9talliques imprim\u00e9s. Il est recommand\u00e9 d'empiler jusqu'\u00e0 trois couches.<\/li>\n<li><strong>Stockage<\/strong>: Conserver \u00e0 5-35\u2103 dans un endroit frais, sec et ventil\u00e9. Tenir \u00e0 l'\u00e9cart du feu et des sources de chaleur. \u00c9viter la lumi\u00e8re directe du soleil.<\/li>\n<\/ul>\n<h2><strong>Lignes directrices pour la candidature<\/strong><\/h2>\n<ul>\n<li><strong>Pr\u00e9paration de la surface<\/strong>:\n<ul>\n<li>Assurez-vous que le sol en b\u00e9ton est sec, propre et exempt de poussi\u00e8re, de graisse ou de contaminants.<\/li>\n<li>Utilisez une ponceuse pour enlever les poussi\u00e8res flottantes et les r\u00e9sidus qui d\u00e9passent.<\/li>\n<\/ul>\n<\/li>\n<li><strong>Couverture<\/strong>: Environ\u00a0<strong>0,4 kg\/m\u00e8tre carr\u00e9 par 1 mm d'\u00e9paisseur<\/strong>\u00a0(lorsqu'il est utilis\u00e9 avec du sable).<\/li>\n<li><strong>M\u00e9thode d'application<\/strong>: Appliquer par grattage \u00e0 l'aide d'une truelle.<\/li>\n<li><strong>La vie en pot<\/strong>:\n<ul>\n<li>90 minutes \u00e0 10\u2103.<\/li>\n<li>60 minutes \u00e0 20\u2103.<\/li>\n<li>30 minutes \u00e0 30\u2103.<\/li>\n<\/ul>\n<\/li>\n<li><strong>Temps de s\u00e9chage<\/strong>:\n<ul>\n<li>48 heures \u00e0 5-15\u2103.<\/li>\n<li>36 heures \u00e0 15-20\u2103.<\/li>\n<li>24 heures \u00e0 20-30\u2103.<\/li>\n<\/ul>\n<\/li>\n<\/ul>\n<h2><strong>Syst\u00e8me de plancher recommand\u00e9<\/strong><\/h2>\n<ul>\n<li><strong>Syst\u00e8me de rev\u00eatement de sol \u00e9poxy de 1 mm d'\u00e9paisseur<\/strong>:\n<ul>\n<li><strong>L'ab\u00e9c\u00e9daire<\/strong>: 1-2 couches de primaire \u00e9poxy E159X (0,15-0,2kg\/\u33a1).<\/li>\n<li><strong>Manteau interm\u00e9diaire<\/strong>: 1-2 couches de peinture interm\u00e9diaire \u00e9poxy E337 avec sable (0,4kg\/\u33a1 par 1mm d'\u00e9paisseur).<\/li>\n<li><strong>Couche de finition<\/strong>: 1 couche de couche de finition \u00e9poxy E860 (0,06-0,08kg\/\u33a1) ou 2 couches de couche de finition \u00e9poxy E556 (0,22-0,27kg\/\u33a1).<\/li>\n<\/ul>\n<\/li>\n<\/ul>\n<h2><strong>S\u00e9curit\u00e9 et premiers secours<\/strong><\/h2>\n<ul>\n<li><strong>Contact avec la peau<\/strong>: Laver abondamment \u00e0 l'eau et enlever les v\u00eatements contamin\u00e9s.<\/li>\n<li><strong>Contact visuel<\/strong>: Rincer \u00e0 l'eau courante ou au s\u00e9rum physiologique. Consulter un m\u00e9decin si n\u00e9cessaire.<\/li>\n<li><strong>Inhalation<\/strong>: Se mettre \u00e0 l'air libre. Garder les voies respiratoires ouvertes. Consulter un m\u00e9decin en cas de malaise.<\/li>\n<li><strong>Ingestion<\/strong>: Rincer la bouche, faire vomir et consulter un m\u00e9decin.<\/li>\n<\/ul>\n<h2><strong>Pr\u00e9cautions<\/strong><\/h2>\n<ul>\n<li><strong>Correspondance des couleurs<\/strong>: La couleur est similaire \u00e0 celle du topcoat mais pas identique.<\/li>\n<li><strong>Temps de s\u00e9chage<\/strong>: Laisser s\u00e9cher 12 \u00e0 24 heures avant de passer \u00e0 l'\u00e9tape suivante de la construction.<\/li>\n<li><strong>Rapport de m\u00e9lange<\/strong>: Respecter strictement le rapport 4:1 (A:B) et utiliser dans les limites de la dur\u00e9e de vie du pot.<\/li>\n<li><strong>Stockage<\/strong>: Bien remuer avant utilisation en cas de pr\u00e9cipitation. Ne pas utiliser comme mat\u00e9riau de r\u00e9paration en raison de la teneur en solvants.<\/li>\n<\/ul>","protected":false},"excerpt":{"rendered":"<p>La peinture interm\u00e9diaire \u00e9poxy color\u00e9e E337 est un mat\u00e9riau de rev\u00eatement interm\u00e9diaire en r\u00e9sine \u00e9poxy \u00e0 deux composants, \u00e0 base de solvant et \u00e0 faible odeur. Comme il contient des mati\u00e8res de charge, ce produit peut \u00eatre teint\u00e9 en fonction de la couleur de la couche de finition. Il est peu co\u00fbteux, peut \u00eatre durci \u00e0 basse temp\u00e9rature et pr\u00e9sente une bonne adh\u00e9rence, une r\u00e9sistance \u00e9lev\u00e9e, une grande solidit\u00e9 et une grande durabilit\u00e9, ce qui le rend adapt\u00e9 au traitement de nivellement de la base.<\/p>","protected":false},"featured_media":3250,"template":"","meta":{"om_disable_all_campaigns":false,"_monsterinsights_skip_tracking":false,"_monsterinsights_sitenote_active":false,"_monsterinsights_sitenote_note":"","_monsterinsights_sitenote_category":0,"_uf_show_specific_survey":0,"_uf_disable_surveys":false},"product_brand":[],"product_cat":[43,97,98],"product_tag":[94,138,104],"class_list":{"0":"post-1653","1":"product","2":"type-product","3":"status-publish","4":"has-post-thumbnail","6":"product_cat-epoxy-floor-coating","7":"product_cat-epoxy-middle-coating","8":"product_cat-solvent-based-coating","9":"product_tag-epoxy-floor-coating","10":"product_tag-epoxy-intermediate-coat","11":"product_tag-solvent-based-coating","13":"first","14":"instock","15":"shipping-taxable","16":"product-type-simple"},"yoast_head":"<!-- This site is optimized with the Yoast SEO Premium plugin v26.2 (Yoast SEO v26.5) - https:\/\/yoast.com\/wordpress\/plugins\/seo\/ -->\n<title>E337 Epoxy Middle Coating | Epoxy Intermediate Coat - KAIDA PAINT\u00ae<\/title>\n<meta name=\"description\" content=\"Discover E337 Epoxy Middle Coating \u2013 a high-strength, low-odor intermediate coat for industrial and commercial floors. Easy to apply, durable, and cost-effective. Order now!\" \/>\n<meta name=\"robots\" content=\"index, follow, max-snippet:-1, max-image-preview:large, max-video-preview:-1\" \/>\n<link rel=\"canonical\" href=\"https:\/\/www.jinyupaint.com\/fr\/produit\/epoxy-intermediate-coat-e337\/\" \/>\n<meta property=\"og:locale\" content=\"fr_FR\" \/>\n<meta property=\"og:type\" content=\"article\" \/>\n<meta property=\"og:title\" content=\"E337 Epoxy Middle Coating\" \/>\n<meta property=\"og:description\" content=\"Discover E337 Epoxy Middle Coating \u2013 a high-strength, low-odor intermediate coat for industrial and commercial floors. Easy to apply, durable, and cost-effective. Order now!\" \/>\n<meta property=\"og:url\" content=\"https:\/\/www.jinyupaint.com\/fr\/produit\/epoxy-intermediate-coat-e337\/\" \/>\n<meta property=\"og:site_name\" content=\"KAIDA PAINT\u00ae\" \/>\n<meta property=\"article:modified_time\" content=\"2025-02-20T08:16:08+00:00\" \/>\n<meta property=\"og:image\" content=\"https:\/\/www.jinyupaint.com\/wp-content\/uploads\/2024\/02\/E337-Epoxy-Middle-Coating.jpg\" \/>\n\t<meta property=\"og:image:width\" content=\"750\" \/>\n\t<meta property=\"og:image:height\" content=\"750\" \/>\n\t<meta property=\"og:image:type\" content=\"image\/jpeg\" \/>\n<meta name=\"twitter:card\" content=\"summary_large_image\" \/>\n<meta name=\"twitter:label1\" content=\"Dur\u00e9e de lecture estim\u00e9e\" \/>\n\t<meta name=\"twitter:data1\" content=\"3 minutes\" \/>\n<script type=\"application\/ld+json\" class=\"yoast-schema-graph\">{\"@context\":\"https:\/\/schema.org\",\"@graph\":[{\"@type\":\"WebPage\",\"@id\":\"https:\/\/www.jinyupaint.com\/product\/epoxy-intermediate-coat-e337\",\"url\":\"https:\/\/www.jinyupaint.com\/product\/epoxy-intermediate-coat-e337\",\"name\":\"E337 Epoxy Middle Coating | Epoxy Intermediate Coat - KAIDA PAINT\u00ae\",\"isPartOf\":{\"@id\":\"https:\/\/www.jinyupaint.com\/#website\"},\"primaryImageOfPage\":{\"@id\":\"https:\/\/www.jinyupaint.com\/product\/epoxy-intermediate-coat-e337#primaryimage\"},\"image\":{\"@id\":\"https:\/\/www.jinyupaint.com\/product\/epoxy-intermediate-coat-e337#primaryimage\"},\"thumbnailUrl\":\"https:\/\/www.jinyupaint.com\/wp-content\/uploads\/2024\/02\/E337-Epoxy-Middle-Coating.jpg\",\"datePublished\":\"2024-02-05T06:39:33+00:00\",\"dateModified\":\"2025-02-20T08:16:08+00:00\",\"description\":\"Discover E337 Epoxy Middle Coating \u2013 a high-strength, low-odor intermediate coat for industrial and commercial floors. Easy to apply, durable, and cost-effective. Order now!\",\"breadcrumb\":{\"@id\":\"https:\/\/www.jinyupaint.com\/product\/epoxy-intermediate-coat-e337#breadcrumb\"},\"inLanguage\":\"fr-FR\",\"potentialAction\":[{\"@type\":\"ReadAction\",\"target\":[\"https:\/\/www.jinyupaint.com\/product\/epoxy-intermediate-coat-e337\"]}]},{\"@type\":\"ImageObject\",\"inLanguage\":\"fr-FR\",\"@id\":\"https:\/\/www.jinyupaint.com\/product\/epoxy-intermediate-coat-e337#primaryimage\",\"url\":\"https:\/\/www.jinyupaint.com\/wp-content\/uploads\/2024\/02\/E337-Epoxy-Middle-Coating.jpg\",\"contentUrl\":\"https:\/\/www.jinyupaint.com\/wp-content\/uploads\/2024\/02\/E337-Epoxy-Middle-Coating.jpg\",\"width\":750,\"height\":750,\"caption\":\"E337 epoxy intermediate coat\"},{\"@type\":\"BreadcrumbList\",\"@id\":\"https:\/\/www.jinyupaint.com\/product\/epoxy-intermediate-coat-e337#breadcrumb\",\"itemListElement\":[{\"@type\":\"ListItem\",\"position\":1,\"name\":\"Home\",\"item\":\"https:\/\/www.jinyupaint.com\/\"},{\"@type\":\"ListItem\",\"position\":2,\"name\":\"Shop\",\"item\":\"https:\/\/www.jinyupaint.com\/shop.html\"},{\"@type\":\"ListItem\",\"position\":3,\"name\":\"E337 Epoxy Middle Coating\"}]},{\"@type\":\"WebSite\",\"@id\":\"https:\/\/www.jinyupaint.com\/#website\",\"url\":\"https:\/\/www.jinyupaint.com\/\",\"name\":\"JINYU\u00ae PAINT\",\"description\":\"JINYU PAINT\u00ae Manufacturer\",\"potentialAction\":[{\"@type\":\"SearchAction\",\"target\":{\"@type\":\"EntryPoint\",\"urlTemplate\":\"https:\/\/www.jinyupaint.com\/?s={search_term_string}\"},\"query-input\":{\"@type\":\"PropertyValueSpecification\",\"valueRequired\":true,\"valueName\":\"search_term_string\"}}],\"inLanguage\":\"fr-FR\"}]}<\/script>\n<!-- \/ Yoast SEO Premium plugin. -->","yoast_head_json":{"title":"E337 Epoxy Middle Coating | Epoxy Intermediate Coat - KAIDA PAINT\u00ae","description":"D\u00e9couvrez le rev\u00eatement interm\u00e9diaire \u00e9poxy E337 - une couche interm\u00e9diaire tr\u00e8s r\u00e9sistante et \u00e0 faible odeur pour les sols industriels et commerciaux. Facile \u00e0 appliquer, durable et rentable. Commandez d\u00e8s maintenant !","robots":{"index":"index","follow":"follow","max-snippet":"max-snippet:-1","max-image-preview":"max-image-preview:large","max-video-preview":"max-video-preview:-1"},"canonical":"https:\/\/www.jinyupaint.com\/fr\/produit\/epoxy-intermediate-coat-e337\/","og_locale":"fr_FR","og_type":"article","og_title":"E337 Epoxy Middle Coating","og_description":"Discover E337 Epoxy Middle Coating \u2013 a high-strength, low-odor intermediate coat for industrial and commercial floors. Easy to apply, durable, and cost-effective. Order now!","og_url":"https:\/\/www.jinyupaint.com\/fr\/produit\/epoxy-intermediate-coat-e337\/","og_site_name":"KAIDA PAINT\u00ae","article_modified_time":"2025-02-20T08:16:08+00:00","og_image":[{"width":750,"height":750,"url":"https:\/\/www.jinyupaint.com\/wp-content\/uploads\/2024\/02\/E337-Epoxy-Middle-Coating.jpg","type":"image\/jpeg"}],"twitter_card":"summary_large_image","twitter_misc":{"Dur\u00e9e de lecture estim\u00e9e":"3 minutes"},"schema":{"@context":"https:\/\/schema.org","@graph":[{"@type":"WebPage","@id":"https:\/\/www.jinyupaint.com\/product\/epoxy-intermediate-coat-e337","url":"https:\/\/www.jinyupaint.com\/product\/epoxy-intermediate-coat-e337","name":"E337 Epoxy Middle Coating | Epoxy Intermediate Coat - KAIDA PAINT\u00ae","isPartOf":{"@id":"https:\/\/www.jinyupaint.com\/#website"},"primaryImageOfPage":{"@id":"https:\/\/www.jinyupaint.com\/product\/epoxy-intermediate-coat-e337#primaryimage"},"image":{"@id":"https:\/\/www.jinyupaint.com\/product\/epoxy-intermediate-coat-e337#primaryimage"},"thumbnailUrl":"https:\/\/www.jinyupaint.com\/wp-content\/uploads\/2024\/02\/E337-Epoxy-Middle-Coating.jpg","datePublished":"2024-02-05T06:39:33+00:00","dateModified":"2025-02-20T08:16:08+00:00","description":"D\u00e9couvrez le rev\u00eatement interm\u00e9diaire \u00e9poxy E337 - une couche interm\u00e9diaire tr\u00e8s r\u00e9sistante et \u00e0 faible odeur pour les sols industriels et commerciaux. Facile \u00e0 appliquer, durable et rentable. Commandez d\u00e8s maintenant !","breadcrumb":{"@id":"https:\/\/www.jinyupaint.com\/product\/epoxy-intermediate-coat-e337#breadcrumb"},"inLanguage":"fr-FR","potentialAction":[{"@type":"ReadAction","target":["https:\/\/www.jinyupaint.com\/product\/epoxy-intermediate-coat-e337"]}]},{"@type":"ImageObject","inLanguage":"fr-FR","@id":"https:\/\/www.jinyupaint.com\/product\/epoxy-intermediate-coat-e337#primaryimage","url":"https:\/\/www.jinyupaint.com\/wp-content\/uploads\/2024\/02\/E337-Epoxy-Middle-Coating.jpg","contentUrl":"https:\/\/www.jinyupaint.com\/wp-content\/uploads\/2024\/02\/E337-Epoxy-Middle-Coating.jpg","width":750,"height":750,"caption":"E337 epoxy intermediate coat"},{"@type":"BreadcrumbList","@id":"https:\/\/www.jinyupaint.com\/product\/epoxy-intermediate-coat-e337#breadcrumb","itemListElement":[{"@type":"ListItem","position":1,"name":"Home","item":"https:\/\/www.jinyupaint.com\/"},{"@type":"ListItem","position":2,"name":"Shop","item":"https:\/\/www.jinyupaint.com\/shop.html"},{"@type":"ListItem","position":3,"name":"E337 Epoxy Middle Coating"}]},{"@type":"WebSite","@id":"https:\/\/www.jinyupaint.com\/#website","url":"https:\/\/www.jinyupaint.com\/","name":"JINYU\u00ae PAINT","description":"JINYU PAINT\u00ae Fabricant","potentialAction":[{"@type":"SearchAction","target":{"@type":"EntryPoint","urlTemplate":"https:\/\/www.jinyupaint.com\/?s={search_term_string}"},"query-input":{"@type":"PropertyValueSpecification","valueRequired":true,"valueName":"search_term_string"}}],"inLanguage":"fr-FR"}]}},"_links":{"self":[{"href":"https:\/\/www.jinyupaint.com\/fr\/wp-json\/wp\/v2\/product\/1653","targetHints":{"allow":["GET"]}}],"collection":[{"href":"https:\/\/www.jinyupaint.com\/fr\/wp-json\/wp\/v2\/product"}],"about":[{"href":"https:\/\/www.jinyupaint.com\/fr\/wp-json\/wp\/v2\/types\/product"}],"wp:featuredmedia":[{"embeddable":true,"href":"https:\/\/www.jinyupaint.com\/fr\/wp-json\/wp\/v2\/media\/3250"}],"wp:attachment":[{"href":"https:\/\/www.jinyupaint.com\/fr\/wp-json\/wp\/v2\/media?parent=1653"}],"wp:term":[{"taxonomy":"product_brand","embeddable":true,"href":"https:\/\/www.jinyupaint.com\/fr\/wp-json\/wp\/v2\/product_brand?post=1653"},{"taxonomy":"product_cat","embeddable":true,"href":"https:\/\/www.jinyupaint.com\/fr\/wp-json\/wp\/v2\/product_cat?post=1653"},{"taxonomy":"product_tag","embeddable":true,"href":"https:\/\/www.jinyupaint.com\/fr\/wp-json\/wp\/v2\/product_tag?post=1653"}],"curies":[{"name":"wp","href":"https:\/\/api.w.org\/{rel}","templated":true}]}}