{"id":1643,"date":"2024-02-05T04:05:49","date_gmt":"2024-02-05T04:05:49","guid":{"rendered":"http:\/\/www.jinyupaint.com\/?post_type=product&#038;p=1643"},"modified":"2025-02-20T08:18:45","modified_gmt":"2025-02-20T08:18:45","slug":"epoxy-floor-primer-e159x","status":"publish","type":"product","link":"https:\/\/www.jinyupaint.com\/fr\/produit\/epoxy-floor-primer-e159x","title":{"rendered":"E159X Primaire \u00e9poxy (type p\u00e9n\u00e9trant)"},"content":{"rendered":"<h2><strong>Pr\u00e9sentation du produit<\/strong><\/h2>\n<p>E159X Epoxy Primer est un rev\u00eatement de r\u00e9sine \u00e9poxy \u00e0 deux composants, \u00e0 base de solvant, con\u00e7u pour le traitement de base des sols et des murs. Connu pour son excellente p\u00e9n\u00e9tration, sa forte adh\u00e9rence et sa durabilit\u00e9, cet appr\u00eat r\u00e9siste \u00e0 l'eau, aux moisissures, aux acides et aux alcalis. Il est id\u00e9al pour pr\u00e9parer les surfaces des usines industrielles, des entrep\u00f4ts, des parkings souterrains et des bureaux \u00e0 l'application de rev\u00eatements \u00e9poxy.<\/p>\n<h2><strong>Caract\u00e9ristiques principales<\/strong><\/h2>\n<ul>\n<li><strong>Excellente p\u00e9n\u00e9tration<\/strong>: P\u00e9n\u00e8tre en profondeur dans les substrats poreux pour une adh\u00e9rence sup\u00e9rieure.<\/li>\n<li><strong>Forte adh\u00e9rence<\/strong>: Forme un rev\u00eatement dense et durable avec le substrat.<\/li>\n<li><strong>Application polyvalente<\/strong>: Compatible avec divers mat\u00e9riaux de rev\u00eatement de sol.<\/li>\n<li><strong>R\u00e9sistant et durable<\/strong>: Imperm\u00e9able, r\u00e9sistant \u00e0 la moisissure, aux acides et aux alcalis.<\/li>\n<\/ul>\n<h2><strong>Sp\u00e9cifications techniques<\/strong><\/h2>\n<ul>\n<li><strong>Contenu solide<\/strong>: &gt;45%.<\/li>\n<li><strong>Aptitude au sablage<\/strong>: Facile \u00e0 poncer, ne colle pas au papier de verre.<\/li>\n<li><strong>Force d'adh\u00e9rence<\/strong>: &gt;2,56MPa.<\/li>\n<li><strong>Duret\u00e9<\/strong>: &gt;1H.<\/li>\n<li><strong>Point d'\u00e9clair<\/strong>: 23\u2103.<\/li>\n<\/ul>\n<h2><strong>Informations sur le produit<\/strong><\/h2>\n<ul>\n<li><strong>Composants<\/strong>:\n<ul>\n<li>Composant A : liquide transparent, 18kg\/baril.<\/li>\n<li>Composant B : Liquide brun clair, 4,5kg\/baril.<\/li>\n<\/ul>\n<\/li>\n<li><strong>Rapport de m\u00e9lange<\/strong>: A:B = 1:1 (en poids).<\/li>\n<li><strong>Emballage<\/strong>: F\u00fbts m\u00e9talliques imprim\u00e9s. Il est recommand\u00e9 d'empiler jusqu'\u00e0 trois couches.<\/li>\n<li><strong>Stockage<\/strong>: Conserver \u00e0 5-35\u2103 dans un endroit frais, sec et ventil\u00e9. Tenir \u00e0 l'\u00e9cart du feu et des sources de chaleur. \u00c9viter la lumi\u00e8re directe du soleil.<\/li>\n<\/ul>\n<h2><strong>Lignes directrices pour la candidature<\/strong><\/h2>\n<ul>\n<li><strong>Pr\u00e9paration de la surface<\/strong>:\n<ul>\n<li>Assurez-vous que le sol en b\u00e9ton est sec, propre et exempt de poussi\u00e8re, de graisse ou de contaminants.<\/li>\n<li>Utilisez une ponceuse pour enlever les poussi\u00e8res flottantes et les r\u00e9sidus qui d\u00e9passent.<\/li>\n<\/ul>\n<\/li>\n<li><strong>Couverture<\/strong>: Environ\u00a0<strong>0,15-0,6kg\/m\u00e8tre carr\u00e9<\/strong>\u00a0(en fonction des conditions du terrain).<\/li>\n<li><strong>M\u00e9thode d'application<\/strong>: Appliquer en grattant ou en roulant \u00e0 l'aide d'une truelle ou d'une brosse \u00e0 rouleau.<\/li>\n<li><strong>La vie en pot<\/strong>:\n<ul>\n<li>180 minutes \u00e0 10\u2103.<\/li>\n<li>120 minutes \u00e0 20\u2103.<\/li>\n<li>60 minutes \u00e0 30\u2103.<\/li>\n<\/ul>\n<\/li>\n<li><strong>Temps de s\u00e9chage<\/strong>:\n<ul>\n<li>24 heures \u00e0 5-15\u2103.<\/li>\n<li>12 heures \u00e0 15-20\u2103.<\/li>\n<li>8 heures \u00e0 20-30\u2103.<\/li>\n<\/ul>\n<\/li>\n<\/ul>\n<h2><strong>Syst\u00e8me de plancher recommand\u00e9<\/strong><\/h2>\n<ul>\n<li><strong>Syst\u00e8me de rev\u00eatement de sol \u00e9poxy de 1 mm d'\u00e9paisseur<\/strong>:\n<ul>\n<li><strong>L'ab\u00e9c\u00e9daire<\/strong>: 1-2 couches de primaire \u00e9poxy E159X (0,15-0,6kg\/\u33a1).<\/li>\n<li><strong>Manteau interm\u00e9diaire<\/strong>: 1-2 couches de peinture interm\u00e9diaire \u00e9poxy E820 avec du sable (0,3kg\/\u33a1 par 1mm d'\u00e9paisseur).<\/li>\n<li><strong>Couche de finition<\/strong>: 2 couches de couche de finition \u00e9poxy E550 (0,3-0,35kg\/\u33a1) ou 1 couche de couche de finition \u00e9poxy E860 (0,25-0,27kg\/\u33a1).<\/li>\n<\/ul>\n<\/li>\n<\/ul>\n<h2><strong>S\u00e9curit\u00e9 et premiers secours<\/strong><\/h2>\n<ul>\n<li><strong>Contact avec la peau<\/strong>: Laver abondamment \u00e0 l'eau et enlever les v\u00eatements contamin\u00e9s.<\/li>\n<li><strong>Contact visuel<\/strong>: Rincer \u00e0 l'eau courante ou au s\u00e9rum physiologique. Consulter un m\u00e9decin si n\u00e9cessaire.<\/li>\n<li><strong>Inhalation<\/strong>: Se mettre \u00e0 l'air libre. Garder les voies respiratoires ouvertes. Consulter un m\u00e9decin en cas de malaise.<\/li>\n<li><strong>Ingestion<\/strong>: Rincer la bouche, faire vomir et consulter un m\u00e9decin.<\/li>\n<\/ul>\n<h2><strong>Pr\u00e9cautions<\/strong><\/h2>\n<ul>\n<li><strong>M\u00e9lange<\/strong>: M\u00e9langer soigneusement les composants A et B avant utilisation.<\/li>\n<li><strong>Temps de s\u00e9chage<\/strong>: Laisser le produit s\u00e9cher compl\u00e8tement avant de passer \u00e0 l'\u00e9tape suivante de la construction.<\/li>\n<li><strong>Rapport de m\u00e9lange<\/strong>: Respecter strictement le rapport 1:1 (A:B) et utiliser dans les limites de la dur\u00e9e de vie du pot.<\/li>\n<li><strong>Stockage<\/strong>: Bien remuer avant utilisation en cas de pr\u00e9cipitation.<\/li>\n<\/ul>","protected":false},"excerpt":{"rendered":"<p>L'appr\u00eat \u00e9poxy E159X (type p\u00e9n\u00e9trant) est un rev\u00eatement de r\u00e9sine \u00e9poxy \u00e0 deux composants, \u00e0 base de solvant et \u00e0 haute performance, con\u00e7u pour le traitement de base des sols et des murs. Gr\u00e2ce \u00e0 son excellente p\u00e9n\u00e9tration, sa forte adh\u00e9rence et sa durabilit\u00e9, cet appr\u00eat est id\u00e9al pour pr\u00e9parer les surfaces dans les usines industrielles, les entrep\u00f4ts, les parkings souterrains et les espaces de bureaux. Il r\u00e9siste \u00e0 l'eau, aux moisissures, aux acides et aux alcalis, ce qui en fait un choix fiable pour une protection durable des sols. Facile \u00e0 appliquer par grattage ou au rouleau, E159X assure une base solide \u00e0 votre syst\u00e8me de rev\u00eatement de sol \u00e9poxy.<\/p>","protected":false},"featured_media":3251,"template":"","meta":{"om_disable_all_campaigns":false,"_monsterinsights_skip_tracking":false,"_monsterinsights_sitenote_active":false,"_monsterinsights_sitenote_note":"","_monsterinsights_sitenote_category":0,"_uf_show_specific_survey":0,"_uf_disable_surveys":false},"product_brand":[],"product_cat":[43,101,98],"product_tag":[94,47,104],"class_list":{"0":"post-1643","1":"product","2":"type-product","3":"status-publish","4":"has-post-thumbnail","6":"product_cat-epoxy-floor-coating","7":"product_cat-epoxy-primer","8":"product_cat-solvent-based-coating","9":"product_tag-epoxy-floor-coating","10":"product_tag-epoxy-primer","11":"product_tag-solvent-based-coating","13":"first","14":"instock","15":"shipping-taxable","16":"product-type-simple"},"yoast_head":"<!-- This site is optimized with the Yoast SEO Premium plugin v26.2 (Yoast SEO v26.5) - https:\/\/yoast.com\/wordpress\/plugins\/seo\/ -->\n<title>E159X Epoxy Floor Primer Coat (Penetrating Type) - KAIDA PAINT\u00ae<\/title>\n<meta name=\"description\" content=\"Discover E159X Epoxy Primer \u2013 a high-adhesion, durable primer for industrial and commercial floors. Easy to apply, resistant to water and chemicals. Order now!\" \/>\n<meta name=\"robots\" content=\"index, follow, max-snippet:-1, max-image-preview:large, max-video-preview:-1\" \/>\n<link rel=\"canonical\" href=\"https:\/\/www.jinyupaint.com\/fr\/produit\/epoxy-floor-primer-e159x\/\" \/>\n<meta property=\"og:locale\" content=\"fr_FR\" \/>\n<meta property=\"og:type\" content=\"article\" \/>\n<meta property=\"og:title\" content=\"E159X Epoxy Primer (Penetrating Type)\" \/>\n<meta property=\"og:description\" content=\"Discover E159X Epoxy Primer \u2013 a high-adhesion, durable primer for industrial and commercial floors. Easy to apply, resistant to water and chemicals. Order now!\" \/>\n<meta property=\"og:url\" content=\"https:\/\/www.jinyupaint.com\/fr\/produit\/epoxy-floor-primer-e159x\/\" \/>\n<meta property=\"og:site_name\" content=\"KAIDA PAINT\u00ae\" \/>\n<meta property=\"article:modified_time\" content=\"2025-02-20T08:18:45+00:00\" \/>\n<meta property=\"og:image\" content=\"https:\/\/www.jinyupaint.com\/wp-content\/uploads\/2024\/02\/E159X-Epoxy-Primer-Penetrating-Type.jpg\" \/>\n\t<meta property=\"og:image:width\" content=\"750\" \/>\n\t<meta property=\"og:image:height\" content=\"750\" \/>\n\t<meta property=\"og:image:type\" content=\"image\/jpeg\" \/>\n<meta name=\"twitter:card\" content=\"summary_large_image\" \/>\n<meta name=\"twitter:label1\" content=\"Dur\u00e9e de lecture estim\u00e9e\" \/>\n\t<meta name=\"twitter:data1\" content=\"2 minutes\" \/>\n<script type=\"application\/ld+json\" class=\"yoast-schema-graph\">{\"@context\":\"https:\/\/schema.org\",\"@graph\":[{\"@type\":\"WebPage\",\"@id\":\"https:\/\/www.jinyupaint.com\/product\/epoxy-floor-primer-e159x\",\"url\":\"https:\/\/www.jinyupaint.com\/product\/epoxy-floor-primer-e159x\",\"name\":\"E159X Epoxy Floor Primer Coat (Penetrating Type) - KAIDA PAINT\u00ae\",\"isPartOf\":{\"@id\":\"https:\/\/www.jinyupaint.com\/#website\"},\"primaryImageOfPage\":{\"@id\":\"https:\/\/www.jinyupaint.com\/product\/epoxy-floor-primer-e159x#primaryimage\"},\"image\":{\"@id\":\"https:\/\/www.jinyupaint.com\/product\/epoxy-floor-primer-e159x#primaryimage\"},\"thumbnailUrl\":\"https:\/\/www.jinyupaint.com\/wp-content\/uploads\/2024\/02\/E159X-Epoxy-Primer-Penetrating-Type.jpg\",\"datePublished\":\"2024-02-05T04:05:49+00:00\",\"dateModified\":\"2025-02-20T08:18:45+00:00\",\"description\":\"Discover E159X Epoxy Primer \u2013 a high-adhesion, durable primer for industrial and commercial floors. Easy to apply, resistant to water and chemicals. Order now!\",\"breadcrumb\":{\"@id\":\"https:\/\/www.jinyupaint.com\/product\/epoxy-floor-primer-e159x#breadcrumb\"},\"inLanguage\":\"fr-FR\",\"potentialAction\":[{\"@type\":\"ReadAction\",\"target\":[\"https:\/\/www.jinyupaint.com\/product\/epoxy-floor-primer-e159x\"]}]},{\"@type\":\"ImageObject\",\"inLanguage\":\"fr-FR\",\"@id\":\"https:\/\/www.jinyupaint.com\/product\/epoxy-floor-primer-e159x#primaryimage\",\"url\":\"https:\/\/www.jinyupaint.com\/wp-content\/uploads\/2024\/02\/E159X-Epoxy-Primer-Penetrating-Type.jpg\",\"contentUrl\":\"https:\/\/www.jinyupaint.com\/wp-content\/uploads\/2024\/02\/E159X-Epoxy-Primer-Penetrating-Type.jpg\",\"width\":750,\"height\":750,\"caption\":\"E159X Epoxy Primer Penetrating Type\"},{\"@type\":\"BreadcrumbList\",\"@id\":\"https:\/\/www.jinyupaint.com\/product\/epoxy-floor-primer-e159x#breadcrumb\",\"itemListElement\":[{\"@type\":\"ListItem\",\"position\":1,\"name\":\"Home\",\"item\":\"https:\/\/www.jinyupaint.com\/\"},{\"@type\":\"ListItem\",\"position\":2,\"name\":\"Shop\",\"item\":\"https:\/\/www.jinyupaint.com\/shop.html\"},{\"@type\":\"ListItem\",\"position\":3,\"name\":\"E159X Epoxy Primer (Penetrating Type)\"}]},{\"@type\":\"WebSite\",\"@id\":\"https:\/\/www.jinyupaint.com\/#website\",\"url\":\"https:\/\/www.jinyupaint.com\/\",\"name\":\"JINYU\u00ae PAINT\",\"description\":\"JINYU PAINT\u00ae Manufacturer\",\"potentialAction\":[{\"@type\":\"SearchAction\",\"target\":{\"@type\":\"EntryPoint\",\"urlTemplate\":\"https:\/\/www.jinyupaint.com\/?s={search_term_string}\"},\"query-input\":{\"@type\":\"PropertyValueSpecification\",\"valueRequired\":true,\"valueName\":\"search_term_string\"}}],\"inLanguage\":\"fr-FR\"}]}<\/script>\n<!-- \/ Yoast SEO Premium plugin. -->","yoast_head_json":{"title":"E159X Epoxy Floor Primer Coat (Penetrating Type) - KAIDA PAINT\u00ae","description":"D\u00e9couvrez l'appr\u00eat \u00e9poxy E159X - un appr\u00eat durable \u00e0 haute adh\u00e9rence pour les sols industriels et commerciaux. Facile \u00e0 appliquer, r\u00e9sistant \u00e0 l'eau et aux produits chimiques. Commandez d\u00e8s maintenant !","robots":{"index":"index","follow":"follow","max-snippet":"max-snippet:-1","max-image-preview":"max-image-preview:large","max-video-preview":"max-video-preview:-1"},"canonical":"https:\/\/www.jinyupaint.com\/fr\/produit\/epoxy-floor-primer-e159x\/","og_locale":"fr_FR","og_type":"article","og_title":"E159X Epoxy Primer (Penetrating Type)","og_description":"Discover E159X Epoxy Primer \u2013 a high-adhesion, durable primer for industrial and commercial floors. Easy to apply, resistant to water and chemicals. Order now!","og_url":"https:\/\/www.jinyupaint.com\/fr\/produit\/epoxy-floor-primer-e159x\/","og_site_name":"KAIDA PAINT\u00ae","article_modified_time":"2025-02-20T08:18:45+00:00","og_image":[{"width":750,"height":750,"url":"https:\/\/www.jinyupaint.com\/wp-content\/uploads\/2024\/02\/E159X-Epoxy-Primer-Penetrating-Type.jpg","type":"image\/jpeg"}],"twitter_card":"summary_large_image","twitter_misc":{"Dur\u00e9e de lecture estim\u00e9e":"2 minutes"},"schema":{"@context":"https:\/\/schema.org","@graph":[{"@type":"WebPage","@id":"https:\/\/www.jinyupaint.com\/product\/epoxy-floor-primer-e159x","url":"https:\/\/www.jinyupaint.com\/product\/epoxy-floor-primer-e159x","name":"E159X Epoxy Floor Primer Coat (Penetrating Type) - KAIDA PAINT\u00ae","isPartOf":{"@id":"https:\/\/www.jinyupaint.com\/#website"},"primaryImageOfPage":{"@id":"https:\/\/www.jinyupaint.com\/product\/epoxy-floor-primer-e159x#primaryimage"},"image":{"@id":"https:\/\/www.jinyupaint.com\/product\/epoxy-floor-primer-e159x#primaryimage"},"thumbnailUrl":"https:\/\/www.jinyupaint.com\/wp-content\/uploads\/2024\/02\/E159X-Epoxy-Primer-Penetrating-Type.jpg","datePublished":"2024-02-05T04:05:49+00:00","dateModified":"2025-02-20T08:18:45+00:00","description":"D\u00e9couvrez l'appr\u00eat \u00e9poxy E159X - un appr\u00eat durable \u00e0 haute adh\u00e9rence pour les sols industriels et commerciaux. Facile \u00e0 appliquer, r\u00e9sistant \u00e0 l'eau et aux produits chimiques. Commandez d\u00e8s maintenant !","breadcrumb":{"@id":"https:\/\/www.jinyupaint.com\/product\/epoxy-floor-primer-e159x#breadcrumb"},"inLanguage":"fr-FR","potentialAction":[{"@type":"ReadAction","target":["https:\/\/www.jinyupaint.com\/product\/epoxy-floor-primer-e159x"]}]},{"@type":"ImageObject","inLanguage":"fr-FR","@id":"https:\/\/www.jinyupaint.com\/product\/epoxy-floor-primer-e159x#primaryimage","url":"https:\/\/www.jinyupaint.com\/wp-content\/uploads\/2024\/02\/E159X-Epoxy-Primer-Penetrating-Type.jpg","contentUrl":"https:\/\/www.jinyupaint.com\/wp-content\/uploads\/2024\/02\/E159X-Epoxy-Primer-Penetrating-Type.jpg","width":750,"height":750,"caption":"E159X Epoxy Primer Penetrating Type"},{"@type":"BreadcrumbList","@id":"https:\/\/www.jinyupaint.com\/product\/epoxy-floor-primer-e159x#breadcrumb","itemListElement":[{"@type":"ListItem","position":1,"name":"Home","item":"https:\/\/www.jinyupaint.com\/"},{"@type":"ListItem","position":2,"name":"Shop","item":"https:\/\/www.jinyupaint.com\/shop.html"},{"@type":"ListItem","position":3,"name":"E159X Epoxy Primer (Penetrating Type)"}]},{"@type":"WebSite","@id":"https:\/\/www.jinyupaint.com\/#website","url":"https:\/\/www.jinyupaint.com\/","name":"JINYU\u00ae PAINT","description":"JINYU PAINT\u00ae Fabricant","potentialAction":[{"@type":"SearchAction","target":{"@type":"EntryPoint","urlTemplate":"https:\/\/www.jinyupaint.com\/?s={search_term_string}"},"query-input":{"@type":"PropertyValueSpecification","valueRequired":true,"valueName":"search_term_string"}}],"inLanguage":"fr-FR"}]}},"_links":{"self":[{"href":"https:\/\/www.jinyupaint.com\/fr\/wp-json\/wp\/v2\/product\/1643","targetHints":{"allow":["GET"]}}],"collection":[{"href":"https:\/\/www.jinyupaint.com\/fr\/wp-json\/wp\/v2\/product"}],"about":[{"href":"https:\/\/www.jinyupaint.com\/fr\/wp-json\/wp\/v2\/types\/product"}],"wp:featuredmedia":[{"embeddable":true,"href":"https:\/\/www.jinyupaint.com\/fr\/wp-json\/wp\/v2\/media\/3251"}],"wp:attachment":[{"href":"https:\/\/www.jinyupaint.com\/fr\/wp-json\/wp\/v2\/media?parent=1643"}],"wp:term":[{"taxonomy":"product_brand","embeddable":true,"href":"https:\/\/www.jinyupaint.com\/fr\/wp-json\/wp\/v2\/product_brand?post=1643"},{"taxonomy":"product_cat","embeddable":true,"href":"https:\/\/www.jinyupaint.com\/fr\/wp-json\/wp\/v2\/product_cat?post=1643"},{"taxonomy":"product_tag","embeddable":true,"href":"https:\/\/www.jinyupaint.com\/fr\/wp-json\/wp\/v2\/product_tag?post=1643"}],"curies":[{"name":"wp","href":"https:\/\/api.w.org\/{rel}","templated":true}]}}