{"id":1493,"date":"2023-10-17T03:44:03","date_gmt":"2023-10-17T03:44:03","guid":{"rendered":"http:\/\/www.jinyupaint.com\/?post_type=product&#038;p=1493"},"modified":"2025-05-15T09:37:02","modified_gmt":"2025-05-15T09:37:02","slug":"bggf-10-epoxy-glass-flake-paint","status":"publish","type":"product","link":"https:\/\/www.jinyupaint.com\/fr\/produit\/bggf-10-epoxy-glass-flake-paint","title":{"rendered":"BGGF-10 Peinture \u00e9poxy Glass Flake"},"content":{"rendered":"<h2><strong>Description du produit :<\/strong><\/h2>\n<p>Ce produit est un rev\u00eatement \u00e9poxydique \u00e0 deux composants, \u00e0 haute teneur en solides, renforc\u00e9 par des pigments de flocons de verre, offrant une durabilit\u00e9 et une r\u00e9sistance \u00e0 la corrosion exceptionnelles.<\/p>\n<p>&nbsp;<\/p>\n<h2><strong>Caract\u00e9ristiques principales :<\/strong><\/h2>\n<p>Ce produit convient aux structures en acier expos\u00e9es \u00e0 des environnements s\u00e9v\u00e8res, avec \u00e0 la fois de la corrosion atmosph\u00e9rique et de l'usure m\u00e9canique. Il offre d'excellentes propri\u00e9t\u00e9s anticorrosion et de r\u00e9sistance \u00e0 l'usure. Il est utilis\u00e9 pour la protection des structures en acier dans divers environnements corrosifs, y compris les zones d'\u00e9claboussures des structures offshore, les ponts et les zones riveraines, les structures sur pilotis, les usines de p\u00e2te \u00e0 papier, les ponts et les usines chimiques.<\/p>\n<p>&nbsp;<\/p>\n<h2><strong>Param\u00e8tres physiques :<\/strong><\/h2>\n<ul>\n<li><strong>Couleur :<\/strong> Limit\u00e9e<\/li>\n<li><strong>Volume Solides :<\/strong> 75\u00b12%<\/li>\n<li><strong>Standard \u00c9paisseur du film sec :<\/strong> Film sec : 200 microns Film humide : 267 microns<\/li>\n<li><strong>Taux de couverture th\u00e9orique :<\/strong> 2,6 m\u00b2\/kg, 3,75 m\u00b2\/L (sur la base d'un film sec de 200 microns)<\/li>\n<li><strong>Taux de couverture r\u00e9el :<\/strong> Prise en compte d'un facteur de perte appropri\u00e9<\/li>\n<li><strong>Point d'\u00e9clair :<\/strong> 28\u00b12\u00b0C<\/li>\n<li><\/li>\n<\/ul>\n<h2><strong>Instructions relatives \u00e0 la candidature :<\/strong><\/h2>\n<p><strong>Pr\u00e9paration de la surface :<\/strong><\/p>\n<p>Les performances de ce produit d\u00e9pendent du degr\u00e9 de pr\u00e9paration de la surface. La surface \u00e0 peindre doit \u00eatre propre, s\u00e8che et exempte de contaminants. Avant d'appliquer la peinture, toutes les surfaces doivent \u00eatre \u00e9valu\u00e9es et trait\u00e9es conform\u00e9ment aux normes ISO 8504:2000. La salet\u00e9 et les sels solubles accumul\u00e9s doivent \u00eatre \u00e9limin\u00e9s. La salet\u00e9 peut g\u00e9n\u00e9ralement \u00eatre \u00e9limin\u00e9e \u00e0 l'aide d'une brosse s\u00e8che. Les sels solubles doivent \u00eatre \u00e9limin\u00e9s par un rin\u00e7age \u00e0 l'eau douce.<\/p>\n<p>L'huile et la graisse doivent \u00eatre \u00e9limin\u00e9es conform\u00e9ment \u00e0 la norme de nettoyage au solvant SSPC-SP1.<\/p>\n<p>Le sablage doit \u00eatre effectu\u00e9 conform\u00e9ment aux normes Sa2.5 (ISO 8501-1:2007) ou SSPC-SP6. Si une oxydation se produit sur la surface entre le sablage et l'application de ce produit, la surface doit \u00eatre re-sabl\u00e9e pour r\u00e9pondre aux normes sp\u00e9cifi\u00e9es.<\/p>\n<p>Les d\u00e9fauts de surface expos\u00e9s lors du sablage doivent \u00eatre meul\u00e9s, remplis ou trait\u00e9s \u00e0 l'aide de m\u00e9thodes appropri\u00e9es. La rugosit\u00e9 de surface recommand\u00e9e est de 50 \u00e0 70 microns.<\/p>\n<p>La temp\u00e9rature du substrat ne doit pas \u00eatre inf\u00e9rieure \u00e0 10\u00b0C et doit \u00eatre sup\u00e9rieure d'au moins 3\u00b0C \u00e0 la temp\u00e9rature du point de ros\u00e9e.<\/p>\n<p><strong>Mixage :<\/strong><\/p>\n<p>Ce produit est fourni dans deux r\u00e9cipients, formant une unit\u00e9. Il doit \u00eatre m\u00e9lang\u00e9 deux par deux selon le rapport sp\u00e9cifi\u00e9 \u00e0 chaque fois et \u00eatre utilis\u00e9 dans les d\u00e9lais prescrits pour le m\u00e9lange et l'utilisation.<\/p>\n<ol>\n<li>M\u00e9langer la base (composant A) \u00e0 l'aide d'un agitateur m\u00e9canique.<\/li>\n<li>M\u00e9langer soigneusement tout l'agent de durcissement (composant B) avec la base (composant A) \u00e0 l'aide d'un agitateur m\u00e9canique.<\/li>\n<\/ol>\n<p><strong>P\u00e9riode de m\u00e9lange et d'utilisation :<\/strong><\/p>\n<ul>\n<li>\n<table>\n<tbody>\n<tr>\n<td style=\"text-align: center;\" width=\"142\">15\u2103<\/td>\n<td style=\"text-align: center;\" width=\"142\">25\u2103<\/td>\n<td width=\"142\">\n<p style=\"text-align: center;\">35\u2103<\/p>\n<\/td>\n<\/tr>\n<tr>\n<td style=\"text-align: center;\" width=\"142\">4H<\/td>\n<td style=\"text-align: center;\" width=\"142\">2H<\/td>\n<td width=\"142\">\n<p style=\"text-align: center;\">1H<\/p>\n<\/td>\n<\/tr>\n<\/tbody>\n<\/table>\n<\/li>\n<\/ul>\n<p><strong>Plus mince :<\/strong> Diluant pour contour d'oreille<\/p>\n<p><strong>M\u00e9thodes d'application :<\/strong> Pulv\u00e9risation sans air Pulv\u00e9risation \u00e0 l'air (avec un pot sous pression) Application \u00e0 la brosse \/ Application au rouleau (pour les petites surfaces uniquement)<\/p>\n<p><strong>Ratio d'amincissement :<\/strong><\/p>\n<ul>\n<li>\n<table>\n<tbody>\n<tr>\n<td width=\"142\">\n<p style=\"text-align: center;\">M\u00e9thode de construction :<\/p>\n<\/td>\n<td style=\"text-align: center;\" width=\"142\">pulv\u00e9risation sans air<\/td>\n<td style=\"text-align: center;\" width=\"142\">pulv\u00e9risation d'air (avec r\u00e9servoir sous pression)<\/td>\n<td style=\"text-align: center;\" width=\"142\">brosse\/rouleau<\/td>\n<\/tr>\n<tr>\n<td style=\"text-align: center;\" width=\"142\">Taux de dilution :<\/td>\n<td style=\"text-align: center;\" width=\"142\">0-5%<\/td>\n<td style=\"text-align: center;\" width=\"142\">5-20%<\/td>\n<td width=\"142\">\n<p style=\"text-align: center;\">0-10%<\/p>\n<\/td>\n<\/tr>\n<\/tbody>\n<\/table>\n<\/li>\n<\/ul>\n<p><strong>Pulv\u00e9risation sans air :<\/strong><\/p>\n<p>Taille de la buse : 0,63-1,09 mm Pression de pulv\u00e9risation : 15 MPa<\/p>\n<p><strong>Temps de s\u00e9chage :<\/strong><\/p>\n<table>\n<tbody>\n<tr>\n<td width=\"124\">\n<p style=\"text-align: center;\">(\u00c9paisseur du film humide 260\u03bcm, humidit\u00e9 relative 50%)<\/p>\n<\/td>\n<td style=\"text-align: center;\" width=\"66\">15\u2103<\/td>\n<td style=\"text-align: center;\" width=\"105\">25\u2103<\/td>\n<td style=\"text-align: center;\" width=\"122\">35\u2103<\/td>\n<\/tr>\n<tr>\n<td width=\"124\">\n<p style=\"text-align: center;\">Doigts secs au toucher<\/p>\n<\/td>\n<td style=\"text-align: center;\" width=\"66\">6H<\/td>\n<td style=\"text-align: center;\" width=\"105\">3H<\/td>\n<td style=\"text-align: center;\" width=\"122\">2H<\/td>\n<\/tr>\n<tr>\n<td style=\"text-align: center;\" width=\"124\">Transportable<\/td>\n<td style=\"text-align: center;\" width=\"66\">24H<\/td>\n<td style=\"text-align: center;\" width=\"105\">12H<\/td>\n<td width=\"122\">\n<p style=\"text-align: center;\">6H<\/p>\n<\/td>\n<\/tr>\n<tr>\n<td style=\"text-align: center;\" width=\"124\">enti\u00e8rement gu\u00e9ri<\/td>\n<td style=\"text-align: center;\" width=\"66\">14 jours<\/td>\n<td style=\"text-align: center;\" width=\"105\">7 jours<\/td>\n<td width=\"122\">\n<p style=\"text-align: center;\">3 jours<\/p>\n<\/td>\n<\/tr>\n<\/tbody>\n<\/table>\n<p><strong>Intervalle de recouvrement : (avec ce produit comme rev\u00eatement)<\/strong><\/p>\n<table>\n<tbody>\n<tr>\n<td style=\"text-align: center;\" width=\"124\">(\u00c9paisseur du film humide 260\u03bcm, humidit\u00e9 relative 50%)<\/td>\n<td style=\"text-align: center;\" width=\"102\">15\u2103<\/td>\n<td style=\"text-align: center;\" width=\"89\">25\u2103<\/td>\n<td width=\"158\">\n<p style=\"text-align: center;\">35\u2103<\/p>\n<\/td>\n<\/tr>\n<tr>\n<td style=\"text-align: center;\" width=\"124\">le plus court<\/td>\n<td style=\"text-align: center;\" width=\"102\">24H<\/td>\n<td style=\"text-align: center;\" width=\"89\">12H<\/td>\n<td width=\"158\">\n<p style=\"text-align: center;\">6H<\/p>\n<\/td>\n<\/tr>\n<\/tbody>\n<\/table>\n<p><strong>Remarque :<\/strong> Les donn\u00e9es ci-dessus sont fournies \u00e0 titre indicatif uniquement. Les temps de s\u00e9chage et de recouvrement r\u00e9els peuvent varier en fonction de l'\u00e9paisseur du film, de la ventilation, de l'humidit\u00e9, de la peinture sous-jacente, des exigences de chargement\/d\u00e9chargement pr\u00e9coce et de la r\u00e9sistance m\u00e9canique, entre autres facteurs.<\/p>\n<p>Ce produit convient aux environnements atmosph\u00e9riques sous-marins et ext\u00e9rieurs. Pour les applications sous-marines, une \u00e9paisseur minimale du syst\u00e8me de peinture de 450 microns est n\u00e9cessaire pour une protection durable contre la corrosion. Pour une exposition atmosph\u00e9rique g\u00e9n\u00e9rale en ext\u00e9rieur, une \u00e9paisseur minimale du syst\u00e8me de peinture de 350 microns est requise. L'application par pulv\u00e9risation sans air permet d'obtenir l'\u00e9paisseur de film la plus \u00e9lev\u00e9e en une seule couche. Les autres m\u00e9thodes d'application ne permettent pas d'obtenir l'\u00e9paisseur de film requise. Pour que l'application par pulv\u00e9risation pneumatique atteigne l'\u00e9paisseur de film maximale, plusieurs couches crois\u00e9es sont n\u00e9cessaires. Lors de l'application de ce produit au pinceau ou au rouleau, plusieurs couches de rev\u00eatement sont n\u00e9cessaires pour atteindre l'\u00e9paisseur de film sec totale sp\u00e9cifi\u00e9e.<\/p>\n<p><strong>Nettoyage des outils :<\/strong> Nettoyer tous les outils avec le diluant BTE apr\u00e8s utilisation.<\/p>\n<p>&nbsp;<\/p>\n<h2><strong>Sp\u00e9cifications de l'emballage :<\/strong><\/h2>\n<p>25kg par s\u00e9rie<\/p>\n<p>&nbsp;<\/p>\n<h2><strong>P\u00e9riode de stockage :<\/strong><\/h2>\n<p>Dans un endroit frais, sec et ombrag\u00e9, la dur\u00e9e de conservation sans ouverture est d'un an (\u00e0 25\u00b0C).<\/p>\n<p>&nbsp;<\/p>\n<p>&nbsp;<\/p>","protected":false},"excerpt":{"rendered":"<p>Le rev\u00eatement \u00e9poxydique Glass Flake est un type de rev\u00eatement protecteur principalement formul\u00e9 avec des r\u00e9sines organiques, utilisant la r\u00e9sine \u00e9poxy vinylester comme principal composant filmog\u00e8ne. Il incorpore des pigments de flocons de verre, r\u00e9put\u00e9s pour leur r\u00e9sistance chimique exceptionnelle, en tant qu'\u00e9l\u00e9ment anticorrosion cl\u00e9.<\/p>\n<p>&nbsp;<\/p>\n<p>La peinture anticorrosion au flocon de verre est largement utilis\u00e9e dans des sc\u00e9narios de protection anticorrosion exigeants, notamment pour le rev\u00eatement int\u00e9rieur des r\u00e9servoirs d'acide chimique, la protection des navires, l'anticorrosion de l'ing\u00e9nierie offshore et les rev\u00eatements des tours de d\u00e9sulfuration. Ces environnements sont tr\u00e8s corrosifs et n\u00e9cessitent une durabilit\u00e9 sup\u00e9rieure. La peinture est g\u00e9n\u00e9ralement disponible dans un nombre limit\u00e9 de couleurs, le vert \u00e9tant la couleur la plus courante. Une autre variante, le rev\u00eatement de flocons de verre \u00e0 base d'ester vinylique, offre des performances comparables, mais avec une r\u00e9sistance accrue aux hautes temp\u00e9ratures, capable de supporter des temp\u00e9ratures allant jusqu'\u00e0 200\u00b0C. Il est donc particuli\u00e8rement adapt\u00e9 aux rev\u00eatements des conduits de gaz de combustion dans les usines chimiques.<\/p>","protected":false},"featured_media":1501,"template":"","meta":{"om_disable_all_campaigns":false,"_monsterinsights_skip_tracking":false,"_monsterinsights_sitenote_active":false,"_monsterinsights_sitenote_note":"","_monsterinsights_sitenote_category":0,"_uf_show_specific_survey":0,"_uf_disable_surveys":false},"product_brand":[],"product_cat":[79],"product_tag":[89,268,267,81,82],"class_list":{"0":"post-1493","1":"product","2":"type-product","3":"status-publish","4":"has-post-thumbnail","6":"product_cat-industrial-coating","7":"product_tag-epoxy-glass-flake-paint","8":"product_tag-glass-flake-epoxy-coating","9":"product_tag-glass-flake-paint","10":"product_tag-industrial-coating","11":"product_tag-industrial-paint","13":"first","14":"instock","15":"shipping-taxable","16":"product-type-simple"},"yoast_head":"<!-- This site is optimized with the Yoast SEO Premium plugin v26.2 (Yoast SEO v26.5) - https:\/\/yoast.com\/wordpress\/plugins\/seo\/ -->\n<title>BGGF-10 Epoxy Glass Flake Paint - KAIDA PAINT\u00ae<\/title>\n<meta name=\"description\" content=\"Enhance your industrial assets with our \u200b\u200bGlass Flake Epoxy Coating\u200b\u200b, a superior protective solution designed for extreme corrosion resistance and long-term durability. Ideal for marine, chemical, and oil &amp; gas industries, this coating combines epoxy resin with glass flakes to create a barrier against abrasion, chemicals, and UV degradation. Trusted for pipelines, tanks, and offshore structures.\" \/>\n<meta name=\"robots\" content=\"index, follow, max-snippet:-1, max-image-preview:large, max-video-preview:-1\" \/>\n<link rel=\"canonical\" href=\"https:\/\/www.jinyupaint.com\/fr\/produit\/bggf-10-epoxy-glass-flake-paint\/\" \/>\n<meta property=\"og:locale\" content=\"fr_FR\" \/>\n<meta property=\"og:type\" content=\"article\" \/>\n<meta property=\"og:title\" content=\"BGGF-10 Epoxy Glass Flake Paint\" \/>\n<meta property=\"og:description\" content=\"Enhance your industrial assets with our \u200b\u200bGlass Flake Epoxy Coating\u200b\u200b, a superior protective solution designed for extreme corrosion resistance and long-term durability. Ideal for marine, chemical, and oil &amp; gas industries, this coating combines epoxy resin with glass flakes to create a barrier against abrasion, chemicals, and UV degradation. Trusted for pipelines, tanks, and offshore structures.\" \/>\n<meta property=\"og:url\" content=\"https:\/\/www.jinyupaint.com\/fr\/produit\/bggf-10-epoxy-glass-flake-paint\/\" \/>\n<meta property=\"og:site_name\" content=\"KAIDA PAINT\u00ae\" \/>\n<meta property=\"article:modified_time\" content=\"2025-05-15T09:37:02+00:00\" \/>\n<meta property=\"og:image\" content=\"https:\/\/www.jinyupaint.com\/wp-content\/uploads\/2023\/10\/Industrial-Paint-8.jpg\" \/>\n\t<meta property=\"og:image:width\" content=\"750\" \/>\n\t<meta property=\"og:image:height\" content=\"750\" \/>\n\t<meta property=\"og:image:type\" content=\"image\/jpeg\" \/>\n<meta name=\"twitter:card\" content=\"summary_large_image\" \/>\n<meta name=\"twitter:label1\" content=\"Dur\u00e9e de lecture estim\u00e9e\" \/>\n\t<meta name=\"twitter:data1\" content=\"3 minutes\" \/>\n<script type=\"application\/ld+json\" class=\"yoast-schema-graph\">{\"@context\":\"https:\/\/schema.org\",\"@graph\":[{\"@type\":\"WebPage\",\"@id\":\"https:\/\/www.jinyupaint.com\/product\/bggf-10-epoxy-glass-flake-paint\",\"url\":\"https:\/\/www.jinyupaint.com\/product\/bggf-10-epoxy-glass-flake-paint\",\"name\":\"BGGF-10 Epoxy Glass Flake Paint - KAIDA PAINT\u00ae\",\"isPartOf\":{\"@id\":\"https:\/\/www.jinyupaint.com\/#website\"},\"primaryImageOfPage\":{\"@id\":\"https:\/\/www.jinyupaint.com\/product\/bggf-10-epoxy-glass-flake-paint#primaryimage\"},\"image\":{\"@id\":\"https:\/\/www.jinyupaint.com\/product\/bggf-10-epoxy-glass-flake-paint#primaryimage\"},\"thumbnailUrl\":\"https:\/\/www.jinyupaint.com\/wp-content\/uploads\/2023\/10\/Industrial-Paint-8.jpg\",\"datePublished\":\"2023-10-17T03:44:03+00:00\",\"dateModified\":\"2025-05-15T09:37:02+00:00\",\"description\":\"Enhance your industrial assets with our \u200b\u200bGlass Flake Epoxy Coating\u200b\u200b, a superior protective solution designed for extreme corrosion resistance and long-term durability. Ideal for marine, chemical, and oil & gas industries, this coating combines epoxy resin with glass flakes to create a barrier against abrasion, chemicals, and UV degradation. Trusted for pipelines, tanks, and offshore structures.\",\"breadcrumb\":{\"@id\":\"https:\/\/www.jinyupaint.com\/product\/bggf-10-epoxy-glass-flake-paint#breadcrumb\"},\"inLanguage\":\"fr-FR\",\"potentialAction\":[{\"@type\":\"ReadAction\",\"target\":[\"https:\/\/www.jinyupaint.com\/product\/bggf-10-epoxy-glass-flake-paint\"]}]},{\"@type\":\"ImageObject\",\"inLanguage\":\"fr-FR\",\"@id\":\"https:\/\/www.jinyupaint.com\/product\/bggf-10-epoxy-glass-flake-paint#primaryimage\",\"url\":\"https:\/\/www.jinyupaint.com\/wp-content\/uploads\/2023\/10\/Industrial-Paint-8.jpg\",\"contentUrl\":\"https:\/\/www.jinyupaint.com\/wp-content\/uploads\/2023\/10\/Industrial-Paint-8.jpg\",\"width\":750,\"height\":750,\"caption\":\"Industrial-Paint\"},{\"@type\":\"BreadcrumbList\",\"@id\":\"https:\/\/www.jinyupaint.com\/product\/bggf-10-epoxy-glass-flake-paint#breadcrumb\",\"itemListElement\":[{\"@type\":\"ListItem\",\"position\":1,\"name\":\"Home\",\"item\":\"https:\/\/www.jinyupaint.com\/\"},{\"@type\":\"ListItem\",\"position\":2,\"name\":\"Shop\",\"item\":\"https:\/\/www.jinyupaint.com\/shop.html\"},{\"@type\":\"ListItem\",\"position\":3,\"name\":\"BGGF-10 Epoxy Glass Flake Paint\"}]},{\"@type\":\"WebSite\",\"@id\":\"https:\/\/www.jinyupaint.com\/#website\",\"url\":\"https:\/\/www.jinyupaint.com\/\",\"name\":\"JINYU\u00ae PAINT\",\"description\":\"JINYU PAINT\u00ae Manufacturer\",\"potentialAction\":[{\"@type\":\"SearchAction\",\"target\":{\"@type\":\"EntryPoint\",\"urlTemplate\":\"https:\/\/www.jinyupaint.com\/?s={search_term_string}\"},\"query-input\":{\"@type\":\"PropertyValueSpecification\",\"valueRequired\":true,\"valueName\":\"search_term_string\"}}],\"inLanguage\":\"fr-FR\"}]}<\/script>\n<!-- \/ Yoast SEO Premium plugin. -->","yoast_head_json":{"title":"BGGF-10 Epoxy Glass Flake Paint - KAIDA PAINT\u00ae","description":"Am\u00e9liorez vos actifs industriels avec notre rev\u00eatement \u00e9poxy Glass Flake, une solution de protection sup\u00e9rieure con\u00e7ue pour une r\u00e9sistance extr\u00eame \u00e0 la corrosion et une durabilit\u00e9 \u00e0 long terme. Id\u00e9al pour les industries marines, chimiques, p\u00e9troli\u00e8res et gazi\u00e8res, ce rev\u00eatement associe une r\u00e9sine \u00e9poxy \u00e0 des paillettes de verre pour cr\u00e9er une barri\u00e8re contre l'abrasion, les produits chimiques et la d\u00e9gradation par les UV. Il est utilis\u00e9 pour les pipelines, les r\u00e9servoirs et les structures offshore.","robots":{"index":"index","follow":"follow","max-snippet":"max-snippet:-1","max-image-preview":"max-image-preview:large","max-video-preview":"max-video-preview:-1"},"canonical":"https:\/\/www.jinyupaint.com\/fr\/produit\/bggf-10-epoxy-glass-flake-paint\/","og_locale":"fr_FR","og_type":"article","og_title":"BGGF-10 Epoxy Glass Flake Paint","og_description":"Enhance your industrial assets with our \u200b\u200bGlass Flake Epoxy Coating\u200b\u200b, a superior protective solution designed for extreme corrosion resistance and long-term durability. Ideal for marine, chemical, and oil & gas industries, this coating combines epoxy resin with glass flakes to create a barrier against abrasion, chemicals, and UV degradation. Trusted for pipelines, tanks, and offshore structures.","og_url":"https:\/\/www.jinyupaint.com\/fr\/produit\/bggf-10-epoxy-glass-flake-paint\/","og_site_name":"KAIDA PAINT\u00ae","article_modified_time":"2025-05-15T09:37:02+00:00","og_image":[{"width":750,"height":750,"url":"https:\/\/www.jinyupaint.com\/wp-content\/uploads\/2023\/10\/Industrial-Paint-8.jpg","type":"image\/jpeg"}],"twitter_card":"summary_large_image","twitter_misc":{"Dur\u00e9e de lecture estim\u00e9e":"3 minutes"},"schema":{"@context":"https:\/\/schema.org","@graph":[{"@type":"WebPage","@id":"https:\/\/www.jinyupaint.com\/product\/bggf-10-epoxy-glass-flake-paint","url":"https:\/\/www.jinyupaint.com\/product\/bggf-10-epoxy-glass-flake-paint","name":"BGGF-10 Epoxy Glass Flake Paint - KAIDA PAINT\u00ae","isPartOf":{"@id":"https:\/\/www.jinyupaint.com\/#website"},"primaryImageOfPage":{"@id":"https:\/\/www.jinyupaint.com\/product\/bggf-10-epoxy-glass-flake-paint#primaryimage"},"image":{"@id":"https:\/\/www.jinyupaint.com\/product\/bggf-10-epoxy-glass-flake-paint#primaryimage"},"thumbnailUrl":"https:\/\/www.jinyupaint.com\/wp-content\/uploads\/2023\/10\/Industrial-Paint-8.jpg","datePublished":"2023-10-17T03:44:03+00:00","dateModified":"2025-05-15T09:37:02+00:00","description":"Am\u00e9liorez vos actifs industriels avec notre rev\u00eatement \u00e9poxy Glass Flake, une solution de protection sup\u00e9rieure con\u00e7ue pour une r\u00e9sistance extr\u00eame \u00e0 la corrosion et une durabilit\u00e9 \u00e0 long terme. Id\u00e9al pour les industries marines, chimiques, p\u00e9troli\u00e8res et gazi\u00e8res, ce rev\u00eatement associe une r\u00e9sine \u00e9poxy \u00e0 des paillettes de verre pour cr\u00e9er une barri\u00e8re contre l'abrasion, les produits chimiques et la d\u00e9gradation par les UV. Il est utilis\u00e9 pour les pipelines, les r\u00e9servoirs et les structures offshore.","breadcrumb":{"@id":"https:\/\/www.jinyupaint.com\/product\/bggf-10-epoxy-glass-flake-paint#breadcrumb"},"inLanguage":"fr-FR","potentialAction":[{"@type":"ReadAction","target":["https:\/\/www.jinyupaint.com\/product\/bggf-10-epoxy-glass-flake-paint"]}]},{"@type":"ImageObject","inLanguage":"fr-FR","@id":"https:\/\/www.jinyupaint.com\/product\/bggf-10-epoxy-glass-flake-paint#primaryimage","url":"https:\/\/www.jinyupaint.com\/wp-content\/uploads\/2023\/10\/Industrial-Paint-8.jpg","contentUrl":"https:\/\/www.jinyupaint.com\/wp-content\/uploads\/2023\/10\/Industrial-Paint-8.jpg","width":750,"height":750,"caption":"Industrial-Paint"},{"@type":"BreadcrumbList","@id":"https:\/\/www.jinyupaint.com\/product\/bggf-10-epoxy-glass-flake-paint#breadcrumb","itemListElement":[{"@type":"ListItem","position":1,"name":"Home","item":"https:\/\/www.jinyupaint.com\/"},{"@type":"ListItem","position":2,"name":"Shop","item":"https:\/\/www.jinyupaint.com\/shop.html"},{"@type":"ListItem","position":3,"name":"BGGF-10 Epoxy Glass Flake Paint"}]},{"@type":"WebSite","@id":"https:\/\/www.jinyupaint.com\/#website","url":"https:\/\/www.jinyupaint.com\/","name":"JINYU\u00ae PAINT","description":"JINYU PAINT\u00ae Fabricant","potentialAction":[{"@type":"SearchAction","target":{"@type":"EntryPoint","urlTemplate":"https:\/\/www.jinyupaint.com\/?s={search_term_string}"},"query-input":{"@type":"PropertyValueSpecification","valueRequired":true,"valueName":"search_term_string"}}],"inLanguage":"fr-FR"}]}},"_links":{"self":[{"href":"https:\/\/www.jinyupaint.com\/fr\/wp-json\/wp\/v2\/product\/1493","targetHints":{"allow":["GET"]}}],"collection":[{"href":"https:\/\/www.jinyupaint.com\/fr\/wp-json\/wp\/v2\/product"}],"about":[{"href":"https:\/\/www.jinyupaint.com\/fr\/wp-json\/wp\/v2\/types\/product"}],"wp:featuredmedia":[{"embeddable":true,"href":"https:\/\/www.jinyupaint.com\/fr\/wp-json\/wp\/v2\/media\/1501"}],"wp:attachment":[{"href":"https:\/\/www.jinyupaint.com\/fr\/wp-json\/wp\/v2\/media?parent=1493"}],"wp:term":[{"taxonomy":"product_brand","embeddable":true,"href":"https:\/\/www.jinyupaint.com\/fr\/wp-json\/wp\/v2\/product_brand?post=1493"},{"taxonomy":"product_cat","embeddable":true,"href":"https:\/\/www.jinyupaint.com\/fr\/wp-json\/wp\/v2\/product_cat?post=1493"},{"taxonomy":"product_tag","embeddable":true,"href":"https:\/\/www.jinyupaint.com\/fr\/wp-json\/wp\/v2\/product_tag?post=1493"}],"curies":[{"name":"wp","href":"https:\/\/api.w.org\/{rel}","templated":true}]}}