{"id":1489,"date":"2023-10-17T03:26:59","date_gmt":"2023-10-17T03:26:59","guid":{"rendered":"http:\/\/www.jinyupaint.com\/?post_type=product&#038;p=1489"},"modified":"2025-07-22T08:51:44","modified_gmt":"2025-07-22T08:51:44","slug":"bgez-60-epoxy-zinc-rich-primer","status":"publish","type":"product","link":"https:\/\/www.jinyupaint.com\/fr\/produit\/bgez-60-epoxy-zinc-rich-primer","title":{"rendered":"BGEZ-60 Primaire \u00e9poxy riche en zinc"},"content":{"rendered":"<h2><strong>1. Pr\u00e9sentation du produit<\/strong><\/h2>\n<p class=\"ds-markdown-paragraph\">BGEZ-60 est un appr\u00eat \u00e9poxy riche en zinc de haute performance con\u00e7u pour offrir une protection sup\u00e9rieure contre la corrosion aux structures en acier dans des environnements mod\u00e9r\u00e9ment agressifs. Il s'agit d'un syst\u00e8me de rev\u00eatement \u00e0 deux composants qui combine une base de r\u00e9sine \u00e9poxy avec un agent de durcissement polyamide et de la poussi\u00e8re de zinc de haute puret\u00e9 (60% en poids) pour offrir une protection cathodique exceptionnelle. Ce primaire riche en zinc pour l'acier est sp\u00e9cialement formul\u00e9 pour les applications industrielles, marines et d'infrastructure o\u00f9 la durabilit\u00e9 \u00e0 long terme est essentielle.<\/p>\n<p class=\"ds-markdown-paragraph\">Le primaire offre trois propri\u00e9t\u00e9s protectrices essentielles : une protection galvanique gr\u00e2ce \u00e0 sa teneur \u00e9lev\u00e9e en zinc, une forte adh\u00e9rence sur les surfaces en acier correctement pr\u00e9par\u00e9es et une excellente r\u00e9sistance m\u00e9canique aux chocs et \u00e0 l'abrasion. Il est conforme aux normes HG\/T 3668-2020 pour les rev\u00eatements riches en zinc et pr\u00e9sente une teneur \u00e9lev\u00e9e en solides volumiques (58%) pour une couverture efficace avec des \u00e9missions r\u00e9duites de COV. Le produit constitue une base id\u00e9ale pour les syst\u00e8mes multicouches, compatible avec la plupart des couches de finition \u00e9poxy, polyur\u00e9thane et acrylique.<\/p>\n<p class=\"ds-markdown-paragraph\">Recommand\u00e9 pour les charpentes m\u00e9talliques, les r\u00e9servoirs de stockage, les \u00e9quipements industriels et les installations marines, le BGEZ-60 donne les meilleurs r\u00e9sultats lorsqu'il est appliqu\u00e9 sur de l'acier nettoy\u00e9 par sablage (Sa2\u00bd) dans des conditions contr\u00f4l\u00e9es. Lorsqu'il est utilis\u00e9 conform\u00e9ment aux sp\u00e9cifications, ce primaire \u00e9poxy \u00e0 haute teneur en zinc prolonge consid\u00e9rablement la dur\u00e9e de vie des actifs en acier dans les environnements corrosifs, ce qui en fait un choix fiable pour les syst\u00e8mes anticorrosion professionnels.<\/p>\n<h2><strong>2. Caract\u00e9ristiques du produit<\/strong><\/h2>\n<ul style=\"list-style: inside;\">\n<li>Protection cathodique<\/li>\n<li>Excellente performance anti-corrosion<\/li>\n<li>Forte adh\u00e9rence et r\u00e9sistance aux chocs<\/li>\n<\/ul>\n<h2><strong>3. Norme de conformit\u00e9<\/strong><\/h2>\n<p class=\"ds-markdown-paragraph\">HG\/T 3668-2020\u00a0<em>Rev\u00eatements riches en zinc<\/em><\/p>\n<h2><strong>4. Donn\u00e9es techniques<\/strong><\/h2>\n<div class=\"markdown-table-wrapper\">\n<table>\n<thead>\n<tr>\n<th>Non.<\/th>\n<th>\u00c9l\u00e9ment de test<\/th>\n<th>Exigences techniques<\/th>\n<th>Valeur standard<\/th>\n<th>R\u00e9sultat du test<\/th>\n<\/tr>\n<\/thead>\n<tbody>\n<tr>\n<td>1<\/td>\n<td>\u00c9tat dans le conteneur<\/td>\n<td>Uniformit\u00e9 apr\u00e8s le m\u00e9lange, pas de grumeaux durs<\/td>\n<td>Uniformit\u00e9 apr\u00e8s le m\u00e9lange, pas de grumeaux durs<\/td>\n<\/tr>\n<tr>\n<td>2<\/td>\n<td>Volume des solides (%)<\/td>\n<td>-<\/td>\n<td>58<\/td>\n<\/tr>\n<tr>\n<td>3<\/td>\n<td>Film sec standard (\u00b5m)<\/td>\n<td>-<\/td>\n<td>50<\/td>\n<\/tr>\n<tr>\n<td>4<\/td>\n<td>Taux de couverture<\/td>\n<td>-<\/td>\n<td>5 m\u00b2\/kg, 11,5 m\u00b2\/L (pour un film sec de 50\u00b5m)<\/td>\n<\/tr>\n<tr>\n<td>5<\/td>\n<td>Surface s\u00e8che (\u226425\u00b0C)<\/td>\n<td>2h<\/td>\n<td>0.5h<\/td>\n<\/tr>\n<tr>\n<td>6<\/td>\n<td>Sec (\u226425\u00b0C)<\/td>\n<td>24h<\/td>\n<td>3h<\/td>\n<\/tr>\n<tr>\n<td>7<\/td>\n<td>R\u00e9sistance \u00e0 l'impact (cm)<\/td>\n<td>\u226550<\/td>\n<td>50<\/td>\n<\/tr>\n<tr>\n<td>8<\/td>\n<td>Adh\u00e9sion (MPa)<\/td>\n<td>\u22656<\/td>\n<td>6<\/td>\n<\/tr>\n<tr>\n<td>9<\/td>\n<td>R\u00e9sistance au brouillard salin (m\u00e9thode du trac\u00e9)<\/td>\n<td>\u2265200h, d\u00e9colletage \u22642mm<\/td>\n<td>230h, d\u00e9colletage \u22642mm<\/td>\n<\/tr>\n<tr>\n<td>10<\/td>\n<td>Point d'\u00e9clair (\u00b0C)<\/td>\n<td>-<\/td>\n<td>29<\/td>\n<\/tr>\n<\/tbody>\n<\/table>\n<\/div>\n<h2><strong>5. Champ d'application<\/strong><\/h2>\n<p class=\"ds-markdown-paragraph\">Ce syst\u00e8me tr\u00e8s performant\u00a0<strong>Appr\u00eat riche en zinc pour l'acier<\/strong>\u00a0fait partie d'un syst\u00e8me de rev\u00eatement anticorrosion qui prot\u00e8ge l'acier dans des environnements mod\u00e9r\u00e9ment corrosifs.<\/p>\n<h2><strong>6. Pr\u00e9cautions d'emploi<\/strong><\/h2>\n<h4><strong>6.1 Instructions relatives \u00e0 la demande<\/strong><\/h4>\n<p class=\"ds-markdown-paragraph\"><strong>Pr\u00e9paration de la surface :<\/strong><\/p>\n<ul style=\"list-style: inside;\">\n<li>\nToutes les surfaces doivent \u00eatre propres, s\u00e8ches et exemptes de toute contamination.\n<\/li>\n<li>Surfaces neuves en acier : Nettoyage par sablage selon Sa2 (ISO 8501-1:2007, GB\/T 8923-2011) ou SSPC-SP6. Si de la rouille appara\u00eet avant l'application du rev\u00eatement, proc\u00e9der \u00e0 un nouveau sablage selon les normes requises.<\/li>\n<li>Vieilles structures en acier : Nettoyage \u00e0 l'outil manuel jusqu'\u00e0 St3.<\/li>\n<li>Rugosit\u00e9 minimale de la surface : 50\u00b5m.<\/li>\n<li>La temp\u00e9rature du support doit \u00eatre \u22655\u00b0C et au moins 3\u00b0C au-dessus du point de ros\u00e9e.<\/li>\n<\/ul>\n<p class=\"ds-markdown-paragraph\"><strong>Mixage :<\/strong><\/p>\n<ul>\n<li>Syst\u00e8me \u00e0 deux composants (A + B). M\u00e9langer dans le rapport\u00a0<strong>30:3 (A:B)<\/strong>.<\/li>\n<\/ul>\n<ol start=\"1\">\n<li>M\u00e9langer le composant de base (A) \u00e0 l'aide d'un m\u00e9langeur m\u00e9canique.<\/li>\n<li>Ajouter l'agent de durcissement complet (B) \u00e0 (A) et m\u00e9langer soigneusement.<\/li>\n<\/ol>\n<p class=\"ds-markdown-paragraph\"><strong>La vie en pot :<\/strong><\/p>\n<ul>\n<li>\n<p class=\"ds-markdown-paragraph\">15\u00b0C : 3h | 25\u00b0C : 2h | 35\u00b0C : 1h<\/p>\n<\/li>\n<\/ul>\n<p class=\"ds-markdown-paragraph\"><strong>Plus mince :<\/strong>\u00a0JinYu No.1 Diluant<\/p>\n<p class=\"ds-markdown-paragraph\"><strong>M\u00e9thodes d'application :<\/strong><\/p>\n<ul style=\"list-style: inside;\">\n<li>Pulv\u00e9risation sans air : Taille de la buse 0,38-0,53 mm, pression 15MPa<\/li>\n<li>Pulv\u00e9risation conventionnelle : Diluant 5-15%<\/li>\n<li>Brosse\/rouleau : 0-5% diluant<\/li>\n<\/ul>\n<p class=\"ds-markdown-paragraph\"><strong>Temps de s\u00e9chage (50% RH, film humide 86\u00b5m) :<\/strong><\/p>\n<div class=\"markdown-table-wrapper\">\n<table>\n<thead>\n<tr>\n<th>Temp\u00e9rature<\/th>\n<th>S\u00e9chage au toucher<\/th>\n<th>Manipulation \u00e0 sec<\/th>\n<th>Cure compl\u00e8te<\/th>\n<\/tr>\n<\/thead>\n<tbody>\n<tr>\n<td>15\u00b0C<\/td>\n<td>1h<\/td>\n<td>4h<\/td>\n<td>7 jours<\/td>\n<\/tr>\n<tr>\n<td>25\u00b0C<\/td>\n<td>0.5h<\/td>\n<td>3h<\/td>\n<td>5 jours<\/td>\n<\/tr>\n<tr>\n<td>35\u00b0C<\/td>\n<td>0.4h<\/td>\n<td>2h<\/td>\n<td>2 jours<\/td>\n<\/tr>\n<\/tbody>\n<\/table>\n<\/div>\n<p class=\"ds-markdown-paragraph\"><strong>Intervalle de recouvrement (50% RH, film humide 86\u00b5m) :<\/strong><\/p>\n<div class=\"markdown-table-wrapper\">\n<table>\n<thead>\n<tr>\n<th>Temp\u00e9rature<\/th>\n<th>Intervalle minimum<\/th>\n<\/tr>\n<\/thead>\n<tbody>\n<tr>\n<td>15\u00b0C<\/td>\n<td>6h<\/td>\n<\/tr>\n<tr>\n<td>25\u00b0C<\/td>\n<td>4h<\/td>\n<\/tr>\n<tr>\n<td>35\u00b0C<\/td>\n<td>2h<\/td>\n<\/tr>\n<\/tbody>\n<\/table>\n<\/div>\n<p class=\"ds-markdown-paragraph\"><em>Remarque : le temps de s\u00e9chage varie en fonction de l'\u00e9paisseur du film, de la ventilation, de l'humidit\u00e9, etc.<\/em><\/p>\n<p class=\"ds-markdown-paragraph\"><strong>Nettoyage des outils :<\/strong>\u00a0Nettoyer les outils avec le diluant JinYu No.1 apr\u00e8s utilisation.<\/p>\n<h4><strong>6.2 S\u00e9curit\u00e9<\/strong><\/h4>\n<ul style=\"list-style: inside;\">\n<li>\n\u00c9viter l'inhalation des vapeurs et le contact avec la peau ou les yeux.\n<\/li>\n<li>\nUtiliser des EPI (gants, lunettes, respirateur).\n<\/li>\n<li>\nAssurer une bonne ventilation dans les espaces confin\u00e9s.\n<\/li>\n<li>\nRisque d'incendie : Tenir \u00e0 l'\u00e9cart des sources d'inflammation.\n<\/li>\n<\/ul>\n<h4><strong>6.3 Notes compl\u00e9mentaires<\/strong><\/h4>\n<ul style=\"list-style: inside;\">\n<li>\nAppliquer \u00e0 &gt;10\u00b0C, temp\u00e9rature du support &gt;15\u00b0C.\n<\/li>\n<li>\nHumidit\u00e9 maximale pendant le durcissement : 80% (id\u00e9al : 40-60%).\n<\/li>\n<li>\nNe pas appliquer sur des surfaces humides ou contamin\u00e9es.\n<\/li>\n<li>\nConserver dans un endroit frais et sec, \u00e0 l'abri de la lumi\u00e8re du soleil.\n<\/li>\n<li>\nDur\u00e9e de conservation : 1 an (non ouvert).\n<\/li>\n<\/ul>","protected":false},"excerpt":{"rendered":"<p>Un appr\u00eat riche en zinc de premi\u00e8re qualit\u00e9 contenant du zinc 60% pour une protection cathodique sup\u00e9rieure des structures en acier. Ce rev\u00eatement \u00e9poxy \u00e0 deux composants offre une r\u00e9sistance exceptionnelle \u00e0 la corrosion, une forte adh\u00e9rence et des performances durables dans les environnements difficiles.<\/p>\n<p>Id\u00e9al pour les installations industrielles, les structures marines, les ponts et les \u00e9quipements lourds, il forme une couche de base protectrice qui prolonge consid\u00e9rablement la dur\u00e9e de vie des biens.<\/p>\n<p><strong>Principaux avantages :<\/strong><br \/>\n\u2714 60% teneur en zinc pour une protection active contre la corrosion<br \/>\n\u2714 Excellente adh\u00e9rence et r\u00e9sistance aux chocs<br \/>\n\u2714 Compatible avec la plupart des syst\u00e8mes de topcoat<br \/>\n\u2714 R\u00e9pond aux normes HG\/T 3668-2020<\/p>\n<p>La solution anticorrosion ultime pour l'acier dans les applications exigeantes.<\/p>","protected":false},"featured_media":1504,"template":"","meta":{"om_disable_all_campaigns":false,"_monsterinsights_skip_tracking":false,"_monsterinsights_sitenote_active":false,"_monsterinsights_sitenote_note":"","_monsterinsights_sitenote_category":0,"_uf_show_specific_survey":0,"_uf_disable_surveys":false},"product_brand":[],"product_cat":[79,530],"product_tag":[555,560,554,80,557,81,82,558,559,562,556,561,553],"class_list":{"0":"post-1489","1":"product","2":"type-product","3":"status-publish","4":"has-post-thumbnail","6":"product_cat-industrial-coating","7":"product_cat-zinc-rich-paint-coating","8":"product_tag-anti-corrosion-coating","9":"product_tag-cathodic-protection-primer","10":"product_tag-epoxy-zinc-primer","11":"product_tag-epoxy-zinc-rich-primer","12":"product_tag-high-zinc-coating","13":"product_tag-industrial-coating","14":"product_tag-industrial-paint","15":"product_tag-industrial-primer","16":"product_tag-marine-coating","17":"product_tag-protective-coating-for-steel","18":"product_tag-steel-primer","19":"product_tag-zinc-epoxy-paint","20":"product_tag-zinc-rich-primer","22":"first","23":"instock","24":"shipping-taxable","25":"product-type-simple"},"yoast_head":"<!-- This site is optimized with the Yoast SEO Premium plugin v26.2 (Yoast SEO v26.5) - https:\/\/yoast.com\/wordpress\/plugins\/seo\/ -->\n<title>BGEZ-60 Epoxy Zinc-rich Primer Anti-Corrosion Coating - KAIDA PAINT\u00ae Manufacturer | Supplier<\/title>\n<meta name=\"description\" content=\"High-performance zinc rich primer for steel with 60% zinc content. Provides cathodic protection, excellent adhesion &amp; corrosion resistance for industrial\/marine applications.\" \/>\n<meta name=\"robots\" content=\"index, follow, max-snippet:-1, max-image-preview:large, max-video-preview:-1\" \/>\n<link rel=\"canonical\" href=\"https:\/\/www.jinyupaint.com\/fr\/produit\/bgez-60-epoxy-zinc-rich-primer\/\" \/>\n<meta property=\"og:locale\" content=\"fr_FR\" \/>\n<meta property=\"og:type\" content=\"article\" \/>\n<meta property=\"og:title\" content=\"BGEZ-60 Epoxy Zinc-rich Primer\" \/>\n<meta property=\"og:description\" content=\"High-performance zinc rich primer for steel with 60% zinc content. Provides cathodic protection, excellent adhesion &amp; corrosion resistance for industrial\/marine applications.\" \/>\n<meta property=\"og:url\" content=\"https:\/\/www.jinyupaint.com\/fr\/produit\/bgez-60-epoxy-zinc-rich-primer\/\" \/>\n<meta property=\"og:site_name\" content=\"KAIDA PAINT\u00ae\" \/>\n<meta property=\"article:modified_time\" content=\"2025-07-22T08:51:44+00:00\" \/>\n<meta property=\"og:image\" content=\"https:\/\/www.jinyupaint.com\/wp-content\/uploads\/2023\/10\/Industrial-Paint-11.jpg\" \/>\n\t<meta property=\"og:image:width\" content=\"750\" \/>\n\t<meta property=\"og:image:height\" content=\"750\" \/>\n\t<meta property=\"og:image:type\" content=\"image\/jpeg\" \/>\n<meta name=\"twitter:card\" content=\"summary_large_image\" \/>\n<meta name=\"twitter:label1\" content=\"Dur\u00e9e de lecture estim\u00e9e\" \/>\n\t<meta name=\"twitter:data1\" content=\"3 minutes\" \/>\n<script type=\"application\/ld+json\" class=\"yoast-schema-graph\">{\"@context\":\"https:\/\/schema.org\",\"@graph\":[{\"@type\":\"WebPage\",\"@id\":\"https:\/\/www.jinyupaint.com\/product\/bgez-60-epoxy-zinc-rich-primer\",\"url\":\"https:\/\/www.jinyupaint.com\/product\/bgez-60-epoxy-zinc-rich-primer\",\"name\":\"BGEZ-60 Epoxy Zinc-rich Primer Anti-Corrosion Coating - KAIDA PAINT\u00ae Manufacturer | Supplier\",\"isPartOf\":{\"@id\":\"https:\/\/www.jinyupaint.com\/#website\"},\"primaryImageOfPage\":{\"@id\":\"https:\/\/www.jinyupaint.com\/product\/bgez-60-epoxy-zinc-rich-primer#primaryimage\"},\"image\":{\"@id\":\"https:\/\/www.jinyupaint.com\/product\/bgez-60-epoxy-zinc-rich-primer#primaryimage\"},\"thumbnailUrl\":\"https:\/\/www.jinyupaint.com\/wp-content\/uploads\/2023\/10\/Industrial-Paint-11.jpg\",\"datePublished\":\"2023-10-17T03:26:59+00:00\",\"dateModified\":\"2025-07-22T08:51:44+00:00\",\"description\":\"High-performance zinc rich primer for steel with 60% zinc content. Provides cathodic protection, excellent adhesion & corrosion resistance for industrial\/marine applications.\",\"breadcrumb\":{\"@id\":\"https:\/\/www.jinyupaint.com\/product\/bgez-60-epoxy-zinc-rich-primer#breadcrumb\"},\"inLanguage\":\"fr-FR\",\"potentialAction\":[{\"@type\":\"ReadAction\",\"target\":[\"https:\/\/www.jinyupaint.com\/product\/bgez-60-epoxy-zinc-rich-primer\"]}]},{\"@type\":\"ImageObject\",\"inLanguage\":\"fr-FR\",\"@id\":\"https:\/\/www.jinyupaint.com\/product\/bgez-60-epoxy-zinc-rich-primer#primaryimage\",\"url\":\"https:\/\/www.jinyupaint.com\/wp-content\/uploads\/2023\/10\/Industrial-Paint-11.jpg\",\"contentUrl\":\"https:\/\/www.jinyupaint.com\/wp-content\/uploads\/2023\/10\/Industrial-Paint-11.jpg\",\"width\":750,\"height\":750,\"caption\":\"Industrial-Paint\"},{\"@type\":\"BreadcrumbList\",\"@id\":\"https:\/\/www.jinyupaint.com\/product\/bgez-60-epoxy-zinc-rich-primer#breadcrumb\",\"itemListElement\":[{\"@type\":\"ListItem\",\"position\":1,\"name\":\"Home\",\"item\":\"https:\/\/www.jinyupaint.com\/\"},{\"@type\":\"ListItem\",\"position\":2,\"name\":\"Shop\",\"item\":\"https:\/\/www.jinyupaint.com\/shop.html\"},{\"@type\":\"ListItem\",\"position\":3,\"name\":\"BGEZ-60 Epoxy Zinc-rich Primer\"}]},{\"@type\":\"WebSite\",\"@id\":\"https:\/\/www.jinyupaint.com\/#website\",\"url\":\"https:\/\/www.jinyupaint.com\/\",\"name\":\"JINYU\u00ae PAINT\",\"description\":\"JINYU PAINT\u00ae Manufacturer\",\"potentialAction\":[{\"@type\":\"SearchAction\",\"target\":{\"@type\":\"EntryPoint\",\"urlTemplate\":\"https:\/\/www.jinyupaint.com\/?s={search_term_string}\"},\"query-input\":{\"@type\":\"PropertyValueSpecification\",\"valueRequired\":true,\"valueName\":\"search_term_string\"}}],\"inLanguage\":\"fr-FR\"}]}<\/script>\n<!-- \/ Yoast SEO Premium plugin. -->","yoast_head_json":{"title":"BGEZ-60 Epoxy Zinc-rich Primer Anti-Corrosion Coating - KAIDA PAINT\u00ae Manufacturer | Supplier","description":"Primaire haute performance riche en zinc pour l'acier avec une teneur en zinc de 60%. Assure une protection cathodique, une excellente adh\u00e9rence et une r\u00e9sistance \u00e0 la corrosion pour les applications industrielles et marines.","robots":{"index":"index","follow":"follow","max-snippet":"max-snippet:-1","max-image-preview":"max-image-preview:large","max-video-preview":"max-video-preview:-1"},"canonical":"https:\/\/www.jinyupaint.com\/fr\/produit\/bgez-60-epoxy-zinc-rich-primer\/","og_locale":"fr_FR","og_type":"article","og_title":"BGEZ-60 Epoxy Zinc-rich Primer","og_description":"High-performance zinc rich primer for steel with 60% zinc content. Provides cathodic protection, excellent adhesion & corrosion resistance for industrial\/marine applications.","og_url":"https:\/\/www.jinyupaint.com\/fr\/produit\/bgez-60-epoxy-zinc-rich-primer\/","og_site_name":"KAIDA PAINT\u00ae","article_modified_time":"2025-07-22T08:51:44+00:00","og_image":[{"width":750,"height":750,"url":"https:\/\/www.jinyupaint.com\/wp-content\/uploads\/2023\/10\/Industrial-Paint-11.jpg","type":"image\/jpeg"}],"twitter_card":"summary_large_image","twitter_misc":{"Dur\u00e9e de lecture estim\u00e9e":"3 minutes"},"schema":{"@context":"https:\/\/schema.org","@graph":[{"@type":"WebPage","@id":"https:\/\/www.jinyupaint.com\/product\/bgez-60-epoxy-zinc-rich-primer","url":"https:\/\/www.jinyupaint.com\/product\/bgez-60-epoxy-zinc-rich-primer","name":"BGEZ-60 Epoxy Zinc-rich Primer Anti-Corrosion Coating - KAIDA PAINT\u00ae Manufacturer | Supplier","isPartOf":{"@id":"https:\/\/www.jinyupaint.com\/#website"},"primaryImageOfPage":{"@id":"https:\/\/www.jinyupaint.com\/product\/bgez-60-epoxy-zinc-rich-primer#primaryimage"},"image":{"@id":"https:\/\/www.jinyupaint.com\/product\/bgez-60-epoxy-zinc-rich-primer#primaryimage"},"thumbnailUrl":"https:\/\/www.jinyupaint.com\/wp-content\/uploads\/2023\/10\/Industrial-Paint-11.jpg","datePublished":"2023-10-17T03:26:59+00:00","dateModified":"2025-07-22T08:51:44+00:00","description":"Primaire haute performance riche en zinc pour l'acier avec une teneur en zinc de 60%. Assure une protection cathodique, une excellente adh\u00e9rence et une r\u00e9sistance \u00e0 la corrosion pour les applications industrielles et marines.","breadcrumb":{"@id":"https:\/\/www.jinyupaint.com\/product\/bgez-60-epoxy-zinc-rich-primer#breadcrumb"},"inLanguage":"fr-FR","potentialAction":[{"@type":"ReadAction","target":["https:\/\/www.jinyupaint.com\/product\/bgez-60-epoxy-zinc-rich-primer"]}]},{"@type":"ImageObject","inLanguage":"fr-FR","@id":"https:\/\/www.jinyupaint.com\/product\/bgez-60-epoxy-zinc-rich-primer#primaryimage","url":"https:\/\/www.jinyupaint.com\/wp-content\/uploads\/2023\/10\/Industrial-Paint-11.jpg","contentUrl":"https:\/\/www.jinyupaint.com\/wp-content\/uploads\/2023\/10\/Industrial-Paint-11.jpg","width":750,"height":750,"caption":"Industrial-Paint"},{"@type":"BreadcrumbList","@id":"https:\/\/www.jinyupaint.com\/product\/bgez-60-epoxy-zinc-rich-primer#breadcrumb","itemListElement":[{"@type":"ListItem","position":1,"name":"Home","item":"https:\/\/www.jinyupaint.com\/"},{"@type":"ListItem","position":2,"name":"Shop","item":"https:\/\/www.jinyupaint.com\/shop.html"},{"@type":"ListItem","position":3,"name":"BGEZ-60 Epoxy Zinc-rich Primer"}]},{"@type":"WebSite","@id":"https:\/\/www.jinyupaint.com\/#website","url":"https:\/\/www.jinyupaint.com\/","name":"JINYU\u00ae PAINT","description":"JINYU PAINT\u00ae Fabricant","potentialAction":[{"@type":"SearchAction","target":{"@type":"EntryPoint","urlTemplate":"https:\/\/www.jinyupaint.com\/?s={search_term_string}"},"query-input":{"@type":"PropertyValueSpecification","valueRequired":true,"valueName":"search_term_string"}}],"inLanguage":"fr-FR"}]}},"_links":{"self":[{"href":"https:\/\/www.jinyupaint.com\/fr\/wp-json\/wp\/v2\/product\/1489","targetHints":{"allow":["GET"]}}],"collection":[{"href":"https:\/\/www.jinyupaint.com\/fr\/wp-json\/wp\/v2\/product"}],"about":[{"href":"https:\/\/www.jinyupaint.com\/fr\/wp-json\/wp\/v2\/types\/product"}],"wp:featuredmedia":[{"embeddable":true,"href":"https:\/\/www.jinyupaint.com\/fr\/wp-json\/wp\/v2\/media\/1504"}],"wp:attachment":[{"href":"https:\/\/www.jinyupaint.com\/fr\/wp-json\/wp\/v2\/media?parent=1489"}],"wp:term":[{"taxonomy":"product_brand","embeddable":true,"href":"https:\/\/www.jinyupaint.com\/fr\/wp-json\/wp\/v2\/product_brand?post=1489"},{"taxonomy":"product_cat","embeddable":true,"href":"https:\/\/www.jinyupaint.com\/fr\/wp-json\/wp\/v2\/product_cat?post=1489"},{"taxonomy":"product_tag","embeddable":true,"href":"https:\/\/www.jinyupaint.com\/fr\/wp-json\/wp\/v2\/product_tag?post=1489"}],"curies":[{"name":"wp","href":"https:\/\/api.w.org\/{rel}","templated":true}]}}