{"id":1488,"date":"2023-10-17T03:16:10","date_gmt":"2023-10-17T03:16:10","guid":{"rendered":"http:\/\/www.jinyupaint.com\/?post_type=product&#038;p=1488"},"modified":"2025-04-30T01:43:36","modified_gmt":"2025-04-30T01:43:36","slug":"bgm-10-epoxy-mica-iron-intermediate-paint","status":"publish","type":"product","link":"https:\/\/www.jinyupaint.com\/fr\/produit\/bgm-10-epoxy-mica-iron-intermediate-paint","title":{"rendered":"Peinture interm\u00e9diaire \u00e0 l'oxyde de fer micac\u00e9 \u00e9poxydique BGM-10"},"content":{"rendered":"<h2>Description du produit :<\/h2>\n<p>Ce produit est une peinture interm\u00e9diaire \u00e9poxy \u00e0 base d'oxyde de fer micac\u00e9, \u00e0 faible teneur en COV et \u00e0 forte teneur en mati\u00e8res solides, \u00e0 deux composants, con\u00e7ue pour une protection anticorrosion intensive. Formul\u00e9 avec des pigments d'oxyde de fer micac\u00e9 (MIO), il offre une durabilit\u00e9 accrue et des performances anticorrosion \u00e0 long terme. En tant que rev\u00eatement \u00e9poxy \u00e0 haut pouvoir garnissant, elle garantit une \u00e9paisseur de film sup\u00e9rieure et une r\u00e9sistance aux conditions environnementales difficiles.<\/p>\n<p>&nbsp;<\/p>\n<h2>Utilisation du produit :<\/h2>\n<p>Cette peinture \u00e0 l'oxyde de fer micac\u00e9 est largement utilis\u00e9e dans les environnements industriels et marins dans le cadre d'un syst\u00e8me de rev\u00eatement protecteur multicouche. Elle est id\u00e9ale pour les projets de maintenance et de nouvelle construction, offrant une excellente protection pour les structures en acier telles que les plates-formes offshore, les installations p\u00e9troli\u00e8res et gazi\u00e8res, les usines chimiques, les centrales \u00e9lectriques, les ponts et les infrastructures marines. Sa composition renforc\u00e9e par des paillettes (conforme aux normes ASTM D7091) am\u00e9liore la r\u00e9sistance \u00e0 l'humidit\u00e9 et la stabilit\u00e9 aux UV lorsqu'il est recouvert, ce qui en fait un composant essentiel des syst\u00e8mes de protection contre la corrosion pour la pr\u00e9servation \u00e0 long terme des actifs.<\/p>\n<p>&nbsp;<\/p>\n<h2>Param\u00e8tres physiques :<\/h2>\n<p><strong>Couleur.<\/strong> Gris, rouge fer<br \/>\n<strong>Volume Solides.<\/strong> 80\u00b12%<br \/>\n<strong>\u00c9paisseur de film sec recommand\u00e9e (DFT).<\/strong> 100 \u03bcm<br \/>\n<strong>\u00c9paisseur de film humide recommand\u00e9e (WFT).<\/strong> 125 \u03bcm<br \/>\n<strong>Couverture th\u00e9orique.<\/strong>4,6 m\u00b2\/kg ; 8 m\u00b2\/L (\u00e0 100 \u03bcm DFT)<br \/>\n<strong>Couverture pratique :<\/strong>Pr\u00e9voir des pertes d'application appropri\u00e9es<br \/>\n<strong>Point d'\u00e9clair (m\u00e9lange).<\/strong> 27\u00b12\u00b0C<\/p>\n<p>&nbsp;<\/p>\n<h2>Instructions relatives \u00e0 la candidature :<\/h2>\n<p><strong>Pr\u00e9paration de la surface :<\/strong><\/p>\n<p>Avant l'application de ce rev\u00eatement \u00e9poxy haute performance \u00e0 base d'oxyde de fer micac\u00e9, toutes les surfaces doivent faire l'objet d'une pr\u00e9paration minutieuse afin de garantir une adh\u00e9rence optimale et une protection anticorrosion \u00e0 long terme. Le substrat doit \u00eatre parfaitement propre, sec et exempt de contaminants, notamment d'huile, de graisse, de poussi\u00e8re et de produits d'oxydation. L'\u00e9valuation et la pr\u00e9paration de la surface doivent \u00eatre conformes aux normes ISO 8504:2000. Toute contamination par l'huile ou la graisse doit \u00eatre \u00e9limin\u00e9e par un nettoyage au solvant conform\u00e9ment aux sp\u00e9cifications SSPC-SP1.<\/p>\n<p>Pour les substrats en acier, il est obligatoire de proc\u00e9der \u00e0 un nettoyage par sablage selon la norme Sa 2.5 (ISO 8501-1:2007) ou selon les normes de sablage commerciales SSPC-SP6. Si une oxydation se produit apr\u00e8s le sablage mais avant l'application du rev\u00eatement, la surface doit \u00eatre red\u00e9cap\u00e9e pour r\u00e9pondre aux normes visuelles requises. Tout d\u00e9faut de surface expos\u00e9 pendant les op\u00e9rations de sablage, y compris les ar\u00eates vives ou les \u00e9claboussures de soudure, doit \u00eatre corrig\u00e9 par meulage, remplissage ou tout autre traitement appropri\u00e9.<\/p>\n<p>Cette peinture \u00e0 l'oxyde de fer micac\u00e9 doit \u00eatre appliqu\u00e9e sur des syst\u00e8mes d'appr\u00eat anticorrosion correctement pr\u00e9par\u00e9s, en veillant \u00e0 ce que la surface de l'appr\u00eat soit parfaitement propre et exempte de toute contamination. Une attention particuli\u00e8re doit \u00eatre accord\u00e9e aux soudures et aux zones endommag\u00e9es, qui n\u00e9cessitent un nettoyage par sablage conform\u00e9ment \u00e0 la norme Sa 2.5 (ISO 8501-1:2007) ou \u00e0 la norme SSPC-SP6. Lors de l'application sur des appr\u00eats riches en zinc, v\u00e9rifier que la surface est exempte de sels de zinc, qu'elle a bien durci et qu'elle r\u00e9pond \u00e0 toutes les exigences en mati\u00e8re de propret\u00e9. La temp\u00e9rature du substrat doit rester sup\u00e9rieure \u00e0 10\u00b0C et maintenir une marge minimale de 3\u00b0C au-dessus de la temp\u00e9rature du point de ros\u00e9e pendant toute la dur\u00e9e de l'application afin d'\u00e9viter la condensation de l'humidit\u00e9.<\/p>\n<p><strong>Mixage :<\/strong><\/p>\n<p>Ce produit est fourni dans deux r\u00e9cipients et doit \u00eatre combin\u00e9 pour former une seule unit\u00e9. Chaque fois, il doit \u00eatre m\u00e9lang\u00e9 dans les proportions sp\u00e9cifi\u00e9es et utilis\u00e9 dans les limites de la dur\u00e9e de vie en pot recommand\u00e9e. (1) M\u00e9langer le mat\u00e9riau de base (A) \u00e0 l'aide d'un malaxeur \u00e9lectrique. (2) Combiner tout l'agent de durcissement (B) avec le mat\u00e9riau de base (A) et m\u00e9langer soigneusement \u00e0 l'aide d'un malaxeur \u00e9lectrique.<\/p>\n<p><strong>Dur\u00e9e de vie du m\u00e9lange :<\/strong><\/p>\n<table>\n<tbody>\n<tr>\n<td width=\"142\">15\u2103<\/td>\n<td width=\"142\">25\u2103<\/td>\n<td width=\"142\">35\u2103<\/td>\n<\/tr>\n<tr>\n<td width=\"142\">4H<\/td>\n<td width=\"142\">2H<\/td>\n<td width=\"142\">1H<\/td>\n<\/tr>\n<\/tbody>\n<\/table>\n<p><strong>La vie en pot :<\/strong> 15\u00b0C 25\u00b0C 40\u00b0C 5 heures 3 heures 2 heures<\/p>\n<p><strong>Plus mince :<\/strong> Diluant JINYU n\u00b0 1<\/p>\n<p><strong>M\u00e9thodes d'application :<\/strong> Pulv\u00e9risation sans air Pinceau\/rouleau de pulv\u00e9risation d'air<\/p>\n<p><strong>Ratio d'amincissement :<\/strong> 0-5% 5-15% 0-10%<\/p>\n<p><strong>Pulv\u00e9risation sans air :<\/strong> Taille de la buse : 0,46-0,69mm Pression de pulv\u00e9risation : 15 MPa<\/p>\n<p><strong>Temps de s\u00e9chage :<\/strong><\/p>\n<table>\n<tbody>\n<tr>\n<td width=\"124\">(\u00e9paisseur du film humide 156\u03bcm, humidit\u00e9 relative 50%)<\/td>\n<td width=\"66\">15\u2103<\/td>\n<td width=\"105\">25\u2103<\/td>\n<td width=\"122\">35\u2103<\/td>\n<\/tr>\n<tr>\n<td width=\"124\">Doigts secs au toucher<\/td>\n<td width=\"66\">6H<\/td>\n<td width=\"105\">2H<\/td>\n<td width=\"122\">1H<\/td>\n<\/tr>\n<tr>\n<td width=\"124\">Transportable<\/td>\n<td width=\"66\">18H<\/td>\n<td width=\"105\">8H<\/td>\n<td width=\"122\">4H<\/td>\n<\/tr>\n<tr>\n<td width=\"124\">enti\u00e8rement gu\u00e9ri<\/td>\n<td width=\"66\">14 jours<\/td>\n<td width=\"105\">7 jours<\/td>\n<td width=\"122\">3 jours<\/td>\n<\/tr>\n<\/tbody>\n<\/table>\n<p><strong>Intervalle de recouvrement :<\/strong><\/p>\n<table>\n<tbody>\n<tr>\n<td width=\"124\">(\u00e9paisseur du film humide 156\u03bcm, humidit\u00e9 relative 50%)<\/td>\n<td width=\"102\">15\u2103<\/td>\n<td width=\"89\">25\u2103<\/td>\n<td width=\"158\">35\u2103<\/td>\n<\/tr>\n<tr>\n<td width=\"124\">le plus court<\/td>\n<td width=\"102\">18H<\/td>\n<td width=\"89\">10H<\/td>\n<td width=\"158\">4H<\/td>\n<\/tr>\n<\/tbody>\n<\/table>\n<p>&nbsp;<\/p>\n<h2>Sp\u00e9cifications de l'emballage :<\/h2>\n<p>25kg par s\u00e9rie<\/p>\n<p>&nbsp;<\/p>\n<h2>P\u00e9riode de stockage :<\/h2>\n<p>Dans un endroit frais, sec et ombrag\u00e9, la dur\u00e9e de conservation sans ouverture est d'un an (\u00e0 25\u00b0C).<\/p>\n<figure id=\"attachment_4524\" aria-describedby=\"caption-attachment-4524\" style=\"width: 600px\" class=\"wp-caption alignnone\"><a href=\"https:\/\/www.jinyupaint.com\/wp-content\/uploads\/2023\/10\/epoxy-micaceous-iron-oxide-intermediate-paint-application.jpg\"><img fetchpriority=\"high\" decoding=\"async\" class=\"wp-image-4524\" src=\"https:\/\/www.jinyupaint.com\/wp-content\/uploads\/2023\/10\/epoxy-micaceous-iron-oxide-intermediate-paint-application.jpg\" alt=\"peinture interm\u00e9diaire \u00e9poxy micac\u00e9e \u00e0 base d&#039;oxyde de fer\" width=\"600\" height=\"450\" srcset=\"https:\/\/www.jinyupaint.com\/wp-content\/uploads\/2023\/10\/epoxy-micaceous-iron-oxide-intermediate-paint-application.jpg 800w, https:\/\/www.jinyupaint.com\/wp-content\/uploads\/2023\/10\/epoxy-micaceous-iron-oxide-intermediate-paint-application-300x225.jpg 300w, https:\/\/www.jinyupaint.com\/wp-content\/uploads\/2023\/10\/epoxy-micaceous-iron-oxide-intermediate-paint-application-768x576.jpg 768w, https:\/\/www.jinyupaint.com\/wp-content\/uploads\/2023\/10\/epoxy-micaceous-iron-oxide-intermediate-paint-application-600x450.jpg 600w\" sizes=\"(max-width: 600px) 100vw, 600px\" \/><\/a><figcaption id=\"caption-attachment-4524\" class=\"wp-caption-text\">peinture interm\u00e9diaire \u00e9poxy micac\u00e9e \u00e0 base d'oxyde de fer<\/figcaption><\/figure>\n<p>&nbsp;<\/p>\n<h2 style=\"text-align: center;\">Diff\u00e9rence entre la peinture interm\u00e9diaire \u00e0 l'oxyde de fer micac\u00e9 et la peinture anticorrosion ordinaire<\/h2>\n<div style=\"position: relative;\">\n<div style=\"content: ''; width: 248px; height: 1px; background: #c8c8c8; display: block; margin: auto;\"><\/div>\n<div style=\"content: ''; width: 37px; height: 3px; background: #d51405; display: block; position: absolute; left: 50%; margin-left: -18px; bottom: 0;\"><\/div>\n<\/div>\n<p>&nbsp;<\/p>\n<h3>1. Qu'est-ce que la peinture interm\u00e9diaire \u00e9poxy \u00e0 base d'oxyde de fer micac\u00e9 ?<\/h3>\n<p>La peinture interm\u00e9diaire \u00e0 l'oxyde de fer micac\u00e9 \u00e9poxy est la \"couche centrale\" d'un syst\u00e8me de protection contre la corrosion, un peu comme la garniture d'un sandwich. Alors que l'appr\u00eat sert de base et la couche de finition de couche externe, ce rev\u00eatement gris\u00e2tre, formul\u00e9 \u00e0 base de r\u00e9sine \u00e9poxy et d'oxyde de fer micac\u00e9 (MIO), constitue la couche interm\u00e9diaire critique qui am\u00e9liore consid\u00e9rablement la durabilit\u00e9.<\/p>\n<p>&nbsp;<\/p>\n<h3>2. Avantages de la peinture \u00e0 l'oxyde de fer micac\u00e9<\/h3>\n<ul style=\"list-style: inside;\">\n<li>Contrairement aux peintures antirouille standard, la peinture \u00e0 l'oxyde de fer micac\u00e9 offre une protection sup\u00e9rieure gr\u00e2ce \u00e0 sa structure unique renforc\u00e9e par des paillettes. Les plaquettes de MIO qui se chevauchent cr\u00e9ent un effet \"d'armure en \u00e9cailles de poisson\", bloquant plus de 90% de p\u00e9n\u00e9tration de l'humidit\u00e9. Des tests acc\u00e9l\u00e9r\u00e9s montrent que les rev\u00eatements conventionnels rouillent au bout de trois ans, alors que les syst\u00e8mes int\u00e9grant cette couche interm\u00e9diaire restent intacts pendant plus de cinq ans.<\/li>\n<li>Ce rev\u00eatement sp\u00e9cialis\u00e9 agit \u00e9galement comme un \"\u00e9cran solaire\" pour les structures en acier, en absorbant les rayons UV pour emp\u00eacher la d\u00e9gradation de l'appr\u00eat - ce qui est particuli\u00e8rement vital pour les ponts et les machines de construction, dont il double la dur\u00e9e de vie par rapport aux syst\u00e8mes \u00e0 couche de finition uniquement.<\/li>\n<li>Dot\u00e9e de propri\u00e9t\u00e9s autolissantes exceptionnelles, la peinture \u00e0 l'oxyde de fer micac\u00e9 peut remplir les joints de soudure et les irr\u00e9gularit\u00e9s de surface \u00e0 des \u00e9paisseurs appliqu\u00e9es allant jusqu'\u00e0 150\u03bcm (trois fois plus \u00e9paisses que les appr\u00eats standard), servant ainsi d'\"agent de nivellement\" id\u00e9al pour les substrats imparfaits.<\/li>\n<li>Les r\u00e9sultats obtenus en laboratoire d\u00e9montrent une am\u00e9lioration de 40% de la force d'adh\u00e9rence lors de l'utilisation de cette couche interm\u00e9diaire, ce qui la rend indispensable pour les applications marines telles que les machines portuaires et les structures offshore expos\u00e9es \u00e0 une humidit\u00e9 constante.<\/li>\n<\/ul>\n<p>&nbsp;<\/p>\n<h3>3. Sc\u00e9narios d'application critiques de la peinture \u00e0 l'oxyde de fer micac\u00e9<\/h3>\n<p>Selon les normes GB\/T 30790, cinq environnements \u00e0 haut risque requi\u00e8rent cette protection : les caissons int\u00e9rieurs en acier des ponts maritimes, les supports de tuyaux dans les usines chimiques, les tours d'\u00e9oliennes c\u00f4ti\u00e8res, les parois ext\u00e9rieures des r\u00e9servoirs de stockage de p\u00e9trole et les \u00e9quipements portuaires lourds tels que les grues. Ces applications b\u00e9n\u00e9ficient du cycle de vie prolong\u00e9 de plus de 20 ans offert par les syst\u00e8mes de rev\u00eatement MIO appropri\u00e9s.<\/p>","protected":false},"excerpt":{"rendered":"<p>Notre peinture \u00e0 l'oxyde de fer micac\u00e9 est un rev\u00eatement \u00e9poxy haute performance sp\u00e9cifiquement formul\u00e9 pour offrir une protection exceptionnelle contre la corrosion \u00e0 long terme dans les environnements industriels exigeants. La structure lamellaire unique des particules d'oxyde de fer micac\u00e9 cr\u00e9e une barri\u00e8re superpos\u00e9e qui bloque efficacement la p\u00e9n\u00e9tration de l'humidit\u00e9 et des \u00e9l\u00e9ments corrosifs. Cette formulation \u00e0 haute teneur en solides et \u00e0 faible teneur en COV offre une adh\u00e9rence sup\u00e9rieure aux surfaces en acier correctement pr\u00e9par\u00e9es, tout en offrant une excellente r\u00e9sistance \u00e0 l'exposition chimique et \u00e0 la d\u00e9gradation atmosph\u00e9rique. Le produit est con\u00e7u pour \u00eatre utilis\u00e9 dans des conditions extr\u00eames, notamment dans les milieux marins, offshore et industriels o\u00f9 une durabilit\u00e9 maximale est requise.<\/p>","protected":false},"featured_media":1505,"template":"","meta":{"om_disable_all_campaigns":false,"_monsterinsights_skip_tracking":false,"_monsterinsights_sitenote_active":false,"_monsterinsights_sitenote_note":"","_monsterinsights_sitenote_category":0,"_uf_show_specific_survey":0,"_uf_disable_surveys":false},"product_brand":[],"product_cat":[79],"product_tag":[86,81,82,254],"class_list":{"0":"post-1488","1":"product","2":"type-product","3":"status-publish","4":"has-post-thumbnail","6":"product_cat-industrial-coating","7":"product_tag-epoxy-mica-iron-intermediate-paint","8":"product_tag-industrial-coating","9":"product_tag-industrial-paint","10":"product_tag-micaceous-iron-oxide-paint","12":"first","13":"instock","14":"shipping-taxable","15":"product-type-simple"},"yoast_head":"<!-- This site is optimized with the Yoast SEO Premium plugin v26.2 (Yoast SEO v26.5) - https:\/\/yoast.com\/wordpress\/plugins\/seo\/ -->\n<title>BGM-10 Epoxy Micaceous Iron Oxide Intermediate Paint - KAIDA PAINT\u00ae<\/title>\n<meta name=\"description\" content=\"Professional-grade micaceous iron oxide paint for extreme corrosion protection. ISO-certified, high-solids epoxy coating for marine, oil &amp; gas, and industrial applications.\" \/>\n<meta name=\"robots\" content=\"index, follow, max-snippet:-1, max-image-preview:large, max-video-preview:-1\" \/>\n<link rel=\"canonical\" href=\"https:\/\/www.jinyupaint.com\/fr\/produit\/bgm-10-epoxy-mica-iron-intermediate-paint\/\" \/>\n<meta property=\"og:locale\" content=\"fr_FR\" \/>\n<meta property=\"og:type\" content=\"article\" \/>\n<meta property=\"og:title\" content=\"BGM-10 Epoxy Micaceous Iron Oxide Intermediate Paint\" \/>\n<meta property=\"og:description\" content=\"Professional-grade micaceous iron oxide paint for extreme corrosion protection. ISO-certified, high-solids epoxy coating for marine, oil &amp; gas, and industrial applications.\" \/>\n<meta property=\"og:url\" content=\"https:\/\/www.jinyupaint.com\/fr\/produit\/bgm-10-epoxy-mica-iron-intermediate-paint\/\" \/>\n<meta property=\"og:site_name\" content=\"KAIDA PAINT\u00ae\" \/>\n<meta property=\"article:modified_time\" content=\"2025-04-30T01:43:36+00:00\" \/>\n<meta property=\"og:image\" content=\"https:\/\/www.jinyupaint.com\/wp-content\/uploads\/2023\/10\/Industrial-Paint-12.jpg\" \/>\n\t<meta property=\"og:image:width\" content=\"750\" \/>\n\t<meta property=\"og:image:height\" content=\"750\" \/>\n\t<meta property=\"og:image:type\" content=\"image\/jpeg\" \/>\n<meta name=\"twitter:card\" content=\"summary_large_image\" \/>\n<meta name=\"twitter:label1\" content=\"Dur\u00e9e de lecture estim\u00e9e\" \/>\n\t<meta name=\"twitter:data1\" content=\"5 minutes\" \/>\n<script type=\"application\/ld+json\" class=\"yoast-schema-graph\">{\"@context\":\"https:\/\/schema.org\",\"@graph\":[{\"@type\":\"WebPage\",\"@id\":\"https:\/\/www.jinyupaint.com\/product\/bgm-10-epoxy-mica-iron-intermediate-paint\",\"url\":\"https:\/\/www.jinyupaint.com\/product\/bgm-10-epoxy-mica-iron-intermediate-paint\",\"name\":\"BGM-10 Epoxy Micaceous Iron Oxide Intermediate Paint - KAIDA PAINT\u00ae\",\"isPartOf\":{\"@id\":\"https:\/\/www.jinyupaint.com\/#website\"},\"primaryImageOfPage\":{\"@id\":\"https:\/\/www.jinyupaint.com\/product\/bgm-10-epoxy-mica-iron-intermediate-paint#primaryimage\"},\"image\":{\"@id\":\"https:\/\/www.jinyupaint.com\/product\/bgm-10-epoxy-mica-iron-intermediate-paint#primaryimage\"},\"thumbnailUrl\":\"https:\/\/www.jinyupaint.com\/wp-content\/uploads\/2023\/10\/Industrial-Paint-12.jpg\",\"datePublished\":\"2023-10-17T03:16:10+00:00\",\"dateModified\":\"2025-04-30T01:43:36+00:00\",\"description\":\"Professional-grade micaceous iron oxide paint for extreme corrosion protection. ISO-certified, high-solids epoxy coating for marine, oil & gas, and industrial applications.\",\"breadcrumb\":{\"@id\":\"https:\/\/www.jinyupaint.com\/product\/bgm-10-epoxy-mica-iron-intermediate-paint#breadcrumb\"},\"inLanguage\":\"fr-FR\",\"potentialAction\":[{\"@type\":\"ReadAction\",\"target\":[\"https:\/\/www.jinyupaint.com\/product\/bgm-10-epoxy-mica-iron-intermediate-paint\"]}]},{\"@type\":\"ImageObject\",\"inLanguage\":\"fr-FR\",\"@id\":\"https:\/\/www.jinyupaint.com\/product\/bgm-10-epoxy-mica-iron-intermediate-paint#primaryimage\",\"url\":\"https:\/\/www.jinyupaint.com\/wp-content\/uploads\/2023\/10\/Industrial-Paint-12.jpg\",\"contentUrl\":\"https:\/\/www.jinyupaint.com\/wp-content\/uploads\/2023\/10\/Industrial-Paint-12.jpg\",\"width\":750,\"height\":750,\"caption\":\"Industrial-Paint\"},{\"@type\":\"BreadcrumbList\",\"@id\":\"https:\/\/www.jinyupaint.com\/product\/bgm-10-epoxy-mica-iron-intermediate-paint#breadcrumb\",\"itemListElement\":[{\"@type\":\"ListItem\",\"position\":1,\"name\":\"Home\",\"item\":\"https:\/\/www.jinyupaint.com\/\"},{\"@type\":\"ListItem\",\"position\":2,\"name\":\"Shop\",\"item\":\"https:\/\/www.jinyupaint.com\/shop.html\"},{\"@type\":\"ListItem\",\"position\":3,\"name\":\"BGM-10 Epoxy Micaceous Iron Oxide Intermediate Paint\"}]},{\"@type\":\"WebSite\",\"@id\":\"https:\/\/www.jinyupaint.com\/#website\",\"url\":\"https:\/\/www.jinyupaint.com\/\",\"name\":\"JINYU\u00ae PAINT\",\"description\":\"JINYU PAINT\u00ae Manufacturer\",\"potentialAction\":[{\"@type\":\"SearchAction\",\"target\":{\"@type\":\"EntryPoint\",\"urlTemplate\":\"https:\/\/www.jinyupaint.com\/?s={search_term_string}\"},\"query-input\":{\"@type\":\"PropertyValueSpecification\",\"valueRequired\":true,\"valueName\":\"search_term_string\"}}],\"inLanguage\":\"fr-FR\"}]}<\/script>\n<!-- \/ Yoast SEO Premium plugin. -->","yoast_head_json":{"title":"Peinture interm\u00e9diaire \u00e0 l'oxyde de fer micac\u00e9 \u00e9poxy BGM-10 - KAIDA PAINT\u00ae.","description":"Peinture \u00e0 l'oxyde de fer micac\u00e9 de qualit\u00e9 professionnelle pour une protection extr\u00eame contre la corrosion. Rev\u00eatement \u00e9poxy \u00e0 haute teneur en solides, certifi\u00e9 ISO, pour les applications marines, p\u00e9troli\u00e8res et gazi\u00e8res, et industrielles.","robots":{"index":"index","follow":"follow","max-snippet":"max-snippet:-1","max-image-preview":"max-image-preview:large","max-video-preview":"max-video-preview:-1"},"canonical":"https:\/\/www.jinyupaint.com\/fr\/produit\/bgm-10-epoxy-mica-iron-intermediate-paint\/","og_locale":"fr_FR","og_type":"article","og_title":"BGM-10 Epoxy Micaceous Iron Oxide Intermediate Paint","og_description":"Professional-grade micaceous iron oxide paint for extreme corrosion protection. ISO-certified, high-solids epoxy coating for marine, oil & gas, and industrial applications.","og_url":"https:\/\/www.jinyupaint.com\/fr\/produit\/bgm-10-epoxy-mica-iron-intermediate-paint\/","og_site_name":"KAIDA PAINT\u00ae","article_modified_time":"2025-04-30T01:43:36+00:00","og_image":[{"width":750,"height":750,"url":"https:\/\/www.jinyupaint.com\/wp-content\/uploads\/2023\/10\/Industrial-Paint-12.jpg","type":"image\/jpeg"}],"twitter_card":"summary_large_image","twitter_misc":{"Dur\u00e9e de lecture estim\u00e9e":"5 minutes"},"schema":{"@context":"https:\/\/schema.org","@graph":[{"@type":"WebPage","@id":"https:\/\/www.jinyupaint.com\/product\/bgm-10-epoxy-mica-iron-intermediate-paint","url":"https:\/\/www.jinyupaint.com\/product\/bgm-10-epoxy-mica-iron-intermediate-paint","name":"Peinture interm\u00e9diaire \u00e0 l'oxyde de fer micac\u00e9 \u00e9poxy BGM-10 - KAIDA PAINT\u00ae.","isPartOf":{"@id":"https:\/\/www.jinyupaint.com\/#website"},"primaryImageOfPage":{"@id":"https:\/\/www.jinyupaint.com\/product\/bgm-10-epoxy-mica-iron-intermediate-paint#primaryimage"},"image":{"@id":"https:\/\/www.jinyupaint.com\/product\/bgm-10-epoxy-mica-iron-intermediate-paint#primaryimage"},"thumbnailUrl":"https:\/\/www.jinyupaint.com\/wp-content\/uploads\/2023\/10\/Industrial-Paint-12.jpg","datePublished":"2023-10-17T03:16:10+00:00","dateModified":"2025-04-30T01:43:36+00:00","description":"Peinture \u00e0 l'oxyde de fer micac\u00e9 de qualit\u00e9 professionnelle pour une protection extr\u00eame contre la corrosion. Rev\u00eatement \u00e9poxy \u00e0 haute teneur en solides, certifi\u00e9 ISO, pour les applications marines, p\u00e9troli\u00e8res et gazi\u00e8res, et industrielles.","breadcrumb":{"@id":"https:\/\/www.jinyupaint.com\/product\/bgm-10-epoxy-mica-iron-intermediate-paint#breadcrumb"},"inLanguage":"fr-FR","potentialAction":[{"@type":"ReadAction","target":["https:\/\/www.jinyupaint.com\/product\/bgm-10-epoxy-mica-iron-intermediate-paint"]}]},{"@type":"ImageObject","inLanguage":"fr-FR","@id":"https:\/\/www.jinyupaint.com\/product\/bgm-10-epoxy-mica-iron-intermediate-paint#primaryimage","url":"https:\/\/www.jinyupaint.com\/wp-content\/uploads\/2023\/10\/Industrial-Paint-12.jpg","contentUrl":"https:\/\/www.jinyupaint.com\/wp-content\/uploads\/2023\/10\/Industrial-Paint-12.jpg","width":750,"height":750,"caption":"Industrial-Paint"},{"@type":"BreadcrumbList","@id":"https:\/\/www.jinyupaint.com\/product\/bgm-10-epoxy-mica-iron-intermediate-paint#breadcrumb","itemListElement":[{"@type":"ListItem","position":1,"name":"Home","item":"https:\/\/www.jinyupaint.com\/"},{"@type":"ListItem","position":2,"name":"Shop","item":"https:\/\/www.jinyupaint.com\/shop.html"},{"@type":"ListItem","position":3,"name":"BGM-10 Epoxy Micaceous Iron Oxide Intermediate Paint"}]},{"@type":"WebSite","@id":"https:\/\/www.jinyupaint.com\/#website","url":"https:\/\/www.jinyupaint.com\/","name":"JINYU\u00ae PAINT","description":"JINYU PAINT\u00ae Fabricant","potentialAction":[{"@type":"SearchAction","target":{"@type":"EntryPoint","urlTemplate":"https:\/\/www.jinyupaint.com\/?s={search_term_string}"},"query-input":{"@type":"PropertyValueSpecification","valueRequired":true,"valueName":"search_term_string"}}],"inLanguage":"fr-FR"}]}},"_links":{"self":[{"href":"https:\/\/www.jinyupaint.com\/fr\/wp-json\/wp\/v2\/product\/1488","targetHints":{"allow":["GET"]}}],"collection":[{"href":"https:\/\/www.jinyupaint.com\/fr\/wp-json\/wp\/v2\/product"}],"about":[{"href":"https:\/\/www.jinyupaint.com\/fr\/wp-json\/wp\/v2\/types\/product"}],"wp:featuredmedia":[{"embeddable":true,"href":"https:\/\/www.jinyupaint.com\/fr\/wp-json\/wp\/v2\/media\/1505"}],"wp:attachment":[{"href":"https:\/\/www.jinyupaint.com\/fr\/wp-json\/wp\/v2\/media?parent=1488"}],"wp:term":[{"taxonomy":"product_brand","embeddable":true,"href":"https:\/\/www.jinyupaint.com\/fr\/wp-json\/wp\/v2\/product_brand?post=1488"},{"taxonomy":"product_cat","embeddable":true,"href":"https:\/\/www.jinyupaint.com\/fr\/wp-json\/wp\/v2\/product_cat?post=1488"},{"taxonomy":"product_tag","embeddable":true,"href":"https:\/\/www.jinyupaint.com\/fr\/wp-json\/wp\/v2\/product_tag?post=1488"}],"curies":[{"name":"wp","href":"https:\/\/api.w.org\/{rel}","templated":true}]}}