{"id":1482,"date":"2023-10-17T02:49:22","date_gmt":"2023-10-17T02:49:22","guid":{"rendered":"http:\/\/www.jinyupaint.com\/?post_type=product&#038;p=1482"},"modified":"2025-07-14T08:23:42","modified_gmt":"2025-07-14T08:23:42","slug":"bga-40-acrylic-polyurethane-topcoat","status":"publish","type":"product","link":"https:\/\/www.jinyupaint.com\/fr\/produit\/bga-40-acrylic-polyurethane-topcoat","title":{"rendered":"Couche de finition polyur\u00e9thane acrylique BGA-40"},"content":{"rendered":"<h2><strong>Description du produit.<\/strong><\/h2>\n<p>Cette finition polyur\u00e9thane acrylique aliphatique \u00e0 deux composants et \u00e0 haut pouvoir garnissant est une couche de finition peu brillante avec une r\u00e9tention de couleur exceptionnelle, sp\u00e9cialement con\u00e7ue pour les structures en acier expos\u00e9es \u00e0 des conditions mod\u00e9r\u00e9ment corrosives. En tant que rev\u00eatement polyur\u00e9thane aliphatique de qualit\u00e9 sup\u00e9rieure, il offre une durabilit\u00e9, une r\u00e9sistance aux UV et une protection \u00e0 long terme sup\u00e9rieures \u00e0 celles des options acryliques ou polyur\u00e9thanes standard. La formulation de la peinture-\u00e9mail polyur\u00e9thane acrylique grasse garantit une excellente r\u00e9sistance aux intemp\u00e9ries, ce qui la rend id\u00e9ale pour les rev\u00eatements de nouvelles constructions et les applications de peinture d'entretien lorsqu'une peinture polyur\u00e9thane tr\u00e8s brillante n'est pas souhaitable.<\/p>\n<p>&nbsp;<\/p>\n<h2><strong>Application du produit.<\/strong><\/h2>\n<p>Con\u00e7u pour les zones n\u00e9cessitant une peinture-\u00e9mail polyur\u00e9thane acrylique mate, cet ur\u00e9thane acrylique aliphatique surpasse la peinture-\u00e9mail polyur\u00e9thane conventionnelle ou la peinture-\u00e9mail acrylique ur\u00e9thane en termes de flexibilit\u00e9 et d'adh\u00e9rence.<\/p>\n<p>&nbsp;<\/p>\n<h2><strong>Param\u00e8tres physiques :<\/strong><\/h2>\n<p><strong>Couleur :<\/strong> diverses couleurs<\/p>\n<p><strong>Volume du contenu solide :<\/strong> 58\u00b12%<\/p>\n<p><strong>\u00c9paisseur standard du film :<\/strong> Film sec : 60 microns Film humide : 103 microns<\/p>\n<p><strong>Taux d'enduction th\u00e9orique :<\/strong> 6,9\u33a1\/kg, 9,7\u33a1\/L (sur la base d'un film sec de 60 microns)<\/p>\n<p><strong>Taux de couverture r\u00e9el :<\/strong> Tenir compte des facteurs de perte appropri\u00e9s<\/p>\n<p><strong>Point d'\u00e9clair :<\/strong> 29\u00b12\u2103(apr\u00e8s m\u00e9lange)<\/p>\n<p>&nbsp;<\/p>\n<h2><strong>Instructions relatives \u00e0 la candidature<\/strong><\/h2>\n<h3>Traitement de surface :<\/h3>\n<p>Toutes les surfaces \u00e0 rev\u00eatir doivent \u00eatre propres, s\u00e8ches et exemptes de toute contamination. Avant de peindre, toutes les surfaces doivent \u00eatre \u00e9valu\u00e9es et trait\u00e9es conform\u00e9ment aux normes ISO8504:2000. Ce produit doit toujours \u00eatre appliqu\u00e9 sur une peinture antirouille recommand\u00e9e. La surface de l'appr\u00eat doit \u00eatre s\u00e8che et exempte de toute contamination. Ce produit doit \u00eatre appliqu\u00e9 en respectant les intervalles de recouvrement sp\u00e9cifi\u00e9s. Les zones \u00e9caill\u00e9es et endommag\u00e9es doivent \u00eatre trait\u00e9es conform\u00e9ment \u00e0 la norme Sa2.5 (ISO8501-1:2007) ou SSPC-SP6) et ces zones doivent \u00eatre r\u00e9appr\u00eat\u00e9es avant l'application de ce produit. La temp\u00e9rature du support ne doit pas \u00eatre inf\u00e9rieure \u00e0 10\u2103, et doit \u00eatre sup\u00e9rieure d'au moins 3\u2103 \u00e0 la temp\u00e9rature du point de ros\u00e9e de l'air.<\/p>\n<p><strong>Mixage :<\/strong> Ce produit se pr\u00e9sente sous la forme de deux bidons formant une unit\u00e9. Il doit \u00eatre m\u00e9lang\u00e9 deux par deux en une seule fois selon le ratio prescrit \u00e0 chaque fois, et \u00eatre utilis\u00e9 dans la p\u00e9riode de m\u00e9lange prescrite.<\/p>\n<p><strong>Dur\u00e9e de vie du m\u00e9lange :<\/strong><\/p>\n<table>\n<tbody>\n<tr>\n<td width=\"142\">15\u2103<\/td>\n<td width=\"142\">25\u2103<\/td>\n<td width=\"142\">40\u2103<\/td>\n<\/tr>\n<tr>\n<td width=\"142\">4H<\/td>\n<td width=\"142\">2H<\/td>\n<td width=\"142\">1H<\/td>\n<\/tr>\n<\/tbody>\n<\/table>\n<p><strong>Diluant : Diluant JINYU n\u00b0 2<\/strong><\/p>\n<table>\n<tbody>\n<tr>\n<td width=\"142\">M\u00e9thode de construction :<\/td>\n<td width=\"142\">pulv\u00e9risation sans air<\/td>\n<td width=\"142\">pulv\u00e9risation d'air (avec r\u00e9servoir sous pression)<\/td>\n<td width=\"142\">brosse\/rouleau<\/td>\n<\/tr>\n<tr>\n<td width=\"142\">Taux de dilution :<\/td>\n<td width=\"142\">0-5%<\/td>\n<td width=\"142\">5-10%<\/td>\n<td width=\"142\">0-5%<\/td>\n<\/tr>\n<\/tbody>\n<\/table>\n<p><strong><b>Pulv\u00e9risation sans air :<\/b><\/strong><\/p>\n<p><strong><b>Taille de la buse : 0,33-0,46 mm<\/b><\/strong><\/p>\n<p><strong><b>Pression de refoulement : 15MPa<\/b><\/strong><\/p>\n<p><strong>Temps de s\u00e9chage :<\/strong><\/p>\n<table>\n<tbody>\n<tr>\n<td width=\"124\">(\u00e9paisseur du film humide 103\u03bcm, humidit\u00e9 relative 50%)<\/td>\n<td width=\"66\">15\u2103<\/td>\n<td width=\"105\">25\u2103<\/td>\n<td width=\"122\">35\u2103<\/td>\n<\/tr>\n<tr>\n<td width=\"124\">Doigts secs au toucher<\/td>\n<td width=\"66\">4H<\/td>\n<td width=\"105\">1H<\/td>\n<td width=\"122\">0.5H<\/td>\n<\/tr>\n<tr>\n<td width=\"124\">Transportable<\/td>\n<td width=\"66\">24H<\/td>\n<td width=\"105\">6H<\/td>\n<td width=\"122\">6H<\/td>\n<\/tr>\n<tr>\n<td width=\"124\">enti\u00e8rement gu\u00e9ri<\/td>\n<td width=\"66\">10 jours<\/td>\n<td width=\"105\">7 jours<\/td>\n<td width=\"122\">2 jours<\/td>\n<\/tr>\n<\/tbody>\n<\/table>\n<p><strong>Intervalle de recouvrement :<\/strong><\/p>\n<table>\n<tbody>\n<tr>\n<td width=\"124\">(\u00e9paisseur du film humide 103\u03bcm, humidit\u00e9 relative 50%)<\/td>\n<td width=\"102\">15\u2103<\/td>\n<td width=\"89\">25\u2103<\/td>\n<td width=\"158\">35\u2103<\/td>\n<\/tr>\n<tr>\n<td width=\"124\">le plus court<\/td>\n<td width=\"102\">5H<\/td>\n<td width=\"89\">4H<\/td>\n<td width=\"158\">1H<\/td>\n<\/tr>\n<\/tbody>\n<\/table>\n<p><strong><b>Sp\u00e9cifications d'emballage : 25KG\/groupe<\/b><\/strong><\/p>\n<p>&nbsp;<\/p>\n<figure id=\"attachment_4525\" aria-describedby=\"caption-attachment-4525\" style=\"width: 600px\" class=\"wp-caption alignnone\"><a href=\"https:\/\/www.jinyupaint.com\/wp-content\/uploads\/2023\/10\/Acrylic-Polyurethane-Paint-Application.jpg\"><img fetchpriority=\"high\" decoding=\"async\" class=\"wp-image-4525\" src=\"https:\/\/www.jinyupaint.com\/wp-content\/uploads\/2023\/10\/Acrylic-Polyurethane-Paint-Application.jpg\" alt=\"Application de la peinture acrylique polyur\u00e9thane\" width=\"600\" height=\"450\" srcset=\"https:\/\/www.jinyupaint.com\/wp-content\/uploads\/2023\/10\/Acrylic-Polyurethane-Paint-Application.jpg 800w, https:\/\/www.jinyupaint.com\/wp-content\/uploads\/2023\/10\/Acrylic-Polyurethane-Paint-Application-300x225.jpg 300w, https:\/\/www.jinyupaint.com\/wp-content\/uploads\/2023\/10\/Acrylic-Polyurethane-Paint-Application-768x576.jpg 768w, https:\/\/www.jinyupaint.com\/wp-content\/uploads\/2023\/10\/Acrylic-Polyurethane-Paint-Application-600x450.jpg 600w\" sizes=\"(max-width: 600px) 100vw, 600px\" \/><\/a><figcaption id=\"caption-attachment-4525\" class=\"wp-caption-text\">Application de la peinture acrylique polyur\u00e9thane<\/figcaption><\/figure>\n<p>&nbsp;<\/p>\n<h2 style=\"text-align: center;\"><strong>Quelle est la diff\u00e9rence entre une couche de finition acrylique, une couche de finition polyur\u00e9thane acrylique et une couche de finition polyur\u00e9thane aliphatique ?<\/strong><\/h2>\n<div style=\"position: relative;\">\n<div style=\"content: ''; width: 248px; height: 1px; background: #c8c8c8; display: block; margin: auto;\"><\/div>\n<div style=\"content: ''; width: 37px; height: 3px; background: #d51405; display: block; position: absolute; left: 50%; margin-left: -18px; bottom: 0;\"><\/div>\n<\/div>\n<p>&nbsp;<\/p>\n<p>Les rev\u00eatements acryliques sont des syst\u00e8mes monocomposants, tandis que les finitions polyur\u00e9thanes acryliques et les rev\u00eatements polyur\u00e9thanes aliphatiques sont des formulations \u00e0 deux composants. G\u00e9n\u00e9ralement, la peinture polyur\u00e9thane acrylique appartient \u00e0 la cat\u00e9gorie des polyur\u00e9thanes aliphatiques, sp\u00e9cialement con\u00e7us pour offrir une r\u00e9sistance sup\u00e9rieure aux intemp\u00e9ries et une durabilit\u00e9 \u00e0 long terme.<\/p>\n<p>&nbsp;<\/p>\n<p>Les principales diff\u00e9rences entre les rev\u00eatements acryliques et les rev\u00eatements polyur\u00e9thanes vont au-del\u00e0 des m\u00e9thodes de durcissement et concernent des facteurs de performance essentiels tels que la r\u00e9sistance aux UV et la protection contre la corrosion. La peinture-\u00e9mail acrylique polyur\u00e9thane pr\u00e9sente une r\u00e9sistance \u00e0 la corrosion nettement sup\u00e9rieure \u00e0 celle des options acryliques standard. En ce qui concerne les syst\u00e8mes de rev\u00eatement polyur\u00e9thane aliphatique, ils sont sp\u00e9cifiquement formul\u00e9s pour une r\u00e9sistance exceptionnelle aux intemp\u00e9ries ext\u00e9rieures et une protection contre les UV, surpassant les acryliques en termes de duret\u00e9 de surface et de r\u00e9tention de la brillance.<\/p>\n<p>&nbsp;<\/p>\n<p>Pour les projets n\u00e9cessitant \u00e0 la fois des qualit\u00e9s de protection et un attrait d\u00e9coratif, les finitions polyur\u00e9thanes acryliques aliphatiques offrent des avantages distincts par rapport aux peintures polyur\u00e9thanes acryliques conventionnelles. La r\u00e9sistance chimique accrue et la r\u00e9tention sup\u00e9rieure des couleurs de ces peintures \u00e9mail polyur\u00e9thanes en font des produits id\u00e9aux pour les applications industrielles exigeantes o\u00f9 la durabilit\u00e9 et l'esth\u00e9tique sont primordiales.<\/p>\n<p>&nbsp;<\/p>\n<h2 style=\"text-align: center;\"><strong>Faq de la finition acrylique polyur\u00e9thane<\/strong><\/h2>\n<div style=\"position: relative;\">\n<div style=\"content: ''; width: 248px; height: 1px; background: #c8c8c8; display: block; margin: auto;\"><\/div>\n<div style=\"content: ''; width: 37px; height: 3px; background: #d51405; display: block; position: absolute; left: 50%; margin-left: -18px; bottom: 0;\"><\/div>\n<\/div>\n<p>&nbsp;<\/p>\n<ul>\n<li><a href=\"https:\/\/www.jinyupaint.com\/fr\/how-to-choose-the-compatible-primer-for-acrylic-polyurethane-finish.html\/\">Comment choisir le primaire compatible avec la finition acrylique polyur\u00e9thane ?<\/a><\/li>\n<\/ul>","protected":false},"excerpt":{"rendered":"<p>La finition polyur\u00e9thane acrylique, \u00e9galement connue sous le nom de peinture-\u00e9mail polyur\u00e9thane acrylique, est un syst\u00e8me de rev\u00eatement \u00e0 deux composants haute performance qui offre une durabilit\u00e9 et un attrait esth\u00e9tique exceptionnels. Ce rev\u00eatement polyur\u00e9thane aliphatique offre une r\u00e9sistance exceptionnelle aux intemp\u00e9ries, une protection contre les UV et une r\u00e9sistance aux solvants, ce qui le rend id\u00e9al pour les applications ext\u00e9rieures exigeantes. Gr\u00e2ce \u00e0 son fini tr\u00e8s brillant et \u00e0 ses qualit\u00e9s d\u00e9coratives sup\u00e9rieures, la peinture polyur\u00e9thane acrylique est devenue le choix privil\u00e9gi\u00e9 pour les grands projets d'infrastructure et industriels dans le monde entier.<\/p>\n<p>&nbsp;<\/p>\n<p>Sp\u00e9cifiquement formul\u00e9e pour les applications industrielles anticorrosion de moyenne \u00e0 haute gamme, cette peinture \u00e9mail polyur\u00e9thane offre une excellente protection pour : les structures en acier, les rev\u00eatements de ponts, les surfaces en b\u00e9ton, les ext\u00e9rieurs de b\u00e2timents, les \u00e9quipements m\u00e9caniques, les installations c\u00f4ti\u00e8res et la protection des pipelines. Compar\u00e9 aux options acryliques ou polyur\u00e9thanes standard, ce syst\u00e8me de rev\u00eatement polyur\u00e9thane acrylique aliphatique offre une meilleure r\u00e9sistance chimique et une r\u00e9tention des couleurs \u00e0 long terme, surpassant jusqu'\u00e0 5 fois les peintures polyur\u00e9thanes conventionnelles en termes de dur\u00e9e de vie.<\/p>","protected":false},"featured_media":5095,"template":"","meta":{"om_disable_all_campaigns":false,"_monsterinsights_skip_tracking":false,"_monsterinsights_sitenote_active":false,"_monsterinsights_sitenote_note":"","_monsterinsights_sitenote_category":0,"_uf_show_specific_survey":0,"_uf_disable_surveys":false},"product_brand":[],"product_cat":[79,505],"product_tag":[84,81,82],"class_list":{"0":"post-1482","1":"product","2":"type-product","3":"status-publish","4":"has-post-thumbnail","6":"product_cat-industrial-coating","7":"product_cat-polyurethane-paint","8":"product_tag-acrylic-polyurethane-topcoat","9":"product_tag-industrial-coating","10":"product_tag-industrial-paint","12":"first","13":"instock","14":"shipping-taxable","15":"product-type-simple"},"yoast_head":"<!-- This site is optimized with the Yoast SEO Premium plugin v26.2 (Yoast SEO v26.5) - https:\/\/yoast.com\/wordpress\/plugins\/seo\/ -->\n<title>BGA-40 Acrylic Polyurethane Topcoat - KAIDA PAINT\u00ae Manufacturer | Supplier<\/title>\n<meta name=\"description\" content=\"High-performance \u200b\u200baliphatic acrylic polyurethane finish\u200b\u200b with superior UV resistance &amp; color retention. Ideal for steel structures in corrosive environments. Low-sheen, durable \u200b\u200bpolyurethane enamel paint\u200b\u200b.\" \/>\n<meta name=\"robots\" content=\"index, follow, max-snippet:-1, max-image-preview:large, max-video-preview:-1\" \/>\n<link rel=\"canonical\" href=\"https:\/\/www.jinyupaint.com\/fr\/produit\/bga-40-acrylic-polyurethane-topcoat\/\" \/>\n<meta property=\"og:locale\" content=\"fr_FR\" \/>\n<meta property=\"og:type\" content=\"article\" \/>\n<meta property=\"og:title\" content=\"BGA-40 Acrylic Polyurethane Topcoat\" \/>\n<meta property=\"og:description\" content=\"High-performance \u200b\u200baliphatic acrylic polyurethane finish\u200b\u200b with superior UV resistance &amp; color retention. Ideal for steel structures in corrosive environments. Low-sheen, durable \u200b\u200bpolyurethane enamel paint\u200b\u200b.\" \/>\n<meta property=\"og:url\" content=\"https:\/\/www.jinyupaint.com\/fr\/produit\/bga-40-acrylic-polyurethane-topcoat\/\" \/>\n<meta property=\"og:site_name\" content=\"KAIDA PAINT\u00ae\" \/>\n<meta property=\"article:modified_time\" content=\"2025-07-14T08:23:42+00:00\" \/>\n<meta property=\"og:image\" content=\"https:\/\/www.jinyupaint.com\/wp-content\/uploads\/2023\/10\/Acrylic-Polyurethane-Finish.jpg\" \/>\n\t<meta property=\"og:image:width\" content=\"750\" \/>\n\t<meta property=\"og:image:height\" content=\"750\" \/>\n\t<meta property=\"og:image:type\" content=\"image\/jpeg\" \/>\n<meta name=\"twitter:card\" content=\"summary_large_image\" \/>\n<meta name=\"twitter:label1\" content=\"Dur\u00e9e de lecture estim\u00e9e\" \/>\n\t<meta name=\"twitter:data1\" content=\"3 minutes\" \/>\n<script type=\"application\/ld+json\" class=\"yoast-schema-graph\">{\"@context\":\"https:\/\/schema.org\",\"@graph\":[{\"@type\":\"WebPage\",\"@id\":\"https:\/\/www.jinyupaint.com\/product\/bga-40-acrylic-polyurethane-topcoat\",\"url\":\"https:\/\/www.jinyupaint.com\/product\/bga-40-acrylic-polyurethane-topcoat\",\"name\":\"BGA-40 Acrylic Polyurethane Topcoat - KAIDA PAINT\u00ae Manufacturer | Supplier\",\"isPartOf\":{\"@id\":\"https:\/\/www.jinyupaint.com\/#website\"},\"primaryImageOfPage\":{\"@id\":\"https:\/\/www.jinyupaint.com\/product\/bga-40-acrylic-polyurethane-topcoat#primaryimage\"},\"image\":{\"@id\":\"https:\/\/www.jinyupaint.com\/product\/bga-40-acrylic-polyurethane-topcoat#primaryimage\"},\"thumbnailUrl\":\"https:\/\/www.jinyupaint.com\/wp-content\/uploads\/2023\/10\/Acrylic-Polyurethane-Finish.jpg\",\"datePublished\":\"2023-10-17T02:49:22+00:00\",\"dateModified\":\"2025-07-14T08:23:42+00:00\",\"description\":\"High-performance \u200b\u200baliphatic acrylic polyurethane finish\u200b\u200b with superior UV resistance & color retention. Ideal for steel structures in corrosive environments. Low-sheen, durable \u200b\u200bpolyurethane enamel paint\u200b\u200b.\",\"breadcrumb\":{\"@id\":\"https:\/\/www.jinyupaint.com\/product\/bga-40-acrylic-polyurethane-topcoat#breadcrumb\"},\"inLanguage\":\"fr-FR\",\"potentialAction\":[{\"@type\":\"ReadAction\",\"target\":[\"https:\/\/www.jinyupaint.com\/product\/bga-40-acrylic-polyurethane-topcoat\"]}]},{\"@type\":\"ImageObject\",\"inLanguage\":\"fr-FR\",\"@id\":\"https:\/\/www.jinyupaint.com\/product\/bga-40-acrylic-polyurethane-topcoat#primaryimage\",\"url\":\"https:\/\/www.jinyupaint.com\/wp-content\/uploads\/2023\/10\/Acrylic-Polyurethane-Finish.jpg\",\"contentUrl\":\"https:\/\/www.jinyupaint.com\/wp-content\/uploads\/2023\/10\/Acrylic-Polyurethane-Finish.jpg\",\"width\":750,\"height\":750,\"caption\":\"Acrylic Polyurethane Finish\"},{\"@type\":\"BreadcrumbList\",\"@id\":\"https:\/\/www.jinyupaint.com\/product\/bga-40-acrylic-polyurethane-topcoat#breadcrumb\",\"itemListElement\":[{\"@type\":\"ListItem\",\"position\":1,\"name\":\"Home\",\"item\":\"https:\/\/www.jinyupaint.com\/\"},{\"@type\":\"ListItem\",\"position\":2,\"name\":\"Shop\",\"item\":\"https:\/\/www.jinyupaint.com\/shop.html\"},{\"@type\":\"ListItem\",\"position\":3,\"name\":\"BGA-40 Acrylic Polyurethane Topcoat\"}]},{\"@type\":\"WebSite\",\"@id\":\"https:\/\/www.jinyupaint.com\/#website\",\"url\":\"https:\/\/www.jinyupaint.com\/\",\"name\":\"JINYU\u00ae PAINT\",\"description\":\"JINYU PAINT\u00ae Manufacturer\",\"potentialAction\":[{\"@type\":\"SearchAction\",\"target\":{\"@type\":\"EntryPoint\",\"urlTemplate\":\"https:\/\/www.jinyupaint.com\/?s={search_term_string}\"},\"query-input\":{\"@type\":\"PropertyValueSpecification\",\"valueRequired\":true,\"valueName\":\"search_term_string\"}}],\"inLanguage\":\"fr-FR\"}]}<\/script>\n<!-- \/ Yoast SEO Premium plugin. -->","yoast_head_json":{"title":"Couche de finition polyur\u00e9thane acrylique BGA-40 - KAIDA PAINT\u00ae Fabricant | Fournisseur","description":"Finition polyur\u00e9thane acrylique aliphatique de haute performance avec une r\u00e9sistance sup\u00e9rieure aux UV et une r\u00e9tention de la couleur. Id\u00e9ale pour les structures en acier dans les environnements corrosifs. Peinture \u00e9mail polyur\u00e9thane durable et peu brillante.","robots":{"index":"index","follow":"follow","max-snippet":"max-snippet:-1","max-image-preview":"max-image-preview:large","max-video-preview":"max-video-preview:-1"},"canonical":"https:\/\/www.jinyupaint.com\/fr\/produit\/bga-40-acrylic-polyurethane-topcoat\/","og_locale":"fr_FR","og_type":"article","og_title":"BGA-40 Acrylic Polyurethane Topcoat","og_description":"High-performance \u200b\u200baliphatic acrylic polyurethane finish\u200b\u200b with superior UV resistance & color retention. Ideal for steel structures in corrosive environments. Low-sheen, durable \u200b\u200bpolyurethane enamel paint\u200b\u200b.","og_url":"https:\/\/www.jinyupaint.com\/fr\/produit\/bga-40-acrylic-polyurethane-topcoat\/","og_site_name":"KAIDA PAINT\u00ae","article_modified_time":"2025-07-14T08:23:42+00:00","og_image":[{"width":750,"height":750,"url":"https:\/\/www.jinyupaint.com\/wp-content\/uploads\/2023\/10\/Acrylic-Polyurethane-Finish.jpg","type":"image\/jpeg"}],"twitter_card":"summary_large_image","twitter_misc":{"Dur\u00e9e de lecture estim\u00e9e":"3 minutes"},"schema":{"@context":"https:\/\/schema.org","@graph":[{"@type":"WebPage","@id":"https:\/\/www.jinyupaint.com\/product\/bga-40-acrylic-polyurethane-topcoat","url":"https:\/\/www.jinyupaint.com\/product\/bga-40-acrylic-polyurethane-topcoat","name":"Couche de finition polyur\u00e9thane acrylique BGA-40 - KAIDA PAINT\u00ae Fabricant | Fournisseur","isPartOf":{"@id":"https:\/\/www.jinyupaint.com\/#website"},"primaryImageOfPage":{"@id":"https:\/\/www.jinyupaint.com\/product\/bga-40-acrylic-polyurethane-topcoat#primaryimage"},"image":{"@id":"https:\/\/www.jinyupaint.com\/product\/bga-40-acrylic-polyurethane-topcoat#primaryimage"},"thumbnailUrl":"https:\/\/www.jinyupaint.com\/wp-content\/uploads\/2023\/10\/Acrylic-Polyurethane-Finish.jpg","datePublished":"2023-10-17T02:49:22+00:00","dateModified":"2025-07-14T08:23:42+00:00","description":"Finition polyur\u00e9thane acrylique aliphatique de haute performance avec une r\u00e9sistance sup\u00e9rieure aux UV et une r\u00e9tention de la couleur. Id\u00e9ale pour les structures en acier dans les environnements corrosifs. Peinture \u00e9mail polyur\u00e9thane durable et peu brillante.","breadcrumb":{"@id":"https:\/\/www.jinyupaint.com\/product\/bga-40-acrylic-polyurethane-topcoat#breadcrumb"},"inLanguage":"fr-FR","potentialAction":[{"@type":"ReadAction","target":["https:\/\/www.jinyupaint.com\/product\/bga-40-acrylic-polyurethane-topcoat"]}]},{"@type":"ImageObject","inLanguage":"fr-FR","@id":"https:\/\/www.jinyupaint.com\/product\/bga-40-acrylic-polyurethane-topcoat#primaryimage","url":"https:\/\/www.jinyupaint.com\/wp-content\/uploads\/2023\/10\/Acrylic-Polyurethane-Finish.jpg","contentUrl":"https:\/\/www.jinyupaint.com\/wp-content\/uploads\/2023\/10\/Acrylic-Polyurethane-Finish.jpg","width":750,"height":750,"caption":"Acrylic Polyurethane Finish"},{"@type":"BreadcrumbList","@id":"https:\/\/www.jinyupaint.com\/product\/bga-40-acrylic-polyurethane-topcoat#breadcrumb","itemListElement":[{"@type":"ListItem","position":1,"name":"Home","item":"https:\/\/www.jinyupaint.com\/"},{"@type":"ListItem","position":2,"name":"Shop","item":"https:\/\/www.jinyupaint.com\/shop.html"},{"@type":"ListItem","position":3,"name":"BGA-40 Acrylic Polyurethane Topcoat"}]},{"@type":"WebSite","@id":"https:\/\/www.jinyupaint.com\/#website","url":"https:\/\/www.jinyupaint.com\/","name":"JINYU\u00ae PAINT","description":"JINYU PAINT\u00ae Fabricant","potentialAction":[{"@type":"SearchAction","target":{"@type":"EntryPoint","urlTemplate":"https:\/\/www.jinyupaint.com\/?s={search_term_string}"},"query-input":{"@type":"PropertyValueSpecification","valueRequired":true,"valueName":"search_term_string"}}],"inLanguage":"fr-FR"}]}},"_links":{"self":[{"href":"https:\/\/www.jinyupaint.com\/fr\/wp-json\/wp\/v2\/product\/1482","targetHints":{"allow":["GET"]}}],"collection":[{"href":"https:\/\/www.jinyupaint.com\/fr\/wp-json\/wp\/v2\/product"}],"about":[{"href":"https:\/\/www.jinyupaint.com\/fr\/wp-json\/wp\/v2\/types\/product"}],"wp:featuredmedia":[{"embeddable":true,"href":"https:\/\/www.jinyupaint.com\/fr\/wp-json\/wp\/v2\/media\/5095"}],"wp:attachment":[{"href":"https:\/\/www.jinyupaint.com\/fr\/wp-json\/wp\/v2\/media?parent=1482"}],"wp:term":[{"taxonomy":"product_brand","embeddable":true,"href":"https:\/\/www.jinyupaint.com\/fr\/wp-json\/wp\/v2\/product_brand?post=1482"},{"taxonomy":"product_cat","embeddable":true,"href":"https:\/\/www.jinyupaint.com\/fr\/wp-json\/wp\/v2\/product_cat?post=1482"},{"taxonomy":"product_tag","embeddable":true,"href":"https:\/\/www.jinyupaint.com\/fr\/wp-json\/wp\/v2\/product_tag?post=1482"}],"curies":[{"name":"wp","href":"https:\/\/api.w.org\/{rel}","templated":true}]}}