{"id":1481,"date":"2023-10-17T02:43:24","date_gmt":"2023-10-17T02:43:24","guid":{"rendered":"http:\/\/www.jinyupaint.com\/?post_type=product&#038;p=1481"},"modified":"2025-07-11T09:00:37","modified_gmt":"2025-07-11T09:00:37","slug":"bgfc-90-fluorocarbon-topcoat","status":"publish","type":"product","link":"https:\/\/www.jinyupaint.com\/fr\/produit\/bgfc-90-fluorocarbon-topcoat","title":{"rendered":"BGFC-90 Rev\u00eatement en fluorocarbone Finition"},"content":{"rendered":"<h2>Description du produit<\/h2>\n<p>Ce produit est un rev\u00eatement fluorocarbon\u00e9 bi-composant de haute performance avec une excellente r\u00e9tention de couleur et de brillance, enti\u00e8rement conforme \u00e0 la norme HG\/T 3792-2014.<\/p>\n<p>&nbsp;<\/p>\n<h2>Caract\u00e9ristiques principales<\/h2>\n<p>Cette peinture \u00e0 base de r\u00e9sine fluorocarbon\u00e9e offre une r\u00e9sistance sup\u00e9rieure aux intemp\u00e9ries, une protection exceptionnelle contre les UV et une stabilit\u00e9 des couleurs \u00e0 long terme, ce qui la rend id\u00e9ale pour les applications d\u00e9coratives haut de gamme dans les climats difficiles.<\/p>\n<p>&nbsp;<\/p>\n<h2>\u200b<strong>Norme technique<\/strong><\/h2>\n<p>Conforme \u00e0 la norme HG\/T 3792-2014 Cross-linked Fluorocarbon Coatings Standard (norme nationale chinoise pour les rev\u00eatements fluoropolym\u00e8res haute performance).<\/p>\n<p>&nbsp;<\/p>\n<h2><strong>Sp\u00e9cifications techniques<\/strong><\/h2>\n<table>\n<thead>\n<tr>\n<th>Non.<\/th>\n<th>\u00c9l\u00e9ment de test<\/th>\n<th>Exigence standard<\/th>\n<th>Valeur mesur\u00e9e<\/th>\n<\/tr>\n<\/thead>\n<tbody>\n<tr>\n<td>1<\/td>\n<td>\u00c9tat dans le conteneur<\/td>\n<td>Uniforme, sans grumeaux apr\u00e8s m\u00e9lange<\/td>\n<td>Uniforme, sans grumeaux apr\u00e8s m\u00e9lange<\/td>\n<\/tr>\n<tr>\n<td>2<\/td>\n<td>Volume des solides %<\/td>\n<td>50<\/td>\n<td>-<\/td>\n<\/tr>\n<tr>\n<td>3<\/td>\n<td>Film sec standard (\u03bcm)<\/td>\n<td>70<\/td>\n<td>-<\/td>\n<\/tr>\n<tr>\n<td>4<\/td>\n<td>Taux de couverture<\/td>\n<td>-<\/td>\n<td>5,6m\u00b2\/kg (pour un film sec de 70\u03bcm)<\/td>\n<\/tr>\n<tr>\n<td>5<\/td>\n<td>Temps de s\u00e9chage de la surface (25\u00b0C)<\/td>\n<td>\u22642 heures<\/td>\n<td>0,5 heures<\/td>\n<\/tr>\n<tr>\n<td>6<\/td>\n<td>Temps de s\u00e9chage dur (25\u00b0C)<\/td>\n<td>\u226424 heures<\/td>\n<td>10 heures<\/td>\n<\/tr>\n<tr>\n<td>7<\/td>\n<td>Essai de pliage (mm)<\/td>\n<td>\u22642<\/td>\n<td>1<\/td>\n<\/tr>\n<tr>\n<td>8<\/td>\n<td>R\u00e9sistance \u00e0 l'impact (cm)<\/td>\n<td>\u226550<\/td>\n<td>50<\/td>\n<\/tr>\n<tr>\n<td>9<\/td>\n<td>Adh\u00e9sion (MPa)<\/td>\n<td>\u22654<\/td>\n<td>5<\/td>\n<\/tr>\n<tr>\n<td>10<\/td>\n<td>L'alt\u00e9ration artificielle<\/td>\n<td>3000h : pas de cloquage, de rouille, de fissuration ou d'\u00e9caillage ; \u0394E\u22643.0, r\u00e9tention de la brillance\u226580%<\/td>\n<td>Satisfait \u00e0 toutes les exigences<\/td>\n<\/tr>\n<tr>\n<td>11<\/td>\n<td>Point d'\u00e9clair (\u00b0C)<\/td>\n<td>-<\/td>\n<td>28<\/td>\n<\/tr>\n<\/tbody>\n<\/table>\n<h2><strong>Champ d'application<\/strong><\/h2>\n<p>Cette couche de finition fluorocarbon\u00e9e haute performance est sp\u00e9cifiquement formul\u00e9e comme couche de finition dans les syst\u00e8mes de rev\u00eatement \u00e9poxy, offrant une protection exceptionnelle contre la corrosion et des performances d\u00e9coratives pour les environnements exigeants, notamment les structures offshore, les usines chimiques\/p\u00e9trochimiques, les ponts et autres structures en acier n\u00e9cessitant \u00e0 la fois une r\u00e9sistance sup\u00e9rieure aux intemp\u00e9ries et une r\u00e9tention \u00e0 long terme de la couleur, ce qui en fait la solution id\u00e9ale pour les applications industrielles o\u00f9 la durabilit\u00e9 et l'attrait esth\u00e9tique sont essentiels.<\/p>\n<p>&nbsp;<\/p>\n<h2><strong>Directives d'application pour les rev\u00eatements fluorocarbon\u00e9s.<\/strong>\u200b<\/h2>\n<p>Ce rev\u00eatement fluorocarbon\u00e9 doit \u00eatre appliqu\u00e9 \u00e0 des temp\u00e9ratures ambiantes sup\u00e9rieures \u00e0 10\u00b0C, la temp\u00e9rature de la peinture devant \u00eatre maintenue au-dessus de 15\u00b0C et l'humidit\u00e9 relative inf\u00e9rieure \u00e0 80%. Veiller \u00e0 ce que les surfaces soient s\u00e8ches, propres et \u00e0 ce que leur temp\u00e9rature soit sup\u00e9rieure de 3\u00b0C au point de ros\u00e9e afin d'\u00e9viter la condensation. Une ventilation ad\u00e9quate est n\u00e9cessaire dans les espaces confin\u00e9s pendant l'application et le durcissement. \u00c9viter l'application par temps de pluie, de neige ou de brouillard.<\/p>\n<p>&nbsp;<\/p>\n<p>M\u00e9langer les composants avec pr\u00e9cision selon les instructions de l'\u00e9tiquette et utiliser dans les limites de la dur\u00e9e de vie en pot, qui diminue \u00e0 des temp\u00e9ratures plus \u00e9lev\u00e9es. Avant de recouvrir, \u00e9liminer l'huile, l'humidit\u00e9, les \u00e9claboussures de soudure et la poussi\u00e8re. Le temps de s\u00e9chage varie en fonction de la temp\u00e9rature, de l'humidit\u00e9 et de l'\u00e9paisseur du film. Si l'on d\u00e9passe l'intervalle de recouvrement maximal, il faut rendre la surface rugueuse pour assurer l'adh\u00e9rence entre les couches.<\/p>\n<p>&nbsp;<\/p>\n<p>Stocker dans un endroit frais, sec et ventil\u00e9, \u00e0 l'abri des sources de chaleur et de la lumi\u00e8re directe du soleil. Les travailleurs doivent porter des EPI appropri\u00e9s et des mesures de pr\u00e9vention des incendies doivent \u00eatre mises en place. Il est strictement interdit d'utiliser des flammes nues et de fumer.<\/p>\n<p>&nbsp;<\/p>\n<div class=\"agent-chat__toolbar__left\">\n<h2>Proc\u00e9d\u00e9 de rev\u00eatement au fluorocarbone<\/h2>\n<p>La pulv\u00e9risation multicouche est la technique de rev\u00eatement fluorocarbon\u00e9 la plus utilis\u00e9e. Le processus de pr\u00e9traitement comprend : le d\u00e9graissage, le nettoyage alcalin, le rin\u00e7age \u00e0 l'eau, la chromatation, le rin\u00e7age \u00e0 l'eau et le rin\u00e7age final \u00e0 l'eau pure. La proc\u00e9dure de pulv\u00e9risation comprend : l'application de l'appr\u00eat, l'\u00e9galisation de la couche d'appr\u00eat, l'application de la couche de finition, l'\u00e9galisation de la couche de finition, puis le durcissement final. Le pr\u00e9traitement vise \u00e0 \u00e9liminer les taches d'huile et \u00e0 traiter chimiquement la surface de l'alliage d'aluminium avant la pulv\u00e9risation, ce qui prolonge la dur\u00e9e de vie du film de rev\u00eatement.<\/p>\n<p>&nbsp;<\/p>\n<p>L'appr\u00eat fluorocarbon\u00e9 scell\u00e9 am\u00e9liore la p\u00e9n\u00e9tration du rev\u00eatement, la protection du substrat, la stabilisation de la couche superficielle du m\u00e9tal et l'adh\u00e9rence du rev\u00eatement fluorocarbon\u00e9.<\/p>\n<p>&nbsp;<\/p>\n<p>La couche de finition fluorocarbon\u00e9e est la couche la plus critique du syst\u00e8me de rev\u00eatement fluorocarbon\u00e9. Elle prot\u00e8ge la surface du m\u00e9tal de l'exposition atmosph\u00e9rique, des pluies acides et des polluants, tout en bloquant la p\u00e9n\u00e9tration des UV et en am\u00e9liorant les performances anti-vieillissement.<\/p>\n<p>&nbsp;<\/p>\n<p>Le principal objectif du rev\u00eatement fluorocarbon\u00e9 est d'am\u00e9liorer la r\u00e9sistance \u00e0 la corrosion, prot\u00e9geant ainsi la couche de finition et am\u00e9liorant son \u00e9clat m\u00e9tallique.<\/p>\n<p>&nbsp;<\/p>\n<p>Les m\u00e9thodes de durcissement varient d'un fabricant \u00e0 l'autre. Cependant, chaque fabricant optimise la temp\u00e9rature et la dur\u00e9e en fonction de la formulation sp\u00e9cifique du rev\u00eatement.<\/p>\n<p>&nbsp;<\/p>\n<\/div>\n<h2>Emballage<\/h2>\n<p><strong>Taille :<\/strong> 25kg par s\u00e9rie<\/p>\n<p>&nbsp;<\/p>\n<h2>Dur\u00e9e de conservation :<\/h2>\n<p>Conserv\u00e9 dans un endroit frais, sec et ombrag\u00e9, le produit non ouvert a une dur\u00e9e de vie d'un an (\u00e0 25\u00b0C).<\/p>\n<p>&nbsp;<\/p>\n<figure id=\"attachment_4527\" aria-describedby=\"caption-attachment-4527\" style=\"width: 600px\" class=\"wp-caption alignnone\"><a href=\"https:\/\/www.jinyupaint.com\/wp-content\/uploads\/2023\/10\/Fluorocarbon-Coating-Appliction.jpg\"><img fetchpriority=\"high\" decoding=\"async\" class=\"size-full wp-image-4527\" src=\"https:\/\/www.jinyupaint.com\/wp-content\/uploads\/2023\/10\/Fluorocarbon-Coating-Appliction.jpg\" alt=\"Application de rev\u00eatements fluorocarbon\u00e9s\" width=\"600\" height=\"450\" srcset=\"https:\/\/www.jinyupaint.com\/wp-content\/uploads\/2023\/10\/Fluorocarbon-Coating-Appliction.jpg 600w, https:\/\/www.jinyupaint.com\/wp-content\/uploads\/2023\/10\/Fluorocarbon-Coating-Appliction-300x225.jpg 300w\" sizes=\"(max-width: 600px) 100vw, 600px\" \/><\/a><figcaption id=\"caption-attachment-4527\" class=\"wp-caption-text\">Application de rev\u00eatements fluorocarbon\u00e9s<\/figcaption><\/figure>\n<p>&nbsp;<\/p>\n<h2 style=\"text-align: center;\">Rev\u00eatement fluorocarbon\u00e9 dans les applications de structures en acier : Syst\u00e8mes de correspondance<\/h2>\n<div style=\"content: ''; width: 248px; height: 1px; background: #c8c8c8; display: block; margin: auto;\"><\/div>\n<div style=\"position: relative;\">\n<div style=\"content: ''; width: 37px; height: 3px; background: #d51405; display: block; position: absolute; left: 50%; margin-left: -18px; bottom: 0;\"><\/div>\n<\/div>\n<p>&nbsp;<\/p>\n<p>Dans les applications pratiques sur les structures en acier, les rev\u00eatements fluorocarbon\u00e9s sont g\u00e9n\u00e9ralement utilis\u00e9s en combinaison avec des appr\u00eats, des couches interm\u00e9diaires et des couches de finition pour obtenir une protection anticorrosion optimale.<\/p>\n<p>&nbsp;<\/p>\n<h3>I. S\u00e9lection des rev\u00eatements correspondants pour les rev\u00eatements fluorocarbon\u00e9s<\/h3>\n<p><strong>01 S\u00e9lection des amorces<\/strong><br \/>\nLes appr\u00eats utilis\u00e9s avec les rev\u00eatements fluorocarbon\u00e9s doivent pr\u00e9senter une forte adh\u00e9rence, une excellente r\u00e9sistance \u00e0 la rouille et une bonne maniabilit\u00e9. Parmi les choix courants, on trouve les primaires \u00e9poxy, les primaires \u00e9poxy riches en zinc ou les primaires inorganiques riches en zinc. Ils sont largement utilis\u00e9s dans les rev\u00eatements anticorrosion pour les structures en acier des ponts et des b\u00e2timents.<\/p>\n<p>&nbsp;<\/p>\n<p><strong>02 Choix de la couche interm\u00e9diaire<\/strong><br \/>\nLes couches interm\u00e9diaires pour les rev\u00eatements fluorocarbon\u00e9s comprennent souvent des rev\u00eatements interm\u00e9diaires \u00e9poxy mica fer ou des rev\u00eatements interm\u00e9diaires \u00e9poxy \u00e0 haut pouvoir garnissant. Ces rev\u00eatements renforcent les performances anticorrosion globales, am\u00e9liorent les propri\u00e9t\u00e9s de barri\u00e8re et assurent une liaison efficace entre le primaire et la couche de finition tout en bloquant les agents corrosifs.<\/p>\n<p>&nbsp;<\/p>\n<h3>II. Syst\u00e8mes d'adaptation courants pour les rev\u00eatements fluorocarbon\u00e9s<\/h3>\n<p><strong>Syst\u00e8me 1 :<\/strong> Primaire \u00e9poxy riche en zinc + couche interm\u00e9diaire \u00e9poxy mica fer + couche de finition fluorocarbone<br \/>\n<strong>Syst\u00e8me 2 :<\/strong> Primaire inorganique riche en zinc + scellant \u00e9poxy + couche interm\u00e9diaire \u00e9poxy mica fer + couche de finition fluorocarbone<br \/>\n<strong>Syst\u00e8me 3 :<\/strong> Primaire \u00e9poxy + couche interm\u00e9diaire \u00e9poxy \u00e0 haut pouvoir garnissant + couche de finition fluorocarbone<\/p>\n<p>&nbsp;<\/p>\n<p>Dans les projets de rev\u00eatement de structures m\u00e9talliques, la s\u00e9lection d'un syst\u00e8me appropri\u00e9 doit tenir compte de facteurs tels que les exigences de construction, les conditions environnementales, les sp\u00e9cifications du projet, les risques de corrosion et le rapport co\u00fbt-efficacit\u00e9.<\/p>","protected":false},"excerpt":{"rendered":"<p>Les rev\u00eatements fluorocarbon\u00e9s sont des peintures haute performance dont le principal composant filmog\u00e8ne est une r\u00e9sine fluoropolym\u00e8re. Leurs fortes liaisons F-C leur conf\u00e8rent une r\u00e9sistance exceptionnelle aux UV et \u00e0 la chaleur, ce qui les rend plus durables que les autres rev\u00eatements \u00e0 base de r\u00e9sine.<\/p>\n<p>&nbsp;<\/p>\n<p>Disponibles dans des formulations thermoplastiques et thermodurcissables, ces rev\u00eatements offrent une r\u00e9sistance chimique, une imperm\u00e9abilit\u00e9 \u00e0 l'eau et une stabilit\u00e9 thermique. Les options \u00e9cologiques comprennent les rev\u00eatements \u00e0 base d'eau, les rev\u00eatements \u00e0 haute teneur en solides et les rev\u00eatements en poudre.<\/p>\n<p>&nbsp;<\/p>\n<p>Gr\u00e2ce \u00e0 leur excellente r\u00e9sistance aux intemp\u00e9ries et \u00e0 la corrosion, ainsi qu'\u00e0 leur faible \u00e9nergie de surface, ils conservent leurs performances dans des conditions difficiles. Les applications couvrent la construction (fa\u00e7ades, toits), l'a\u00e9rospatiale (rev\u00eatements d'avions), la marine (protection des coques) et le p\u00e9trole et le gaz (pipelines, r\u00e9servoirs).<\/p>","protected":false},"featured_media":1509,"template":"","meta":{"om_disable_all_campaigns":false,"_monsterinsights_skip_tracking":false,"_monsterinsights_sitenote_active":false,"_monsterinsights_sitenote_note":"","_monsterinsights_sitenote_category":0,"_uf_show_specific_survey":0,"_uf_disable_surveys":false},"product_brand":[],"product_cat":[504,79],"product_tag":[255,257,256,81,82],"class_list":{"0":"post-1481","1":"product","2":"type-product","3":"status-publish","4":"has-post-thumbnail","6":"product_cat-fluorocarbon-paint","7":"product_cat-industrial-coating","8":"product_tag-fluorocarbon-coating","9":"product_tag-fluorocarbon-finish","10":"product_tag-fluorocarbon-paint","11":"product_tag-industrial-coating","12":"product_tag-industrial-paint","14":"first","15":"instock","16":"shipping-taxable","17":"product-type-simple"},"yoast_head":"<!-- This site is optimized with the Yoast SEO Premium plugin v26.2 (Yoast SEO v26.5) - https:\/\/yoast.com\/wordpress\/plugins\/seo\/ -->\n<title>BGFC-90 Fluorocarbon Coating Finish - KAIDA PAINT\u00ae<\/title>\n<meta name=\"description\" content=\"Professional-grade fluorocarbon coatings for industrial and architectural applications. Our HG\/T 3792-2014 compliant products offer exceptional UV resistance, corrosion protection, and 15+ years durability. Ideal for bridges, offshore structures, and chemical plants.\" \/>\n<meta name=\"robots\" content=\"index, follow, max-snippet:-1, max-image-preview:large, max-video-preview:-1\" \/>\n<link rel=\"canonical\" href=\"https:\/\/www.jinyupaint.com\/fr\/produit\/bgfc-90-fluorocarbon-topcoat\/\" \/>\n<meta property=\"og:locale\" content=\"fr_FR\" \/>\n<meta property=\"og:type\" content=\"article\" \/>\n<meta property=\"og:title\" content=\"BGFC-90 Fluorocarbon Coating Finish\" \/>\n<meta property=\"og:description\" content=\"Professional-grade fluorocarbon coatings for industrial and architectural applications. Our HG\/T 3792-2014 compliant products offer exceptional UV resistance, corrosion protection, and 15+ years durability. Ideal for bridges, offshore structures, and chemical plants.\" \/>\n<meta property=\"og:url\" content=\"https:\/\/www.jinyupaint.com\/fr\/produit\/bgfc-90-fluorocarbon-topcoat\/\" \/>\n<meta property=\"og:site_name\" content=\"KAIDA PAINT\u00ae\" \/>\n<meta property=\"article:modified_time\" content=\"2025-07-11T09:00:37+00:00\" \/>\n<meta property=\"og:image\" content=\"https:\/\/www.jinyupaint.com\/wp-content\/uploads\/2023\/10\/Industrial-Paint-16.jpg\" \/>\n\t<meta property=\"og:image:width\" content=\"750\" \/>\n\t<meta property=\"og:image:height\" content=\"750\" \/>\n\t<meta property=\"og:image:type\" content=\"image\/jpeg\" \/>\n<meta name=\"twitter:card\" content=\"summary_large_image\" \/>\n<meta name=\"twitter:label1\" content=\"Dur\u00e9e de lecture estim\u00e9e\" \/>\n\t<meta name=\"twitter:data1\" content=\"4 minutes\" \/>\n<script type=\"application\/ld+json\" class=\"yoast-schema-graph\">{\"@context\":\"https:\/\/schema.org\",\"@graph\":[{\"@type\":\"WebPage\",\"@id\":\"https:\/\/www.jinyupaint.com\/product\/bgfc-90-fluorocarbon-topcoat\",\"url\":\"https:\/\/www.jinyupaint.com\/product\/bgfc-90-fluorocarbon-topcoat\",\"name\":\"BGFC-90 Fluorocarbon Coating Finish - KAIDA PAINT\u00ae\",\"isPartOf\":{\"@id\":\"https:\/\/www.jinyupaint.com\/#website\"},\"primaryImageOfPage\":{\"@id\":\"https:\/\/www.jinyupaint.com\/product\/bgfc-90-fluorocarbon-topcoat#primaryimage\"},\"image\":{\"@id\":\"https:\/\/www.jinyupaint.com\/product\/bgfc-90-fluorocarbon-topcoat#primaryimage\"},\"thumbnailUrl\":\"https:\/\/www.jinyupaint.com\/wp-content\/uploads\/2023\/10\/Industrial-Paint-16.jpg\",\"datePublished\":\"2023-10-17T02:43:24+00:00\",\"dateModified\":\"2025-07-11T09:00:37+00:00\",\"description\":\"Professional-grade fluorocarbon coatings for industrial and architectural applications. Our HG\/T 3792-2014 compliant products offer exceptional UV resistance, corrosion protection, and 15+ years durability. Ideal for bridges, offshore structures, and chemical plants.\",\"breadcrumb\":{\"@id\":\"https:\/\/www.jinyupaint.com\/product\/bgfc-90-fluorocarbon-topcoat#breadcrumb\"},\"inLanguage\":\"fr-FR\",\"potentialAction\":[{\"@type\":\"ReadAction\",\"target\":[\"https:\/\/www.jinyupaint.com\/product\/bgfc-90-fluorocarbon-topcoat\"]}]},{\"@type\":\"ImageObject\",\"inLanguage\":\"fr-FR\",\"@id\":\"https:\/\/www.jinyupaint.com\/product\/bgfc-90-fluorocarbon-topcoat#primaryimage\",\"url\":\"https:\/\/www.jinyupaint.com\/wp-content\/uploads\/2023\/10\/Industrial-Paint-16.jpg\",\"contentUrl\":\"https:\/\/www.jinyupaint.com\/wp-content\/uploads\/2023\/10\/Industrial-Paint-16.jpg\",\"width\":750,\"height\":750,\"caption\":\"Industrial-Paint\"},{\"@type\":\"BreadcrumbList\",\"@id\":\"https:\/\/www.jinyupaint.com\/product\/bgfc-90-fluorocarbon-topcoat#breadcrumb\",\"itemListElement\":[{\"@type\":\"ListItem\",\"position\":1,\"name\":\"Home\",\"item\":\"https:\/\/www.jinyupaint.com\/\"},{\"@type\":\"ListItem\",\"position\":2,\"name\":\"Shop\",\"item\":\"https:\/\/www.jinyupaint.com\/shop.html\"},{\"@type\":\"ListItem\",\"position\":3,\"name\":\"BGFC-90 Fluorocarbon Coating Finish\"}]},{\"@type\":\"WebSite\",\"@id\":\"https:\/\/www.jinyupaint.com\/#website\",\"url\":\"https:\/\/www.jinyupaint.com\/\",\"name\":\"JINYU\u00ae PAINT\",\"description\":\"JINYU PAINT\u00ae Manufacturer\",\"potentialAction\":[{\"@type\":\"SearchAction\",\"target\":{\"@type\":\"EntryPoint\",\"urlTemplate\":\"https:\/\/www.jinyupaint.com\/?s={search_term_string}\"},\"query-input\":{\"@type\":\"PropertyValueSpecification\",\"valueRequired\":true,\"valueName\":\"search_term_string\"}}],\"inLanguage\":\"fr-FR\"}]}<\/script>\n<!-- \/ Yoast SEO Premium plugin. -->","yoast_head_json":{"title":"BGFC-90 Fluorocarbon Coating Finish - KAIDA PAINT\u00ae","description":"Rev\u00eatements fluorocarbon\u00e9s de qualit\u00e9 professionnelle pour les applications industrielles et architecturales. Nos produits conformes \u00e0 la norme HG\/T 3792-2014 offrent une r\u00e9sistance exceptionnelle aux UV, une protection contre la corrosion et une durabilit\u00e9 de plus de 15 ans. Id\u00e9al pour les ponts, les structures offshore et les usines chimiques.","robots":{"index":"index","follow":"follow","max-snippet":"max-snippet:-1","max-image-preview":"max-image-preview:large","max-video-preview":"max-video-preview:-1"},"canonical":"https:\/\/www.jinyupaint.com\/fr\/produit\/bgfc-90-fluorocarbon-topcoat\/","og_locale":"fr_FR","og_type":"article","og_title":"BGFC-90 Fluorocarbon Coating Finish","og_description":"Professional-grade fluorocarbon coatings for industrial and architectural applications. Our HG\/T 3792-2014 compliant products offer exceptional UV resistance, corrosion protection, and 15+ years durability. Ideal for bridges, offshore structures, and chemical plants.","og_url":"https:\/\/www.jinyupaint.com\/fr\/produit\/bgfc-90-fluorocarbon-topcoat\/","og_site_name":"KAIDA PAINT\u00ae","article_modified_time":"2025-07-11T09:00:37+00:00","og_image":[{"width":750,"height":750,"url":"https:\/\/www.jinyupaint.com\/wp-content\/uploads\/2023\/10\/Industrial-Paint-16.jpg","type":"image\/jpeg"}],"twitter_card":"summary_large_image","twitter_misc":{"Dur\u00e9e de lecture estim\u00e9e":"4 minutes"},"schema":{"@context":"https:\/\/schema.org","@graph":[{"@type":"WebPage","@id":"https:\/\/www.jinyupaint.com\/product\/bgfc-90-fluorocarbon-topcoat","url":"https:\/\/www.jinyupaint.com\/product\/bgfc-90-fluorocarbon-topcoat","name":"BGFC-90 Fluorocarbon Coating Finish - KAIDA PAINT\u00ae","isPartOf":{"@id":"https:\/\/www.jinyupaint.com\/#website"},"primaryImageOfPage":{"@id":"https:\/\/www.jinyupaint.com\/product\/bgfc-90-fluorocarbon-topcoat#primaryimage"},"image":{"@id":"https:\/\/www.jinyupaint.com\/product\/bgfc-90-fluorocarbon-topcoat#primaryimage"},"thumbnailUrl":"https:\/\/www.jinyupaint.com\/wp-content\/uploads\/2023\/10\/Industrial-Paint-16.jpg","datePublished":"2023-10-17T02:43:24+00:00","dateModified":"2025-07-11T09:00:37+00:00","description":"Rev\u00eatements fluorocarbon\u00e9s de qualit\u00e9 professionnelle pour les applications industrielles et architecturales. Nos produits conformes \u00e0 la norme HG\/T 3792-2014 offrent une r\u00e9sistance exceptionnelle aux UV, une protection contre la corrosion et une durabilit\u00e9 de plus de 15 ans. Id\u00e9al pour les ponts, les structures offshore et les usines chimiques.","breadcrumb":{"@id":"https:\/\/www.jinyupaint.com\/product\/bgfc-90-fluorocarbon-topcoat#breadcrumb"},"inLanguage":"fr-FR","potentialAction":[{"@type":"ReadAction","target":["https:\/\/www.jinyupaint.com\/product\/bgfc-90-fluorocarbon-topcoat"]}]},{"@type":"ImageObject","inLanguage":"fr-FR","@id":"https:\/\/www.jinyupaint.com\/product\/bgfc-90-fluorocarbon-topcoat#primaryimage","url":"https:\/\/www.jinyupaint.com\/wp-content\/uploads\/2023\/10\/Industrial-Paint-16.jpg","contentUrl":"https:\/\/www.jinyupaint.com\/wp-content\/uploads\/2023\/10\/Industrial-Paint-16.jpg","width":750,"height":750,"caption":"Industrial-Paint"},{"@type":"BreadcrumbList","@id":"https:\/\/www.jinyupaint.com\/product\/bgfc-90-fluorocarbon-topcoat#breadcrumb","itemListElement":[{"@type":"ListItem","position":1,"name":"Home","item":"https:\/\/www.jinyupaint.com\/"},{"@type":"ListItem","position":2,"name":"Shop","item":"https:\/\/www.jinyupaint.com\/shop.html"},{"@type":"ListItem","position":3,"name":"BGFC-90 Fluorocarbon Coating Finish"}]},{"@type":"WebSite","@id":"https:\/\/www.jinyupaint.com\/#website","url":"https:\/\/www.jinyupaint.com\/","name":"JINYU\u00ae PAINT","description":"JINYU PAINT\u00ae Fabricant","potentialAction":[{"@type":"SearchAction","target":{"@type":"EntryPoint","urlTemplate":"https:\/\/www.jinyupaint.com\/?s={search_term_string}"},"query-input":{"@type":"PropertyValueSpecification","valueRequired":true,"valueName":"search_term_string"}}],"inLanguage":"fr-FR"}]}},"_links":{"self":[{"href":"https:\/\/www.jinyupaint.com\/fr\/wp-json\/wp\/v2\/product\/1481","targetHints":{"allow":["GET"]}}],"collection":[{"href":"https:\/\/www.jinyupaint.com\/fr\/wp-json\/wp\/v2\/product"}],"about":[{"href":"https:\/\/www.jinyupaint.com\/fr\/wp-json\/wp\/v2\/types\/product"}],"wp:featuredmedia":[{"embeddable":true,"href":"https:\/\/www.jinyupaint.com\/fr\/wp-json\/wp\/v2\/media\/1509"}],"wp:attachment":[{"href":"https:\/\/www.jinyupaint.com\/fr\/wp-json\/wp\/v2\/media?parent=1481"}],"wp:term":[{"taxonomy":"product_brand","embeddable":true,"href":"https:\/\/www.jinyupaint.com\/fr\/wp-json\/wp\/v2\/product_brand?post=1481"},{"taxonomy":"product_cat","embeddable":true,"href":"https:\/\/www.jinyupaint.com\/fr\/wp-json\/wp\/v2\/product_cat?post=1481"},{"taxonomy":"product_tag","embeddable":true,"href":"https:\/\/www.jinyupaint.com\/fr\/wp-json\/wp\/v2\/product_tag?post=1481"}],"curies":[{"name":"wp","href":"https:\/\/api.w.org\/{rel}","templated":true}]}}