{"id":3262,"date":"2025-02-21T05:06:22","date_gmt":"2025-02-21T05:06:22","guid":{"rendered":"https:\/\/www.jinyupaint.com\/?page_id=3262"},"modified":"2025-02-21T06:25:25","modified_gmt":"2025-02-21T06:25:25","slug":"company-profile","status":"publish","type":"page","link":"https:\/\/www.jinyupaint.com\/fr\/company-profile.html","title":{"rendered":"Profil de l'entreprise"},"content":{"rendered":"<div data-elementor-type=\"wp-page\" data-elementor-id=\"3262\" class=\"elementor elementor-3262\" data-elementor-post-type=\"page\">\n\t\t\t\t\t\t<section class=\"elementor-section elementor-top-section elementor-element elementor-element-78cbbd6e elementor-section-boxed elementor-section-height-default elementor-section-height-default\" data-id=\"78cbbd6e\" data-element_type=\"section\" data-settings=\"{&quot;background_background&quot;:&quot;classic&quot;}\">\n\t\t\t\t\t\t<div class=\"elementor-container elementor-column-gap-default\">\n\t\t\t\t\t<div class=\"elementor-column elementor-col-100 elementor-top-column elementor-element elementor-element-7278eecc\" data-id=\"7278eecc\" data-element_type=\"column\">\n\t\t\t<div class=\"elementor-widget-wrap elementor-element-populated\">\n\t\t\t\t\t\t<div class=\"elementor-element elementor-element-75424838 elementor-widget__width-initial elementor-widget elementor-widget-woocommerce-breadcrumb\" data-id=\"75424838\" data-element_type=\"widget\" data-widget_type=\"woocommerce-breadcrumb.default\">\n\t\t\t\t<div class=\"elementor-widget-container\">\n\t\t\t\t\t<nav class=\"woocommerce-breadcrumb\" aria-label=\"Breadcrumb\" data-no-translation=\"\" data-trp-gettext=\"\">Accueil<\/nav>\t\t\t\t<\/div>\n\t\t\t\t<\/div>\n\t\t\t\t\t<\/div>\n\t\t<\/div>\n\t\t\t\t\t<\/div>\n\t\t<\/section>\n\t\t\t\t<section class=\"elementor-section elementor-top-section elementor-element elementor-element-fac1bb7 elementor-section-boxed elementor-section-height-default elementor-section-height-default\" data-id=\"fac1bb7\" data-element_type=\"section\">\n\t\t\t\t\t\t<div class=\"elementor-container elementor-column-gap-default\">\n\t\t\t\t\t<div class=\"elementor-column elementor-col-100 elementor-top-column elementor-element elementor-element-7508b19\" data-id=\"7508b19\" data-element_type=\"column\">\n\t\t\t<div class=\"elementor-widget-wrap elementor-element-populated\">\n\t\t\t\t\t\t<div class=\"elementor-element elementor-element-2b90ca6 elementor-widget elementor-widget-spacer\" data-id=\"2b90ca6\" data-element_type=\"widget\" data-widget_type=\"spacer.default\">\n\t\t\t\t<div class=\"elementor-widget-container\">\n\t\t\t\t\t\t\t<div class=\"elementor-spacer\">\n\t\t\t<div class=\"elementor-spacer-inner\"><\/div>\n\t\t<\/div>\n\t\t\t\t\t\t<\/div>\n\t\t\t\t<\/div>\n\t\t\t\t\t<\/div>\n\t\t<\/div>\n\t\t\t\t\t<\/div>\n\t\t<\/section>\n\t\t\t\t<section class=\"elementor-section elementor-top-section elementor-element elementor-element-42a23ab elementor-section-boxed elementor-section-height-default elementor-section-height-default\" data-id=\"42a23ab\" data-element_type=\"section\">\n\t\t\t\t\t\t<div class=\"elementor-container elementor-column-gap-default\">\n\t\t\t\t\t<div class=\"elementor-column elementor-col-100 elementor-top-column elementor-element elementor-element-d184d18\" data-id=\"d184d18\" data-element_type=\"column\">\n\t\t\t<div class=\"elementor-widget-wrap elementor-element-populated\">\n\t\t\t\t\t\t<div class=\"elementor-element elementor-element-bcdc0d7 elementor-widget elementor-widget-image\" data-id=\"bcdc0d7\" data-element_type=\"widget\" data-widget_type=\"image.default\">\n\t\t\t\t<div class=\"elementor-widget-container\">\n\t\t\t\t\t\t\t\t\t\t\t\t\t\t\t<img fetchpriority=\"high\" decoding=\"async\" width=\"1604\" height=\"902\" src=\"https:\/\/www.jinyupaint.com\/wp-content\/uploads\/2025\/02\/JINYU-PAINT-Display-Hall.jpg\" class=\"attachment-full size-full wp-image-3338\" alt=\"Salle d&#039;exposition JINYU-PAINT\" srcset=\"https:\/\/www.jinyupaint.com\/wp-content\/uploads\/2025\/02\/JINYU-PAINT-Display-Hall.jpg 1604w, https:\/\/www.jinyupaint.com\/wp-content\/uploads\/2025\/02\/JINYU-PAINT-Display-Hall-300x169.jpg 300w, https:\/\/www.jinyupaint.com\/wp-content\/uploads\/2025\/02\/JINYU-PAINT-Display-Hall-1024x576.jpg 1024w, https:\/\/www.jinyupaint.com\/wp-content\/uploads\/2025\/02\/JINYU-PAINT-Display-Hall-768x432.jpg 768w, https:\/\/www.jinyupaint.com\/wp-content\/uploads\/2025\/02\/JINYU-PAINT-Display-Hall-1536x864.jpg 1536w, https:\/\/www.jinyupaint.com\/wp-content\/uploads\/2025\/02\/JINYU-PAINT-Display-Hall-600x337.jpg 600w\" sizes=\"(max-width: 1604px) 100vw, 1604px\" \/>\t\t\t\t\t\t\t\t\t\t\t\t\t\t\t<\/div>\n\t\t\t\t<\/div>\n\t\t\t\t\t<\/div>\n\t\t<\/div>\n\t\t\t\t\t<\/div>\n\t\t<\/section>\n\t\t\t\t<section class=\"elementor-section elementor-top-section elementor-element elementor-element-9f3e6c8 elementor-section-boxed elementor-section-height-default elementor-section-height-default\" data-id=\"9f3e6c8\" data-element_type=\"section\">\n\t\t\t\t\t\t<div class=\"elementor-container elementor-column-gap-default\">\n\t\t\t\t\t<div class=\"elementor-column elementor-col-100 elementor-top-column elementor-element elementor-element-0227a96\" data-id=\"0227a96\" data-element_type=\"column\">\n\t\t\t<div class=\"elementor-widget-wrap elementor-element-populated\">\n\t\t\t\t\t\t<div class=\"elementor-element elementor-element-db5eec4 elementor-widget elementor-widget-text-editor\" data-id=\"db5eec4\" data-element_type=\"widget\" data-widget_type=\"text-editor.default\">\n\t\t\t\t<div class=\"elementor-widget-container\">\n\t\t\t\t\t\t\t\t\t<div class=\"auto-hide-last-sibling-br paragraph-JOTKXA paragraph-element br-paragraph-space\">JINYU PAINT est affili\u00e9 au groupe Jinyu, l'un des plus grands groupes de mat\u00e9riaux de construction en Chine. Il s'agit d'une entreprise de rev\u00eatement professionnelle qui a pr\u00e8s de 40 ans d'histoire et qui est leader dans le domaine des rev\u00eatements ignifuges en Chine. L'entreprise dispose d'une ligne de production de rev\u00eatements moderne d'une capacit\u00e9 annuelle de 100 000 tonnes et d'une ligne de production d'adh\u00e9sifs d'une capacit\u00e9 annuelle de 50 000 tonnes. S'appuyant sur le laboratoire de niveau national - le centre technologique du groupe Jinyu, elle se consacre \u00e0 la recherche et au d\u00e9veloppement techniques, \u00e0 la production et aux services de vente de rev\u00eatements ignifuges, de rev\u00eatements d\u00e9coratifs architecturaux, de peintures pour sols, de peintures industrielles, de peintures \u00e0 base d'eau pour le bois et d'adh\u00e9sifs respectueux de l'environnement. Ses produits ont \u00e9t\u00e9 largement utilis\u00e9s dans de nombreux projets importants, notamment le Stade national (Nid d'oiseau), le Centre national des arts du spectacle, les sites du sommet du G20, le sous-centre urbain de P\u00e9kin, l'a\u00e9roport international Daxing de P\u00e9kin et Universal Beijing Resort. L'excellente qualit\u00e9 constante et le service de premier ordre ont \u00e9t\u00e9 unanimement salu\u00e9s par les propri\u00e9taires.<\/div><div class=\"auto-hide-last-sibling-br paragraph-JOTKXA paragraph-element br-paragraph-space\">\u00a0<\/div><p>\u00a0<\/p><div class=\"auto-hide-last-sibling-br paragraph-JOTKXA paragraph-element br-paragraph-space\">En tant qu'entreprise professionnelle de rev\u00eatement \u00e0 grande \u00e9chelle, JINYU PAINT utilise principalement des \u00e9quipements import\u00e9s pour la production et les essais. Elle a \u00e9tabli des partenariats de coop\u00e9ration stables et \u00e0 long terme avec des entreprises chimiques de renomm\u00e9e mondiale telles que Dow Chemical, BASF, Bayer et DuPont. L'entreprise a obtenu avec succ\u00e8s la certification nationale des produits portant le label environnemental (Ten Rings), la certification des produits verts, la certification du syst\u00e8me de gestion de la qualit\u00e9 ISO9001, la certification du syst\u00e8me de gestion de l'environnement ISO14001 et la certification du syst\u00e8me de gestion de la sant\u00e9 et de la s\u00e9curit\u00e9 au travail. Elle est dot\u00e9e d'une \u00e9quipe de gestion et d'exploitation professionnelle, et les principaux membres de ses \u00e9quipes de R&amp;D et de vente ont tous accumul\u00e9 plus de 15 ans d'exp\u00e9rience dans l'industrie des rev\u00eatements et des produits chimiques.<br \/><br \/><\/div><p>\u00a0<\/p><div class=\"auto-hide-last-sibling-br paragraph-JOTKXA paragraph-element br-paragraph-space\">Le personnel de JINYU PAINT d\u00e9fend les valeurs fondamentales de \"cr\u00e9dit, responsabilit\u00e9 et respect\" et la philosophie de gestion de \"rigueur, m\u00e9ticulosit\u00e9, sens pratique, innovation et rapidit\u00e9\". Ils s'efforcent de faire de JINYU PAINT une entreprise nationale de rev\u00eatement de premier plan en Chine et de r\u00e9aliser la vision magnifique de \"JINYU Paint, Beautifying the World\" (Peinture JINYU, embellir le monde).<\/div>\t\t\t\t\t\t\t\t<\/div>\n\t\t\t\t<\/div>\n\t\t\t\t\t<\/div>\n\t\t<\/div>\n\t\t\t\t\t<\/div>\n\t\t<\/section>\n\t\t\t\t<section class=\"elementor-section elementor-top-section elementor-element elementor-element-b1a81f8 elementor-section-boxed elementor-section-height-default elementor-section-height-default\" data-id=\"b1a81f8\" data-element_type=\"section\">\n\t\t\t\t\t\t<div class=\"elementor-container elementor-column-gap-default\">\n\t\t\t\t\t<div class=\"elementor-column elementor-col-100 elementor-top-column elementor-element elementor-element-c474a74\" data-id=\"c474a74\" data-element_type=\"column\">\n\t\t\t<div class=\"elementor-widget-wrap elementor-element-populated\">\n\t\t\t\t\t\t<div class=\"elementor-element elementor-element-758d320 elementor-widget elementor-widget-image\" data-id=\"758d320\" data-element_type=\"widget\" data-widget_type=\"image.default\">\n\t\t\t\t<div class=\"elementor-widget-container\">\n\t\t\t\t\t\t\t\t\t\t\t\t\t\t\t<img decoding=\"async\" width=\"1604\" height=\"902\" src=\"https:\/\/www.jinyupaint.com\/wp-content\/uploads\/2025\/02\/JINYU-PAINT-Display-Hall-2.jpg\" class=\"attachment-full size-full wp-image-3339\" alt=\"JINYU-PAINT-Display-Hall-2\" srcset=\"https:\/\/www.jinyupaint.com\/wp-content\/uploads\/2025\/02\/JINYU-PAINT-Display-Hall-2.jpg 1604w, https:\/\/www.jinyupaint.com\/wp-content\/uploads\/2025\/02\/JINYU-PAINT-Display-Hall-2-300x169.jpg 300w, https:\/\/www.jinyupaint.com\/wp-content\/uploads\/2025\/02\/JINYU-PAINT-Display-Hall-2-1024x576.jpg 1024w, https:\/\/www.jinyupaint.com\/wp-content\/uploads\/2025\/02\/JINYU-PAINT-Display-Hall-2-768x432.jpg 768w, https:\/\/www.jinyupaint.com\/wp-content\/uploads\/2025\/02\/JINYU-PAINT-Display-Hall-2-1536x864.jpg 1536w, https:\/\/www.jinyupaint.com\/wp-content\/uploads\/2025\/02\/JINYU-PAINT-Display-Hall-2-600x337.jpg 600w\" sizes=\"(max-width: 1604px) 100vw, 1604px\" \/>\t\t\t\t\t\t\t\t\t\t\t\t\t\t\t<\/div>\n\t\t\t\t<\/div>\n\t\t\t\t\t<\/div>\n\t\t<\/div>\n\t\t\t\t\t<\/div>\n\t\t<\/section>\n\t\t\t\t<section class=\"elementor-section elementor-top-section elementor-element elementor-element-2ba4f53 elementor-section-boxed elementor-section-height-default elementor-section-height-default\" data-id=\"2ba4f53\" data-element_type=\"section\">\n\t\t\t\t\t\t<div class=\"elementor-container elementor-column-gap-default\">\n\t\t\t\t\t<div class=\"elementor-column elementor-col-100 elementor-top-column elementor-element elementor-element-73494f9\" data-id=\"73494f9\" data-element_type=\"column\">\n\t\t\t<div class=\"elementor-widget-wrap elementor-element-populated\">\n\t\t\t\t\t\t<div class=\"elementor-element elementor-element-3e26def elementor-widget elementor-widget-text-editor\" data-id=\"3e26def\" data-element_type=\"widget\" data-widget_type=\"text-editor.default\">\n\t\t\t\t<div class=\"elementor-widget-container\">\n\t\t\t\t\t\t\t\t\t<p>\u25b2 Une marque leader de rev\u00eatements ignifuges en Chine\u00a0<\/p><p>\u25b2 Une marque leader dans l'industrie des rev\u00eatements architecturaux dans la r\u00e9gion de Bohai Rim\u00a0<\/p><p>\u25b2 L'\u00e9diteur en chef et l'unit\u00e9 d'\u00e9dition participante de plusieurs normes de rev\u00eatement.\u00a0<\/p><p>\u25b2 Le d\u00e9veloppeur de rev\u00eatements \u00e0 tr\u00e8s faible teneur en COV, un nouveau produit cl\u00e9 national\u00a0<\/p><p>\u25b2 Un fournisseur de solutions de sol de haute qualit\u00e9 et de services int\u00e9gr\u00e9s\u00a0<\/p><p>\u25b2 Un fournisseur national r\u00e9put\u00e9 d'adh\u00e9sifs \u00e9cologiques de haute qualit\u00e9<\/p>\t\t\t\t\t\t\t\t<\/div>\n\t\t\t\t<\/div>\n\t\t\t\t\t<\/div>\n\t\t<\/div>\n\t\t\t\t\t<\/div>\n\t\t<\/section>\n\t\t\t\t<section class=\"elementor-section elementor-top-section elementor-element elementor-element-2723bea elementor-section-boxed elementor-section-height-default elementor-section-height-default\" data-id=\"2723bea\" data-element_type=\"section\">\n\t\t\t\t\t\t<div class=\"elementor-container elementor-column-gap-default\">\n\t\t\t\t\t<div class=\"elementor-column elementor-col-100 elementor-top-column elementor-element elementor-element-16309d6\" data-id=\"16309d6\" data-element_type=\"column\">\n\t\t\t<div class=\"elementor-widget-wrap elementor-element-populated\">\n\t\t\t\t\t\t<div class=\"elementor-element elementor-element-b3514f1 elementor-widget elementor-widget-image\" data-id=\"b3514f1\" data-element_type=\"widget\" data-widget_type=\"image.default\">\n\t\t\t\t<div class=\"elementor-widget-container\">\n\t\t\t\t\t\t\t\t\t\t\t\t\t\t\t<img decoding=\"async\" width=\"595\" height=\"459\" src=\"https:\/\/www.jinyupaint.com\/wp-content\/uploads\/2025\/02\/JINYU-PAINT-Product-Display-Hall.jpg\" class=\"attachment-full size-full wp-image-3278\" alt=\"Hall d&#039;exposition des produits JINYU PAINT\" srcset=\"https:\/\/www.jinyupaint.com\/wp-content\/uploads\/2025\/02\/JINYU-PAINT-Product-Display-Hall.jpg 595w, https:\/\/www.jinyupaint.com\/wp-content\/uploads\/2025\/02\/JINYU-PAINT-Product-Display-Hall-300x231.jpg 300w\" sizes=\"(max-width: 595px) 100vw, 595px\" \/>\t\t\t\t\t\t\t\t\t\t\t\t\t\t\t<\/div>\n\t\t\t\t<\/div>\n\t\t\t\t\t<\/div>\n\t\t<\/div>\n\t\t\t\t\t<\/div>\n\t\t<\/section>\n\t\t\t\t<section class=\"elementor-section elementor-top-section elementor-element elementor-element-37039a0 elementor-section-boxed elementor-section-height-default elementor-section-height-default\" data-id=\"37039a0\" data-element_type=\"section\">\n\t\t\t\t\t\t<div class=\"elementor-container elementor-column-gap-default\">\n\t\t\t\t\t<div class=\"elementor-column elementor-col-100 elementor-top-column elementor-element elementor-element-2475117\" data-id=\"2475117\" data-element_type=\"column\">\n\t\t\t<div class=\"elementor-widget-wrap elementor-element-populated\">\n\t\t\t\t\t\t<div class=\"elementor-element elementor-element-a8302eb elementor-widget elementor-widget-spacer\" data-id=\"a8302eb\" data-element_type=\"widget\" data-widget_type=\"spacer.default\">\n\t\t\t\t<div class=\"elementor-widget-container\">\n\t\t\t\t\t\t\t<div class=\"elementor-spacer\">\n\t\t\t<div class=\"elementor-spacer-inner\"><\/div>\n\t\t<\/div>\n\t\t\t\t\t\t<\/div>\n\t\t\t\t<\/div>\n\t\t\t\t\t<\/div>\n\t\t<\/div>\n\t\t\t\t\t<\/div>\n\t\t<\/section>\n\t\t\t\t<section class=\"elementor-section elementor-top-section elementor-element elementor-element-64bdd073 elementor-section-full_width elementor-section-height-min-height elementor-section-height-default elementor-section-items-middle\" data-id=\"64bdd073\" data-element_type=\"section\" data-settings=\"{&quot;background_background&quot;:&quot;classic&quot;}\">\n\t\t\t\t\t\t\t<div class=\"elementor-background-overlay\"><\/div>\n\t\t\t\t\t\t\t<div class=\"elementor-container elementor-column-gap-default\">\n\t\t\t\t\t<div class=\"elementor-column elementor-col-100 elementor-top-column elementor-element elementor-element-346b9d7a\" data-id=\"346b9d7a\" data-element_type=\"column\">\n\t\t\t<div class=\"elementor-widget-wrap elementor-element-populated\">\n\t\t\t\t\t\t<div class=\"elementor-element elementor-element-23cdd267 elementor-widget elementor-widget-heading\" data-id=\"23cdd267\" data-element_type=\"widget\" data-widget_type=\"heading.default\">\n\t\t\t\t<div class=\"elementor-widget-container\">\n\t\t\t\t\t<div class=\"elementor-heading-title elementor-size-default\">JINYU PAINT\u00ae COATINGS, VOTRE MEILLEUR CHOIX<\/div>\t\t\t\t<\/div>\n\t\t\t\t<\/div>\n\t\t\t\t<div class=\"elementor-element elementor-element-6b384dae elementor-align-center elementor-widget elementor-widget-button\" data-id=\"6b384dae\" data-element_type=\"widget\" data-widget_type=\"button.default\">\n\t\t\t\t<div class=\"elementor-widget-container\">\n\t\t\t\t\t\t\t\t\t<div class=\"elementor-button-wrapper\">\n\t\t\t\t\t<a class=\"elementor-button elementor-button-link elementor-size-sm\" href=\"https:\/\/www.jinyupaint.com\/fr\/contact-us.html\/\">\n\t\t\t\t\t\t<span class=\"elementor-button-content-wrapper\">\n\t\t\t\t\t\t\t\t\t<span class=\"elementor-button-text\">Nous contacter<\/span>\n\t\t\t\t\t<\/span>\n\t\t\t\t\t<\/a>\n\t\t\t\t<\/div>\n\t\t\t\t\t\t\t\t<\/div>\n\t\t\t\t<\/div>\n\t\t\t\t\t<\/div>\n\t\t<\/div>\n\t\t\t\t\t<\/div>\n\t\t<\/section>\n\t\t\t\t<\/div>","protected":false},"excerpt":{"rendered":"<p>JINYU PAINT is affiliated to Jinyu Group, one of the largest building materials groups in [&hellip;]<\/p>\n","protected":false},"author":1,"featured_media":0,"parent":0,"menu_order":0,"comment_status":"closed","ping_status":"closed","template":"elementor_header_footer","meta":{"om_disable_all_campaigns":false,"_monsterinsights_skip_tracking":false,"_monsterinsights_sitenote_active":false,"_monsterinsights_sitenote_note":"","_monsterinsights_sitenote_category":0,"_uf_show_specific_survey":0,"_uf_disable_surveys":false,"footnotes":""},"categories":[],"tags":[],"class_list":["post-3262","page","type-page","status-publish","hentry"],"yoast_head":"<!-- This site is optimized with the Yoast SEO Premium plugin v26.2 (Yoast SEO v26.5) - https:\/\/yoast.com\/wordpress\/plugins\/seo\/ -->\n<title>Company Profile - KAIDA PAINT\u00ae<\/title>\n<meta name=\"robots\" content=\"index, follow, max-snippet:-1, max-image-preview:large, max-video-preview:-1\" \/>\n<link rel=\"canonical\" href=\"https:\/\/www.jinyupaint.com\/fr\/company-profile.html\/\" \/>\n<meta property=\"og:locale\" content=\"fr_FR\" \/>\n<meta property=\"og:type\" content=\"article\" \/>\n<meta property=\"og:title\" content=\"Company Profile\" \/>\n<meta property=\"og:description\" content=\"JINYU PAINT is affiliated to Jinyu Group, one of the largest building materials groups in [&hellip;]\" \/>\n<meta property=\"og:url\" content=\"https:\/\/www.jinyupaint.com\/fr\/company-profile.html\/\" \/>\n<meta property=\"og:site_name\" content=\"KAIDA PAINT\u00ae\" \/>\n<meta property=\"article:modified_time\" content=\"2025-02-21T06:25:25+00:00\" \/>\n<meta property=\"og:image\" content=\"https:\/\/www.jinyupaint.com\/wp-content\/uploads\/2025\/02\/JINYU-PAINT-Display-Hall.jpg\" \/>\n\t<meta property=\"og:image:width\" content=\"1604\" \/>\n\t<meta property=\"og:image:height\" content=\"902\" \/>\n\t<meta property=\"og:image:type\" content=\"image\/jpeg\" \/>\n<meta name=\"twitter:card\" content=\"summary_large_image\" \/>\n<meta name=\"twitter:label1\" content=\"Dur\u00e9e de lecture estim\u00e9e\" \/>\n\t<meta name=\"twitter:data1\" content=\"3 minutes\" \/>\n<script type=\"application\/ld+json\" class=\"yoast-schema-graph\">{\"@context\":\"https:\/\/schema.org\",\"@graph\":[{\"@type\":\"WebPage\",\"@id\":\"https:\/\/www.jinyupaint.com\/company-profile.html\",\"url\":\"https:\/\/www.jinyupaint.com\/company-profile.html\",\"name\":\"Company Profile - KAIDA PAINT\u00ae\",\"isPartOf\":{\"@id\":\"https:\/\/www.jinyupaint.com\/#website\"},\"primaryImageOfPage\":{\"@id\":\"https:\/\/www.jinyupaint.com\/company-profile.html#primaryimage\"},\"image\":{\"@id\":\"https:\/\/www.jinyupaint.com\/company-profile.html#primaryimage\"},\"thumbnailUrl\":\"https:\/\/www.jinyupaint.com\/wp-content\/uploads\/2025\/02\/JINYU-PAINT-Display-Hall.jpg\",\"datePublished\":\"2025-02-21T05:06:22+00:00\",\"dateModified\":\"2025-02-21T06:25:25+00:00\",\"breadcrumb\":{\"@id\":\"https:\/\/www.jinyupaint.com\/company-profile.html#breadcrumb\"},\"inLanguage\":\"fr-FR\",\"potentialAction\":[{\"@type\":\"ReadAction\",\"target\":[\"https:\/\/www.jinyupaint.com\/company-profile.html\"]}]},{\"@type\":\"ImageObject\",\"inLanguage\":\"fr-FR\",\"@id\":\"https:\/\/www.jinyupaint.com\/company-profile.html#primaryimage\",\"url\":\"https:\/\/www.jinyupaint.com\/wp-content\/uploads\/2025\/02\/JINYU-PAINT-Display-Hall.jpg\",\"contentUrl\":\"https:\/\/www.jinyupaint.com\/wp-content\/uploads\/2025\/02\/JINYU-PAINT-Display-Hall.jpg\"},{\"@type\":\"BreadcrumbList\",\"@id\":\"https:\/\/www.jinyupaint.com\/company-profile.html#breadcrumb\",\"itemListElement\":[{\"@type\":\"ListItem\",\"position\":1,\"name\":\"Home\",\"item\":\"https:\/\/www.jinyupaint.com\/\"},{\"@type\":\"ListItem\",\"position\":2,\"name\":\"Company Profile\"}]},{\"@type\":\"WebSite\",\"@id\":\"https:\/\/www.jinyupaint.com\/#website\",\"url\":\"https:\/\/www.jinyupaint.com\/\",\"name\":\"JINYU\u00ae PAINT\",\"description\":\"JINYU PAINT\u00ae Manufacturer\",\"potentialAction\":[{\"@type\":\"SearchAction\",\"target\":{\"@type\":\"EntryPoint\",\"urlTemplate\":\"https:\/\/www.jinyupaint.com\/?s={search_term_string}\"},\"query-input\":{\"@type\":\"PropertyValueSpecification\",\"valueRequired\":true,\"valueName\":\"search_term_string\"}}],\"inLanguage\":\"fr-FR\"}]}<\/script>\n<!-- \/ Yoast SEO Premium plugin. -->","yoast_head_json":{"title":"Profil de l'entreprise - KAIDA PAINT","robots":{"index":"index","follow":"follow","max-snippet":"max-snippet:-1","max-image-preview":"max-image-preview:large","max-video-preview":"max-video-preview:-1"},"canonical":"https:\/\/www.jinyupaint.com\/fr\/company-profile.html\/","og_locale":"fr_FR","og_type":"article","og_title":"Company Profile","og_description":"JINYU PAINT is affiliated to Jinyu Group, one of the largest building materials groups in [&hellip;]","og_url":"https:\/\/www.jinyupaint.com\/fr\/company-profile.html\/","og_site_name":"KAIDA PAINT\u00ae","article_modified_time":"2025-02-21T06:25:25+00:00","og_image":[{"width":1604,"height":902,"url":"https:\/\/www.jinyupaint.com\/wp-content\/uploads\/2025\/02\/JINYU-PAINT-Display-Hall.jpg","type":"image\/jpeg"}],"twitter_card":"summary_large_image","twitter_misc":{"Dur\u00e9e de lecture estim\u00e9e":"3 minutes"},"schema":{"@context":"https:\/\/schema.org","@graph":[{"@type":"WebPage","@id":"https:\/\/www.jinyupaint.com\/company-profile.html","url":"https:\/\/www.jinyupaint.com\/company-profile.html","name":"Profil de l'entreprise - KAIDA PAINT","isPartOf":{"@id":"https:\/\/www.jinyupaint.com\/#website"},"primaryImageOfPage":{"@id":"https:\/\/www.jinyupaint.com\/company-profile.html#primaryimage"},"image":{"@id":"https:\/\/www.jinyupaint.com\/company-profile.html#primaryimage"},"thumbnailUrl":"https:\/\/www.jinyupaint.com\/wp-content\/uploads\/2025\/02\/JINYU-PAINT-Display-Hall.jpg","datePublished":"2025-02-21T05:06:22+00:00","dateModified":"2025-02-21T06:25:25+00:00","breadcrumb":{"@id":"https:\/\/www.jinyupaint.com\/company-profile.html#breadcrumb"},"inLanguage":"fr-FR","potentialAction":[{"@type":"ReadAction","target":["https:\/\/www.jinyupaint.com\/company-profile.html"]}]},{"@type":"ImageObject","inLanguage":"fr-FR","@id":"https:\/\/www.jinyupaint.com\/company-profile.html#primaryimage","url":"https:\/\/www.jinyupaint.com\/wp-content\/uploads\/2025\/02\/JINYU-PAINT-Display-Hall.jpg","contentUrl":"https:\/\/www.jinyupaint.com\/wp-content\/uploads\/2025\/02\/JINYU-PAINT-Display-Hall.jpg"},{"@type":"BreadcrumbList","@id":"https:\/\/www.jinyupaint.com\/company-profile.html#breadcrumb","itemListElement":[{"@type":"ListItem","position":1,"name":"Home","item":"https:\/\/www.jinyupaint.com\/"},{"@type":"ListItem","position":2,"name":"Company Profile"}]},{"@type":"WebSite","@id":"https:\/\/www.jinyupaint.com\/#website","url":"https:\/\/www.jinyupaint.com\/","name":"JINYU\u00ae PAINT","description":"JINYU PAINT\u00ae Fabricant","potentialAction":[{"@type":"SearchAction","target":{"@type":"EntryPoint","urlTemplate":"https:\/\/www.jinyupaint.com\/?s={search_term_string}"},"query-input":{"@type":"PropertyValueSpecification","valueRequired":true,"valueName":"search_term_string"}}],"inLanguage":"fr-FR"}]}},"_links":{"self":[{"href":"https:\/\/www.jinyupaint.com\/fr\/wp-json\/wp\/v2\/pages\/3262","targetHints":{"allow":["GET"]}}],"collection":[{"href":"https:\/\/www.jinyupaint.com\/fr\/wp-json\/wp\/v2\/pages"}],"about":[{"href":"https:\/\/www.jinyupaint.com\/fr\/wp-json\/wp\/v2\/types\/page"}],"author":[{"embeddable":true,"href":"https:\/\/www.jinyupaint.com\/fr\/wp-json\/wp\/v2\/users\/1"}],"replies":[{"embeddable":true,"href":"https:\/\/www.jinyupaint.com\/fr\/wp-json\/wp\/v2\/comments?post=3262"}],"version-history":[{"count":0,"href":"https:\/\/www.jinyupaint.com\/fr\/wp-json\/wp\/v2\/pages\/3262\/revisions"}],"wp:attachment":[{"href":"https:\/\/www.jinyupaint.com\/fr\/wp-json\/wp\/v2\/media?parent=3262"}],"wp:term":[{"taxonomy":"category","embeddable":true,"href":"https:\/\/www.jinyupaint.com\/fr\/wp-json\/wp\/v2\/categories?post=3262"},{"taxonomy":"post_tag","embeddable":true,"href":"https:\/\/www.jinyupaint.com\/fr\/wp-json\/wp\/v2\/tags?post=3262"}],"curies":[{"name":"wp","href":"https:\/\/api.w.org\/{rel}","templated":true}]}}