{"id":895,"date":"2023-09-27T06:40:47","date_gmt":"2023-09-27T06:40:47","guid":{"rendered":"http:\/\/www.jinyupaint.com\/?post_type=product&#038;p=895"},"modified":"2025-02-18T09:22:43","modified_gmt":"2025-02-18T09:22:43","slug":"e2325-self-leveling-colored-cement","status":"publish","type":"product","link":"https:\/\/www.jinyupaint.com\/es\/producto\/e2325-self-leveling-colored-cement","title":{"rendered":"E2325 Cemento Coloreado Autonivelante"},"content":{"rendered":"<h2 data-start=\"459\" data-end=\"487\"><strong data-start=\"464\" data-end=\"487\">Funci\u00f3n principal<\/strong><\/h2>\n<ul data-start=\"599\" data-end=\"985\">\n<li data-start=\"599\" data-end=\"697\">Construcci\u00f3n sencilla, c\u00f3moda y r\u00e1pida, ideal para aplicaciones de hormig\u00f3n autonivelante.<\/li>\n<li data-start=\"698\" data-end=\"820\">Resistente al desgaste, duradera, econ\u00f3mica y respetuosa con el medio ambiente, perfecta para proyectos de nivelaci\u00f3n de suelos de hormig\u00f3n.<\/li>\n<li data-start=\"821\" data-end=\"920\">El producto tiene una excelente fluidez, por lo que es perfecto para instalaciones de cemento autonivelante.<\/li>\n<li data-start=\"921\" data-end=\"985\">Periodo de construcci\u00f3n corto, lo que garantiza una finalizaci\u00f3n m\u00e1s r\u00e1pida del proyecto.<\/li>\n<\/ul>\n<h2 data-start=\"1080\" data-end=\"1117\"><strong data-start=\"1085\" data-end=\"1117\">Introducci\u00f3n detallada<\/strong><\/h2>\n<p data-start=\"1218\" data-end=\"1651\">El mortero autonivelante de cemento coloreado E2325 es una mezcla de cemento especial, \u00e1ridos seleccionados y aditivos. Cuando se mezcla con agua, forma un material de cimentaci\u00f3n autonivelante de gran fluidez y alta resistencia. Disponible en colores como gris, rojo, amarillo, azul y verde cromo, es adecuado para diversas aplicaciones de hormig\u00f3n autonivelante, garantizando un acabado liso tanto para suelos nuevos como renovados.<\/p>\n<h2 data-start=\"1720\" data-end=\"1753\"><strong data-start=\"1725\" data-end=\"1753\">\u00c1mbito de aplicaci\u00f3n<\/strong><\/h2>\n<p data-start=\"1830\" data-end=\"2147\">Ideal para la nivelaci\u00f3n precisa de suelos de hormig\u00f3n, este producto es perfecto para contratistas de hormig\u00f3n autonivelante, proyectos de renovaci\u00f3n de suelos y construcci\u00f3n de suelos nuevos. Ampliamente utilizado en plantas industriales, aparcamientos, espacios residenciales y zonas de oficinas. Tambi\u00e9n es adecuado para su uso en \u00e1reas de alto tr\u00e1fico.<\/p>\n<h2 data-start=\"2256\" data-end=\"2291\"><strong data-start=\"2261\" data-end=\"2291\">Informaci\u00f3n sobre el producto\u00a0<\/strong><\/h2>\n<p data-start=\"2357\" data-end=\"2481\">El producto es un material en polvo mezclado en seco, dise\u00f1ado espec\u00edficamente para aplicaciones de cemento autonivelante.<\/p>\n<ul data-start=\"2482\" data-end=\"2695\">\n<li data-start=\"2482\" data-end=\"2541\"><strong data-start=\"2484\" data-end=\"2497\">Embalaje<\/strong>: Sacos de papel antihumedad, 25 kg por saco.<\/li>\n<li data-start=\"2542\" data-end=\"2695\"><strong data-start=\"2544\" data-end=\"2555\">Almacenamiento<\/strong>: Almacenar en un almac\u00e9n fresco, seco y bien ventilado, alejado de la humedad y de fuentes de calor. Temperatura de almacenamiento recomendada: 5-35\u00b0C.<\/li>\n<\/ul>\n<h2 data-start=\"2739\" data-end=\"2769\"><strong data-start=\"2744\" data-end=\"2769\">Datos t\u00e9cnicos\u00a0<\/strong><\/h2>\n<ul data-start=\"3427\" data-end=\"3474\">\n<li data-start=\"2833\" data-end=\"2875\"><strong data-start=\"2835\" data-end=\"2863\">Resistencia a la compresi\u00f3n 24h<\/strong>: \u22656,0 Mpa<\/li>\n<li data-start=\"2876\" data-end=\"2915\"><strong data-start=\"2878\" data-end=\"2903\">Resistencia a la flexi\u00f3n 24h<\/strong>: \u22652,0 Mpa<\/li>\n<li data-start=\"2916\" data-end=\"2954\"><strong data-start=\"2918\" data-end=\"2946\">Resistencia a la compresi\u00f3n 28d<\/strong>: \u2265C30<\/li>\n<li data-start=\"2955\" data-end=\"2989\"><strong data-start=\"2957\" data-end=\"2982\">Resistencia a la flexi\u00f3n 28d<\/strong>: \u2265F9<\/li>\n<li data-start=\"2990\" data-end=\"3015\"><strong data-start=\"2992\" data-end=\"3004\">Fluidez<\/strong>: \u2265130 mm<\/li>\n<li data-start=\"3016\" data-end=\"3055\"><strong data-start=\"3018\" data-end=\"3044\">Rendimiento de la combusti\u00f3n<\/strong>: Clase A<\/li>\n<li data-start=\"3016\" data-end=\"3055\">\n<h2><strong data-start=\"3104\" data-end=\"3129\">Mensaje del sistema<\/strong><\/h2>\n<\/li>\n<li data-start=\"3212\" data-end=\"3288\"><strong data-start=\"3214\" data-end=\"3230\">Capa inferior<\/strong>: 1-2 capas de cemento autonivelante<\/li>\n<li data-start=\"3289\" data-end=\"3349\"><strong data-start=\"3291\" data-end=\"3308\">Capa superficial<\/strong>: 1 capa de hormig\u00f3n autonivelante<\/li>\n<li data-start=\"3350\" data-end=\"3412\"><strong data-start=\"3352\" data-end=\"3372\">Agente protector<\/strong>: Aplicar 2-3 capas de agente protector<\/li>\n<\/ul>\n<h2>Dosis recomendada por el sistema<\/h2>\n<p><strong>Sistema de suelo:<\/strong> Sistema autonivelante de cemento de 5-6 mm<\/p>\n<p>Nombre del material Dosis Observaciones<\/p>\n<p>Agente de interfase 0,2-0,25kg\/\u33a1 dependiendo de las condiciones del suelo.<\/p>\n<p>Cemento autonivelante 8,5-10kg\/\u33a1<\/p>\n<p>Agente protector autonivelante de cemento 0,15kg\/\u33a1<\/p>\n<p>Acabado de poliuretano N430 0,08-0,1kg\/\u33a1<\/p>\n<h2>Requisitos de base<\/h2>\n<p>El grado del suelo de hormig\u00f3n debe ser superior a C25, la resistencia a la tracci\u00f3n debe ser \u22651,5Mpa, y la planitud debe ser de \u00b14mm\/2m basada en regla. La superficie de la base debe estar seca, limpia y libre de aceite y otros contaminantes.<\/p>\n<h2>Tratamiento b\u00e1sico<\/h2>\n<p>Utilice una m\u00e1quina de chorro de arena o una amoladora de suelos para chorrear y pulir todo el terreno a construir para eliminar el polvo flotante en la superficie de la capa de base.<\/p>\n<h2>Condiciones de construcci\u00f3n<\/h2>\n<p><strong>Temperatura base del suelo:<\/strong> 8-35\u2103<\/p>\n<p><strong>Temperatura ambiente de construcci\u00f3n:<\/strong> 8-35\u2103<\/p>\n<p><strong>Contenido de humedad de la base del suelo:<\/strong> &lt;8%<\/p>\n<p><strong>Humedad relativa del entorno de construcci\u00f3n:<\/strong> &lt;80%<\/p>\n<h2>M\u00e9todos\/herramientas de construcci\u00f3n<\/h2>\n<p>La construcci\u00f3n de autonivelantes de cemento se realiza generalmente mediante raspado. Herramientas utilizadas: rasqueta dentada. Agente protector: mopa de cera general.<\/p>\n<h2>Tiempo aplicable<\/h2>\n<p>Temperatura ambiente Tiempo de marcha Tiempo de conducci\u00f3n<\/p>\n<p>10-15\u2103 2 d\u00edas 7 d\u00edas<\/p>\n<p>15-20\u2103 2 d\u00edas 7 d\u00edas<\/p>\n<p>20-30\u2103 1 d\u00eda 7 d\u00edas<\/p>\n<h2>Salvaguardar<\/h2>\n<p><strong>Contacto con la piel:<\/strong> Lavar con abundante agua y quitarse la ropa y el calzado contaminados. Contacto con los ojos: Aclarar con agua corriente o suero fisiol\u00f3gico y, en caso necesario, acudir al m\u00e9dico. Inhalaci\u00f3n: Salga a respirar aire fresco y mantenga abiertas las v\u00edas respiratorias. En caso de malestar, acuda al m\u00e9dico. Ingesti\u00f3n: Limpiar la boca, provocar el v\u00f3mito, buscar atenci\u00f3n m\u00e9dica.<\/p>\n<h2>Precauciones<\/h2>\n<p>Una vez pulida la capa base, preste atenci\u00f3n a si hay grietas en el suelo. Si hay grietas, hay que eliminarlas antes de pasar al siguiente paso. La superficie de cemento debe ser plana, y la diferencia de altura en dos metros debe ser inferior a 4 mm.<\/p>\n<h2><strong>Primeros auxilios<\/strong><\/h2>\n<p><strong>Contacto con la piel:<\/strong> L\u00e1vese con abundante agua y qu\u00edtese la ropa y el calzado contaminados.<\/p>\n<p><strong>Contacto visual:<\/strong> Enjuague con agua corriente o soluci\u00f3n salina y busque atenci\u00f3n m\u00e9dica si es necesario.<\/p>\n<p><strong>Inhalaci\u00f3n:<\/strong> Salga al aire libre y mantenga abiertas las v\u00edas respiratorias. En caso de malestar, acuda al m\u00e9dico.<\/p>\n<p><strong>Ingesti\u00f3n:<\/strong> Limpiar la boca, provocar el v\u00f3mito, buscar atenci\u00f3n m\u00e9dica.<\/p>","protected":false},"excerpt":{"rendered":"<p>El Cemento Coloreado Autonivelante E2325 es la elecci\u00f3n ideal para aplicaciones de hormig\u00f3n autonivelante de alto rendimiento. Ya sea para instalaciones de pisos nuevos o proyectos de renovaci\u00f3n, esta soluci\u00f3n duradera y rentable garantiza una superficie lisa y uniforme. Disponible en m\u00faltiples colores, es perfecto para proyectos de nivelaci\u00f3n de pisos de concreto residenciales, comerciales e industriales.<\/p>","protected":false},"featured_media":897,"template":"","meta":{"om_disable_all_campaigns":false,"_monsterinsights_skip_tracking":false,"_monsterinsights_sitenote_active":false,"_monsterinsights_sitenote_note":"","_monsterinsights_sitenote_category":0,"_uf_show_specific_survey":0,"_uf_disable_surveys":false},"product_brand":[],"product_cat":[110],"product_tag":[146],"class_list":{"0":"post-895","1":"product","2":"type-product","3":"status-publish","4":"has-post-thumbnail","6":"product_cat-self-leveling-cement","7":"product_tag-self-leveling-cement","9":"first","10":"instock","11":"shipping-taxable","12":"product-type-simple"},"yoast_head":"<!-- This site is optimized with the Yoast SEO Premium plugin v26.2 (Yoast SEO v26.5) - https:\/\/yoast.com\/wordpress\/plugins\/seo\/ -->\n<title>E2325 Self-Leveling Colored Cement \u2013 Best Self Leveling Concrete - KAIDA PAINT\u00ae<\/title>\n<meta name=\"description\" content=\"E2325 Self-Leveling Colored Cement is ideal for self leveling concrete projects. Perfect for concrete floor leveling applications in industrial, residential, and commercial areas, providing a smooth, durable, and high-quality finish.\" \/>\n<meta name=\"robots\" content=\"index, follow, max-snippet:-1, max-image-preview:large, max-video-preview:-1\" \/>\n<link rel=\"canonical\" href=\"https:\/\/www.jinyupaint.com\/es\/producto\/e2325-self-leveling-colored-cement\/\" \/>\n<meta property=\"og:locale\" content=\"es_ES\" \/>\n<meta property=\"og:type\" content=\"article\" \/>\n<meta property=\"og:title\" content=\"E2325 Self-leveling Colored Cement\" \/>\n<meta property=\"og:description\" content=\"E2325 Self-Leveling Colored Cement is ideal for self leveling concrete projects. Perfect for concrete floor leveling applications in industrial, residential, and commercial areas, providing a smooth, durable, and high-quality finish.\" \/>\n<meta property=\"og:url\" content=\"https:\/\/www.jinyupaint.com\/es\/producto\/e2325-self-leveling-colored-cement\/\" \/>\n<meta property=\"og:site_name\" content=\"KAIDA PAINT\u00ae\" \/>\n<meta property=\"article:modified_time\" content=\"2025-02-18T09:22:43+00:00\" \/>\n<meta property=\"og:image\" content=\"https:\/\/www.jinyupaint.com\/wp-content\/uploads\/2023\/09\/cement-self-leveling-1.jpg\" \/>\n\t<meta property=\"og:image:width\" content=\"750\" \/>\n\t<meta property=\"og:image:height\" content=\"750\" \/>\n\t<meta property=\"og:image:type\" content=\"image\/jpeg\" \/>\n<meta name=\"twitter:card\" content=\"summary_large_image\" \/>\n<meta name=\"twitter:label1\" content=\"Tiempo de lectura\" \/>\n\t<meta name=\"twitter:data1\" content=\"3 minutos\" \/>\n<script type=\"application\/ld+json\" class=\"yoast-schema-graph\">{\"@context\":\"https:\/\/schema.org\",\"@graph\":[{\"@type\":\"WebPage\",\"@id\":\"https:\/\/www.jinyupaint.com\/product\/e2325-self-leveling-colored-cement\",\"url\":\"https:\/\/www.jinyupaint.com\/product\/e2325-self-leveling-colored-cement\",\"name\":\"E2325 Self-Leveling Colored Cement \u2013 Best Self Leveling Concrete - KAIDA PAINT\u00ae\",\"isPartOf\":{\"@id\":\"https:\/\/www.jinyupaint.com\/#website\"},\"primaryImageOfPage\":{\"@id\":\"https:\/\/www.jinyupaint.com\/product\/e2325-self-leveling-colored-cement#primaryimage\"},\"image\":{\"@id\":\"https:\/\/www.jinyupaint.com\/product\/e2325-self-leveling-colored-cement#primaryimage\"},\"thumbnailUrl\":\"https:\/\/www.jinyupaint.com\/wp-content\/uploads\/2023\/09\/cement-self-leveling-1.jpg\",\"datePublished\":\"2023-09-27T06:40:47+00:00\",\"dateModified\":\"2025-02-18T09:22:43+00:00\",\"description\":\"E2325 Self-Leveling Colored Cement is ideal for self leveling concrete projects. Perfect for concrete floor leveling applications in industrial, residential, and commercial areas, providing a smooth, durable, and high-quality finish.\",\"breadcrumb\":{\"@id\":\"https:\/\/www.jinyupaint.com\/product\/e2325-self-leveling-colored-cement#breadcrumb\"},\"inLanguage\":\"es\",\"potentialAction\":[{\"@type\":\"ReadAction\",\"target\":[\"https:\/\/www.jinyupaint.com\/product\/e2325-self-leveling-colored-cement\"]}]},{\"@type\":\"ImageObject\",\"inLanguage\":\"es\",\"@id\":\"https:\/\/www.jinyupaint.com\/product\/e2325-self-leveling-colored-cement#primaryimage\",\"url\":\"https:\/\/www.jinyupaint.com\/wp-content\/uploads\/2023\/09\/cement-self-leveling-1.jpg\",\"contentUrl\":\"https:\/\/www.jinyupaint.com\/wp-content\/uploads\/2023\/09\/cement-self-leveling-1.jpg\",\"width\":750,\"height\":750},{\"@type\":\"BreadcrumbList\",\"@id\":\"https:\/\/www.jinyupaint.com\/product\/e2325-self-leveling-colored-cement#breadcrumb\",\"itemListElement\":[{\"@type\":\"ListItem\",\"position\":1,\"name\":\"Home\",\"item\":\"https:\/\/www.jinyupaint.com\/\"},{\"@type\":\"ListItem\",\"position\":2,\"name\":\"Shop\",\"item\":\"https:\/\/www.jinyupaint.com\/shop.html\"},{\"@type\":\"ListItem\",\"position\":3,\"name\":\"E2325 Self-leveling Colored Cement\"}]},{\"@type\":\"WebSite\",\"@id\":\"https:\/\/www.jinyupaint.com\/#website\",\"url\":\"https:\/\/www.jinyupaint.com\/\",\"name\":\"JINYU\u00ae PAINT\",\"description\":\"JINYU PAINT\u00ae Manufacturer\",\"potentialAction\":[{\"@type\":\"SearchAction\",\"target\":{\"@type\":\"EntryPoint\",\"urlTemplate\":\"https:\/\/www.jinyupaint.com\/?s={search_term_string}\"},\"query-input\":{\"@type\":\"PropertyValueSpecification\",\"valueRequired\":true,\"valueName\":\"search_term_string\"}}],\"inLanguage\":\"es\"}]}<\/script>\n<!-- \/ Yoast SEO Premium plugin. -->","yoast_head_json":{"title":"E2325 Self-Leveling Colored Cement \u2013 Best Self Leveling Concrete - KAIDA PAINT\u00ae","description":"El Cemento Coloreado Autonivelante E2325 es ideal para proyectos de hormig\u00f3n autonivelante. Perfecto para aplicaciones de nivelaci\u00f3n de suelos de hormig\u00f3n en \u00e1reas industriales, residenciales y comerciales, proporcionando un acabado liso, duradero y de alta calidad.","robots":{"index":"index","follow":"follow","max-snippet":"max-snippet:-1","max-image-preview":"max-image-preview:large","max-video-preview":"max-video-preview:-1"},"canonical":"https:\/\/www.jinyupaint.com\/es\/producto\/e2325-self-leveling-colored-cement\/","og_locale":"es_ES","og_type":"article","og_title":"E2325 Self-leveling Colored Cement","og_description":"E2325 Self-Leveling Colored Cement is ideal for self leveling concrete projects. Perfect for concrete floor leveling applications in industrial, residential, and commercial areas, providing a smooth, durable, and high-quality finish.","og_url":"https:\/\/www.jinyupaint.com\/es\/producto\/e2325-self-leveling-colored-cement\/","og_site_name":"KAIDA PAINT\u00ae","article_modified_time":"2025-02-18T09:22:43+00:00","og_image":[{"width":750,"height":750,"url":"https:\/\/www.jinyupaint.com\/wp-content\/uploads\/2023\/09\/cement-self-leveling-1.jpg","type":"image\/jpeg"}],"twitter_card":"summary_large_image","twitter_misc":{"Tiempo de lectura":"3 minutos"},"schema":{"@context":"https:\/\/schema.org","@graph":[{"@type":"WebPage","@id":"https:\/\/www.jinyupaint.com\/product\/e2325-self-leveling-colored-cement","url":"https:\/\/www.jinyupaint.com\/product\/e2325-self-leveling-colored-cement","name":"E2325 Self-Leveling Colored Cement \u2013 Best Self Leveling Concrete - KAIDA PAINT\u00ae","isPartOf":{"@id":"https:\/\/www.jinyupaint.com\/#website"},"primaryImageOfPage":{"@id":"https:\/\/www.jinyupaint.com\/product\/e2325-self-leveling-colored-cement#primaryimage"},"image":{"@id":"https:\/\/www.jinyupaint.com\/product\/e2325-self-leveling-colored-cement#primaryimage"},"thumbnailUrl":"https:\/\/www.jinyupaint.com\/wp-content\/uploads\/2023\/09\/cement-self-leveling-1.jpg","datePublished":"2023-09-27T06:40:47+00:00","dateModified":"2025-02-18T09:22:43+00:00","description":"El Cemento Coloreado Autonivelante E2325 es ideal para proyectos de hormig\u00f3n autonivelante. Perfecto para aplicaciones de nivelaci\u00f3n de suelos de hormig\u00f3n en \u00e1reas industriales, residenciales y comerciales, proporcionando un acabado liso, duradero y de alta calidad.","breadcrumb":{"@id":"https:\/\/www.jinyupaint.com\/product\/e2325-self-leveling-colored-cement#breadcrumb"},"inLanguage":"es","potentialAction":[{"@type":"ReadAction","target":["https:\/\/www.jinyupaint.com\/product\/e2325-self-leveling-colored-cement"]}]},{"@type":"ImageObject","inLanguage":"es","@id":"https:\/\/www.jinyupaint.com\/product\/e2325-self-leveling-colored-cement#primaryimage","url":"https:\/\/www.jinyupaint.com\/wp-content\/uploads\/2023\/09\/cement-self-leveling-1.jpg","contentUrl":"https:\/\/www.jinyupaint.com\/wp-content\/uploads\/2023\/09\/cement-self-leveling-1.jpg","width":750,"height":750},{"@type":"BreadcrumbList","@id":"https:\/\/www.jinyupaint.com\/product\/e2325-self-leveling-colored-cement#breadcrumb","itemListElement":[{"@type":"ListItem","position":1,"name":"Home","item":"https:\/\/www.jinyupaint.com\/"},{"@type":"ListItem","position":2,"name":"Shop","item":"https:\/\/www.jinyupaint.com\/shop.html"},{"@type":"ListItem","position":3,"name":"E2325 Self-leveling Colored Cement"}]},{"@type":"WebSite","@id":"https:\/\/www.jinyupaint.com\/#website","url":"https:\/\/www.jinyupaint.com\/","name":"JINYU\u00ae PINTURA","description":"JINYU PAINT\u00ae Fabricante","potentialAction":[{"@type":"SearchAction","target":{"@type":"EntryPoint","urlTemplate":"https:\/\/www.jinyupaint.com\/?s={search_term_string}"},"query-input":{"@type":"PropertyValueSpecification","valueRequired":true,"valueName":"search_term_string"}}],"inLanguage":"es"}]}},"_links":{"self":[{"href":"https:\/\/www.jinyupaint.com\/es\/wp-json\/wp\/v2\/product\/895","targetHints":{"allow":["GET"]}}],"collection":[{"href":"https:\/\/www.jinyupaint.com\/es\/wp-json\/wp\/v2\/product"}],"about":[{"href":"https:\/\/www.jinyupaint.com\/es\/wp-json\/wp\/v2\/types\/product"}],"wp:featuredmedia":[{"embeddable":true,"href":"https:\/\/www.jinyupaint.com\/es\/wp-json\/wp\/v2\/media\/897"}],"wp:attachment":[{"href":"https:\/\/www.jinyupaint.com\/es\/wp-json\/wp\/v2\/media?parent=895"}],"wp:term":[{"taxonomy":"product_brand","embeddable":true,"href":"https:\/\/www.jinyupaint.com\/es\/wp-json\/wp\/v2\/product_brand?post=895"},{"taxonomy":"product_cat","embeddable":true,"href":"https:\/\/www.jinyupaint.com\/es\/wp-json\/wp\/v2\/product_cat?post=895"},{"taxonomy":"product_tag","embeddable":true,"href":"https:\/\/www.jinyupaint.com\/es\/wp-json\/wp\/v2\/product_tag?post=895"}],"curies":[{"name":"wp","href":"https:\/\/api.w.org\/{rel}","templated":true}]}}