{"id":6207,"date":"2025-11-07T05:54:01","date_gmt":"2025-11-07T05:54:01","guid":{"rendered":"https:\/\/www.jinyupaint.com\/?post_type=product&#038;p=6207"},"modified":"2025-12-01T03:46:58","modified_gmt":"2025-12-01T03:46:58","slug":"fortiflex-s-polyaspartic-solid-colored-fast-cure-seamless-flooring-system","status":"publish","type":"product","link":"https:\/\/www.jinyupaint.com\/es\/producto\/fortiflex-s-polyaspartic-solid-colored-fast-cure-seamless-flooring-system","title":{"rendered":"FortiFlex S Polyaspartic Sistema de pavimento sin juntas de color s\u00f3lido y curado r\u00e1pido"},"content":{"rendered":"<p class=\"ds-markdown-paragraph\">\u00bfEst\u00e1 cansado de las largas instalaciones en el suelo que interrumpen sus operaciones? FortiFlex S es la respuesta. Como sistema de pavimento poliasp\u00e1rtico de curado r\u00e1pido, ofrece un acabado sin juntas, de alto brillo y color s\u00f3lido que no s\u00f3lo tiene un aspecto profesional, sino que est\u00e1 dise\u00f1ado para soportar los entornos industriales m\u00e1s exigentes. Disfrute de un tiempo de inactividad m\u00ednimo: este sistema de dos capas puede instalarse y estar listo para el tr\u00e1fico peatonal en tan s\u00f3lo un d\u00eda, lo que lo convierte en la elecci\u00f3n inteligente para instalaciones que funcionan 24 horas al d\u00eda, 7 d\u00edas a la semana, como salas blancas farmac\u00e9uticas, laboratorios sanitarios y \u00e1reas de fabricaci\u00f3n de productos secos.<\/p>\n<h2 class=\"ds-markdown-paragraph\"><strong>\u00bfPor qu\u00e9 elegir nuestro sistema de suelo sin juntas?<\/strong><\/h2>\n<h3 class=\"ds-markdown-paragraph\"><strong>\u00a0\ud83d\ude80 Maximice el tiempo de actividad con velocidades de curado r\u00e1pidas<\/strong><\/h3>\n<ul>\n<li>Deje de perder dinero por una instalaci\u00f3n prolongada. FortiFlex S se cura al tr\u00e1fico peatonal en s\u00f3lo 3-4 horas por capa a 70\u00b0F. Este tiempo acelerado significa que sus instalaciones pueden volver a funcionar a pleno rendimiento en unas 24 horas, lo que reduce dr\u00e1sticamente las interrupciones operativas en comparaci\u00f3n con los revestimientos epoxi est\u00e1ndar para suelos.<\/li>\n<\/ul>\n<h3 class=\"ds-markdown-paragraph\"><strong>\ud83d\udee1\ufe0f Construido para durar con una durabilidad superior<\/strong><\/h3>\n<ul>\n<li>\u00bfLe preocupa el desgaste? Nuestro sistema de suelos est\u00e1 dise\u00f1ado para durar. Presume de una excepcional resistencia a la abrasi\u00f3n y puede soportar un intenso tr\u00e1fico peatonal y rodado sin mostrar signos de fatiga. Con una alta resistencia a la compresi\u00f3n de 18.000 psi, resiste los da\u00f1os causados por equipos pesados, lo que garantiza un suelo duradero con un mantenimiento m\u00ednimo.<\/li>\n<\/ul>\n<h3 class=\"ds-markdown-paragraph\"><strong>\u2623\ufe0f Tranquilidad total con resistencia qu\u00edmica<\/strong><\/h3>\n<ul>\n<li>Los derrames ocurren. Pero con FortiFlex S, no tienen por qu\u00e9 significar un da\u00f1o permanente. El sistema est\u00e1 formulado para ofrecer una excelente resistencia qu\u00edmica frente a una amplia gama de sustancias, protegiendo su sustrato y manteniendo su integridad durante a\u00f1os. Para conocer las exposiciones qu\u00edmicas espec\u00edficas, consulte nuestra Gu\u00eda de resistencia qu\u00edmica.<\/li>\n<\/ul>\n<h3 class=\"ds-markdown-paragraph\"><strong>\ud83c\udf1e Un acabado que se mantiene brillante y con poco olor<\/strong><\/h3>\n<ul>\n<li>A diferencia de algunas opciones de pavimentos que amarillean o se degradan bajo la luz UV, FortiFlex S es estable a los rayos UV, conservando su color y brillo. Adem\u00e1s, su formulaci\u00f3n de bajo olor permite una instalaci\u00f3n m\u00e1s f\u00e1cil en entornos sensibles u ocupados, una ventaja significativa sobre la pintura epoxi para suelos con alto contenido en COV.<\/li>\n<\/ul>\n<h2 class=\"ds-markdown-paragraph\"><strong>\u00a0Resumen de las especificaciones t\u00e9cnicas de FortiFlex S<\/strong><\/h2>\n<div class=\"ds-scroll-area _1210dd7 c03cafe9\">\n<table>\n<thead>\n<tr>\n<th>Propiedad<\/th>\n<th>Valor<\/th>\n<th>M\u00e9todo de ensayo<\/th>\n<\/tr>\n<\/thead>\n<tbody>\n<tr>\n<td><strong>Compuestos org\u00e1nicos vol\u00e1tiles (COV)<\/strong><\/td>\n<td>33 g\/L<\/td>\n<td>-<\/td>\n<\/tr>\n<tr>\n<td><strong>Preparaci\u00f3n para el servicio completo<\/strong><\/td>\n<td>24 horas<\/td>\n<td>@70\u00b0F\/50% RH<\/td>\n<\/tr>\n<tr>\n<td><strong>Temperatura de servicio<\/strong><\/td>\n<td>Hasta 200\u00b0F<\/td>\n<td>-<\/td>\n<\/tr>\n<tr>\n<td><strong>Brillo (60\u00b0)<\/strong><\/td>\n<td>91<\/td>\n<td>ASTM D-523<\/td>\n<\/tr>\n<tr>\n<td><strong>Resistencia a la abrasi\u00f3n Taber<\/strong><\/td>\n<td>25 mg<\/td>\n<td>ASTM D-4060<\/td>\n<\/tr>\n<\/tbody>\n<\/table>\n<\/div>\n<h2 class=\"ds-markdown-paragraph\"><strong>Aplicaciones ideales para su suelo sin juntas<\/strong><\/h2>\n<p class=\"ds-markdown-paragraph\">\u00bfEs FortiFlex S la soluci\u00f3n adecuada para su espacio? Est\u00e1 dise\u00f1ado espec\u00edficamente para entornos en los que la higiene, la durabilidad y la velocidad son fundamentales.<\/p>\n<ul>\n<li>Salas blancas farmac\u00e9uticas y biotecnol\u00f3gicas<\/li>\n<li>Instalaciones sanitarias y de laboratorio<\/li>\n<li>Plantas de procesamiento de alimentos y bebidas<\/li>\n<li>Fabricaci\u00f3n de productos electr\u00f3nicos y secos<\/li>\n<li>Instalaciones industriales generales y de automoci\u00f3n<\/li>\n<\/ul>\n<h2 class=\"ds-markdown-paragraph\"><strong>La diferencia de KAIDA PAINT: M\u00e1s que un suelo<\/strong><\/h2>\n<p class=\"ds-markdown-paragraph\">Su inversi\u00f3n est\u00e1 protegida por nuestra experiencia sin igual. Al elegir KAIDA PAINT, tendr\u00e1 acceso a:<\/p>\n<ul>\n<li><strong>Soporte de especificaciones de primera clase:<\/strong>\u00a0Nuestros expertos en suelos le ayudar\u00e1n a seleccionar el sistema perfecto para las condiciones espec\u00edficas de sus instalaciones.<\/li>\n<li><strong>Rendimiento probado:<\/strong> Con el respaldo de la reputaci\u00f3n mundial y los recursos de The KAIDA PAINT Company.<\/li>\n<li><strong>Servicio T\u00e9cnico Regional:<\/strong>\u00a0Obtenga asistencia local y pr\u00e1ctica de nuestro equipo comercial.<\/li>\n<\/ul>\n<h2 class=\"ds-markdown-paragraph\"><strong>\u00bfListo para transformar su suelo? (Sus pr\u00f3ximos pasos)<\/strong><\/h2>\n<p class=\"ds-markdown-paragraph\">Ya ha visto las especificaciones y las ventajas. Ahora, imag\u00ednese este suelo de alto rendimiento y sin juntas en sus instalaciones.<\/p>\n<ol start=\"1\">\n<li>\n<p class=\"ds-markdown-paragraph\"><strong>Visual\u00edzalo:<\/strong>\u00a0Utilice nuestra herramienta de visualizaci\u00f3n de suelos para ver c\u00f3mo son nuestros colores destacados\u00a0<em>Stealth, blanco o cromado<\/em>\u00a0se ver\u00e1 en tu espacio.<\/p>\n<\/li>\n<li>\n<p class=\"ds-markdown-paragraph\"><strong>Obtenga asesoramiento de expertos:<\/strong> P\u00f3ngase en contacto con un especialista en suelos de KAIDA PAINT para hablar de los detalles de su proyecto y obtener un presupuesto detallado.<\/p>\n<\/li>\n<li>\n<p class=\"ds-markdown-paragraph\"><strong>Ver una muestra:<\/strong>\u00a0Recomendamos probar una muestra en sus instalaciones para confirmar el rendimiento y el aspecto.<\/p>\n<\/li>\n<\/ol>\n<p><a href=\"https:\/\/www.jinyupaint.com\/wp-content\/uploads\/2025\/10\/standard-color-chart-tornado-white-stealth.jpg\"><img fetchpriority=\"high\" decoding=\"async\" class=\"alignnone size-full wp-image-6217\" src=\"https:\/\/www.jinyupaint.com\/wp-content\/uploads\/2025\/10\/standard-color-chart-tornado-white-stealth.jpg\" alt=\"Carta de colores est\u00e1ndar para suelos de cuarzo FortiFlex B, con opciones populares como Tornado, Blanco y Stealth para espacios industriales y comerciales.\" width=\"1200\" height=\"284\" srcset=\"https:\/\/www.jinyupaint.com\/wp-content\/uploads\/2025\/10\/standard-color-chart-tornado-white-stealth.jpg 1200w, https:\/\/www.jinyupaint.com\/wp-content\/uploads\/2025\/10\/standard-color-chart-tornado-white-stealth-300x71.jpg 300w, https:\/\/www.jinyupaint.com\/wp-content\/uploads\/2025\/10\/standard-color-chart-tornado-white-stealth-1024x242.jpg 1024w, https:\/\/www.jinyupaint.com\/wp-content\/uploads\/2025\/10\/standard-color-chart-tornado-white-stealth-768x182.jpg 768w, https:\/\/www.jinyupaint.com\/wp-content\/uploads\/2025\/10\/standard-color-chart-tornado-white-stealth-18x4.jpg 18w, https:\/\/www.jinyupaint.com\/wp-content\/uploads\/2025\/10\/standard-color-chart-tornado-white-stealth-600x142.jpg 600w\" sizes=\"(max-width: 1200px) 100vw, 1200px\" \/><\/a><\/p>","protected":false},"excerpt":{"rendered":"<p class=\"ds-markdown-paragraph\">\u00bfBusca una soluci\u00f3n para suelos que combine rapidez, durabilidad y un aspecto impecable? Conozca FortiFlex S.<\/p>\n<p class=\"ds-markdown-paragraph\">Este avanzado sistema de suelos sin juntas presenta una f\u00f3rmula de curado r\u00e1pido que permite una instalaci\u00f3n completa en tan s\u00f3lo 24 horas, minimizando las interrupciones en sus operaciones. Crea un acabado de color s\u00f3lido y alto brillo que no solo es visualmente impresionante, sino tambi\u00e9n incre\u00edblemente resistente.<\/p>\n<p class=\"ds-markdown-paragraph\">Dise\u00f1ado para rendir, FortiFlex S ofrece una resistencia superior a los productos qu\u00edmicos, la abrasi\u00f3n y la luz ultravioleta, lo que lo convierte en la opci\u00f3n ideal para entornos exigentes como salas blancas farmac\u00e9uticas, plantas de procesamiento de alimentos e instalaciones sanitarias. Su f\u00f3rmula de bajo olor es una ventaja para lugares sensibles u ocupados.<\/p>\n<p class=\"ds-markdown-paragraph\"><strong>En resumen: consiga un suelo duradero, de bajo mantenimiento, resistente a los productos qu\u00edmicos y con un acabado brillante, en un plazo de tiempo que mantenga su negocio en movimiento.<\/strong><\/p>","protected":false},"featured_media":6208,"template":"","meta":{"om_disable_all_campaigns":false,"_monsterinsights_skip_tracking":false,"_monsterinsights_sitenote_active":false,"_monsterinsights_sitenote_note":"","_monsterinsights_sitenote_category":0,"_uf_show_specific_survey":0,"_uf_disable_surveys":false},"product_brand":[],"product_cat":[128,801],"product_tag":[640,830,843,870,827,868,869],"class_list":{"0":"post-6207","1":"product","2":"type-product","3":"status-publish","4":"has-post-thumbnail","6":"product_cat-flooring-system","7":"product_cat-polyaspartic-and-polyurea-coatings","8":"product_tag-chemical-resistant-flooring","9":"product_tag-commercial-flooring","10":"product_tag-fast-cure-floor-coating","11":"product_tag-industrial-floor-systems","12":"product_tag-polyaspartic-flooring","13":"product_tag-seamless-flooring-systems","14":"product_tag-solid-colored-epoxy-floor","16":"first","17":"instock","18":"shipping-taxable","19":"product-type-simple"},"yoast_head":"<!-- This site is optimized with the Yoast SEO Premium plugin v26.2 (Yoast SEO v26.5) - https:\/\/yoast.com\/wordpress\/plugins\/seo\/ -->\n<title>FortiFlex S Polyaspartic Solid-Colored Fast-Cure Seamless Flooring System - KAIDA PAINT\u00ae<\/title>\n<meta name=\"description\" content=\"FortiFlex S is a fast-curing, polyaspartic seamless flooring system. Achieve a durable, solid-colored, high-gloss finish in just 24 hours. Ideal for pharmaceutical, cleanroom &amp; industrial use. Request a quote today.\" \/>\n<meta name=\"robots\" content=\"index, follow, max-snippet:-1, max-image-preview:large, max-video-preview:-1\" \/>\n<link rel=\"canonical\" href=\"https:\/\/www.jinyupaint.com\/es\/producto\/fortiflex-s-polyaspartic-solid-colored-fast-cure-seamless-flooring-system\/\" \/>\n<meta property=\"og:locale\" content=\"es_ES\" \/>\n<meta property=\"og:type\" content=\"article\" \/>\n<meta property=\"og:title\" content=\"FortiFlex S Polyaspartic Solid-Colored Fast-Cure Seamless Flooring System\" \/>\n<meta property=\"og:description\" content=\"FortiFlex S is a fast-curing, polyaspartic seamless flooring system. Achieve a durable, solid-colored, high-gloss finish in just 24 hours. Ideal for pharmaceutical, cleanroom &amp; industrial use. Request a quote today.\" \/>\n<meta property=\"og:url\" content=\"https:\/\/www.jinyupaint.com\/es\/producto\/fortiflex-s-polyaspartic-solid-colored-fast-cure-seamless-flooring-system\/\" \/>\n<meta property=\"og:site_name\" content=\"KAIDA PAINT\u00ae\" \/>\n<meta property=\"article:modified_time\" content=\"2025-12-01T03:46:58+00:00\" \/>\n<meta property=\"og:image\" content=\"https:\/\/www.jinyupaint.com\/wp-content\/uploads\/2025\/11\/FortiFlex-S-Polyaspartic-Solid-Colored-Fast-Cure-Seamless-Flooring-System.jpg\" \/>\n\t<meta property=\"og:image:width\" content=\"800\" \/>\n\t<meta property=\"og:image:height\" content=\"800\" \/>\n\t<meta property=\"og:image:type\" content=\"image\/jpeg\" \/>\n<meta name=\"twitter:card\" content=\"summary_large_image\" \/>\n<meta name=\"twitter:label1\" content=\"Tiempo de lectura\" \/>\n\t<meta name=\"twitter:data1\" content=\"3 minutos\" \/>\n<script type=\"application\/ld+json\" class=\"yoast-schema-graph\">{\"@context\":\"https:\/\/schema.org\",\"@graph\":[{\"@type\":\"WebPage\",\"@id\":\"https:\/\/www.jinyupaint.com\/product\/fortiflex-s-polyaspartic-solid-colored-fast-cure-seamless-flooring-system\",\"url\":\"https:\/\/www.jinyupaint.com\/product\/fortiflex-s-polyaspartic-solid-colored-fast-cure-seamless-flooring-system\",\"name\":\"FortiFlex S Polyaspartic Solid-Colored Fast-Cure Seamless Flooring System - KAIDA PAINT\u00ae\",\"isPartOf\":{\"@id\":\"https:\/\/www.jinyupaint.com\/#website\"},\"primaryImageOfPage\":{\"@id\":\"https:\/\/www.jinyupaint.com\/product\/fortiflex-s-polyaspartic-solid-colored-fast-cure-seamless-flooring-system#primaryimage\"},\"image\":{\"@id\":\"https:\/\/www.jinyupaint.com\/product\/fortiflex-s-polyaspartic-solid-colored-fast-cure-seamless-flooring-system#primaryimage\"},\"thumbnailUrl\":\"https:\/\/www.jinyupaint.com\/wp-content\/uploads\/2025\/11\/FortiFlex-S-Polyaspartic-Solid-Colored-Fast-Cure-Seamless-Flooring-System.jpg\",\"datePublished\":\"2025-11-07T05:54:01+00:00\",\"dateModified\":\"2025-12-01T03:46:58+00:00\",\"description\":\"FortiFlex S is a fast-curing, polyaspartic seamless flooring system. Achieve a durable, solid-colored, high-gloss finish in just 24 hours. Ideal for pharmaceutical, cleanroom & industrial use. Request a quote today.\",\"breadcrumb\":{\"@id\":\"https:\/\/www.jinyupaint.com\/product\/fortiflex-s-polyaspartic-solid-colored-fast-cure-seamless-flooring-system#breadcrumb\"},\"inLanguage\":\"es\",\"potentialAction\":[{\"@type\":\"ReadAction\",\"target\":[\"https:\/\/www.jinyupaint.com\/product\/fortiflex-s-polyaspartic-solid-colored-fast-cure-seamless-flooring-system\"]}]},{\"@type\":\"ImageObject\",\"inLanguage\":\"es\",\"@id\":\"https:\/\/www.jinyupaint.com\/product\/fortiflex-s-polyaspartic-solid-colored-fast-cure-seamless-flooring-system#primaryimage\",\"url\":\"https:\/\/www.jinyupaint.com\/wp-content\/uploads\/2025\/11\/FortiFlex-S-Polyaspartic-Solid-Colored-Fast-Cure-Seamless-Flooring-System.jpg\",\"contentUrl\":\"https:\/\/www.jinyupaint.com\/wp-content\/uploads\/2025\/11\/FortiFlex-S-Polyaspartic-Solid-Colored-Fast-Cure-Seamless-Flooring-System.jpg\",\"width\":800,\"height\":800,\"caption\":\"FortiFlex S Polyaspartic Solid-Colored Fast-Cure Seamless Flooring System\"},{\"@type\":\"BreadcrumbList\",\"@id\":\"https:\/\/www.jinyupaint.com\/product\/fortiflex-s-polyaspartic-solid-colored-fast-cure-seamless-flooring-system#breadcrumb\",\"itemListElement\":[{\"@type\":\"ListItem\",\"position\":1,\"name\":\"Home\",\"item\":\"https:\/\/www.jinyupaint.com\/\"},{\"@type\":\"ListItem\",\"position\":2,\"name\":\"Shop\",\"item\":\"https:\/\/www.jinyupaint.com\/shop.html\"},{\"@type\":\"ListItem\",\"position\":3,\"name\":\"FortiFlex S Polyaspartic Solid-Colored Fast-Cure Seamless Flooring System\"}]},{\"@type\":\"WebSite\",\"@id\":\"https:\/\/www.jinyupaint.com\/#website\",\"url\":\"https:\/\/www.jinyupaint.com\/\",\"name\":\"JINYU\u00ae PAINT\",\"description\":\"JINYU PAINT\u00ae Manufacturer\",\"potentialAction\":[{\"@type\":\"SearchAction\",\"target\":{\"@type\":\"EntryPoint\",\"urlTemplate\":\"https:\/\/www.jinyupaint.com\/?s={search_term_string}\"},\"query-input\":{\"@type\":\"PropertyValueSpecification\",\"valueRequired\":true,\"valueName\":\"search_term_string\"}}],\"inLanguage\":\"es\"}]}<\/script>\n<!-- \/ Yoast SEO Premium plugin. -->","yoast_head_json":{"title":"FortiFlex S Polyaspartic Sistema de pavimento sin juntas, de color s\u00f3lido y curado r\u00e1pido - KAIDA PAINT","description":"FortiFlex S es un sistema de pavimento poliasp\u00e1rtico sin juntas de curado r\u00e1pido. Consiga un acabado duradero, de color s\u00f3lido y alto brillo en s\u00f3lo 24 horas. Ideal para uso farmac\u00e9utico, industrial y en salas limpias. Solicite un presupuesto hoy mismo.","robots":{"index":"index","follow":"follow","max-snippet":"max-snippet:-1","max-image-preview":"max-image-preview:large","max-video-preview":"max-video-preview:-1"},"canonical":"https:\/\/www.jinyupaint.com\/es\/producto\/fortiflex-s-polyaspartic-solid-colored-fast-cure-seamless-flooring-system\/","og_locale":"es_ES","og_type":"article","og_title":"FortiFlex S Polyaspartic Solid-Colored Fast-Cure Seamless Flooring System","og_description":"FortiFlex S is a fast-curing, polyaspartic seamless flooring system. Achieve a durable, solid-colored, high-gloss finish in just 24 hours. Ideal for pharmaceutical, cleanroom & industrial use. Request a quote today.","og_url":"https:\/\/www.jinyupaint.com\/es\/producto\/fortiflex-s-polyaspartic-solid-colored-fast-cure-seamless-flooring-system\/","og_site_name":"KAIDA PAINT\u00ae","article_modified_time":"2025-12-01T03:46:58+00:00","og_image":[{"width":800,"height":800,"url":"https:\/\/www.jinyupaint.com\/wp-content\/uploads\/2025\/11\/FortiFlex-S-Polyaspartic-Solid-Colored-Fast-Cure-Seamless-Flooring-System.jpg","type":"image\/jpeg"}],"twitter_card":"summary_large_image","twitter_misc":{"Tiempo de lectura":"3 minutos"},"schema":{"@context":"https:\/\/schema.org","@graph":[{"@type":"WebPage","@id":"https:\/\/www.jinyupaint.com\/product\/fortiflex-s-polyaspartic-solid-colored-fast-cure-seamless-flooring-system","url":"https:\/\/www.jinyupaint.com\/product\/fortiflex-s-polyaspartic-solid-colored-fast-cure-seamless-flooring-system","name":"FortiFlex S Polyaspartic Sistema de pavimento sin juntas, de color s\u00f3lido y curado r\u00e1pido - KAIDA PAINT","isPartOf":{"@id":"https:\/\/www.jinyupaint.com\/#website"},"primaryImageOfPage":{"@id":"https:\/\/www.jinyupaint.com\/product\/fortiflex-s-polyaspartic-solid-colored-fast-cure-seamless-flooring-system#primaryimage"},"image":{"@id":"https:\/\/www.jinyupaint.com\/product\/fortiflex-s-polyaspartic-solid-colored-fast-cure-seamless-flooring-system#primaryimage"},"thumbnailUrl":"https:\/\/www.jinyupaint.com\/wp-content\/uploads\/2025\/11\/FortiFlex-S-Polyaspartic-Solid-Colored-Fast-Cure-Seamless-Flooring-System.jpg","datePublished":"2025-11-07T05:54:01+00:00","dateModified":"2025-12-01T03:46:58+00:00","description":"FortiFlex S es un sistema de pavimento poliasp\u00e1rtico sin juntas de curado r\u00e1pido. Consiga un acabado duradero, de color s\u00f3lido y alto brillo en s\u00f3lo 24 horas. Ideal para uso farmac\u00e9utico, industrial y en salas limpias. Solicite un presupuesto hoy mismo.","breadcrumb":{"@id":"https:\/\/www.jinyupaint.com\/product\/fortiflex-s-polyaspartic-solid-colored-fast-cure-seamless-flooring-system#breadcrumb"},"inLanguage":"es","potentialAction":[{"@type":"ReadAction","target":["https:\/\/www.jinyupaint.com\/product\/fortiflex-s-polyaspartic-solid-colored-fast-cure-seamless-flooring-system"]}]},{"@type":"ImageObject","inLanguage":"es","@id":"https:\/\/www.jinyupaint.com\/product\/fortiflex-s-polyaspartic-solid-colored-fast-cure-seamless-flooring-system#primaryimage","url":"https:\/\/www.jinyupaint.com\/wp-content\/uploads\/2025\/11\/FortiFlex-S-Polyaspartic-Solid-Colored-Fast-Cure-Seamless-Flooring-System.jpg","contentUrl":"https:\/\/www.jinyupaint.com\/wp-content\/uploads\/2025\/11\/FortiFlex-S-Polyaspartic-Solid-Colored-Fast-Cure-Seamless-Flooring-System.jpg","width":800,"height":800,"caption":"FortiFlex S Polyaspartic Solid-Colored Fast-Cure Seamless Flooring System"},{"@type":"BreadcrumbList","@id":"https:\/\/www.jinyupaint.com\/product\/fortiflex-s-polyaspartic-solid-colored-fast-cure-seamless-flooring-system#breadcrumb","itemListElement":[{"@type":"ListItem","position":1,"name":"Home","item":"https:\/\/www.jinyupaint.com\/"},{"@type":"ListItem","position":2,"name":"Shop","item":"https:\/\/www.jinyupaint.com\/shop.html"},{"@type":"ListItem","position":3,"name":"FortiFlex S Polyaspartic Solid-Colored Fast-Cure Seamless Flooring System"}]},{"@type":"WebSite","@id":"https:\/\/www.jinyupaint.com\/#website","url":"https:\/\/www.jinyupaint.com\/","name":"JINYU\u00ae PINTURA","description":"JINYU PAINT\u00ae Fabricante","potentialAction":[{"@type":"SearchAction","target":{"@type":"EntryPoint","urlTemplate":"https:\/\/www.jinyupaint.com\/?s={search_term_string}"},"query-input":{"@type":"PropertyValueSpecification","valueRequired":true,"valueName":"search_term_string"}}],"inLanguage":"es"}]}},"_links":{"self":[{"href":"https:\/\/www.jinyupaint.com\/es\/wp-json\/wp\/v2\/product\/6207","targetHints":{"allow":["GET"]}}],"collection":[{"href":"https:\/\/www.jinyupaint.com\/es\/wp-json\/wp\/v2\/product"}],"about":[{"href":"https:\/\/www.jinyupaint.com\/es\/wp-json\/wp\/v2\/types\/product"}],"wp:featuredmedia":[{"embeddable":true,"href":"https:\/\/www.jinyupaint.com\/es\/wp-json\/wp\/v2\/media\/6208"}],"wp:attachment":[{"href":"https:\/\/www.jinyupaint.com\/es\/wp-json\/wp\/v2\/media?parent=6207"}],"wp:term":[{"taxonomy":"product_brand","embeddable":true,"href":"https:\/\/www.jinyupaint.com\/es\/wp-json\/wp\/v2\/product_brand?post=6207"},{"taxonomy":"product_cat","embeddable":true,"href":"https:\/\/www.jinyupaint.com\/es\/wp-json\/wp\/v2\/product_cat?post=6207"},{"taxonomy":"product_tag","embeddable":true,"href":"https:\/\/www.jinyupaint.com\/es\/wp-json\/wp\/v2\/product_tag?post=6207"}],"curies":[{"name":"wp","href":"https:\/\/api.w.org\/{rel}","templated":true}]}}