{"id":6189,"date":"2025-10-27T04:15:53","date_gmt":"2025-10-27T04:15:53","guid":{"rendered":"https:\/\/www.jinyupaint.com\/?post_type=product&#038;p=6189"},"modified":"2025-12-01T03:52:54","modified_gmt":"2025-12-01T03:52:54","slug":"fortiflex-c-fast-cure-decorative-vinyl-chip-resinous-flooring-system","status":"publish","type":"product","link":"https:\/\/www.jinyupaint.com\/es\/producto\/fortiflex-c-fast-cure-decorative-vinyl-chip-resinous-flooring-system","title":{"rendered":"FortiFlex C Sistema decorativo de pavimentos resinosos de vinilo de curado r\u00e1pido"},"content":{"rendered":"<h2><strong>Introducci\u00f3n: Un suelo que trabaja tan duro como usted<\/strong><\/h2>\n<p class=\"ds-markdown-paragraph\">\u00bfBusca un suelo vin\u00edlico decorativo que combine belleza, rapidez y durabilidad a toda prueba? Su b\u00fasqueda termina aqu\u00ed.<\/p>\n<p class=\"ds-markdown-paragraph\">FortiFlex C es un sistema de suelo resinoso 100% de dos componentes s\u00f3lidos dise\u00f1ado para espacios que no pueden permitirse tiempos de inactividad. Ya se trate de un hospital, un colegio con mucho tr\u00e1fico o un laboratorio en perfecto estado, este suelo sin juntas ofrece una combinaci\u00f3n \u00fanica de instalaci\u00f3n r\u00e1pida y rendimiento duradero.<\/p>\n<blockquote>\n<p class=\"ds-markdown-paragraph\"><strong>\u00bfPor qu\u00e9 elegir un suelo resinoso?<\/strong> A diferencia de las opciones tradicionales, los suelos resinosos sin juntas como FortiFlex C eliminan las l\u00edneas de lechada donde se esconden la suciedad y las bacterias, creando una superficie higi\u00e9nica y f\u00e1cil de limpiar que resiste el uso intensivo y los productos qu\u00edmicos agresivos.<\/p>\n<\/blockquote>\n<h2><strong>\u00bfQu\u00e9 es FortiFlex C? El futuro de los suelos duraderos y decorativos<\/strong><\/h2>\n<p class=\"ds-markdown-paragraph\">FortiFlex C es un sistema de alto rendimiento, <strong>suelos resinosos decorativos<\/strong>\u00a0que presenta una difusi\u00f3n de vibrantes virutas de vinilo selladas bajo una capa superior protectora cristalina. No es solo un suelo; es una soluci\u00f3n integral para entornos comerciales exigentes.<\/p>\n<p class=\"ds-markdown-paragraph\"><strong>El sistema en acci\u00f3n:<\/strong><\/p>\n<ol start=\"1\">\n<li>\n<p class=\"ds-markdown-paragraph\"><strong>Cartilla:<\/strong>\u00a0Garantiza una fuerte adherencia al sustrato.<\/p>\n<\/li>\n<li>\n<p class=\"ds-markdown-paragraph\"><strong>Capa base\/transparente:<\/strong>\u00a0Se aplica una capa base pigmentada e inmediatamente se cubre con los chips de vinilo decorativo macro o micro que usted elija.<\/p>\n<\/li>\n<li>\n<p class=\"ds-markdown-paragraph\"><strong>Capa de rejuntado\/sellado (Topcoat):<\/strong>\u00a0Se aplica una capa de acabado transparente y duradera que fija las virutas y proporciona una excepcional resistencia a las manchas y a los productos qu\u00edmicos.<\/p>\n<\/li>\n<\/ol>\n<h2><strong>Ventajas clave: M\u00e1s que una superficie bonita<\/strong><\/h2>\n<h3><strong>Velocidad insuperable y tiempo de inactividad m\u00ednimo<\/strong><\/h3>\n<p class=\"ds-markdown-paragraph\">En una instalaci\u00f3n 24\/7, cada minuto cuenta. FortiFlex C ofrece un tiempo de curado acelerado, tan r\u00e1pido como 2 horas por capa para el tr\u00e1fico peatonal. Esto significa que su espacio puede volver a funcionar a pleno rendimiento en tan solo 24 horas, lo que reduce dr\u00e1sticamente la interrupci\u00f3n de las operaciones.<\/p>\n<h3><strong>Durabilidad y resistencia qu\u00edmica superiores<\/strong><\/h3>\n<p class=\"ds-markdown-paragraph\">No se trata de un revestimiento superficial. Con una resistencia a la compresi\u00f3n de 12.500 psi y una capa superior de alta calidad, FortiFlex C resiste cargas de rodadura pesadas, la abrasi\u00f3n y una amplia gama de productos qu\u00edmicos habituales en laboratorios, entornos farmac\u00e9uticos y \u00e1reas de servicios alimentarios.<\/p>\n<h3><strong>Infinitas posibilidades decorativas<\/strong><\/h3>\n<p class=\"ds-markdown-paragraph\">Cree un aspecto \u00fanico que refleje su marca. Elija entre un n\u00famero ilimitado de mezclas est\u00e1ndar y personalizadas de chips de vinilo, desde los sutiles Flaxseed y Almond Milk hasta los atrevidos Kingsnake y Korat. Consiga un aspecto de escamas macrochip o un acabado microchip m\u00e1s fino y consistente.<\/p>\n<h3><strong>Seguridad ante todo, superficie antideslizante<\/strong><\/h3>\n<p class=\"ds-markdown-paragraph\">La seguridad no es negociable. FortiFlex C puede acabarse con una superficie texturizada que proporciona una excelente resistencia al deslizamiento, cumpliendo o superando los coeficientes de fricci\u00f3n requeridos, incluso cuando est\u00e1 mojado. Esto lo convierte en una elecci\u00f3n de confianza para vestuarios, aseos y cafeter\u00edas.<\/p>\n<h3><strong>Estable a los rayos UV y de f\u00e1cil mantenimiento<\/strong><\/h3>\n<p class=\"ds-markdown-paragraph\">\u00bfLe preocupa la decoloraci\u00f3n en vest\u00edbulos o salas de exposici\u00f3n ba\u00f1ados por el sol? No se preocupe. FortiFlex C es estable a los rayos UV, lo que significa que su vibrante color no amarillear\u00e1 ni se decolorar\u00e1 con el tiempo. La superficie sin juntas y no porosa tambi\u00e9n es incre\u00edblemente f\u00e1cil de limpiar y mantener, lo que le ahorrar\u00e1 tiempo y dinero a largo plazo.<\/p>\n<h2><strong>Aplicaciones ideales: Donde el rendimiento se une al dise\u00f1o<\/strong><\/h2>\n<p class=\"ds-markdown-paragraph\">FortiFlex C es la elecci\u00f3n especificada para entornos que exigen un equilibrio perfecto entre higiene, durabilidad y est\u00e9tica.<\/p>\n<ul>\n<li><strong>Sanidad:<\/strong>\u00a0Hospitales, quir\u00f3fanos veterinarios<\/li>\n<li><strong>Ciencia y tecnolog\u00eda:<\/strong>\u00a0Laboratorios, salas blancas, instalaciones farmac\u00e9uticas<\/li>\n<li><strong>Educaci\u00f3n:<\/strong>\u00a0Escuelas, vestuarios, cafeter\u00edas<\/li>\n<li><strong>Comercio minorista y hosteler\u00eda:<\/strong>\u00a0Supermercados, salas de exposici\u00f3n, vest\u00edbulos, comedores<\/li>\n<li><strong>Espacios p\u00fablicos:<\/strong>\u00a0Aseos, vestuarios<\/li>\n<\/ul>\n<h2><strong>Especificaciones t\u00e9cnicas y datos de rendimiento<\/strong><\/h2>\n<p class=\"ds-markdown-paragraph\">Creemos en la transparencia. Estas son las propiedades f\u00edsicas clave que hacen de FortiFlex C una opci\u00f3n t\u00e9cnicamente superior, demostrando nuestra EEAT a trav\u00e9s de datos y experiencia.<\/p>\n<div class=\"ds-scroll-area _1210dd7\">\n<div class=\"ds-scroll-area__gutters\">\n<div class=\"ds-scroll-area__vertical-gutter\"><\/div>\n<\/div>\n<table>\n<thead>\n<tr>\n<th>Propiedad<\/th>\n<th>Valor<\/th>\n<th>Est\u00e1ndar<\/th>\n<\/tr>\n<\/thead>\n<tbody>\n<tr>\n<td><strong>Peso S\u00f3lidos<\/strong><\/td>\n<td>96%<\/td>\n<td>-<\/td>\n<\/tr>\n<tr>\n<td><strong>COV<\/strong><\/td>\n<td>33 g\/L<\/td>\n<td>-<\/td>\n<\/tr>\n<tr>\n<td><strong>Resistencia a la compresi\u00f3n<\/strong><\/td>\n<td>12.500 psi<\/td>\n<td>ASTM C-579<\/td>\n<\/tr>\n<tr>\n<td><strong>Resistencia a la tracci\u00f3n<\/strong><\/td>\n<td>3.700 psi<\/td>\n<td>ASTM D-638<\/td>\n<\/tr>\n<tr>\n<td><strong>Resistencia a la abrasi\u00f3n Taber<\/strong><\/td>\n<td>25 mg<\/td>\n<td>ASTM D-4060<\/td>\n<\/tr>\n<tr>\n<td><strong>Coeficiente de fricci\u00f3n est\u00e1tico<\/strong><\/td>\n<td>&gt;0.6<\/td>\n<td>ANSI B101.1<\/td>\n<\/tr>\n<tr>\n<td><strong>Pot Life @ 70\u00b0F<\/strong><\/td>\n<td>10-15 min<\/td>\n<td>-<\/td>\n<\/tr>\n<tr>\n<td><strong>Servicio completo<\/strong><\/td>\n<td>24 horas<\/td>\n<td>-<\/td>\n<\/tr>\n<tr>\n<td><strong>Resistencia qu\u00edmica total<\/strong><\/td>\n<td>7 d\u00edas<\/td>\n<td>-<\/td>\n<\/tr>\n<\/tbody>\n<\/table>\n<\/div>\n<h2><strong>Sus principales preocupaciones: Respuestas a sus preguntas<\/strong><\/h2>\n<p class=\"ds-markdown-paragraph\"><strong>\"\u00bfVale realmente la pena invertir en este piso?\".<\/strong><br \/>\nPor supuesto. Si tenemos en cuenta el mantenimiento m\u00ednimo, la incre\u00edble longevidad y el tiempo de inactividad casi nulo durante la instalaci\u00f3n, el coste total de propiedad es muy competitivo. Est\u00e1 invirtiendo en un suelo que funcionar\u00e1 durante a\u00f1os, no en uno que tendr\u00e1 que sustituir.<\/p>\n<p class=\"ds-markdown-paragraph\"><strong>\"\u00bfC\u00f3mo s\u00e9 que resistir\u00e1 los productos qu\u00edmicos espec\u00edficos de mis instalaciones?\".<\/strong><br \/>\nSe trata de una pregunta fundamental. Aunque nuestra capa de acabado est\u00e1ndar ofrece una excelente resistencia de amplio espectro, proporcionamos una Gu\u00eda de Resistencia Qu\u00edmica y trabajamos con usted para especificar un sistema adaptado a las condiciones \u00fanicas de sus instalaciones. Le animamos a que se ponga en contacto con nuestros expertos en suelos para una evaluaci\u00f3n completa.<\/p>\n<p class=\"ds-markdown-paragraph\"><strong>\"\u00bfPuedo ver c\u00f3mo quedar\u00e1 en mi espacio?\".<\/strong><br \/>\nS\u00ed. Utilice nuestra herramienta de visualizaci\u00f3n de suelos en l\u00ednea para crear su propia mezcla personalizada y ver una aproximaci\u00f3n digital. Tambi\u00e9n recomendamos obtener una muestra f\u00edsica para ver el color y la textura reales.<\/p>\n<p><a href=\"https:\/\/www.jinyupaint.com\/wp-content\/uploads\/2025\/10\/vinyl-chip-color-chart-samples.jpg\"><img fetchpriority=\"high\" decoding=\"async\" class=\"alignnone size-full wp-image-6220\" src=\"https:\/\/www.jinyupaint.com\/wp-content\/uploads\/2025\/10\/vinyl-chip-color-chart-samples.jpg\" alt=\"Carta de colores f\u00edsicos y muestras de virutas para el sistema de suelos FortiFlex C, que muestra una gama de colores est\u00e1ndar de virutas de vinilo, incluidos Flaxseed, Almond Milk y Kingsnake.\" width=\"1200\" height=\"300\" srcset=\"https:\/\/www.jinyupaint.com\/wp-content\/uploads\/2025\/10\/vinyl-chip-color-chart-samples.jpg 1200w, https:\/\/www.jinyupaint.com\/wp-content\/uploads\/2025\/10\/vinyl-chip-color-chart-samples-300x75.jpg 300w, https:\/\/www.jinyupaint.com\/wp-content\/uploads\/2025\/10\/vinyl-chip-color-chart-samples-1024x256.jpg 1024w, https:\/\/www.jinyupaint.com\/wp-content\/uploads\/2025\/10\/vinyl-chip-color-chart-samples-768x192.jpg 768w, https:\/\/www.jinyupaint.com\/wp-content\/uploads\/2025\/10\/vinyl-chip-color-chart-samples-18x5.jpg 18w, https:\/\/www.jinyupaint.com\/wp-content\/uploads\/2025\/10\/vinyl-chip-color-chart-samples-600x150.jpg 600w\" sizes=\"(max-width: 1200px) 100vw, 1200px\" \/><\/a><\/p>\n<h2><strong>La diferencia de KAIDA PAINT: Una experiencia en la que puede confiar<\/strong><\/h2>\n<p class=\"ds-markdown-paragraph\">Elegir KAIDA PAINT High Performance Flooring significa mucho m\u00e1s que comprar un producto. Usted gana un socio con experiencia t\u00e9cnica de clase mundial, servicio de especificaci\u00f3n sin igual, y el apoyo local para asegurar el \u00e9xito de su proyecto desde el concepto hasta su finalizaci\u00f3n.<\/p>\n<h3><strong>\u00bfListo para transformar su espacio?<\/strong><\/h3>\n<p class=\"ds-markdown-paragraph\">No se conforme con un suelo que s\u00f3lo tenga buen aspecto. Invierta en un sistema de suelo resinoso con virutas de vinilo decorativo que ofrezca rendimiento, seguridad y rapidez.<\/p>\n<p class=\"ds-markdown-paragraph\"><strong>\ud83d\udcde Contacta hoy mismo con un experto en suelos de alto rendimiento de KAIDA PAINT<\/strong><br \/>\nObtenga un presupuesto personalizado, solicite una muestra o consulte las necesidades espec\u00edficas de su proyecto.<\/p>","protected":false},"excerpt":{"rendered":"<h2><strong>FortiFlex C: donde el rendimiento sin concesiones se une al dise\u00f1o<\/strong><\/h2>\n<p class=\"ds-markdown-paragraph\">Conozca el suelo dise\u00f1ado para espacios que nunca se detienen. FortiFlex C es un sistema de suelo resinoso de \u00faltima generaci\u00f3n que combina a la perfecci\u00f3n el atractivo vibrante y decorativo de las virutas de vinilo con una durabilidad de resistencia bruta.<\/p>\n<p class=\"ds-markdown-paragraph\">Dise\u00f1ado para entornos comerciales exigentes, ofrece un tiempo de curado excepcionalmente r\u00e1pido, lo que permite que su hospital, laboratorio o escuela vuelva a funcionar a pleno rendimiento con una interrupci\u00f3n m\u00ednima. Adem\u00e1s de su rapidez, FortiFlex C crea una superficie sin juntas y no porosa que resiste a los productos qu\u00edmicos agresivos, al desgaste intenso y a los resbalones, al tiempo que mantiene su belleza de color inalterable bajo luz UV intensa.<\/p>\n<p class=\"ds-markdown-paragraph\">Es algo m\u00e1s que un suelo duradero: es una base para la seguridad, la eficacia y un dise\u00f1o impresionante, hecho a medida para que su negocio siga avanzando.<\/p>","protected":false},"featured_media":6190,"template":"","meta":{"om_disable_all_campaigns":false,"_monsterinsights_skip_tracking":false,"_monsterinsights_sitenote_active":false,"_monsterinsights_sitenote_note":"","_monsterinsights_sitenote_category":0,"_uf_show_specific_survey":0,"_uf_disable_surveys":false},"product_brand":[],"product_cat":[128,801],"product_tag":[640,830,850,855,828,676,854,851,852,853],"class_list":{"0":"post-6189","1":"product","2":"type-product","3":"status-publish","4":"has-post-thumbnail","6":"product_cat-flooring-system","7":"product_cat-polyaspartic-and-polyurea-coatings","8":"product_tag-chemical-resistant-flooring","9":"product_tag-commercial-flooring","10":"product_tag-decorative-vinyl-floor","11":"product_tag-epoxy-flooring","12":"product_tag-fast-curing-flooring","13":"product_tag-industrial-flooring","14":"product_tag-non-slip-flooring","15":"product_tag-resinous-flooring","16":"product_tag-seamless-flooring","17":"product_tag-vinyl-chip-floor","19":"first","20":"instock","21":"shipping-taxable","22":"product-type-simple"},"yoast_head":"<!-- This site is optimized with the Yoast SEO Premium plugin v26.2 (Yoast SEO v26.5) - https:\/\/yoast.com\/wordpress\/plugins\/seo\/ -->\n<title>FortiFlex C Fast-Cure Decorative Vinyl Chip Resinous Flooring System - KAIDA PAINT\u00ae<\/title>\n<meta name=\"description\" content=\"FortiFlex C decorative resinous flooring with vinyl chips offers 2-hour cure times, chemical resistance &amp; slip-proof safety. Ideal for hospitals, labs &amp; schools. Get specs &amp; quote.\" \/>\n<meta name=\"robots\" content=\"index, follow, max-snippet:-1, max-image-preview:large, max-video-preview:-1\" \/>\n<link rel=\"canonical\" href=\"https:\/\/www.jinyupaint.com\/es\/producto\/fortiflex-c-fast-cure-decorative-vinyl-chip-resinous-flooring-system\/\" \/>\n<meta property=\"og:locale\" content=\"es_ES\" \/>\n<meta property=\"og:type\" content=\"article\" \/>\n<meta property=\"og:title\" content=\"FortiFlex C Fast-Cure Decorative Vinyl Chip Resinous Flooring System\" \/>\n<meta property=\"og:description\" content=\"FortiFlex C decorative resinous flooring with vinyl chips offers 2-hour cure times, chemical resistance &amp; slip-proof safety. Ideal for hospitals, labs &amp; schools. Get specs &amp; quote.\" \/>\n<meta property=\"og:url\" content=\"https:\/\/www.jinyupaint.com\/es\/producto\/fortiflex-c-fast-cure-decorative-vinyl-chip-resinous-flooring-system\/\" \/>\n<meta property=\"og:site_name\" content=\"KAIDA PAINT\u00ae\" \/>\n<meta property=\"article:modified_time\" content=\"2025-12-01T03:52:54+00:00\" \/>\n<meta property=\"og:image\" content=\"https:\/\/www.jinyupaint.com\/wp-content\/uploads\/2025\/10\/FortiFlex-C-Decorative-Vinyl-Resinous-Flooring-System.jpg\" \/>\n\t<meta property=\"og:image:width\" content=\"800\" \/>\n\t<meta property=\"og:image:height\" content=\"800\" \/>\n\t<meta property=\"og:image:type\" content=\"image\/jpeg\" \/>\n<meta name=\"twitter:card\" content=\"summary_large_image\" \/>\n<meta name=\"twitter:label1\" content=\"Tiempo de lectura\" \/>\n\t<meta name=\"twitter:data1\" content=\"4 minutos\" \/>\n<script type=\"application\/ld+json\" class=\"yoast-schema-graph\">{\"@context\":\"https:\/\/schema.org\",\"@graph\":[{\"@type\":\"WebPage\",\"@id\":\"https:\/\/www.jinyupaint.com\/product\/fortiflex-c-fast-cure-decorative-vinyl-chip-resinous-flooring-system\",\"url\":\"https:\/\/www.jinyupaint.com\/product\/fortiflex-c-fast-cure-decorative-vinyl-chip-resinous-flooring-system\",\"name\":\"FortiFlex C Fast-Cure Decorative Vinyl Chip Resinous Flooring System - KAIDA PAINT\u00ae\",\"isPartOf\":{\"@id\":\"https:\/\/www.jinyupaint.com\/#website\"},\"primaryImageOfPage\":{\"@id\":\"https:\/\/www.jinyupaint.com\/product\/fortiflex-c-fast-cure-decorative-vinyl-chip-resinous-flooring-system#primaryimage\"},\"image\":{\"@id\":\"https:\/\/www.jinyupaint.com\/product\/fortiflex-c-fast-cure-decorative-vinyl-chip-resinous-flooring-system#primaryimage\"},\"thumbnailUrl\":\"https:\/\/www.jinyupaint.com\/wp-content\/uploads\/2025\/10\/FortiFlex-C-Decorative-Vinyl-Resinous-Flooring-System.jpg\",\"datePublished\":\"2025-10-27T04:15:53+00:00\",\"dateModified\":\"2025-12-01T03:52:54+00:00\",\"description\":\"FortiFlex C decorative resinous flooring with vinyl chips offers 2-hour cure times, chemical resistance & slip-proof safety. Ideal for hospitals, labs & schools. Get specs & quote.\",\"breadcrumb\":{\"@id\":\"https:\/\/www.jinyupaint.com\/product\/fortiflex-c-fast-cure-decorative-vinyl-chip-resinous-flooring-system#breadcrumb\"},\"inLanguage\":\"es\",\"potentialAction\":[{\"@type\":\"ReadAction\",\"target\":[\"https:\/\/www.jinyupaint.com\/product\/fortiflex-c-fast-cure-decorative-vinyl-chip-resinous-flooring-system\"]}]},{\"@type\":\"ImageObject\",\"inLanguage\":\"es\",\"@id\":\"https:\/\/www.jinyupaint.com\/product\/fortiflex-c-fast-cure-decorative-vinyl-chip-resinous-flooring-system#primaryimage\",\"url\":\"https:\/\/www.jinyupaint.com\/wp-content\/uploads\/2025\/10\/FortiFlex-C-Decorative-Vinyl-Resinous-Flooring-System.jpg\",\"contentUrl\":\"https:\/\/www.jinyupaint.com\/wp-content\/uploads\/2025\/10\/FortiFlex-C-Decorative-Vinyl-Resinous-Flooring-System.jpg\",\"width\":800,\"height\":800,\"caption\":\"FortiFlex C Decorative Vinyl Resinous Flooring System\"},{\"@type\":\"BreadcrumbList\",\"@id\":\"https:\/\/www.jinyupaint.com\/product\/fortiflex-c-fast-cure-decorative-vinyl-chip-resinous-flooring-system#breadcrumb\",\"itemListElement\":[{\"@type\":\"ListItem\",\"position\":1,\"name\":\"Home\",\"item\":\"https:\/\/www.jinyupaint.com\/\"},{\"@type\":\"ListItem\",\"position\":2,\"name\":\"Shop\",\"item\":\"https:\/\/www.jinyupaint.com\/shop.html\"},{\"@type\":\"ListItem\",\"position\":3,\"name\":\"FortiFlex C Fast-Cure Decorative Vinyl Chip Resinous Flooring System\"}]},{\"@type\":\"WebSite\",\"@id\":\"https:\/\/www.jinyupaint.com\/#website\",\"url\":\"https:\/\/www.jinyupaint.com\/\",\"name\":\"JINYU\u00ae PAINT\",\"description\":\"JINYU PAINT\u00ae Manufacturer\",\"potentialAction\":[{\"@type\":\"SearchAction\",\"target\":{\"@type\":\"EntryPoint\",\"urlTemplate\":\"https:\/\/www.jinyupaint.com\/?s={search_term_string}\"},\"query-input\":{\"@type\":\"PropertyValueSpecification\",\"valueRequired\":true,\"valueName\":\"search_term_string\"}}],\"inLanguage\":\"es\"}]}<\/script>\n<!-- \/ Yoast SEO Premium plugin. -->","yoast_head_json":{"title":"FortiFlex C Sistema decorativo de pavimentos vin\u00edlicos resinosos de fraguado r\u00e1pido - KAIDA PAINT","description":"El suelo resinoso decorativo FortiFlex C con virutas de vinilo ofrece tiempos de curado de 2 horas, resistencia qu\u00edmica y seguridad antideslizante. Ideal para hospitales, laboratorios y escuelas. Obtenga especificaciones y presupuesto.","robots":{"index":"index","follow":"follow","max-snippet":"max-snippet:-1","max-image-preview":"max-image-preview:large","max-video-preview":"max-video-preview:-1"},"canonical":"https:\/\/www.jinyupaint.com\/es\/producto\/fortiflex-c-fast-cure-decorative-vinyl-chip-resinous-flooring-system\/","og_locale":"es_ES","og_type":"article","og_title":"FortiFlex C Fast-Cure Decorative Vinyl Chip Resinous Flooring System","og_description":"FortiFlex C decorative resinous flooring with vinyl chips offers 2-hour cure times, chemical resistance & slip-proof safety. Ideal for hospitals, labs & schools. Get specs & quote.","og_url":"https:\/\/www.jinyupaint.com\/es\/producto\/fortiflex-c-fast-cure-decorative-vinyl-chip-resinous-flooring-system\/","og_site_name":"KAIDA PAINT\u00ae","article_modified_time":"2025-12-01T03:52:54+00:00","og_image":[{"width":800,"height":800,"url":"https:\/\/www.jinyupaint.com\/wp-content\/uploads\/2025\/10\/FortiFlex-C-Decorative-Vinyl-Resinous-Flooring-System.jpg","type":"image\/jpeg"}],"twitter_card":"summary_large_image","twitter_misc":{"Tiempo de lectura":"4 minutos"},"schema":{"@context":"https:\/\/schema.org","@graph":[{"@type":"WebPage","@id":"https:\/\/www.jinyupaint.com\/product\/fortiflex-c-fast-cure-decorative-vinyl-chip-resinous-flooring-system","url":"https:\/\/www.jinyupaint.com\/product\/fortiflex-c-fast-cure-decorative-vinyl-chip-resinous-flooring-system","name":"FortiFlex C Sistema decorativo de pavimentos vin\u00edlicos resinosos de fraguado r\u00e1pido - KAIDA PAINT","isPartOf":{"@id":"https:\/\/www.jinyupaint.com\/#website"},"primaryImageOfPage":{"@id":"https:\/\/www.jinyupaint.com\/product\/fortiflex-c-fast-cure-decorative-vinyl-chip-resinous-flooring-system#primaryimage"},"image":{"@id":"https:\/\/www.jinyupaint.com\/product\/fortiflex-c-fast-cure-decorative-vinyl-chip-resinous-flooring-system#primaryimage"},"thumbnailUrl":"https:\/\/www.jinyupaint.com\/wp-content\/uploads\/2025\/10\/FortiFlex-C-Decorative-Vinyl-Resinous-Flooring-System.jpg","datePublished":"2025-10-27T04:15:53+00:00","dateModified":"2025-12-01T03:52:54+00:00","description":"El suelo resinoso decorativo FortiFlex C con virutas de vinilo ofrece tiempos de curado de 2 horas, resistencia qu\u00edmica y seguridad antideslizante. Ideal para hospitales, laboratorios y escuelas. Obtenga especificaciones y presupuesto.","breadcrumb":{"@id":"https:\/\/www.jinyupaint.com\/product\/fortiflex-c-fast-cure-decorative-vinyl-chip-resinous-flooring-system#breadcrumb"},"inLanguage":"es","potentialAction":[{"@type":"ReadAction","target":["https:\/\/www.jinyupaint.com\/product\/fortiflex-c-fast-cure-decorative-vinyl-chip-resinous-flooring-system"]}]},{"@type":"ImageObject","inLanguage":"es","@id":"https:\/\/www.jinyupaint.com\/product\/fortiflex-c-fast-cure-decorative-vinyl-chip-resinous-flooring-system#primaryimage","url":"https:\/\/www.jinyupaint.com\/wp-content\/uploads\/2025\/10\/FortiFlex-C-Decorative-Vinyl-Resinous-Flooring-System.jpg","contentUrl":"https:\/\/www.jinyupaint.com\/wp-content\/uploads\/2025\/10\/FortiFlex-C-Decorative-Vinyl-Resinous-Flooring-System.jpg","width":800,"height":800,"caption":"FortiFlex C Decorative Vinyl Resinous Flooring System"},{"@type":"BreadcrumbList","@id":"https:\/\/www.jinyupaint.com\/product\/fortiflex-c-fast-cure-decorative-vinyl-chip-resinous-flooring-system#breadcrumb","itemListElement":[{"@type":"ListItem","position":1,"name":"Home","item":"https:\/\/www.jinyupaint.com\/"},{"@type":"ListItem","position":2,"name":"Shop","item":"https:\/\/www.jinyupaint.com\/shop.html"},{"@type":"ListItem","position":3,"name":"FortiFlex C Fast-Cure Decorative Vinyl Chip Resinous Flooring System"}]},{"@type":"WebSite","@id":"https:\/\/www.jinyupaint.com\/#website","url":"https:\/\/www.jinyupaint.com\/","name":"JINYU\u00ae PINTURA","description":"JINYU PAINT\u00ae Fabricante","potentialAction":[{"@type":"SearchAction","target":{"@type":"EntryPoint","urlTemplate":"https:\/\/www.jinyupaint.com\/?s={search_term_string}"},"query-input":{"@type":"PropertyValueSpecification","valueRequired":true,"valueName":"search_term_string"}}],"inLanguage":"es"}]}},"_links":{"self":[{"href":"https:\/\/www.jinyupaint.com\/es\/wp-json\/wp\/v2\/product\/6189","targetHints":{"allow":["GET"]}}],"collection":[{"href":"https:\/\/www.jinyupaint.com\/es\/wp-json\/wp\/v2\/product"}],"about":[{"href":"https:\/\/www.jinyupaint.com\/es\/wp-json\/wp\/v2\/types\/product"}],"wp:featuredmedia":[{"embeddable":true,"href":"https:\/\/www.jinyupaint.com\/es\/wp-json\/wp\/v2\/media\/6190"}],"wp:attachment":[{"href":"https:\/\/www.jinyupaint.com\/es\/wp-json\/wp\/v2\/media?parent=6189"}],"wp:term":[{"taxonomy":"product_brand","embeddable":true,"href":"https:\/\/www.jinyupaint.com\/es\/wp-json\/wp\/v2\/product_brand?post=6189"},{"taxonomy":"product_cat","embeddable":true,"href":"https:\/\/www.jinyupaint.com\/es\/wp-json\/wp\/v2\/product_cat?post=6189"},{"taxonomy":"product_tag","embeddable":true,"href":"https:\/\/www.jinyupaint.com\/es\/wp-json\/wp\/v2\/product_tag?post=6189"}],"curies":[{"name":"wp","href":"https:\/\/api.w.org\/{rel}","templated":true}]}}