{"id":6168,"date":"2025-10-24T07:38:33","date_gmt":"2025-10-24T07:38:33","guid":{"rendered":"https:\/\/www.jinyupaint.com\/?post_type=product&#038;p=6168"},"modified":"2025-12-01T04:02:57","modified_gmt":"2025-12-01T04:02:57","slug":"fortiflex-b-quartz-broadcast-flooring-system","status":"publish","type":"product","link":"https:\/\/www.jinyupaint.com\/es\/producto\/fortiflex-b-quartz-broadcast-flooring-system","title":{"rendered":"FortiFlex B Sistema de suelos de cuarzo para radiodifusi\u00f3n"},"content":{"rendered":"<p class=\"ds-markdown-paragraph\">FortiFlex B es un sistema de suelos de cuarzo de alto rendimiento y color s\u00f3lido dise\u00f1ado para entornos en los que la durabilidad, la higiene y un tiempo de inactividad m\u00ednimo son fundamentales. Combinando una formulaci\u00f3n epoxi 100%-s\u00f3lidos con granalla de cuarzo, este sistema proporciona una superficie texturizada y antideslizante que resiste el tr\u00e1fico peatonal intenso, los derrames de productos qu\u00edmicos y la exposici\u00f3n a los rayos UV. Con un espesor nominal de 1\/8\u2033 y un tiempo de curado de tan solo 2 horas por capa, FortiFlex B es la soluci\u00f3n ideal para instalaciones que operan 24 horas al d\u00eda, 7 d\u00edas a la semana.<\/p>\n<h2><strong>Principales caracter\u00edsticas y ventajas<\/strong><\/h2>\n<ol start=\"1\">\n<li><strong>Tecnolog\u00eda de curado r\u00e1pido<\/strong>\n<ul>\n<li>\n<p class=\"ds-markdown-paragraph\">Alcanza la preparaci\u00f3n para el tr\u00e1fico peatonal en 2,5-5 horas (dependiendo de la temperatura).<\/p>\n<\/li>\n<li>\n<p class=\"ds-markdown-paragraph\">Restablecimiento total del servicio en 24 horas, lo que minimiza las interrupciones operativas.<\/p>\n<\/li>\n<\/ul>\n<\/li>\n<li><strong>Durabilidad excepcional<\/strong>\n<ul>\n<li>\n<p class=\"ds-markdown-paragraph\">Resistencia a la compresi\u00f3n: 12.500 psi (ASTM C-379).<\/p>\n<\/li>\n<li>\n<p class=\"ds-markdown-paragraph\">Resistencia a la tracci\u00f3n: 4.000 psi (ASTM D-638).<\/p>\n<\/li>\n<li>\n<p class=\"ds-markdown-paragraph\">Resiste la abrasi\u00f3n, los impactos y las cargas pesadas: ideal para entornos industriales y comerciales.<\/p>\n<\/li>\n<\/ul>\n<\/li>\n<li><strong>Resistencia qu\u00edmica y UV superior<\/strong>\n<ul>\n<li>\n<p class=\"ds-markdown-paragraph\">Resiste productos qu\u00edmicos, desinfectantes y aceites comunes.<\/p>\n<\/li>\n<li>\n<p class=\"ds-markdown-paragraph\">El acabado estable a los rayos UV evita el amarilleamiento y la decoloraci\u00f3n, perfecto para salas de exposiciones y laboratorios.<\/p>\n<\/li>\n<\/ul>\n<\/li>\n<li><strong>Antideslizante y seguro<\/strong>\n<ul>\n<li>\n<p class=\"ds-markdown-paragraph\">El acabado de cuarzo texturizado proporciona tracci\u00f3n, incluso cuando est\u00e1 mojado.<\/p>\n<\/li>\n<li>\n<p class=\"ds-markdown-paragraph\">Cumple las normas ANSI sobre coeficiente de fricci\u00f3n est\u00e1tico (&gt;0,6) y din\u00e1mico (&gt;0,42).<\/p>\n<\/li>\n<\/ul>\n<\/li>\n<li><strong>Sin costuras e higi\u00e9nico<\/strong>\n<ul>\n<li>\n<p class=\"ds-markdown-paragraph\">La superficie no porosa inhibe el crecimiento microbiano y es f\u00e1cil de limpiar y mantener.<\/p>\n<\/li>\n<li>\n<p class=\"ds-markdown-paragraph\">Ideal para salas blancas, instalaciones farmac\u00e9uticas y \u00e1reas de procesamiento de alimentos.<\/p>\n<\/li>\n<\/ul>\n<\/li>\n<li><strong>Est\u00e9tica personalizable<\/strong>\n<ul>\n<li>\n<p class=\"ds-markdown-paragraph\">Disponible en colores est\u00e1ndar y personalizados (por ejemplo, Tornado, Blanco, Stealth).<\/p>\n<\/li>\n<li>\n<p class=\"ds-markdown-paragraph\">Utilice nuestra herramienta de visualizaci\u00f3n de suelos para previsualizar los colores en su espacio.<\/p>\n<\/li>\n<\/ul>\n<\/li>\n<\/ol>\n<\/li> <li>\n<\/ol>\n<p><a href=\"https:\/\/www.jinyupaint.com\/wp-content\/uploads\/2025\/10\/standard-color-chart-tornado-white-stealth.jpg\"><img fetchpriority=\"high\" decoding=\"async\" class=\"alignnone size-full wp-image-6217\" src=\"https:\/\/www.jinyupaint.com\/wp-content\/uploads\/2025\/10\/standard-color-chart-tornado-white-stealth.jpg\" alt=\"Carta de colores est\u00e1ndar para suelos de cuarzo FortiFlex B, con opciones populares como Tornado, Blanco y Stealth para espacios industriales y comerciales.\" width=\"1200\" height=\"284\" srcset=\"https:\/\/www.jinyupaint.com\/wp-content\/uploads\/2025\/10\/standard-color-chart-tornado-white-stealth.jpg 1200w, https:\/\/www.jinyupaint.com\/wp-content\/uploads\/2025\/10\/standard-color-chart-tornado-white-stealth-300x71.jpg 300w, https:\/\/www.jinyupaint.com\/wp-content\/uploads\/2025\/10\/standard-color-chart-tornado-white-stealth-1024x242.jpg 1024w, https:\/\/www.jinyupaint.com\/wp-content\/uploads\/2025\/10\/standard-color-chart-tornado-white-stealth-768x182.jpg 768w, https:\/\/www.jinyupaint.com\/wp-content\/uploads\/2025\/10\/standard-color-chart-tornado-white-stealth-18x4.jpg 18w, https:\/\/www.jinyupaint.com\/wp-content\/uploads\/2025\/10\/standard-color-chart-tornado-white-stealth-600x142.jpg 600w\" sizes=\"(max-width: 1200px) 100vw, 1200px\" \/><\/a><\/p>\n<h2><strong>Especificaciones t\u00e9cnicas<\/strong><\/h2>\n<div class=\"ds-scroll-area _1210dd7\">\n<table>\n<thead>\n<tr>\n<th>Propiedad<\/th>\n<th>Valor<\/th>\n<\/tr>\n<\/thead>\n<tbody>\n<tr>\n<td>Espesor total del sistema<\/td>\n<td>1\/8&#8243;<\/td>\n<\/tr>\n<tr>\n<td>Peso S\u00f3lidos<\/td>\n<td>96%<\/td>\n<\/tr>\n<tr>\n<td>Contenido de COV<\/td>\n<td>33 g\/L<\/td>\n<\/tr>\n<tr>\n<td>Temperatura de servicio<\/td>\n<td>Hasta 200\u00b0F<\/td>\n<\/tr>\n<tr>\n<td>Resistencia a la abrasi\u00f3n Taber (ASTM D-4060)<\/td>\n<td>25 mg<\/td>\n<\/tr>\n<tr>\n<td>Pot Life @ 70\u00b0F<\/td>\n<td>10-15 min<\/td>\n<\/tr>\n<tr>\n<td>Resistencia qu\u00edmica total<\/td>\n<td>7 d\u00edas<\/td>\n<\/tr>\n<tr>\n<td>\u00cdndice de propagaci\u00f3n de la llama (ASTM E-84)<\/td>\n<td>Clase B<\/td>\n<\/tr>\n<\/tbody>\n<\/table>\n<\/div>\n<h2><strong>Componentes del sistema<\/strong><\/h2>\n<ol start=\"1\">\n<li>\n<p class=\"ds-markdown-paragraph\"><strong>Imprimaci\u00f3n<\/strong>\u00a0- Garantiza una adherencia superior a los sustratos de hormig\u00f3n.<\/p>\n<\/li>\n<li>\n<p class=\"ds-markdown-paragraph\"><strong>Capa de base<\/strong>\u00a0- Resina pigmentada con primera emisi\u00f3n de cuarzo.<\/p>\n<\/li>\n<li>\n<p class=\"ds-markdown-paragraph\"><strong>Segunda emisi\u00f3n<\/strong>\u00a0- Mejora la textura y la consistencia del color.<\/p>\n<\/li>\n<li>\n<p class=\"ds-markdown-paragraph\"><strong>Lechada\/Sellado<\/strong>\u00a0- Proporciona un acabado sin costuras y resistente a los productos qu\u00edmicos.<\/p>\n<\/li>\n<\/ol>\n<h2><strong>Aplicaciones ideales<\/strong><\/h2>\n<ol start=\"1\">\n<ul>\n<li>\n<p class=\"ds-markdown-paragraph\">Salas blancas y laboratorios<\/p>\n<\/li>\n<li>\n<p class=\"ds-markdown-paragraph\">Instalaciones farmac\u00e9uticas y sanitarias<\/p>\n<\/li>\n<li>\n<p class=\"ds-markdown-paragraph\">Escuelas y universidades<\/p>\n<\/li>\n<li>\n<p class=\"ds-markdown-paragraph\">Supermercados y cafeter\u00edas<\/p>\n<\/li>\n<li>\n<p class=\"ds-markdown-paragraph\">Salas de exposici\u00f3n y espacios comerciales<\/p>\n<\/li>\n<li>\n<p class=\"ds-markdown-paragraph\">Aseos y vestuarios<\/p>\n<\/li>\n<\/ul>\n<\/li> <li>\n<\/ol>\n<\/li> <li>\n<\/ol>\n<h3><strong>\u00bfPor qu\u00e9 elegir FortiFlex B?<\/strong><\/h3>\n<p class=\"ds-markdown-paragraph\">A diferencia de los sistemas tradicionales de escamas epox\u00eddicas o suelos de virutas de vinilo, FortiFlex B utiliza una difusi\u00f3n de cuarzo de color s\u00f3lido para una durabilidad inigualable y un acabado uniforme de bajo mantenimiento. Su r\u00e1pido tiempo de curado supera a los revestimientos de suelos poliasp\u00e1rticos convencionales, convirti\u00e9ndolo en la elecci\u00f3n inteligente para proyectos en los que el tiempo es un factor importante.<\/p>\n<h3><strong>Preguntas frecuentes<\/strong><\/h3>\n<p class=\"ds-markdown-paragraph\"><strong>P: \u00bfC\u00f3mo se compara FortiFlex B con los suelos de escamas epox\u00eddicas?<\/strong><br \/>\nR: Aunque ambos sistemas utilizan granallas, FortiFlex B incorpora cuarzo granallado para mejorar la resistencia al desgaste y conseguir un color s\u00f3lido uniforme, a diferencia de las escamas decorativas.<\/p>\n<p class=\"ds-markdown-paragraph\"><strong>P: \u00bfPuedo utilizar FortiFlex B en zonas h\u00famedas?<\/strong><br \/>\nR: \u00a1S\u00ed! El acabado texturizado y la capa superior resistente a los productos qu\u00edmicos lo hacen adecuado para aseos, vestuarios y \u00e1reas de servicio de alimentos.<\/p>\n<p class=\"ds-markdown-paragraph\"><strong>P: \u00bfEste sistema es apto para el bricolaje?<\/strong><br \/>\nR: Debido a su r\u00e1pida vida \u00fatil y a los requisitos de aplicaci\u00f3n profesional, recomendamos que la instalaci\u00f3n la realicen contratistas certificados.<\/p>\n<h3><strong>La confianza de los l\u00edderes del sector<\/strong><\/h3>\n<p class=\"ds-markdown-paragraph\">Respaldado por\u00a0<strong>PINTURA KAIDA<\/strong> experiencia mundial en suelos de alto rendimiento, FortiFlex B est\u00e1 respaldado por:<\/p>\n<ol start=\"1\">\n<ul>\n<li>\n<p class=\"ds-markdown-paragraph\">Asistencia t\u00e9cnica y servicios de especificaci\u00f3n.<\/p>\n<\/li>\n<li>\n<p class=\"ds-markdown-paragraph\">Herramientas personalizadas de combinaci\u00f3n de colores y visualizaci\u00f3n de dise\u00f1os.<\/p>\n<\/li>\n<li>\n<p class=\"ds-markdown-paragraph\">Equipos comerciales regionales para asistencia localizada.<\/p>\n<\/li>\n<\/ul>\n<\/li> <li>\n<\/ol>\n<\/li> <li>\n<\/ol>\n<h3><strong>Llamamiento a la acci\u00f3n<\/strong><\/h3>\n<p class=\"ds-markdown-paragraph\"><strong>\u00bfListo para transformar su espacio?<\/strong><br \/>\n\ud83d\udcde Ponte en contacto hoy mismo con un experto en suelos de KAIDA PAINT para solicitar un presupuesto o una muestra.<\/p>","protected":false},"excerpt":{"rendered":"<h3><strong>FortiFlex B: Una soluci\u00f3n para suelos reforzados con cuarzo de curado r\u00e1pido<\/strong><\/h3>\n<p class=\"ds-markdown-paragraph\">Conozca FortiFlex B, el sistema de suelos de cuarzo de alto rendimiento dise\u00f1ado para entornos exigentes que no pueden permitirse tiempos de inactividad prolongados. Este suelo de color s\u00f3lido y sin juntas combina una formulaci\u00f3n de s\u00f3lidos 100% con cuarzo granulado resistente para crear una superficie extraordinariamente duradera que resiste el tr\u00e1fico intenso, los derrames qu\u00edmicos y la exposici\u00f3n a los rayos UV. Su verdadera ventaja radica en su r\u00e1pido tiempo de curado, tan s\u00f3lo 2 horas por capa, lo que permite una interrupci\u00f3n m\u00ednima de sus operaciones ininterrumpidas. Ideal para laboratorios, salas blancas, instalaciones farmac\u00e9uticas y espacios comerciales, FortiFlex B ofrece un acabado seguro, antideslizante y f\u00e1cil de mantener que resiste el paso del tiempo. Elija un suelo que trabaje tan duro como usted, respaldado por la experiencia de KAIDA PAINT.<\/p>","protected":false},"featured_media":6170,"template":"","meta":{"om_disable_all_campaigns":false,"_monsterinsights_skip_tracking":false,"_monsterinsights_sitenote_active":false,"_monsterinsights_sitenote_note":"","_monsterinsights_sitenote_category":0,"_uf_show_specific_survey":0,"_uf_disable_surveys":false},"product_brand":[],"product_cat":[128,801],"product_tag":[640,848,847,641,846,849],"class_list":{"0":"post-6168","1":"product","2":"type-product","3":"status-publish","4":"has-post-thumbnail","6":"product_cat-flooring-system","7":"product_cat-polyaspartic-and-polyurea-coatings","8":"product_tag-chemical-resistant-flooring","9":"product_tag-commercial-flooring-systems","10":"product_tag-fast-cure-resinous-floor","11":"product_tag-industrial-floor-coating","12":"product_tag-quartz-broadcast-flooring-systems","13":"product_tag-seamless-epoxy-floor","15":"first","16":"instock","17":"shipping-taxable","18":"product-type-simple"},"yoast_head":"<!-- This site is optimized with the Yoast SEO Premium plugin v26.2 (Yoast SEO v26.5) - https:\/\/yoast.com\/wordpress\/plugins\/seo\/ -->\n<title>FortiFlex B Quartz Broadcast Flooring System - KAIDA PAINT\u00ae<\/title>\n<meta name=\"description\" content=\"FortiFlex B is a fast-curing, 100%-solids quartz broadcast flooring system. Ideal for industrial &amp; commercial use. Resists chemicals, UV &amp; heavy traffic. Get a quote!\" \/>\n<meta name=\"robots\" content=\"index, follow, max-snippet:-1, max-image-preview:large, max-video-preview:-1\" \/>\n<link rel=\"canonical\" href=\"https:\/\/www.jinyupaint.com\/es\/producto\/fortiflex-b-quartz-broadcast-flooring-system\/\" \/>\n<meta property=\"og:locale\" content=\"es_ES\" \/>\n<meta property=\"og:type\" content=\"article\" \/>\n<meta property=\"og:title\" content=\"FortiFlex B Quartz Broadcast Flooring System\" \/>\n<meta property=\"og:description\" content=\"FortiFlex B is a fast-curing, 100%-solids quartz broadcast flooring system. Ideal for industrial &amp; commercial use. Resists chemicals, UV &amp; heavy traffic. Get a quote!\" \/>\n<meta property=\"og:url\" content=\"https:\/\/www.jinyupaint.com\/es\/producto\/fortiflex-b-quartz-broadcast-flooring-system\/\" \/>\n<meta property=\"og:site_name\" content=\"KAIDA PAINT\u00ae\" \/>\n<meta property=\"article:modified_time\" content=\"2025-12-01T04:02:57+00:00\" \/>\n<meta property=\"og:image\" content=\"https:\/\/www.jinyupaint.com\/wp-content\/uploads\/2025\/10\/FortiFlex-B-quartz-broadcast-flooring-systems\uff0c.jpg\" \/>\n\t<meta property=\"og:image:width\" content=\"800\" \/>\n\t<meta property=\"og:image:height\" content=\"800\" \/>\n\t<meta property=\"og:image:type\" content=\"image\/jpeg\" \/>\n<meta name=\"twitter:card\" content=\"summary_large_image\" \/>\n<meta name=\"twitter:label1\" content=\"Tiempo de lectura\" \/>\n\t<meta name=\"twitter:data1\" content=\"3 minutos\" \/>\n<script type=\"application\/ld+json\" class=\"yoast-schema-graph\">{\"@context\":\"https:\/\/schema.org\",\"@graph\":[{\"@type\":\"WebPage\",\"@id\":\"https:\/\/www.jinyupaint.com\/product\/fortiflex-b-quartz-broadcast-flooring-system\",\"url\":\"https:\/\/www.jinyupaint.com\/product\/fortiflex-b-quartz-broadcast-flooring-system\",\"name\":\"FortiFlex B Quartz Broadcast Flooring System - KAIDA PAINT\u00ae\",\"isPartOf\":{\"@id\":\"https:\/\/www.jinyupaint.com\/#website\"},\"primaryImageOfPage\":{\"@id\":\"https:\/\/www.jinyupaint.com\/product\/fortiflex-b-quartz-broadcast-flooring-system#primaryimage\"},\"image\":{\"@id\":\"https:\/\/www.jinyupaint.com\/product\/fortiflex-b-quartz-broadcast-flooring-system#primaryimage\"},\"thumbnailUrl\":\"https:\/\/www.jinyupaint.com\/wp-content\/uploads\/2025\/10\/FortiFlex-B-quartz-broadcast-flooring-systems\uff0c.jpg\",\"datePublished\":\"2025-10-24T07:38:33+00:00\",\"dateModified\":\"2025-12-01T04:02:57+00:00\",\"description\":\"FortiFlex B is a fast-curing, 100%-solids quartz broadcast flooring system. Ideal for industrial & commercial use. Resists chemicals, UV & heavy traffic. Get a quote!\",\"breadcrumb\":{\"@id\":\"https:\/\/www.jinyupaint.com\/product\/fortiflex-b-quartz-broadcast-flooring-system#breadcrumb\"},\"inLanguage\":\"es\",\"potentialAction\":[{\"@type\":\"ReadAction\",\"target\":[\"https:\/\/www.jinyupaint.com\/product\/fortiflex-b-quartz-broadcast-flooring-system\"]}]},{\"@type\":\"ImageObject\",\"inLanguage\":\"es\",\"@id\":\"https:\/\/www.jinyupaint.com\/product\/fortiflex-b-quartz-broadcast-flooring-system#primaryimage\",\"url\":\"https:\/\/www.jinyupaint.com\/wp-content\/uploads\/2025\/10\/FortiFlex-B-quartz-broadcast-flooring-systems\uff0c.jpg\",\"contentUrl\":\"https:\/\/www.jinyupaint.com\/wp-content\/uploads\/2025\/10\/FortiFlex-B-quartz-broadcast-flooring-systems\uff0c.jpg\",\"width\":800,\"height\":800,\"caption\":\"FortiFlex B quartz broadcast flooring systems\uff0c\"},{\"@type\":\"BreadcrumbList\",\"@id\":\"https:\/\/www.jinyupaint.com\/product\/fortiflex-b-quartz-broadcast-flooring-system#breadcrumb\",\"itemListElement\":[{\"@type\":\"ListItem\",\"position\":1,\"name\":\"Home\",\"item\":\"https:\/\/www.jinyupaint.com\/\"},{\"@type\":\"ListItem\",\"position\":2,\"name\":\"Shop\",\"item\":\"https:\/\/www.jinyupaint.com\/shop.html\"},{\"@type\":\"ListItem\",\"position\":3,\"name\":\"FortiFlex B Quartz Broadcast Flooring System\"}]},{\"@type\":\"WebSite\",\"@id\":\"https:\/\/www.jinyupaint.com\/#website\",\"url\":\"https:\/\/www.jinyupaint.com\/\",\"name\":\"JINYU\u00ae PAINT\",\"description\":\"JINYU PAINT\u00ae Manufacturer\",\"potentialAction\":[{\"@type\":\"SearchAction\",\"target\":{\"@type\":\"EntryPoint\",\"urlTemplate\":\"https:\/\/www.jinyupaint.com\/?s={search_term_string}\"},\"query-input\":{\"@type\":\"PropertyValueSpecification\",\"valueRequired\":true,\"valueName\":\"search_term_string\"}}],\"inLanguage\":\"es\"}]}<\/script>\n<!-- \/ Yoast SEO Premium plugin. -->","yoast_head_json":{"title":"FortiFlex B Cuarzo Sistema de pavimentaci\u00f3n a voleo - KAIDA PAINT","description":"FortiFlex B es un sistema de pavimentaci\u00f3n de cuarzo al voleo de curado r\u00e1pido y 100%-s\u00f3lidos. Ideal para uso industrial y comercial. Resiste productos qu\u00edmicos, rayos UV y tr\u00e1fico intenso. Pida presupuesto","robots":{"index":"index","follow":"follow","max-snippet":"max-snippet:-1","max-image-preview":"max-image-preview:large","max-video-preview":"max-video-preview:-1"},"canonical":"https:\/\/www.jinyupaint.com\/es\/producto\/fortiflex-b-quartz-broadcast-flooring-system\/","og_locale":"es_ES","og_type":"article","og_title":"FortiFlex B Quartz Broadcast Flooring System","og_description":"FortiFlex B is a fast-curing, 100%-solids quartz broadcast flooring system. Ideal for industrial & commercial use. Resists chemicals, UV & heavy traffic. Get a quote!","og_url":"https:\/\/www.jinyupaint.com\/es\/producto\/fortiflex-b-quartz-broadcast-flooring-system\/","og_site_name":"KAIDA PAINT\u00ae","article_modified_time":"2025-12-01T04:02:57+00:00","og_image":[{"width":800,"height":800,"url":"https:\/\/www.jinyupaint.com\/wp-content\/uploads\/2025\/10\/FortiFlex-B-quartz-broadcast-flooring-systems\uff0c.jpg","type":"image\/jpeg"}],"twitter_card":"summary_large_image","twitter_misc":{"Tiempo de lectura":"3 minutos"},"schema":{"@context":"https:\/\/schema.org","@graph":[{"@type":"WebPage","@id":"https:\/\/www.jinyupaint.com\/product\/fortiflex-b-quartz-broadcast-flooring-system","url":"https:\/\/www.jinyupaint.com\/product\/fortiflex-b-quartz-broadcast-flooring-system","name":"FortiFlex B Cuarzo Sistema de pavimentaci\u00f3n a voleo - KAIDA PAINT","isPartOf":{"@id":"https:\/\/www.jinyupaint.com\/#website"},"primaryImageOfPage":{"@id":"https:\/\/www.jinyupaint.com\/product\/fortiflex-b-quartz-broadcast-flooring-system#primaryimage"},"image":{"@id":"https:\/\/www.jinyupaint.com\/product\/fortiflex-b-quartz-broadcast-flooring-system#primaryimage"},"thumbnailUrl":"https:\/\/www.jinyupaint.com\/wp-content\/uploads\/2025\/10\/FortiFlex-B-quartz-broadcast-flooring-systems\uff0c.jpg","datePublished":"2025-10-24T07:38:33+00:00","dateModified":"2025-12-01T04:02:57+00:00","description":"FortiFlex B es un sistema de pavimentaci\u00f3n de cuarzo al voleo de curado r\u00e1pido y 100%-s\u00f3lidos. Ideal para uso industrial y comercial. Resiste productos qu\u00edmicos, rayos UV y tr\u00e1fico intenso. Pida presupuesto","breadcrumb":{"@id":"https:\/\/www.jinyupaint.com\/product\/fortiflex-b-quartz-broadcast-flooring-system#breadcrumb"},"inLanguage":"es","potentialAction":[{"@type":"ReadAction","target":["https:\/\/www.jinyupaint.com\/product\/fortiflex-b-quartz-broadcast-flooring-system"]}]},{"@type":"ImageObject","inLanguage":"es","@id":"https:\/\/www.jinyupaint.com\/product\/fortiflex-b-quartz-broadcast-flooring-system#primaryimage","url":"https:\/\/www.jinyupaint.com\/wp-content\/uploads\/2025\/10\/FortiFlex-B-quartz-broadcast-flooring-systems\uff0c.jpg","contentUrl":"https:\/\/www.jinyupaint.com\/wp-content\/uploads\/2025\/10\/FortiFlex-B-quartz-broadcast-flooring-systems\uff0c.jpg","width":800,"height":800,"caption":"FortiFlex B quartz broadcast flooring systems\uff0c"},{"@type":"BreadcrumbList","@id":"https:\/\/www.jinyupaint.com\/product\/fortiflex-b-quartz-broadcast-flooring-system#breadcrumb","itemListElement":[{"@type":"ListItem","position":1,"name":"Home","item":"https:\/\/www.jinyupaint.com\/"},{"@type":"ListItem","position":2,"name":"Shop","item":"https:\/\/www.jinyupaint.com\/shop.html"},{"@type":"ListItem","position":3,"name":"FortiFlex B Quartz Broadcast Flooring System"}]},{"@type":"WebSite","@id":"https:\/\/www.jinyupaint.com\/#website","url":"https:\/\/www.jinyupaint.com\/","name":"JINYU\u00ae PINTURA","description":"JINYU PAINT\u00ae Fabricante","potentialAction":[{"@type":"SearchAction","target":{"@type":"EntryPoint","urlTemplate":"https:\/\/www.jinyupaint.com\/?s={search_term_string}"},"query-input":{"@type":"PropertyValueSpecification","valueRequired":true,"valueName":"search_term_string"}}],"inLanguage":"es"}]}},"_links":{"self":[{"href":"https:\/\/www.jinyupaint.com\/es\/wp-json\/wp\/v2\/product\/6168","targetHints":{"allow":["GET"]}}],"collection":[{"href":"https:\/\/www.jinyupaint.com\/es\/wp-json\/wp\/v2\/product"}],"about":[{"href":"https:\/\/www.jinyupaint.com\/es\/wp-json\/wp\/v2\/types\/product"}],"wp:featuredmedia":[{"embeddable":true,"href":"https:\/\/www.jinyupaint.com\/es\/wp-json\/wp\/v2\/media\/6170"}],"wp:attachment":[{"href":"https:\/\/www.jinyupaint.com\/es\/wp-json\/wp\/v2\/media?parent=6168"}],"wp:term":[{"taxonomy":"product_brand","embeddable":true,"href":"https:\/\/www.jinyupaint.com\/es\/wp-json\/wp\/v2\/product_brand?post=6168"},{"taxonomy":"product_cat","embeddable":true,"href":"https:\/\/www.jinyupaint.com\/es\/wp-json\/wp\/v2\/product_cat?post=6168"},{"taxonomy":"product_tag","embeddable":true,"href":"https:\/\/www.jinyupaint.com\/es\/wp-json\/wp\/v2\/product_tag?post=6168"}],"curies":[{"name":"wp","href":"https:\/\/api.w.org\/{rel}","templated":true}]}}