{"id":6141,"date":"2025-10-22T00:11:35","date_gmt":"2025-10-22T00:11:35","guid":{"rendered":"https:\/\/www.jinyupaint.com\/?post_type=product&#038;p=6141"},"modified":"2025-12-01T04:48:34","modified_gmt":"2025-12-01T04:48:34","slug":"fortiflex-4850-polyaspartic-floor-coating","status":"publish","type":"product","link":"https:\/\/www.jinyupaint.com\/es\/producto\/fortiflex-4850-polyaspartic-floor-coating","title":{"rendered":"Revestimiento de suelo poliasp\u00e1rtico FortiFlex 4850"},"content":{"rendered":"<p class=\"ds-markdown-paragraph\">Cuando busca un revestimiento poliasp\u00e1rtico para suelos, lo m\u00e1s probable es que est\u00e9 buscando una soluci\u00f3n que combine rapidez, durabilidad y un acabado impecable, sin marcas de rodillo ni largos periodos de inactividad. La ha encontrado.<\/p>\n<p class=\"ds-markdown-paragraph\">FortiFlex 4850 Polyaspartic Floor Coating SS es un avanzado revestimiento de dos componentes dise\u00f1ado para aplicadores que exigen precisi\u00f3n y eficacia. Tanto si est\u00e1 recubriendo un almac\u00e9n, el suelo de un garaje o una instalaci\u00f3n farmac\u00e9utica, este producto ofrece un acabado uniforme de alto brillo que resiste el tr\u00e1fico intenso, los productos qu\u00edmicos y el paso del tiempo.<\/p>\n<h2><strong>\u00bfQu\u00e9 es el revestimiento de suelo poliasp\u00e1rtico FortiFlex 4850?<\/strong><\/h2>\n<p class=\"ds-markdown-paragraph\">FortiFlex 4850 es un revestimiento poliasp\u00e1rtico de alto contenido en s\u00f3lidos y fraguado m\u00e1s lento que ofrece una flexibilidad inigualable para proyectos de pavimentaci\u00f3n. Sus avanzadas propiedades de fluidez y nivelaci\u00f3n minimizan las marcas de rodillo, por lo que es ideal para aplicaciones a gran escala en las que un acabado liso y profesional no es negociable.<\/p>\n<p class=\"ds-markdown-paragraph\">Pero, \u00bfqu\u00e9 significa eso para usted?<\/p>\n<ul>\n<li><strong>Tecnolog\u00eda Slower-set<\/strong>: M\u00e1s tiempo de trabajo (15-20 minutos) para perfeccionar su aplicaci\u00f3n.<\/li>\n<li><strong>Resistencia a los rayos ultravioleta y a la intemperie<\/strong>: No amarillea ni se degrada, incluso en zonas expuestas al sol.<\/li>\n<li><strong>Curado a baja temperatura<\/strong>: Aplique en temperaturas tan bajas como 35\u00b0F (1.7\u00b0C).<\/li>\n<\/ul>\n<h2><strong>Principales ventajas: \u00bfPor qu\u00e9 elegir FortiFlex 4850?<\/strong><\/h2>\n<h4>1.\u00a0<strong>Tiempos de curado r\u00e1pidos<\/strong><\/h4>\n<ul>\n<li><strong>Tr\u00e1fico peatonal en s\u00f3lo 6 horas<\/strong>: Vuelve al trabajo m\u00e1s r\u00e1pido.<\/li>\n<li><strong>Tr\u00e1fico rodado en 24 horas<\/strong>: Ideal para almacenes, salas de exposici\u00f3n de autom\u00f3viles e instalaciones industriales.<\/li>\n<\/ul>\n<h4>2.\u00a0<strong>Acabado impecable<\/strong><\/h4>\n<ul>\n<li><strong>Las l\u00edneas de rodillo se desvanecen<\/strong>: La f\u00f3rmula autonivelante garantiza un acabado liso y brillante sin rayas ni imperfecciones.<\/li>\n<\/ul>\n<h4>3.\u00a0<strong>Durabilidad excepcional<\/strong><\/h4>\n<ul>\n<li><strong>Resistencia qu\u00edmica<\/strong>: Resiste aceites, disolventes y productos de limpieza.<\/li>\n<li><strong>Resistencia mec\u00e1nica<\/strong>: Soporta impactos, abrasi\u00f3n y cargas pesadas.<\/li>\n<\/ul>\n<h4>4.\u00a0<strong>Aplicaciones vers\u00e1tiles<\/strong><\/h4>\n<p class=\"ds-markdown-paragraph\">En\u00a0<strong>suelos de garaje<\/strong> a plantas de procesamiento de alimentos inspeccionadas por la USDA, FortiFlex 4850 es adecuado para:<\/p>\n<ul>\n<li>Instalaciones farmac\u00e9uticas y sanitarias<\/li>\n<li>Salones del autom\u00f3vil<\/li>\n<li>Habitaciones limpias<\/li>\n<li>Suelos residenciales y comerciales<\/li>\n<\/ul>\n<h2><strong>Especificaciones t\u00e9cnicas<\/strong><\/h2>\n<div class=\"ds-scroll-area _1210dd7\">\n<div class=\"ds-scroll-area__gutters\">\n<div class=\"ds-scroll-area__vertical-gutter\"><\/div>\n<\/div>\n<table>\n<thead>\n<tr>\n<th>Caracter\u00edstica<\/th>\n<th>Detalles<\/th>\n<\/tr>\n<\/thead>\n<tbody>\n<tr>\n<td>Proporci\u00f3n de mezcla<\/td>\n<td>2:1 (Parte A : Parte B)<\/td>\n<\/tr>\n<tr>\n<td>Volumen S\u00f3lidos<\/td>\n<td>94% \u00b1 2%<\/td>\n<\/tr>\n<tr>\n<td>Contenido de COV<\/td>\n<td>&lt;100 g\/L<\/td>\n<\/tr>\n<tr>\n<td>Sheen<\/td>\n<td>Brillo<\/td>\n<\/tr>\n<tr>\n<td>Vida \u00fatil<\/td>\n<td>20-25 minutos<\/td>\n<\/tr>\n<tr>\n<td>Tiempo de trabajo<\/td>\n<td>15 minutos<\/td>\n<\/tr>\n<\/tbody>\n<\/table>\n<\/div>\n<h4><strong>M\u00e9tricas de rendimiento<\/strong><\/h4>\n<ul>\n<li><strong>Resistencia a la abrasi\u00f3n<\/strong>: 80 m\/g de p\u00e9rdida (ASTM D4060)<\/li>\n<li><strong>Adhesi\u00f3n<\/strong>: 425 psi (ASTM D4541)<\/li>\n<li><strong>Resistencia a los impactos<\/strong>: 100 (ASTM D2794)<\/li>\n<li><strong>Dureza<\/strong>: Shore D 69 (ASTM D2240)<\/li>\n<\/ul>\n<h2><strong>Comparaci\u00f3n: Poliasp\u00e1rtico frente a epoxi<\/strong><\/h2>\n<p class=\"ds-markdown-paragraph\">Si est\u00e1 comparando\u00a0<strong>revestimientos poliasp\u00e1rticos frente a revestimientos epox\u00eddicos<\/strong>, Aqu\u00ed le explicamos por qu\u00e9 destaca FortiFlex 4850:<\/p>\n<ul>\n<li><strong>Tiempos de curado m\u00e1s r\u00e1pidos<\/strong>: Se acabaron las esperas de d\u00edas para que su suelo est\u00e9 utilizable.<\/li>\n<li><strong>Resistencia superior a los rayos UV<\/strong>: A diferencia del epoxi, no amarillea ni se calcina con el tiempo.<\/li>\n<li><strong>Aplicaci\u00f3n m\u00e1s sencilla<\/strong>: La tecnolog\u00eda de ajuste lento le ofrece un mayor control.<\/li>\n<\/ul>\n<h2><strong>Usos ideales para FortiFlex 4850<\/strong><\/h2>\n<p class=\"ds-markdown-paragraph\">\u00bfSe pregunta si este revestimiento es adecuado para su proyecto? He aqu\u00ed algunas aplicaciones comunes:<\/p>\n<ol start=\"1\">\n<li>\n<p class=\"ds-markdown-paragraph\"><strong>Suelos de garaje<\/strong>: Protege contra manchas de aceite, marcas de neum\u00e1ticos y tr\u00e1fico peatonal intenso.<\/p>\n<\/li>\n<li>\n<p class=\"ds-markdown-paragraph\"><strong>Cocinas comerciales<\/strong>: Resistente a los productos qu\u00edmicos y a la humedad, cumple las normas de procesamiento de alimentos de la USDA y Canad\u00e1.<\/p>\n<\/li>\n<li>\n<p class=\"ds-markdown-paragraph\"><strong>Centros sanitarios<\/strong>: Proporciona una superficie sin juntas y f\u00e1cil de limpiar para pasillos y zonas de procesamiento.<\/p>\n<\/li>\n<li>\n<p class=\"ds-markdown-paragraph\"><strong>Almacenes<\/strong>: Soporta el tr\u00e1fico de carretillas elevadoras y cargas pesadas sin agrietarse ni descascararse.<\/p>\n<\/li>\n<\/ol>\n<h2><strong>Gu\u00eda de aplicaci\u00f3n<\/strong><\/h2>\n<h4><strong>Preparaci\u00f3n de la superficie<\/strong><\/h4>\n<ul>\n<li><strong>Hormig\u00f3n<\/strong>: Limpiar, secar y perfilar seg\u00fan las normas CSP-3.<\/li>\n<li><strong>Revestimientos existentes<\/strong>: Lijar con papel de lija de grano 60-80 para una correcta adherencia.<\/li>\n<\/ul>\n<h4><strong>Mezcla y aplicaci\u00f3n<\/strong><\/h4>\n<ol start=\"1\">\n<li>\n<p class=\"ds-markdown-paragraph\"><strong>Proporci\u00f3n de mezcla<\/strong>: Combinar 2 partes de resina (Parte A) con 1 parte de endurecedor (Parte B).<\/p>\n<\/li>\n<li>\n<p class=\"ds-markdown-paragraph\"><strong>Herramientas de aplicaci\u00f3n<\/strong>: Utilice una escobilla de goma y pase un rodillo de 3\/8\u201d.<\/p>\n<\/li>\n<li>\n<p class=\"ds-markdown-paragraph\"><strong>Tasa de dispersi\u00f3n<\/strong>: 106-162 pies cuadrados por gal\u00f3n para un espesor de pel\u00edcula h\u00fameda de 10-15 mil.<\/p>\n<\/li>\n<\/ol>\n<h4><strong>Condiciones medioambientales<\/strong><\/h4>\n<ul>\n<li><strong>Temperatura<\/strong>: 35\u00b0F (1,7\u00b0C) a 120\u00b0F (49\u00b0C)<\/li>\n<li><strong>Humedad<\/strong>: Hasta 85% de humedad relativa<\/li>\n<\/ul>\n<h2><strong>Preguntas frecuentes<\/strong><\/h2>\n<h4><strong>1. \u00bfCu\u00e1nto cuesta el revestimiento poliasp\u00e1rtico para suelos?<\/strong><\/h4>\n<p class=\"ds-markdown-paragraph\">Aunque los precios var\u00edan, FortiFlex 4850 ofrece valor a largo plazo gracias a su durabilidad y a la reducci\u00f3n del tiempo de inactividad. Para obtener un presupuesto detallado, p\u00f3ngase en contacto con nuestro equipo.<\/p>\n<h4><strong>2. \u00bfPuedo aplicar revestimiento poliasp\u00e1rtico sobre epoxi?<\/strong><\/h4>\n<p class=\"ds-markdown-paragraph\">S\u00ed. Basta con lijar la superficie epoxi existente con papel de lija de grano 60-80 antes de aplicar FortiFlex 4850.<\/p>\n<h4><strong>3. \u00bfEste revestimiento est\u00e1 disponible cerca de m\u00ed?<\/strong><\/h4>\n<p class=\"ds-markdown-paragraph\">FortiFlex 4850 est\u00e1 disponible en tiendas KAIDA PAINT y distribuidores autorizados. Utilice nuestro localizador de tiendas para encontrar un distribuidor cerca de usted.<\/p>\n<h2><strong>\u00bfPor qu\u00e9 confiar en KAIDA PAINT?<\/strong><\/h2>\n<p class=\"ds-markdown-paragraph\">Con m\u00e1s de 150 a\u00f1os de liderazgo en la industria, KAIDA PAINT es un nombre en el que puede confiar. Nuestros productos son rigurosamente probados y de confianza por los profesionales de:<\/p>\n<ul>\n<li><strong>Suelos industriales y comerciales<\/strong><\/li>\n<li><strong>Procesado de alimentos y bebidas<\/strong><\/li>\n<li><strong>Sector farmac\u00e9utico y sanitario<\/strong><\/li>\n<\/ul>\n<p class=\"ds-markdown-paragraph\">No nos limitamos a vender revestimientos: ofrecemos soluciones.<\/p>\n<h2><strong>\u00bfListo para transformar sus suelos?<\/strong><\/h2>\n<p class=\"ds-markdown-paragraph\">No se conforme con un revestimiento que le ralentice. FortiFlex 4850 ofrece la velocidad, durabilidad y acabado que necesita, sin concesiones.<\/p>\n<p class=\"ds-markdown-paragraph\"><strong>Pida el suyo hoy mismo o p\u00f3ngase en contacto con nuestros expertos para obtener una soluci\u00f3n personalizada.<\/strong><\/p>","protected":false},"excerpt":{"rendered":"<p>Conozca FortiFlex 4850, el avanzado revestimiento poliasp\u00e1rtico para suelos que redefine la eficacia y el rendimiento para los profesionales. Dise\u00f1ado como una f\u00f3rmula de fraguado m\u00e1s lento y alto contenido en s\u00f3lidos, le ofrece una ventana de trabajo ampliada para una aplicaci\u00f3n impecable, incluso en suelos expansivos. Sus caracter\u00edsticas autonivelantes superiores minimizan sin esfuerzo las marcas del rodillo, dando como resultado un acabado uniforme de alto brillo que es tan duradero como bello. Este revestimiento combina una notable rapidez con una s\u00f3lida protecci\u00f3n, permitiendo el tr\u00e1nsito peatonal en s\u00f3lo seis horas y ofreciendo una excelente resistencia a los productos qu\u00edmicos, los impactos y la exposici\u00f3n a los rayos UV. Ideal para entornos exigentes, desde almacenes industriales hasta instalaciones de procesamiento de alimentos, FortiFlex 4850 ofrece un resultado superior y duradero que resiste las condiciones m\u00e1s duras.<\/p>","protected":false},"featured_media":6142,"template":"","meta":{"om_disable_all_campaigns":false,"_monsterinsights_skip_tracking":false,"_monsterinsights_sitenote_active":false,"_monsterinsights_sitenote_note":"","_monsterinsights_sitenote_category":0,"_uf_show_specific_survey":0,"_uf_disable_surveys":false},"product_brand":[],"product_cat":[128,801],"product_tag":[753,641,804,802,803,805],"class_list":{"0":"post-6141","1":"product","2":"type-product","3":"status-publish","4":"has-post-thumbnail","6":"product_cat-flooring-system","7":"product_cat-polyaspartic-and-polyurea-coatings","8":"product_tag-garage-floor-coating","9":"product_tag-industrial-floor-coating","10":"product_tag-polyaspartic-coating-cost","11":"product_tag-polyaspartic-floor-coating","12":"product_tag-polyaspartic-garage-floor","13":"product_tag-polyaspartic-vs-epoxy","15":"first","16":"instock","17":"shipping-taxable","18":"product-type-simple"},"yoast_head":"<!-- This site is optimized with the Yoast SEO Premium plugin v26.2 (Yoast SEO v26.5) - https:\/\/yoast.com\/wordpress\/plugins\/seo\/ -->\n<title>FortiFlex 4850 Polyaspartic Floor Coating - KAIDA PAINT\u00ae<\/title>\n<meta name=\"description\" content=\"Discover FortiFlex 4850 Polyaspartic Floor Coating - a slower-set, high-solids formula offering extended working time and superior self-leveling. Achieve a uniform, high-gloss finish with excellent chemical resistance. Ideal for industrial, commercial, and residential floors. Foot traffic ready in just 6 hours.\" \/>\n<meta name=\"robots\" content=\"index, follow, max-snippet:-1, max-image-preview:large, max-video-preview:-1\" \/>\n<link rel=\"canonical\" href=\"https:\/\/www.jinyupaint.com\/es\/producto\/fortiflex-4850-polyaspartic-floor-coating\/\" \/>\n<meta property=\"og:locale\" content=\"es_ES\" \/>\n<meta property=\"og:type\" content=\"article\" \/>\n<meta property=\"og:title\" content=\"FortiFlex 4850 Polyaspartic Floor Coating\" \/>\n<meta property=\"og:description\" content=\"Discover FortiFlex 4850 Polyaspartic Floor Coating - a slower-set, high-solids formula offering extended working time and superior self-leveling. Achieve a uniform, high-gloss finish with excellent chemical resistance. Ideal for industrial, commercial, and residential floors. Foot traffic ready in just 6 hours.\" \/>\n<meta property=\"og:url\" content=\"https:\/\/www.jinyupaint.com\/es\/producto\/fortiflex-4850-polyaspartic-floor-coating\/\" \/>\n<meta property=\"og:site_name\" content=\"KAIDA PAINT\u00ae\" \/>\n<meta property=\"article:modified_time\" content=\"2025-12-01T04:48:34+00:00\" \/>\n<meta property=\"og:image\" content=\"https:\/\/www.jinyupaint.com\/wp-content\/uploads\/2025\/10\/FortiFlex-4850-Polyaspartic-Floor-Coating.jpg\" \/>\n\t<meta property=\"og:image:width\" content=\"800\" \/>\n\t<meta property=\"og:image:height\" content=\"800\" \/>\n\t<meta property=\"og:image:type\" content=\"image\/jpeg\" \/>\n<meta name=\"twitter:card\" content=\"summary_large_image\" \/>\n<meta name=\"twitter:label1\" content=\"Tiempo de lectura\" \/>\n\t<meta name=\"twitter:data1\" content=\"4 minutos\" \/>\n<script type=\"application\/ld+json\" class=\"yoast-schema-graph\">{\"@context\":\"https:\/\/schema.org\",\"@graph\":[{\"@type\":\"WebPage\",\"@id\":\"https:\/\/www.jinyupaint.com\/product\/fortiflex-4850-polyaspartic-floor-coating\",\"url\":\"https:\/\/www.jinyupaint.com\/product\/fortiflex-4850-polyaspartic-floor-coating\",\"name\":\"FortiFlex 4850 Polyaspartic Floor Coating - KAIDA PAINT\u00ae\",\"isPartOf\":{\"@id\":\"https:\/\/www.jinyupaint.com\/#website\"},\"primaryImageOfPage\":{\"@id\":\"https:\/\/www.jinyupaint.com\/product\/fortiflex-4850-polyaspartic-floor-coating#primaryimage\"},\"image\":{\"@id\":\"https:\/\/www.jinyupaint.com\/product\/fortiflex-4850-polyaspartic-floor-coating#primaryimage\"},\"thumbnailUrl\":\"https:\/\/www.jinyupaint.com\/wp-content\/uploads\/2025\/10\/FortiFlex-4850-Polyaspartic-Floor-Coating.jpg\",\"datePublished\":\"2025-10-22T00:11:35+00:00\",\"dateModified\":\"2025-12-01T04:48:34+00:00\",\"description\":\"Discover FortiFlex 4850 Polyaspartic Floor Coating - a slower-set, high-solids formula offering extended working time and superior self-leveling. Achieve a uniform, high-gloss finish with excellent chemical resistance. Ideal for industrial, commercial, and residential floors. Foot traffic ready in just 6 hours.\",\"breadcrumb\":{\"@id\":\"https:\/\/www.jinyupaint.com\/product\/fortiflex-4850-polyaspartic-floor-coating#breadcrumb\"},\"inLanguage\":\"es\",\"potentialAction\":[{\"@type\":\"ReadAction\",\"target\":[\"https:\/\/www.jinyupaint.com\/product\/fortiflex-4850-polyaspartic-floor-coating\"]}]},{\"@type\":\"ImageObject\",\"inLanguage\":\"es\",\"@id\":\"https:\/\/www.jinyupaint.com\/product\/fortiflex-4850-polyaspartic-floor-coating#primaryimage\",\"url\":\"https:\/\/www.jinyupaint.com\/wp-content\/uploads\/2025\/10\/FortiFlex-4850-Polyaspartic-Floor-Coating.jpg\",\"contentUrl\":\"https:\/\/www.jinyupaint.com\/wp-content\/uploads\/2025\/10\/FortiFlex-4850-Polyaspartic-Floor-Coating.jpg\",\"width\":800,\"height\":800,\"caption\":\"FortiFlex 4850 Polyaspartic Floor Coating\"},{\"@type\":\"BreadcrumbList\",\"@id\":\"https:\/\/www.jinyupaint.com\/product\/fortiflex-4850-polyaspartic-floor-coating#breadcrumb\",\"itemListElement\":[{\"@type\":\"ListItem\",\"position\":1,\"name\":\"Home\",\"item\":\"https:\/\/www.jinyupaint.com\/\"},{\"@type\":\"ListItem\",\"position\":2,\"name\":\"Shop\",\"item\":\"https:\/\/www.jinyupaint.com\/shop.html\"},{\"@type\":\"ListItem\",\"position\":3,\"name\":\"FortiFlex 4850 Polyaspartic Floor Coating\"}]},{\"@type\":\"WebSite\",\"@id\":\"https:\/\/www.jinyupaint.com\/#website\",\"url\":\"https:\/\/www.jinyupaint.com\/\",\"name\":\"JINYU\u00ae PAINT\",\"description\":\"JINYU PAINT\u00ae Manufacturer\",\"potentialAction\":[{\"@type\":\"SearchAction\",\"target\":{\"@type\":\"EntryPoint\",\"urlTemplate\":\"https:\/\/www.jinyupaint.com\/?s={search_term_string}\"},\"query-input\":{\"@type\":\"PropertyValueSpecification\",\"valueRequired\":true,\"valueName\":\"search_term_string\"}}],\"inLanguage\":\"es\"}]}<\/script>\n<!-- \/ Yoast SEO Premium plugin. -->","yoast_head_json":{"title":"FortiFlex 4850 Revestimiento poliasp\u00e1rtico para suelos - KAIDA PAINT","description":"Descubra FortiFlex 4850 Revestimiento Poliasp\u00e1rtico para Suelos - una f\u00f3rmula de fraguado m\u00e1s lento y alto contenido en s\u00f3lidos que ofrece un tiempo de trabajo prolongado y una autonivelaci\u00f3n superior. Consigue un acabado uniforme de alto brillo con una excelente resistencia qu\u00edmica. Ideal para suelos industriales, comerciales y residenciales. Listo para el trafico peatonal en solo 6 horas.","robots":{"index":"index","follow":"follow","max-snippet":"max-snippet:-1","max-image-preview":"max-image-preview:large","max-video-preview":"max-video-preview:-1"},"canonical":"https:\/\/www.jinyupaint.com\/es\/producto\/fortiflex-4850-polyaspartic-floor-coating\/","og_locale":"es_ES","og_type":"article","og_title":"FortiFlex 4850 Polyaspartic Floor Coating","og_description":"Discover FortiFlex 4850 Polyaspartic Floor Coating - a slower-set, high-solids formula offering extended working time and superior self-leveling. Achieve a uniform, high-gloss finish with excellent chemical resistance. Ideal for industrial, commercial, and residential floors. Foot traffic ready in just 6 hours.","og_url":"https:\/\/www.jinyupaint.com\/es\/producto\/fortiflex-4850-polyaspartic-floor-coating\/","og_site_name":"KAIDA PAINT\u00ae","article_modified_time":"2025-12-01T04:48:34+00:00","og_image":[{"width":800,"height":800,"url":"https:\/\/www.jinyupaint.com\/wp-content\/uploads\/2025\/10\/FortiFlex-4850-Polyaspartic-Floor-Coating.jpg","type":"image\/jpeg"}],"twitter_card":"summary_large_image","twitter_misc":{"Tiempo de lectura":"4 minutos"},"schema":{"@context":"https:\/\/schema.org","@graph":[{"@type":"WebPage","@id":"https:\/\/www.jinyupaint.com\/product\/fortiflex-4850-polyaspartic-floor-coating","url":"https:\/\/www.jinyupaint.com\/product\/fortiflex-4850-polyaspartic-floor-coating","name":"FortiFlex 4850 Revestimiento poliasp\u00e1rtico para suelos - KAIDA PAINT","isPartOf":{"@id":"https:\/\/www.jinyupaint.com\/#website"},"primaryImageOfPage":{"@id":"https:\/\/www.jinyupaint.com\/product\/fortiflex-4850-polyaspartic-floor-coating#primaryimage"},"image":{"@id":"https:\/\/www.jinyupaint.com\/product\/fortiflex-4850-polyaspartic-floor-coating#primaryimage"},"thumbnailUrl":"https:\/\/www.jinyupaint.com\/wp-content\/uploads\/2025\/10\/FortiFlex-4850-Polyaspartic-Floor-Coating.jpg","datePublished":"2025-10-22T00:11:35+00:00","dateModified":"2025-12-01T04:48:34+00:00","description":"Descubra FortiFlex 4850 Revestimiento Poliasp\u00e1rtico para Suelos - una f\u00f3rmula de fraguado m\u00e1s lento y alto contenido en s\u00f3lidos que ofrece un tiempo de trabajo prolongado y una autonivelaci\u00f3n superior. Consigue un acabado uniforme de alto brillo con una excelente resistencia qu\u00edmica. Ideal para suelos industriales, comerciales y residenciales. Listo para el trafico peatonal en solo 6 horas.","breadcrumb":{"@id":"https:\/\/www.jinyupaint.com\/product\/fortiflex-4850-polyaspartic-floor-coating#breadcrumb"},"inLanguage":"es","potentialAction":[{"@type":"ReadAction","target":["https:\/\/www.jinyupaint.com\/product\/fortiflex-4850-polyaspartic-floor-coating"]}]},{"@type":"ImageObject","inLanguage":"es","@id":"https:\/\/www.jinyupaint.com\/product\/fortiflex-4850-polyaspartic-floor-coating#primaryimage","url":"https:\/\/www.jinyupaint.com\/wp-content\/uploads\/2025\/10\/FortiFlex-4850-Polyaspartic-Floor-Coating.jpg","contentUrl":"https:\/\/www.jinyupaint.com\/wp-content\/uploads\/2025\/10\/FortiFlex-4850-Polyaspartic-Floor-Coating.jpg","width":800,"height":800,"caption":"FortiFlex 4850 Polyaspartic Floor Coating"},{"@type":"BreadcrumbList","@id":"https:\/\/www.jinyupaint.com\/product\/fortiflex-4850-polyaspartic-floor-coating#breadcrumb","itemListElement":[{"@type":"ListItem","position":1,"name":"Home","item":"https:\/\/www.jinyupaint.com\/"},{"@type":"ListItem","position":2,"name":"Shop","item":"https:\/\/www.jinyupaint.com\/shop.html"},{"@type":"ListItem","position":3,"name":"FortiFlex 4850 Polyaspartic Floor Coating"}]},{"@type":"WebSite","@id":"https:\/\/www.jinyupaint.com\/#website","url":"https:\/\/www.jinyupaint.com\/","name":"JINYU\u00ae PINTURA","description":"JINYU PAINT\u00ae Fabricante","potentialAction":[{"@type":"SearchAction","target":{"@type":"EntryPoint","urlTemplate":"https:\/\/www.jinyupaint.com\/?s={search_term_string}"},"query-input":{"@type":"PropertyValueSpecification","valueRequired":true,"valueName":"search_term_string"}}],"inLanguage":"es"}]}},"_links":{"self":[{"href":"https:\/\/www.jinyupaint.com\/es\/wp-json\/wp\/v2\/product\/6141","targetHints":{"allow":["GET"]}}],"collection":[{"href":"https:\/\/www.jinyupaint.com\/es\/wp-json\/wp\/v2\/product"}],"about":[{"href":"https:\/\/www.jinyupaint.com\/es\/wp-json\/wp\/v2\/types\/product"}],"wp:featuredmedia":[{"embeddable":true,"href":"https:\/\/www.jinyupaint.com\/es\/wp-json\/wp\/v2\/media\/6142"}],"wp:attachment":[{"href":"https:\/\/www.jinyupaint.com\/es\/wp-json\/wp\/v2\/media?parent=6141"}],"wp:term":[{"taxonomy":"product_brand","embeddable":true,"href":"https:\/\/www.jinyupaint.com\/es\/wp-json\/wp\/v2\/product_brand?post=6141"},{"taxonomy":"product_cat","embeddable":true,"href":"https:\/\/www.jinyupaint.com\/es\/wp-json\/wp\/v2\/product_cat?post=6141"},{"taxonomy":"product_tag","embeddable":true,"href":"https:\/\/www.jinyupaint.com\/es\/wp-json\/wp\/v2\/product_tag?post=6141"}],"curies":[{"name":"wp","href":"https:\/\/api.w.org\/{rel}","templated":true}]}}