{"id":6089,"date":"2025-10-15T03:28:52","date_gmt":"2025-10-15T03:28:52","guid":{"rendered":"https:\/\/www.jinyupaint.com\/?post_type=product&#038;p=6089"},"modified":"2025-10-15T03:28:53","modified_gmt":"2025-10-15T03:28:53","slug":"pro-series-full-boardcast-epoxy-flake-garage-floor-system","status":"publish","type":"product","link":"https:\/\/www.jinyupaint.com\/es\/producto\/pro-series-full-boardcast-epoxy-flake-garage-floor-system","title":{"rendered":"Sistema de suelo de garaje con escamas de epoxi Pro Series Full Boardcast"},"content":{"rendered":"<h2 class=\"ds-markdown-paragraph\"><strong>Esto no es un revestimiento de suelo de garaje. Es una inversi\u00f3n.<\/strong><\/h2>\n<p class=\"ds-markdown-paragraph\">No encontrar\u00e1 este\u00a0<strong>sistema de suelo de garaje de escamas epoxi<\/strong>\u00a0en su gran almac\u00e9n local. Esta es la soluci\u00f3n de calidad profesional utilizada en garajes comerciales y por propietarios exigentes que se niegan a hacer concesiones. Si busca el\u00a0<strong>mejor revestimiento para el suelo del garaje<\/strong>\u00a0que combine una impresionante profundidad 3D con una resistencia de calidad industrial, lo ha encontrado.<\/p>\n<blockquote>\n<p class=\"ds-markdown-paragraph\"><strong>Atenci\u00f3n:<\/strong> Este no es un proyecto r\u00e1pido, de un d\u00eda. Si usted es el tipo de persona que encera a mano su coche, preparando meticulosamente cada cent\u00edmetro, este sistema es para usted. Hemos eliminado las herramientas para empaquetar m\u00e1s material, d\u00e1ndole un verdadero resultado de grado profesional.<\/p>\n<\/blockquote>\n<h2 class=\"ds-markdown-paragraph\"><strong>Por qu\u00e9 nuestro sistema de escamas epoxi es la elecci\u00f3n clara<\/strong><\/h2>\n<p class=\"ds-markdown-paragraph\">No escatimamos. Mientras que otros utilizan \u00e1cido e imprimaciones a base de agua, nuestro proceso est\u00e1 dise\u00f1ado para lograr la m\u00e1xima adherencia y longevidad.<\/p>\n<ul>\n<li>\n<p class=\"ds-markdown-paragraph\"><strong>La preparaci\u00f3n superior es obligatoria:<\/strong>\u00a0El grabado con \u00e1cido no es suficiente. Un suelo pulido con diamante es el \u00fanico punto de partida que recomendamos para un suelo de garaje duradero.<\/p>\n<\/li>\n<li>\n<p class=\"ds-markdown-paragraph\"><strong>Imprimaci\u00f3n epoxi de base disolvente:<\/strong>\u00a0Nuestra imprimaci\u00f3n de alta adherencia garantiza que el sistema se adhiera al hormig\u00f3n de por vida.<\/p>\n<\/li>\n<li>\n<p class=\"ds-markdown-paragraph\"><strong>100%-S\u00f3lidos Base Epoxi:<\/strong>\u00a0No se trata de una capa fina y acuosa. Lo aplicamos en capas gruesas para obtener un epoxi espeso que no fallar\u00e1.<\/p>\n<\/li>\n<li>\n<p class=\"ds-markdown-paragraph\"><strong>Escama de emisi\u00f3n a rechazo:<\/strong>\u00a0Incluimos tanta escama que ocultar\u00e1 completamente la capa base, protegiendo el epoxi de los rayos UV y creando un acabado \u00fanico e impresionante.<\/p>\n<\/li>\n<li>\n<p class=\"ds-markdown-paragraph\"><strong>Acabado profesional de poliuretano:<\/strong>\u00a0Las dos capas finales de uretano de poli\u00e9ster alif\u00e1tico proporcionan un escudo cristalino, resistente a los productos qu\u00edmicos y a los rayos UV, que no amarillea.<\/p>\n<\/li>\n<\/ul>\n<h2 class=\"ds-markdown-paragraph\"><strong>Un suelo que resiste la vida real del garaje<\/strong><\/h2>\n<p class=\"ds-markdown-paragraph\"><strong>Resistente a productos qu\u00edmicos y a prueba de neum\u00e1ticos calientes<\/strong><br \/>\n\u00bfSe ha derramado l\u00edquido de frenos, aceite o limpiador? No hay problema. Nuestro\u00a0<strong>revestimiento epoxi suelo garaje<\/strong>\u00a0est\u00e1 probada para resistir los productos qu\u00edmicos que usted utiliza. Y gracias a su proceso de instalaci\u00f3n profesional y a su gruesa estructura, no es susceptible de\u00a0<strong>elevaci\u00f3n de neum\u00e1ticos en caliente<\/strong>. Has hecho bien el trabajo; ahora el revestimiento har\u00e1 su trabajo.<\/p>\n<p class=\"ds-markdown-paragraph\"><strong>Asombrosamente bella y resistente a las babas<\/strong><br \/>\nLa profundidad y el brillo de una emisi\u00f3n completa\u00a0<strong>suelo de garaje de escamas de epoxi<\/strong>\u00a0son insuperables. Proporciona un aspecto profundo, casi tridimensional, que los revestimientos est\u00e1ndar no pueden igualar. La superficie es excepcionalmente lisa y a la vez texturizada, creando una obra maestra de la que estar\u00e1 orgulloso de presumir.<\/p>\n<p class=\"ds-markdown-paragraph\"><strong>Dise\u00f1ada para el largo plazo<\/strong><br \/>\nSe trata de un sistema de cinco capas. Si consigue da\u00f1arlo (lo cual es dif\u00edcil), una nueva capa de uretano transparente har\u00e1 que vuelva a parecer nuevo. Se trata de un\u00a0<strong>soluci\u00f3n para el suelo del garaje<\/strong>\u00a0dise\u00f1ados para durar d\u00e9cadas, no a\u00f1os.<\/p>\n<h2 class=\"ds-markdown-paragraph\"><strong>Especificaciones t\u00e9cnicas y opciones<\/strong><\/h2>\n<ul>\n<li>\n<p class=\"ds-markdown-paragraph\"><strong>Espesor de pel\u00edcula seca:<\/strong>\u00a018-24 Mils (Sistema total: 23-29+ Mils)<\/p>\n<\/li>\n<li>\n<p class=\"ds-markdown-paragraph\"><strong>Kits de cobertura:<\/strong>\u00a0250, 500, 750 y 1.000 pies cuadrados.<\/p>\n<\/li>\n<li>\n<p class=\"ds-markdown-paragraph\"><strong>Colores base:<\/strong>\u00a0Gris medio, gris claro, beige<\/p>\n<\/li>\n<li>\n<p class=\"ds-markdown-paragraph\"><strong>Colores y tama\u00f1os de escamas:<\/strong>\u00a0M\u00faltiples opciones que incluyen B-310, B-411, B-421, B-602, B-605 en 1\/16\u2033, 1\/8\u2033 y 1\/4\u2033. Seleccione \"Sin escamas\" u \"Otros\" para presupuestos personalizados.<\/p>\n<\/li>\n<\/ul>\n<blockquote>\n<p class=\"ds-markdown-paragraph\"><strong>\u26a0\ufe0f Nota importante:<\/strong>\u00a0Estos kits contienen \u00fanicamente los materiales de alto rendimiento.\u00a0<strong>No incluyen herramientas para su instalaci\u00f3n.<\/strong>\u00a0Necesitar\u00e1 una escobilla de goma, un rodillo, un pulverizador para escamas y un pulidor de suelo con papel de lija de grano 100-120.<\/p>\n<\/blockquote>\n<h2 class=\"ds-markdown-paragraph\"><strong>El ingrediente clave que no podemos empaquetar<\/strong><\/h2>\n<p class=\"ds-markdown-paragraph\">Envasamos la mejor calidad\u00a0<strong>escamas de epoxi<\/strong>epoxi 100%-solids y uretano profesional. No podemos empaquetar habilidad, grasa de codo y paciencia.<\/p>\n<p class=\"ds-markdown-paragraph\"><strong>Esta es tu comprobaci\u00f3n visceral.<\/strong><br \/>\nPasar\u00e1 al menos un d\u00eda entero preparando el suelo. A continuaci\u00f3n, pasar\u00e1 un par de d\u00edas instalando las m\u00faltiples capas. Despu\u00e9s, deber\u00e1 permanecer alejado del suelo durante todo el tiempo de curado. El resultado, sin embargo, es un suelo de garaje epoxi que es verdaderamente profesional.<\/p>\n<h2 class=\"ds-markdown-paragraph\"><strong>\u00bfListo para instalar el suelo de garaje definitivo?<\/strong><\/h2>\n<p class=\"ds-markdown-paragraph\">Este\u00a0<strong>sistema de suelo de garaje de escamas epoxi<\/strong> es para quienes entienden que la calidad es un proceso. Si est\u00e1 dispuesto a invertir tiempo y esfuerzo en un suelo que durar\u00e1 toda la vida.<\/p>","protected":false},"excerpt":{"rendered":"<p>El sistema Pro Series Epoxy Flake para suelos de garaje ofrece un acabado profesional de calidad comercial para aquellos que exigen lo mejor. No se trata de un simple revestimiento de bricolaje; es un sistema multicapa que comienza con un suelo esmerilado con diamante y una imprimaci\u00f3n de base disolvente de alta adherencia. A continuaci\u00f3n, una gruesa base epoxi de 100%-s\u00f3lidos se cubre completamente con una densa capa de escamas decorativas, creando un impresionante y profundo efecto 3D que es a la vez bello y funcional. El proceso finaliza con dos capas de un uretano de poli\u00e9ster alif\u00e1tico cristalino que proporciona una resistencia excepcional a los productos qu\u00edmicos, al amarilleamiento por rayos UV y al levantamiento por neum\u00e1ticos calientes. El resultado es un suelo asombrosamente bello, resistente a las babas, con un espesor de pel\u00edcula seca de 18-24 mils, dise\u00f1ado para soportar todo lo que su garaje -y la vida- le depare en los a\u00f1os venideros.<\/p>","protected":false},"featured_media":6096,"template":"","meta":{"om_disable_all_campaigns":false,"_monsterinsights_skip_tracking":false,"_monsterinsights_sitenote_active":false,"_monsterinsights_sitenote_note":"","_monsterinsights_sitenote_category":0,"_uf_show_specific_survey":0,"_uf_disable_surveys":false},"product_brand":[],"product_cat":[128,724],"product_tag":[763,754,773,771,772,757,748,764,770,774],"class_list":{"0":"post-6089","1":"product","2":"type-product","3":"status-publish","4":"has-post-thumbnail","6":"product_cat-flooring-system","7":"product_cat-garage-floor-coating","8":"product_tag-100-solids-epoxy","9":"product_tag-best-epoxy-for-garage-floor","10":"product_tag-chemical-resistant-epoxy","11":"product_tag-commercial-garage-floor-epoxy","12":"product_tag-durable-garage-floor","13":"product_tag-epoxy-flake-garage-floor","14":"product_tag-garage-floor-coating-cost","15":"product_tag-garage-floor-contractors","16":"product_tag-professional-garage-floor-coating","17":"product_tag-uv-resistant-garage-coating","19":"first","20":"instock","21":"shipping-taxable","22":"product-type-simple"},"yoast_head":"<!-- This site is optimized with the Yoast SEO Premium plugin v26.2 (Yoast SEO v26.5) - https:\/\/yoast.com\/wordpress\/plugins\/seo\/ -->\n<title>Pro Series Full Boardcast Epoxy Flake Garage Floor System - KAIDA PAINT\u00ae<\/title>\n<meta name=\"description\" content=\"Professional epoxy flake garage floor system. Our 5-layer, 100%-solids coating resists chemicals, hot tires &amp; UV yellowing. Not a simple DIY kit. For a durable, 3D-look finish that lasts.\" \/>\n<meta name=\"robots\" content=\"index, follow, max-snippet:-1, max-image-preview:large, max-video-preview:-1\" \/>\n<link rel=\"canonical\" href=\"https:\/\/www.jinyupaint.com\/es\/producto\/pro-series-full-boardcast-epoxy-flake-garage-floor-system\/\" \/>\n<meta property=\"og:locale\" content=\"es_ES\" \/>\n<meta property=\"og:type\" content=\"article\" \/>\n<meta property=\"og:title\" content=\"Pro Series Full Boardcast Epoxy Flake Garage Floor System\" \/>\n<meta property=\"og:description\" content=\"Professional epoxy flake garage floor system. Our 5-layer, 100%-solids coating resists chemicals, hot tires &amp; UV yellowing. Not a simple DIY kit. For a durable, 3D-look finish that lasts.\" \/>\n<meta property=\"og:url\" content=\"https:\/\/www.jinyupaint.com\/es\/producto\/pro-series-full-boardcast-epoxy-flake-garage-floor-system\/\" \/>\n<meta property=\"og:site_name\" content=\"KAIDA PAINT\u00ae\" \/>\n<meta property=\"article:modified_time\" content=\"2025-10-15T03:28:53+00:00\" \/>\n<meta property=\"og:image\" content=\"https:\/\/www.jinyupaint.com\/wp-content\/uploads\/2025\/10\/pro-series-epoxy-flake-garage-floor-3d-finish.jpg\" \/>\n\t<meta property=\"og:image:width\" content=\"800\" \/>\n\t<meta property=\"og:image:height\" content=\"800\" \/>\n\t<meta property=\"og:image:type\" content=\"image\/jpeg\" \/>\n<meta name=\"twitter:card\" content=\"summary_large_image\" \/>\n<meta name=\"twitter:label1\" content=\"Tiempo de lectura\" \/>\n\t<meta name=\"twitter:data1\" content=\"3 minutos\" \/>\n<script type=\"application\/ld+json\" class=\"yoast-schema-graph\">{\"@context\":\"https:\/\/schema.org\",\"@graph\":[{\"@type\":\"WebPage\",\"@id\":\"https:\/\/www.jinyupaint.com\/product\/pro-series-full-boardcast-epoxy-flake-garage-floor-system\",\"url\":\"https:\/\/www.jinyupaint.com\/product\/pro-series-full-boardcast-epoxy-flake-garage-floor-system\",\"name\":\"Pro Series Full Boardcast Epoxy Flake Garage Floor System - KAIDA PAINT\u00ae\",\"isPartOf\":{\"@id\":\"https:\/\/www.jinyupaint.com\/#website\"},\"primaryImageOfPage\":{\"@id\":\"https:\/\/www.jinyupaint.com\/product\/pro-series-full-boardcast-epoxy-flake-garage-floor-system#primaryimage\"},\"image\":{\"@id\":\"https:\/\/www.jinyupaint.com\/product\/pro-series-full-boardcast-epoxy-flake-garage-floor-system#primaryimage\"},\"thumbnailUrl\":\"https:\/\/www.jinyupaint.com\/wp-content\/uploads\/2025\/10\/pro-series-epoxy-flake-garage-floor-3d-finish.jpg\",\"datePublished\":\"2025-10-15T03:28:52+00:00\",\"dateModified\":\"2025-10-15T03:28:53+00:00\",\"description\":\"Professional epoxy flake garage floor system. Our 5-layer, 100%-solids coating resists chemicals, hot tires & UV yellowing. Not a simple DIY kit. For a durable, 3D-look finish that lasts.\",\"breadcrumb\":{\"@id\":\"https:\/\/www.jinyupaint.com\/product\/pro-series-full-boardcast-epoxy-flake-garage-floor-system#breadcrumb\"},\"inLanguage\":\"es\",\"potentialAction\":[{\"@type\":\"ReadAction\",\"target\":[\"https:\/\/www.jinyupaint.com\/product\/pro-series-full-boardcast-epoxy-flake-garage-floor-system\"]}]},{\"@type\":\"ImageObject\",\"inLanguage\":\"es\",\"@id\":\"https:\/\/www.jinyupaint.com\/product\/pro-series-full-boardcast-epoxy-flake-garage-floor-system#primaryimage\",\"url\":\"https:\/\/www.jinyupaint.com\/wp-content\/uploads\/2025\/10\/pro-series-epoxy-flake-garage-floor-3d-finish.jpg\",\"contentUrl\":\"https:\/\/www.jinyupaint.com\/wp-content\/uploads\/2025\/10\/pro-series-epoxy-flake-garage-floor-3d-finish.jpg\",\"width\":800,\"height\":800,\"caption\":\"Close-up of our professional epoxy flake garage floor showing deep 3D texture and high-gloss, UV-resistant urethane topcoat.\"},{\"@type\":\"BreadcrumbList\",\"@id\":\"https:\/\/www.jinyupaint.com\/product\/pro-series-full-boardcast-epoxy-flake-garage-floor-system#breadcrumb\",\"itemListElement\":[{\"@type\":\"ListItem\",\"position\":1,\"name\":\"Home\",\"item\":\"https:\/\/www.jinyupaint.com\/\"},{\"@type\":\"ListItem\",\"position\":2,\"name\":\"Shop\",\"item\":\"https:\/\/www.jinyupaint.com\/shop.html\"},{\"@type\":\"ListItem\",\"position\":3,\"name\":\"Pro Series Full Boardcast Epoxy Flake Garage Floor System\"}]},{\"@type\":\"WebSite\",\"@id\":\"https:\/\/www.jinyupaint.com\/#website\",\"url\":\"https:\/\/www.jinyupaint.com\/\",\"name\":\"JINYU\u00ae PAINT\",\"description\":\"JINYU PAINT\u00ae Manufacturer\",\"potentialAction\":[{\"@type\":\"SearchAction\",\"target\":{\"@type\":\"EntryPoint\",\"urlTemplate\":\"https:\/\/www.jinyupaint.com\/?s={search_term_string}\"},\"query-input\":{\"@type\":\"PropertyValueSpecification\",\"valueRequired\":true,\"valueName\":\"search_term_string\"}}],\"inLanguage\":\"es\"}]}<\/script>\n<!-- \/ Yoast SEO Premium plugin. -->","yoast_head_json":{"title":"Sistema de suelo de garaje de escamas de epoxi Pro Series Full Boardcast - KAIDA PAINT","description":"Sistema profesional de suelo de garaje de escamas epoxi. Nuestro revestimiento de 5 capas, 100%-s\u00f3lidos resiste productos qu\u00edmicos, neum\u00e1ticos calientes y amarilleo UV. No es un simple kit de bricolaje. Para un acabado duradero con aspecto 3D que perdura.","robots":{"index":"index","follow":"follow","max-snippet":"max-snippet:-1","max-image-preview":"max-image-preview:large","max-video-preview":"max-video-preview:-1"},"canonical":"https:\/\/www.jinyupaint.com\/es\/producto\/pro-series-full-boardcast-epoxy-flake-garage-floor-system\/","og_locale":"es_ES","og_type":"article","og_title":"Pro Series Full Boardcast Epoxy Flake Garage Floor System","og_description":"Professional epoxy flake garage floor system. Our 5-layer, 100%-solids coating resists chemicals, hot tires & UV yellowing. Not a simple DIY kit. For a durable, 3D-look finish that lasts.","og_url":"https:\/\/www.jinyupaint.com\/es\/producto\/pro-series-full-boardcast-epoxy-flake-garage-floor-system\/","og_site_name":"KAIDA PAINT\u00ae","article_modified_time":"2025-10-15T03:28:53+00:00","og_image":[{"width":800,"height":800,"url":"https:\/\/www.jinyupaint.com\/wp-content\/uploads\/2025\/10\/pro-series-epoxy-flake-garage-floor-3d-finish.jpg","type":"image\/jpeg"}],"twitter_card":"summary_large_image","twitter_misc":{"Tiempo de lectura":"3 minutos"},"schema":{"@context":"https:\/\/schema.org","@graph":[{"@type":"WebPage","@id":"https:\/\/www.jinyupaint.com\/product\/pro-series-full-boardcast-epoxy-flake-garage-floor-system","url":"https:\/\/www.jinyupaint.com\/product\/pro-series-full-boardcast-epoxy-flake-garage-floor-system","name":"Sistema de suelo de garaje de escamas de epoxi Pro Series Full Boardcast - KAIDA PAINT","isPartOf":{"@id":"https:\/\/www.jinyupaint.com\/#website"},"primaryImageOfPage":{"@id":"https:\/\/www.jinyupaint.com\/product\/pro-series-full-boardcast-epoxy-flake-garage-floor-system#primaryimage"},"image":{"@id":"https:\/\/www.jinyupaint.com\/product\/pro-series-full-boardcast-epoxy-flake-garage-floor-system#primaryimage"},"thumbnailUrl":"https:\/\/www.jinyupaint.com\/wp-content\/uploads\/2025\/10\/pro-series-epoxy-flake-garage-floor-3d-finish.jpg","datePublished":"2025-10-15T03:28:52+00:00","dateModified":"2025-10-15T03:28:53+00:00","description":"Sistema profesional de suelo de garaje de escamas epoxi. Nuestro revestimiento de 5 capas, 100%-s\u00f3lidos resiste productos qu\u00edmicos, neum\u00e1ticos calientes y amarilleo UV. No es un simple kit de bricolaje. Para un acabado duradero con aspecto 3D que perdura.","breadcrumb":{"@id":"https:\/\/www.jinyupaint.com\/product\/pro-series-full-boardcast-epoxy-flake-garage-floor-system#breadcrumb"},"inLanguage":"es","potentialAction":[{"@type":"ReadAction","target":["https:\/\/www.jinyupaint.com\/product\/pro-series-full-boardcast-epoxy-flake-garage-floor-system"]}]},{"@type":"ImageObject","inLanguage":"es","@id":"https:\/\/www.jinyupaint.com\/product\/pro-series-full-boardcast-epoxy-flake-garage-floor-system#primaryimage","url":"https:\/\/www.jinyupaint.com\/wp-content\/uploads\/2025\/10\/pro-series-epoxy-flake-garage-floor-3d-finish.jpg","contentUrl":"https:\/\/www.jinyupaint.com\/wp-content\/uploads\/2025\/10\/pro-series-epoxy-flake-garage-floor-3d-finish.jpg","width":800,"height":800,"caption":"Close-up of our professional epoxy flake garage floor showing deep 3D texture and high-gloss, UV-resistant urethane topcoat."},{"@type":"BreadcrumbList","@id":"https:\/\/www.jinyupaint.com\/product\/pro-series-full-boardcast-epoxy-flake-garage-floor-system#breadcrumb","itemListElement":[{"@type":"ListItem","position":1,"name":"Home","item":"https:\/\/www.jinyupaint.com\/"},{"@type":"ListItem","position":2,"name":"Shop","item":"https:\/\/www.jinyupaint.com\/shop.html"},{"@type":"ListItem","position":3,"name":"Pro Series Full Boardcast Epoxy Flake Garage Floor System"}]},{"@type":"WebSite","@id":"https:\/\/www.jinyupaint.com\/#website","url":"https:\/\/www.jinyupaint.com\/","name":"JINYU\u00ae PINTURA","description":"JINYU PAINT\u00ae Fabricante","potentialAction":[{"@type":"SearchAction","target":{"@type":"EntryPoint","urlTemplate":"https:\/\/www.jinyupaint.com\/?s={search_term_string}"},"query-input":{"@type":"PropertyValueSpecification","valueRequired":true,"valueName":"search_term_string"}}],"inLanguage":"es"}]}},"_links":{"self":[{"href":"https:\/\/www.jinyupaint.com\/es\/wp-json\/wp\/v2\/product\/6089","targetHints":{"allow":["GET"]}}],"collection":[{"href":"https:\/\/www.jinyupaint.com\/es\/wp-json\/wp\/v2\/product"}],"about":[{"href":"https:\/\/www.jinyupaint.com\/es\/wp-json\/wp\/v2\/types\/product"}],"wp:featuredmedia":[{"embeddable":true,"href":"https:\/\/www.jinyupaint.com\/es\/wp-json\/wp\/v2\/media\/6096"}],"wp:attachment":[{"href":"https:\/\/www.jinyupaint.com\/es\/wp-json\/wp\/v2\/media?parent=6089"}],"wp:term":[{"taxonomy":"product_brand","embeddable":true,"href":"https:\/\/www.jinyupaint.com\/es\/wp-json\/wp\/v2\/product_brand?post=6089"},{"taxonomy":"product_cat","embeddable":true,"href":"https:\/\/www.jinyupaint.com\/es\/wp-json\/wp\/v2\/product_cat?post=6089"},{"taxonomy":"product_tag","embeddable":true,"href":"https:\/\/www.jinyupaint.com\/es\/wp-json\/wp\/v2\/product_tag?post=6089"}],"curies":[{"name":"wp","href":"https:\/\/api.w.org\/{rel}","templated":true}]}}