{"id":6076,"date":"2025-10-13T07:12:25","date_gmt":"2025-10-13T07:12:25","guid":{"rendered":"https:\/\/www.jinyupaint.com\/?post_type=product&#038;p=6076"},"modified":"2025-12-01T06:07:44","modified_gmt":"2025-12-01T06:07:44","slug":"etch-seal-diy-clear-polyurea-garage-floor-coating-sealer-kit","status":"publish","type":"product","link":"https:\/\/www.jinyupaint.com\/es\/producto\/etch-seal-diy-clear-polyurea-garage-floor-coating-sealer-kit","title":{"rendered":"Kit Etch &amp; Seal DIY de revestimiento y sellado transparente de poliurea para suelos de garaje"},"content":{"rendered":"<h2 class=\"ds-markdown-paragraph\"><strong>Transforme su garaje con el revestimiento de poliurea para suelos DIY definitivo<\/strong><\/h2>\n<p class=\"ds-markdown-paragraph\">\u00bfCansado de manchas de aceite, grietas y un suelo de hormig\u00f3n sin brillo? El kit de revestimiento de poliurea transparente para suelos de garaje Etch &amp; Seal ofrece un acabado profesional de alto brillo que protege contra los productos qu\u00edmicos, los rayos UV y el desgaste diario, todo ello en un sencillo sistema de bricolaje.<\/p>\n<p class=\"ds-markdown-paragraph\">Tanto si est\u00e1 recubriendo un garaje residencial, un taller o el suelo de un s\u00f3tano, nuestra f\u00f3rmula a base de poliurea ofrece una durabilidad y una resistencia qu\u00edmica superiores a las del epoxi tradicional. Y con el aditivo antideslizante incluido, su suelo se mantiene seguro y antideslizante.<\/p>\n<h2 class=\"ds-markdown-paragraph\"><strong>\u00bfPor qu\u00e9 Etch &amp; Seal es el mejor revestimiento de poliurea para suelos de garajes?<\/strong><\/h2>\n<p class=\"ds-markdown-paragraph\">\u2705\u00a0<strong>Kit todo en uno<\/strong>\u00a0- Incluye grabado al \u00e1cido, revestimiento de poliurea, aditivo antideslizante y fundas para rodillos.<br \/>\n\u2705\u00a0<strong>Estable a los rayos UV y resistente a los productos qu\u00edmicos<\/strong>\u00a0- Evita el amarilleamiento y resiste la gasolina, los aceites y los limpiadores<br \/>\n\u2705\u00a0<strong>Curado r\u00e1pido y alto brillo<\/strong>\u00a0- Acabado duradero y bonito que dura a\u00f1os<br \/>\n\u2705\u00a0<strong>DIY-Friendly<\/strong>\u00a0- No se necesitan herramientas profesionales ni contratistas<br \/>\n\u2705\u00a0<strong>Seguridad antideslizante<\/strong>\u00a0- Mayor tracci\u00f3n para un suelo de garaje m\u00e1s seguro<\/p>\n<h2 class=\"ds-markdown-paragraph\"><strong>Qu\u00e9 incluye su kit de revestimiento de suelo de poliurea:<\/strong><\/h2>\n<ul>\n<li>Revestimiento de poliurea transparente (para cobertura seleccionada)<\/li>\n<li>GhostShield Eco-Etch - prepara el hormig\u00f3n para una adherencia \u00f3ptima<\/li>\n<li>Aditivo antideslizante: se mezcla con la capa de acabado para aumentar la resistencia al deslizamiento.<\/li>\n<li>Cubiertas de rodillo de 9\" - para una aplicaci\u00f3n suave y uniforme<\/li>\n<\/ul>\n<h2 class=\"ds-markdown-paragraph\"><strong>Qu\u00e9 necesitar\u00e1 para la instalaci\u00f3n:<\/strong><\/h2>\n<ul>\n<li>Marco para rodillo de pintura de 9<\/li>\n<li>Varillas mezcladoras o mezclador de brocas<\/li>\n<li>Respirador aprobado por NIOSH<\/li>\n<li>Cinta de pintor (retirar mientras est\u00e9 h\u00fameda)<\/li>\n<li>Guantes y cubrezapatos<\/li>\n<li>Xileno o alcoholes minerales (para limpiar)<\/li>\n<\/ul>\n<h2 class=\"ds-markdown-paragraph\"><strong>Por qu\u00e9 los propietarios y bricoladores eligen Etch &amp; Seal:<\/strong><\/h2>\n<p class=\"ds-markdown-paragraph\">\ud83c\udfc6\u00a0<strong>Rentable<\/strong>\u00a0- Obtener prima\u00a0<strong>revestimiento de hormig\u00f3n con poliurea<\/strong>\u00a0rendimiento sin el precio profesional.<br \/>\n\ud83c\udfc6\u00a0<strong>F\u00e1cil de aplicar<\/strong>\u00a0- Perfecto para\u00a0<strong>Revestimiento del suelo del garaje con poliurea<\/strong>\u00a0proyectos.<br \/>\n\ud83c\udfc6\u00a0<strong>Duradero y de larga duraci\u00f3n<\/strong>\u00a0- Resistente a la abrasi\u00f3n, los productos qu\u00edmicos y la exposici\u00f3n a los rayos UV.<br \/>\n\ud83c\udfc6\u00a0<strong>Ideal para garajes, s\u00f3tanos y talleres<\/strong>\u00a0- Flexible para\u00a0<strong>uso residencial y comercial ligero<\/strong>.<\/p>\n<h2 class=\"ds-markdown-paragraph\"><strong>Antes de instalar - Notas importantes:<\/strong><\/h2>\n<ul>\n<li>\n<p class=\"ds-markdown-paragraph\">\u2705\u00a0<strong>Advertencia de temperatura:<\/strong>\u00a0Aplicar s\u00f3lo cuando las temperaturas sean superiores a 50\u00b0F. Mantenga alejadas las fuentes de ignici\u00f3n durante el curado.<\/p>\n<\/li>\n<li>\n<p class=\"ds-markdown-paragraph\">\u2705\u00a0<strong>Preparaci\u00f3n de la superficie:<\/strong>\u00a0El hormig\u00f3n fratasado puede requerir un grabado adicional. Los suelos previamente revestidos deben esmerilarse.<\/p>\n<\/li>\n<li>\n<p class=\"ds-markdown-paragraph\">\u2705\u00a0<strong>\u00bfNo est\u00e1 seguro de si su suelo est\u00e1 listo?<\/strong>\u00a0P\u00f3ngase en contacto con nosotros para obtener una gu\u00eda gratuita de preparaci\u00f3n del hormig\u00f3n.<\/p>\n<\/li>\n<\/ul>\n<h2 class=\"ds-markdown-paragraph\"><strong>Poliurea vs. Epoxi - Por qu\u00e9 gana la poliurea:<\/strong><\/h2>\n<p class=\"ds-markdown-paragraph\">Mientras que los revestimientos epox\u00eddicos para suelos de garajes son comunes, los revestimientos de poliurea para suelos de garajes ofrecen:<\/p>\n<ul>\n<li>Tiempo de curado m\u00e1s r\u00e1pido<\/li>\n<li>Mayor flexibilidad y resistencia a los impactos<\/li>\n<li>&gt;Mayor estabilidad qu\u00edmica y frente a los rayos UV<\/li>\n<li>Menos olores y limpieza m\u00e1s f\u00e1cil<\/li>\n<\/ul>\n<h2 class=\"ds-markdown-paragraph\"><strong>Preguntas m\u00e1s frecuentes:<\/strong><\/h2>\n<p class=\"ds-markdown-paragraph\"><strong>P: \u00bfCu\u00e1nto cuesta un revestimiento de poliurea para suelos de garajes?<\/strong><br \/>\nR: Nuestros kits cuestan a partir de $277,99 y est\u00e1n disponibles en varios tama\u00f1os, por lo que el coste del revestimiento de poliurea para suelos de garajes es muy inferior al de una instalaci\u00f3n profesional.<\/p>\n<p class=\"ds-markdown-paragraph\"><strong>P: \u00bfPuedo aplicarlo yo mismo?<\/strong><br \/>\nR: \u00a1Por supuesto! Miles de bricoladores han utilizado nuestro sistema de revestimiento de poliurea para suelos de garaje con resultados de nivel profesional.<\/p>\n<p class=\"ds-markdown-paragraph\"><strong>P: \u00bfEs resbaladizo el revestimiento de poliurea?<\/strong><br \/>\nR: No con nuestro aditivo antideslizante incluido. Lo recomendamos para todas las aplicaciones de suelos de garajes y s\u00f3tanos.<\/p>\n<p class=\"ds-markdown-paragraph\"><strong>P: \u00bfOfrecen recubrimiento de poliurea para suelos cerca de m\u00ed?<\/strong><br \/>\nR: Hacemos env\u00edos a todo el pa\u00eds. Pida su kit en l\u00ednea y reciba todo en la puerta de su casa.<\/p>\n<h2 class=\"ds-markdown-paragraph\"><strong>\u00bfPreparado para modernizar su garaje?<\/strong><\/h2>\n<p class=\"ds-markdown-paragraph\">No se conforme con un suelo de garaje manchado, agrietado o desgastado. Con el kit de revestimiento de suelo de poliurea Etch &amp; Seal, obtendr\u00e1:<\/p>\n<ul>\n<li>\n<p class=\"ds-markdown-paragraph\">\u2705 Protecci\u00f3n UV estable de alto brillo<\/p>\n<\/li>\n<li>\n<p class=\"ds-markdown-paragraph\">\u2705 Resistencia qu\u00edmica y a la abrasi\u00f3n<\/p>\n<\/li>\n<li>\n<p class=\"ds-markdown-paragraph\">\u2705 Seguridad antideslizante<\/p>\n<\/li>\n<li>\n<p class=\"ds-markdown-paragraph\">Instalaci\u00f3n sencilla<\/p>\n<\/li>\n<li>\n<p class=\"ds-markdown-paragraph\">\u2705 Precios asequibles todo en uno<\/p>\n<\/li>\n<\/ul>\n<h2 class=\"ds-markdown-paragraph\"><strong>\u00bfTiene alguna pregunta?<\/strong><\/h2>\n<p class=\"ds-markdown-paragraph\">Estamos aqu\u00ed para ayudarle. Llame a nuestros expertos en suelos para que le asesoren sobre la preparaci\u00f3n, la cobertura o la instalaci\u00f3n.<\/p>","protected":false},"excerpt":{"rendered":"<p class=\"ds-markdown-paragraph\">En\u00a0<strong>Kit de revestimiento para suelos de garaje Etch &amp; Seal Polyurea<\/strong>\u00a0es la soluci\u00f3n definitiva para transformar y proteger el suelo de su garaje. Este sistema todo en uno incluye un revestimiento de poliurea transparente de calidad profesional, un grabado al \u00e1cido para una adhesi\u00f3n \u00f3ptima y un aditivo antideslizante para una mayor seguridad.<\/p>\n<p class=\"ds-markdown-paragraph\">Dise\u00f1ado espec\u00edficamente para los propietarios de viviendas, nuestra f\u00f3rmula estable a los rayos UV resiste los productos qu\u00edmicos, las manchas y la abrasi\u00f3n, manteniendo un acabado brillante de alto brillo. Con una f\u00e1cil aplicaci\u00f3n con rodillo y un curado r\u00e1pido, puede conseguir resultados de aspecto profesional sin necesidad de contratistas. Elija entre protecci\u00f3n de 1 capa (3-4 mil) o 2 capas (6-8 mil), disponible en coberturas de 200 a 1.000 pies cuadrados.<\/p>\n<p class=\"ds-markdown-paragraph\">Perfecto para garajes residenciales, talleres y s\u00f3tanos: consiga una protecci\u00f3n duradera y unos bonitos resultados por una fracci\u00f3n del coste profesional.<\/p>\n<h2 class=\"ds-markdown-paragraph\"><strong>Elija su cobertura y acabado:<\/strong><\/h2>\n<ul style=\"list-style-type: disc;\">\n<li><strong>Estilo:<\/strong>\u00a0Transparente alto brillo 1 capa | Transparente alto brillo 2 capas<\/li>\n<li><strong>Cobertura:<\/strong>\u00a0200 | 400 | 600 | 800 | 1.000 pies cuadrados<\/li>\n<\/ul>\n<p style=\"margin-bottom: 0px;\"><strong>Espesor total del revestimiento:<\/strong><\/p>\n<ul style=\"list-style-type: disc;\">\n<li>1 capa: 3-4 mil | 2 capas: 6-8 mil<\/li>\n<\/ul>","protected":false},"featured_media":6078,"template":"","meta":{"om_disable_all_campaigns":false,"_monsterinsights_skip_tracking":false,"_monsterinsights_sitenote_active":false,"_monsterinsights_sitenote_note":"","_monsterinsights_sitenote_category":0,"_uf_show_specific_survey":0,"_uf_disable_surveys":false},"product_brand":[],"product_cat":[128,724],"product_tag":[739,749,750,733,731,751],"class_list":{"0":"post-6076","1":"product","2":"type-product","3":"status-publish","4":"has-post-thumbnail","6":"product_cat-flooring-system","7":"product_cat-garage-floor-coating","8":"product_tag-best-polyurea-garage-floor-coating","9":"product_tag-diy-polyurea-garage-floor-coating","10":"product_tag-garage-floor-polyurea-coating","11":"product_tag-polyurea-concrete-coating","12":"product_tag-polyurea-floor-coating-cost","13":"product_tag-polyurea-garage-floor-coating-kit","15":"first","16":"instock","17":"shipping-taxable","18":"product-type-simple"},"yoast_head":"<!-- This site is optimized with the Yoast SEO Premium plugin v26.2 (Yoast SEO v26.5) - https:\/\/yoast.com\/wordpress\/plugins\/seo\/ -->\n<title>Etch &amp; Seal DIY Clear Polyurea Garage Floor Coating &amp; Sealer Kit - KAIDA PAINT\u00ae<\/title>\n<meta name=\"description\" content=\"Transform your garage with our DIY polyurea garage floor coating kit. UV-resistant, chemical-proof, and slip-resistant. Includes etch, coating &amp; rollers. Easy installation &amp; pro results.\" \/>\n<meta name=\"robots\" content=\"index, follow, max-snippet:-1, max-image-preview:large, max-video-preview:-1\" \/>\n<link rel=\"canonical\" href=\"https:\/\/www.jinyupaint.com\/es\/producto\/etch-seal-diy-clear-polyurea-garage-floor-coating-sealer-kit\/\" \/>\n<meta property=\"og:locale\" content=\"es_ES\" \/>\n<meta property=\"og:type\" content=\"article\" \/>\n<meta property=\"og:title\" content=\"Etch &amp; Seal DIY Clear Polyurea Garage Floor Coating &amp; Sealer Kit\" \/>\n<meta property=\"og:description\" content=\"Transform your garage with our DIY polyurea garage floor coating kit. UV-resistant, chemical-proof, and slip-resistant. Includes etch, coating &amp; rollers. Easy installation &amp; pro results.\" \/>\n<meta property=\"og:url\" content=\"https:\/\/www.jinyupaint.com\/es\/producto\/etch-seal-diy-clear-polyurea-garage-floor-coating-sealer-kit\/\" \/>\n<meta property=\"og:site_name\" content=\"KAIDA PAINT\u00ae\" \/>\n<meta property=\"article:modified_time\" content=\"2025-12-01T06:07:44+00:00\" \/>\n<meta property=\"og:image\" content=\"https:\/\/www.jinyupaint.com\/wp-content\/uploads\/2025\/10\/diy-polyurea-garage-floor-coating-high-gloss-finish.jpg\" \/>\n\t<meta property=\"og:image:width\" content=\"800\" \/>\n\t<meta property=\"og:image:height\" content=\"800\" \/>\n\t<meta property=\"og:image:type\" content=\"image\/jpeg\" \/>\n<meta name=\"twitter:card\" content=\"summary_large_image\" \/>\n<meta name=\"twitter:label1\" content=\"Tiempo de lectura\" \/>\n\t<meta name=\"twitter:data1\" content=\"3 minutos\" \/>\n<script type=\"application\/ld+json\" class=\"yoast-schema-graph\">{\"@context\":\"https:\/\/schema.org\",\"@graph\":[{\"@type\":\"WebPage\",\"@id\":\"https:\/\/www.jinyupaint.com\/product\/etch-seal-diy-clear-polyurea-garage-floor-coating-sealer-kit\",\"url\":\"https:\/\/www.jinyupaint.com\/product\/etch-seal-diy-clear-polyurea-garage-floor-coating-sealer-kit\",\"name\":\"Etch & Seal DIY Clear Polyurea Garage Floor Coating & Sealer Kit - KAIDA PAINT\u00ae\",\"isPartOf\":{\"@id\":\"https:\/\/www.jinyupaint.com\/#website\"},\"primaryImageOfPage\":{\"@id\":\"https:\/\/www.jinyupaint.com\/product\/etch-seal-diy-clear-polyurea-garage-floor-coating-sealer-kit#primaryimage\"},\"image\":{\"@id\":\"https:\/\/www.jinyupaint.com\/product\/etch-seal-diy-clear-polyurea-garage-floor-coating-sealer-kit#primaryimage\"},\"thumbnailUrl\":\"https:\/\/www.jinyupaint.com\/wp-content\/uploads\/2025\/10\/diy-polyurea-garage-floor-coating-high-gloss-finish.jpg\",\"datePublished\":\"2025-10-13T07:12:25+00:00\",\"dateModified\":\"2025-12-01T06:07:44+00:00\",\"description\":\"Transform your garage with our DIY polyurea garage floor coating kit. UV-resistant, chemical-proof, and slip-resistant. Includes etch, coating & rollers. Easy installation & pro results.\",\"breadcrumb\":{\"@id\":\"https:\/\/www.jinyupaint.com\/product\/etch-seal-diy-clear-polyurea-garage-floor-coating-sealer-kit#breadcrumb\"},\"inLanguage\":\"es\",\"potentialAction\":[{\"@type\":\"ReadAction\",\"target\":[\"https:\/\/www.jinyupaint.com\/product\/etch-seal-diy-clear-polyurea-garage-floor-coating-sealer-kit\"]}]},{\"@type\":\"ImageObject\",\"inLanguage\":\"es\",\"@id\":\"https:\/\/www.jinyupaint.com\/product\/etch-seal-diy-clear-polyurea-garage-floor-coating-sealer-kit#primaryimage\",\"url\":\"https:\/\/www.jinyupaint.com\/wp-content\/uploads\/2025\/10\/diy-polyurea-garage-floor-coating-high-gloss-finish.jpg\",\"contentUrl\":\"https:\/\/www.jinyupaint.com\/wp-content\/uploads\/2025\/10\/diy-polyurea-garage-floor-coating-high-gloss-finish.jpg\",\"width\":800,\"height\":800,\"caption\":\"High-gloss finish from Etch & Seal polyurea concrete sealer kit for garage floors\"},{\"@type\":\"BreadcrumbList\",\"@id\":\"https:\/\/www.jinyupaint.com\/product\/etch-seal-diy-clear-polyurea-garage-floor-coating-sealer-kit#breadcrumb\",\"itemListElement\":[{\"@type\":\"ListItem\",\"position\":1,\"name\":\"Home\",\"item\":\"https:\/\/www.jinyupaint.com\/\"},{\"@type\":\"ListItem\",\"position\":2,\"name\":\"Shop\",\"item\":\"https:\/\/www.jinyupaint.com\/shop.html\"},{\"@type\":\"ListItem\",\"position\":3,\"name\":\"Etch &#038; Seal DIY Clear Polyurea Garage Floor Coating &#038; Sealer Kit\"}]},{\"@type\":\"WebSite\",\"@id\":\"https:\/\/www.jinyupaint.com\/#website\",\"url\":\"https:\/\/www.jinyupaint.com\/\",\"name\":\"JINYU\u00ae PAINT\",\"description\":\"JINYU PAINT\u00ae Manufacturer\",\"potentialAction\":[{\"@type\":\"SearchAction\",\"target\":{\"@type\":\"EntryPoint\",\"urlTemplate\":\"https:\/\/www.jinyupaint.com\/?s={search_term_string}\"},\"query-input\":{\"@type\":\"PropertyValueSpecification\",\"valueRequired\":true,\"valueName\":\"search_term_string\"}}],\"inLanguage\":\"es\"}]}<\/script>\n<!-- \/ Yoast SEO Premium plugin. -->","yoast_head_json":{"title":"Kit DIY Etch &amp; Seal de revestimiento y sellado transparente de poliurea para suelos de garaje - KAIDA PAINT","description":"Transforme su garaje con nuestro kit DIY de revestimiento de poliurea para suelos de garaje. Resistente a los rayos UV, a los productos qu\u00edmicos y antideslizante. Incluye grabado, revestimiento y rodillos. F\u00e1cil instalaci\u00f3n y resultados profesionales.","robots":{"index":"index","follow":"follow","max-snippet":"max-snippet:-1","max-image-preview":"max-image-preview:large","max-video-preview":"max-video-preview:-1"},"canonical":"https:\/\/www.jinyupaint.com\/es\/producto\/etch-seal-diy-clear-polyurea-garage-floor-coating-sealer-kit\/","og_locale":"es_ES","og_type":"article","og_title":"Etch & Seal DIY Clear Polyurea Garage Floor Coating & Sealer Kit","og_description":"Transform your garage with our DIY polyurea garage floor coating kit. UV-resistant, chemical-proof, and slip-resistant. Includes etch, coating & rollers. Easy installation & pro results.","og_url":"https:\/\/www.jinyupaint.com\/es\/producto\/etch-seal-diy-clear-polyurea-garage-floor-coating-sealer-kit\/","og_site_name":"KAIDA PAINT\u00ae","article_modified_time":"2025-12-01T06:07:44+00:00","og_image":[{"width":800,"height":800,"url":"https:\/\/www.jinyupaint.com\/wp-content\/uploads\/2025\/10\/diy-polyurea-garage-floor-coating-high-gloss-finish.jpg","type":"image\/jpeg"}],"twitter_card":"summary_large_image","twitter_misc":{"Tiempo de lectura":"3 minutos"},"schema":{"@context":"https:\/\/schema.org","@graph":[{"@type":"WebPage","@id":"https:\/\/www.jinyupaint.com\/product\/etch-seal-diy-clear-polyurea-garage-floor-coating-sealer-kit","url":"https:\/\/www.jinyupaint.com\/product\/etch-seal-diy-clear-polyurea-garage-floor-coating-sealer-kit","name":"Kit DIY Etch &amp; Seal de revestimiento y sellado transparente de poliurea para suelos de garaje - KAIDA PAINT","isPartOf":{"@id":"https:\/\/www.jinyupaint.com\/#website"},"primaryImageOfPage":{"@id":"https:\/\/www.jinyupaint.com\/product\/etch-seal-diy-clear-polyurea-garage-floor-coating-sealer-kit#primaryimage"},"image":{"@id":"https:\/\/www.jinyupaint.com\/product\/etch-seal-diy-clear-polyurea-garage-floor-coating-sealer-kit#primaryimage"},"thumbnailUrl":"https:\/\/www.jinyupaint.com\/wp-content\/uploads\/2025\/10\/diy-polyurea-garage-floor-coating-high-gloss-finish.jpg","datePublished":"2025-10-13T07:12:25+00:00","dateModified":"2025-12-01T06:07:44+00:00","description":"Transforme su garaje con nuestro kit DIY de revestimiento de poliurea para suelos de garaje. Resistente a los rayos UV, a los productos qu\u00edmicos y antideslizante. Incluye grabado, revestimiento y rodillos. F\u00e1cil instalaci\u00f3n y resultados profesionales.","breadcrumb":{"@id":"https:\/\/www.jinyupaint.com\/product\/etch-seal-diy-clear-polyurea-garage-floor-coating-sealer-kit#breadcrumb"},"inLanguage":"es","potentialAction":[{"@type":"ReadAction","target":["https:\/\/www.jinyupaint.com\/product\/etch-seal-diy-clear-polyurea-garage-floor-coating-sealer-kit"]}]},{"@type":"ImageObject","inLanguage":"es","@id":"https:\/\/www.jinyupaint.com\/product\/etch-seal-diy-clear-polyurea-garage-floor-coating-sealer-kit#primaryimage","url":"https:\/\/www.jinyupaint.com\/wp-content\/uploads\/2025\/10\/diy-polyurea-garage-floor-coating-high-gloss-finish.jpg","contentUrl":"https:\/\/www.jinyupaint.com\/wp-content\/uploads\/2025\/10\/diy-polyurea-garage-floor-coating-high-gloss-finish.jpg","width":800,"height":800,"caption":"High-gloss finish from Etch & Seal polyurea concrete sealer kit for garage floors"},{"@type":"BreadcrumbList","@id":"https:\/\/www.jinyupaint.com\/product\/etch-seal-diy-clear-polyurea-garage-floor-coating-sealer-kit#breadcrumb","itemListElement":[{"@type":"ListItem","position":1,"name":"Home","item":"https:\/\/www.jinyupaint.com\/"},{"@type":"ListItem","position":2,"name":"Shop","item":"https:\/\/www.jinyupaint.com\/shop.html"},{"@type":"ListItem","position":3,"name":"Etch &#038; Seal DIY Clear Polyurea Garage Floor Coating &#038; Sealer Kit"}]},{"@type":"WebSite","@id":"https:\/\/www.jinyupaint.com\/#website","url":"https:\/\/www.jinyupaint.com\/","name":"JINYU\u00ae PINTURA","description":"JINYU PAINT\u00ae Fabricante","potentialAction":[{"@type":"SearchAction","target":{"@type":"EntryPoint","urlTemplate":"https:\/\/www.jinyupaint.com\/?s={search_term_string}"},"query-input":{"@type":"PropertyValueSpecification","valueRequired":true,"valueName":"search_term_string"}}],"inLanguage":"es"}]}},"_links":{"self":[{"href":"https:\/\/www.jinyupaint.com\/es\/wp-json\/wp\/v2\/product\/6076","targetHints":{"allow":["GET"]}}],"collection":[{"href":"https:\/\/www.jinyupaint.com\/es\/wp-json\/wp\/v2\/product"}],"about":[{"href":"https:\/\/www.jinyupaint.com\/es\/wp-json\/wp\/v2\/types\/product"}],"wp:featuredmedia":[{"embeddable":true,"href":"https:\/\/www.jinyupaint.com\/es\/wp-json\/wp\/v2\/media\/6078"}],"wp:attachment":[{"href":"https:\/\/www.jinyupaint.com\/es\/wp-json\/wp\/v2\/media?parent=6076"}],"wp:term":[{"taxonomy":"product_brand","embeddable":true,"href":"https:\/\/www.jinyupaint.com\/es\/wp-json\/wp\/v2\/product_brand?post=6076"},{"taxonomy":"product_cat","embeddable":true,"href":"https:\/\/www.jinyupaint.com\/es\/wp-json\/wp\/v2\/product_cat?post=6076"},{"taxonomy":"product_tag","embeddable":true,"href":"https:\/\/www.jinyupaint.com\/es\/wp-json\/wp\/v2\/product_tag?post=6076"}],"curies":[{"name":"wp","href":"https:\/\/api.w.org\/{rel}","templated":true}]}}