{"id":6067,"date":"2025-10-13T05:34:13","date_gmt":"2025-10-13T05:34:13","guid":{"rendered":"https:\/\/www.jinyupaint.com\/?post_type=product&#038;p=6067"},"modified":"2025-12-01T06:15:17","modified_gmt":"2025-12-01T06:15:17","slug":"polyurea-lite-residential-diy-garage-floor-coating-kit","status":"publish","type":"product","link":"https:\/\/www.jinyupaint.com\/es\/producto\/polyurea-lite-residential-diy-garage-floor-coating-kit","title":{"rendered":"Kit de revestimiento para suelos de garajes Polyurea Lite Residential DIY"},"content":{"rendered":"<h2 class=\"ds-markdown-paragraph\"><strong>Descripci\u00f3n del producto:<\/strong><\/h2>\n<p class=\"ds-markdown-paragraph\"><strong>Transforme su garaje con nuestro revestimiento de poliurea Lite de calidad profesional<\/strong><\/p>\n<p class=\"ds-markdown-paragraph\">\u00bfCansado de ver suelos de hormig\u00f3n manchados, agrietados o apagados? Nuestro Kit de Revestimiento de Suelos de Garaje Polyurea Lite ofrece un acabado rentable, duradero e incre\u00edblemente brillante dise\u00f1ado espec\u00edficamente para uso residencial. Ya sea que est\u00e9 lidiando con derrames de aceite, manchas qu\u00edmicas, o simplemente quiere un garaje que se vea tan bien como el interior de su casa, este kit proporciona una superficie resistente y estable a los rayos UV que resiste el desgaste diario, todo a una fracci\u00f3n del costo de los sistemas de grado industrial.<\/p>\n<blockquote>\n<p class=\"ds-markdown-paragraph\">\ud83d\udee0\ufe0f\u00a0<strong>Ideal para:<\/strong>\u00a0Propietarios de viviendas, aficionados al bricolaje y cualquiera que busque un revestimiento para suelos de garaje de alto rendimiento, f\u00e1cil de aplicar y duradero.<\/p>\n<\/blockquote>\n<h2 class=\"ds-markdown-paragraph\"><strong>\u00bfPor qu\u00e9 elegir nuestro revestimiento para suelos de garaje Polyurea Lite?<\/strong><\/h2>\n<ul>\n<li><strong>Durabilidad excepcional:<\/strong> Resistente a los productos qu\u00edmicos, la abrasi\u00f3n y los impactos: perfecto para entornos de garaje.<\/li>\n<li><strong>Acabado de alto brillo estable a los rayos UV:<\/strong> Conserva su brillo y color, incluso bajo la luz solar directa.<\/li>\n<li><strong>F\u00e1cil aplicaci\u00f3n DIY<\/strong>: Incluye todo lo necesario para un resultado de aspecto profesional.<\/li>\n<li><strong>Tiempo de curado r\u00e1pido<\/strong>: Vuelva a su garaje m\u00e1s r\u00e1pido en comparaci\u00f3n con el epoxi tradicional.<\/li>\n<li><strong>Aspecto personalizable<\/strong>: Elige entre m\u00faltiples colores y mezclas de escamas para combinar con tu estilo.<\/li>\n<\/ul>\n<h2 class=\"ds-markdown-paragraph\"><strong>Principales caracter\u00edsticas y ventajas<\/strong><\/h2>\n<p class=\"ds-markdown-paragraph\">\u2705\u00a0<strong>Resistencia qu\u00edmica y a las manchas<\/strong><br \/>\nLos derrames ocurren. Con nuestro revestimiento de poliurea, la gasolina, el aceite y los productos qu\u00edmicos dom\u00e9sticos se limpian sin da\u00f1ar la superficie.<\/p>\n<p style=\"margin-bottom: 0px;\">\u2705\u00a0<strong>Opciones de grosor para cada necesidad<\/strong><\/p>\n<ul>\n<li><strong>S\u00f3lo poliurea Lite<\/strong>Espesor de 7-8 mil, ideal para hormig\u00f3n nuevo o no poroso.<\/li>\n<li><strong>Poliurea Lite + Base Epoxi<\/strong>Recomendado para suelos antiguos, porosos o reci\u00e9n pulidos. Tambi\u00e9n se requiere para colores que no sean gris o claro<\/li>\n<\/ul>\n<p class=\"ds-markdown-paragraph\">\u2705\u00a0<strong>Antideslizante y seguro<\/strong><br \/>\nIncluye\u00a0<strong>Aditivo antideslizante de al\u00famina tabular<\/strong>\u00a0para mayor seguridad, incluso cuando el suelo est\u00e1 mojado.<\/p>\n<p class=\"ds-markdown-paragraph\">\u2705\u00a0<strong>Kit completo<\/strong><br \/>\nSin conjeturas. Cada kit incluye:<\/p>\n<ul>\n<li>Capa base epoxi transparente de 2 componentes (si se ha seleccionado)<\/li>\n<li>Capa base de poliurea coloreada<\/li>\n<li>Capa superior de poliurea transparente<\/li>\n<li>Aditivo antideslizante<\/li>\n<li>Copos de pol\u00edmero (para personalizar)<\/li>\n<li>Cubiertas de rodillo de 9<\/li>\n<\/ul>\n<h2 class=\"ds-markdown-paragraph\"><strong>Especificaciones t\u00e9cnicas<\/strong><\/h2>\n<div class=\"ds-scroll-area _1210dd7\">\n<table>\n<thead>\n<tr>\n<th>Caracter\u00edstica<\/th>\n<th>Detalles<\/th>\n<\/tr>\n<\/thead>\n<tbody>\n<tr>\n<td><strong>Cobertura<\/strong><\/td>\n<td>300, 600, 900 o 1200 pies cuadrados.<\/td>\n<\/tr>\n<tr>\n<td><strong>Espesor<\/strong><\/td>\n<td>7-8 mil (Lite) \/ 9-11 mil (Lite + Base)<\/td>\n<\/tr>\n<tr>\n<td><strong>Colores base<\/strong><\/td>\n<td>Gris, gris claro, tostado, negro, azul, blanco, transparente<\/td>\n<\/tr>\n<tr>\n<td><strong>Mezclas de copos<\/strong><\/td>\n<td>B-310, B-411, B-421, B-602, B-605 o Sin escamas<\/td>\n<\/tr>\n<tr>\n<td><strong>Tiempo de curado<\/strong><\/td>\n<td>Uso a pie en 4-6 horas, uso ligero en 24 horas<\/td>\n<\/tr>\n<\/tbody>\n<\/table>\n<\/div>\n<h2 class=\"ds-markdown-paragraph\"><strong>\u00bfQu\u00e9 incluye el kit?<\/strong><\/h2>\n<ul>\n<li>\n<p class=\"ds-markdown-paragraph\">\u2705 Capa base de poliurea coloreada (1 gal\u00f3n por 300 pies cuadrados).<\/p>\n<\/li>\n<li>\n<p class=\"ds-markdown-paragraph\">\u2705 Capa superior de poliurea transparente (1 gal\u00f3n por 300 pies cuadrados).<\/p>\n<\/li>\n<li>\n<p class=\"ds-markdown-paragraph\">Capa base epoxi transparente de 2 componentes (solo kits de base epoxi)<\/p>\n<\/li>\n<li>\n<p class=\"ds-markdown-paragraph\">\u2705 Aditivo antideslizante de al\u00famina tabular<\/p>\n<\/li>\n<li>\n<p class=\"ds-markdown-paragraph\">\u2705 Copos de pol\u00edmero para personalizaci\u00f3n<\/p>\n<\/li>\n<li>\n<p class=\"ds-markdown-paragraph\">Cubiertas de rodillo de 9\u2033 (300-400 pies cuadrados por rodillo)<\/p>\n<\/li>\n<\/ul>\n<h2 class=\"ds-markdown-paragraph\"><strong>Lo que a\u00fan necesita<\/strong><\/h2>\n<p style=\"margin-bottom: 0px;\"><strong><em>Necesario para la instalaci\u00f3n:<\/em><\/strong><\/p>\n<ul>\n<li>Materiales de preparaci\u00f3n (grabado o esmerilado, no ambos)<\/li>\n<li>Varillas mezcladoras<\/li>\n<li>Bandejas de pintura<\/li>\n<li>Bastidores de rodillos de 9<\/li>\n<li>Mascarillas de respiraci\u00f3n para pintura aprobadas por NIOSH<\/li>\n<li>Cinta de pintor (retirar mientras est\u00e9 h\u00fameda)<\/li>\n<\/ul>\n<p style=\"margin-bottom: 0px;\"><strong><em>Muy recomendable:<\/em><\/strong><\/p>\n<ul>\n<li>Guantes y ropa vieja<\/li>\n<li>Cubrezapatos<\/li>\n<li>Xileno o alcoholes minerales (para limpiar)<\/li>\n<\/ul>\n<h2 class=\"ds-markdown-paragraph\"><strong>\u00bfPara qui\u00e9n es este kit?<\/strong><\/h2>\n<ul>\n<li>Propietarios que buscan un revestimiento profesional para el suelo del garaje sin tener que pagar el precio de un profesional.<\/li>\n<li>Cualquiera que busque \"coste del revestimiento del suelo del garaje con poliurea\" o \"suelo del garaje con poliurea diy\".<\/li>\n<li>Aquellos que desean un suelo duradero, resistente a los productos qu\u00edmicos y est\u00e9ticamente agradable.<\/li>\n<\/ul>\n<h2 class=\"ds-markdown-paragraph\"><strong>Notas importantes sobre la instalaci\u00f3n<\/strong><\/h2>\n<p class=\"ds-markdown-paragraph\">\u26a0\ufe0f\u00a0<strong>No utilice poliurea est\u00e1ndar Instrucciones<\/strong><br \/>\nEste kit tiene diferentes \u00edndices de dispersi\u00f3n. El uso de las instrucciones est\u00e1ndar puede hacer que se quede corto.<\/p>\n<p style=\"margin-bottom: 0px;\">\u26a0\ufe0f\u00a0<strong>Base epoxi recomendada para:<\/strong><\/p>\n<ul>\n<li>Hormig\u00f3n poroso o antiguo<\/li>\n<li>Si selecciona colores distintos del gris\/gris claro<\/li>\n<li>Si ha molido su suelo<\/li>\n<\/ul>\n<h2 class=\"ds-markdown-paragraph\"><strong>\u00bfPiensa en el coste?<\/strong><\/h2>\n<p class=\"ds-markdown-paragraph\">Nuestro Kit de Poliurea Lite ofrece un rendimiento similar a los recubrimientos de poliurea poliasp\u00e1rtica de primera calidad a un precio m\u00e1s asequible, lo que lo convierte en el mejor recubrimiento de poliurea para suelos de garajes para los aficionados al bricolaje que desean calidad sin gastar de m\u00e1s.<\/p>","protected":false},"excerpt":{"rendered":"<p>Transforme su garaje con nuestro kit de revestimiento Polyurea Lite DIY, una soluci\u00f3n rentable y de calidad profesional para los propietarios de viviendas. Este kit proporciona un acabado duradero, de alto brillo y resistente a los productos qu\u00edmicos que soporta el desgaste diario. Con colores personalizables y mezclas de escamas, es la manera perfecta de conseguir un suelo de garaje impresionante y duradero sin tener que pagar el precio de un profesional.<\/p>\n<h2><strong>Precio y valor<\/strong><\/h2>\n<p class=\"ds-markdown-paragraph\"><strong>$429.99 - $2.202.99<\/strong>\u00a0(dependiendo de la cobertura y las opciones)<\/p>\n<h2 class=\"ds-markdown-paragraph\"><strong>\u00bfPreparado para modernizar su garaje?<\/strong><\/h2>\n<p class=\"ds-markdown-paragraph\">Seleccione a continuaci\u00f3n las opciones que prefiera y\u00a0<strong>contacte con nosotros para precios exactos<\/strong>\u00a0y orientaci\u00f3n experta sobre su proyecto.<\/p>\n<p class=\"ds-markdown-paragraph\">\u27a1\ufe0f\u00a0<strong>Estilo:<\/strong>\u00a0Kit Polyurea Lite o Kit Polyurea Lite + Base Epoxy<br \/>\n\u27a1\ufe0f\u00a0<strong>Cobertura:<\/strong>\u00a0300 \/ 600 \/ 900 \/ 1200 m\u00b2.<br \/>\n\u27a1\ufe0f\u00a0<strong>Color base:<\/strong>\u00a0Gris, gris claro, tostado, negro, azul, blanco, transparente<br \/>\n\u27a1\ufe0f\u00a0<strong>Mezcla de copos:<\/strong>\u00a0B-310, B-411, B-421, B-602, B-605 o Sin escamas<\/p>","protected":false},"featured_media":6069,"template":"","meta":{"om_disable_all_campaigns":false,"_monsterinsights_skip_tracking":false,"_monsterinsights_sitenote_active":false,"_monsterinsights_sitenote_note":"","_monsterinsights_sitenote_category":0,"_uf_show_specific_survey":0,"_uf_disable_surveys":false},"product_brand":[],"product_cat":[128,724],"product_tag":[747,732,745,746,733,731,725],"class_list":{"0":"post-6067","1":"product","2":"type-product","3":"status-publish","4":"has-post-thumbnail","6":"product_cat-flooring-system","7":"product_cat-garage-floor-coating","8":"product_tag-best-garage-floor-coating-polyurea","9":"product_tag-diy-polyurea-garage-floor","10":"product_tag-garage-floor-polyurea","11":"product_tag-polyaspartic-polyurea-coating","12":"product_tag-polyurea-concrete-coating","13":"product_tag-polyurea-floor-coating-cost","14":"product_tag-polyurea-garage-floor-coating","16":"first","17":"instock","18":"shipping-taxable","19":"product-type-simple"},"yoast_head":"<!-- This site is optimized with the Yoast SEO Premium plugin v26.2 (Yoast SEO v26.5) - https:\/\/yoast.com\/wordpress\/plugins\/seo\/ -->\n<title>Polyurea Lite Residential DIY Garage Floor Coating Kit - KAIDA PAINT\u00ae<\/title>\n<meta name=\"description\" content=\"Transform your garage with our DIY Polyurea Garage Floor Coating Kit. Get a durable, chemical-resistant, high-gloss finish. Affordable, DIY-friendly, and built to last. Get your custom quote today!\" \/>\n<meta name=\"robots\" content=\"index, follow, max-snippet:-1, max-image-preview:large, max-video-preview:-1\" \/>\n<link rel=\"canonical\" href=\"https:\/\/www.jinyupaint.com\/es\/producto\/polyurea-lite-residential-diy-garage-floor-coating-kit\/\" \/>\n<meta property=\"og:locale\" content=\"es_ES\" \/>\n<meta property=\"og:type\" content=\"article\" \/>\n<meta property=\"og:title\" content=\"Polyurea Lite Residential DIY Garage Floor Coating Kit\" \/>\n<meta property=\"og:description\" content=\"Transform your garage with our DIY Polyurea Garage Floor Coating Kit. Get a durable, chemical-resistant, high-gloss finish. Affordable, DIY-friendly, and built to last. Get your custom quote today!\" \/>\n<meta property=\"og:url\" content=\"https:\/\/www.jinyupaint.com\/es\/producto\/polyurea-lite-residential-diy-garage-floor-coating-kit\/\" \/>\n<meta property=\"og:site_name\" content=\"KAIDA PAINT\u00ae\" \/>\n<meta property=\"article:modified_time\" content=\"2025-12-01T06:15:17+00:00\" \/>\n<meta property=\"og:image\" content=\"https:\/\/www.jinyupaint.com\/wp-content\/uploads\/2025\/10\/polyurea-garage-floor-coating-finished-result.jpg\" \/>\n\t<meta property=\"og:image:width\" content=\"800\" \/>\n\t<meta property=\"og:image:height\" content=\"800\" \/>\n\t<meta property=\"og:image:type\" content=\"image\/jpeg\" \/>\n<meta name=\"twitter:card\" content=\"summary_large_image\" \/>\n<meta name=\"twitter:label1\" content=\"Tiempo de lectura\" \/>\n\t<meta name=\"twitter:data1\" content=\"3 minutos\" \/>\n<script type=\"application\/ld+json\" class=\"yoast-schema-graph\">{\"@context\":\"https:\/\/schema.org\",\"@graph\":[{\"@type\":\"WebPage\",\"@id\":\"https:\/\/www.jinyupaint.com\/product\/polyurea-lite-residential-diy-garage-floor-coating-kit\",\"url\":\"https:\/\/www.jinyupaint.com\/product\/polyurea-lite-residential-diy-garage-floor-coating-kit\",\"name\":\"Polyurea Lite Residential DIY Garage Floor Coating Kit - KAIDA PAINT\u00ae\",\"isPartOf\":{\"@id\":\"https:\/\/www.jinyupaint.com\/#website\"},\"primaryImageOfPage\":{\"@id\":\"https:\/\/www.jinyupaint.com\/product\/polyurea-lite-residential-diy-garage-floor-coating-kit#primaryimage\"},\"image\":{\"@id\":\"https:\/\/www.jinyupaint.com\/product\/polyurea-lite-residential-diy-garage-floor-coating-kit#primaryimage\"},\"thumbnailUrl\":\"https:\/\/www.jinyupaint.com\/wp-content\/uploads\/2025\/10\/polyurea-garage-floor-coating-finished-result.jpg\",\"datePublished\":\"2025-10-13T05:34:13+00:00\",\"dateModified\":\"2025-12-01T06:15:17+00:00\",\"description\":\"Transform your garage with our DIY Polyurea Garage Floor Coating Kit. Get a durable, chemical-resistant, high-gloss finish. Affordable, DIY-friendly, and built to last. Get your custom quote today!\",\"breadcrumb\":{\"@id\":\"https:\/\/www.jinyupaint.com\/product\/polyurea-lite-residential-diy-garage-floor-coating-kit#breadcrumb\"},\"inLanguage\":\"es\",\"potentialAction\":[{\"@type\":\"ReadAction\",\"target\":[\"https:\/\/www.jinyupaint.com\/product\/polyurea-lite-residential-diy-garage-floor-coating-kit\"]}]},{\"@type\":\"ImageObject\",\"inLanguage\":\"es\",\"@id\":\"https:\/\/www.jinyupaint.com\/product\/polyurea-lite-residential-diy-garage-floor-coating-kit#primaryimage\",\"url\":\"https:\/\/www.jinyupaint.com\/wp-content\/uploads\/2025\/10\/polyurea-garage-floor-coating-finished-result.jpg\",\"contentUrl\":\"https:\/\/www.jinyupaint.com\/wp-content\/uploads\/2025\/10\/polyurea-garage-floor-coating-finished-result.jpg\",\"width\":800,\"height\":800,\"caption\":\"A beautifully finished polyurea garage floor coating showing a high-gloss, seamless gray surface.\"},{\"@type\":\"BreadcrumbList\",\"@id\":\"https:\/\/www.jinyupaint.com\/product\/polyurea-lite-residential-diy-garage-floor-coating-kit#breadcrumb\",\"itemListElement\":[{\"@type\":\"ListItem\",\"position\":1,\"name\":\"Home\",\"item\":\"https:\/\/www.jinyupaint.com\/\"},{\"@type\":\"ListItem\",\"position\":2,\"name\":\"Shop\",\"item\":\"https:\/\/www.jinyupaint.com\/shop.html\"},{\"@type\":\"ListItem\",\"position\":3,\"name\":\"Polyurea Lite Residential DIY Garage Floor Coating Kit\"}]},{\"@type\":\"WebSite\",\"@id\":\"https:\/\/www.jinyupaint.com\/#website\",\"url\":\"https:\/\/www.jinyupaint.com\/\",\"name\":\"JINYU\u00ae PAINT\",\"description\":\"JINYU PAINT\u00ae Manufacturer\",\"potentialAction\":[{\"@type\":\"SearchAction\",\"target\":{\"@type\":\"EntryPoint\",\"urlTemplate\":\"https:\/\/www.jinyupaint.com\/?s={search_term_string}\"},\"query-input\":{\"@type\":\"PropertyValueSpecification\",\"valueRequired\":true,\"valueName\":\"search_term_string\"}}],\"inLanguage\":\"es\"}]}<\/script>\n<!-- \/ Yoast SEO Premium plugin. -->","yoast_head_json":{"title":"Kit de Revestimiento de Suelos de Garaje Residencial Polyurea Lite - KAIDA PAINT","description":"Transforme su garaje con nuestro Kit de Revestimiento de Suelo de Garaje DIY Polyurea. Consiga un acabado duradero, resistente a los productos qu\u00edmicos y de alto brillo. Asequible, f\u00e1cil de hacer y hecho para durar. Obtenga su presupuesto personalizado hoy mismo.","robots":{"index":"index","follow":"follow","max-snippet":"max-snippet:-1","max-image-preview":"max-image-preview:large","max-video-preview":"max-video-preview:-1"},"canonical":"https:\/\/www.jinyupaint.com\/es\/producto\/polyurea-lite-residential-diy-garage-floor-coating-kit\/","og_locale":"es_ES","og_type":"article","og_title":"Polyurea Lite Residential DIY Garage Floor Coating Kit","og_description":"Transform your garage with our DIY Polyurea Garage Floor Coating Kit. Get a durable, chemical-resistant, high-gloss finish. Affordable, DIY-friendly, and built to last. Get your custom quote today!","og_url":"https:\/\/www.jinyupaint.com\/es\/producto\/polyurea-lite-residential-diy-garage-floor-coating-kit\/","og_site_name":"KAIDA PAINT\u00ae","article_modified_time":"2025-12-01T06:15:17+00:00","og_image":[{"width":800,"height":800,"url":"https:\/\/www.jinyupaint.com\/wp-content\/uploads\/2025\/10\/polyurea-garage-floor-coating-finished-result.jpg","type":"image\/jpeg"}],"twitter_card":"summary_large_image","twitter_misc":{"Tiempo de lectura":"3 minutos"},"schema":{"@context":"https:\/\/schema.org","@graph":[{"@type":"WebPage","@id":"https:\/\/www.jinyupaint.com\/product\/polyurea-lite-residential-diy-garage-floor-coating-kit","url":"https:\/\/www.jinyupaint.com\/product\/polyurea-lite-residential-diy-garage-floor-coating-kit","name":"Kit de Revestimiento de Suelos de Garaje Residencial Polyurea Lite - KAIDA PAINT","isPartOf":{"@id":"https:\/\/www.jinyupaint.com\/#website"},"primaryImageOfPage":{"@id":"https:\/\/www.jinyupaint.com\/product\/polyurea-lite-residential-diy-garage-floor-coating-kit#primaryimage"},"image":{"@id":"https:\/\/www.jinyupaint.com\/product\/polyurea-lite-residential-diy-garage-floor-coating-kit#primaryimage"},"thumbnailUrl":"https:\/\/www.jinyupaint.com\/wp-content\/uploads\/2025\/10\/polyurea-garage-floor-coating-finished-result.jpg","datePublished":"2025-10-13T05:34:13+00:00","dateModified":"2025-12-01T06:15:17+00:00","description":"Transforme su garaje con nuestro Kit de Revestimiento de Suelo de Garaje DIY Polyurea. Consiga un acabado duradero, resistente a los productos qu\u00edmicos y de alto brillo. Asequible, f\u00e1cil de hacer y hecho para durar. Obtenga su presupuesto personalizado hoy mismo.","breadcrumb":{"@id":"https:\/\/www.jinyupaint.com\/product\/polyurea-lite-residential-diy-garage-floor-coating-kit#breadcrumb"},"inLanguage":"es","potentialAction":[{"@type":"ReadAction","target":["https:\/\/www.jinyupaint.com\/product\/polyurea-lite-residential-diy-garage-floor-coating-kit"]}]},{"@type":"ImageObject","inLanguage":"es","@id":"https:\/\/www.jinyupaint.com\/product\/polyurea-lite-residential-diy-garage-floor-coating-kit#primaryimage","url":"https:\/\/www.jinyupaint.com\/wp-content\/uploads\/2025\/10\/polyurea-garage-floor-coating-finished-result.jpg","contentUrl":"https:\/\/www.jinyupaint.com\/wp-content\/uploads\/2025\/10\/polyurea-garage-floor-coating-finished-result.jpg","width":800,"height":800,"caption":"A beautifully finished polyurea garage floor coating showing a high-gloss, seamless gray surface."},{"@type":"BreadcrumbList","@id":"https:\/\/www.jinyupaint.com\/product\/polyurea-lite-residential-diy-garage-floor-coating-kit#breadcrumb","itemListElement":[{"@type":"ListItem","position":1,"name":"Home","item":"https:\/\/www.jinyupaint.com\/"},{"@type":"ListItem","position":2,"name":"Shop","item":"https:\/\/www.jinyupaint.com\/shop.html"},{"@type":"ListItem","position":3,"name":"Polyurea Lite Residential DIY Garage Floor Coating Kit"}]},{"@type":"WebSite","@id":"https:\/\/www.jinyupaint.com\/#website","url":"https:\/\/www.jinyupaint.com\/","name":"JINYU\u00ae PINTURA","description":"JINYU PAINT\u00ae Fabricante","potentialAction":[{"@type":"SearchAction","target":{"@type":"EntryPoint","urlTemplate":"https:\/\/www.jinyupaint.com\/?s={search_term_string}"},"query-input":{"@type":"PropertyValueSpecification","valueRequired":true,"valueName":"search_term_string"}}],"inLanguage":"es"}]}},"_links":{"self":[{"href":"https:\/\/www.jinyupaint.com\/es\/wp-json\/wp\/v2\/product\/6067","targetHints":{"allow":["GET"]}}],"collection":[{"href":"https:\/\/www.jinyupaint.com\/es\/wp-json\/wp\/v2\/product"}],"about":[{"href":"https:\/\/www.jinyupaint.com\/es\/wp-json\/wp\/v2\/types\/product"}],"wp:featuredmedia":[{"embeddable":true,"href":"https:\/\/www.jinyupaint.com\/es\/wp-json\/wp\/v2\/media\/6069"}],"wp:attachment":[{"href":"https:\/\/www.jinyupaint.com\/es\/wp-json\/wp\/v2\/media?parent=6067"}],"wp:term":[{"taxonomy":"product_brand","embeddable":true,"href":"https:\/\/www.jinyupaint.com\/es\/wp-json\/wp\/v2\/product_brand?post=6067"},{"taxonomy":"product_cat","embeddable":true,"href":"https:\/\/www.jinyupaint.com\/es\/wp-json\/wp\/v2\/product_cat?post=6067"},{"taxonomy":"product_tag","embeddable":true,"href":"https:\/\/www.jinyupaint.com\/es\/wp-json\/wp\/v2\/product_tag?post=6067"}],"curies":[{"name":"wp","href":"https:\/\/api.w.org\/{rel}","templated":true}]}}