{"id":6060,"date":"2025-10-11T07:27:15","date_gmt":"2025-10-11T07:27:15","guid":{"rendered":"https:\/\/www.jinyupaint.com\/?post_type=product&#038;p=6060"},"modified":"2025-12-01T06:18:47","modified_gmt":"2025-12-01T06:18:47","slug":"polyurea-2-coat-garage-floor-coating-kits","status":"publish","type":"product","link":"https:\/\/www.jinyupaint.com\/es\/producto\/polyurea-2-coat-garage-floor-coating-kits","title":{"rendered":"Kits de revestimiento de 2 capas de poliurea para suelos de garajes"},"content":{"rendered":"<h2 class=\"ds-markdown-paragraph\"><strong>\u00a0El sistema de poliurea de 2 capas<\/strong><\/h2>\n<p class=\"ds-markdown-paragraph\">Nuestro sistema de poliurea de 2 capas ofrece un rendimiento de nivel profesional para garajes residenciales y espacios comerciales ligeros. Aunque es m\u00e1s fino que los revestimientos epoxi tradicionales, ofrece la misma durabilidad con una estabilidad UV mejorada que no amarillea ni se decolora con el tiempo.<\/p>\n<p class=\"ds-markdown-paragraph\">Lo que hace que este sistema sea realmente excepcional es su f\u00e1cil aplicaci\u00f3n. Olv\u00eddese de pagar entre 2 y 3 veces el coste del material por una instalaci\u00f3n profesional: nuestra formulaci\u00f3n permite que incluso los usuarios noveles consigan resultados impecables. El secreto reside en nuestra avanzada qu\u00edmica h\u00edbrida que combina las mejores propiedades de la poliurea, el poliasp\u00e1rtico y los uretanos curados por la humedad.<\/p>\n<h2 class=\"ds-markdown-paragraph\"><strong>La elecci\u00f3n m\u00e1s inteligente en protecci\u00f3n de suelos de garaje<\/strong><\/h2>\n<p class=\"ds-markdown-paragraph\">\u00bfPor qu\u00e9 conformarse con sistemas epoxi obsoletos que requieren capas de acabado de uretano adicionales para su protecci\u00f3n? Nuestra innovadora formulaci\u00f3n incorpora una protecci\u00f3n integral directamente en el propio sistema. Experimente el equilibrio perfecto de:<\/p>\n<ul>\n<li>Resistencia qu\u00edmica inigualable<\/li>\n<li>Tiempo de trabajo pr\u00e1cticamente ilimitado<\/li>\n<li>Resultados profesionales sin marcas de rodillo<\/li>\n<li>Mantenimiento m\u00ednimo a largo plazo<\/li>\n<\/ul>\n<p class=\"ds-markdown-paragraph\">\u00bfEl resultado? Un suelo incre\u00edblemente duradero, resistente a los productos qu\u00edmicos y sorprendentemente f\u00e1cil de instalar. Aunque la preparaci\u00f3n adecuada del suelo sigue siendo esencial, el proceso de aplicaci\u00f3n en s\u00ed es sencillo e indulgente. Transforme su espacio con confianza, sabiendo que ha elegido un sistema de revestimiento que supera a las opciones convencionales donde m\u00e1s importa.<\/p>\n<h2><strong>\u00bfPor qu\u00e9 elegir nuestro revestimiento de poliurea para suelos de garajes?<\/strong><\/h2>\n<p class=\"ds-markdown-paragraph\">Transforme su garaje con un suelo brillante y duradero que resista a los productos qu\u00edmicos, los rayos UV y el tr\u00e1fico intenso. Nuestro sistema de poliurea de 2 capas es\u00a0<strong>33% m\u00e1s grueso<\/strong>\u00a0que los productos de la competencia, garantizando un color m\u00e1s intenso, un brillo superior y un rendimiento duradero, todo ello a una fracci\u00f3n de los costes de instalaci\u00f3n profesionales.<\/p>\n<p class=\"ds-markdown-paragraph\">\u2705\u00a0<strong>Estable a los rayos UV y de alto brillo<\/strong>\u00a0- No amarillea, nunca.<br \/>\n\u2705\u00a0<strong>10-12 mil Espesor total<\/strong>\u00a0- Fabricado para resistir astillas, manchas y abrasi\u00f3n.<br \/>\n\u2705\u00a0<strong>DIY-Friendly<\/strong>\u00a0- Sin marcas de rodillo, vida \u00fatil ilimitada.<br \/>\n\u2705\u00a0<strong>Incluye escamas y antideslizante<\/strong>\u00a0- Aspecto personalizable con mayor seguridad.<\/p>\n<h2><strong>Opciones y precios de los kits<\/strong><\/h2>\n<p class=\"ds-markdown-paragraph\">Desde peque\u00f1os garajes hasta grandes espacios de trabajo, tenemos un kit para cada proyecto:<\/p>\n<div class=\"ds-scroll-area _1210dd7\">\n<div class=\"ds-scroll-area__gutters\">\n<div class=\"ds-scroll-area__vertical-gutter\"><\/div>\n<\/div>\n<table>\n<thead>\n<tr>\n<th><strong>Cobertura<\/strong><\/th>\n<th><strong>Colores base<\/strong><\/th>\n<th><strong>Mezclas de copos (1\/4\u2033)<\/strong><\/th>\n<\/tr>\n<\/thead>\n<tbody>\n<tr>\n<td>100 pies cuadrados.<\/td>\n<td>Gris claro, gris, tostado, transparente<\/td>\n<td>B-310, B-411, B-421, B-602, B-605<\/td>\n<\/tr>\n<tr>\n<td>250 pies cuadrados.<\/td>\n<td>Gris claro, gris, tostado, transparente<\/td>\n<td>No Flake ($20 Descuento)<\/td>\n<\/tr>\n<tr>\n<td>500 pies cuadrados.<\/td>\n<td>Gris claro, gris, tostado, transparente<\/td>\n<td>Otros (Cont\u00e1ctenos)<\/td>\n<\/tr>\n<tr>\n<td>750 pies cuadrados.<\/td>\n<td>Gris claro, gris, tostado, transparente<\/td>\n<td><\/td>\n<\/tr>\n<tr>\n<td>1.000 pies cuadrados.<\/td>\n<td>Gris claro, gris, tostado, transparente<\/td>\n<td><\/td>\n<\/tr>\n<\/tbody>\n<\/table>\n<\/div>\n<p class=\"ds-markdown-paragraph\"><strong>Gama de precios:<\/strong>\u00a0$228.99 - $1.814.99<\/p>\n<h2><strong>\u00bfQu\u00e9 incluye el kit?<\/strong><\/h2>\n<ul>\n<li>\n<p class=\"ds-markdown-paragraph\"><strong>Revestimiento de poliurea:<\/strong>\u00a01 gal\u00f3n por 200 pies cuadrados por capa (por ejemplo, kit de 500 pies cuadrados = 5 galones en total).<\/p>\n<\/li>\n<li>\n<p class=\"ds-markdown-paragraph\"><strong>Copos:<\/strong>\u00a01 libra por 100 pies cuadrados para un acabado moteado cl\u00e1sico.<\/p>\n<\/li>\n<li>\n<p class=\"ds-markdown-paragraph\"><strong>Cubiertas de rodillos:<\/strong>\u00a0Rodillos de 9\u201d (200-300 pies cuadrados de cobertura cada uno).<\/p>\n<\/li>\n<li>\n<p class=\"ds-markdown-paragraph\"><strong>Aditivo antideslizante:<\/strong>\u00a0Mezclar con la capa de acabado para aumentar la resistencia al deslizamiento.<\/p>\n<\/li>\n<\/ul>\n<p class=\"ds-markdown-paragraph\"><strong>Qu\u00e9 necesitar\u00e1s suministrar:<\/strong><\/p>\n<ul>\n<li>\n<p class=\"ds-markdown-paragraph\">Materiales de preparaci\u00f3n (grabado O esmerilado, no ambos).<\/p>\n<\/li>\n<li>\n<p class=\"ds-markdown-paragraph\">Cubos, varillas mezcladoras\/mezcladoras.<\/p>\n<\/li>\n<li>\n<p class=\"ds-markdown-paragraph\">Bastidores de rodillos de pintura de 9\u201d.<\/p>\n<\/li>\n<li>\n<p class=\"ds-markdown-paragraph\">Respiradores aprobados por NIOSH.<\/p>\n<\/li>\n<li>\n<p class=\"ds-markdown-paragraph\">Cinta adhesiva de pintor (ret\u00edrela mientras est\u00e9 h\u00fameda).<\/p>\n<\/li>\n<li>\n<p class=\"ds-markdown-paragraph\">Guantes, cubrezapatos y xileno\/alcoholes minerales para la limpieza.<\/p>\n<\/li>\n<\/ul>\n<h2><strong>\u00bfEs el revestimiento adecuado para su garaje?<\/strong><\/h2>\n<p class=\"ds-markdown-paragraph\">Nuestro sistema de poliurea es ideal para:<\/p>\n<ul>\n<li>\n<p class=\"ds-markdown-paragraph\"><strong>Garajes residenciales<\/strong>\u00a0en buen estado.<\/p>\n<\/li>\n<li>\n<p class=\"ds-markdown-paragraph\"><strong>Bricolaje<\/strong>\u00a0que buscan un acabado grueso y profesional sin costes de contratista.<\/p>\n<\/li>\n<li>\n<p class=\"ds-markdown-paragraph\"><strong>Zonas de alta humedad o costeras<\/strong>\u00a0(popular en el sur de Florida por su resistencia a la sal).<\/p>\n<\/li>\n<\/ul>\n<p class=\"ds-markdown-paragraph\"><strong>No recomendado para:<\/strong><\/p>\n<ul>\n<li>\n<p class=\"ds-markdown-paragraph\">Suelos con reparaciones extensas (considere el epoxi de s\u00f3lidos 100%).<\/p>\n<\/li>\n<li>\n<p class=\"ds-markdown-paragraph\">Talleres de soldadura (cons\u00faltenos las alternativas).<\/p>\n<\/li>\n<\/ul>\n<h2><strong>F\u00e1cil instalaci\u00f3n en 2 capas<\/strong><\/h2>\n<ol start=\"1\">\n<li>\n<p class=\"ds-markdown-paragraph\"><strong>Prepare su suelo:<\/strong>\u00a0Grabe o esmerile el hormig\u00f3n. No necesita imprimaci\u00f3n: la poliurea penetra m\u00e1s profundamente que el epoxi.<\/p>\n<\/li>\n<li>\n<p class=\"ds-markdown-paragraph\"><strong>Aplique la capa base:<\/strong>\u00a0Tinte seg\u00fan sea necesario (consulte las directrices de tintado a continuaci\u00f3n). Aplique uniformemente a 200 pies cuadrados por gal\u00f3n.<\/p>\n<\/li>\n<li>\n<p class=\"ds-markdown-paragraph\"><strong>Escamas de difusi\u00f3n:<\/strong>\u00a0Espolvorear los copos uniformemente antes de la capa de base.<\/p>\n<\/li>\n<li>\n<p class=\"ds-markdown-paragraph\"><strong>Recubrir con transparente:<\/strong>\u00a0Mezclar con aditivo antideslizante. Recubrir en 6-15 horas.<\/p>\n<\/li>\n<\/ol>\n<p class=\"ds-markdown-paragraph\"><strong>Consejo de instalaci\u00f3n invernal:<\/strong><br \/>\nAhora aprobamos instalaciones hasta\u00a0<strong>35\u00b0F<\/strong>. Caliente su garaje durante 2 d\u00edas antes, y programe una visita telef\u00f3nica gratuita con nuestros expertos.<\/p>\n<h2><strong>El grosor importa: No \u201ccubra\u201d su suelo: constr\u00fayalo<\/strong><\/h2>\n<p class=\"ds-markdown-paragraph\">Mientras que los competidores diluyen los materiales para cubrir 300 pies cuadrados\/gal\u00f3n, nosotros aplicamos a\u00a0<strong>200 pies cuadrados\/gal\u00f3n<\/strong>\u00a0para obtener el m\u00e1ximo grosor. \u00bfResultado? 4,4 veces m\u00e1s grueso que los revestimientos baratos y 20-30% m\u00e1s grueso que los sistemas similares.<\/p>\n<p class=\"ds-markdown-paragraph\"><strong>Por qu\u00e9 grosor = rendimiento:<\/strong><\/p>\n<ul>\n<li>\n<p class=\"ds-markdown-paragraph\">Mejor profundidad de color y brillo.<\/p>\n<\/li>\n<li>\n<p class=\"ds-markdown-paragraph\">Oculta las imperfecciones del subsuelo.<\/p>\n<\/li>\n<li>\n<p class=\"ds-markdown-paragraph\">Mayor durabilidad frente a impactos y productos qu\u00edmicos.<\/p>\n<\/li>\n<\/ul>\n<h2><strong>Gu\u00eda de tintado y mezcla<\/strong><\/h2>\n<ul>\n<li>\n<p class=\"ds-markdown-paragraph\"><strong>Todos los colores excepto blanco\/amarillo:<\/strong>\u00a0Utilice 5 onzas l\u00edquidas de tinte por litro. Mezcle todo el material tintado antes de la aplicaci\u00f3n.<\/p>\n<\/li>\n<li>\n<p class=\"ds-markdown-paragraph\"><strong>Blanco:<\/strong>\u00a0Utilice 7,5 onzas l\u00edquidas de tinte por litro.<\/p>\n<\/li>\n<li>\n<p class=\"ds-markdown-paragraph\"><strong>Kits adicionales:<\/strong>\u00a0Galones divididos para tintado personalizado (por ejemplo, \u00bd claro + \u00bd color).<\/p>\n<\/li>\n<\/ul>\n<h2><strong>3 sistemas de revestimiento que se adaptan a sus necesidades<\/strong><\/h2>\n<ol start=\"1\">\n<li>\n<p class=\"ds-markdown-paragraph\"><strong>Sistema de 2 capas:<\/strong>\u00a0Base + transparente. Perfecto para la mayor\u00eda de los garajes.<\/p>\n<\/li>\n<li>\n<p class=\"ds-markdown-paragraph\"><strong>Sistema de 3 capas:<\/strong>\u00a0Dos capas de color + transparente. Ideal para colores vibrantes o uso comercial.<\/p>\n<\/li>\n<li>\n<p class=\"ds-markdown-paragraph\"><strong>Sistema de radiodifusi\u00f3n completo:<\/strong>\u00a0Escamas como capa de desgaste + dos capas transparentes. M\u00e1xima durabilidad y ocultaci\u00f3n de la textura.<\/p>\n<\/li>\n<\/ol>\n<h2><strong>Notas importantes antes de comprar<\/strong><\/h2>\n<ul>\n<li>\n<p class=\"ds-markdown-paragraph\"><strong>Advertencia de temperatura:<\/strong>\u00a0Aplicar por encima de 50\u00b0F (o 35\u00b0F con protocolos de invierno). Mantener alejadas las fuentes de ignici\u00f3n durante el curado.<\/p>\n<\/li>\n<li>\n<p class=\"ds-markdown-paragraph\"><strong>L\u00edmite de copos:<\/strong>\u00a0Los sistemas de 2 capas s\u00f3lo admiten el volumen de escamas incluido. Para una mayor cobertura, pase a 3 capas.<\/p>\n<\/li>\n<li>\n<p class=\"ds-markdown-paragraph\"><strong>\u00bfA\u00fan no est\u00e1 seguro?<\/strong>\u00a0Ll\u00e1menos. Le ayudaremos a elegir el kit adecuado para su proyecto.<\/p>\n<\/li>\n<\/ul>","protected":false},"excerpt":{"rendered":"<p class=\"ds-markdown-paragraph\">Transforme su garaje con nuestro sistema de revestimiento de poliurea de calidad profesional. 33% m\u00e1s grueso que los competidores, totalmente estable a los rayos UV y f\u00e1cil de usar. Cada kit incluye todo lo necesario para un acabado duradero y brillante que resiste a los productos qu\u00edmicos, las manchas y el tr\u00e1fico intenso.<\/p>\n<p class=\"ds-markdown-paragraph\"><strong>Por qu\u00e9 elegir nuestro kit:<\/strong><br \/>\n- Espesor de 10-12 mil para una protecci\u00f3n superior<br \/>\n- Incluye escamas y aditivo antideslizante<br \/>\n- No necesita imprimaci\u00f3n - penetra m\u00e1s profundamente que el epoxi<br \/>\n- F\u00e1cil instalaci\u00f3n con vida \u00fatil ilimitada<br \/>\n- Perfecto para uso residencial y comercial ligero<\/p>\n<p class=\"ds-markdown-paragraph\">Disponible en varios tama\u00f1os de cobertura (100-1000 pies cuadrados) y opciones de color. Obtenga resultados profesionales por una fracci\u00f3n del coste.<\/p>","protected":false},"featured_media":6066,"template":"","meta":{"om_disable_all_campaigns":false,"_monsterinsights_skip_tracking":false,"_monsterinsights_sitenote_active":false,"_monsterinsights_sitenote_note":"","_monsterinsights_sitenote_category":0,"_uf_show_specific_survey":0,"_uf_disable_surveys":false},"product_brand":[],"product_cat":[128,724],"product_tag":[730,732,737,735,733,734,731,728,736],"class_list":{"0":"post-6060","1":"product","2":"type-product","3":"status-publish","4":"has-post-thumbnail","6":"product_cat-flooring-system","7":"product_cat-garage-floor-coating","8":"product_tag-best-garage-floor-coating","9":"product_tag-diy-polyurea-garage-floor","10":"product_tag-polyurea-clear-top-coat","11":"product_tag-polyurea-coating-contractors","12":"product_tag-polyurea-concrete-coating","13":"product_tag-polyurea-flake-floor","14":"product_tag-polyurea-floor-coating-cost","15":"product_tag-polyurea-vs-epoxy","16":"product_tag-winter-garage-floor-installation","18":"first","19":"instock","20":"shipping-taxable","21":"product-type-simple"},"yoast_head":"<!-- This site is optimized with the Yoast SEO Premium plugin v26.2 (Yoast SEO v26.5) - https:\/\/yoast.com\/wordpress\/plugins\/seo\/ -->\n<title>Polyurea 2-Coat Garage Floor Coating Kits - KAIDA PAINT\u00ae<\/title>\n<meta name=\"description\" content=\"Professional polyurea garage floor coating kits. UV-stable, 33% thicker than competitors. DIY-friendly with flakes &amp; anti-skid.\" \/>\n<meta name=\"robots\" content=\"index, follow, max-snippet:-1, max-image-preview:large, max-video-preview:-1\" \/>\n<link rel=\"canonical\" href=\"https:\/\/www.jinyupaint.com\/es\/producto\/polyurea-2-coat-garage-floor-coating-kits\/\" \/>\n<meta property=\"og:locale\" content=\"es_ES\" \/>\n<meta property=\"og:type\" content=\"article\" \/>\n<meta property=\"og:title\" content=\"Polyurea 2-Coat Garage Floor Coating Kits\" \/>\n<meta property=\"og:description\" content=\"Professional polyurea garage floor coating kits. UV-stable, 33% thicker than competitors. DIY-friendly with flakes &amp; anti-skid.\" \/>\n<meta property=\"og:url\" content=\"https:\/\/www.jinyupaint.com\/es\/producto\/polyurea-2-coat-garage-floor-coating-kits\/\" \/>\n<meta property=\"og:site_name\" content=\"KAIDA PAINT\u00ae\" \/>\n<meta property=\"article:modified_time\" content=\"2025-12-01T06:18:47+00:00\" \/>\n<meta property=\"og:image\" content=\"https:\/\/www.jinyupaint.com\/wp-content\/uploads\/2025\/10\/professional-polyurea-garage-floor-finish.jpg\" \/>\n\t<meta property=\"og:image:width\" content=\"800\" \/>\n\t<meta property=\"og:image:height\" content=\"800\" \/>\n\t<meta property=\"og:image:type\" content=\"image\/jpeg\" \/>\n<meta name=\"twitter:card\" content=\"summary_large_image\" \/>\n<meta name=\"twitter:label1\" content=\"Tiempo de lectura\" \/>\n\t<meta name=\"twitter:data1\" content=\"4 minutos\" \/>\n<script type=\"application\/ld+json\" class=\"yoast-schema-graph\">{\"@context\":\"https:\/\/schema.org\",\"@graph\":[{\"@type\":\"WebPage\",\"@id\":\"https:\/\/www.jinyupaint.com\/product\/polyurea-2-coat-garage-floor-coating-kits\",\"url\":\"https:\/\/www.jinyupaint.com\/product\/polyurea-2-coat-garage-floor-coating-kits\",\"name\":\"Polyurea 2-Coat Garage Floor Coating Kits - KAIDA PAINT\u00ae\",\"isPartOf\":{\"@id\":\"https:\/\/www.jinyupaint.com\/#website\"},\"primaryImageOfPage\":{\"@id\":\"https:\/\/www.jinyupaint.com\/product\/polyurea-2-coat-garage-floor-coating-kits#primaryimage\"},\"image\":{\"@id\":\"https:\/\/www.jinyupaint.com\/product\/polyurea-2-coat-garage-floor-coating-kits#primaryimage\"},\"thumbnailUrl\":\"https:\/\/www.jinyupaint.com\/wp-content\/uploads\/2025\/10\/professional-polyurea-garage-floor-finish.jpg\",\"datePublished\":\"2025-10-11T07:27:15+00:00\",\"dateModified\":\"2025-12-01T06:18:47+00:00\",\"description\":\"Professional polyurea garage floor coating kits. UV-stable, 33% thicker than competitors. DIY-friendly with flakes & anti-skid.\",\"breadcrumb\":{\"@id\":\"https:\/\/www.jinyupaint.com\/product\/polyurea-2-coat-garage-floor-coating-kits#breadcrumb\"},\"inLanguage\":\"es\",\"potentialAction\":[{\"@type\":\"ReadAction\",\"target\":[\"https:\/\/www.jinyupaint.com\/product\/polyurea-2-coat-garage-floor-coating-kits\"]}]},{\"@type\":\"ImageObject\",\"inLanguage\":\"es\",\"@id\":\"https:\/\/www.jinyupaint.com\/product\/polyurea-2-coat-garage-floor-coating-kits#primaryimage\",\"url\":\"https:\/\/www.jinyupaint.com\/wp-content\/uploads\/2025\/10\/professional-polyurea-garage-floor-finish.jpg\",\"contentUrl\":\"https:\/\/www.jinyupaint.com\/wp-content\/uploads\/2025\/10\/professional-polyurea-garage-floor-finish.jpg\",\"width\":800,\"height\":800,\"caption\":\"A sleek, high-gloss finish of a polyurea garage floor in a modern garage, showcasing a seamless and reflective surface.\"},{\"@type\":\"BreadcrumbList\",\"@id\":\"https:\/\/www.jinyupaint.com\/product\/polyurea-2-coat-garage-floor-coating-kits#breadcrumb\",\"itemListElement\":[{\"@type\":\"ListItem\",\"position\":1,\"name\":\"Home\",\"item\":\"https:\/\/www.jinyupaint.com\/\"},{\"@type\":\"ListItem\",\"position\":2,\"name\":\"Shop\",\"item\":\"https:\/\/www.jinyupaint.com\/shop.html\"},{\"@type\":\"ListItem\",\"position\":3,\"name\":\"Polyurea 2-Coat Garage Floor Coating Kits\"}]},{\"@type\":\"WebSite\",\"@id\":\"https:\/\/www.jinyupaint.com\/#website\",\"url\":\"https:\/\/www.jinyupaint.com\/\",\"name\":\"JINYU\u00ae PAINT\",\"description\":\"JINYU PAINT\u00ae Manufacturer\",\"potentialAction\":[{\"@type\":\"SearchAction\",\"target\":{\"@type\":\"EntryPoint\",\"urlTemplate\":\"https:\/\/www.jinyupaint.com\/?s={search_term_string}\"},\"query-input\":{\"@type\":\"PropertyValueSpecification\",\"valueRequired\":true,\"valueName\":\"search_term_string\"}}],\"inLanguage\":\"es\"}]}<\/script>\n<!-- \/ Yoast SEO Premium plugin. -->","yoast_head_json":{"title":"Kits de revestimiento bicapa de poliurea para suelos de garajes - KAIDA PAINT","description":"Kits profesionales de revestimiento de suelos de garaje con poliurea. Estable a los rayos UV, 33% m\u00e1s grueso que la competencia. DIY-friendly con escamas y antideslizante.","robots":{"index":"index","follow":"follow","max-snippet":"max-snippet:-1","max-image-preview":"max-image-preview:large","max-video-preview":"max-video-preview:-1"},"canonical":"https:\/\/www.jinyupaint.com\/es\/producto\/polyurea-2-coat-garage-floor-coating-kits\/","og_locale":"es_ES","og_type":"article","og_title":"Polyurea 2-Coat Garage Floor Coating Kits","og_description":"Professional polyurea garage floor coating kits. UV-stable, 33% thicker than competitors. DIY-friendly with flakes & anti-skid.","og_url":"https:\/\/www.jinyupaint.com\/es\/producto\/polyurea-2-coat-garage-floor-coating-kits\/","og_site_name":"KAIDA PAINT\u00ae","article_modified_time":"2025-12-01T06:18:47+00:00","og_image":[{"width":800,"height":800,"url":"https:\/\/www.jinyupaint.com\/wp-content\/uploads\/2025\/10\/professional-polyurea-garage-floor-finish.jpg","type":"image\/jpeg"}],"twitter_card":"summary_large_image","twitter_misc":{"Tiempo de lectura":"4 minutos"},"schema":{"@context":"https:\/\/schema.org","@graph":[{"@type":"WebPage","@id":"https:\/\/www.jinyupaint.com\/product\/polyurea-2-coat-garage-floor-coating-kits","url":"https:\/\/www.jinyupaint.com\/product\/polyurea-2-coat-garage-floor-coating-kits","name":"Kits de revestimiento bicapa de poliurea para suelos de garajes - KAIDA PAINT","isPartOf":{"@id":"https:\/\/www.jinyupaint.com\/#website"},"primaryImageOfPage":{"@id":"https:\/\/www.jinyupaint.com\/product\/polyurea-2-coat-garage-floor-coating-kits#primaryimage"},"image":{"@id":"https:\/\/www.jinyupaint.com\/product\/polyurea-2-coat-garage-floor-coating-kits#primaryimage"},"thumbnailUrl":"https:\/\/www.jinyupaint.com\/wp-content\/uploads\/2025\/10\/professional-polyurea-garage-floor-finish.jpg","datePublished":"2025-10-11T07:27:15+00:00","dateModified":"2025-12-01T06:18:47+00:00","description":"Kits profesionales de revestimiento de suelos de garaje con poliurea. Estable a los rayos UV, 33% m\u00e1s grueso que la competencia. DIY-friendly con escamas y antideslizante.","breadcrumb":{"@id":"https:\/\/www.jinyupaint.com\/product\/polyurea-2-coat-garage-floor-coating-kits#breadcrumb"},"inLanguage":"es","potentialAction":[{"@type":"ReadAction","target":["https:\/\/www.jinyupaint.com\/product\/polyurea-2-coat-garage-floor-coating-kits"]}]},{"@type":"ImageObject","inLanguage":"es","@id":"https:\/\/www.jinyupaint.com\/product\/polyurea-2-coat-garage-floor-coating-kits#primaryimage","url":"https:\/\/www.jinyupaint.com\/wp-content\/uploads\/2025\/10\/professional-polyurea-garage-floor-finish.jpg","contentUrl":"https:\/\/www.jinyupaint.com\/wp-content\/uploads\/2025\/10\/professional-polyurea-garage-floor-finish.jpg","width":800,"height":800,"caption":"A sleek, high-gloss finish of a polyurea garage floor in a modern garage, showcasing a seamless and reflective surface."},{"@type":"BreadcrumbList","@id":"https:\/\/www.jinyupaint.com\/product\/polyurea-2-coat-garage-floor-coating-kits#breadcrumb","itemListElement":[{"@type":"ListItem","position":1,"name":"Home","item":"https:\/\/www.jinyupaint.com\/"},{"@type":"ListItem","position":2,"name":"Shop","item":"https:\/\/www.jinyupaint.com\/shop.html"},{"@type":"ListItem","position":3,"name":"Polyurea 2-Coat Garage Floor Coating Kits"}]},{"@type":"WebSite","@id":"https:\/\/www.jinyupaint.com\/#website","url":"https:\/\/www.jinyupaint.com\/","name":"JINYU\u00ae PINTURA","description":"JINYU PAINT\u00ae Fabricante","potentialAction":[{"@type":"SearchAction","target":{"@type":"EntryPoint","urlTemplate":"https:\/\/www.jinyupaint.com\/?s={search_term_string}"},"query-input":{"@type":"PropertyValueSpecification","valueRequired":true,"valueName":"search_term_string"}}],"inLanguage":"es"}]}},"_links":{"self":[{"href":"https:\/\/www.jinyupaint.com\/es\/wp-json\/wp\/v2\/product\/6060","targetHints":{"allow":["GET"]}}],"collection":[{"href":"https:\/\/www.jinyupaint.com\/es\/wp-json\/wp\/v2\/product"}],"about":[{"href":"https:\/\/www.jinyupaint.com\/es\/wp-json\/wp\/v2\/types\/product"}],"wp:featuredmedia":[{"embeddable":true,"href":"https:\/\/www.jinyupaint.com\/es\/wp-json\/wp\/v2\/media\/6066"}],"wp:attachment":[{"href":"https:\/\/www.jinyupaint.com\/es\/wp-json\/wp\/v2\/media?parent=6060"}],"wp:term":[{"taxonomy":"product_brand","embeddable":true,"href":"https:\/\/www.jinyupaint.com\/es\/wp-json\/wp\/v2\/product_brand?post=6060"},{"taxonomy":"product_cat","embeddable":true,"href":"https:\/\/www.jinyupaint.com\/es\/wp-json\/wp\/v2\/product_cat?post=6060"},{"taxonomy":"product_tag","embeddable":true,"href":"https:\/\/www.jinyupaint.com\/es\/wp-json\/wp\/v2\/product_tag?post=6060"}],"curies":[{"name":"wp","href":"https:\/\/api.w.org\/{rel}","templated":true}]}}