{"id":5807,"date":"2025-09-08T08:34:12","date_gmt":"2025-09-08T08:34:12","guid":{"rendered":"https:\/\/www.jinyupaint.com\/?post_type=product&#038;p=5807"},"modified":"2025-11-30T12:05:50","modified_gmt":"2025-11-30T12:05:50","slug":"jinyu-mf-4-6mm-polyurethane-paint-for-concrete-floors","status":"publish","type":"product","link":"https:\/\/www.jinyupaint.com\/es\/producto\/jinyu-mf-4-6mm-polyurethane-paint-for-concrete-floors","title":{"rendered":"JINYU\u00ae MF 4-6mm Pintura de poliuretano para suelos de hormig\u00f3n"},"content":{"rendered":"<h2 class=\"ds-markdown-paragraph\"><strong>Descripci\u00f3n del producto:<\/strong><\/h2>\n<p class=\"ds-markdown-paragraph\">JINYU\u00ae MF ofrece una avanzada pintura de poliuretano de 4-6 mm para suelos industriales de hormig\u00f3n. Esta pintura de poliuretano autonivelante de alta resistencia proporciona una durabilidad excepcional, resistencia qu\u00edmica y resistencia al deslizamiento, por lo que es la opci\u00f3n ideal para almacenes, \u00e1reas de producci\u00f3n, plantas de procesamiento de alimentos y zonas de poco tr\u00e1fico.<\/p>\n<p class=\"ds-markdown-paragraph\">Su exclusiva mezcla de resinas de poliuretano y \u00e1ridos inorg\u00e1nicos garantiza un rendimiento duradero incluso en condiciones adversas. Cada juego completo incluye componentes de poliuretano, un agente de curado, \u00e1rido mineral y pasta de color para facilitar la aplicaci\u00f3n y obtener resultados uniformes.<\/p>\n<h2 class=\"ds-markdown-paragraph\"><strong><br \/>\nPrincipales caracter\u00edsticas y ventajas:<\/strong><\/h2>\n<ol start=\"1\">\n<li>\n\u00a0<strong>Excelente resistencia a los productos qu\u00edmicos<\/strong>\u00a0- Resiste aceites, \u00e1cidos y productos de limpieza\n<\/li>\n<li>\n<strong>Resiste la abrasi\u00f3n y los impactos<\/strong>\u00a0- Resistente al tr\u00e1fico ligero y moderado de pies y ruedas\n<\/li>\n<li>\n<strong>Proporciona un acabado mate antideslizante<\/strong>\u00a0- Garantiza la seguridad y el cumplimiento de la normativa en entornos industriales\n<\/li>\n<li>\n<strong>Crea una superficie higi\u00e9nica y sin juntas<\/strong>\u00a0- Supera la certificaci\u00f3n antimicrobiana (ASTM G21-90), se limpia f\u00e1cilmente y evita la proliferaci\u00f3n de bacterias\n<\/li>\n<li>\n<strong>V\u00ednculos fuertes<\/strong>\u00a0- Alcanza una fuerza de adherencia de 2,4 N\/mm\u00b2 (falla en el hormig\u00f3n, no en el revestimiento)<\/p>\n<li>\n<strong>Autonivelante para una aplicaci\u00f3n suave<\/strong>\u00a0- Proporciona un acabado suave y est\u00e9tico con el m\u00ednimo esfuerzo\n<\/li>\n<\/ol>\n<h2 class=\"ds-markdown-paragraph\"><strong><br \/>\nEspecificaciones t\u00e9cnicas:<\/strong><\/h2>\n<ul>\n<li>\n<p class=\"ds-markdown-paragraph\"><strong>Densidad:<\/strong>\u00a02,05 g\/cm\u00b3<\/p>\n<\/li>\n<li>\n<p class=\"ds-markdown-paragraph\"><strong>Resistencia a la compresi\u00f3n:<\/strong>\u00a057 N\/mm\u00b2<\/p>\n<\/li>\n<li>\n<p class=\"ds-markdown-paragraph\"><strong>Resistencia a la flexi\u00f3n:<\/strong>\u00a013 N\/mm\u00b2<\/p>\n<\/li>\n<li>\n<p class=\"ds-markdown-paragraph\"><strong>Resistencia a la tracci\u00f3n:<\/strong>\u00a06 N\/mm\u00b2<\/p>\n<\/li>\n<li>\n<p class=\"ds-markdown-paragraph\"><strong>Tasa de aplicaci\u00f3n:<\/strong>\u00a02,0 kg\/mm\/m\u00b2<\/p>\n<\/li>\n<li>\n<p class=\"ds-markdown-paragraph\"><strong>Disponible en 6 colores est\u00e1ndar<\/strong>\u00a0- Colores personalizados disponibles bajo pedido<\/p>\n<\/li>\n<\/ul>\n<h2 class=\"ds-markdown-paragraph\"><strong><a href=\"https:\/\/www.jinyupaint.com\/wp-content\/uploads\/2025\/09\/Polyurethane-Self-Leveling-Semi-Gloss-MF-Application-Method.jpg\"><img fetchpriority=\"high\" decoding=\"async\" class=\"alignnone size-full wp-image-5810\" src=\"https:\/\/www.jinyupaint.com\/wp-content\/uploads\/2025\/09\/Polyurethane-Self-Leveling-Semi-Gloss-MF-Application-Method.jpg\" alt=\"Poliuretano Autonivelante Semibrillante MF M\u00e9todo de aplicaci\u00f3n\" width=\"1200\" height=\"553\" srcset=\"https:\/\/www.jinyupaint.com\/wp-content\/uploads\/2025\/09\/Polyurethane-Self-Leveling-Semi-Gloss-MF-Application-Method.jpg 1200w, https:\/\/www.jinyupaint.com\/wp-content\/uploads\/2025\/09\/Polyurethane-Self-Leveling-Semi-Gloss-MF-Application-Method-300x138.jpg 300w, https:\/\/www.jinyupaint.com\/wp-content\/uploads\/2025\/09\/Polyurethane-Self-Leveling-Semi-Gloss-MF-Application-Method-1024x472.jpg 1024w, https:\/\/www.jinyupaint.com\/wp-content\/uploads\/2025\/09\/Polyurethane-Self-Leveling-Semi-Gloss-MF-Application-Method-768x354.jpg 768w, https:\/\/www.jinyupaint.com\/wp-content\/uploads\/2025\/09\/Polyurethane-Self-Leveling-Semi-Gloss-MF-Application-Method-18x8.jpg 18w, https:\/\/www.jinyupaint.com\/wp-content\/uploads\/2025\/09\/Polyurethane-Self-Leveling-Semi-Gloss-MF-Application-Method-600x277.jpg 600w\" sizes=\"(max-width: 1200px) 100vw, 1200px\" \/><\/a> <a href=\"https:\/\/www.jinyupaint.com\/wp-content\/uploads\/2025\/09\/Polyurethane-Anti-Slip-MF-R-Application.jpg\"><img decoding=\"async\" class=\"alignnone size-full wp-image-5809\" src=\"https:\/\/www.jinyupaint.com\/wp-content\/uploads\/2025\/09\/Polyurethane-Anti-Slip-MF-R-Application.jpg\" alt=\"Poliuretano Antideslizante MF R Aplicaci\u00f3n\" width=\"1200\" height=\"589\" srcset=\"https:\/\/www.jinyupaint.com\/wp-content\/uploads\/2025\/09\/Polyurethane-Anti-Slip-MF-R-Application.jpg 1200w, https:\/\/www.jinyupaint.com\/wp-content\/uploads\/2025\/09\/Polyurethane-Anti-Slip-MF-R-Application-300x147.jpg 300w, https:\/\/www.jinyupaint.com\/wp-content\/uploads\/2025\/09\/Polyurethane-Anti-Slip-MF-R-Application-1024x503.jpg 1024w, https:\/\/www.jinyupaint.com\/wp-content\/uploads\/2025\/09\/Polyurethane-Anti-Slip-MF-R-Application-768x377.jpg 768w, https:\/\/www.jinyupaint.com\/wp-content\/uploads\/2025\/09\/Polyurethane-Anti-Slip-MF-R-Application-18x9.jpg 18w, https:\/\/www.jinyupaint.com\/wp-content\/uploads\/2025\/09\/Polyurethane-Anti-Slip-MF-R-Application-600x295.jpg 600w\" sizes=\"(max-width: 1200px) 100vw, 1200px\" \/><\/a><br \/>\nAplicaciones:<\/strong><\/h2>\n<p class=\"ds-markdown-paragraph\"><strong>Instalaciones de fabricaci\u00f3n<\/strong><br \/>\nResista los impactos, la abrasi\u00f3n y los productos qu\u00edmicos con nuestra pintura de poliuretano para hormig\u00f3n. Este revestimiento para suelos industriales resiste aceites, disolventes y maquinaria pesada, reduciendo el polvo y el mantenimiento a la vez que garantiza la durabilidad en condiciones de uso continuo.<\/p>\n<p class=\"ds-markdown-paragraph\"><strong>Plantas de procesamiento de alimentos y bebidas<\/strong><br \/>\nCumpla las estrictas normas de higiene con nuestro revestimiento de poliuretano antimicrobiano. Resistente a \u00e1cidos, grasas y desinfectantes, esta pintura sin juntas para suelos proporciona una superficie segura y f\u00e1cil de limpiar para zonas de producci\u00f3n de alimentos.<\/p>\n<p class=\"ds-markdown-paragraph\"><strong>Suelos para log\u00edstica y almacenes<\/strong><br \/>\nFabricada para entornos de mucho tr\u00e1fico, nuestra pintura de poliuretano resistente a la abrasi\u00f3n soporta carretillas elevadoras, cargas pesadas y movimiento constante. El revestimiento de hormig\u00f3n sin juntas minimiza el polvo y acelera los ciclos de limpieza.<\/p>\n<p class=\"ds-markdown-paragraph\"><strong>Talleres de automoci\u00f3n<\/strong><br \/>\nProt\u00e9jase contra el aceite, el combustible y los productos qu\u00edmicos con nuestro revestimiento de suelo de poliuretano resistente a los productos qu\u00edmicos. Su superficie antideslizante mejora la seguridad, mientras que su durabilidad resiste ca\u00eddas de herramientas y equipos pesados.<\/p>\n<p class=\"ds-markdown-paragraph\"><strong>Entornos farmac\u00e9uticos y de salas blancas<\/strong><br \/>\nMantenga las condiciones est\u00e9riles con nuestro revestimiento de poliuretano no poroso. Ideal para salas blancas, inhibe el crecimiento microbiano y admite estrictos protocolos de limpieza sin degradarse.<\/p>\n<h2 class=\"ds-markdown-paragraph\"><strong><br \/>\nContenido del envase:<\/strong><\/h2>\n<p class=\"ds-markdown-paragraph\">Cada juego contiene:<\/p>\n<ul\n \t\n\n<li>\n<p class=\"ds-markdown-paragraph\">A (Poliuretano): 2,52 kg\/saco<\/p>\n<\/li> <li>\n<li>\n<p class=\"ds-markdown-paragraph\">B (Agente de curado): 2,86 kg\/saco<\/p>\n<\/li>\n<li>\n<p class=\"ds-markdown-paragraph\">C (\u00e1rido inorg\u00e1nico): 14,4 kg\/saco<\/p>\n<\/li>\n<li>\n<p class=\"ds-markdown-paragraph\">D (Pasta de color): 0,5 kg\/saco<\/p>\n<\/li>\n<\/ul>\n<p class=\"ds-markdown-paragraph\"><strong>Peso total por juego:<\/strong>\u00a020,28 kg<\/p>\n<h2 class=\"ds-markdown-paragraph\"><strong>\u00bfPor qu\u00e9 elegir pintura de poliuretano para hormig\u00f3n?<br \/>\n<\/strong><\/h2>\n<p class=\"ds-markdown-paragraph\"><strong>M\u00e1s all\u00e1 del epoxi<\/strong>: Aunque las pinturas epoxi son habituales, la pintura de poliuretano para hormig\u00f3n ofrece un mayor nivel de rendimiento. \u00bfPor qu\u00e9? Los revestimientos de poliuretano son m\u00e1s flexibles, lo que significa que son menos propensos a agrietarse y descascararse bajo ciclos t\u00e9rmicos o movimientos del sustrato.<\/p>\n<p class=\"ds-markdown-paragraph\"><strong>Resistencia qu\u00edmica<\/strong>: Nuestro poliuretano para suelos de hormig\u00f3n est\u00e1 formulado para resistir una gama mucho m\u00e1s amplia de productos qu\u00edmicos, incluidos \u00e1cidos fuertes, disolventes y agentes de limpieza que degradar\u00edan los revestimientos epox\u00eddicos.<\/p>\n<p class=\"ds-markdown-paragraph\"><strong>Estabilidad UV<\/strong>: Una ventaja clave del uso de pintura de poliuretano para hormig\u00f3n es su excelente estabilidad frente a los rayos UV. A diferencia del epoxi, que puede amarillear y descascarillarse cuando se expone a la luz solar, el poliuretano mantiene su color e integridad, por lo que es adecuado para zonas con exposici\u00f3n a los rayos UV.<\/p>\n<p class=\"ds-markdown-paragraph\"><strong>Retorno r\u00e1pido al servicio<\/strong>: Este revestimiento de hormig\u00f3n de poliuretano se cura m\u00e1s r\u00e1pido que muchas alternativas, lo que le permite reabrir sus instalaciones al tr\u00e1fico y al uso operativo con un tiempo de inactividad m\u00ednimo.<\/p>\n<h2>PREGUNTAS FRECUENTES:<\/h2>\n<p class=\"ds-markdown-paragraph\"><strong>P: \u00bfC\u00f3mo se prepara el hormig\u00f3n para la pintura de poliuretano?<\/strong><\/p>\n<p>R: La preparaci\u00f3n adecuada de la superficie es cr\u00edtica. El hormig\u00f3n debe estar limpio, seco y desgastado mec\u00e1nicamente (por ejemplo, granallado) para crear un perfil al que se adhiera el revestimiento de poliuretano.<\/p>\n<p class=\"ds-markdown-paragraph\"><strong>P: \u00bfSe puede utilizar pintura de poliuretano sobre hormig\u00f3n viejo?<\/strong><\/p>\n<p>R: S\u00ed, nuestra pintura de poliuretano para hormig\u00f3n es excelente para rehabilitar suelos viejos y desgastados. Se adhiere con fuerza a los sustratos debidamente preparados, creando una superficie renovada y sin juntas.<\/p>\n<p class=\"ds-markdown-paragraph\"><strong>P: \u00bfCu\u00e1nto dura la pintura de poliuretano sobre hormig\u00f3n?<\/strong><\/p>\n<p>R: Con una instalaci\u00f3n y un mantenimiento adecuados, un revestimiento de poliuretano de alta calidad para suelos como JINYU\u00ae MF puede durar m\u00e1s de 10 a\u00f1os, incluso en entornos industriales dif\u00edciles.<\/p>","protected":false},"excerpt":{"rendered":"<p class=\"ds-markdown-paragraph\">JINYU\u00ae MF es un revestimiento de mortero de poliuretano autonivelante de alto rendimiento dise\u00f1ado espec\u00edficamente para aplicaciones industriales de suelos de hormig\u00f3n. Este sistema de 4-6 mm combina una durabilidad excepcional con resistencia qu\u00edmica, por lo que es ideal para almacenes, instalaciones de fabricaci\u00f3n, plantas de procesamiento de alimentos y otros entornos exigentes.<\/p>\n<p class=\"ds-markdown-paragraph\">La formulaci\u00f3n presenta una mezcla \u00fanica de resinas de poliuretano y agregados inorg\u00e1nicos que crean una superficie sin juntas y no porosa que resiste los productos qu\u00edmicos, la abrasi\u00f3n y los da\u00f1os por impacto. El acabado mate proporciona una fiable resistencia al deslizamiento a la vez que facilita la limpieza. Con certificaci\u00f3n antimicrobiana (ASTM G21-90), este revestimiento garantiza condiciones higi\u00e9nicas para entornos sensibles.<\/p>","protected":false},"featured_media":5808,"template":"","meta":{"om_disable_all_campaigns":false,"_monsterinsights_skip_tracking":false,"_monsterinsights_sitenote_active":false,"_monsterinsights_sitenote_note":"","_monsterinsights_sitenote_category":0,"_uf_show_specific_survey":0,"_uf_disable_surveys":false},"product_brand":[],"product_cat":[109],"product_tag":[614,688,683,687,667,689,686,613,657],"class_list":{"0":"post-5807","1":"product","2":"type-product","3":"status-publish","4":"has-post-thumbnail","6":"product_cat-polyurethane-floor-coating","7":"product_tag-anti-slip-floor-coating","8":"product_tag-chemical-resistant-floor-paint","9":"product_tag-food-plant-flooring","10":"product_tag-industrial-concrete-floor-coating","11":"product_tag-polyurethane-for-concrete-floors","12":"product_tag-polyurethane-mortar-coating","13":"product_tag-polyurethane-paint-for-concrete","14":"product_tag-self-leveling-polyurethane-floor","15":"product_tag-warehouse-floor-coating","17":"first","18":"instock","19":"shipping-taxable","20":"product-type-simple"},"yoast_head":"<!-- This site is optimized with the Yoast SEO Premium plugin v26.2 (Yoast SEO v26.5) - https:\/\/yoast.com\/wordpress\/plugins\/seo\/ -->\n<title>JINYU\u00ae MF 4-6mm Polyurethane Paint For Concrete Floors - KAIDA PAINT<\/title>\n<meta name=\"description\" content=\"Looking for polyurethane paint for concrete? JINYU\u00ae MF self-leveling polyurethane mortar coating offers chemical resistance, durability &amp; slip resistance for industrial concrete floors. Ideal for warehouses, food plants &amp; more.\" \/>\n<meta name=\"robots\" content=\"index, follow, max-snippet:-1, max-image-preview:large, max-video-preview:-1\" \/>\n<link rel=\"canonical\" href=\"https:\/\/www.jinyupaint.com\/es\/producto\/jinyu-mf-4-6mm-polyurethane-paint-for-concrete-floors\/\" \/>\n<meta property=\"og:locale\" content=\"es_ES\" \/>\n<meta property=\"og:type\" content=\"article\" \/>\n<meta property=\"og:title\" content=\"JINYU\u00ae MF 4-6mm Polyurethane Paint For Concrete Floors\" \/>\n<meta property=\"og:description\" content=\"Looking for polyurethane paint for concrete? JINYU\u00ae MF self-leveling polyurethane mortar coating offers chemical resistance, durability &amp; slip resistance for industrial concrete floors. Ideal for warehouses, food plants &amp; more.\" \/>\n<meta property=\"og:url\" content=\"https:\/\/www.jinyupaint.com\/es\/producto\/jinyu-mf-4-6mm-polyurethane-paint-for-concrete-floors\/\" \/>\n<meta property=\"og:site_name\" content=\"KAIDA PAINT\u00ae\" \/>\n<meta property=\"article:modified_time\" content=\"2025-11-30T12:05:50+00:00\" \/>\n<meta property=\"og:image\" content=\"https:\/\/www.jinyupaint.com\/wp-content\/uploads\/2025\/09\/JINYU\u00aeMF-4-6mm-Polyurethane-Paint-For-Concrete-Floors.jpg\" \/>\n\t<meta property=\"og:image:width\" content=\"750\" \/>\n\t<meta property=\"og:image:height\" content=\"750\" \/>\n\t<meta property=\"og:image:type\" content=\"image\/jpeg\" \/>\n<meta name=\"twitter:card\" content=\"summary_large_image\" \/>\n<meta name=\"twitter:label1\" content=\"Tiempo de lectura\" \/>\n\t<meta name=\"twitter:data1\" content=\"4 minutos\" \/>\n<script type=\"application\/ld+json\" class=\"yoast-schema-graph\">{\"@context\":\"https:\/\/schema.org\",\"@graph\":[{\"@type\":\"WebPage\",\"@id\":\"https:\/\/www.jinyupaint.com\/product\/jinyu-mf-4-6mm-polyurethane-paint-for-concrete-floors\",\"url\":\"https:\/\/www.jinyupaint.com\/product\/jinyu-mf-4-6mm-polyurethane-paint-for-concrete-floors\",\"name\":\"JINYU\u00ae MF 4-6mm Polyurethane Paint For Concrete Floors - KAIDA PAINT\",\"isPartOf\":{\"@id\":\"https:\/\/www.jinyupaint.com\/#website\"},\"primaryImageOfPage\":{\"@id\":\"https:\/\/www.jinyupaint.com\/product\/jinyu-mf-4-6mm-polyurethane-paint-for-concrete-floors#primaryimage\"},\"image\":{\"@id\":\"https:\/\/www.jinyupaint.com\/product\/jinyu-mf-4-6mm-polyurethane-paint-for-concrete-floors#primaryimage\"},\"thumbnailUrl\":\"https:\/\/www.jinyupaint.com\/wp-content\/uploads\/2025\/09\/JINYU\u00aeMF-4-6mm-Polyurethane-Paint-For-Concrete-Floors.jpg\",\"datePublished\":\"2025-09-08T08:34:12+00:00\",\"dateModified\":\"2025-11-30T12:05:50+00:00\",\"description\":\"Looking for polyurethane paint for concrete? JINYU\u00ae MF self-leveling polyurethane mortar coating offers chemical resistance, durability & slip resistance for industrial concrete floors. Ideal for warehouses, food plants & more.\",\"breadcrumb\":{\"@id\":\"https:\/\/www.jinyupaint.com\/product\/jinyu-mf-4-6mm-polyurethane-paint-for-concrete-floors#breadcrumb\"},\"inLanguage\":\"es\",\"potentialAction\":[{\"@type\":\"ReadAction\",\"target\":[\"https:\/\/www.jinyupaint.com\/product\/jinyu-mf-4-6mm-polyurethane-paint-for-concrete-floors\"]}]},{\"@type\":\"ImageObject\",\"inLanguage\":\"es\",\"@id\":\"https:\/\/www.jinyupaint.com\/product\/jinyu-mf-4-6mm-polyurethane-paint-for-concrete-floors#primaryimage\",\"url\":\"https:\/\/www.jinyupaint.com\/wp-content\/uploads\/2025\/09\/JINYU\u00aeMF-4-6mm-Polyurethane-Paint-For-Concrete-Floors.jpg\",\"contentUrl\":\"https:\/\/www.jinyupaint.com\/wp-content\/uploads\/2025\/09\/JINYU\u00aeMF-4-6mm-Polyurethane-Paint-For-Concrete-Floors.jpg\",\"width\":750,\"height\":750,\"caption\":\"JINYU\u00aeMF 4-6mm Polyurethane Paint For Concrete Floors\"},{\"@type\":\"BreadcrumbList\",\"@id\":\"https:\/\/www.jinyupaint.com\/product\/jinyu-mf-4-6mm-polyurethane-paint-for-concrete-floors#breadcrumb\",\"itemListElement\":[{\"@type\":\"ListItem\",\"position\":1,\"name\":\"Home\",\"item\":\"https:\/\/www.jinyupaint.com\/\"},{\"@type\":\"ListItem\",\"position\":2,\"name\":\"Shop\",\"item\":\"https:\/\/www.jinyupaint.com\/shop.html\"},{\"@type\":\"ListItem\",\"position\":3,\"name\":\"JINYU\u00ae MF 4-6mm Polyurethane Paint For Concrete Floors\"}]},{\"@type\":\"WebSite\",\"@id\":\"https:\/\/www.jinyupaint.com\/#website\",\"url\":\"https:\/\/www.jinyupaint.com\/\",\"name\":\"JINYU\u00ae PAINT\",\"description\":\"JINYU PAINT\u00ae Manufacturer\",\"potentialAction\":[{\"@type\":\"SearchAction\",\"target\":{\"@type\":\"EntryPoint\",\"urlTemplate\":\"https:\/\/www.jinyupaint.com\/?s={search_term_string}\"},\"query-input\":{\"@type\":\"PropertyValueSpecification\",\"valueRequired\":true,\"valueName\":\"search_term_string\"}}],\"inLanguage\":\"es\"}]}<\/script>\n<!-- \/ Yoast SEO Premium plugin. -->","yoast_head_json":{"title":"JINYU\u00ae MF 4-6mm Pintura de poliuretano para suelos de hormig\u00f3n - KAIDA PAINT","description":"\u00bfBusca pintura de poliuretano para hormig\u00f3n? El revestimiento de mortero de poliuretano autonivelante JINYU\u00ae MF ofrece resistencia qu\u00edmica, durabilidad y resistencia al deslizamiento para suelos industriales de hormig\u00f3n. Ideal para almacenes, f\u00e1bricas de alimentos y mucho m\u00e1s.","robots":{"index":"index","follow":"follow","max-snippet":"max-snippet:-1","max-image-preview":"max-image-preview:large","max-video-preview":"max-video-preview:-1"},"canonical":"https:\/\/www.jinyupaint.com\/es\/producto\/jinyu-mf-4-6mm-polyurethane-paint-for-concrete-floors\/","og_locale":"es_ES","og_type":"article","og_title":"JINYU\u00ae MF 4-6mm Polyurethane Paint For Concrete Floors","og_description":"Looking for polyurethane paint for concrete? JINYU\u00ae MF self-leveling polyurethane mortar coating offers chemical resistance, durability & slip resistance for industrial concrete floors. Ideal for warehouses, food plants & more.","og_url":"https:\/\/www.jinyupaint.com\/es\/producto\/jinyu-mf-4-6mm-polyurethane-paint-for-concrete-floors\/","og_site_name":"KAIDA PAINT\u00ae","article_modified_time":"2025-11-30T12:05:50+00:00","og_image":[{"width":750,"height":750,"url":"https:\/\/www.jinyupaint.com\/wp-content\/uploads\/2025\/09\/JINYU\u00aeMF-4-6mm-Polyurethane-Paint-For-Concrete-Floors.jpg","type":"image\/jpeg"}],"twitter_card":"summary_large_image","twitter_misc":{"Tiempo de lectura":"4 minutos"},"schema":{"@context":"https:\/\/schema.org","@graph":[{"@type":"WebPage","@id":"https:\/\/www.jinyupaint.com\/product\/jinyu-mf-4-6mm-polyurethane-paint-for-concrete-floors","url":"https:\/\/www.jinyupaint.com\/product\/jinyu-mf-4-6mm-polyurethane-paint-for-concrete-floors","name":"JINYU\u00ae MF 4-6mm Pintura de poliuretano para suelos de hormig\u00f3n - KAIDA PAINT","isPartOf":{"@id":"https:\/\/www.jinyupaint.com\/#website"},"primaryImageOfPage":{"@id":"https:\/\/www.jinyupaint.com\/product\/jinyu-mf-4-6mm-polyurethane-paint-for-concrete-floors#primaryimage"},"image":{"@id":"https:\/\/www.jinyupaint.com\/product\/jinyu-mf-4-6mm-polyurethane-paint-for-concrete-floors#primaryimage"},"thumbnailUrl":"https:\/\/www.jinyupaint.com\/wp-content\/uploads\/2025\/09\/JINYU\u00aeMF-4-6mm-Polyurethane-Paint-For-Concrete-Floors.jpg","datePublished":"2025-09-08T08:34:12+00:00","dateModified":"2025-11-30T12:05:50+00:00","description":"\u00bfBusca pintura de poliuretano para hormig\u00f3n? El revestimiento de mortero de poliuretano autonivelante JINYU\u00ae MF ofrece resistencia qu\u00edmica, durabilidad y resistencia al deslizamiento para suelos industriales de hormig\u00f3n. Ideal para almacenes, f\u00e1bricas de alimentos y mucho m\u00e1s.","breadcrumb":{"@id":"https:\/\/www.jinyupaint.com\/product\/jinyu-mf-4-6mm-polyurethane-paint-for-concrete-floors#breadcrumb"},"inLanguage":"es","potentialAction":[{"@type":"ReadAction","target":["https:\/\/www.jinyupaint.com\/product\/jinyu-mf-4-6mm-polyurethane-paint-for-concrete-floors"]}]},{"@type":"ImageObject","inLanguage":"es","@id":"https:\/\/www.jinyupaint.com\/product\/jinyu-mf-4-6mm-polyurethane-paint-for-concrete-floors#primaryimage","url":"https:\/\/www.jinyupaint.com\/wp-content\/uploads\/2025\/09\/JINYU\u00aeMF-4-6mm-Polyurethane-Paint-For-Concrete-Floors.jpg","contentUrl":"https:\/\/www.jinyupaint.com\/wp-content\/uploads\/2025\/09\/JINYU\u00aeMF-4-6mm-Polyurethane-Paint-For-Concrete-Floors.jpg","width":750,"height":750,"caption":"JINYU\u00aeMF 4-6mm Polyurethane Paint For Concrete Floors"},{"@type":"BreadcrumbList","@id":"https:\/\/www.jinyupaint.com\/product\/jinyu-mf-4-6mm-polyurethane-paint-for-concrete-floors#breadcrumb","itemListElement":[{"@type":"ListItem","position":1,"name":"Home","item":"https:\/\/www.jinyupaint.com\/"},{"@type":"ListItem","position":2,"name":"Shop","item":"https:\/\/www.jinyupaint.com\/shop.html"},{"@type":"ListItem","position":3,"name":"JINYU\u00ae MF 4-6mm Polyurethane Paint For Concrete Floors"}]},{"@type":"WebSite","@id":"https:\/\/www.jinyupaint.com\/#website","url":"https:\/\/www.jinyupaint.com\/","name":"JINYU\u00ae PINTURA","description":"JINYU PAINT\u00ae Fabricante","potentialAction":[{"@type":"SearchAction","target":{"@type":"EntryPoint","urlTemplate":"https:\/\/www.jinyupaint.com\/?s={search_term_string}"},"query-input":{"@type":"PropertyValueSpecification","valueRequired":true,"valueName":"search_term_string"}}],"inLanguage":"es"}]}},"_links":{"self":[{"href":"https:\/\/www.jinyupaint.com\/es\/wp-json\/wp\/v2\/product\/5807","targetHints":{"allow":["GET"]}}],"collection":[{"href":"https:\/\/www.jinyupaint.com\/es\/wp-json\/wp\/v2\/product"}],"about":[{"href":"https:\/\/www.jinyupaint.com\/es\/wp-json\/wp\/v2\/types\/product"}],"wp:featuredmedia":[{"embeddable":true,"href":"https:\/\/www.jinyupaint.com\/es\/wp-json\/wp\/v2\/media\/5808"}],"wp:attachment":[{"href":"https:\/\/www.jinyupaint.com\/es\/wp-json\/wp\/v2\/media?parent=5807"}],"wp:term":[{"taxonomy":"product_brand","embeddable":true,"href":"https:\/\/www.jinyupaint.com\/es\/wp-json\/wp\/v2\/product_brand?post=5807"},{"taxonomy":"product_cat","embeddable":true,"href":"https:\/\/www.jinyupaint.com\/es\/wp-json\/wp\/v2\/product_cat?post=5807"},{"taxonomy":"product_tag","embeddable":true,"href":"https:\/\/www.jinyupaint.com\/es\/wp-json\/wp\/v2\/product_tag?post=5807"}],"curies":[{"name":"wp","href":"https:\/\/api.w.org\/{rel}","templated":true}]}}