{"id":5799,"date":"2025-09-06T06:59:32","date_gmt":"2025-09-06T06:59:32","guid":{"rendered":"https:\/\/www.jinyupaint.com\/?post_type=product&#038;p=5799"},"modified":"2025-11-30T12:07:05","modified_gmt":"2025-11-30T12:07:05","slug":"jinyu-ud-9-12mm-heavy-duty-anti-slip-polyurethane-concrete-floor-paint","status":"publish","type":"product","link":"https:\/\/www.jinyupaint.com\/es\/producto\/jinyu-ud-9-12mm-heavy-duty-anti-slip-polyurethane-concrete-floor-paint","title":{"rendered":"JINYU\u00ae UD 9-12mm Pintura de poliuretano antideslizante de alta resistencia para suelos de hormig\u00f3n"},"content":{"rendered":"<h2 class=\"ds-markdown-paragraph\"><span class=\"__assistant_translate_pnode __assistant_translate_pnode_inline\">Descripci\u00f3n del producto:<\/span><\/h2>\n<p class=\"ds-markdown-paragraph\"><strong><span class=\"__assistant_translate_pnode __assistant_translate_pnode_block\">JINYU\u00ae UD 9-12mm Sistema de suelo de mortero de uretano antideslizante de alta resistencia<\/span><\/strong><span class=\"__assistant_translate_pnode __assistant_translate_pnode_inline\">-una pintura de poliuretano duradera y de alto rendimiento para suelos de hormig\u00f3n dise\u00f1ada para entornos industriales extremos. Esta avanzada soluci\u00f3n para suelos combina una resistencia excepcional a los productos qu\u00edmicos, las temperaturas extremas, el tr\u00e1fico peatonal intenso y los impactos mec\u00e1nicos, lo que la convierte en la opci\u00f3n ideal para aplicaciones exigentes.<\/span><\/p>\n<p class=\"ds-markdown-paragraph\"><span class=\"__assistant_translate_pnode __assistant_translate_pnode_inline\">La construcci\u00f3n de alta resistencia del sistema soporta el tr\u00e1fico intenso, los impactos y la abrasi\u00f3n de la maquinaria pesada, lo que lo convierte en la opci\u00f3n ideal para almacenes, plantas de fabricaci\u00f3n y centros log\u00edsticos. Cada kit completo incluye componentes medidos con precisi\u00f3n para facilitar la instalaci\u00f3n, disponibles en grosores de 9 mm o 12 mm para satisfacer requisitos de carga espec\u00edficos.<\/span><\/p>\n<p class=\"ds-markdown-paragraph\"><span class=\"__assistant_translate_pnode __assistant_translate_pnode_inline\">Elija <span class=\"__assistant_translate_pnode __assistant_translate_pnode_block\">JINYU<\/span>\u00ae UD para suelos que combinan seguridad, durabilidad y cumplimiento de la normativa industrial. Transforme su espacio industrial con un revestimiento de hormig\u00f3n de poliuretano que resista los retos m\u00e1s dif\u00edciles.<\/span><\/p>\n<h2 class=\"ds-markdown-paragraph\"><span class=\"__assistant_translate_pnode __assistant_translate_pnode_inline\">Caracter\u00edsticas principales:<\/span><\/h2>\n<ol start=\"1\">\n<li>\n<p class=\"ds-markdown-paragraph\"><strong><span class=\"__assistant_translate_pnode __assistant_translate_pnode_block\">Resistencia qu\u00edmica superior<\/span><\/strong><br \/>\n<span class=\"__assistant_translate_pnode __assistant_translate_pnode_block\">Resiste productos qu\u00edmicos agresivos, \u00e1cidos y disolventes, lo que garantiza su longevidad en entornos agresivos.<\/span><\/p>\n<\/li>\n<\/ol>\n<ol start=\"1\">\n<li>\n<p class=\"ds-markdown-paragraph\"><strong><span class=\"__assistant_translate_pnode __assistant_translate_pnode_block\">Excelente estabilidad t\u00e9rmica<\/span><\/strong><br \/>\n<span class=\"__assistant_translate_pnode __assistant_translate_pnode_block\">Funciona con fiabilidad tanto en condiciones extremas de fr\u00edo como de calor, por lo que es adecuado para ciclos de congelaci\u00f3n\/descongelaci\u00f3n y zonas de altas temperaturas.<\/span><\/p>\n<\/li>\n<li>\n<p class=\"ds-markdown-paragraph\"><strong><span class=\"__assistant_translate_pnode __assistant_translate_pnode_block\">Excelente resistencia a la abrasi\u00f3n y al impacto<\/span><\/strong><br \/>\n<span class=\"__assistant_translate_pnode __assistant_translate_pnode_inline\">Dise\u00f1ado para soportar maquinaria pesada, tr\u00e1fico frecuente y desgaste mec\u00e1nico sin agrietarse ni degradarse.<\/span><\/p>\n<\/li>\n<li>\n<p class=\"ds-markdown-paragraph\"><strong><span class=\"__assistant_translate_pnode __assistant_translate_pnode_block\">Propiedades antideslizantes mejoradas<\/span><\/strong><br \/>\n<span class=\"__assistant_translate_pnode __assistant_translate_pnode_inline\">La superficie texturizada de 9-12 mm proporciona una resistencia superior al deslizamiento, incluso en condiciones h\u00famedas o aceitosas.<\/span><\/p>\n<\/li>\n<li>\n<p class=\"ds-markdown-paragraph\"><strong><span class=\"__assistant_translate_pnode __assistant_translate_pnode_block\">Higi\u00e9nico y antimicrobiano<\/span><\/strong><br \/>\n<span class=\"__assistant_translate_pnode __assistant_translate_pnode_block\">Inhibe el crecimiento bacteriano, por lo que es perfecto para industrias en las que la limpieza es fundamental.<\/span><\/p>\n<\/li>\n<\/ol>\n<h2 class=\"ds-markdown-paragraph\"><span class=\"__assistant_translate_pnode __assistant_translate_pnode_inline\">Aplicaciones:<\/span><\/h2>\n<ul>\n<li>\n<p class=\"ds-markdown-paragraph\"><strong><span class=\"__assistant_translate_pnode __assistant_translate_pnode_block\">Servicios de comidas y bebidas:<\/span><\/strong><span class=\"__assistant_translate_pnode __assistant_translate_pnode_block\">\u00a0Resiste derrames, manchas y limpiezas frecuentes.<\/span><\/p>\n<\/li>\n<li>\n<p class=\"ds-markdown-paragraph\"><strong><span class=\"__assistant_translate_pnode __assistant_translate_pnode_block\">Plantas farmac\u00e9uticas y qu\u00edmicas:<\/span><\/strong><span class=\"__assistant_translate_pnode __assistant_translate_pnode_block\">\u00a0Manipula sustancias corrosivas y cumple estrictas normas de higiene.<\/span><\/p>\n<\/li>\n<li>\n<p class=\"ds-markdown-paragraph\"><strong><span class=\"__assistant_translate_pnode __assistant_translate_pnode_block\">Zonas industriales de alto tr\u00e1fico:<\/span><\/strong><span class=\"__assistant_translate_pnode __assistant_translate_pnode_block\">\u00a0Ideal para almacenes, plantas de fabricaci\u00f3n y muelles de carga.<\/span><\/p>\n<\/li>\n<li>\n<p class=\"ds-markdown-paragraph\"><strong><span class=\"__assistant_translate_pnode __assistant_translate_pnode_block\">Entornos de temperaturas extremas:<\/span><\/strong><span class=\"__assistant_translate_pnode __assistant_translate_pnode_block\">\u00a0Adecuado para congeladores de almacenamiento en fr\u00edo y zonas de procesamiento de alta temperatura.<\/span><\/p>\n<\/li>\n<\/ul>\n<h2 class=\"ds-markdown-paragraph\"><span class=\"__assistant_translate_pnode __assistant_translate_pnode_block\">Cobertura y envasado:<\/span><\/h2>\n<ul>\n<li>\n<p class=\"ds-markdown-paragraph\"><strong><span class=\"__assistant_translate_pnode __assistant_translate_pnode_inline\">9 mm de grosor:<\/span><\/strong><span class=\"__assistant_translate_pnode __assistant_translate_pnode_inline\">\u00a018 kg\/m\u00b2<\/span><\/p>\n<\/li>\n<li>\n<p class=\"ds-markdown-paragraph\"><strong><span class=\"__assistant_translate_pnode __assistant_translate_pnode_inline\">12 mm de grosor:<\/span><\/strong><span class=\"__assistant_translate_pnode __assistant_translate_pnode_inline\">\u00a024 kg\/m\u00b2<\/span><\/p>\n<\/li>\n<\/ul>\n<p class=\"ds-markdown-paragraph\"><strong><span class=\"__assistant_translate_pnode __assistant_translate_pnode_block\">El kit completo incluye:<\/span><\/strong><\/p>\n<ul>\n<li>\n<p class=\"ds-markdown-paragraph\"><span class=\"__assistant_translate_pnode __assistant_translate_pnode_block\">A: Resina de poliuretano (2,52 kg\/bolsa)<\/span><\/p>\n<\/li>\n<li>\n<p class=\"ds-markdown-paragraph\"><span class=\"__assistant_translate_pnode __assistant_translate_pnode_block\">B: Endurecedor (2,86 kg\/saco)<\/span><\/p>\n<\/li>\n<li>\n<p class=\"ds-markdown-paragraph\"><span class=\"__assistant_translate_pnode __assistant_translate_pnode_block\">C: Agregado inorg\u00e1nico (35,28 kg\/saco)<\/span><\/p>\n<\/li>\n<li>\n<p class=\"ds-markdown-paragraph\"><span class=\"__assistant_translate_pnode __assistant_translate_pnode_block\">D: Pasta de color (0,5 kg\/bolsa)<\/span><\/p>\n<\/li>\n<li>\n<p class=\"ds-markdown-paragraph\"><strong><span class=\"__assistant_translate_pnode __assistant_translate_pnode_inline\">Peso total:<\/span><\/strong><span class=\"__assistant_translate_pnode __assistant_translate_pnode_inline\">\u00a041,16 kg por juego<\/span><\/p>\n<\/li>\n<\/ul>\n<p> \t<a href=\"https:\/\/www.jinyupaint.com\/wp-content\/uploads\/2025\/09\/heavy-duty-anti-slip-polyurethane-mortar-floor-installation-food-plant.jpg\"><img fetchpriority=\"high\" decoding=\"async\" class=\"alignnone size-full wp-image-5800\" src=\"https:\/\/www.jinyupaint.com\/wp-content\/uploads\/2025\/09\/heavy-duty-anti-slip-polyurethane-mortar-floor-installation-food-plant.jpg\" alt=\"instalaci\u00f3n de suelo de mortero de poliuretano antideslizante de alta resistencia planta alimentaria\" width=\"570\" height=\"360\" srcset=\"https:\/\/www.jinyupaint.com\/wp-content\/uploads\/2025\/09\/heavy-duty-anti-slip-polyurethane-mortar-floor-installation-food-plant.jpg 570w, https:\/\/www.jinyupaint.com\/wp-content\/uploads\/2025\/09\/heavy-duty-anti-slip-polyurethane-mortar-floor-installation-food-plant-300x189.jpg 300w, https:\/\/www.jinyupaint.com\/wp-content\/uploads\/2025\/09\/heavy-duty-anti-slip-polyurethane-mortar-floor-installation-food-plant-18x12.jpg 18w\" sizes=\"(max-width: 570px) 100vw, 570px\" \/><\/a><\/p>","protected":false},"excerpt":{"rendered":"<p class=\"ds-markdown-paragraph\"><span class=\"__assistant_translate_pnode __assistant_translate_pnode_block\">Dise\u00f1ado para un rendimiento extremo, JINYU\u00aeUD es un sistema para suelos de mortero de uretano antideslizante de alta resistencia que establece nuevos est\u00e1ndares en suelos industriales. Esta pintura de poliuretano para suelos de hormig\u00f3n de 9-12 mm de grosor ofrece una durabilidad y seguridad inigualables en los entornos m\u00e1s exigentes.<\/span><\/p>\n<p class=\"ds-markdown-paragraph\"><span class=\"__assistant_translate_pnode __assistant_translate_pnode_inline\">Nuestra avanzada formulaci\u00f3n combina una excepcional resistencia qu\u00edmica con una estabilidad t\u00e9rmica superior, garantizando un rendimiento fiable desde las c\u00e1maras frigor\u00edficas hasta las zonas de procesamiento a altas temperaturas. La superficie texturizada proporciona una extraordinaria resistencia al deslizamiento incluso cuando se expone a aceites, agua y productos qu\u00edmicos, mientras que sus propiedades antimicrobianas mantienen las estrictas normas de higiene exigidas en las industrias alimentaria, farmac\u00e9utica y qu\u00edmica.<\/span><\/p>","protected":false},"featured_media":5801,"template":"","meta":{"om_disable_all_campaigns":false,"_monsterinsights_skip_tracking":false,"_monsterinsights_sitenote_active":false,"_monsterinsights_sitenote_note":"","_monsterinsights_sitenote_category":0,"_uf_show_specific_survey":0,"_uf_disable_surveys":false},"product_brand":[],"product_cat":[109],"product_tag":[684,680,640,685,683,681,641,615,682,657],"class_list":{"0":"post-5799","1":"product","2":"type-product","3":"status-publish","4":"has-post-thumbnail","6":"product_cat-polyurethane-floor-coating","7":"product_tag-anti-slip-industrial-flooring","8":"product_tag-anti-slip-polyurethane-mortar","9":"product_tag-chemical-resistant-flooring","10":"product_tag-concrete-floor-coating-systems","11":"product_tag-food-plant-flooring","12":"product_tag-heavy-duty-floor-paint","13":"product_tag-industrial-floor-coating","14":"product_tag-polyurethane-concrete-floor-paint","15":"product_tag-polyurethane-mortar-flooring","16":"product_tag-warehouse-floor-coating","18":"first","19":"instock","20":"shipping-taxable","21":"product-type-simple"},"yoast_head":"<!-- This site is optimized with the Yoast SEO Premium plugin v26.2 (Yoast SEO v26.5) - https:\/\/yoast.com\/wordpress\/plugins\/seo\/ -->\n<title>JINYU\u00ae UD 9-12mm Heavy-Duty Anti-Slip Polyurethane Concrete Floor Paint - KAIDA PAINT<\/title>\n<meta name=\"description\" content=\"JINYU\u00aeUD 9-12mm heavy duty anti-slip urethane mortar floor syteme with polyurethane concrete floor paint. Chemical, temperature &amp; abrasion resistant. For food, pharmaceutical &amp; industrial use. USDA\/FDA compliant.\" \/>\n<meta name=\"robots\" content=\"index, follow, max-snippet:-1, max-image-preview:large, max-video-preview:-1\" \/>\n<link rel=\"canonical\" href=\"https:\/\/www.jinyupaint.com\/es\/producto\/jinyu-ud-9-12mm-heavy-duty-anti-slip-polyurethane-concrete-floor-paint\/\" \/>\n<meta property=\"og:locale\" content=\"es_ES\" \/>\n<meta property=\"og:type\" content=\"article\" \/>\n<meta property=\"og:title\" content=\"JINYU\u00ae UD 9-12mm Heavy-Duty Anti-Slip Polyurethane Concrete Floor Paint\" \/>\n<meta property=\"og:description\" content=\"JINYU\u00aeUD 9-12mm heavy duty anti-slip urethane mortar floor syteme with polyurethane concrete floor paint. Chemical, temperature &amp; abrasion resistant. For food, pharmaceutical &amp; industrial use. USDA\/FDA compliant.\" \/>\n<meta property=\"og:url\" content=\"https:\/\/www.jinyupaint.com\/es\/producto\/jinyu-ud-9-12mm-heavy-duty-anti-slip-polyurethane-concrete-floor-paint\/\" \/>\n<meta property=\"og:site_name\" content=\"KAIDA PAINT\u00ae\" \/>\n<meta property=\"article:modified_time\" content=\"2025-11-30T12:07:05+00:00\" \/>\n<meta property=\"og:image\" content=\"https:\/\/www.jinyupaint.com\/wp-content\/uploads\/2025\/09\/JINYU\u00ae-UD-9-12mm-Heavy-Duty-Anti-Slip-Polyurethane-Concrete-Floor-Paint.jpg\" \/>\n\t<meta property=\"og:image:width\" content=\"750\" \/>\n\t<meta property=\"og:image:height\" content=\"750\" \/>\n\t<meta property=\"og:image:type\" content=\"image\/jpeg\" \/>\n<meta name=\"twitter:card\" content=\"summary_large_image\" \/>\n<meta name=\"twitter:label1\" content=\"Tiempo de lectura\" \/>\n\t<meta name=\"twitter:data1\" content=\"2 minutos\" \/>\n<script type=\"application\/ld+json\" class=\"yoast-schema-graph\">{\"@context\":\"https:\/\/schema.org\",\"@graph\":[{\"@type\":\"WebPage\",\"@id\":\"https:\/\/www.jinyupaint.com\/product\/jinyu-ud-9-12mm-heavy-duty-anti-slip-polyurethane-concrete-floor-paint\",\"url\":\"https:\/\/www.jinyupaint.com\/product\/jinyu-ud-9-12mm-heavy-duty-anti-slip-polyurethane-concrete-floor-paint\",\"name\":\"JINYU\u00ae UD 9-12mm Heavy-Duty Anti-Slip Polyurethane Concrete Floor Paint - KAIDA PAINT\",\"isPartOf\":{\"@id\":\"https:\/\/www.jinyupaint.com\/#website\"},\"primaryImageOfPage\":{\"@id\":\"https:\/\/www.jinyupaint.com\/product\/jinyu-ud-9-12mm-heavy-duty-anti-slip-polyurethane-concrete-floor-paint#primaryimage\"},\"image\":{\"@id\":\"https:\/\/www.jinyupaint.com\/product\/jinyu-ud-9-12mm-heavy-duty-anti-slip-polyurethane-concrete-floor-paint#primaryimage\"},\"thumbnailUrl\":\"https:\/\/www.jinyupaint.com\/wp-content\/uploads\/2025\/09\/JINYU\u00ae-UD-9-12mm-Heavy-Duty-Anti-Slip-Polyurethane-Concrete-Floor-Paint.jpg\",\"datePublished\":\"2025-09-06T06:59:32+00:00\",\"dateModified\":\"2025-11-30T12:07:05+00:00\",\"description\":\"JINYU\u00aeUD 9-12mm heavy duty anti-slip urethane mortar floor syteme with polyurethane concrete floor paint. Chemical, temperature & abrasion resistant. For food, pharmaceutical & industrial use. USDA\/FDA compliant.\",\"breadcrumb\":{\"@id\":\"https:\/\/www.jinyupaint.com\/product\/jinyu-ud-9-12mm-heavy-duty-anti-slip-polyurethane-concrete-floor-paint#breadcrumb\"},\"inLanguage\":\"es\",\"potentialAction\":[{\"@type\":\"ReadAction\",\"target\":[\"https:\/\/www.jinyupaint.com\/product\/jinyu-ud-9-12mm-heavy-duty-anti-slip-polyurethane-concrete-floor-paint\"]}]},{\"@type\":\"ImageObject\",\"inLanguage\":\"es\",\"@id\":\"https:\/\/www.jinyupaint.com\/product\/jinyu-ud-9-12mm-heavy-duty-anti-slip-polyurethane-concrete-floor-paint#primaryimage\",\"url\":\"https:\/\/www.jinyupaint.com\/wp-content\/uploads\/2025\/09\/JINYU\u00ae-UD-9-12mm-Heavy-Duty-Anti-Slip-Polyurethane-Concrete-Floor-Paint.jpg\",\"contentUrl\":\"https:\/\/www.jinyupaint.com\/wp-content\/uploads\/2025\/09\/JINYU\u00ae-UD-9-12mm-Heavy-Duty-Anti-Slip-Polyurethane-Concrete-Floor-Paint.jpg\",\"width\":750,\"height\":750,\"caption\":\"JINYU\u00ae UD 9-12mm Heavy-Duty Anti Slip Polyurethane Concrete Floor Paint\"},{\"@type\":\"BreadcrumbList\",\"@id\":\"https:\/\/www.jinyupaint.com\/product\/jinyu-ud-9-12mm-heavy-duty-anti-slip-polyurethane-concrete-floor-paint#breadcrumb\",\"itemListElement\":[{\"@type\":\"ListItem\",\"position\":1,\"name\":\"Home\",\"item\":\"https:\/\/www.jinyupaint.com\/\"},{\"@type\":\"ListItem\",\"position\":2,\"name\":\"Shop\",\"item\":\"https:\/\/www.jinyupaint.com\/shop.html\"},{\"@type\":\"ListItem\",\"position\":3,\"name\":\"JINYU\u00ae UD 9-12mm Heavy-Duty Anti-Slip Polyurethane Concrete Floor Paint\"}]},{\"@type\":\"WebSite\",\"@id\":\"https:\/\/www.jinyupaint.com\/#website\",\"url\":\"https:\/\/www.jinyupaint.com\/\",\"name\":\"JINYU\u00ae PAINT\",\"description\":\"JINYU PAINT\u00ae Manufacturer\",\"potentialAction\":[{\"@type\":\"SearchAction\",\"target\":{\"@type\":\"EntryPoint\",\"urlTemplate\":\"https:\/\/www.jinyupaint.com\/?s={search_term_string}\"},\"query-input\":{\"@type\":\"PropertyValueSpecification\",\"valueRequired\":true,\"valueName\":\"search_term_string\"}}],\"inLanguage\":\"es\"}]}<\/script>\n<!-- \/ Yoast SEO Premium plugin. -->","yoast_head_json":{"title":"JINYU\u00ae UD 9-12mm Pintura de poliuretano antideslizante para suelos de hormig\u00f3n - KAIDA PAINT","description":"JINYU\u00aeUD 9-12mm sistema antideslizante de mortero de uretano con pintura de poliuretano para suelos de hormig\u00f3n. Resistente a los productos qu\u00edmicos, la temperatura y la abrasi\u00f3n. Para uso alimentario, farmac\u00e9utico e industrial. Conforme a USDA\/FDA.","robots":{"index":"index","follow":"follow","max-snippet":"max-snippet:-1","max-image-preview":"max-image-preview:large","max-video-preview":"max-video-preview:-1"},"canonical":"https:\/\/www.jinyupaint.com\/es\/producto\/jinyu-ud-9-12mm-heavy-duty-anti-slip-polyurethane-concrete-floor-paint\/","og_locale":"es_ES","og_type":"article","og_title":"JINYU\u00ae UD 9-12mm Heavy-Duty Anti-Slip Polyurethane Concrete Floor Paint","og_description":"JINYU\u00aeUD 9-12mm heavy duty anti-slip urethane mortar floor syteme with polyurethane concrete floor paint. Chemical, temperature & abrasion resistant. For food, pharmaceutical & industrial use. USDA\/FDA compliant.","og_url":"https:\/\/www.jinyupaint.com\/es\/producto\/jinyu-ud-9-12mm-heavy-duty-anti-slip-polyurethane-concrete-floor-paint\/","og_site_name":"KAIDA PAINT\u00ae","article_modified_time":"2025-11-30T12:07:05+00:00","og_image":[{"width":750,"height":750,"url":"https:\/\/www.jinyupaint.com\/wp-content\/uploads\/2025\/09\/JINYU\u00ae-UD-9-12mm-Heavy-Duty-Anti-Slip-Polyurethane-Concrete-Floor-Paint.jpg","type":"image\/jpeg"}],"twitter_card":"summary_large_image","twitter_misc":{"Tiempo de lectura":"2 minutos"},"schema":{"@context":"https:\/\/schema.org","@graph":[{"@type":"WebPage","@id":"https:\/\/www.jinyupaint.com\/product\/jinyu-ud-9-12mm-heavy-duty-anti-slip-polyurethane-concrete-floor-paint","url":"https:\/\/www.jinyupaint.com\/product\/jinyu-ud-9-12mm-heavy-duty-anti-slip-polyurethane-concrete-floor-paint","name":"JINYU\u00ae UD 9-12mm Pintura de poliuretano antideslizante para suelos de hormig\u00f3n - KAIDA PAINT","isPartOf":{"@id":"https:\/\/www.jinyupaint.com\/#website"},"primaryImageOfPage":{"@id":"https:\/\/www.jinyupaint.com\/product\/jinyu-ud-9-12mm-heavy-duty-anti-slip-polyurethane-concrete-floor-paint#primaryimage"},"image":{"@id":"https:\/\/www.jinyupaint.com\/product\/jinyu-ud-9-12mm-heavy-duty-anti-slip-polyurethane-concrete-floor-paint#primaryimage"},"thumbnailUrl":"https:\/\/www.jinyupaint.com\/wp-content\/uploads\/2025\/09\/JINYU\u00ae-UD-9-12mm-Heavy-Duty-Anti-Slip-Polyurethane-Concrete-Floor-Paint.jpg","datePublished":"2025-09-06T06:59:32+00:00","dateModified":"2025-11-30T12:07:05+00:00","description":"JINYU\u00aeUD 9-12mm sistema antideslizante de mortero de uretano con pintura de poliuretano para suelos de hormig\u00f3n. Resistente a los productos qu\u00edmicos, la temperatura y la abrasi\u00f3n. Para uso alimentario, farmac\u00e9utico e industrial. Conforme a USDA\/FDA.","breadcrumb":{"@id":"https:\/\/www.jinyupaint.com\/product\/jinyu-ud-9-12mm-heavy-duty-anti-slip-polyurethane-concrete-floor-paint#breadcrumb"},"inLanguage":"es","potentialAction":[{"@type":"ReadAction","target":["https:\/\/www.jinyupaint.com\/product\/jinyu-ud-9-12mm-heavy-duty-anti-slip-polyurethane-concrete-floor-paint"]}]},{"@type":"ImageObject","inLanguage":"es","@id":"https:\/\/www.jinyupaint.com\/product\/jinyu-ud-9-12mm-heavy-duty-anti-slip-polyurethane-concrete-floor-paint#primaryimage","url":"https:\/\/www.jinyupaint.com\/wp-content\/uploads\/2025\/09\/JINYU\u00ae-UD-9-12mm-Heavy-Duty-Anti-Slip-Polyurethane-Concrete-Floor-Paint.jpg","contentUrl":"https:\/\/www.jinyupaint.com\/wp-content\/uploads\/2025\/09\/JINYU\u00ae-UD-9-12mm-Heavy-Duty-Anti-Slip-Polyurethane-Concrete-Floor-Paint.jpg","width":750,"height":750,"caption":"JINYU\u00ae UD 9-12mm Heavy-Duty Anti Slip Polyurethane Concrete Floor Paint"},{"@type":"BreadcrumbList","@id":"https:\/\/www.jinyupaint.com\/product\/jinyu-ud-9-12mm-heavy-duty-anti-slip-polyurethane-concrete-floor-paint#breadcrumb","itemListElement":[{"@type":"ListItem","position":1,"name":"Home","item":"https:\/\/www.jinyupaint.com\/"},{"@type":"ListItem","position":2,"name":"Shop","item":"https:\/\/www.jinyupaint.com\/shop.html"},{"@type":"ListItem","position":3,"name":"JINYU\u00ae UD 9-12mm Heavy-Duty Anti-Slip Polyurethane Concrete Floor Paint"}]},{"@type":"WebSite","@id":"https:\/\/www.jinyupaint.com\/#website","url":"https:\/\/www.jinyupaint.com\/","name":"JINYU\u00ae PINTURA","description":"JINYU PAINT\u00ae Fabricante","potentialAction":[{"@type":"SearchAction","target":{"@type":"EntryPoint","urlTemplate":"https:\/\/www.jinyupaint.com\/?s={search_term_string}"},"query-input":{"@type":"PropertyValueSpecification","valueRequired":true,"valueName":"search_term_string"}}],"inLanguage":"es"}]}},"_links":{"self":[{"href":"https:\/\/www.jinyupaint.com\/es\/wp-json\/wp\/v2\/product\/5799","targetHints":{"allow":["GET"]}}],"collection":[{"href":"https:\/\/www.jinyupaint.com\/es\/wp-json\/wp\/v2\/product"}],"about":[{"href":"https:\/\/www.jinyupaint.com\/es\/wp-json\/wp\/v2\/types\/product"}],"wp:featuredmedia":[{"embeddable":true,"href":"https:\/\/www.jinyupaint.com\/es\/wp-json\/wp\/v2\/media\/5801"}],"wp:attachment":[{"href":"https:\/\/www.jinyupaint.com\/es\/wp-json\/wp\/v2\/media?parent=5799"}],"wp:term":[{"taxonomy":"product_brand","embeddable":true,"href":"https:\/\/www.jinyupaint.com\/es\/wp-json\/wp\/v2\/product_brand?post=5799"},{"taxonomy":"product_cat","embeddable":true,"href":"https:\/\/www.jinyupaint.com\/es\/wp-json\/wp\/v2\/product_cat?post=5799"},{"taxonomy":"product_tag","embeddable":true,"href":"https:\/\/www.jinyupaint.com\/es\/wp-json\/wp\/v2\/product_tag?post=5799"}],"curies":[{"name":"wp","href":"https:\/\/api.w.org\/{rel}","templated":true}]}}