{"id":5788,"date":"2025-09-05T05:32:43","date_gmt":"2025-09-05T05:32:43","guid":{"rendered":"https:\/\/www.jinyupaint.com\/?post_type=product&#038;p=5788"},"modified":"2025-12-01T01:36:39","modified_gmt":"2025-12-01T01:36:39","slug":"jinyu-sl-self-leveling-urethane-floor-coating-semi-gloss-finish","status":"publish","type":"product","link":"https:\/\/www.jinyupaint.com\/es\/producto\/jinyu-sl-self-leveling-urethane-floor-coating-semi-gloss-finish","title":{"rendered":"JINYU\u00ae SL Revestimiento de suelo de uretano autonivelante Acabado semibrillante"},"content":{"rendered":"<h2>Descripci\u00f3n del producto<\/h2>\n<p class=\"ds-markdown-paragraph\">El sistema JINYU-SL es una soluci\u00f3n de suelos de uretano autonivelante de alto rendimiento dise\u00f1ada para entornos industriales y comerciales que requieren una superficie sin juntas, duradera y f\u00e1cil de limpiar. Como sistema avanzado de revestimiento de suelos de hormig\u00f3n de uretano, proporciona una solidez y una resistencia qu\u00edmica excepcionales con un espesor de aplicaci\u00f3n de s\u00f3lo 2-4 mm. Este innovador revestimiento de hormig\u00f3n de poliuretano ofrece tanto un atractivo est\u00e9tico como un rendimiento funcional, por lo que es ideal para el revestimiento de suelos de garaje de uretano, aplicaciones de suelos de hormig\u00f3n pu y espacios comerciales exigentes.<\/p>\n<p class=\"ds-markdown-paragraph\">Tanto si necesita una pintura de poliuretano para suelos de garaje, un acabado de uretano resistente a los productos qu\u00edmicos o un revestimiento de poliuretano duradero para suelos, nuestra tecnolog\u00eda de uretano cementoso ofrece un rendimiento superior al de las opciones tradicionales de suelos de poliuretano epoxi. El sistema puede aplicarse como una capa transparente de poliuretano para hormig\u00f3n o como una solera de poliuretano de espesor total, creando un acabado de suelo de poliuretano sin juntas que resiste el tr\u00e1fico intenso, los productos qu\u00edmicos y el choque t\u00e9rmico.<\/p>\n<h2>Principales caracter\u00edsticas y ventajas:<\/h2>\n<ul>\n<li>\n<p class=\"ds-markdown-paragraph\"><strong>Durabilidad y resistencia excepcionales:<\/strong>\u00a0Nuestro revestimiento de uretano para suelos de hormig\u00f3n presenta una alta resistencia a la compresi\u00f3n (57 N\/mm\u00b2), a la flexi\u00f3n (13 N\/mm\u00b2) y a la tracci\u00f3n (6 N\/mm\u00b2), lo que garantiza un rendimiento a largo plazo bajo grandes cargas y tensiones. Esto lo convierte en la mejor soluci\u00f3n de uretano para suelos en aplicaciones industriales.<\/p>\n<\/li>\n<li>\n<p class=\"ds-markdown-paragraph\"><strong>Adhesi\u00f3n superior:<\/strong>\u00a0El revestimiento de poliuretano para suelos de hormig\u00f3n presenta una excelente fuerza de adherencia (2,4 N\/mm\u00b2), lo que evita la delaminaci\u00f3n y crea una uni\u00f3n permanente con los sustratos de hormig\u00f3n. Puede aplicarse como poliuretano sobre epoxi o directamente sobre poliuretano en superficies de cemento.<\/p>\n<\/li>\n<li>\n<p class=\"ds-markdown-paragraph\"><strong>Resistencia qu\u00edmica y a las manchas:<\/strong>\u00a0Este sistema de revestimiento de poliuretano para suelos de hormig\u00f3n ofrece una extraordinaria resistencia a aceites, productos qu\u00edmicos y disolventes, por lo que resulta ideal para el revestimiento de uretano de suelos de garajes, instalaciones de fabricaci\u00f3n y laboratorios. La superficie no porosa evita la penetraci\u00f3n de l\u00edquidos y las manchas.<\/p>\n<\/li>\n<li>\n<p class=\"ds-markdown-paragraph\"><strong>Propiedades higi\u00e9nicas y antimicrobianas:<\/strong>\u00a0Certificado para resistir el crecimiento microbiano (ASTM G21-90), nuestro poliuretano para suelos de hormig\u00f3n es perfecto para zonas de procesamiento de alimentos, instalaciones farmac\u00e9uticas, laboratorios y entornos limpios en los que la higiene es fundamental.<\/p>\n<\/li>\n<li>\n<p class=\"ds-markdown-paragraph\"><strong>Superficie sin juntas y f\u00e1cil de limpiar:<\/strong>\u00a0El uretano suave y autonivelante crea un sellador de suelos de poliuretano no poroso que evita la acumulaci\u00f3n de suciedad y humedad, simplificando el mantenimiento y garantizando la limpieza. Es un poliuretano de revestimiento de suelos ideal para instalaciones que requieren normas de higiene estrictas.<\/p>\n<\/li>\n<li>\n<p class=\"ds-markdown-paragraph\"><strong>M\u00faltiples m\u00e9todos de aplicaci\u00f3n:<\/strong>\u00a0El sistema puede utilizarse como pintura de poliuretano para hormig\u00f3n, como capa de acabado de uretano para epoxi o como sistema completo de resina de poliuretano para suelos. Tambi\u00e9n ofrecemos opciones de acabado de poliuretano a base de agua para aplicaciones sensibles al medio ambiente.<\/p>\n<\/li>\n<li>\n<p class=\"ds-markdown-paragraph\"><strong>Opciones antideslizantes disponibles:<\/strong>\u00a0El m\u00e9todo de capa de acabado AP con \u00e1rido al voleo proporciona una superficie antideslizante para zonas como aparcamientos, lavaderos e instalaciones industriales en las que la seguridad del acabado del suelo de uretano es primordial.<\/p>\n<\/li>\n<li>\n<p class=\"ds-markdown-paragraph\"><strong>Instalaci\u00f3n r\u00e1pida y rentabilidad:<\/strong> Las propiedades autonivelantes del uretano permiten una instalaci\u00f3n r\u00e1pida y eficaz sobre losas de hormig\u00f3n debidamente preparadas. Con un coste competitivo de suelo de poliuretano y pintura pu por pie cuadrado, ofrece un valor excelente para obtener resultados profesionales.<\/p>\n<\/li>\n<\/ul>\n<h2 class=\"ds-markdown-paragraph\"><strong>Componentes del sistema y cobertura:<\/strong><\/h2>\n<ul>\n<li>\n<p class=\"ds-markdown-paragraph\"><strong>Peso del kit completo:<\/strong>\u00a017,88 kg por juego.<\/p>\n<\/li>\n<li>\n<p class=\"ds-markdown-paragraph\"><strong>Embalaje de componentes:<\/strong><\/p>\n<ul>\n<li>\n<p class=\"ds-markdown-paragraph\">Componente A: Poliuretano modificado (2,52 kg\/bolsa)<\/p>\n<\/li>\n<li>\n<p class=\"ds-markdown-paragraph\">Componente B: Endurecedor (2,86 kg\/saco)<\/p>\n<\/li>\n<li>\n<p class=\"ds-markdown-paragraph\">Componente C: Agregado inorg\u00e1nico (12 kg\/saco)<\/p>\n<\/li>\n<li>\n<p class=\"ds-markdown-paragraph\">Componente D: Pasta de color (0,5 kg\/bolsa)<\/p>\n<\/li>\n<\/ul>\n<\/li>\n<li>\n<p class=\"ds-markdown-paragraph\"><strong>Consumo unitario:<\/strong>\u00a0Aproximadamente 2,0 kg por mm de espesor por metro cuadrado para la capa de acabado SL.<\/p>\n<\/li>\n<\/ul>\n<h2 class=\"ds-markdown-paragraph\"><strong>Especificaciones de aplicaci\u00f3n (M\u00e9todo de autonivelaci\u00f3n SL):<\/strong><\/h2>\n<p><a href=\"https:\/\/www.jinyupaint.com\/wp-content\/uploads\/2025\/09\/Self-Leveling-Semi-Gloss-SL-Urethane-Application-Method.jpg\"><img fetchpriority=\"high\" decoding=\"async\" class=\"alignnone size-full wp-image-5792\" src=\"https:\/\/www.jinyupaint.com\/wp-content\/uploads\/2025\/09\/Self-Leveling-Semi-Gloss-SL-Urethane-Application-Method.jpg\" alt=\"Uretano autonivelante semibrillante SL M\u00e9todo de aplicaci\u00f3n\" width=\"1200\" height=\"553\" srcset=\"https:\/\/www.jinyupaint.com\/wp-content\/uploads\/2025\/09\/Self-Leveling-Semi-Gloss-SL-Urethane-Application-Method.jpg 1200w, https:\/\/www.jinyupaint.com\/wp-content\/uploads\/2025\/09\/Self-Leveling-Semi-Gloss-SL-Urethane-Application-Method-300x138.jpg 300w, https:\/\/www.jinyupaint.com\/wp-content\/uploads\/2025\/09\/Self-Leveling-Semi-Gloss-SL-Urethane-Application-Method-1024x472.jpg 1024w, https:\/\/www.jinyupaint.com\/wp-content\/uploads\/2025\/09\/Self-Leveling-Semi-Gloss-SL-Urethane-Application-Method-768x354.jpg 768w, https:\/\/www.jinyupaint.com\/wp-content\/uploads\/2025\/09\/Self-Leveling-Semi-Gloss-SL-Urethane-Application-Method-18x8.jpg 18w, https:\/\/www.jinyupaint.com\/wp-content\/uploads\/2025\/09\/Self-Leveling-Semi-Gloss-SL-Urethane-Application-Method-600x277.jpg 600w\" sizes=\"(max-width: 1200px) 100vw, 1200px\" \/><\/a><\/p>\n<div class=\"ds-scroll-area _1210dd7\">\n<table>\n<thead>\n<tr>\n<th>Sistema<\/th>\n<th>Espesor<\/th>\n<th>Primer Consumo<\/th>\n<th>Consumo de Top Coat<\/th>\n<\/tr>\n<\/thead>\n<tbody>\n<tr>\n<td><strong>Sistema LS-20<\/strong><\/td>\n<td>2,0 mm (6,0 kg\/m\u00b2)<\/td>\n<td>0,18 kg\/m<\/td>\n<td>-<\/td>\n<\/tr>\n<tr>\n<td><strong>Sistema LS-30<\/strong><\/td>\n<td>3,0 mm (6,0 kg\/m\u00b2)<\/td>\n<td>0,18 kg\/m<\/td>\n<td>-<\/td>\n<\/tr>\n<tr>\n<td><strong>Sistema LS-40<\/strong><\/td>\n<td>4,0 mm (8,0 kg\/m\u00b2)<\/td>\n<td>0,18 kg\/m<\/td>\n<td>-<\/td>\n<\/tr>\n<tr>\n<td><strong>Sistema LS-50<\/strong><\/td>\n<td>5,0 mm (10,0 kg\/m\u00b2)<\/td>\n<td>0,18 kg\/m<\/td>\n<td>-<\/td>\n<\/tr>\n<\/tbody>\n<\/table>\n<\/div>\n<h2 class=\"ds-markdown-paragraph\"><strong>Especificaciones de aplicaci\u00f3n (M\u00e9todo antideslizante SL-R con capa superior AP):<\/strong><\/h2>\n<div class=\"ds-scroll-area _1210dd7\">\n<div class=\"ds-scroll-area__gutters\">\n<div class=\"ds-scroll-area__vertical-gutter\"><a href=\"https:\/\/www.jinyupaint.com\/wp-content\/uploads\/2025\/09\/Urethane-AP-Topcoat-Grit-Broadcast-for-Slip-Resistance.jpg\"><img decoding=\"async\" class=\"alignnone size-full wp-image-5793\" src=\"https:\/\/www.jinyupaint.com\/wp-content\/uploads\/2025\/09\/Urethane-AP-Topcoat-Grit-Broadcast-for-Slip-Resistance.jpg\" alt=\"Acabado de uretano AP (granulado antideslizante)\" width=\"1200\" height=\"589\" srcset=\"https:\/\/www.jinyupaint.com\/wp-content\/uploads\/2025\/09\/Urethane-AP-Topcoat-Grit-Broadcast-for-Slip-Resistance.jpg 1200w, https:\/\/www.jinyupaint.com\/wp-content\/uploads\/2025\/09\/Urethane-AP-Topcoat-Grit-Broadcast-for-Slip-Resistance-300x147.jpg 300w, https:\/\/www.jinyupaint.com\/wp-content\/uploads\/2025\/09\/Urethane-AP-Topcoat-Grit-Broadcast-for-Slip-Resistance-1024x503.jpg 1024w, https:\/\/www.jinyupaint.com\/wp-content\/uploads\/2025\/09\/Urethane-AP-Topcoat-Grit-Broadcast-for-Slip-Resistance-768x377.jpg 768w, https:\/\/www.jinyupaint.com\/wp-content\/uploads\/2025\/09\/Urethane-AP-Topcoat-Grit-Broadcast-for-Slip-Resistance-18x9.jpg 18w, https:\/\/www.jinyupaint.com\/wp-content\/uploads\/2025\/09\/Urethane-AP-Topcoat-Grit-Broadcast-for-Slip-Resistance-600x295.jpg 600w\" sizes=\"(max-width: 1200px) 100vw, 1200px\" \/><\/a><\/div>\n<div><\/div>\n<\/div>\n<table>\n<thead>\n<tr>\n<th>Sistema<\/th>\n<th>Espesor total<\/th>\n<th>Primer Consumo<\/th>\n<th>AP Top Coat Consumo<\/th>\n<\/tr>\n<\/thead>\n<tbody>\n<tr>\n<td><strong>Sistema SL-R-20<\/strong><\/td>\n<td>3,5 mm (7,5 kg\/m\u00b2)<\/td>\n<td>0,5 mm (1,7 kg\/m\u00b2)<\/td>\n<td>1,0 mm (1,8 kg\/m\u00b2)<\/td>\n<\/tr>\n<tr>\n<td><strong>Sistema SL-R-30<\/strong><\/td>\n<td>4,5 mm (9,5 kg\/m\u00b2)<\/td>\n<td>0,5 mm (1,7 kg\/m\u00b2)<\/td>\n<td>1,0 mm (1,8 kg\/m\u00b2)<\/td>\n<\/tr>\n<tr>\n<td><strong>Sistema SL-R-40<\/strong><\/td>\n<td>5,5 mm (11,5 kg\/m\u00b2)<\/td>\n<td>0,5 mm (1,7 kg\/m\u00b2)<\/td>\n<td>1,0 mm (1,8 kg\/m\u00b2)<\/td>\n<\/tr>\n<tr>\n<td><strong>Sistema SL-R-50<\/strong><\/td>\n<td>6,5 mm (13,5 kg\/m\u00b2)<\/td>\n<td>0,5 mm (1,7 kg\/m\u00b2)<\/td>\n<td>1,0 mm (1,8 kg\/m\u00b2)<\/td>\n<\/tr>\n<\/tbody>\n<\/table>\n<\/div>\n<h2>Aplicaciones comunes:<\/h2>\n<ul>\n<li>\n<p class=\"ds-markdown-paragraph\"><strong>Suelos industriales:<\/strong>\u00a0Plantas de fabricaci\u00f3n, almacenes (revestimiento de suelos de pu), instalaciones de procesamiento qu\u00edmico<\/p>\n<\/li>\n<li>\n<p class=\"ds-markdown-paragraph\"><strong>Suelos comerciales:<\/strong>\u00a0Espacios comerciales, salas de exposiciones, aeropuertos, hospitales (suelos de uretano)<\/p>\n<\/li>\n<li>\n<p class=\"ds-markdown-paragraph\"><strong>Suelo del garaje:<\/strong>\u00a0Aplicaciones de poliuretano para suelos de garajes, pintura de uretano para suelos de garajes, garajes residenciales y comerciales<\/p>\n<\/li>\n<li>\n<p class=\"ds-markdown-paragraph\"><strong>Servicios de comidas y bebidas:<\/strong>\u00a0Aplicaciones de suelos de cemento de poliuretano en las que se requiera el cumplimiento de las normas USDA\/FDA<\/p>\n<\/li>\n<li>\n<p class=\"ds-markdown-paragraph\"><strong>Laboratorios y sanidad:<\/strong>\u00a0Instalaciones farmac\u00e9uticas, salas blancas, laboratorios de investigaci\u00f3n<\/p>\n<\/li>\n<li>\n<p class=\"ds-markdown-paragraph\"><strong>Espacios p\u00fablicos:<\/strong>\u00a0Escuelas, edificios gubernamentales, instalaciones deportivas (suelos de hormig\u00f3n pol\u00edmero)<\/p>\n<\/li>\n<\/ul>\n<p class=\"ds-markdown-paragraph\"><strong>Colores disponibles:<\/strong>\u00a06 colores est\u00e1ndar. Colores personalizados disponibles bajo pedido (consulte con un representante de ventas).<\/p>\n<p class=\"ds-markdown-paragraph\"><strong>uretano autonivelante JINYU-SL para sus proyectos m\u00e1s exigentes. P\u00f3ngase en contacto con nosotros hoy mismo para obtener especificaciones t\u00e9cnicas completas, presupuestos de costes de suelos de poliuretano y orientaci\u00f3n sobre la aplicaci\u00f3n para su proyecto de revestimiento de suelos de poliuretano.<\/strong><\/p>","protected":false},"excerpt":{"rendered":"<p>JINYU-SL es un sistema de uretano autonivelante de calidad profesional que crea una superficie sin juntas y ultraduradera para aplicaciones industriales y comerciales. Esta innovadora formulaci\u00f3n de uretano cementoso combina una excepcional resistencia qu\u00edmica con una alta resistencia mec\u00e1nica, por lo que es ideal para f\u00e1bricas, almacenes, garajes e instalaciones de procesamiento de alimentos. La fina aplicaci\u00f3n de 2-4 mm proporciona una superficie no porosa e higi\u00e9nica que resiste las manchas, los productos qu\u00edmicos y el crecimiento microbiano, a la vez que es f\u00e1cil de limpiar y mantener. Con un rendimiento superior al de los revestimientos epox\u00eddicos tradicionales y opciones de acabado transparente y coloreado, JINYU-SL ofrece una soluci\u00f3n para suelos duradera y de alto rendimiento que soporta un tr\u00e1fico intenso y entornos exigentes.<\/p>","protected":false},"featured_media":5789,"template":"","meta":{"om_disable_all_campaigns":false,"_monsterinsights_skip_tracking":false,"_monsterinsights_sitenote_active":false,"_monsterinsights_sitenote_note":"","_monsterinsights_sitenote_category":0,"_uf_show_specific_survey":0,"_uf_disable_surveys":false},"product_brand":[],"product_cat":[109],"product_tag":[671,668,640,673,666,676,664,670,675,667,672,655,663,669,665,608,674],"class_list":{"0":"post-5788","1":"product","2":"type-product","3":"status-publish","4":"has-post-thumbnail","6":"product_cat-polyurethane-floor-coating","7":"product_tag-best-floor-urethane","8":"product_tag-cementitious-urethane","9":"product_tag-chemical-resistant-flooring","10":"product_tag-epoxy-polyurethane-coating","11":"product_tag-garage-floor-urethane-coating","12":"product_tag-industrial-flooring","13":"product_tag-polyurethane-concrete-coating","14":"product_tag-polyurethane-floor-coating","15":"product_tag-polyurethane-floor-sealer","16":"product_tag-polyurethane-for-concrete-floors","17":"product_tag-polyurethane-garage-floor","18":"product_tag-pu-floor-coating","19":"product_tag-self-leveling-urethane","20":"product_tag-urethane-concrete-flooring","21":"product_tag-urethane-floor-coating","22":"product_tag-urethane-floor-finish","23":"product_tag-water-based-urethane-floor-finish","25":"first","26":"instock","27":"shipping-taxable","28":"product-type-simple"},"yoast_head":"<!-- This site is optimized with the Yoast SEO Premium plugin v26.2 (Yoast SEO v26.5) - https:\/\/yoast.com\/wordpress\/plugins\/seo\/ -->\n<title>JINYU\u00ae SL Self-Leveling Urethane Floor Coating Semi-Gloss Finish | KAIDA PAINT<\/title>\n<meta name=\"description\" content=\"JINYU-SL is a professional self-leveling urethane floor coating kit. Our cementitious polyurethane concrete coating provides a durable, chemical-resistant finish for garage, industrial, and commercial floors. Offers superior performance over epoxy. Get a quote today!\" \/>\n<meta name=\"robots\" content=\"index, follow, max-snippet:-1, max-image-preview:large, max-video-preview:-1\" \/>\n<link rel=\"canonical\" href=\"https:\/\/www.jinyupaint.com\/es\/producto\/jinyu-sl-self-leveling-urethane-floor-coating-semi-gloss-finish\/\" \/>\n<meta property=\"og:locale\" content=\"es_ES\" \/>\n<meta property=\"og:type\" content=\"article\" \/>\n<meta property=\"og:title\" content=\"JINYU\u00ae SL Self-Leveling Urethane Floor Coating Semi-Gloss Finish\" \/>\n<meta property=\"og:description\" content=\"JINYU-SL is a professional self-leveling urethane floor coating kit. Our cementitious polyurethane concrete coating provides a durable, chemical-resistant finish for garage, industrial, and commercial floors. Offers superior performance over epoxy. Get a quote today!\" \/>\n<meta property=\"og:url\" content=\"https:\/\/www.jinyupaint.com\/es\/producto\/jinyu-sl-self-leveling-urethane-floor-coating-semi-gloss-finish\/\" \/>\n<meta property=\"og:site_name\" content=\"KAIDA PAINT\u00ae\" \/>\n<meta property=\"article:modified_time\" content=\"2025-12-01T01:36:39+00:00\" \/>\n<meta property=\"og:image\" content=\"https:\/\/www.jinyupaint.com\/wp-content\/uploads\/2025\/09\/JINYU\u00ae-SL-Self-Leveling-Urethane-Floor-Coating-Semi-Gloss-Finish.jpg\" \/>\n\t<meta property=\"og:image:width\" content=\"750\" \/>\n\t<meta property=\"og:image:height\" content=\"750\" \/>\n\t<meta property=\"og:image:type\" content=\"image\/jpeg\" \/>\n<meta name=\"twitter:card\" content=\"summary_large_image\" \/>\n<meta name=\"twitter:label1\" content=\"Tiempo de lectura\" \/>\n\t<meta name=\"twitter:data1\" content=\"4 minutos\" \/>\n<script type=\"application\/ld+json\" class=\"yoast-schema-graph\">{\"@context\":\"https:\/\/schema.org\",\"@graph\":[{\"@type\":\"WebPage\",\"@id\":\"https:\/\/www.jinyupaint.com\/product\/jinyu-sl-self-leveling-urethane-floor-coating-semi-gloss-finish\",\"url\":\"https:\/\/www.jinyupaint.com\/product\/jinyu-sl-self-leveling-urethane-floor-coating-semi-gloss-finish\",\"name\":\"JINYU\u00ae SL Self-Leveling Urethane Floor Coating Semi-Gloss Finish | KAIDA PAINT\",\"isPartOf\":{\"@id\":\"https:\/\/www.jinyupaint.com\/#website\"},\"primaryImageOfPage\":{\"@id\":\"https:\/\/www.jinyupaint.com\/product\/jinyu-sl-self-leveling-urethane-floor-coating-semi-gloss-finish#primaryimage\"},\"image\":{\"@id\":\"https:\/\/www.jinyupaint.com\/product\/jinyu-sl-self-leveling-urethane-floor-coating-semi-gloss-finish#primaryimage\"},\"thumbnailUrl\":\"https:\/\/www.jinyupaint.com\/wp-content\/uploads\/2025\/09\/JINYU\u00ae-SL-Self-Leveling-Urethane-Floor-Coating-Semi-Gloss-Finish.jpg\",\"datePublished\":\"2025-09-05T05:32:43+00:00\",\"dateModified\":\"2025-12-01T01:36:39+00:00\",\"description\":\"JINYU-SL is a professional self-leveling urethane floor coating kit. Our cementitious polyurethane concrete coating provides a durable, chemical-resistant finish for garage, industrial, and commercial floors. Offers superior performance over epoxy. Get a quote today!\",\"breadcrumb\":{\"@id\":\"https:\/\/www.jinyupaint.com\/product\/jinyu-sl-self-leveling-urethane-floor-coating-semi-gloss-finish#breadcrumb\"},\"inLanguage\":\"es\",\"potentialAction\":[{\"@type\":\"ReadAction\",\"target\":[\"https:\/\/www.jinyupaint.com\/product\/jinyu-sl-self-leveling-urethane-floor-coating-semi-gloss-finish\"]}]},{\"@type\":\"ImageObject\",\"inLanguage\":\"es\",\"@id\":\"https:\/\/www.jinyupaint.com\/product\/jinyu-sl-self-leveling-urethane-floor-coating-semi-gloss-finish#primaryimage\",\"url\":\"https:\/\/www.jinyupaint.com\/wp-content\/uploads\/2025\/09\/JINYU\u00ae-SL-Self-Leveling-Urethane-Floor-Coating-Semi-Gloss-Finish.jpg\",\"contentUrl\":\"https:\/\/www.jinyupaint.com\/wp-content\/uploads\/2025\/09\/JINYU\u00ae-SL-Self-Leveling-Urethane-Floor-Coating-Semi-Gloss-Finish.jpg\",\"width\":750,\"height\":750,\"caption\":\"JINYU\u00ae SL Self Leveling Urethane Floor Coating Semi Gloss Finish\"},{\"@type\":\"BreadcrumbList\",\"@id\":\"https:\/\/www.jinyupaint.com\/product\/jinyu-sl-self-leveling-urethane-floor-coating-semi-gloss-finish#breadcrumb\",\"itemListElement\":[{\"@type\":\"ListItem\",\"position\":1,\"name\":\"Home\",\"item\":\"https:\/\/www.jinyupaint.com\/\"},{\"@type\":\"ListItem\",\"position\":2,\"name\":\"Shop\",\"item\":\"https:\/\/www.jinyupaint.com\/shop.html\"},{\"@type\":\"ListItem\",\"position\":3,\"name\":\"JINYU\u00ae SL Self-Leveling Urethane Floor Coating Semi-Gloss Finish\"}]},{\"@type\":\"WebSite\",\"@id\":\"https:\/\/www.jinyupaint.com\/#website\",\"url\":\"https:\/\/www.jinyupaint.com\/\",\"name\":\"JINYU\u00ae PAINT\",\"description\":\"JINYU PAINT\u00ae Manufacturer\",\"potentialAction\":[{\"@type\":\"SearchAction\",\"target\":{\"@type\":\"EntryPoint\",\"urlTemplate\":\"https:\/\/www.jinyupaint.com\/?s={search_term_string}\"},\"query-input\":{\"@type\":\"PropertyValueSpecification\",\"valueRequired\":true,\"valueName\":\"search_term_string\"}}],\"inLanguage\":\"es\"}]}<\/script>\n<!-- \/ Yoast SEO Premium plugin. -->","yoast_head_json":{"title":"JINYU\u00ae SL Revestimiento de suelo de uretano autonivelante acabado semibrillante | KAIDA PAINT","description":"JINYU-SL es un kit profesional de revestimiento de suelos de uretano autonivelante. Nuestro revestimiento de hormig\u00f3n de poliuretano cementoso proporciona un acabado duradero y resistente a los productos qu\u00edmicos para suelos de garajes, industriales y comerciales. Ofrece un rendimiento superior al epoxi. \u00a1Pida presupuesto hoy mismo!","robots":{"index":"index","follow":"follow","max-snippet":"max-snippet:-1","max-image-preview":"max-image-preview:large","max-video-preview":"max-video-preview:-1"},"canonical":"https:\/\/www.jinyupaint.com\/es\/producto\/jinyu-sl-self-leveling-urethane-floor-coating-semi-gloss-finish\/","og_locale":"es_ES","og_type":"article","og_title":"JINYU\u00ae SL Self-Leveling Urethane Floor Coating Semi-Gloss Finish","og_description":"JINYU-SL is a professional self-leveling urethane floor coating kit. Our cementitious polyurethane concrete coating provides a durable, chemical-resistant finish for garage, industrial, and commercial floors. Offers superior performance over epoxy. Get a quote today!","og_url":"https:\/\/www.jinyupaint.com\/es\/producto\/jinyu-sl-self-leveling-urethane-floor-coating-semi-gloss-finish\/","og_site_name":"KAIDA PAINT\u00ae","article_modified_time":"2025-12-01T01:36:39+00:00","og_image":[{"width":750,"height":750,"url":"https:\/\/www.jinyupaint.com\/wp-content\/uploads\/2025\/09\/JINYU\u00ae-SL-Self-Leveling-Urethane-Floor-Coating-Semi-Gloss-Finish.jpg","type":"image\/jpeg"}],"twitter_card":"summary_large_image","twitter_misc":{"Tiempo de lectura":"4 minutos"},"schema":{"@context":"https:\/\/schema.org","@graph":[{"@type":"WebPage","@id":"https:\/\/www.jinyupaint.com\/product\/jinyu-sl-self-leveling-urethane-floor-coating-semi-gloss-finish","url":"https:\/\/www.jinyupaint.com\/product\/jinyu-sl-self-leveling-urethane-floor-coating-semi-gloss-finish","name":"JINYU\u00ae SL Revestimiento de suelo de uretano autonivelante acabado semibrillante | KAIDA PAINT","isPartOf":{"@id":"https:\/\/www.jinyupaint.com\/#website"},"primaryImageOfPage":{"@id":"https:\/\/www.jinyupaint.com\/product\/jinyu-sl-self-leveling-urethane-floor-coating-semi-gloss-finish#primaryimage"},"image":{"@id":"https:\/\/www.jinyupaint.com\/product\/jinyu-sl-self-leveling-urethane-floor-coating-semi-gloss-finish#primaryimage"},"thumbnailUrl":"https:\/\/www.jinyupaint.com\/wp-content\/uploads\/2025\/09\/JINYU\u00ae-SL-Self-Leveling-Urethane-Floor-Coating-Semi-Gloss-Finish.jpg","datePublished":"2025-09-05T05:32:43+00:00","dateModified":"2025-12-01T01:36:39+00:00","description":"JINYU-SL es un kit profesional de revestimiento de suelos de uretano autonivelante. Nuestro revestimiento de hormig\u00f3n de poliuretano cementoso proporciona un acabado duradero y resistente a los productos qu\u00edmicos para suelos de garajes, industriales y comerciales. Ofrece un rendimiento superior al epoxi. \u00a1Pida presupuesto hoy mismo!","breadcrumb":{"@id":"https:\/\/www.jinyupaint.com\/product\/jinyu-sl-self-leveling-urethane-floor-coating-semi-gloss-finish#breadcrumb"},"inLanguage":"es","potentialAction":[{"@type":"ReadAction","target":["https:\/\/www.jinyupaint.com\/product\/jinyu-sl-self-leveling-urethane-floor-coating-semi-gloss-finish"]}]},{"@type":"ImageObject","inLanguage":"es","@id":"https:\/\/www.jinyupaint.com\/product\/jinyu-sl-self-leveling-urethane-floor-coating-semi-gloss-finish#primaryimage","url":"https:\/\/www.jinyupaint.com\/wp-content\/uploads\/2025\/09\/JINYU\u00ae-SL-Self-Leveling-Urethane-Floor-Coating-Semi-Gloss-Finish.jpg","contentUrl":"https:\/\/www.jinyupaint.com\/wp-content\/uploads\/2025\/09\/JINYU\u00ae-SL-Self-Leveling-Urethane-Floor-Coating-Semi-Gloss-Finish.jpg","width":750,"height":750,"caption":"JINYU\u00ae SL Self Leveling Urethane Floor Coating Semi Gloss Finish"},{"@type":"BreadcrumbList","@id":"https:\/\/www.jinyupaint.com\/product\/jinyu-sl-self-leveling-urethane-floor-coating-semi-gloss-finish#breadcrumb","itemListElement":[{"@type":"ListItem","position":1,"name":"Home","item":"https:\/\/www.jinyupaint.com\/"},{"@type":"ListItem","position":2,"name":"Shop","item":"https:\/\/www.jinyupaint.com\/shop.html"},{"@type":"ListItem","position":3,"name":"JINYU\u00ae SL Self-Leveling Urethane Floor Coating Semi-Gloss Finish"}]},{"@type":"WebSite","@id":"https:\/\/www.jinyupaint.com\/#website","url":"https:\/\/www.jinyupaint.com\/","name":"JINYU\u00ae PINTURA","description":"JINYU PAINT\u00ae Fabricante","potentialAction":[{"@type":"SearchAction","target":{"@type":"EntryPoint","urlTemplate":"https:\/\/www.jinyupaint.com\/?s={search_term_string}"},"query-input":{"@type":"PropertyValueSpecification","valueRequired":true,"valueName":"search_term_string"}}],"inLanguage":"es"}]}},"_links":{"self":[{"href":"https:\/\/www.jinyupaint.com\/es\/wp-json\/wp\/v2\/product\/5788","targetHints":{"allow":["GET"]}}],"collection":[{"href":"https:\/\/www.jinyupaint.com\/es\/wp-json\/wp\/v2\/product"}],"about":[{"href":"https:\/\/www.jinyupaint.com\/es\/wp-json\/wp\/v2\/types\/product"}],"wp:featuredmedia":[{"embeddable":true,"href":"https:\/\/www.jinyupaint.com\/es\/wp-json\/wp\/v2\/media\/5789"}],"wp:attachment":[{"href":"https:\/\/www.jinyupaint.com\/es\/wp-json\/wp\/v2\/media?parent=5788"}],"wp:term":[{"taxonomy":"product_brand","embeddable":true,"href":"https:\/\/www.jinyupaint.com\/es\/wp-json\/wp\/v2\/product_brand?post=5788"},{"taxonomy":"product_cat","embeddable":true,"href":"https:\/\/www.jinyupaint.com\/es\/wp-json\/wp\/v2\/product_cat?post=5788"},{"taxonomy":"product_tag","embeddable":true,"href":"https:\/\/www.jinyupaint.com\/es\/wp-json\/wp\/v2\/product_tag?post=5788"}],"curies":[{"name":"wp","href":"https:\/\/api.w.org\/{rel}","templated":true}]}}