{"id":5780,"date":"2025-09-04T07:48:28","date_gmt":"2025-09-04T07:48:28","guid":{"rendered":"https:\/\/www.jinyupaint.com\/?post_type=product&#038;p=5780"},"modified":"2025-12-01T03:31:11","modified_gmt":"2025-12-01T03:31:11","slug":"jinyu-paint-mf-self-leveling-pu-screed-flooring-system","status":"publish","type":"product","link":"https:\/\/www.jinyupaint.com\/es\/producto\/jinyu-paint-mf-self-leveling-pu-screed-flooring-system","title":{"rendered":"Sistema de pavimento de PU autonivelante JINYU PAINT\u00ae MF"},"content":{"rendered":"<h2>Presentaci\u00f3n del producto<\/h2>\n<p>El sistema de solado KAIDA PAINT JINYU\u00ae MF es un sistema de solado de poliuretano (PU, uretano) de tres componentes, sin juntas y sin disolventes. Creado a trav\u00e9s de la reticulaci\u00f3n tridimensional de poliuretano y hormig\u00f3n, produce una estructura robusta que se utiliza ampliamente en la industria alimentaria, de bebidas y en entornos industriales dif\u00edciles. Este sistema de suelos industriales sin juntas ni disolventes presenta una excepcional resistencia a los impactos y al desgaste, adem\u00e1s de una excelente resistencia a la corrosi\u00f3n qu\u00edmica, el calor y la humedad. Mantiene una superficie limpia, higi\u00e9nica y sin juntas, por lo que es ideal para plantas de alimentos y bebidas y otros entornos dif\u00edciles.<\/p>\n<h2><strong>Aplicaciones de la regla JINYU\u00ae MF PU<\/strong><\/h2>\n<p class=\"ds-markdown-paragraph\">JINYU\u00ae MF es el pavimento ideal para zonas de tr\u00e1fico intenso y entornos con choque t\u00e9rmico moderado. Los escenarios de aplicaci\u00f3n clave incluyen:<\/p>\n<ul><span data-mce-type=\"bookmark\" style=\"display: inline-block; width: 0px; overflow: hidden; line-height: 0;\" class=\"mce_SELRES_start\"><\/span><\/p>\n<li>Plantas de alimentos y bebidas: Manipulaci\u00f3n de materias primas, almacenamiento en seco, envasado en seco y zonas de procesamiento en h\u00famedo (sin exceso de aceite).<\/li>\n<li>Instalaciones log\u00edsticas: Muelles de carga y plataformas de descarga.<\/li>\n<li>C\u00e1maras frigor\u00edficas: C\u00e1maras frigor\u00edficas e instalaciones de congelaci\u00f3n.<\/li>\n<li>Fabricaci\u00f3n farmac\u00e9utica: Zonas de producci\u00f3n que cumplen las GMP.<\/li>\n<li><em>Consulte al equipo de soluciones de KAIDA para otros escenarios de uso espec\u00edficos y soluciones de pavimentos personalizadas.<\/em><\/li>\n<\/ul>\n<h2>Color<\/h2>\n<p>Hay siete colores est\u00e1ndar disponibles (aproximados):<\/p>\n<p><strong>amarillo, bege, gules, azul, verde, gris claro, gris oscuro<\/strong><\/p>\n<p>Se pueden solicitar colores personalizados en funci\u00f3n de la cantidad m\u00ednima de piezas.<\/p>\n<h2><strong>Principales datos t\u00e9cnicos y par\u00e1metros de rendimiento<\/strong><\/h2>\n<p class=\"ds-markdown-paragraph\"><em>Los siguientes datos se han medido en condiciones est\u00e1ndar de laboratorio y pueden presentar ligeras diferencias con los datos reales in situ.<\/em><\/p>\n<div class=\"ds-scroll-area _1210dd7\">\n<table>\n<thead>\n<tr>\n<th>Art\u00edculo<\/th>\n<th>Par\u00e1metro<\/th>\n<\/tr>\n<\/thead>\n<tbody>\n<tr>\n<td>Apariencia<\/td>\n<td>Despu\u00e9s de remover, la mezcla queda uniforme y sin grumos.<\/td>\n<\/tr>\n<tr>\n<td>Resistencia a la adherencia por tracci\u00f3n (est\u00e1ndar)<\/td>\n<td>5,5 N\/mm\u00b2<\/td>\n<\/tr>\n<tr>\n<td>Resistencia a la adherencia por tracci\u00f3n (remojo en agua)<\/td>\n<td>4,5 N\/mm\u00b2<\/td>\n<\/tr>\n<tr>\n<td>Dureza Shore D<\/td>\n<td>78.2<\/td>\n<\/tr>\n<tr>\n<td>Resistencia al impacto (bola de acero de 1000 g)<\/td>\n<td>Sin grietas ni desconchados<\/td>\n<\/tr>\n<tr>\n<td>Resistencia a la abrasi\u00f3n (750g\/500r)<\/td>\n<td>0.018g<\/td>\n<\/tr>\n<tr>\n<td>Resistencia a la compresi\u00f3n<\/td>\n<td>71 MPa<\/td>\n<\/tr>\n<tr>\n<td>Resistencia a la flexi\u00f3n (24h)<\/td>\n<td>13,3 MPa<\/td>\n<\/tr>\n<tr>\n<td>Resistencia a la flexi\u00f3n (7d)<\/td>\n<td>15,7 MPa<\/td>\n<\/tr>\n<tr>\n<td>Resistencia al \u00e1cido (10% H\u2082SO\u2084, 48h)<\/td>\n<td>Sin burbujas, sin peladuras, sin decoloraci\u00f3n.<\/td>\n<\/tr>\n<tr>\n<td>Resistencia a la base (30% NaOH, 48h)<\/td>\n<td>Sin burbujas, sin peladuras, sin decoloraci\u00f3n.<\/td>\n<\/tr>\n<tr>\n<td>Resistencia a la sal (3% NaCl, 7D)<\/td>\n<td>Sin burbujas, sin peladuras, sin decoloraci\u00f3n.<\/td>\n<\/tr>\n<tr>\n<td>Resistencia al moho<\/td>\n<td>0 (sin hongos, mejor calidad)<\/td>\n<\/tr>\n<\/tbody>\n<\/table>\n<\/div>\n<h2>Est\u00e1ndar<\/h2>\n<p>JINYU PAINT\u00ae MF cumple los requisitos pertinentes de la norma GB\/T22374 \"Materiales de revestimiento de suelos\".<\/p>\n<h2>Embalaje<\/h2>\n<p>JINYU PAINT\u00ae MF es un sistema preenvasado de tres componentes, con un solo juego que pesa 18,38 kg:<br \/>\nComponente A: 2,68 kg\/cubo;<br \/>\nComponente B: 2,5 kg\/cubo;<br \/>\nComponente C: 13,2 kg\/envase.<\/p>\n<h2 class=\"ds-markdown-paragraph\"><strong>Especificaci\u00f3n del modelo<\/strong><\/h2>\n<div class=\"ds-scroll-area _1210dd7\">\n<table>\n<thead>\n<tr>\n<th>Art\u00edculo<\/th>\n<th>Descripci\u00f3n<\/th>\n<\/tr>\n<\/thead>\n<tbody>\n<tr>\n<td>Sistema<\/td>\n<td>JINYU PAINT MF<\/td>\n<\/tr>\n<tr>\n<td>Acabado<\/td>\n<td>Acabado mate<\/td>\n<\/tr>\n<tr>\n<td>Espesor<\/td>\n<td>4-6 mm<\/td>\n<\/tr>\n<tr>\n<td>Fabricante<\/td>\n<td>KAIDA<\/td>\n<\/tr>\n<\/tbody>\n<\/table>\n<\/div>\n<p class=\"ds-markdown-paragraph\"><em>Trabajos preparatorios y aplicaci\u00f3n de acuerdo con las instrucciones del fabricante.<\/em><\/p>\n<h2><strong>Dise\u00f1o de sistema recomendado para espesores de 4-6 mm<\/strong><\/h2>\n<ol start=\"1\">\n<li>\n<p class=\"ds-markdown-paragraph\"><strong>Sustrato preparado<\/strong>\u00a0(hormig\u00f3n C25, resistencia a la tracci\u00f3n &gt;1,5MPa, estriado correcto)<\/p>\n<\/li>\n<li>\n<p class=\"ds-markdown-paragraph\"><strong>Capa antiara\u00f1azos<\/strong>: JINYU PAINT MF1 Base (@ 1,8-2,0 kg\/m\u00b2) -\u00a0<strong>Aplicado con llana<\/strong><\/p>\n<\/li>\n<li>\n<p class=\"ds-markdown-paragraph\"><strong>Capa superficial<\/strong>: JINYU PAINT MF1 Topcoat (@ 6,0-6,5 kg\/m\u00b2) -\u00a0<strong>Material de pavimento PU<\/strong><\/p>\n<\/li>\n<\/ol>\n<h2 class=\"ds-markdown-paragraph\"><strong>Productos incluidos en este sistema<\/strong><\/h2>\n<div class=\"ds-scroll-area _1210dd7\">\n<table>\n<thead>\n<tr>\n<th>Tipo de capa<\/th>\n<th>Nombre del producto<\/th>\n<th>Aplicaci\u00f3n \/ Tipo de material<\/th>\n<\/tr>\n<\/thead>\n<tbody>\n<tr>\n<td>Capa base<\/td>\n<td>Forincrete MF1<\/td>\n<td>Aplicar con llana<\/td>\n<\/tr>\n<tr>\n<td>Capa de acabado<\/td>\n<td>Forincrete MF1<\/td>\n<td>Forincrete MF1 Material de pavimento de PU<\/td>\n<\/tr>\n<\/tbody>\n<\/table>\n<h2>Declaraci\u00f3n de m\u00e9todo<\/h2>\n<h3>Condiciones \u00f3ptimas de aplicaci\u00f3n y temperatura<\/h3>\n<p>La temperatura ideal de aplicaci\u00f3n de JINYU PAINT\u00ae MF es entre 15-25\u2103. No se recomienda aplicar MF cuando la temperatura es inferior a 5\u2103, ya que afectar\u00e1 seriamente a su capacidad de nivelaci\u00f3n y provocar\u00e1 defectos en la superficie. Cuando la temperatura es inferior a 10\u2103, tambi\u00e9n puede afectar significativamente a la velocidad de curado del producto. Si es necesario aplicar MF en condiciones de temperatura superiores a 30\u2103, se requiere un trabajo de preparaci\u00f3n suficiente.<\/p>\n<h3>Gu\u00eda de preparaci\u00f3n del sustrato de hormig\u00f3n<\/h3>\n<p>La condici\u00f3n de cimentaci\u00f3n ideal para JINYU PAINT\u00ae MF requiere una resistencia de la base de hormig\u00f3n superior a 30 MPa. Sin embargo, el pavimento de hormig\u00f3n C25 con acabado de alto nivel puede cumplir los requisitos de construcci\u00f3n.<\/p>\n<p><strong>Rectificado:<\/strong> JINYU PAINT\u00ae MF requiere un esmerilado para el tratamiento de base con un disco de diamante m\u00e1s grueso. Para superficies muy duras, como suelos resistentes al desgaste, sigue siendo recomendable utilizar una granalladora para el tratamiento con chorro de arena.<\/p>\n<p><strong>Ranurado:<\/strong> Las ranuras m\u00faltiples deben cortarse cerca del borde de la pared, con una profundidad de 6-9 mm y una anchura de 5-8 mm. La zona central debe cortarse tanto en horizontal como en vertical, con una separaci\u00f3n de unos 2 metros.<\/p>\n<p>Para superficies muy duras o densas, el granallado es el m\u00e9todo de preparaci\u00f3n recomendado para garantizar una adherencia \u00f3ptima.<\/p>\n<h3>Instrucciones de mezcla del sistema de 3 componentes<\/h3>\n<p>Antes de mezclar, agite bien la Parte A y, a continuaci\u00f3n, vierta la Parte A y la Parte B en el cubo al mismo tiempo. Mezclar a baja velocidad durante unos 5 segundos. Se recomienda utilizar un mezclador el\u00e9ctrico con velocidad ajustable y alto par a baja velocidad. A continuaci\u00f3n, verter lentamente el \u00e1rido embolsado de la Parte C y mezclar a alta velocidad durante 1,5-2 minutos hasta que est\u00e9 completamente uniforme. No debe a\u00f1adirse disolvente u otros agentes diluyentes durante la mezcla, y est\u00e1 estrictamente prohibido a\u00f1adir agua.<br \/>\nNota: El componente C es un componente necesario y debe a\u00f1adirse durante la agitaci\u00f3n.<\/p>\n<h3>Proporci\u00f3n de mezcla<\/h3>\n<p>Mezcla de todas las materias primas del conjunto completo de envases de f\u00e1brica<\/p>\n<h3>Aplicaci\u00f3n<\/h3>\n<p>Antes de rascar la imprimaci\u00f3n, JINYU PAINT\u00ae MF requiere verter el material en la ranura y rascarlo de forma plana.<br \/>\n<strong>Capa de ara\u00f1azos:<\/strong> Utilice una llana plana o una llana dentada de 1 mm para aplicar el revestimiento seg\u00fan la cantidad predeterminada. Durante la aplicaci\u00f3n, aseg\u00farese de raspar cerca del suelo y garantizar la continuidad del revestimiento para evitar que queden puntos sin cubrir.<\/p>\n<p>Para superficies de hormig\u00f3n con poca resistencia y planitud, se recomienda aplicar dos capas de capa de rayado para conseguir un mejor sellado y planitud, lo que puede mejorar el aspecto del revestimiento superficial.<\/p>\n<p><strong>Capa superficial:<\/strong> Utilice un rastrillo dentado o una llana dentada de 5 mm para extender una sola vez, con suficiente mano de obra para evitar las juntas. Si la superficie es grande, se puede aislar previamente la junta con papel decorativo.<br \/>\nDurante la construcci\u00f3n del revestimiento de la superficie, evite la luz solar directa y las altas temperaturas, ya que pueden afectar al rendimiento antiespumante del material de revestimiento y provocar muchas burbujas de aire.<\/p>\n<p><strong>Junta de dilataci\u00f3n:<\/strong> Las juntas de dilataci\u00f3n existentes en el suelo de hormig\u00f3n deben marcarse antes de la construcci\u00f3n y volver a cortarse una vez finalizado el revestimiento, y rellenarse con un sellador de juntas de poliuretano el\u00e1stico adecuado.<\/p>\n<h3>Limpieza<\/h3>\n<p>Limpiar las herramientas inmediatamente despu\u00e9s de la aplicaci\u00f3n utilizando disolventes. Absorber los materiales derramados con arena seca u otros materiales absorbentes y limpiar con un pa\u00f1o.<\/p>\n<h2 class=\"ds-markdown-paragraph\"><strong>Consumo te\u00f3rico (4 mm)<\/strong><\/h2>\n<div class=\"ds-scroll-area _1210dd7\">\n<table>\n<thead>\n<tr>\n<th>Capa<\/th>\n<th>Tasa de aplicaci\u00f3n<\/th>\n<th>Herramienta de aplicaci\u00f3n<\/th>\n<\/tr>\n<\/thead>\n<tbody>\n<tr>\n<td>Capa de ara\u00f1azos<\/td>\n<td>1,8-2,0 kg\/m<\/td>\n<td>Llana dentada de 1 mm<\/td>\n<\/tr>\n<tr>\n<td>Capa superficial<\/td>\n<td>6,0-6,5 kg\/m\u00b2<\/td>\n<td>Llana dentada de 5 mm<\/td>\n<\/tr>\n<\/tbody>\n<\/table>\n<p>Cualquier adici\u00f3n o reducci\u00f3n irrazonable en la aplicaci\u00f3n del material puede afectar a la calidad de la interfaz, el rendimiento del sellado, el rendimiento de la adhesi\u00f3n, el grosor del revestimiento, etc. Por lo tanto, el consumo de producto debe seguir el uso recomendado y ajustarse seg\u00fan la situaci\u00f3n real in situ para lograr un rendimiento ideal.<\/p>\n<h2 class=\"ds-markdown-paragraph\"><strong>Tiempo de aplicaci\u00f3n y curado<\/strong><\/h2>\n<div class=\"ds-scroll-area _1210dd7\">\n<table>\n<thead>\n<tr>\n<th>Par\u00e1metro<\/th>\n<th>Condici\u00f3n<\/th>\n<th>20\u00b0C<\/th>\n<th>30\u00b0C<\/th>\n<\/tr>\n<\/thead>\n<tbody>\n<tr>\n<td><strong>Vida \u00fatil<\/strong><\/td>\n<td><\/td>\n<td>25 min<\/td>\n<td>15 minutos<\/td>\n<\/tr>\n<tr>\n<td><strong>Intervalo m\u00ednimo para el siguiente recubrimiento<\/strong><\/td>\n<td><\/td>\n<td>&gt;8 h<\/td>\n<td>6 horas<\/td>\n<\/tr>\n<tr>\n<td><strong>Tiempo de curado<\/strong><\/td>\n<td><strong>Superficie Seca<\/strong><\/td>\n<td><strong>Tr\u00e1fico ligero<\/strong><\/td>\n<td><strong>Curaci\u00f3n completa<\/strong><\/td>\n<\/tr>\n<tr>\n<td>+20\u00b0C\/2mm<\/td>\n<td>~14-16h<\/td>\n<td>~24-36h<\/td>\n<td>~7d<\/td>\n<\/tr>\n<\/tbody>\n<\/table>\n<\/div>\n<\/div>\n<\/div>","protected":false},"excerpt":{"rendered":"<p>KAIDA JINYU\u00ae MF es un avanzado sistema de solado de poliuretano sin disolventes y de tres componentes que forma una superficie duradera y sin juntas gracias a la tecnolog\u00eda de reticulaci\u00f3n tridimensional. Espec\u00edficamente dise\u00f1ado para aplicaciones industriales medianas y pesadas, ofrece un rendimiento excepcional en resistencia a la abrasi\u00f3n, resistencia al impacto y protecci\u00f3n contra la corrosi\u00f3n qu\u00edmica, al tiempo que mantiene una excelente resistencia al choque t\u00e9rmico y a la humedad. Esta soluci\u00f3n de suelo higi\u00e9nico y f\u00e1cil de limpiar es especialmente adecuada para entornos exigentes como plantas de procesamiento de alimentos, instalaciones farmac\u00e9uticas, zonas qu\u00edmicas y c\u00e1maras frigor\u00edficas, donde la seguridad, la durabilidad y la limpieza son requisitos fundamentales. El sistema cumple las normas internacionales sobre suelos y ofrece tanto rendimiento funcional como atractivo est\u00e9tico con una gama de colores disponibles.<\/p>","protected":false},"featured_media":5781,"template":"","meta":{"om_disable_all_campaigns":false,"_monsterinsights_skip_tracking":false,"_monsterinsights_sitenote_active":false,"_monsterinsights_sitenote_note":"","_monsterinsights_sitenote_category":0,"_uf_show_specific_survey":0,"_uf_disable_surveys":false},"product_brand":[],"product_cat":[109],"product_tag":[645,640,647,648,643,653,642,641,650,644,651,639,652,646,649],"class_list":{"0":"post-5780","1":"product","2":"type-product","3":"status-publish","4":"has-post-thumbnail","6":"product_cat-polyurethane-floor-coating","7":"product_tag-abrasion-resistant-flooring","8":"product_tag-chemical-resistant-flooring","9":"product_tag-cold-room-floor","10":"product_tag-concrete-floor-protection","11":"product_tag-food-grade-flooring","12":"product_tag-heavy-duty-floor-coating","13":"product_tag-heavy-duty-floor-system","14":"product_tag-industrial-floor-coating","15":"product_tag-industrial-flooring-system","16":"product_tag-pharmaceutical-factory-floor","17":"product_tag-polyurethane-screed-floor","18":"product_tag-pu-screed-flooring","19":"product_tag-seamless-floor-system","20":"product_tag-solvent-free-flooring","21":"product_tag-three-component-flooring","23":"first","24":"instock","25":"shipping-taxable","26":"product-type-simple"},"yoast_head":"<!-- This site is optimized with the Yoast SEO Premium plugin v26.2 (Yoast SEO v26.5) - https:\/\/yoast.com\/wordpress\/plugins\/seo\/ -->\n<title>KAIDA JINYU\u00ae MF PU Screed Floor | Solvent-Free, Chemical Resistant Industrial Flooring System<\/title>\n<meta name=\"description\" content=\"KAIDA JINYU\u00ae MF is a seamless, solvent-free 3-component polyurethane screed flooring system. Designed for high-traffic and harsh environments like food &amp; beverage plants, pharmaceutical facilities, and cold storage. Offers exceptional abrasion, impact, and chemical resistance (acids, bases, salts). Download technical data sheet and learn about application guidelines.\" \/>\n<meta name=\"robots\" content=\"index, follow, max-snippet:-1, max-image-preview:large, max-video-preview:-1\" \/>\n<link rel=\"canonical\" href=\"https:\/\/www.jinyupaint.com\/es\/producto\/jinyu-paint-mf-self-leveling-pu-screed-flooring-system\/\" \/>\n<meta property=\"og:locale\" content=\"es_ES\" \/>\n<meta property=\"og:type\" content=\"article\" \/>\n<meta property=\"og:title\" content=\"JINYU PAINT\u00ae MF Self-leveling PU Screed Flooring System\" \/>\n<meta property=\"og:description\" content=\"KAIDA JINYU\u00ae MF is a seamless, solvent-free 3-component polyurethane screed flooring system. Designed for high-traffic and harsh environments like food &amp; beverage plants, pharmaceutical facilities, and cold storage. Offers exceptional abrasion, impact, and chemical resistance (acids, bases, salts). Download technical data sheet and learn about application guidelines.\" \/>\n<meta property=\"og:url\" content=\"https:\/\/www.jinyupaint.com\/es\/producto\/jinyu-paint-mf-self-leveling-pu-screed-flooring-system\/\" \/>\n<meta property=\"og:site_name\" content=\"KAIDA PAINT\u00ae\" \/>\n<meta property=\"article:modified_time\" content=\"2025-12-01T03:31:11+00:00\" \/>\n<meta property=\"og:image\" content=\"https:\/\/www.jinyupaint.com\/wp-content\/uploads\/2025\/09\/JINYU-PAINT\u00aeMF-Self-leveling-PU-Screed-Flooring-System.jpg\" \/>\n\t<meta property=\"og:image:width\" content=\"750\" \/>\n\t<meta property=\"og:image:height\" content=\"750\" \/>\n\t<meta property=\"og:image:type\" content=\"image\/jpeg\" \/>\n<meta name=\"twitter:card\" content=\"summary_large_image\" \/>\n<meta name=\"twitter:label1\" content=\"Tiempo de lectura\" \/>\n\t<meta name=\"twitter:data1\" content=\"5 minutos\" \/>\n<script type=\"application\/ld+json\" class=\"yoast-schema-graph\">{\"@context\":\"https:\/\/schema.org\",\"@graph\":[{\"@type\":\"WebPage\",\"@id\":\"https:\/\/www.jinyupaint.com\/product\/jinyu-paint-mf-self-leveling-pu-screed-flooring-system\",\"url\":\"https:\/\/www.jinyupaint.com\/product\/jinyu-paint-mf-self-leveling-pu-screed-flooring-system\",\"name\":\"KAIDA JINYU\u00ae MF PU Screed Floor | Solvent-Free, Chemical Resistant Industrial Flooring System\",\"isPartOf\":{\"@id\":\"https:\/\/www.jinyupaint.com\/#website\"},\"primaryImageOfPage\":{\"@id\":\"https:\/\/www.jinyupaint.com\/product\/jinyu-paint-mf-self-leveling-pu-screed-flooring-system#primaryimage\"},\"image\":{\"@id\":\"https:\/\/www.jinyupaint.com\/product\/jinyu-paint-mf-self-leveling-pu-screed-flooring-system#primaryimage\"},\"thumbnailUrl\":\"https:\/\/www.jinyupaint.com\/wp-content\/uploads\/2025\/09\/JINYU-PAINT\u00aeMF-Self-leveling-PU-Screed-Flooring-System.jpg\",\"datePublished\":\"2025-09-04T07:48:28+00:00\",\"dateModified\":\"2025-12-01T03:31:11+00:00\",\"description\":\"KAIDA JINYU\u00ae MF is a seamless, solvent-free 3-component polyurethane screed flooring system. Designed for high-traffic and harsh environments like food & beverage plants, pharmaceutical facilities, and cold storage. Offers exceptional abrasion, impact, and chemical resistance (acids, bases, salts). Download technical data sheet and learn about application guidelines.\",\"breadcrumb\":{\"@id\":\"https:\/\/www.jinyupaint.com\/product\/jinyu-paint-mf-self-leveling-pu-screed-flooring-system#breadcrumb\"},\"inLanguage\":\"es\",\"potentialAction\":[{\"@type\":\"ReadAction\",\"target\":[\"https:\/\/www.jinyupaint.com\/product\/jinyu-paint-mf-self-leveling-pu-screed-flooring-system\"]}]},{\"@type\":\"ImageObject\",\"inLanguage\":\"es\",\"@id\":\"https:\/\/www.jinyupaint.com\/product\/jinyu-paint-mf-self-leveling-pu-screed-flooring-system#primaryimage\",\"url\":\"https:\/\/www.jinyupaint.com\/wp-content\/uploads\/2025\/09\/JINYU-PAINT\u00aeMF-Self-leveling-PU-Screed-Flooring-System.jpg\",\"contentUrl\":\"https:\/\/www.jinyupaint.com\/wp-content\/uploads\/2025\/09\/JINYU-PAINT\u00aeMF-Self-leveling-PU-Screed-Flooring-System.jpg\",\"width\":750,\"height\":750,\"caption\":\"JINYU PAINT\u00aeMF Self-leveling PU Screed Flooring System\"},{\"@type\":\"BreadcrumbList\",\"@id\":\"https:\/\/www.jinyupaint.com\/product\/jinyu-paint-mf-self-leveling-pu-screed-flooring-system#breadcrumb\",\"itemListElement\":[{\"@type\":\"ListItem\",\"position\":1,\"name\":\"Home\",\"item\":\"https:\/\/www.jinyupaint.com\/\"},{\"@type\":\"ListItem\",\"position\":2,\"name\":\"Shop\",\"item\":\"https:\/\/www.jinyupaint.com\/shop.html\"},{\"@type\":\"ListItem\",\"position\":3,\"name\":\"JINYU PAINT\u00ae MF Self-leveling PU Screed Flooring System\"}]},{\"@type\":\"WebSite\",\"@id\":\"https:\/\/www.jinyupaint.com\/#website\",\"url\":\"https:\/\/www.jinyupaint.com\/\",\"name\":\"JINYU\u00ae PAINT\",\"description\":\"JINYU PAINT\u00ae Manufacturer\",\"potentialAction\":[{\"@type\":\"SearchAction\",\"target\":{\"@type\":\"EntryPoint\",\"urlTemplate\":\"https:\/\/www.jinyupaint.com\/?s={search_term_string}\"},\"query-input\":{\"@type\":\"PropertyValueSpecification\",\"valueRequired\":true,\"valueName\":\"search_term_string\"}}],\"inLanguage\":\"es\"}]}<\/script>\n<!-- \/ Yoast SEO Premium plugin. -->","yoast_head_json":{"title":"KAIDA JINYU\u00ae MF PU Screed Floor | Sistema de pavimento industrial sin disolventes y resistente a productos qu\u00edmicos","description":"KAIDA JINYU\u00ae MF es un sistema de solado de poliuretano de 3 componentes sin juntas y sin disolventes. Dise\u00f1ado para entornos dif\u00edciles y de alto tr\u00e1nsito, como plantas de alimentos y bebidas, instalaciones farmac\u00e9uticas y almacenes frigor\u00edficos. Ofrece una excepcional resistencia a la abrasi\u00f3n, al impacto y a los productos qu\u00edmicos (\u00e1cidos, bases, sales). Descargue la hoja de datos t\u00e9cnicos e inf\u00f3rmese sobre las directrices de aplicaci\u00f3n.","robots":{"index":"index","follow":"follow","max-snippet":"max-snippet:-1","max-image-preview":"max-image-preview:large","max-video-preview":"max-video-preview:-1"},"canonical":"https:\/\/www.jinyupaint.com\/es\/producto\/jinyu-paint-mf-self-leveling-pu-screed-flooring-system\/","og_locale":"es_ES","og_type":"article","og_title":"JINYU PAINT\u00ae MF Self-leveling PU Screed Flooring System","og_description":"KAIDA JINYU\u00ae MF is a seamless, solvent-free 3-component polyurethane screed flooring system. Designed for high-traffic and harsh environments like food & beverage plants, pharmaceutical facilities, and cold storage. Offers exceptional abrasion, impact, and chemical resistance (acids, bases, salts). Download technical data sheet and learn about application guidelines.","og_url":"https:\/\/www.jinyupaint.com\/es\/producto\/jinyu-paint-mf-self-leveling-pu-screed-flooring-system\/","og_site_name":"KAIDA PAINT\u00ae","article_modified_time":"2025-12-01T03:31:11+00:00","og_image":[{"width":750,"height":750,"url":"https:\/\/www.jinyupaint.com\/wp-content\/uploads\/2025\/09\/JINYU-PAINT\u00aeMF-Self-leveling-PU-Screed-Flooring-System.jpg","type":"image\/jpeg"}],"twitter_card":"summary_large_image","twitter_misc":{"Tiempo de lectura":"5 minutos"},"schema":{"@context":"https:\/\/schema.org","@graph":[{"@type":"WebPage","@id":"https:\/\/www.jinyupaint.com\/product\/jinyu-paint-mf-self-leveling-pu-screed-flooring-system","url":"https:\/\/www.jinyupaint.com\/product\/jinyu-paint-mf-self-leveling-pu-screed-flooring-system","name":"KAIDA JINYU\u00ae MF PU Screed Floor | Sistema de pavimento industrial sin disolventes y resistente a productos qu\u00edmicos","isPartOf":{"@id":"https:\/\/www.jinyupaint.com\/#website"},"primaryImageOfPage":{"@id":"https:\/\/www.jinyupaint.com\/product\/jinyu-paint-mf-self-leveling-pu-screed-flooring-system#primaryimage"},"image":{"@id":"https:\/\/www.jinyupaint.com\/product\/jinyu-paint-mf-self-leveling-pu-screed-flooring-system#primaryimage"},"thumbnailUrl":"https:\/\/www.jinyupaint.com\/wp-content\/uploads\/2025\/09\/JINYU-PAINT\u00aeMF-Self-leveling-PU-Screed-Flooring-System.jpg","datePublished":"2025-09-04T07:48:28+00:00","dateModified":"2025-12-01T03:31:11+00:00","description":"KAIDA JINYU\u00ae MF es un sistema de solado de poliuretano de 3 componentes sin juntas y sin disolventes. Dise\u00f1ado para entornos dif\u00edciles y de alto tr\u00e1nsito, como plantas de alimentos y bebidas, instalaciones farmac\u00e9uticas y almacenes frigor\u00edficos. Ofrece una excepcional resistencia a la abrasi\u00f3n, al impacto y a los productos qu\u00edmicos (\u00e1cidos, bases, sales). Descargue la hoja de datos t\u00e9cnicos e inf\u00f3rmese sobre las directrices de aplicaci\u00f3n.","breadcrumb":{"@id":"https:\/\/www.jinyupaint.com\/product\/jinyu-paint-mf-self-leveling-pu-screed-flooring-system#breadcrumb"},"inLanguage":"es","potentialAction":[{"@type":"ReadAction","target":["https:\/\/www.jinyupaint.com\/product\/jinyu-paint-mf-self-leveling-pu-screed-flooring-system"]}]},{"@type":"ImageObject","inLanguage":"es","@id":"https:\/\/www.jinyupaint.com\/product\/jinyu-paint-mf-self-leveling-pu-screed-flooring-system#primaryimage","url":"https:\/\/www.jinyupaint.com\/wp-content\/uploads\/2025\/09\/JINYU-PAINT\u00aeMF-Self-leveling-PU-Screed-Flooring-System.jpg","contentUrl":"https:\/\/www.jinyupaint.com\/wp-content\/uploads\/2025\/09\/JINYU-PAINT\u00aeMF-Self-leveling-PU-Screed-Flooring-System.jpg","width":750,"height":750,"caption":"JINYU PAINT\u00aeMF Self-leveling PU Screed Flooring System"},{"@type":"BreadcrumbList","@id":"https:\/\/www.jinyupaint.com\/product\/jinyu-paint-mf-self-leveling-pu-screed-flooring-system#breadcrumb","itemListElement":[{"@type":"ListItem","position":1,"name":"Home","item":"https:\/\/www.jinyupaint.com\/"},{"@type":"ListItem","position":2,"name":"Shop","item":"https:\/\/www.jinyupaint.com\/shop.html"},{"@type":"ListItem","position":3,"name":"JINYU PAINT\u00ae MF Self-leveling PU Screed Flooring System"}]},{"@type":"WebSite","@id":"https:\/\/www.jinyupaint.com\/#website","url":"https:\/\/www.jinyupaint.com\/","name":"JINYU\u00ae PINTURA","description":"JINYU PAINT\u00ae Fabricante","potentialAction":[{"@type":"SearchAction","target":{"@type":"EntryPoint","urlTemplate":"https:\/\/www.jinyupaint.com\/?s={search_term_string}"},"query-input":{"@type":"PropertyValueSpecification","valueRequired":true,"valueName":"search_term_string"}}],"inLanguage":"es"}]}},"_links":{"self":[{"href":"https:\/\/www.jinyupaint.com\/es\/wp-json\/wp\/v2\/product\/5780","targetHints":{"allow":["GET"]}}],"collection":[{"href":"https:\/\/www.jinyupaint.com\/es\/wp-json\/wp\/v2\/product"}],"about":[{"href":"https:\/\/www.jinyupaint.com\/es\/wp-json\/wp\/v2\/types\/product"}],"wp:featuredmedia":[{"embeddable":true,"href":"https:\/\/www.jinyupaint.com\/es\/wp-json\/wp\/v2\/media\/5781"}],"wp:attachment":[{"href":"https:\/\/www.jinyupaint.com\/es\/wp-json\/wp\/v2\/media?parent=5780"}],"wp:term":[{"taxonomy":"product_brand","embeddable":true,"href":"https:\/\/www.jinyupaint.com\/es\/wp-json\/wp\/v2\/product_brand?post=5780"},{"taxonomy":"product_cat","embeddable":true,"href":"https:\/\/www.jinyupaint.com\/es\/wp-json\/wp\/v2\/product_cat?post=5780"},{"taxonomy":"product_tag","embeddable":true,"href":"https:\/\/www.jinyupaint.com\/es\/wp-json\/wp\/v2\/product_tag?post=5780"}],"curies":[{"name":"wp","href":"https:\/\/api.w.org\/{rel}","templated":true}]}}