{"id":5117,"date":"2025-07-10T09:51:38","date_gmt":"2025-07-10T09:51:38","guid":{"rendered":"https:\/\/www.jinyupaint.com\/?post_type=product&#038;p=5117"},"modified":"2025-07-14T08:21:48","modified_gmt":"2025-07-14T08:21:48","slug":"high-performance-spray-polyurethane-finish","status":"publish","type":"product","link":"https:\/\/www.jinyupaint.com\/es\/producto\/high-performance-spray-polyurethane-finish","title":{"rendered":"Acabado de poliuretano pulverizado de alto rendimiento"},"content":{"rendered":"<p class=\"ds-markdown-paragraph\">Acabado de poliuretano en spray de alto rendimiento que proporciona un brillo excepcional, resistencia qu\u00edmica y protecci\u00f3n duradera... Nuestro acabado de poliuretano de dos componentes est\u00e1 dise\u00f1ado para superficies de metal, madera y hormig\u00f3n en interiores, proporcionando un acabado liso de alto brillo con una durabilidad superior.<\/p>\n<h2>Ventajas de nuestro acabado de poliuretano pulverizado<\/h2>\n<p class=\"ds-markdown-paragraph\">\u2714 Alto brillo y atractivo est\u00e9tico - Realza las superficies con un acabado liso y brillante, ideal para metal decorativo, muebles y equipos industriales.<br \/>\n\u2714 Excelente resistencia qu\u00edmica: resiste \u00e1cidos, \u00e1lcalis, aceites y disolventes, lo que la hace perfecta para entornos agresivos.<br \/>\n\u2714 Fuerte adhesi\u00f3n y flexibilidad - Se adhiere firmemente al acero, aluminio, madera y hormig\u00f3n sin agrietarse.<br \/>\nSecado r\u00e1pido y f\u00e1cil aplicaci\u00f3n - Compatible con pistolas pulverizadoras (HVLP\/sin aire), brocha o rodillo para un recubrimiento eficaz.<br \/>\n\u2714 Resistencia a los rayos UV y a la intemperie (uso en interiores) - Mantiene el color y el brillo durante a\u00f1os sin decolorarse.<\/p>\n<h2>Especificaciones t\u00e9cnicas:<\/h2>\n<table>\n<thead>\n<tr>\n<th><strong>Propiedad<\/strong><\/th>\n<th><strong>Especificaci\u00f3n<\/strong><\/th>\n<\/tr>\n<\/thead>\n<tbody>\n<tr>\n<td><strong>Tipo<\/strong><\/td>\n<td>Bicomponente (resina de poliuretano + endurecedor)<\/td>\n<\/tr>\n<tr>\n<td><strong>Opciones de acabado<\/strong><\/td>\n<td>Alto brillo \/ Semibrillante (Personalizable)<\/td>\n<\/tr>\n<tr>\n<td><strong>Contenido s\u00f3lido<\/strong><\/td>\n<td>50-52%<\/td>\n<\/tr>\n<tr>\n<td><strong>Cobertura<\/strong><\/td>\n<td>0,122 kg\/m\u00b2 a 50\u03bcm DFT<\/td>\n<\/tr>\n<tr>\n<td><strong>Espesor de la pel\u00edcula seca<\/strong><\/td>\n<td>30-50\u03bcm por capa<\/td>\n<\/tr>\n<tr>\n<td><strong>Punto de inflamaci\u00f3n<\/strong><\/td>\n<td>&gt;23\u00b0C<\/td>\n<\/tr>\n<tr>\n<td><strong>Proporci\u00f3n de mezcla<\/strong><\/td>\n<td>10:1 (Base : Endurecedor)<\/td>\n<\/tr>\n<tr>\n<td><strong>Vida \u00fatil<\/strong><\/td>\n<td>3-8 horas (depende de la temperatura)<\/td>\n<\/tr>\n<tr>\n<td><strong>Tiempo de secado a 20\u00b0C<\/strong><\/td>\n<td><\/td>\n<\/tr>\n<tr>\n<td>- Toque Seco<\/td>\n<td>1 hora<\/td>\n<\/tr>\n<tr>\n<td>- Tiempo de repintado<\/td>\n<td>16-24 horas<\/td>\n<\/tr>\n<tr>\n<td>- Curaci\u00f3n completa<\/td>\n<td>7 d\u00edas<\/td>\n<\/tr>\n<\/tbody>\n<\/table>\n<h2>Las mejores aplicaciones:<\/h2>\n<ul>\n<li>\n<p class=\"ds-markdown-paragraph\">Superficies met\u00e1licas: Estructuras de acero, maquinaria, piezas de autom\u00f3vil<\/p>\n<\/li>\n<li>\n<p class=\"ds-markdown-paragraph\">Acabado de la madera: muebles, armarios, suelos<\/p>\n<\/li>\n<li>\n<p class=\"ds-markdown-paragraph\">Revestimiento de hormig\u00f3n: Suelos industriales, paredes decorativas<\/p>\n<\/li>\n<li>\n<p class=\"ds-markdown-paragraph\">Uso industrial: Dep\u00f3sitos qu\u00edmicos, tuber\u00edas, protecci\u00f3n de equipos<\/p>\n<\/li>\n<\/ul>\n<h2>Sistemas de imprimaci\u00f3n recomendados:<\/h2>\n<ul>\n<li>\n<p class=\"ds-markdown-paragraph\">Estructuras de acero: Imprimaci\u00f3n epoxi-zinc + acabado de poliuretano<\/p>\n<\/li>\n<li>\n<p class=\"ds-markdown-paragraph\">Aluminio\/Metales no ferrosos: Imprimaci\u00f3n epoxi para metales + Acabado de poliuretano<\/p>\n<\/li>\n<li>\n<p class=\"ds-markdown-paragraph\">Madera\/hormig\u00f3n: Sellador epoxi + revestimiento de poliuretano<\/p>\n<\/li>\n<\/ul>\n<h2><strong>M\u00e9todo de construcci\u00f3n<\/strong><\/h2>\n<h4><strong>Proceso de construcci\u00f3n:<\/strong>\u00a0TCC-40YC<\/h4>\n<p class=\"ds-markdown-paragraph\"><strong>Lista de control:<\/strong>\u00a0Distribuci\u00f3n uniforme de cada n\u00famero de herramientas de construcci\u00f3n con herramientas limitadas<br \/>\n<strong>Lista de control Ratio:<\/strong>\u00a0M\u00e9todo principal (10 repeticiones por ciclo)<\/p>\n<div class=\"markdown-table-wrapper\">\n<table>\n<thead>\n<tr>\n<th><strong>Nombre del art\u00edculo<\/strong><\/th>\n<th><strong>TCC<\/strong><\/th>\n<th><strong>20\u00b0C<\/strong><\/th>\n<th><strong>20\u00b0C<\/strong><\/th>\n<\/tr>\n<\/thead>\n<tbody>\n<tr>\n<td><\/td>\n<td><strong>BDA<\/strong><\/td>\n<td><strong>BDA<\/strong><\/td>\n<td><strong>BDA<\/strong><\/td>\n<\/tr>\n<\/tbody>\n<\/table>\n<\/div>\n<p class=\"ds-markdown-paragraph\"><strong>M\u00e9todos de construcci\u00f3n:<\/strong>\u00a0Vertido s\u00f3lido, vertido al aire, protecci\u00f3n contra heladas (especializado)<\/p>\n<div class=\"markdown-table-wrapper\">\n<table>\n<thead>\n<tr>\n<th><strong>M\u00e9todo de construcci\u00f3n<\/strong><\/th>\n<th><strong>Tama\u00f1o de la plantilla<\/strong><\/th>\n<th><strong>Di\u00e1metro total\/h<\/strong><\/th>\n<th><strong>Peso de la plantilla (hormig\u00f3n)<\/strong><\/th>\n<\/tr>\n<\/thead>\n<tbody>\n<tr>\n<td>Vertido de s\u00f3lidos<\/td>\n<td>6,4 mm \u00d7 3,5 mm<\/td>\n<td>18,1 MPa<\/td>\n<td>0<\/td>\n<\/tr>\n<tr>\n<td>Vertido de aire<\/td>\n<td>&#8212;<\/td>\n<td>&#8212;<\/td>\n<td>0,1 MPa<\/td>\n<\/tr>\n<tr>\n<td>BDA, Mezcla de arena<\/td>\n<td>&#8212;<\/td>\n<td>&#8212;<\/td>\n<td>0<\/td>\n<\/tr>\n<\/tbody>\n<\/table>\n<\/div>\n<p class=\"ds-markdown-paragraph\"><strong>Tiempo de construcci\u00f3n y finalizaci\u00f3n<\/strong><\/p>\n<p class=\"ds-markdown-paragraph\"><strong>Ciclo h\u00famedo-seco:<\/strong><\/p>\n<div class=\"markdown-table-wrapper\">\n<table>\n<thead>\n<tr>\n<th><strong>Temperatura<\/strong><\/th>\n<th><strong>20\u00b0C<\/strong><\/th>\n<th><strong>10\u00b0C<\/strong><\/th>\n<th><strong>20\u00b0C<\/strong><\/th>\n<th><strong>20\u00b0C<\/strong><\/th>\n<\/tr>\n<\/thead>\n<tbody>\n<tr>\n<td>Secado en caliente<\/td>\n<td>45 min<\/td>\n<td>1,5 min<\/td>\n<td>15 minutos<\/td>\n<td>15 minutos<\/td>\n<\/tr>\n<tr>\n<td>Secado al aire<\/td>\n<td>25 min<\/td>\n<td>15 minutos<\/td>\n<td>15 minutos<\/td>\n<td>15 minutos<\/td>\n<\/tr>\n<tr>\n<td>Estabilidad est\u00e1tica<\/td>\n<td>30 min<\/td>\n<td>20 minutos<\/td>\n<td>15 minutos<\/td>\n<td>15 minutos<\/td>\n<\/tr>\n<\/tbody>\n<\/table>\n<\/div>\n<p class=\"ds-markdown-paragraph\"><strong>Aplicabilidad:<\/strong>\u00a0An\u00e1lisis necesarios para otras condiciones<\/p>\n<p class=\"ds-markdown-paragraph\"><strong>Medidas de seguridad<\/strong><\/p>\n<ol start=\"1\">\n<li>\n<p class=\"ds-markdown-paragraph\">Limpie el lugar r\u00e1pidamente despu\u00e9s del trabajo.<\/p>\n<\/li>\n<li>\n<p class=\"ds-markdown-paragraph\">Utilice equipo de protecci\u00f3n y evite la exposici\u00f3n al calor extremo o la contaminaci\u00f3n por congelaci\u00f3n. No coloque equipos de protecci\u00f3n, embalajes o art\u00edculos relacionados en las superficies del comedor.<\/p>\n<\/li>\n<li>\n<p class=\"ds-markdown-paragraph\">Para los productos conformes, verifique el aspecto y la exactitud del color.<\/p>\n<\/li>\n<li>\n<p class=\"ds-markdown-paragraph\">P\u00f3ngase en contacto con nuestra empresa inmediatamente si surge alg\u00fan problema.<\/p>\n<p><strong>Almacenamiento<\/strong><\/li>\n<\/ol>\n<ul>\n<li>\n<p class=\"ds-markdown-paragraph\">Almacenar en un lugar fresco y seco, con una conservaci\u00f3n regular en un entorno bien mantenido.<\/p>\n<\/li>\n<li><\/li>\n<li>\n<p class=\"ds-markdown-paragraph\"><strong>Caducidad:<\/strong>\u00a012 meses a partir de la fecha de producci\u00f3n (a 24\u00b0C).<\/p>\n<\/li>\n<li><\/li>\n<li><strong>Requisitos de construcci\u00f3n<\/strong><\/li>\n<\/ul>\n<p class=\"ds-markdown-paragraph\">Debido a las estructuras irregulares y complejas de las f\u00e1bricas, la instalaci\u00f3n incorrecta de los componentes puede provocar deficiencias en la construcci\u00f3n. Cualquier inestabilidad causada por defectos de dise\u00f1o puede dar lugar a riesgos para el proyecto; las modificaciones o demoliciones no autorizadas est\u00e1n estrictamente prohibidas.<br \/>\nLa decoraci\u00f3n interior, el transporte y el mantenimiento deben cumplir las normas de inspecci\u00f3n de equipos.<\/p>","protected":false},"excerpt":{"rendered":"<p>Proteja y embellezca las superficies con nuestro acabado de poliuretano en spray. Este revestimiento de alto brillo resiste los productos qu\u00edmicos y funciona en metal, madera y hormig\u00f3n. Util\u00edcelo en equipos industriales, estructuras de acero, muebles, armarios y suelos. Seca r\u00e1pido y dura mucho. Perfecto tanto para proteger como para decorar. Consiga un acabado suave y profesional en todo momento.<\/p>","protected":false},"featured_media":5118,"template":"","meta":{"om_disable_all_campaigns":false,"_monsterinsights_skip_tracking":false,"_monsterinsights_sitenote_active":false,"_monsterinsights_sitenote_note":"","_monsterinsights_sitenote_category":0,"_uf_show_specific_survey":0,"_uf_disable_surveys":false},"product_brand":[],"product_cat":[79,505],"product_tag":[503,502,501,500,499],"class_list":{"0":"post-5117","1":"product","2":"type-product","3":"status-publish","4":"has-post-thumbnail","6":"product_cat-industrial-coating","7":"product_cat-polyurethane-paint","8":"product_tag-chemical-resistant-polyurethane-spray","9":"product_tag-high-gloss-polyurethane-coating","10":"product_tag-polyurethane-topcoat-spray","11":"product_tag-spray-polyurethane-finish","12":"product_tag-two-component-polyurethane-paint","14":"first","15":"instock","16":"shipping-taxable","17":"product-type-simple"},"yoast_head":"<!-- This site is optimized with the Yoast SEO Premium plugin v26.2 (Yoast SEO v26.5) - https:\/\/yoast.com\/wordpress\/plugins\/seo\/ -->\n<title>High Performance Spray Polyurethane Finish - KAIDA PAINT\u00ae Manufacturer | Supplier<\/title>\n<meta name=\"description\" content=\"Professional spray polyurethane finish for metal, wood &amp; concrete. High gloss, chemical-resistant, and fast-drying. Ideal for industrial &amp; decorative use. Shop now!\" \/>\n<meta name=\"robots\" content=\"index, follow, max-snippet:-1, max-image-preview:large, max-video-preview:-1\" \/>\n<link rel=\"canonical\" href=\"https:\/\/www.jinyupaint.com\/es\/producto\/high-performance-spray-polyurethane-finish\/\" \/>\n<meta property=\"og:locale\" content=\"es_ES\" \/>\n<meta property=\"og:type\" content=\"article\" \/>\n<meta property=\"og:title\" content=\"High Performance Spray Polyurethane Finish\" \/>\n<meta property=\"og:description\" content=\"Professional spray polyurethane finish for metal, wood &amp; concrete. High gloss, chemical-resistant, and fast-drying. Ideal for industrial &amp; decorative use. Shop now!\" \/>\n<meta property=\"og:url\" content=\"https:\/\/www.jinyupaint.com\/es\/producto\/high-performance-spray-polyurethane-finish\/\" \/>\n<meta property=\"og:site_name\" content=\"KAIDA PAINT\u00ae\" \/>\n<meta property=\"article:modified_time\" content=\"2025-07-14T08:21:48+00:00\" \/>\n<meta property=\"og:image\" content=\"https:\/\/www.jinyupaint.com\/wp-content\/uploads\/2025\/07\/High-Performance-Spray-Polyurethane-Finish.jpg\" \/>\n\t<meta property=\"og:image:width\" content=\"750\" \/>\n\t<meta property=\"og:image:height\" content=\"750\" \/>\n\t<meta property=\"og:image:type\" content=\"image\/jpeg\" \/>\n<meta name=\"twitter:card\" content=\"summary_large_image\" \/>\n<meta name=\"twitter:label1\" content=\"Tiempo de lectura\" \/>\n\t<meta name=\"twitter:data1\" content=\"3 minutos\" \/>\n<script type=\"application\/ld+json\" class=\"yoast-schema-graph\">{\"@context\":\"https:\/\/schema.org\",\"@graph\":[{\"@type\":\"WebPage\",\"@id\":\"https:\/\/www.jinyupaint.com\/product\/high-performance-spray-polyurethane-finish\",\"url\":\"https:\/\/www.jinyupaint.com\/product\/high-performance-spray-polyurethane-finish\",\"name\":\"High Performance Spray Polyurethane Finish - KAIDA PAINT\u00ae Manufacturer | Supplier\",\"isPartOf\":{\"@id\":\"https:\/\/www.jinyupaint.com\/#website\"},\"primaryImageOfPage\":{\"@id\":\"https:\/\/www.jinyupaint.com\/product\/high-performance-spray-polyurethane-finish#primaryimage\"},\"image\":{\"@id\":\"https:\/\/www.jinyupaint.com\/product\/high-performance-spray-polyurethane-finish#primaryimage\"},\"thumbnailUrl\":\"https:\/\/www.jinyupaint.com\/wp-content\/uploads\/2025\/07\/High-Performance-Spray-Polyurethane-Finish.jpg\",\"datePublished\":\"2025-07-10T09:51:38+00:00\",\"dateModified\":\"2025-07-14T08:21:48+00:00\",\"description\":\"Professional spray polyurethane finish for metal, wood & concrete. High gloss, chemical-resistant, and fast-drying. Ideal for industrial & decorative use. Shop now!\",\"breadcrumb\":{\"@id\":\"https:\/\/www.jinyupaint.com\/product\/high-performance-spray-polyurethane-finish#breadcrumb\"},\"inLanguage\":\"es\",\"potentialAction\":[{\"@type\":\"ReadAction\",\"target\":[\"https:\/\/www.jinyupaint.com\/product\/high-performance-spray-polyurethane-finish\"]}]},{\"@type\":\"ImageObject\",\"inLanguage\":\"es\",\"@id\":\"https:\/\/www.jinyupaint.com\/product\/high-performance-spray-polyurethane-finish#primaryimage\",\"url\":\"https:\/\/www.jinyupaint.com\/wp-content\/uploads\/2025\/07\/High-Performance-Spray-Polyurethane-Finish.jpg\",\"contentUrl\":\"https:\/\/www.jinyupaint.com\/wp-content\/uploads\/2025\/07\/High-Performance-Spray-Polyurethane-Finish.jpg\",\"width\":750,\"height\":750,\"caption\":\"High Performance Spray Polyurethane Finish\"},{\"@type\":\"BreadcrumbList\",\"@id\":\"https:\/\/www.jinyupaint.com\/product\/high-performance-spray-polyurethane-finish#breadcrumb\",\"itemListElement\":[{\"@type\":\"ListItem\",\"position\":1,\"name\":\"Home\",\"item\":\"https:\/\/www.jinyupaint.com\/\"},{\"@type\":\"ListItem\",\"position\":2,\"name\":\"Shop\",\"item\":\"https:\/\/www.jinyupaint.com\/shop.html\"},{\"@type\":\"ListItem\",\"position\":3,\"name\":\"High Performance Spray Polyurethane Finish\"}]},{\"@type\":\"WebSite\",\"@id\":\"https:\/\/www.jinyupaint.com\/#website\",\"url\":\"https:\/\/www.jinyupaint.com\/\",\"name\":\"JINYU\u00ae PAINT\",\"description\":\"JINYU PAINT\u00ae Manufacturer\",\"potentialAction\":[{\"@type\":\"SearchAction\",\"target\":{\"@type\":\"EntryPoint\",\"urlTemplate\":\"https:\/\/www.jinyupaint.com\/?s={search_term_string}\"},\"query-input\":{\"@type\":\"PropertyValueSpecification\",\"valueRequired\":true,\"valueName\":\"search_term_string\"}}],\"inLanguage\":\"es\"}]}<\/script>\n<!-- \/ Yoast SEO Premium plugin. -->","yoast_head_json":{"title":"High Performance Spray Polyurethane Finish - KAIDA PAINT\u00ae Manufacturer | Supplier","description":"Acabado profesional de poliuretano en spray para metal, madera y hormig\u00f3n. Alto brillo, resistente a productos qu\u00edmicos y de secado r\u00e1pido. Ideal para uso industrial y decorativo. Compre ahora","robots":{"index":"index","follow":"follow","max-snippet":"max-snippet:-1","max-image-preview":"max-image-preview:large","max-video-preview":"max-video-preview:-1"},"canonical":"https:\/\/www.jinyupaint.com\/es\/producto\/high-performance-spray-polyurethane-finish\/","og_locale":"es_ES","og_type":"article","og_title":"High Performance Spray Polyurethane Finish","og_description":"Professional spray polyurethane finish for metal, wood & concrete. High gloss, chemical-resistant, and fast-drying. Ideal for industrial & decorative use. Shop now!","og_url":"https:\/\/www.jinyupaint.com\/es\/producto\/high-performance-spray-polyurethane-finish\/","og_site_name":"KAIDA PAINT\u00ae","article_modified_time":"2025-07-14T08:21:48+00:00","og_image":[{"width":750,"height":750,"url":"https:\/\/www.jinyupaint.com\/wp-content\/uploads\/2025\/07\/High-Performance-Spray-Polyurethane-Finish.jpg","type":"image\/jpeg"}],"twitter_card":"summary_large_image","twitter_misc":{"Tiempo de lectura":"3 minutos"},"schema":{"@context":"https:\/\/schema.org","@graph":[{"@type":"WebPage","@id":"https:\/\/www.jinyupaint.com\/product\/high-performance-spray-polyurethane-finish","url":"https:\/\/www.jinyupaint.com\/product\/high-performance-spray-polyurethane-finish","name":"High Performance Spray Polyurethane Finish - KAIDA PAINT\u00ae Manufacturer | Supplier","isPartOf":{"@id":"https:\/\/www.jinyupaint.com\/#website"},"primaryImageOfPage":{"@id":"https:\/\/www.jinyupaint.com\/product\/high-performance-spray-polyurethane-finish#primaryimage"},"image":{"@id":"https:\/\/www.jinyupaint.com\/product\/high-performance-spray-polyurethane-finish#primaryimage"},"thumbnailUrl":"https:\/\/www.jinyupaint.com\/wp-content\/uploads\/2025\/07\/High-Performance-Spray-Polyurethane-Finish.jpg","datePublished":"2025-07-10T09:51:38+00:00","dateModified":"2025-07-14T08:21:48+00:00","description":"Acabado profesional de poliuretano en spray para metal, madera y hormig\u00f3n. Alto brillo, resistente a productos qu\u00edmicos y de secado r\u00e1pido. Ideal para uso industrial y decorativo. Compre ahora","breadcrumb":{"@id":"https:\/\/www.jinyupaint.com\/product\/high-performance-spray-polyurethane-finish#breadcrumb"},"inLanguage":"es","potentialAction":[{"@type":"ReadAction","target":["https:\/\/www.jinyupaint.com\/product\/high-performance-spray-polyurethane-finish"]}]},{"@type":"ImageObject","inLanguage":"es","@id":"https:\/\/www.jinyupaint.com\/product\/high-performance-spray-polyurethane-finish#primaryimage","url":"https:\/\/www.jinyupaint.com\/wp-content\/uploads\/2025\/07\/High-Performance-Spray-Polyurethane-Finish.jpg","contentUrl":"https:\/\/www.jinyupaint.com\/wp-content\/uploads\/2025\/07\/High-Performance-Spray-Polyurethane-Finish.jpg","width":750,"height":750,"caption":"High Performance Spray Polyurethane Finish"},{"@type":"BreadcrumbList","@id":"https:\/\/www.jinyupaint.com\/product\/high-performance-spray-polyurethane-finish#breadcrumb","itemListElement":[{"@type":"ListItem","position":1,"name":"Home","item":"https:\/\/www.jinyupaint.com\/"},{"@type":"ListItem","position":2,"name":"Shop","item":"https:\/\/www.jinyupaint.com\/shop.html"},{"@type":"ListItem","position":3,"name":"High Performance Spray Polyurethane Finish"}]},{"@type":"WebSite","@id":"https:\/\/www.jinyupaint.com\/#website","url":"https:\/\/www.jinyupaint.com\/","name":"JINYU\u00ae PINTURA","description":"JINYU PAINT\u00ae Fabricante","potentialAction":[{"@type":"SearchAction","target":{"@type":"EntryPoint","urlTemplate":"https:\/\/www.jinyupaint.com\/?s={search_term_string}"},"query-input":{"@type":"PropertyValueSpecification","valueRequired":true,"valueName":"search_term_string"}}],"inLanguage":"es"}]}},"_links":{"self":[{"href":"https:\/\/www.jinyupaint.com\/es\/wp-json\/wp\/v2\/product\/5117","targetHints":{"allow":["GET"]}}],"collection":[{"href":"https:\/\/www.jinyupaint.com\/es\/wp-json\/wp\/v2\/product"}],"about":[{"href":"https:\/\/www.jinyupaint.com\/es\/wp-json\/wp\/v2\/types\/product"}],"wp:featuredmedia":[{"embeddable":true,"href":"https:\/\/www.jinyupaint.com\/es\/wp-json\/wp\/v2\/media\/5118"}],"wp:attachment":[{"href":"https:\/\/www.jinyupaint.com\/es\/wp-json\/wp\/v2\/media?parent=5117"}],"wp:term":[{"taxonomy":"product_brand","embeddable":true,"href":"https:\/\/www.jinyupaint.com\/es\/wp-json\/wp\/v2\/product_brand?post=5117"},{"taxonomy":"product_cat","embeddable":true,"href":"https:\/\/www.jinyupaint.com\/es\/wp-json\/wp\/v2\/product_cat?post=5117"},{"taxonomy":"product_tag","embeddable":true,"href":"https:\/\/www.jinyupaint.com\/es\/wp-json\/wp\/v2\/product_tag?post=5117"}],"curies":[{"name":"wp","href":"https:\/\/api.w.org\/{rel}","templated":true}]}}