{"id":3235,"date":"2025-02-19T08:21:39","date_gmt":"2025-02-19T08:21:39","guid":{"rendered":"https:\/\/www.jinyupaint.com\/?post_type=product&#038;p=3235"},"modified":"2025-02-19T08:43:36","modified_gmt":"2025-02-19T08:43:36","slug":"e850-epoxy-orange-peel-floor-finish","status":"publish","type":"product","link":"https:\/\/www.jinyupaint.com\/es\/producto\/e850-epoxy-orange-peel-floor-finish","title":{"rendered":"E850 Acabado epoxi con piel de naranja para suelos"},"content":{"rendered":"<h2 data-start=\"166\" data-end=\"764\"><strong data-start=\"166\" data-end=\"183\">Introducci\u00f3n:<\/strong><\/h2>\n<p data-start=\"166\" data-end=\"764\">El E850 Epoxy Orange Peel Floor Finish es una capa de acabado epoxi bicomponente de alto rendimiento dise\u00f1ada para proporcionar una soluci\u00f3n de suelo duradera, visualmente atractiva y funcional. Compuesto de resina epoxi l\u00edquida de baja viscosidad, aditivos importados, pigmentos, cargas resistentes al desgaste y agentes de curado, esta soluci\u00f3n de acabado epoxi para hormig\u00f3n ofrece un excelente rendimiento con un bajo olor, f\u00e1cil aplicaci\u00f3n y una gama de atractivos colores. La capa de textura de piel de naranja realza la superficie, proporcionando un acabado \u00fanico y est\u00e9ticamente agradable adecuado para diversos entornos.<\/p>\n<h2 data-start=\"766\" data-end=\"789\"><strong data-start=\"766\" data-end=\"787\">Caracter\u00edsticas del producto:<\/strong><\/h2>\n<ol data-start=\"790\" data-end=\"1391\">\n<li data-start=\"790\" data-end=\"929\"><strong data-start=\"793\" data-end=\"822\">Colores vivos y brillantes<\/strong>: El acabado epoxi del suelo crea una pel\u00edcula rica y completa que a\u00f1ade durabilidad y belleza a cualquier espacio.<\/li>\n<li data-start=\"930\" data-end=\"1072\"><strong data-start=\"933\" data-end=\"963\">Efecto de textura de piel de naranja<\/strong>: La distintiva capa de textura de piel de naranja proporciona una superficie tridimensional y visualmente atractiva.<\/li>\n<li data-start=\"1073\" data-end=\"1238\"><strong data-start=\"1076\" data-end=\"1127\">Alta resistencia al impacto y a la compresi\u00f3n<\/strong>: Este acabado epoxi para suelos de hormig\u00f3n ofrece una protecci\u00f3n superior, por lo que es ideal para zonas de mucho tr\u00e1nsito.<\/li>\n<li data-start=\"1239\" data-end=\"1391\"><strong data-start=\"1242\" data-end=\"1272\">Poco olor y f\u00e1cil de aplicar<\/strong>: Adecuado para aplicaciones residenciales y comerciales, incluido el acabado epoxi de garajes y entornos industriales.<\/li>\n<\/ol>\n<h2 data-start=\"1393\" data-end=\"1553\"><strong data-start=\"1393\" data-end=\"1417\">Aplicaci\u00f3n del producto:<\/strong><\/h2>\n<p data-start=\"1393\" data-end=\"1553\">Este acabado epoxi para suelos es compatible con imprimaciones y capas intermedias con o sin disolventes. Funciona bien con:<\/p>\n<ul data-start=\"1554\" data-end=\"1688\">\n<li data-start=\"1554\" data-end=\"1599\"><strong data-start=\"1556\" data-end=\"1578\">E159X Imprimaci\u00f3n epoxi<\/strong> (tipo penetrante)<\/li>\n<li data-start=\"1600\" data-end=\"1638\"><strong data-start=\"1602\" data-end=\"1636\">E811 Imprimaci\u00f3n epoxi sin disolventes<\/strong><\/li>\n<li data-start=\"1639\" data-end=\"1688\"><strong data-start=\"1641\" data-end=\"1682\">E337 Pintura intermedia de color epoxi<\/strong>etc.<\/li>\n<\/ul>\n<h2 data-start=\"875\" data-end=\"909\"><strong data-start=\"875\" data-end=\"892\">Normas:<\/strong><\/h2>\n<p data-start=\"875\" data-end=\"909\">GB\/T22374-2018<\/p>\n<h2 data-start=\"911\" data-end=\"941\"><strong data-start=\"911\" data-end=\"939\">Par\u00e1metros t\u00e9cnicos:<\/strong><\/h2>\n<table data-start=\"942\" data-end=\"1798\">\n<thead data-start=\"942\" data-end=\"1049\">\n<tr data-start=\"942\" data-end=\"1049\">\n<th data-start=\"942\" data-end=\"959\"><strong data-start=\"944\" data-end=\"958\">N\u00famero de serie<\/strong><\/th>\n<th data-start=\"959\" data-end=\"978\"><strong data-start=\"961\" data-end=\"974\">Elemento de prueba<\/strong><\/th>\n<th data-start=\"978\" data-end=\"1005\"><strong data-start=\"980\" data-end=\"999\">\u00cdndice t\u00e9cnico<\/strong><\/th>\n<th data-start=\"1005\" data-end=\"1026\"><strong data-start=\"1007\" data-end=\"1025\">Valor est\u00e1ndar<\/strong><\/th>\n<th data-start=\"1026\" data-end=\"1049\"><strong data-start=\"1028\" data-end=\"1046\">Valor medido<\/strong><\/th>\n<\/tr>\n<\/thead>\n<tbody data-start=\"1158\" data-end=\"1798\">\n<tr data-start=\"1158\" data-end=\"1292\">\n<td>1<\/td>\n<td>Estado<\/td>\n<td>Homog\u00e9neo y sin grumos tras la mezcla<\/td>\n<td>Homog\u00e9neo y sin grumos<\/td>\n<td>Homog\u00e9neo y sin grumos<\/td>\n<\/tr>\n<tr data-start=\"1293\" data-end=\"1435\">\n<td>2<\/td>\n<td>Color<\/td>\n<td>Color uniforme, sin color flotante<\/td>\n<td>Color uniforme, sin color flotante<\/td>\n<td>Color uniforme, sin color flotante<\/td>\n<\/tr>\n<tr data-start=\"1436\" data-end=\"1582\">\n<td>3<\/td>\n<td>Aspecto de la pel\u00edcula<\/td>\n<td>Textura clara de piel de naranja, sin descolgamientos, ni burbujas, agujeros o grietas.<\/td>\n<td>Buen aspecto<\/td>\n<td>Buen aspecto<\/td>\n<\/tr>\n<tr data-start=\"1583\" data-end=\"1690\">\n<td>4<\/td>\n<td>Seco al tacto<\/td>\n<td>\u2264 8 horas<\/td>\n<td>4 horas<\/td>\n<td>4 horas<\/td>\n<\/tr>\n<tr data-start=\"1691\" data-end=\"1798\">\n<td>5<\/td>\n<td>Totalmente curado<\/td>\n<td>\u2264 48 horas<\/td>\n<td>26 horas<\/td>\n<td>26 horas<\/td>\n<\/tr>\n<\/tbody>\n<\/table>\n<p data-start=\"1690\" data-end=\"1912\">Est\u00e1 dise\u00f1ado para su uso en aparcamientos subterr\u00e1neos, talleres de producci\u00f3n, almacenes, etc., ofreciendo no s\u00f3lo acabados epox\u00eddicos para garajes, sino tambi\u00e9n una superficie funcional y atractiva para diversos entornos industriales.<\/p>\n<h2 data-start=\"1914\" data-end=\"2178\"><strong data-start=\"1914\" data-end=\"1938\">Preparaci\u00f3n de la superficie:<\/strong><\/h2>\n<p data-start=\"1914\" data-end=\"2178\">Antes de la aplicaci\u00f3n, el sustrato debe estar limpio, seco y libre de cualquier contaminante. Aseg\u00farese de que la superficie est\u00e9 lisa y nivelada, sin aceite, grasa ni residuos. Es importante preparar el sustrato adecuadamente para obtener la mejor adherencia y los mejores resultados.<\/p>\n<h2 data-start=\"2180\" data-end=\"2211\"><strong data-start=\"2180\" data-end=\"2209\">Instrucciones para la solicitud:<\/strong><\/h2>\n<ol data-start=\"2212\" data-end=\"2620\">\n<li data-start=\"2212\" data-end=\"2363\"><strong data-start=\"2215\" data-end=\"2231\">Proporci\u00f3n de mezcla<\/strong>: El componente base y el agente de curado deben mezclarse en una proporci\u00f3n de 5:1 en peso. Remover a fondo la mezcla para asegurar una consistencia uniforme.<\/li>\n<li data-start=\"2364\" data-end=\"2620\"><strong data-start=\"2367\" data-end=\"2389\">M\u00e9todo de aplicaci\u00f3n<\/strong>: Utilice una llana dentada para aplicar el producto mezclado sobre el sustrato con el mismo color de acabado de suelo epoxi o capa intermedia. Termine utilizando un rodillo de textura de piel de naranja de flor peque\u00f1a para conseguir el efecto deseado.<\/li>\n<\/ol>\n<h2 data-start=\"2622\" data-end=\"2890\"><strong data-start=\"2622\" data-end=\"2648\">Durabilidad y acabado:<\/strong><\/h2>\n<p data-start=\"2622\" data-end=\"2890\">El acabado epoxi ofrece una excelente protecci\u00f3n a largo plazo, proporcionando una superficie lisa y est\u00e9ticamente agradable, resistente al desgaste y a los impactos. Ideal para zonas que exigen durabilidad, como garajes, talleres y espacios comerciales.<\/p>\n<h2 data-start=\"2892\" data-end=\"2921\"><strong data-start=\"2892\" data-end=\"2921\">Especificaciones t\u00e9cnicas:<\/strong><\/h2>\n<ul data-start=\"2922\" data-end=\"3085\">\n<li data-start=\"2922\" data-end=\"2953\"><strong data-start=\"2924\" data-end=\"2940\">Seco al tacto<\/strong>: \u2264 8 horas<\/li>\n<li data-start=\"2954\" data-end=\"2985\"><strong data-start=\"2956\" data-end=\"2971\">Totalmente curado<\/strong>: \u2264 48 horas<\/li>\n<li data-start=\"2986\" data-end=\"3085\"><strong data-start=\"2988\" data-end=\"3012\">Cobertura de la aplicaci\u00f3n<\/strong>: 0,4-0,6 kg\/m\u00b2 (seg\u00fan el efecto - textura de flor peque\u00f1a o grande)<\/li>\n<\/ul>\n<h2 data-start=\"3087\" data-end=\"3144\"><strong data-start=\"3087\" data-end=\"3102\">Caducidad:<\/strong><\/h2>\n<p data-start=\"3087\" data-end=\"3144\">12 meses a partir de la fecha de fabricaci\u00f3n.<\/p>\n<h2 data-start=\"3146\" data-end=\"3631\"><strong data-start=\"3146\" data-end=\"3197\">\u00bfPor qu\u00e9 elegir el acabado epoxi de c\u00e1scara de naranja E850?<\/strong><\/h2>\n<p data-start=\"3146\" data-end=\"3631\">Si est\u00e1 buscando un acabado de suelo epoxi que combine belleza y durabilidad, el acabado de suelo epoxi de c\u00e1scara de naranja E850 es la soluci\u00f3n perfecta. Este producto de alta calidad es ideal para su uso tanto en entornos residenciales como industriales, incluyendo acabados epoxi para garajes y acabados epoxi para suelos de hormig\u00f3n. Su f\u00e1cil aplicaci\u00f3n, bajo olor y bonito acabado lo convierten en la mejor elecci\u00f3n para su pr\u00f3ximo proyecto de suelos.<\/p>","protected":false},"excerpt":{"rendered":"<p>El E850 Epoxy Orange Peel Floor Finish es un acabado epoxi bicomponente de alta calidad dise\u00f1ado para aplicaciones en suelos industriales y residenciales. Este producto est\u00e1 formulado utilizando resina epoxi l\u00edquida de baja viscosidad, aditivos importados, pigmentos y agentes de curado para crear una superficie duradera y est\u00e9ticamente agradable. La exclusiva capa de textura de piel de naranja ofrece un acabado tridimensional distintivo que es a la vez funcional y decorativo. Con alta resistencia al impacto, resistencia a la compresi\u00f3n y bajo olor, es perfecto para zonas como garajes, almacenes y talleres de producci\u00f3n. F\u00e1cil de aplicar y disponible en varios colores, es una soluci\u00f3n duradera para suelos de hormig\u00f3n.<\/p>","protected":false},"featured_media":3236,"template":"","meta":{"om_disable_all_campaigns":false,"_monsterinsights_skip_tracking":false,"_monsterinsights_sitenote_active":false,"_monsterinsights_sitenote_note":"","_monsterinsights_sitenote_category":0,"_uf_show_specific_survey":0,"_uf_disable_surveys":false},"product_brand":[],"product_cat":[43,96,98],"product_tag":[94,137,104],"class_list":{"0":"post-3235","1":"product","2":"type-product","3":"status-publish","4":"has-post-thumbnail","6":"product_cat-epoxy-floor-coating","7":"product_cat-epoxy-top-coat","8":"product_cat-solvent-based-coating","9":"product_tag-epoxy-floor-coating","10":"product_tag-epoxy-top-coat","11":"product_tag-solvent-based-coating","13":"first","14":"instock","15":"shipping-taxable","16":"product-type-simple"},"yoast_head":"<!-- This site is optimized with the Yoast SEO Premium plugin v26.2 (Yoast SEO v26.5) - https:\/\/yoast.com\/wordpress\/plugins\/seo\/ -->\n<title>E850 Epoxy Orange Peel Floor Finish - Texture Coat - KAIDA PAINT\u00ae<\/title>\n<meta name=\"description\" content=\"The E850 Epoxy Orange Peel Floor Finish is a durable two-component epoxy topcoat that delivers a stunning orange peel texture effect. Ideal for concrete floors in garages, warehouses, and production environments, it offers excellent impact resistance, compressive strength, and vibrant color. Easy to apply with low odor, providing a functional and aesthetic solution for both residential and industrial flooring projects.\" \/>\n<meta name=\"robots\" content=\"index, follow, max-snippet:-1, max-image-preview:large, max-video-preview:-1\" \/>\n<link rel=\"canonical\" href=\"https:\/\/www.jinyupaint.com\/es\/producto\/e850-epoxy-orange-peel-floor-finish\/\" \/>\n<meta property=\"og:locale\" content=\"es_ES\" \/>\n<meta property=\"og:type\" content=\"article\" \/>\n<meta property=\"og:title\" content=\"E850 Epoxy Orange Peel Floor Finish\" \/>\n<meta property=\"og:description\" content=\"The E850 Epoxy Orange Peel Floor Finish is a durable two-component epoxy topcoat that delivers a stunning orange peel texture effect. Ideal for concrete floors in garages, warehouses, and production environments, it offers excellent impact resistance, compressive strength, and vibrant color. Easy to apply with low odor, providing a functional and aesthetic solution for both residential and industrial flooring projects.\" \/>\n<meta property=\"og:url\" content=\"https:\/\/www.jinyupaint.com\/es\/producto\/e850-epoxy-orange-peel-floor-finish\/\" \/>\n<meta property=\"og:site_name\" content=\"KAIDA PAINT\u00ae\" \/>\n<meta property=\"article:modified_time\" content=\"2025-02-19T08:43:36+00:00\" \/>\n<meta property=\"og:image\" content=\"https:\/\/www.jinyupaint.com\/wp-content\/uploads\/2025\/02\/E850-Epoxy-Orange-Peel-Finish.jpg\" \/>\n\t<meta property=\"og:image:width\" content=\"750\" \/>\n\t<meta property=\"og:image:height\" content=\"750\" \/>\n\t<meta property=\"og:image:type\" content=\"image\/jpeg\" \/>\n<meta name=\"twitter:card\" content=\"summary_large_image\" \/>\n<meta name=\"twitter:label1\" content=\"Tiempo de lectura\" \/>\n\t<meta name=\"twitter:data1\" content=\"3 minutos\" \/>\n<script type=\"application\/ld+json\" class=\"yoast-schema-graph\">{\"@context\":\"https:\/\/schema.org\",\"@graph\":[{\"@type\":\"WebPage\",\"@id\":\"https:\/\/www.jinyupaint.com\/product\/e850-epoxy-orange-peel-floor-finish\",\"url\":\"https:\/\/www.jinyupaint.com\/product\/e850-epoxy-orange-peel-floor-finish\",\"name\":\"E850 Epoxy Orange Peel Floor Finish - Texture Coat - KAIDA PAINT\u00ae\",\"isPartOf\":{\"@id\":\"https:\/\/www.jinyupaint.com\/#website\"},\"primaryImageOfPage\":{\"@id\":\"https:\/\/www.jinyupaint.com\/product\/e850-epoxy-orange-peel-floor-finish#primaryimage\"},\"image\":{\"@id\":\"https:\/\/www.jinyupaint.com\/product\/e850-epoxy-orange-peel-floor-finish#primaryimage\"},\"thumbnailUrl\":\"https:\/\/www.jinyupaint.com\/wp-content\/uploads\/2025\/02\/E850-Epoxy-Orange-Peel-Finish.jpg\",\"datePublished\":\"2025-02-19T08:21:39+00:00\",\"dateModified\":\"2025-02-19T08:43:36+00:00\",\"description\":\"The E850 Epoxy Orange Peel Floor Finish is a durable two-component epoxy topcoat that delivers a stunning orange peel texture effect. Ideal for concrete floors in garages, warehouses, and production environments, it offers excellent impact resistance, compressive strength, and vibrant color. Easy to apply with low odor, providing a functional and aesthetic solution for both residential and industrial flooring projects.\",\"breadcrumb\":{\"@id\":\"https:\/\/www.jinyupaint.com\/product\/e850-epoxy-orange-peel-floor-finish#breadcrumb\"},\"inLanguage\":\"es\",\"potentialAction\":[{\"@type\":\"ReadAction\",\"target\":[\"https:\/\/www.jinyupaint.com\/product\/e850-epoxy-orange-peel-floor-finish\"]}]},{\"@type\":\"ImageObject\",\"inLanguage\":\"es\",\"@id\":\"https:\/\/www.jinyupaint.com\/product\/e850-epoxy-orange-peel-floor-finish#primaryimage\",\"url\":\"https:\/\/www.jinyupaint.com\/wp-content\/uploads\/2025\/02\/E850-Epoxy-Orange-Peel-Finish.jpg\",\"contentUrl\":\"https:\/\/www.jinyupaint.com\/wp-content\/uploads\/2025\/02\/E850-Epoxy-Orange-Peel-Finish.jpg\",\"width\":750,\"height\":750,\"caption\":\"E850 Epoxy Orange Peel Finish\"},{\"@type\":\"BreadcrumbList\",\"@id\":\"https:\/\/www.jinyupaint.com\/product\/e850-epoxy-orange-peel-floor-finish#breadcrumb\",\"itemListElement\":[{\"@type\":\"ListItem\",\"position\":1,\"name\":\"Home\",\"item\":\"https:\/\/www.jinyupaint.com\/\"},{\"@type\":\"ListItem\",\"position\":2,\"name\":\"Shop\",\"item\":\"https:\/\/www.jinyupaint.com\/shop.html\"},{\"@type\":\"ListItem\",\"position\":3,\"name\":\"E850 Epoxy Orange Peel Floor Finish\"}]},{\"@type\":\"WebSite\",\"@id\":\"https:\/\/www.jinyupaint.com\/#website\",\"url\":\"https:\/\/www.jinyupaint.com\/\",\"name\":\"JINYU\u00ae PAINT\",\"description\":\"JINYU PAINT\u00ae Manufacturer\",\"potentialAction\":[{\"@type\":\"SearchAction\",\"target\":{\"@type\":\"EntryPoint\",\"urlTemplate\":\"https:\/\/www.jinyupaint.com\/?s={search_term_string}\"},\"query-input\":{\"@type\":\"PropertyValueSpecification\",\"valueRequired\":true,\"valueName\":\"search_term_string\"}}],\"inLanguage\":\"es\"}]}<\/script>\n<!-- \/ Yoast SEO Premium plugin. -->","yoast_head_json":{"title":"E850 Acabado ep\u00f3xico para suelos de c\u00e1scara de naranja - Capa de textura - KAIDA PAINT","description":"El E850 Epoxy Orange Peel Floor Finish es una capa de acabado epoxi duradera de dos componentes que proporciona un impresionante efecto de textura de piel de naranja. Ideal para suelos de hormig\u00f3n en garajes, almacenes y entornos de producci\u00f3n, ofrece una excelente resistencia al impacto, resistencia a la compresi\u00f3n y un color vibrante. F\u00e1cil de aplicar y con bajo olor, proporciona una soluci\u00f3n funcional y est\u00e9tica tanto para proyectos de suelos residenciales como industriales.","robots":{"index":"index","follow":"follow","max-snippet":"max-snippet:-1","max-image-preview":"max-image-preview:large","max-video-preview":"max-video-preview:-1"},"canonical":"https:\/\/www.jinyupaint.com\/es\/producto\/e850-epoxy-orange-peel-floor-finish\/","og_locale":"es_ES","og_type":"article","og_title":"E850 Epoxy Orange Peel Floor Finish","og_description":"The E850 Epoxy Orange Peel Floor Finish is a durable two-component epoxy topcoat that delivers a stunning orange peel texture effect. Ideal for concrete floors in garages, warehouses, and production environments, it offers excellent impact resistance, compressive strength, and vibrant color. Easy to apply with low odor, providing a functional and aesthetic solution for both residential and industrial flooring projects.","og_url":"https:\/\/www.jinyupaint.com\/es\/producto\/e850-epoxy-orange-peel-floor-finish\/","og_site_name":"KAIDA PAINT\u00ae","article_modified_time":"2025-02-19T08:43:36+00:00","og_image":[{"width":750,"height":750,"url":"https:\/\/www.jinyupaint.com\/wp-content\/uploads\/2025\/02\/E850-Epoxy-Orange-Peel-Finish.jpg","type":"image\/jpeg"}],"twitter_card":"summary_large_image","twitter_misc":{"Tiempo de lectura":"3 minutos"},"schema":{"@context":"https:\/\/schema.org","@graph":[{"@type":"WebPage","@id":"https:\/\/www.jinyupaint.com\/product\/e850-epoxy-orange-peel-floor-finish","url":"https:\/\/www.jinyupaint.com\/product\/e850-epoxy-orange-peel-floor-finish","name":"E850 Acabado ep\u00f3xico para suelos de c\u00e1scara de naranja - Capa de textura - KAIDA PAINT","isPartOf":{"@id":"https:\/\/www.jinyupaint.com\/#website"},"primaryImageOfPage":{"@id":"https:\/\/www.jinyupaint.com\/product\/e850-epoxy-orange-peel-floor-finish#primaryimage"},"image":{"@id":"https:\/\/www.jinyupaint.com\/product\/e850-epoxy-orange-peel-floor-finish#primaryimage"},"thumbnailUrl":"https:\/\/www.jinyupaint.com\/wp-content\/uploads\/2025\/02\/E850-Epoxy-Orange-Peel-Finish.jpg","datePublished":"2025-02-19T08:21:39+00:00","dateModified":"2025-02-19T08:43:36+00:00","description":"El E850 Epoxy Orange Peel Floor Finish es una capa de acabado epoxi duradera de dos componentes que proporciona un impresionante efecto de textura de piel de naranja. Ideal para suelos de hormig\u00f3n en garajes, almacenes y entornos de producci\u00f3n, ofrece una excelente resistencia al impacto, resistencia a la compresi\u00f3n y un color vibrante. F\u00e1cil de aplicar y con bajo olor, proporciona una soluci\u00f3n funcional y est\u00e9tica tanto para proyectos de suelos residenciales como industriales.","breadcrumb":{"@id":"https:\/\/www.jinyupaint.com\/product\/e850-epoxy-orange-peel-floor-finish#breadcrumb"},"inLanguage":"es","potentialAction":[{"@type":"ReadAction","target":["https:\/\/www.jinyupaint.com\/product\/e850-epoxy-orange-peel-floor-finish"]}]},{"@type":"ImageObject","inLanguage":"es","@id":"https:\/\/www.jinyupaint.com\/product\/e850-epoxy-orange-peel-floor-finish#primaryimage","url":"https:\/\/www.jinyupaint.com\/wp-content\/uploads\/2025\/02\/E850-Epoxy-Orange-Peel-Finish.jpg","contentUrl":"https:\/\/www.jinyupaint.com\/wp-content\/uploads\/2025\/02\/E850-Epoxy-Orange-Peel-Finish.jpg","width":750,"height":750,"caption":"E850 Epoxy Orange Peel Finish"},{"@type":"BreadcrumbList","@id":"https:\/\/www.jinyupaint.com\/product\/e850-epoxy-orange-peel-floor-finish#breadcrumb","itemListElement":[{"@type":"ListItem","position":1,"name":"Home","item":"https:\/\/www.jinyupaint.com\/"},{"@type":"ListItem","position":2,"name":"Shop","item":"https:\/\/www.jinyupaint.com\/shop.html"},{"@type":"ListItem","position":3,"name":"E850 Epoxy Orange Peel Floor Finish"}]},{"@type":"WebSite","@id":"https:\/\/www.jinyupaint.com\/#website","url":"https:\/\/www.jinyupaint.com\/","name":"JINYU\u00ae PINTURA","description":"JINYU PAINT\u00ae Fabricante","potentialAction":[{"@type":"SearchAction","target":{"@type":"EntryPoint","urlTemplate":"https:\/\/www.jinyupaint.com\/?s={search_term_string}"},"query-input":{"@type":"PropertyValueSpecification","valueRequired":true,"valueName":"search_term_string"}}],"inLanguage":"es"}]}},"_links":{"self":[{"href":"https:\/\/www.jinyupaint.com\/es\/wp-json\/wp\/v2\/product\/3235","targetHints":{"allow":["GET"]}}],"collection":[{"href":"https:\/\/www.jinyupaint.com\/es\/wp-json\/wp\/v2\/product"}],"about":[{"href":"https:\/\/www.jinyupaint.com\/es\/wp-json\/wp\/v2\/types\/product"}],"wp:featuredmedia":[{"embeddable":true,"href":"https:\/\/www.jinyupaint.com\/es\/wp-json\/wp\/v2\/media\/3236"}],"wp:attachment":[{"href":"https:\/\/www.jinyupaint.com\/es\/wp-json\/wp\/v2\/media?parent=3235"}],"wp:term":[{"taxonomy":"product_brand","embeddable":true,"href":"https:\/\/www.jinyupaint.com\/es\/wp-json\/wp\/v2\/product_brand?post=3235"},{"taxonomy":"product_cat","embeddable":true,"href":"https:\/\/www.jinyupaint.com\/es\/wp-json\/wp\/v2\/product_cat?post=3235"},{"taxonomy":"product_tag","embeddable":true,"href":"https:\/\/www.jinyupaint.com\/es\/wp-json\/wp\/v2\/product_tag?post=3235"}],"curies":[{"name":"wp","href":"https:\/\/api.w.org\/{rel}","templated":true}]}}