{"id":2467,"date":"2025-01-06T11:43:25","date_gmt":"2025-01-06T11:43:25","guid":{"rendered":"https:\/\/www.jinyupaint.com\/?post_type=product&#038;p=2467"},"modified":"2025-04-18T03:22:28","modified_gmt":"2025-04-18T03:22:28","slug":"hooked-end-steel-fiber","status":"publish","type":"product","link":"https:\/\/www.jinyupaint.com\/es\/producto\/hooked-end-steel-fiber","title":{"rendered":"Extremo con gancho Fibra de acero"},"content":{"rendered":"<p>Descripci\u00f3n del producto<br \/>\nLa fibra de acero en forma de gancho se corta a partir de alambres finos de acero de cierta longitud y di\u00e1metro, son rectos en el centro y se doblan en forma de gancho en ambos extremos, tiene una apariencia lisa y uniforme y es el tipo m\u00e1s com\u00fan de fibra de acero.<\/p>\n<p>Funci\u00f3n del producto<br \/>\n1. Excelente resistencia al desgaste y durabilidad, mayor resistencia a la fatiga y l\u00edmite de durabilidad2.Alta duciiidad y resistencia al impacto.<br \/>\n3. Buena dispersi\u00f3n, las fibras de acero no se apelmazan en el hormig\u00f3n y se distribuyen uniformemente.<br \/>\n4. Mejorar las propiedades mec\u00e1nicas del hormig\u00f3n, como la tracci\u00f3n, la flexi\u00f3n y el cizallamiento.$. 5. La superficie \u00e1spera y limpia de la fibra de acero puede combinarse firmemente con la lechada de cemento en el hormig\u00f3n.6. En comparaci\u00f3n con el hormig\u00f3n armado tradicional, el hormig\u00f3n de fibra de acero se construye directamente y se conecta sin problemas a equipos de pelado l\u00e1ser a gran escala, lo que ahorra costes.7. El proceso de construcci\u00f3n es m\u00e1s sencillo y el per\u00edodo de construcci\u00f3n se acorta considerablemente en comparaci\u00f3n con la soluci\u00f3n de barras de acero.<\/p>\n<p>Detalles del embalaje<br \/>\nEmbalaje: carion o embalaje compuesto bolsa de papar 25kg\/caja o bolsa, 1,5 toneladas-2 toms por palet, tambi\u00e9n puede ser producido y embalado de acuerdo a regulremenis usuario.<\/p>\n<p>Instrucciones<br \/>\nRequisitos t\u00e9cnicos de construcci\u00f3n:<br \/>\n1. El grado del cemento no deber\u00e1 ser inferior a No, 425, La relaci\u00f3n agua-cemento no deber\u00e1 ser superior a 0,52. 2. La longitud del tama\u00f1o de la part\u00edcula de hueso grueso no debe exceder 2\/3 de la longitud del macho de fibra de acero.3. El volumen de fibra de acero del hormig\u00f3n de fibra de acero no debe ser inferior a 0,5%, generalmente entre 0,5-3%. y1,5%-2,5% se recomienda; es decir, el rango de dosificaci\u00f3n por metro c\u00fabico de hormig\u00f3n es: 5-30kg, y se recomiendan 15-25kg.<br \/>\n4. 4. No se permite mezclar arena de mar con el hormig\u00f3n de fibras de acero, y la sal de cloro est\u00e1 estrictamente prohibida. 5. Adem\u00e1s de las disposiciones anteriores, otros materiales utilizados en el hormig\u00f3n de fibras de acero deben cumplir con las disposiciones sobre materias primas utilizadas en el hormig\u00f3n armado en las especificaciones actuales. 6. La consistencia del hormig\u00f3n de fibras de acero se puede determinar mediante referencia a la consistencia requerida para el hormig\u00f3n ordinario en proyectos similares. su valor de asentamiento puede ser menor que el valor requerido correspondiente para el hormig\u00f3n ordinario.<br \/>\n7. Cuando el coj\u00edn de hormig\u00f3n de fibras de acero y la capa superficial con juntas de retracci\u00f3n de la estructura de junta plana no est\u00e9n cubiertos con una capa de refuerzo de cimentaci\u00f3n, como suelo calc\u00e1reo bajo el coj\u00edn, y cumplan las siguientes condiciones al mismo tiempo:<br \/>\na. El espesor del coj\u00edn y la capa superficial antes de la reducci\u00f3n no exceder\u00e1 de 130mm.b. El espesor de la capa de refuerzo de la cimentaci\u00f3n es mayor que el espesor de la capa de coj\u00edn. ltsthickness puede ser multiplicado por el factor de reducci\u00f3n 0,75, pero no ser\u00e1 inferior a 50mmDischarging requisitos: fibra de acero y agregados gruesos-+Stir durante 30 segundos ,A\u00f1adir arena y cemento-Stir durante 30 segundos-A\u00f1adir aguaStir durante 3 minutosCompactaci\u00f3n:<br \/>\n1. Al verter el hormig\u00f3n de fibra de acero, m\u00e9zclelo sobre la marcha y vi\u00e9rtalo de forma continua. Las juntas de construcci\u00f3n no deben abrirse hasta alcanzar las juntas divisorias. El hormig\u00f3n debe ser vibrado y compactado durante el vertido.2. Enlucido: El hormig\u00f3n de fibra de acero en relieve tiene las caracter\u00edsticas de recogida fina de materiales gruesos, alta tasa de arena y distribuci\u00f3n aleatoria de las fibras. se alisa mec\u00e1nicamente para evitar la exposici\u00f3n de las fibras. El proceso de gofrado utilizando una m\u00e1quina de gofrado tambi\u00e9n puede evitar la exposici\u00f3n de las fibras causada por los tirones. En verano, debe cubrirse con bolsas de paja y similares, y en invierno, debe prestarse atenci\u00f3n a la conservaci\u00f3n del calor.<\/p>\n<p>Campo de aplicaci\u00f3n<br \/>\n1. Ingenier\u00eda de la construcci\u00f3n: construcci\u00f3n de casas, pilotes prefabricados, nodos de bastidor, impermeabilizaci\u00f3n de cubiertas, impermeabilizaci\u00f3n subterr\u00e1nea.2. suelo industrial: suelo ranurado, fioor no ranurado, fioor sin juntas, fioor soportado por pilotes, capa de nivelaci\u00f3n de garajes, cubierta de foor compuesto,<br \/>\nbalsa, camino de f\u00e1brica, pavimento.<br \/>\n2. Ingenier\u00eda de tuber\u00edas: tuber\u00edas centr\u00edfugas, tuber\u00edas de vibraci\u00f3n y extrusi\u00f3n, tuber\u00edas de bombeo, tuber\u00edas de presi\u00f3n de hormig\u00f3n de fibra de acero revestido de acero.3. Ingenier\u00eda de puentes de carretera: anillo de arco de puente de caja, viga de caja continua, tablero de puente.4. Ingenier\u00eda de pavimento de carretera y tablero de puente airpot: pavimento de carretera, pavimento de carretera en zonas de suelo congelado.y pavimento de aeropuerto.<br \/>\n5. 5. Ingenier\u00eda ferroviaria: traviesas de ferrocarril pretensadas, traviesas de ferrocarril de doble bloque. 6. Proyectos hidroel\u00e9ctricos y de conservaci\u00f3n del agua: piezas de erosi\u00f3n y desgaste del flujo de agua, compuertas, compuertas, cruces y paneles antidrenaje de presas. 7. Ingenier\u00eda portuaria y mar\u00edtima: capa anticorrosi\u00f3n de pilotes de tuber\u00edas de acero, instalaciones portuarias e instalaciones submarinas de hormig\u00f3n. 8. Otros proyectos: emplazamientos industriales pesados, suelos de almacenes, silos, proyectos de mantenimiento y refuerzo. Otros proyectos: instalaciones industriales pesadas, suelos de almacenes, silos, proyectos de mantenimiento y refuerzo de cables subterr\u00e1neos, tapas de registro de tuber\u00edas, rejillas de alcantarillado.<\/p>","protected":false},"excerpt":{"rendered":"<p>Product Description Hooked End Steet Fiber are cut from thin sieel wires of acertain sirength [&hellip;]<\/p>\n","protected":false},"featured_media":2460,"template":"","meta":{"om_disable_all_campaigns":false,"_monsterinsights_skip_tracking":false,"_monsterinsights_sitenote_active":false,"_monsterinsights_sitenote_note":"","_monsterinsights_sitenote_category":0,"_uf_show_specific_survey":0,"_uf_disable_surveys":false},"product_brand":[],"product_cat":[124],"product_tag":[],"class_list":{"0":"post-2467","1":"product","2":"type-product","3":"status-publish","4":"has-post-thumbnail","6":"product_cat-fiber-reinforcement-materials","8":"first","9":"instock","10":"shipping-taxable","11":"product-type-simple"},"yoast_head":"<!-- This site is optimized with the Yoast SEO Premium plugin v26.2 (Yoast SEO v26.5) - https:\/\/yoast.com\/wordpress\/plugins\/seo\/ -->\n<title>Hooked End Steel Fiber - KAIDA PAINT\u00ae<\/title>\n<meta name=\"robots\" content=\"index, follow, max-snippet:-1, max-image-preview:large, max-video-preview:-1\" \/>\n<link rel=\"canonical\" href=\"https:\/\/www.jinyupaint.com\/es\/producto\/hooked-end-steel-fiber\/\" \/>\n<meta property=\"og:locale\" content=\"es_ES\" \/>\n<meta property=\"og:type\" content=\"article\" \/>\n<meta property=\"og:title\" content=\"Hooked End Steel Fiber\" \/>\n<meta property=\"og:description\" content=\"Product Description Hooked End Steet Fiber are cut from thin sieel wires of acertain sirength [&hellip;]\" \/>\n<meta property=\"og:url\" content=\"https:\/\/www.jinyupaint.com\/es\/producto\/hooked-end-steel-fiber\/\" \/>\n<meta property=\"og:site_name\" content=\"KAIDA PAINT\u00ae\" \/>\n<meta property=\"article:modified_time\" content=\"2025-04-18T03:22:28+00:00\" \/>\n<meta property=\"og:image\" content=\"https:\/\/www.jinyupaint.com\/wp-content\/uploads\/2025\/01\/\u7aef\u94a9\u94a2\u7ea4\u7ef4.jpg\" \/>\n\t<meta property=\"og:image:width\" content=\"1706\" \/>\n\t<meta property=\"og:image:height\" content=\"1279\" \/>\n\t<meta property=\"og:image:type\" content=\"image\/jpeg\" \/>\n<meta name=\"twitter:card\" content=\"summary_large_image\" \/>\n<meta name=\"twitter:label1\" content=\"Tiempo de lectura\" \/>\n\t<meta name=\"twitter:data1\" content=\"3 minutos\" \/>\n<script type=\"application\/ld+json\" class=\"yoast-schema-graph\">{\"@context\":\"https:\/\/schema.org\",\"@graph\":[{\"@type\":\"WebPage\",\"@id\":\"https:\/\/www.jinyupaint.com\/product\/hooked-end-steel-fiber\",\"url\":\"https:\/\/www.jinyupaint.com\/product\/hooked-end-steel-fiber\",\"name\":\"Hooked End Steel Fiber - KAIDA PAINT\u00ae\",\"isPartOf\":{\"@id\":\"https:\/\/www.jinyupaint.com\/#website\"},\"primaryImageOfPage\":{\"@id\":\"https:\/\/www.jinyupaint.com\/product\/hooked-end-steel-fiber#primaryimage\"},\"image\":{\"@id\":\"https:\/\/www.jinyupaint.com\/product\/hooked-end-steel-fiber#primaryimage\"},\"thumbnailUrl\":\"https:\/\/www.jinyupaint.com\/wp-content\/uploads\/2025\/01\/\u7aef\u94a9\u94a2\u7ea4\u7ef4.jpg\",\"datePublished\":\"2025-01-06T11:43:25+00:00\",\"dateModified\":\"2025-04-18T03:22:28+00:00\",\"breadcrumb\":{\"@id\":\"https:\/\/www.jinyupaint.com\/product\/hooked-end-steel-fiber#breadcrumb\"},\"inLanguage\":\"es\",\"potentialAction\":[{\"@type\":\"ReadAction\",\"target\":[\"https:\/\/www.jinyupaint.com\/product\/hooked-end-steel-fiber\"]}]},{\"@type\":\"ImageObject\",\"inLanguage\":\"es\",\"@id\":\"https:\/\/www.jinyupaint.com\/product\/hooked-end-steel-fiber#primaryimage\",\"url\":\"https:\/\/www.jinyupaint.com\/wp-content\/uploads\/2025\/01\/\u7aef\u94a9\u94a2\u7ea4\u7ef4.jpg\",\"contentUrl\":\"https:\/\/www.jinyupaint.com\/wp-content\/uploads\/2025\/01\/\u7aef\u94a9\u94a2\u7ea4\u7ef4.jpg\",\"width\":1706,\"height\":1279},{\"@type\":\"BreadcrumbList\",\"@id\":\"https:\/\/www.jinyupaint.com\/product\/hooked-end-steel-fiber#breadcrumb\",\"itemListElement\":[{\"@type\":\"ListItem\",\"position\":1,\"name\":\"Home\",\"item\":\"https:\/\/www.jinyupaint.com\/\"},{\"@type\":\"ListItem\",\"position\":2,\"name\":\"Shop\",\"item\":\"https:\/\/www.jinyupaint.com\/shop.html\"},{\"@type\":\"ListItem\",\"position\":3,\"name\":\"Hooked End Steel Fiber\"}]},{\"@type\":\"WebSite\",\"@id\":\"https:\/\/www.jinyupaint.com\/#website\",\"url\":\"https:\/\/www.jinyupaint.com\/\",\"name\":\"JINYU\u00ae PAINT\",\"description\":\"JINYU PAINT\u00ae Manufacturer\",\"potentialAction\":[{\"@type\":\"SearchAction\",\"target\":{\"@type\":\"EntryPoint\",\"urlTemplate\":\"https:\/\/www.jinyupaint.com\/?s={search_term_string}\"},\"query-input\":{\"@type\":\"PropertyValueSpecification\",\"valueRequired\":true,\"valueName\":\"search_term_string\"}}],\"inLanguage\":\"es\"}]}<\/script>\n<!-- \/ Yoast SEO Premium plugin. -->","yoast_head_json":{"title":"Fibra de acero con gancho - KAIDA PAINT","robots":{"index":"index","follow":"follow","max-snippet":"max-snippet:-1","max-image-preview":"max-image-preview:large","max-video-preview":"max-video-preview:-1"},"canonical":"https:\/\/www.jinyupaint.com\/es\/producto\/hooked-end-steel-fiber\/","og_locale":"es_ES","og_type":"article","og_title":"Hooked End Steel Fiber","og_description":"Product Description Hooked End Steet Fiber are cut from thin sieel wires of acertain sirength [&hellip;]","og_url":"https:\/\/www.jinyupaint.com\/es\/producto\/hooked-end-steel-fiber\/","og_site_name":"KAIDA PAINT\u00ae","article_modified_time":"2025-04-18T03:22:28+00:00","og_image":[{"width":1706,"height":1279,"url":"https:\/\/www.jinyupaint.com\/wp-content\/uploads\/2025\/01\/\u7aef\u94a9\u94a2\u7ea4\u7ef4.jpg","type":"image\/jpeg"}],"twitter_card":"summary_large_image","twitter_misc":{"Tiempo de lectura":"3 minutos"},"schema":{"@context":"https:\/\/schema.org","@graph":[{"@type":"WebPage","@id":"https:\/\/www.jinyupaint.com\/product\/hooked-end-steel-fiber","url":"https:\/\/www.jinyupaint.com\/product\/hooked-end-steel-fiber","name":"Fibra de acero con gancho - KAIDA PAINT","isPartOf":{"@id":"https:\/\/www.jinyupaint.com\/#website"},"primaryImageOfPage":{"@id":"https:\/\/www.jinyupaint.com\/product\/hooked-end-steel-fiber#primaryimage"},"image":{"@id":"https:\/\/www.jinyupaint.com\/product\/hooked-end-steel-fiber#primaryimage"},"thumbnailUrl":"https:\/\/www.jinyupaint.com\/wp-content\/uploads\/2025\/01\/\u7aef\u94a9\u94a2\u7ea4\u7ef4.jpg","datePublished":"2025-01-06T11:43:25+00:00","dateModified":"2025-04-18T03:22:28+00:00","breadcrumb":{"@id":"https:\/\/www.jinyupaint.com\/product\/hooked-end-steel-fiber#breadcrumb"},"inLanguage":"es","potentialAction":[{"@type":"ReadAction","target":["https:\/\/www.jinyupaint.com\/product\/hooked-end-steel-fiber"]}]},{"@type":"ImageObject","inLanguage":"es","@id":"https:\/\/www.jinyupaint.com\/product\/hooked-end-steel-fiber#primaryimage","url":"https:\/\/www.jinyupaint.com\/wp-content\/uploads\/2025\/01\/\u7aef\u94a9\u94a2\u7ea4\u7ef4.jpg","contentUrl":"https:\/\/www.jinyupaint.com\/wp-content\/uploads\/2025\/01\/\u7aef\u94a9\u94a2\u7ea4\u7ef4.jpg","width":1706,"height":1279},{"@type":"BreadcrumbList","@id":"https:\/\/www.jinyupaint.com\/product\/hooked-end-steel-fiber#breadcrumb","itemListElement":[{"@type":"ListItem","position":1,"name":"Home","item":"https:\/\/www.jinyupaint.com\/"},{"@type":"ListItem","position":2,"name":"Shop","item":"https:\/\/www.jinyupaint.com\/shop.html"},{"@type":"ListItem","position":3,"name":"Hooked End Steel Fiber"}]},{"@type":"WebSite","@id":"https:\/\/www.jinyupaint.com\/#website","url":"https:\/\/www.jinyupaint.com\/","name":"JINYU\u00ae PINTURA","description":"JINYU PAINT\u00ae Fabricante","potentialAction":[{"@type":"SearchAction","target":{"@type":"EntryPoint","urlTemplate":"https:\/\/www.jinyupaint.com\/?s={search_term_string}"},"query-input":{"@type":"PropertyValueSpecification","valueRequired":true,"valueName":"search_term_string"}}],"inLanguage":"es"}]}},"_links":{"self":[{"href":"https:\/\/www.jinyupaint.com\/es\/wp-json\/wp\/v2\/product\/2467","targetHints":{"allow":["GET"]}}],"collection":[{"href":"https:\/\/www.jinyupaint.com\/es\/wp-json\/wp\/v2\/product"}],"about":[{"href":"https:\/\/www.jinyupaint.com\/es\/wp-json\/wp\/v2\/types\/product"}],"wp:featuredmedia":[{"embeddable":true,"href":"https:\/\/www.jinyupaint.com\/es\/wp-json\/wp\/v2\/media\/2460"}],"wp:attachment":[{"href":"https:\/\/www.jinyupaint.com\/es\/wp-json\/wp\/v2\/media?parent=2467"}],"wp:term":[{"taxonomy":"product_brand","embeddable":true,"href":"https:\/\/www.jinyupaint.com\/es\/wp-json\/wp\/v2\/product_brand?post=2467"},{"taxonomy":"product_cat","embeddable":true,"href":"https:\/\/www.jinyupaint.com\/es\/wp-json\/wp\/v2\/product_cat?post=2467"},{"taxonomy":"product_tag","embeddable":true,"href":"https:\/\/www.jinyupaint.com\/es\/wp-json\/wp\/v2\/product_tag?post=2467"}],"curies":[{"name":"wp","href":"https:\/\/api.w.org\/{rel}","templated":true}]}}