{"id":2465,"date":"2025-01-06T11:24:29","date_gmt":"2025-01-06T11:24:29","guid":{"rendered":"https:\/\/www.jinyupaint.com\/?post_type=product&#038;p=2465"},"modified":"2025-04-18T03:22:47","modified_gmt":"2025-04-18T03:22:47","slug":"alkali-resistant-glass-fiber","status":"publish","type":"product","link":"https:\/\/www.jinyupaint.com\/es\/producto\/alkali-resistant-glass-fiber","title":{"rendered":"Fibra de vidrio resistente a los \u00e1lcalis"},"content":{"rendered":"<p>Descripci\u00f3n del producto<br \/>\nLa fibra de vidrio resistente a los \u00e1lcalis es una fibra inorg\u00e1nica 100% y es ideal para reemplazar el acero y el amianto en componentes de cemento no portantes. La fibra de vidrio resistente a los \u00e1lcalis tiene buena resistencia a los \u00e1lcalis, puede resistir eficazmente la erosi\u00f3n de sustancias altamente alcalinas en el cemento, alta resistencia a la tracci\u00f3n, alta resistencia a la flexi\u00f3n, no inflamable, anticongelante, y capacidad de cambio de temperatura y humedad. La fibra de vidrio resistente a los \u00e1lcalis es un nuevo tipo de material reforzado verde, que se utiliza ampliamente en el hormig\u00f3n reforzado de alto rendimiento.<\/p>\n<p>Funci\u00f3n del producto<br \/>\n1.Mejora el rendimiento de flexi\u00f3n del hormig\u00f3n endurecido.2.Controla y previene el agrietamiento del hormig\u00f3n reci\u00e9n mezclado.Hormig\u00f3n endurecido y mortero3.Mezcla uniforme, alta eficiencia4.No es f\u00e1cil de corroer.5.Buen rendimiento de bombeo.6.Bajo consumo de agua.7.El uso de dosis altas no afecta al resultado del proceso.<\/p>\n<p>Campo de aplicaci\u00f3n<br \/>\n1.PRESAS, canales, agua, etc.2.T\u00fanel, muro de mina, tejado.3.R\u00edo, presa, embalse y otros proyectos.4.Ingenier\u00eda de protecci\u00f3n militar, revestimiento de muelle, pilares de puente, etc.5.La producci\u00f3n de componentes de hormig\u00f3n, tubos, placas.6.Autopista, ingenier\u00eda energ\u00e9tica, etc.7.Construcci\u00f3n de top foor, paredes intemal y extemal, s\u00f3tano, etc.<\/p>\n<p>Instrucciones<br \/>\nDosificaci\u00f3n recomendada: Refuerzo secundario:1,5-5kg\/m*,refuerzo primario, suelo reforzado :5-15kg\/m<br \/>\nProceso de mezcla:A\u00f1adir \u00e1rido - a\u00f1adir fibra - a\u00f1adir cemento - a\u00f1adir agua -*a\u00f1adir agua, dispersar completamente las fibras<\/p>\n<p>Embalaje DetailsPackaging: Bolsa de pl\u00e1stico interior 1kg-5kg\/bag, outerwoven bagorcarton10kg-25kg\/bagorcarton, 500kgs por paleta, tambi\u00e9n puede ser producido y empaquetado seg\u00fan requisitos de usuario.<\/p>","protected":false},"excerpt":{"rendered":"<p>Product Description Alkali resistant glass fiber is 100% inorganic fiber and is idealfor replacing steel [&hellip;]<\/p>\n","protected":false},"featured_media":2463,"template":"","meta":{"om_disable_all_campaigns":false,"_monsterinsights_skip_tracking":false,"_monsterinsights_sitenote_active":false,"_monsterinsights_sitenote_note":"","_monsterinsights_sitenote_category":0,"_uf_show_specific_survey":0,"_uf_disable_surveys":false},"product_brand":[],"product_cat":[124],"product_tag":[],"class_list":{"0":"post-2465","1":"product","2":"type-product","3":"status-publish","4":"has-post-thumbnail","6":"product_cat-fiber-reinforcement-materials","8":"first","9":"instock","10":"shipping-taxable","11":"product-type-simple"},"yoast_head":"<!-- This site is optimized with the Yoast SEO Premium plugin v26.2 (Yoast SEO v26.5) - https:\/\/yoast.com\/wordpress\/plugins\/seo\/ -->\n<title>Alkali Resistant Glass Fiber - KAIDA PAINT\u00ae<\/title>\n<meta name=\"robots\" content=\"index, follow, max-snippet:-1, max-image-preview:large, max-video-preview:-1\" \/>\n<link rel=\"canonical\" href=\"https:\/\/www.jinyupaint.com\/es\/producto\/alkali-resistant-glass-fiber\/\" \/>\n<meta property=\"og:locale\" content=\"es_ES\" \/>\n<meta property=\"og:type\" content=\"article\" \/>\n<meta property=\"og:title\" content=\"Alkali Resistant Glass Fiber\" \/>\n<meta property=\"og:description\" content=\"Product Description Alkali resistant glass fiber is 100% inorganic fiber and is idealfor replacing steel [&hellip;]\" \/>\n<meta property=\"og:url\" content=\"https:\/\/www.jinyupaint.com\/es\/producto\/alkali-resistant-glass-fiber\/\" \/>\n<meta property=\"og:site_name\" content=\"KAIDA PAINT\u00ae\" \/>\n<meta property=\"article:modified_time\" content=\"2025-04-18T03:22:47+00:00\" \/>\n<meta property=\"og:image\" content=\"https:\/\/www.jinyupaint.com\/wp-content\/uploads\/2025\/01\/\u8010\u78b1\u73bb\u7483\u7ea4\u7ef4.jpg\" \/>\n\t<meta property=\"og:image:width\" content=\"800\" \/>\n\t<meta property=\"og:image:height\" content=\"578\" \/>\n\t<meta property=\"og:image:type\" content=\"image\/jpeg\" \/>\n<meta name=\"twitter:card\" content=\"summary_large_image\" \/>\n<meta name=\"twitter:label1\" content=\"Tiempo de lectura\" \/>\n\t<meta name=\"twitter:data1\" content=\"1 minuto\" \/>\n<script type=\"application\/ld+json\" class=\"yoast-schema-graph\">{\"@context\":\"https:\/\/schema.org\",\"@graph\":[{\"@type\":\"WebPage\",\"@id\":\"https:\/\/www.jinyupaint.com\/product\/alkali-resistant-glass-fiber\",\"url\":\"https:\/\/www.jinyupaint.com\/product\/alkali-resistant-glass-fiber\",\"name\":\"Alkali Resistant Glass Fiber - KAIDA PAINT\u00ae\",\"isPartOf\":{\"@id\":\"https:\/\/www.jinyupaint.com\/#website\"},\"primaryImageOfPage\":{\"@id\":\"https:\/\/www.jinyupaint.com\/product\/alkali-resistant-glass-fiber#primaryimage\"},\"image\":{\"@id\":\"https:\/\/www.jinyupaint.com\/product\/alkali-resistant-glass-fiber#primaryimage\"},\"thumbnailUrl\":\"https:\/\/www.jinyupaint.com\/wp-content\/uploads\/2025\/01\/\u8010\u78b1\u73bb\u7483\u7ea4\u7ef4.jpg\",\"datePublished\":\"2025-01-06T11:24:29+00:00\",\"dateModified\":\"2025-04-18T03:22:47+00:00\",\"breadcrumb\":{\"@id\":\"https:\/\/www.jinyupaint.com\/product\/alkali-resistant-glass-fiber#breadcrumb\"},\"inLanguage\":\"es\",\"potentialAction\":[{\"@type\":\"ReadAction\",\"target\":[\"https:\/\/www.jinyupaint.com\/product\/alkali-resistant-glass-fiber\"]}]},{\"@type\":\"ImageObject\",\"inLanguage\":\"es\",\"@id\":\"https:\/\/www.jinyupaint.com\/product\/alkali-resistant-glass-fiber#primaryimage\",\"url\":\"https:\/\/www.jinyupaint.com\/wp-content\/uploads\/2025\/01\/\u8010\u78b1\u73bb\u7483\u7ea4\u7ef4.jpg\",\"contentUrl\":\"https:\/\/www.jinyupaint.com\/wp-content\/uploads\/2025\/01\/\u8010\u78b1\u73bb\u7483\u7ea4\u7ef4.jpg\",\"width\":800,\"height\":578},{\"@type\":\"BreadcrumbList\",\"@id\":\"https:\/\/www.jinyupaint.com\/product\/alkali-resistant-glass-fiber#breadcrumb\",\"itemListElement\":[{\"@type\":\"ListItem\",\"position\":1,\"name\":\"Home\",\"item\":\"https:\/\/www.jinyupaint.com\/\"},{\"@type\":\"ListItem\",\"position\":2,\"name\":\"Shop\",\"item\":\"https:\/\/www.jinyupaint.com\/shop.html\"},{\"@type\":\"ListItem\",\"position\":3,\"name\":\"Alkali Resistant Glass Fiber\"}]},{\"@type\":\"WebSite\",\"@id\":\"https:\/\/www.jinyupaint.com\/#website\",\"url\":\"https:\/\/www.jinyupaint.com\/\",\"name\":\"JINYU\u00ae PAINT\",\"description\":\"JINYU PAINT\u00ae Manufacturer\",\"potentialAction\":[{\"@type\":\"SearchAction\",\"target\":{\"@type\":\"EntryPoint\",\"urlTemplate\":\"https:\/\/www.jinyupaint.com\/?s={search_term_string}\"},\"query-input\":{\"@type\":\"PropertyValueSpecification\",\"valueRequired\":true,\"valueName\":\"search_term_string\"}}],\"inLanguage\":\"es\"}]}<\/script>\n<!-- \/ Yoast SEO Premium plugin. -->","yoast_head_json":{"title":"Alkali Resistant Glass Fiber - KAIDA PAINT\u00ae","robots":{"index":"index","follow":"follow","max-snippet":"max-snippet:-1","max-image-preview":"max-image-preview:large","max-video-preview":"max-video-preview:-1"},"canonical":"https:\/\/www.jinyupaint.com\/es\/producto\/alkali-resistant-glass-fiber\/","og_locale":"es_ES","og_type":"article","og_title":"Alkali Resistant Glass Fiber","og_description":"Product Description Alkali resistant glass fiber is 100% inorganic fiber and is idealfor replacing steel [&hellip;]","og_url":"https:\/\/www.jinyupaint.com\/es\/producto\/alkali-resistant-glass-fiber\/","og_site_name":"KAIDA PAINT\u00ae","article_modified_time":"2025-04-18T03:22:47+00:00","og_image":[{"width":800,"height":578,"url":"https:\/\/www.jinyupaint.com\/wp-content\/uploads\/2025\/01\/\u8010\u78b1\u73bb\u7483\u7ea4\u7ef4.jpg","type":"image\/jpeg"}],"twitter_card":"summary_large_image","twitter_misc":{"Tiempo de lectura":"1 minuto"},"schema":{"@context":"https:\/\/schema.org","@graph":[{"@type":"WebPage","@id":"https:\/\/www.jinyupaint.com\/product\/alkali-resistant-glass-fiber","url":"https:\/\/www.jinyupaint.com\/product\/alkali-resistant-glass-fiber","name":"Alkali Resistant Glass Fiber - KAIDA PAINT\u00ae","isPartOf":{"@id":"https:\/\/www.jinyupaint.com\/#website"},"primaryImageOfPage":{"@id":"https:\/\/www.jinyupaint.com\/product\/alkali-resistant-glass-fiber#primaryimage"},"image":{"@id":"https:\/\/www.jinyupaint.com\/product\/alkali-resistant-glass-fiber#primaryimage"},"thumbnailUrl":"https:\/\/www.jinyupaint.com\/wp-content\/uploads\/2025\/01\/\u8010\u78b1\u73bb\u7483\u7ea4\u7ef4.jpg","datePublished":"2025-01-06T11:24:29+00:00","dateModified":"2025-04-18T03:22:47+00:00","breadcrumb":{"@id":"https:\/\/www.jinyupaint.com\/product\/alkali-resistant-glass-fiber#breadcrumb"},"inLanguage":"es","potentialAction":[{"@type":"ReadAction","target":["https:\/\/www.jinyupaint.com\/product\/alkali-resistant-glass-fiber"]}]},{"@type":"ImageObject","inLanguage":"es","@id":"https:\/\/www.jinyupaint.com\/product\/alkali-resistant-glass-fiber#primaryimage","url":"https:\/\/www.jinyupaint.com\/wp-content\/uploads\/2025\/01\/\u8010\u78b1\u73bb\u7483\u7ea4\u7ef4.jpg","contentUrl":"https:\/\/www.jinyupaint.com\/wp-content\/uploads\/2025\/01\/\u8010\u78b1\u73bb\u7483\u7ea4\u7ef4.jpg","width":800,"height":578},{"@type":"BreadcrumbList","@id":"https:\/\/www.jinyupaint.com\/product\/alkali-resistant-glass-fiber#breadcrumb","itemListElement":[{"@type":"ListItem","position":1,"name":"Home","item":"https:\/\/www.jinyupaint.com\/"},{"@type":"ListItem","position":2,"name":"Shop","item":"https:\/\/www.jinyupaint.com\/shop.html"},{"@type":"ListItem","position":3,"name":"Alkali Resistant Glass Fiber"}]},{"@type":"WebSite","@id":"https:\/\/www.jinyupaint.com\/#website","url":"https:\/\/www.jinyupaint.com\/","name":"JINYU\u00ae PINTURA","description":"JINYU PAINT\u00ae Fabricante","potentialAction":[{"@type":"SearchAction","target":{"@type":"EntryPoint","urlTemplate":"https:\/\/www.jinyupaint.com\/?s={search_term_string}"},"query-input":{"@type":"PropertyValueSpecification","valueRequired":true,"valueName":"search_term_string"}}],"inLanguage":"es"}]}},"_links":{"self":[{"href":"https:\/\/www.jinyupaint.com\/es\/wp-json\/wp\/v2\/product\/2465","targetHints":{"allow":["GET"]}}],"collection":[{"href":"https:\/\/www.jinyupaint.com\/es\/wp-json\/wp\/v2\/product"}],"about":[{"href":"https:\/\/www.jinyupaint.com\/es\/wp-json\/wp\/v2\/types\/product"}],"wp:featuredmedia":[{"embeddable":true,"href":"https:\/\/www.jinyupaint.com\/es\/wp-json\/wp\/v2\/media\/2463"}],"wp:attachment":[{"href":"https:\/\/www.jinyupaint.com\/es\/wp-json\/wp\/v2\/media?parent=2465"}],"wp:term":[{"taxonomy":"product_brand","embeddable":true,"href":"https:\/\/www.jinyupaint.com\/es\/wp-json\/wp\/v2\/product_brand?post=2465"},{"taxonomy":"product_cat","embeddable":true,"href":"https:\/\/www.jinyupaint.com\/es\/wp-json\/wp\/v2\/product_cat?post=2465"},{"taxonomy":"product_tag","embeddable":true,"href":"https:\/\/www.jinyupaint.com\/es\/wp-json\/wp\/v2\/product_tag?post=2465"}],"curies":[{"name":"wp","href":"https:\/\/api.w.org\/{rel}","templated":true}]}}