{"id":1514,"date":"2023-10-17T05:36:13","date_gmt":"2023-10-17T05:36:13","guid":{"rendered":"http:\/\/www.jinyupaint.com\/?post_type=product&#038;p=1514"},"modified":"2025-11-30T11:39:07","modified_gmt":"2025-11-30T11:39:07","slug":"kd-wrp-fp-wcb-outdoor-intumescent-steel-structure-fire-resistant-paint","status":"publish","type":"product","link":"https:\/\/www.jinyupaint.com\/es\/producto\/kd-wrp-fp-wcb-outdoor-intumescent-steel-structure-fire-resistant-paint","title":{"rendered":"KD-WRP-FP-WCB Pintura ign\u00edfuga intumescente para estructuras de acero en exteriores"},"content":{"rendered":"<h2><strong>Descripci\u00f3n del producto<\/strong><\/h2>\n<p class=\"ds-markdown-paragraph\">WCB Outdoor Intumescent Fire Resistant Paint for Steel Structures es nuestro sistema de protecci\u00f3n contra incendios de base disolvente de primera calidad, especialmente formulado para soportar incendios de hidrocarburos a la vez que proporciona una excelente resistencia a los incendios de celulosa. Esta pintura intumescente ign\u00edfuga de alto rendimiento presenta una aplicaci\u00f3n de pel\u00edcula fina con una fuerte adherencia, lo que permite m\u00e9todos de aplicaci\u00f3n vers\u00e1tiles que incluyen la pulverizaci\u00f3n, el cepillado y el laminado. El sistema de protecci\u00f3n completo consta de una capa base ign\u00edfuga combinada con una capa superior duradera y resistente a la corrosi\u00f3n, que ofrece una resistencia excepcional a la intemperie y un rendimiento a largo plazo para estructuras de acero en exteriores. Certificado seg\u00fan las normas GB14907-2018 con una resistencia al fuego de 1,5-2 horas y certificaci\u00f3n CCCF, es ideal para proteger vigas en I y en H en plantas industriales, estadios, aeropuertos, torres de televisi\u00f3n e instalaciones petroqu\u00edmicas. Con su tecnolog\u00eda probada y su rendimiento sobre el terreno, WCB ofrece soluciones de pintura ign\u00edfuga fiables y duraderas para estructuras de acero cr\u00edticas.<\/p>\n<h2 class=\"ds-markdown-paragraph\">Ventajas clave:<\/h2>\n<p class=\"ds-markdown-paragraph\">\u2714\u00a0<strong>Resistencia al fuego de 1,5-2,0 horas<\/strong>\u00a0- Certificado seg\u00fan la norma GB14907-2018<br \/>\n\u2714\u00a0<strong>M\u00e9todos multiaplicaci\u00f3n<\/strong>\u00a0- Aplicaci\u00f3n con pistola, brocha o rodillo<br \/>\n\u2714\u00a0<strong>Rendimiento de la capa fina<\/strong>\u00a0- Gran adherencia con un grosor m\u00ednimo (0,2 mm\/capa)<br \/>\n\u2714\u00a0<strong>Resistencia a la corrosi\u00f3n y a la intemperie<\/strong>\u00a0- Incluye un acabado decorativo para mayor durabilidad<br \/>\n\u2714\u00a0<strong>Certificado CCCF<\/strong>\u00a0- Cumple la normativa china de seguridad contra incendios<\/p>\n<p class=\"ds-markdown-paragraph\"><strong>Ideal para<\/strong>: Plantas industriales, aeropuertos, torres de televisi\u00f3n, estadios e instalaciones petroqu\u00edmicas.<\/p>\n<h2><strong>Certificaciones y datos de ensayo<\/strong><\/h2>\n<ul>\n<li>\n<p class=\"ds-markdown-paragraph\"><strong>GB14907-2018<\/strong>\u00a0certificado (1,5h, 2,0h calificaciones)<\/p>\n<\/li>\n<li>\n<p class=\"ds-markdown-paragraph\"><strong>Certificaci\u00f3n de productos contra incendios de la CCCF<\/strong><\/p>\n<\/li>\n<li>\n<p class=\"ds-markdown-paragraph\"><strong>Baja conductividad t\u00e9rmica<\/strong>\u00a0(probado para aislamiento t\u00e9rmico)<\/p>\n<\/li>\n<\/ul>\n<div class=\"markdown-table-wrapper\">\n<table>\n<thead>\n<tr>\n<th><strong>C\u00f3digo del producto<\/strong><\/th>\n<th><strong>N\u00ba de informe de ensayo<\/strong><\/th>\n<th><strong>Desviaci\u00f3n m\u00e1xima<\/strong><\/th>\n<th><strong>Capacidad de fuego real (h)<\/strong><\/th>\n<th><strong>Espesor (mm)<\/strong><\/th>\n<th><strong>Uso (kg\/m\u00b2)<\/strong><\/th>\n<\/tr>\n<\/thead>\n<tbody>\n<tr>\n<td>GT-WRP-Ft1.50-WCB<\/td>\n<td>2019701376<\/td>\n<td>8,8 mm<\/td>\n<td>1.5<\/td>\n<td>3.3<\/td>\n<td>6.6<\/td>\n<\/tr>\n<tr>\n<td>GT-WRP-Ft2.00-WCB(H)<\/td>\n<td>2021710140<\/td>\n<td>27,6 mm<\/td>\n<td>2.0<\/td>\n<td>4.1<\/td>\n<td>8.2<\/td>\n<\/tr>\n<\/tbody>\n<\/table>\n<\/div>\n<h2 class=\"ds-markdown-paragraph\"><strong>Requisitos de preparaci\u00f3n de la superficie para la aplicaci\u00f3n del revestimiento ign\u00edfugo<\/strong><\/h2>\n<ol start=\"1\">\n<li>\n<strong>Aplicaci\u00f3n de la imprimaci\u00f3n<\/strong><\/p>\n<ul>\n<li>\nLas superficies de acero deben limpiarse con chorro de arena y recubrirse con un producto compatible\u00a0<strong>sistema de imprimaci\u00f3n anticorrosi\u00f3n<\/strong>. Recomendamos utilizar la marca \"Jinyu\".\u00a0<strong>imprimaci\u00f3n epoxi rica en zinc + capa intermedia epoxi \u00f3xido de hierro mic\u00e1ceo<\/strong>\u00a0para una adhesi\u00f3n \u00f3ptima.\n<\/li>\n<li>\nLa imprimaci\u00f3n y las capas intermedias deben formar una capa protectora lisa e ininterrumpida para sellar completamente el sustrato. De lo contrario, puede producirse la delaminaci\u00f3n del revestimiento y la corrosi\u00f3n del sustrato.\n<\/li>\n<\/ul>\n<\/li>\n<li>\n<strong>Compatibilidad de imprimaci\u00f3n alternativa<\/strong><\/p>\n<ul>\n<li>\nSi se utilizan otros tipos de imprimaci\u00f3n, las pruebas de compatibilidad deben ser realizadas por agencias cualificadas o mediante pruebas de cepillado in situ para garantizar la correcta adherencia con la pintura intumescente ign\u00edfuga.\n<\/li>\n<\/ul>\n<\/li>\n<li>\n<strong>Restricciones de superficie<\/strong><\/p>\n<ul>\n<li>\nNunca aplique el revestimiento intumescente para acero directamente sobre:<br \/>\n\u2713 Superficies de acero sin imprimar<br \/>\n\u2713 Capas galvanizadas\n<\/li>\n<li>\nLa aplicaci\u00f3n directa puede provocar el fallo del revestimiento y acelerar la corrosi\u00f3n.\n<\/li>\n<\/ul>\n<\/li>\n<li>\n<strong>Inspecci\u00f3n previa a la solicitud<\/strong><\/p>\n<ul>\n<li>\nInspeccione minuciosamente los componentes de acero para:<br \/>\n\u2713 Cobertura completa del cebador<br \/>\n\u2713 Contaminantes superficiales (polvo, aceite, etc.)<br \/>\n\u2713 Defectos estructurales (grietas, soldaduras deficientes).\n<\/li>\n<li>\nProceda a la aplicaci\u00f3n de pintura resistente al fuego s\u00f3lo despu\u00e9s de pasar la inspecci\u00f3n.\n<\/li>\n<\/ul>\n<\/li>\n<\/ol>\n<h2><strong>Gu\u00eda de aplicaci\u00f3n<\/strong><\/h2>\n<ol start=\"1\">\n<li>\n<strong>Mezcla<\/strong>: Remover bien; a\u00f1adir diluyente \u22645% aprobado si es necesario.\n<\/li>\n<li>\n<strong>Revestimiento<\/strong>:<\/p>\n<ul>\n<li>\nAplicar en capas cruzadas (0,2 mm de pel\u00edcula seca\/capa).\n<\/li>\n<li>\n<strong>Intervalo<\/strong>: 12+ horas entre capas (ajustar a la temperatura).\n<\/li>\n<\/ul>\n<\/li>\n<li>\n<strong>Medio ambiente<\/strong>:<\/p>\n<ul>\n<li>\n<strong>Temperatura<\/strong>: 15-30\u00b0C (l\u00edmites: 5-35\u00b0C).\n<\/li>\n<li>\n<strong>Humedad<\/strong>: \u226480%.\n<\/li>\n<\/ul>\n<\/li>\n<li>\n<strong>Curado<\/strong>: Requiere\u00a0<strong>1 mes de curaci\u00f3n<\/strong>\u00a0despu\u00e9s de la aplicaci\u00f3n.\n<\/li>\n<\/ol>\n<h2><strong>Almacenamiento y transporte<\/strong><\/h2>\n<ul>\n<li>\n<p class=\"ds-markdown-paragraph\">Almacenar en lugares secos y a la sombra (\u22655\u00b0C).<\/p>\n<\/li>\n<li>\n<p class=\"ds-markdown-paragraph\"><strong>Caducidad<\/strong>: 12 meses.<\/p>\n<\/li>\n<\/ul>\n<figure id=\"attachment_5407\" aria-describedby=\"caption-attachment-5407\" style=\"width: 570px\" class=\"wp-caption alignnone\"><a href=\"https:\/\/www.jinyupaint.com\/wp-content\/uploads\/2023\/10\/GT-WRP-FP-WCB-Outdoor-Intumescent-Steel-Structure-Fire-Retardant-Paint-2.jpg\"><img fetchpriority=\"high\" decoding=\"async\" class=\"wp-image-5407 size-full\" src=\"https:\/\/www.jinyupaint.com\/wp-content\/uploads\/2023\/10\/GT-WRP-FP-WCB-Outdoor-Intumescent-Steel-Structure-Fire-Retardant-Paint-2.jpg\" alt=\"GT-WRP-FP-WCB-Intumescente exterior-Estructura de acero-Pintura ign\u00edfuga\" width=\"570\" height=\"360\" srcset=\"https:\/\/www.jinyupaint.com\/wp-content\/uploads\/2023\/10\/GT-WRP-FP-WCB-Outdoor-Intumescent-Steel-Structure-Fire-Retardant-Paint-2.jpg 570w, https:\/\/www.jinyupaint.com\/wp-content\/uploads\/2023\/10\/GT-WRP-FP-WCB-Outdoor-Intumescent-Steel-Structure-Fire-Retardant-Paint-2-300x189.jpg 300w, https:\/\/www.jinyupaint.com\/wp-content\/uploads\/2023\/10\/GT-WRP-FP-WCB-Outdoor-Intumescent-Steel-Structure-Fire-Retardant-Paint-2-18x12.jpg 18w\" sizes=\"(max-width: 570px) 100vw, 570px\" \/><\/a><figcaption id=\"caption-attachment-5407\" class=\"wp-caption-text\">T\u00e9cnicos pulverizando revestimiento GT-WRP-FP-WCB sobre estructuras de soporte de tanques de almacenamiento de GNL, consiguiendo una resistencia al fuego de 180 minutos (ISO 22899-1) para componentes criog\u00e9nicos de acero expuestos a fugas de GNL a -162\u00b0C y posibles incendios de piscinas en terminales costeras.<\/figcaption><\/figure>\n<figure id=\"attachment_5408\" aria-describedby=\"caption-attachment-5408\" style=\"width: 570px\" class=\"wp-caption alignnone\"><a href=\"https:\/\/www.jinyupaint.com\/wp-content\/uploads\/2023\/10\/GT-WRP-FP-WCB-Outdoor-Intumescent-Steel-Structure-Fire-Retardant-Paint-3.jpg\"><img decoding=\"async\" class=\"wp-image-5408 size-full\" src=\"https:\/\/www.jinyupaint.com\/wp-content\/uploads\/2023\/10\/GT-WRP-FP-WCB-Outdoor-Intumescent-Steel-Structure-Fire-Retardant-Paint-3.jpg\" alt=\"GT-WRP-FP-WCB-Intumescente exterior-Estructura de acero-Pintura ign\u00edfuga\" width=\"570\" height=\"360\" srcset=\"https:\/\/www.jinyupaint.com\/wp-content\/uploads\/2023\/10\/GT-WRP-FP-WCB-Outdoor-Intumescent-Steel-Structure-Fire-Retardant-Paint-3.jpg 570w, https:\/\/www.jinyupaint.com\/wp-content\/uploads\/2023\/10\/GT-WRP-FP-WCB-Outdoor-Intumescent-Steel-Structure-Fire-Retardant-Paint-3-300x189.jpg 300w, https:\/\/www.jinyupaint.com\/wp-content\/uploads\/2023\/10\/GT-WRP-FP-WCB-Outdoor-Intumescent-Steel-Structure-Fire-Retardant-Paint-3-18x12.jpg 18w\" sizes=\"(max-width: 570px) 100vw, 570px\" \/><\/a><figcaption id=\"caption-attachment-5408\" class=\"wp-caption-text\">Ingenieros del \u00c1rtico validando el rendimiento del revestimiento GT-WRP-FP-WCB a -50\u00b0C en los marcos de acero de la estaci\u00f3n de investigaci\u00f3n, combinando la durabilidad de la norma UL 2431 de congelaci\u00f3n-descongelaci\u00f3n con la resistencia al fuego de 120 minutos (IBC 703.2) para una doble protecci\u00f3n contra las tormentas de hielo y los riesgos de incendio por v\u00f3rtice polar.<\/figcaption><\/figure>\n<p class=\"ds-markdown-paragraph\"><strong>Caso de proyecto: Ampliaci\u00f3n del Aeropuerto Internacional de Velana, Maldivas (2020-2021)<\/strong><\/p>\n<p class=\"ds-markdown-paragraph\">El proyecto de ampliaci\u00f3n del Aeropuerto Internacional de Velana aplic\u00f3 revestimientos ign\u00edfugos SB-2, BTCB-1 y WCB en las estructuras de acero de la terminal, consiguiendo una resistencia al fuego de 180 minutos (normas del Anexo 14 de la OACI) para componentes de carga cr\u00edticos en condiciones costeras de alta humedad. Nuestras soluciones resistentes a la corrosi\u00f3n soportaron la exposici\u00f3n a la niebla salina al tiempo que cumpl\u00edan tanto los requisitos de seguridad de la aviaci\u00f3n internacional como la estricta normativa medioambiental de las Maldivas para las infraestructuras insulares.<\/p>\n<p><a href=\"https:\/\/www.jinyupaint.com\/wp-content\/uploads\/2023\/10\/Velana-International-Airport-Expansion-Project-Maldives.jpg\"><img decoding=\"async\" class=\"size-full wp-image-5410\" src=\"https:\/\/www.jinyupaint.com\/wp-content\/uploads\/2023\/10\/Velana-International-Airport-Expansion-Project-Maldives.jpg\" alt=\"Proyecto de ampliaci\u00f3n del aeropuerto internacional de Velana, Maldivas\" width=\"570\" height=\"360\" srcset=\"https:\/\/www.jinyupaint.com\/wp-content\/uploads\/2023\/10\/Velana-International-Airport-Expansion-Project-Maldives.jpg 570w, https:\/\/www.jinyupaint.com\/wp-content\/uploads\/2023\/10\/Velana-International-Airport-Expansion-Project-Maldives-300x189.jpg 300w, https:\/\/www.jinyupaint.com\/wp-content\/uploads\/2023\/10\/Velana-International-Airport-Expansion-Project-Maldives-18x12.jpg 18w\" sizes=\"(max-width: 570px) 100vw, 570px\" \/><\/a><\/p>\n<p class=\"ds-markdown-paragraph\"><strong>Caso de proyecto: Aplicaci\u00f3n de revestimiento ign\u00edfugo de polisilicio de Sichuan Yongxiang<\/strong><\/p>\n<p class=\"ds-markdown-paragraph\">La planta Sichuan Yongxiang Polysilicon (2021) aplic\u00f3 revestimientos ign\u00edfugos WOB y STI-C en 117 metros de estructuras de acero cr\u00edticas en zonas de producci\u00f3n a alta temperatura. Nuestras soluciones proporcionaron una resistencia al fuego de 120 minutos para los soportes de los reactores de silicio, cumpliendo las normas GB 50016-2014 y soportando al mismo tiempo los vapores qu\u00edmicos corrosivos propios de la fabricaci\u00f3n de polisilicio. Este proyecto demuestra nuestra experiencia en la protecci\u00f3n de procesos industriales especializados mediante sistemas de protecci\u00f3n contra incendios a medida.<\/p>\n<p><a href=\"https:\/\/www.jinyupaint.com\/wp-content\/uploads\/2023\/10\/Sichuan-Yongxiang-Polysilicon-Project.jpg\"><img loading=\"lazy\" decoding=\"async\" class=\"size-full wp-image-5409\" src=\"https:\/\/www.jinyupaint.com\/wp-content\/uploads\/2023\/10\/Sichuan-Yongxiang-Polysilicon-Project.jpg\" alt=\"Proyecto de polisilicio de Sichuan Yongxiang\" width=\"570\" height=\"360\" srcset=\"https:\/\/www.jinyupaint.com\/wp-content\/uploads\/2023\/10\/Sichuan-Yongxiang-Polysilicon-Project.jpg 570w, https:\/\/www.jinyupaint.com\/wp-content\/uploads\/2023\/10\/Sichuan-Yongxiang-Polysilicon-Project-300x189.jpg 300w, https:\/\/www.jinyupaint.com\/wp-content\/uploads\/2023\/10\/Sichuan-Yongxiang-Polysilicon-Project-18x12.jpg 18w\" sizes=\"(max-width: 570px) 100vw, 570px\" \/><\/a><\/p>","protected":false},"excerpt":{"rendered":"<p class=\"ds-markdown-paragraph\">WCB es un revestimiento intumescente de alto rendimiento con base de disolvente formulado espec\u00edficamente para la protecci\u00f3n del acero en exteriores. Esta soluci\u00f3n de primera calidad ofrece:<\/p>\n<p class=\"ds-markdown-paragraph\">\u2714\u00a0<strong>Resistencia al fuego de 1,5-2 horas<\/strong>\u00a0- Certificado seg\u00fan la norma GB14907-2018<br \/>\n\u2714\u00a0<strong>Doble protecci\u00f3n contra incendios<\/strong>\u00a0- Eficaz contra incendios de celulosa e hidrocarburos<br \/>\n\u2714\u00a0<strong>Resistente a la intemperie<\/strong>\u00a0- Resiste entornos exteriores adversos<br \/>\n\u2714\u00a0<strong>Aplicaci\u00f3n de pel\u00edcula fina<\/strong>\u00a0- S\u00f3lo 0,2 mm por capa con una adherencia superior<br \/>\n\u2714\u00a0<strong>M\u00e9todos multiaplicaci\u00f3n<\/strong>\u00a0- Apto para pulverizar, cepillar o enrollar<br \/>\n\u2714\u00a0<strong>Certificado CCCF<\/strong>\u00a0- Cumple la estricta normativa china de seguridad contra incendios<\/p>\n<p class=\"ds-markdown-paragraph\"><strong>Aplicaciones clave<\/strong>:<br \/>\n- Plantas industriales - Estadios - Aeropuertos - Torres de televisi\u00f3n - Instalaciones petroqu\u00edmicas<\/p>\n<p class=\"ds-markdown-paragraph\"><strong>Ventajas t\u00e9cnicas<\/strong>:<\/p>\n<ul>\n<li>Incluye\u00a0<strong>recubrimiento anticorrosivo<\/strong>\u00a0para una mayor durabilidad<\/li>\n<li>Requiere\u00a0<strong>Periodo de curado de 1 mes<\/strong>\u00a0para un rendimiento \u00f3ptimo<\/li>\n<li>Compatible con sistemas de imprimaci\u00f3n epoxi est\u00e1ndar<\/li>\n<\/ul>\n<p class=\"ds-markdown-paragraph\">Una opci\u00f3n de primera calidad para arquitectos e ingenieros que requieren una protecci\u00f3n contra incendios fiable y a largo plazo para estructuras de acero cr\u00edticas.<\/p>","protected":false},"featured_media":5406,"template":"","meta":{"om_disable_all_campaigns":false,"_monsterinsights_skip_tracking":false,"_monsterinsights_sitenote_active":false,"_monsterinsights_sitenote_note":"","_monsterinsights_sitenote_category":0,"_uf_show_specific_survey":0,"_uf_disable_surveys":false},"product_brand":[],"product_cat":[90],"product_tag":[513,91,521,522,92],"class_list":{"0":"post-1514","1":"product","2":"type-product","3":"status-publish","4":"has-post-thumbnail","6":"product_cat-fire-retardant-paint","7":"product_tag-fire-resistant-paint-for-steel","8":"product_tag-fire-retardant-coating","9":"product_tag-intumescent-fireproof-coating","10":"product_tag-outdoor-intumescent-paint","11":"product_tag-steel-structure-coating","13":"first","14":"instock","15":"shipping-taxable","16":"product-type-simple"},"yoast_head":"<!-- This site is optimized with the Yoast SEO Premium plugin v26.2 (Yoast SEO v26.5) - https:\/\/yoast.com\/wordpress\/plugins\/seo\/ -->\n<title>WCB Intumescent Fire Resistant Paint for Steel- KAIDA PAINT\u00ae Manufacturer | Supplier<\/title>\n<meta name=\"description\" content=\"WCB premium solvent-based intumescent coating protects outdoor steel structures against hydrocarbon fires. GB14907 certified (1.5-2h rating), weather-resistant, with multi-application options. Ideal for industrial plants &amp; stadiums.\" \/>\n<meta name=\"robots\" content=\"index, follow, max-snippet:-1, max-image-preview:large, max-video-preview:-1\" \/>\n<link rel=\"canonical\" href=\"https:\/\/www.jinyupaint.com\/es\/producto\/kd-wrp-fp-wcb-outdoor-intumescent-steel-structure-fire-resistant-paint\/\" \/>\n<meta property=\"og:locale\" content=\"es_ES\" \/>\n<meta property=\"og:type\" content=\"article\" \/>\n<meta property=\"og:title\" content=\"KD-WRP-FP-WCB Outdoor Intumescent Steel Structure Fire Resistant Paint\" \/>\n<meta property=\"og:description\" content=\"WCB premium solvent-based intumescent coating protects outdoor steel structures against hydrocarbon fires. GB14907 certified (1.5-2h rating), weather-resistant, with multi-application options. Ideal for industrial plants &amp; stadiums.\" \/>\n<meta property=\"og:url\" content=\"https:\/\/www.jinyupaint.com\/es\/producto\/kd-wrp-fp-wcb-outdoor-intumescent-steel-structure-fire-resistant-paint\/\" \/>\n<meta property=\"og:site_name\" content=\"KAIDA PAINT\u00ae\" \/>\n<meta property=\"article:modified_time\" content=\"2025-11-30T11:39:07+00:00\" \/>\n<meta property=\"og:image\" content=\"https:\/\/www.jinyupaint.com\/wp-content\/uploads\/2023\/10\/GT-WRP-FP-WCB-Outdoor-Intumescent-Steel-Structure-Fire-Retardant-Paint.jpg\" \/>\n\t<meta property=\"og:image:width\" content=\"800\" \/>\n\t<meta property=\"og:image:height\" content=\"800\" \/>\n\t<meta property=\"og:image:type\" content=\"image\/jpeg\" \/>\n<meta name=\"twitter:card\" content=\"summary_large_image\" \/>\n<meta name=\"twitter:label1\" content=\"Tiempo de lectura\" \/>\n\t<meta name=\"twitter:data1\" content=\"4 minutos\" \/>\n<script type=\"application\/ld+json\" class=\"yoast-schema-graph\">{\"@context\":\"https:\/\/schema.org\",\"@graph\":[{\"@type\":\"WebPage\",\"@id\":\"https:\/\/www.jinyupaint.com\/product\/kd-wrp-fp-wcb-outdoor-intumescent-steel-structure-fire-resistant-paint\",\"url\":\"https:\/\/www.jinyupaint.com\/product\/kd-wrp-fp-wcb-outdoor-intumescent-steel-structure-fire-resistant-paint\",\"name\":\"WCB Intumescent Fire Resistant Paint for Steel- KAIDA PAINT\u00ae Manufacturer | Supplier\",\"isPartOf\":{\"@id\":\"https:\/\/www.jinyupaint.com\/#website\"},\"primaryImageOfPage\":{\"@id\":\"https:\/\/www.jinyupaint.com\/product\/kd-wrp-fp-wcb-outdoor-intumescent-steel-structure-fire-resistant-paint#primaryimage\"},\"image\":{\"@id\":\"https:\/\/www.jinyupaint.com\/product\/kd-wrp-fp-wcb-outdoor-intumescent-steel-structure-fire-resistant-paint#primaryimage\"},\"thumbnailUrl\":\"https:\/\/www.jinyupaint.com\/wp-content\/uploads\/2023\/10\/GT-WRP-FP-WCB-Outdoor-Intumescent-Steel-Structure-Fire-Retardant-Paint.jpg\",\"datePublished\":\"2023-10-17T05:36:13+00:00\",\"dateModified\":\"2025-11-30T11:39:07+00:00\",\"description\":\"WCB premium solvent-based intumescent coating protects outdoor steel structures against hydrocarbon fires. GB14907 certified (1.5-2h rating), weather-resistant, with multi-application options. Ideal for industrial plants & stadiums.\",\"breadcrumb\":{\"@id\":\"https:\/\/www.jinyupaint.com\/product\/kd-wrp-fp-wcb-outdoor-intumescent-steel-structure-fire-resistant-paint#breadcrumb\"},\"inLanguage\":\"es\",\"potentialAction\":[{\"@type\":\"ReadAction\",\"target\":[\"https:\/\/www.jinyupaint.com\/product\/kd-wrp-fp-wcb-outdoor-intumescent-steel-structure-fire-resistant-paint\"]}]},{\"@type\":\"ImageObject\",\"inLanguage\":\"es\",\"@id\":\"https:\/\/www.jinyupaint.com\/product\/kd-wrp-fp-wcb-outdoor-intumescent-steel-structure-fire-resistant-paint#primaryimage\",\"url\":\"https:\/\/www.jinyupaint.com\/wp-content\/uploads\/2023\/10\/GT-WRP-FP-WCB-Outdoor-Intumescent-Steel-Structure-Fire-Retardant-Paint.jpg\",\"contentUrl\":\"https:\/\/www.jinyupaint.com\/wp-content\/uploads\/2023\/10\/GT-WRP-FP-WCB-Outdoor-Intumescent-Steel-Structure-Fire-Retardant-Paint.jpg\",\"width\":800,\"height\":800,\"caption\":\"GT-WRP-FP-WCB-Outdoor-Intumescent-Steel-Structure-Fire-Retardant-Paint\"},{\"@type\":\"BreadcrumbList\",\"@id\":\"https:\/\/www.jinyupaint.com\/product\/kd-wrp-fp-wcb-outdoor-intumescent-steel-structure-fire-resistant-paint#breadcrumb\",\"itemListElement\":[{\"@type\":\"ListItem\",\"position\":1,\"name\":\"Home\",\"item\":\"https:\/\/www.jinyupaint.com\/\"},{\"@type\":\"ListItem\",\"position\":2,\"name\":\"Shop\",\"item\":\"https:\/\/www.jinyupaint.com\/shop.html\"},{\"@type\":\"ListItem\",\"position\":3,\"name\":\"KD-WRP-FP-WCB Outdoor Intumescent Steel Structure Fire Resistant Paint\"}]},{\"@type\":\"WebSite\",\"@id\":\"https:\/\/www.jinyupaint.com\/#website\",\"url\":\"https:\/\/www.jinyupaint.com\/\",\"name\":\"JINYU\u00ae PAINT\",\"description\":\"JINYU PAINT\u00ae Manufacturer\",\"potentialAction\":[{\"@type\":\"SearchAction\",\"target\":{\"@type\":\"EntryPoint\",\"urlTemplate\":\"https:\/\/www.jinyupaint.com\/?s={search_term_string}\"},\"query-input\":{\"@type\":\"PropertyValueSpecification\",\"valueRequired\":true,\"valueName\":\"search_term_string\"}}],\"inLanguage\":\"es\"}]}<\/script>\n<!-- \/ Yoast SEO Premium plugin. -->","yoast_head_json":{"title":"WCB Intumescent Fire Resistant Paint for Steel- KAIDA PAINT\u00ae Manufacturer | Supplier","description":"El revestimiento intumescente de base disolvente WCB premium protege las estructuras de acero exteriores contra los incendios de hidrocarburos. Certificado GB14907 (clasificaci\u00f3n 1,5-2h), resistente a la intemperie, con opciones de multiaplicaci\u00f3n. Ideal para plantas industriales y estadios.","robots":{"index":"index","follow":"follow","max-snippet":"max-snippet:-1","max-image-preview":"max-image-preview:large","max-video-preview":"max-video-preview:-1"},"canonical":"https:\/\/www.jinyupaint.com\/es\/producto\/kd-wrp-fp-wcb-outdoor-intumescent-steel-structure-fire-resistant-paint\/","og_locale":"es_ES","og_type":"article","og_title":"KD-WRP-FP-WCB Outdoor Intumescent Steel Structure Fire Resistant Paint","og_description":"WCB premium solvent-based intumescent coating protects outdoor steel structures against hydrocarbon fires. GB14907 certified (1.5-2h rating), weather-resistant, with multi-application options. Ideal for industrial plants & stadiums.","og_url":"https:\/\/www.jinyupaint.com\/es\/producto\/kd-wrp-fp-wcb-outdoor-intumescent-steel-structure-fire-resistant-paint\/","og_site_name":"KAIDA PAINT\u00ae","article_modified_time":"2025-11-30T11:39:07+00:00","og_image":[{"width":800,"height":800,"url":"https:\/\/www.jinyupaint.com\/wp-content\/uploads\/2023\/10\/GT-WRP-FP-WCB-Outdoor-Intumescent-Steel-Structure-Fire-Retardant-Paint.jpg","type":"image\/jpeg"}],"twitter_card":"summary_large_image","twitter_misc":{"Tiempo de lectura":"4 minutos"},"schema":{"@context":"https:\/\/schema.org","@graph":[{"@type":"WebPage","@id":"https:\/\/www.jinyupaint.com\/product\/kd-wrp-fp-wcb-outdoor-intumescent-steel-structure-fire-resistant-paint","url":"https:\/\/www.jinyupaint.com\/product\/kd-wrp-fp-wcb-outdoor-intumescent-steel-structure-fire-resistant-paint","name":"WCB Intumescent Fire Resistant Paint for Steel- KAIDA PAINT\u00ae Manufacturer | Supplier","isPartOf":{"@id":"https:\/\/www.jinyupaint.com\/#website"},"primaryImageOfPage":{"@id":"https:\/\/www.jinyupaint.com\/product\/kd-wrp-fp-wcb-outdoor-intumescent-steel-structure-fire-resistant-paint#primaryimage"},"image":{"@id":"https:\/\/www.jinyupaint.com\/product\/kd-wrp-fp-wcb-outdoor-intumescent-steel-structure-fire-resistant-paint#primaryimage"},"thumbnailUrl":"https:\/\/www.jinyupaint.com\/wp-content\/uploads\/2023\/10\/GT-WRP-FP-WCB-Outdoor-Intumescent-Steel-Structure-Fire-Retardant-Paint.jpg","datePublished":"2023-10-17T05:36:13+00:00","dateModified":"2025-11-30T11:39:07+00:00","description":"El revestimiento intumescente de base disolvente WCB premium protege las estructuras de acero exteriores contra los incendios de hidrocarburos. Certificado GB14907 (clasificaci\u00f3n 1,5-2h), resistente a la intemperie, con opciones de multiaplicaci\u00f3n. Ideal para plantas industriales y estadios.","breadcrumb":{"@id":"https:\/\/www.jinyupaint.com\/product\/kd-wrp-fp-wcb-outdoor-intumescent-steel-structure-fire-resistant-paint#breadcrumb"},"inLanguage":"es","potentialAction":[{"@type":"ReadAction","target":["https:\/\/www.jinyupaint.com\/product\/kd-wrp-fp-wcb-outdoor-intumescent-steel-structure-fire-resistant-paint"]}]},{"@type":"ImageObject","inLanguage":"es","@id":"https:\/\/www.jinyupaint.com\/product\/kd-wrp-fp-wcb-outdoor-intumescent-steel-structure-fire-resistant-paint#primaryimage","url":"https:\/\/www.jinyupaint.com\/wp-content\/uploads\/2023\/10\/GT-WRP-FP-WCB-Outdoor-Intumescent-Steel-Structure-Fire-Retardant-Paint.jpg","contentUrl":"https:\/\/www.jinyupaint.com\/wp-content\/uploads\/2023\/10\/GT-WRP-FP-WCB-Outdoor-Intumescent-Steel-Structure-Fire-Retardant-Paint.jpg","width":800,"height":800,"caption":"GT-WRP-FP-WCB-Outdoor-Intumescent-Steel-Structure-Fire-Retardant-Paint"},{"@type":"BreadcrumbList","@id":"https:\/\/www.jinyupaint.com\/product\/kd-wrp-fp-wcb-outdoor-intumescent-steel-structure-fire-resistant-paint#breadcrumb","itemListElement":[{"@type":"ListItem","position":1,"name":"Home","item":"https:\/\/www.jinyupaint.com\/"},{"@type":"ListItem","position":2,"name":"Shop","item":"https:\/\/www.jinyupaint.com\/shop.html"},{"@type":"ListItem","position":3,"name":"KD-WRP-FP-WCB Outdoor Intumescent Steel Structure Fire Resistant Paint"}]},{"@type":"WebSite","@id":"https:\/\/www.jinyupaint.com\/#website","url":"https:\/\/www.jinyupaint.com\/","name":"JINYU\u00ae PINTURA","description":"JINYU PAINT\u00ae Fabricante","potentialAction":[{"@type":"SearchAction","target":{"@type":"EntryPoint","urlTemplate":"https:\/\/www.jinyupaint.com\/?s={search_term_string}"},"query-input":{"@type":"PropertyValueSpecification","valueRequired":true,"valueName":"search_term_string"}}],"inLanguage":"es"}]}},"_links":{"self":[{"href":"https:\/\/www.jinyupaint.com\/es\/wp-json\/wp\/v2\/product\/1514","targetHints":{"allow":["GET"]}}],"collection":[{"href":"https:\/\/www.jinyupaint.com\/es\/wp-json\/wp\/v2\/product"}],"about":[{"href":"https:\/\/www.jinyupaint.com\/es\/wp-json\/wp\/v2\/types\/product"}],"wp:featuredmedia":[{"embeddable":true,"href":"https:\/\/www.jinyupaint.com\/es\/wp-json\/wp\/v2\/media\/5406"}],"wp:attachment":[{"href":"https:\/\/www.jinyupaint.com\/es\/wp-json\/wp\/v2\/media?parent=1514"}],"wp:term":[{"taxonomy":"product_brand","embeddable":true,"href":"https:\/\/www.jinyupaint.com\/es\/wp-json\/wp\/v2\/product_brand?post=1514"},{"taxonomy":"product_cat","embeddable":true,"href":"https:\/\/www.jinyupaint.com\/es\/wp-json\/wp\/v2\/product_cat?post=1514"},{"taxonomy":"product_tag","embeddable":true,"href":"https:\/\/www.jinyupaint.com\/es\/wp-json\/wp\/v2\/product_tag?post=1514"}],"curies":[{"name":"wp","href":"https:\/\/api.w.org\/{rel}","templated":true}]}}