{"id":1512,"date":"2023-10-17T05:30:11","date_gmt":"2023-10-17T05:30:11","guid":{"rendered":"http:\/\/www.jinyupaint.com\/?post_type=product&#038;p=1512"},"modified":"2025-11-30T11:41:23","modified_gmt":"2025-11-30T11:41:23","slug":"kd-nrp-fp-btcb-1-indoor-intumescent-steel-structure-fire-resistant-paint","status":"publish","type":"product","link":"https:\/\/www.jinyupaint.com\/es\/producto\/kd-nrp-fp-btcb-1-indoor-intumescent-steel-structure-fire-resistant-paint","title":{"rendered":"KD-NRP-FP-BTCB-1 Pintura ign\u00edfuga intumescente para estructuras de acero en interiores"},"content":{"rendered":"<h2 class=\"ds-markdown-paragraph\"><strong>Productos<\/strong><\/h2>\n<p class=\"ds-markdown-paragraph\">GT-NRP-Fp-BTCB-1 es un revestimiento ign\u00edfugo intumescente de altas prestaciones para estructuras de acero en interiores, desarrollado para proporcionar una excepcional protecci\u00f3n contra el fuego con un acabado fino, duradero y est\u00e9ticamente agradable. Este revestimiento ign\u00edfugo para acero est\u00e1 especialmente formulado para aplicaciones en interiores, ofreciendo una fuerte adherencia, excelente resistencia al fuego y efectos decorativos superiores. Se utiliza ampliamente para la protecci\u00f3n contra incendios en estructuras de acero comerciales, industriales y residenciales, garantizando el cumplimiento de las normas de seguridad.<\/p>\n<h2 class=\"ds-markdown-paragraph\"><strong>Principales caracter\u00edsticas y aplicaciones<\/strong><\/h2>\n<p class=\"ds-markdown-paragraph\">Esta pintura intumescente para acero forma una capa protectora de carbonilla cuando se expone a altas temperaturas, retrasando eficazmente la transferencia de calor y evitando fallos estructurales. Su ligereza y bajo espesor de recubrimiento reducen el uso de material al tiempo que mantienen una alta resistencia al fuego. Ideal para proteger contra el fuego vigas, columnas y cerchas de acero, es adecuada para su uso en almacenes, f\u00e1bricas y edificios de gran altura. El revestimiento puede aplicarse con brocha, rodillo o pulverizador, garantizando una cobertura uniforme y una protecci\u00f3n duradera.<\/p>\n<h2 class=\"ds-markdown-paragraph\"><strong>Preparaci\u00f3n de la superficie y directrices de aplicaci\u00f3n<\/strong><\/h2>\n<p class=\"ds-markdown-paragraph\"><strong>1. Tratamiento de superficies<\/strong><br \/>\nLa preparaci\u00f3n adecuada de la superficie es fundamental para la durabilidad del revestimiento ign\u00edfugo para acero. En el caso de las estructuras de acero nuevas, se requiere un chorro de arena y la eliminaci\u00f3n del \u00f3xido, seguidos de una imprimaci\u00f3n anticorrosi\u00f3n como la pintura epoxi rica en zinc. El acero galvanizado debe tratarse con una capa de transici\u00f3n epoxi para garantizar la adherencia. En el caso de acero viejo o repintado, inspeccione el revestimiento existente en busca de da\u00f1os y aplique un tratamiento antioxidante si es necesario. Aseg\u00farese de que la superficie est\u00e1 limpia, libre de aceite, polvo y defectos antes de la aplicaci\u00f3n.<\/p>\n<p class=\"ds-markdown-paragraph\"><strong>2. Aplicaci\u00f3n del revestimiento<\/strong><br \/>\nRemover bien la pintura intumescente ign\u00edfuga con una batidora el\u00e9ctrica. Si la mezcla es demasiado espesa, a\u00f1adir una peque\u00f1a cantidad de diluyente compatible (no superior a 10%). Aplique el revestimiento en direcciones alternas, manteniendo un espesor de pel\u00edcula h\u00fameda de 0,2-0,25 mm por capa. Dejar secar cada capa durante al menos 24 horas antes de volver a aplicar. Para un rendimiento \u00f3ptimo, incrustar malla de fibra de vidrio sin \u00e1lcalis con un espesor de pel\u00edcula seca de 1,2-1,5 mm, solapando las juntas entre 5 y 10 cm. Evitar la aplicaci\u00f3n en condiciones de humedad elevada (&lt;80%) o temperaturas inferiores a 5\u00b0C para evitar problemas de adherencia.<\/p>\n<h2 class=\"ds-markdown-paragraph\"><strong>Notas importantes<\/strong><\/h2>\n<ul>\n<li>Aplicar s\u00f3lo despu\u00e9s de que el edificio est\u00e9 completamente cerrado para evitar la exposici\u00f3n a la lluvia, el sol o la humedad.<\/li>\n<li>Para mejorar la resistencia al fuego, refuerce las zonas cr\u00edticas con tela de fibra de vidrio de alta resistencia.<\/li>\n<li>Almacenar y transportar por encima de 0\u00b0C; no mezclar con otros recubrimientos.<\/li>\n<li>Para requisitos personalizados de resistencia al fuego, p\u00f3ngase en contacto con nuestro equipo de asistencia.<\/li>\n<\/ul>\n<figure id=\"attachment_5387\" aria-describedby=\"caption-attachment-5387\" style=\"width: 570px\" class=\"wp-caption alignnone\"><a href=\"https:\/\/www.jinyupaint.com\/wp-content\/uploads\/2023\/10\/GT-NRP-FP-BTCB-1-Indoor-Intumescent-Steel-Structure-Fire-Retardant-Paint-2.jpg\"><img fetchpriority=\"high\" decoding=\"async\" class=\"wp-image-5387 size-full\" src=\"https:\/\/www.jinyupaint.com\/wp-content\/uploads\/2023\/10\/GT-NRP-FP-BTCB-1-Indoor-Intumescent-Steel-Structure-Fire-Retardant-Paint-2.jpg\" alt=\"GT-NRP-FP-BTCB-1-Intumescente interior-Estructura de acero-Pintura ign\u00edfuga\" width=\"570\" height=\"360\" srcset=\"https:\/\/www.jinyupaint.com\/wp-content\/uploads\/2023\/10\/GT-NRP-FP-BTCB-1-Indoor-Intumescent-Steel-Structure-Fire-Retardant-Paint-2.jpg 570w, https:\/\/www.jinyupaint.com\/wp-content\/uploads\/2023\/10\/GT-NRP-FP-BTCB-1-Indoor-Intumescent-Steel-Structure-Fire-Retardant-Paint-2-300x189.jpg 300w, https:\/\/www.jinyupaint.com\/wp-content\/uploads\/2023\/10\/GT-NRP-FP-BTCB-1-Indoor-Intumescent-Steel-Structure-Fire-Retardant-Paint-2-18x12.jpg 18w\" sizes=\"(max-width: 570px) 100vw, 570px\" \/><\/a><figcaption id=\"caption-attachment-5387\" class=\"wp-caption-text\">Trabajadores de la construcci\u00f3n aplicando pintura intumescente ign\u00edfuga GT-NRP-FP-BTCB-1 a vigas de acero en el atrio de un centro comercial, utilizando equipos de pulverizaci\u00f3n calibrados para lograr un espesor uniforme de pel\u00edcula seca para una resistencia al fuego de 90 minutos (GB 14907-2018), manteniendo al mismo tiempo una integraci\u00f3n perfecta con los acabados arquitect\u00f3nicos.<\/figcaption><\/figure>\n<figure id=\"attachment_5388\" aria-describedby=\"caption-attachment-5388\" style=\"width: 570px\" class=\"wp-caption alignnone\"><a href=\"https:\/\/www.jinyupaint.com\/wp-content\/uploads\/2023\/10\/GT-NRP-FP-BTCB-1-Indoor-Intumescent-Steel-Structure-Fire-Retardant-Paint-3.jpg\"><img decoding=\"async\" class=\"wp-image-5388 size-full\" src=\"https:\/\/www.jinyupaint.com\/wp-content\/uploads\/2023\/10\/GT-NRP-FP-BTCB-1-Indoor-Intumescent-Steel-Structure-Fire-Retardant-Paint-3.jpg\" alt=\"GT-NRP-FP-BTCB-1-Intumescente interior-Estructura de acero-Pintura ign\u00edfuga\" width=\"570\" height=\"360\" srcset=\"https:\/\/www.jinyupaint.com\/wp-content\/uploads\/2023\/10\/GT-NRP-FP-BTCB-1-Indoor-Intumescent-Steel-Structure-Fire-Retardant-Paint-3.jpg 570w, https:\/\/www.jinyupaint.com\/wp-content\/uploads\/2023\/10\/GT-NRP-FP-BTCB-1-Indoor-Intumescent-Steel-Structure-Fire-Retardant-Paint-3-300x189.jpg 300w, https:\/\/www.jinyupaint.com\/wp-content\/uploads\/2023\/10\/GT-NRP-FP-BTCB-1-Indoor-Intumescent-Steel-Structure-Fire-Retardant-Paint-3-18x12.jpg 18w\" sizes=\"(max-width: 570px) 100vw, 570px\" \/><\/a><figcaption id=\"caption-attachment-5388\" class=\"wp-caption-text\">Inspecci\u00f3n en primer plano del revestimiento GT-NRP-FP-BTCB-1 activado tras la prueba de fuego, que demuestra una expansi\u00f3n del carb\u00f3n 10 veces superior para proteger las columnas de la sala de servidores, con pruebas ultras\u00f3nicas que confirman el cumplimiento de las normas EN 13381-8 para infraestructuras de misi\u00f3n cr\u00edtica.<\/figcaption><\/figure>\n<p class=\"ds-markdown-paragraph\"><strong>Caso de proyecto: Aplicaci\u00f3n del revestimiento ign\u00edfugo Liaoning Dalian Hengli Petrochemical<\/strong><\/p>\n<p class=\"ds-markdown-paragraph\">El proyecto Dalian Hengli Petrochemical (2018-2019) implement\u00f3 revestimientos ign\u00edfugos STI-C y BTICB-1 en 407 000 metros cuadrados de estructuras de acero cr\u00edticas en unidades de procesamiento de alto riesgo. Nuestras soluciones proporcionaron resistencia al fuego de 3 horas para soportes de tuber\u00edas y marcos de reactores, superando los est\u00e1ndares API 2218 mientras soportaban factores de corrosi\u00f3n costera. Esta aplicaci\u00f3n industrial a gran escala demuestra nuestra experiencia en la protecci\u00f3n de infraestructuras energ\u00e9ticas en condiciones de funcionamiento extremas.<\/p>\n<p><a href=\"https:\/\/www.jinyupaint.com\/wp-content\/uploads\/2023\/10\/Liaoning-Dalian-Hengli-Petrochemical-Project.jpg\"><img decoding=\"async\" class=\"wp-image-5389 size-full\" src=\"https:\/\/www.jinyupaint.com\/wp-content\/uploads\/2023\/10\/Liaoning-Dalian-Hengli-Petrochemical-Project.jpg\" alt=\"Proyecto petroqu\u00edmico Liaoning Dalian Hengli\" width=\"570\" height=\"360\" srcset=\"https:\/\/www.jinyupaint.com\/wp-content\/uploads\/2023\/10\/Liaoning-Dalian-Hengli-Petrochemical-Project.jpg 570w, https:\/\/www.jinyupaint.com\/wp-content\/uploads\/2023\/10\/Liaoning-Dalian-Hengli-Petrochemical-Project-300x189.jpg 300w, https:\/\/www.jinyupaint.com\/wp-content\/uploads\/2023\/10\/Liaoning-Dalian-Hengli-Petrochemical-Project-18x12.jpg 18w\" sizes=\"(max-width: 570px) 100vw, 570px\" \/><\/a><\/p>\n<p class=\"ds-markdown-paragraph\"><strong>Caso de proyecto: Aplicaci\u00f3n de revestimiento ign\u00edfugo de Shandong Rongxin &amp; Hengxin Chemical<\/strong><\/p>\n<p class=\"ds-markdown-paragraph\">La instalaci\u00f3n conjunta de Shandong Rongxin y Hengxin Chemical (abril de 2018) implement\u00f3 revestimientos ign\u00edfugos STI-C y MIWB-1 en 2.075 toneladas m\u00e9tricas de acero estructural en \u00e1reas de procesamiento de alto riesgo. Nuestras soluciones proporcionaron una resistencia al fuego de 120 minutos para soportes de reactores y p\u00f3rticos de tuber\u00edas, superando los est\u00e1ndares petroqu\u00edmicos GB 50160-2008 mientras soportaban la exposici\u00f3n al vapor \u00e1cido. Este proyecto de doble planta demuestra nuestra capacidad para ofrecer protecci\u00f3n especializada contra incendios para complejos de producci\u00f3n qu\u00edmica sincronizados.<\/p>\n<p><a href=\"https:\/\/www.jinyupaint.com\/wp-content\/uploads\/2023\/10\/Shandong-Rongxin-Chemical-Project.jpg\"><img loading=\"lazy\" decoding=\"async\" class=\"size-full wp-image-5390\" src=\"https:\/\/www.jinyupaint.com\/wp-content\/uploads\/2023\/10\/Shandong-Rongxin-Chemical-Project.jpg\" alt=\"Proyecto qu\u00edmico de Shandong Rongxin\" width=\"570\" height=\"360\" srcset=\"https:\/\/www.jinyupaint.com\/wp-content\/uploads\/2023\/10\/Shandong-Rongxin-Chemical-Project.jpg 570w, https:\/\/www.jinyupaint.com\/wp-content\/uploads\/2023\/10\/Shandong-Rongxin-Chemical-Project-300x189.jpg 300w, https:\/\/www.jinyupaint.com\/wp-content\/uploads\/2023\/10\/Shandong-Rongxin-Chemical-Project-18x12.jpg 18w\" sizes=\"(max-width: 570px) 100vw, 570px\" \/><\/a><\/p>","protected":false},"excerpt":{"rendered":"<p class=\"ds-markdown-paragraph\">GT-NRP-Fp-BTCB-1 es un revestimiento ign\u00edfugo de altas prestaciones especialmente dise\u00f1ado para proteger las estructuras de acero interiores de los da\u00f1os provocados por el fuego. Esta pintura intumescente de pel\u00edcula fina se expande cuando se expone a altas temperaturas, formando una capa protectora de carbonilla que retrasa la transferencia de calor y evita el colapso estructural.<\/p>\n<p class=\"ds-markdown-paragraph\"><strong>Beneficios clave:<\/strong><br \/>\n\u2714\u00a0<strong>Fuerte adhesi\u00f3n<\/strong>\u00a0- Se adhiere firmemente a superficies de acero, incluido el metal galvanizado<br \/>\n\u2714\u00a0<strong>Ligero y decorativo<\/strong>\u00a0- El fino revestimiento mantiene la est\u00e9tica a la vez que proporciona resistencia al fuego<br \/>\n\u2714\u00a0<strong>Aplicaci\u00f3n sencilla<\/strong>\u00a0- Puede aplicarse con brocha, rodillo o pulverizador para una cobertura uniforme<br \/>\n\u2714\u00a0<strong>Cumplimiento y seguridad<\/strong>\u00a0- Cumple las normas de protecci\u00f3n contra incendios para edificios comerciales e industriales<\/p>\n<p class=\"ds-markdown-paragraph\">Ideal para vigas, columnas y cerchas de acero en almacenes, f\u00e1bricas y edificios de gran altura.<\/p>","protected":false},"featured_media":5386,"template":"","meta":{"om_disable_all_campaigns":false,"_monsterinsights_skip_tracking":false,"_monsterinsights_sitenote_active":false,"_monsterinsights_sitenote_note":"","_monsterinsights_sitenote_category":0,"_uf_show_specific_survey":0,"_uf_disable_surveys":false},"product_brand":[],"product_cat":[90],"product_tag":[91,92],"class_list":{"0":"post-1512","1":"product","2":"type-product","3":"status-publish","4":"has-post-thumbnail","6":"product_cat-fire-retardant-paint","7":"product_tag-fire-retardant-coating","8":"product_tag-steel-structure-coating","10":"first","11":"instock","12":"shipping-taxable","13":"product-type-simple"},"yoast_head":"<!-- This site is optimized with the Yoast SEO Premium plugin v26.2 (Yoast SEO v26.5) - https:\/\/yoast.com\/wordpress\/plugins\/seo\/ -->\n<title>Indoor Intumescent Fire Retardant Coating for Steel | Fireproof Protection - KAIDA PAINT\u00ae<\/title>\n<meta name=\"description\" content=\"GT-NRP-Fp-BTCB-1 Indoor Intumescent Fire Retardant Coating for Steel provides thin-film, high-adhesion fireproofing for structural steel. Ideal for warehouses, factories &amp; high-rises.\" \/>\n<meta name=\"robots\" content=\"index, follow, max-snippet:-1, max-image-preview:large, max-video-preview:-1\" \/>\n<link rel=\"canonical\" href=\"https:\/\/www.jinyupaint.com\/es\/producto\/kd-nrp-fp-btcb-1-indoor-intumescent-steel-structure-fire-resistant-paint\/\" \/>\n<meta property=\"og:locale\" content=\"es_ES\" \/>\n<meta property=\"og:type\" content=\"article\" \/>\n<meta property=\"og:title\" content=\"KD-NRP-FP-BTCB-1 Indoor Intumescent Steel Structure Fire Resistant Paint\" \/>\n<meta property=\"og:description\" content=\"GT-NRP-Fp-BTCB-1 Indoor Intumescent Fire Retardant Coating for Steel provides thin-film, high-adhesion fireproofing for structural steel. Ideal for warehouses, factories &amp; high-rises.\" \/>\n<meta property=\"og:url\" content=\"https:\/\/www.jinyupaint.com\/es\/producto\/kd-nrp-fp-btcb-1-indoor-intumescent-steel-structure-fire-resistant-paint\/\" \/>\n<meta property=\"og:site_name\" content=\"KAIDA PAINT\u00ae\" \/>\n<meta property=\"article:modified_time\" content=\"2025-11-30T11:41:23+00:00\" \/>\n<meta property=\"og:image\" content=\"https:\/\/www.jinyupaint.com\/wp-content\/uploads\/2023\/10\/GT-NRP-FP-BTCB-1-Indoor-Intumescent-Steel-Structure-Fire-Retardant-Paint.jpg\" \/>\n\t<meta property=\"og:image:width\" content=\"800\" \/>\n\t<meta property=\"og:image:height\" content=\"800\" \/>\n\t<meta property=\"og:image:type\" content=\"image\/jpeg\" \/>\n<meta name=\"twitter:card\" content=\"summary_large_image\" \/>\n<meta name=\"twitter:label1\" content=\"Tiempo de lectura\" \/>\n\t<meta name=\"twitter:data1\" content=\"4 minutos\" \/>\n<script type=\"application\/ld+json\" class=\"yoast-schema-graph\">{\"@context\":\"https:\/\/schema.org\",\"@graph\":[{\"@type\":\"WebPage\",\"@id\":\"https:\/\/www.jinyupaint.com\/product\/kd-nrp-fp-btcb-1-indoor-intumescent-steel-structure-fire-resistant-paint\",\"url\":\"https:\/\/www.jinyupaint.com\/product\/kd-nrp-fp-btcb-1-indoor-intumescent-steel-structure-fire-resistant-paint\",\"name\":\"Indoor Intumescent Fire Retardant Coating for Steel | Fireproof Protection - KAIDA PAINT\u00ae\",\"isPartOf\":{\"@id\":\"https:\/\/www.jinyupaint.com\/#website\"},\"primaryImageOfPage\":{\"@id\":\"https:\/\/www.jinyupaint.com\/product\/kd-nrp-fp-btcb-1-indoor-intumescent-steel-structure-fire-resistant-paint#primaryimage\"},\"image\":{\"@id\":\"https:\/\/www.jinyupaint.com\/product\/kd-nrp-fp-btcb-1-indoor-intumescent-steel-structure-fire-resistant-paint#primaryimage\"},\"thumbnailUrl\":\"https:\/\/www.jinyupaint.com\/wp-content\/uploads\/2023\/10\/GT-NRP-FP-BTCB-1-Indoor-Intumescent-Steel-Structure-Fire-Retardant-Paint.jpg\",\"datePublished\":\"2023-10-17T05:30:11+00:00\",\"dateModified\":\"2025-11-30T11:41:23+00:00\",\"description\":\"GT-NRP-Fp-BTCB-1 Indoor Intumescent Fire Retardant Coating for Steel provides thin-film, high-adhesion fireproofing for structural steel. Ideal for warehouses, factories & high-rises.\",\"breadcrumb\":{\"@id\":\"https:\/\/www.jinyupaint.com\/product\/kd-nrp-fp-btcb-1-indoor-intumescent-steel-structure-fire-resistant-paint#breadcrumb\"},\"inLanguage\":\"es\",\"potentialAction\":[{\"@type\":\"ReadAction\",\"target\":[\"https:\/\/www.jinyupaint.com\/product\/kd-nrp-fp-btcb-1-indoor-intumescent-steel-structure-fire-resistant-paint\"]}]},{\"@type\":\"ImageObject\",\"inLanguage\":\"es\",\"@id\":\"https:\/\/www.jinyupaint.com\/product\/kd-nrp-fp-btcb-1-indoor-intumescent-steel-structure-fire-resistant-paint#primaryimage\",\"url\":\"https:\/\/www.jinyupaint.com\/wp-content\/uploads\/2023\/10\/GT-NRP-FP-BTCB-1-Indoor-Intumescent-Steel-Structure-Fire-Retardant-Paint.jpg\",\"contentUrl\":\"https:\/\/www.jinyupaint.com\/wp-content\/uploads\/2023\/10\/GT-NRP-FP-BTCB-1-Indoor-Intumescent-Steel-Structure-Fire-Retardant-Paint.jpg\",\"width\":800,\"height\":800,\"caption\":\"GT-NRP-FP-BTCB-1-Indoor-Intumescent-Steel-Structure-Fire-Retardant-Paint\"},{\"@type\":\"BreadcrumbList\",\"@id\":\"https:\/\/www.jinyupaint.com\/product\/kd-nrp-fp-btcb-1-indoor-intumescent-steel-structure-fire-resistant-paint#breadcrumb\",\"itemListElement\":[{\"@type\":\"ListItem\",\"position\":1,\"name\":\"Home\",\"item\":\"https:\/\/www.jinyupaint.com\/\"},{\"@type\":\"ListItem\",\"position\":2,\"name\":\"Shop\",\"item\":\"https:\/\/www.jinyupaint.com\/shop.html\"},{\"@type\":\"ListItem\",\"position\":3,\"name\":\"KD-NRP-FP-BTCB-1 Indoor Intumescent Steel Structure Fire Resistant Paint\"}]},{\"@type\":\"WebSite\",\"@id\":\"https:\/\/www.jinyupaint.com\/#website\",\"url\":\"https:\/\/www.jinyupaint.com\/\",\"name\":\"JINYU\u00ae PAINT\",\"description\":\"JINYU PAINT\u00ae Manufacturer\",\"potentialAction\":[{\"@type\":\"SearchAction\",\"target\":{\"@type\":\"EntryPoint\",\"urlTemplate\":\"https:\/\/www.jinyupaint.com\/?s={search_term_string}\"},\"query-input\":{\"@type\":\"PropertyValueSpecification\",\"valueRequired\":true,\"valueName\":\"search_term_string\"}}],\"inLanguage\":\"es\"}]}<\/script>\n<!-- \/ Yoast SEO Premium plugin. -->","yoast_head_json":{"title":"Indoor Intumescent Fire Retardant Coating for Steel | Fireproof Protection - KAIDA PAINT\u00ae","description":"GT-NRP-Fp-BTCB-1 Revestimiento ign\u00edfugo intumescente de interior para acero proporciona una capa fina de alta adherencia ign\u00edfuga para acero estructural. Ideal para almacenes, f\u00e1bricas y rascacielos.","robots":{"index":"index","follow":"follow","max-snippet":"max-snippet:-1","max-image-preview":"max-image-preview:large","max-video-preview":"max-video-preview:-1"},"canonical":"https:\/\/www.jinyupaint.com\/es\/producto\/kd-nrp-fp-btcb-1-indoor-intumescent-steel-structure-fire-resistant-paint\/","og_locale":"es_ES","og_type":"article","og_title":"KD-NRP-FP-BTCB-1 Indoor Intumescent Steel Structure Fire Resistant Paint","og_description":"GT-NRP-Fp-BTCB-1 Indoor Intumescent Fire Retardant Coating for Steel provides thin-film, high-adhesion fireproofing for structural steel. Ideal for warehouses, factories & high-rises.","og_url":"https:\/\/www.jinyupaint.com\/es\/producto\/kd-nrp-fp-btcb-1-indoor-intumescent-steel-structure-fire-resistant-paint\/","og_site_name":"KAIDA PAINT\u00ae","article_modified_time":"2025-11-30T11:41:23+00:00","og_image":[{"width":800,"height":800,"url":"https:\/\/www.jinyupaint.com\/wp-content\/uploads\/2023\/10\/GT-NRP-FP-BTCB-1-Indoor-Intumescent-Steel-Structure-Fire-Retardant-Paint.jpg","type":"image\/jpeg"}],"twitter_card":"summary_large_image","twitter_misc":{"Tiempo de lectura":"4 minutos"},"schema":{"@context":"https:\/\/schema.org","@graph":[{"@type":"WebPage","@id":"https:\/\/www.jinyupaint.com\/product\/kd-nrp-fp-btcb-1-indoor-intumescent-steel-structure-fire-resistant-paint","url":"https:\/\/www.jinyupaint.com\/product\/kd-nrp-fp-btcb-1-indoor-intumescent-steel-structure-fire-resistant-paint","name":"Indoor Intumescent Fire Retardant Coating for Steel | Fireproof Protection - KAIDA PAINT\u00ae","isPartOf":{"@id":"https:\/\/www.jinyupaint.com\/#website"},"primaryImageOfPage":{"@id":"https:\/\/www.jinyupaint.com\/product\/kd-nrp-fp-btcb-1-indoor-intumescent-steel-structure-fire-resistant-paint#primaryimage"},"image":{"@id":"https:\/\/www.jinyupaint.com\/product\/kd-nrp-fp-btcb-1-indoor-intumescent-steel-structure-fire-resistant-paint#primaryimage"},"thumbnailUrl":"https:\/\/www.jinyupaint.com\/wp-content\/uploads\/2023\/10\/GT-NRP-FP-BTCB-1-Indoor-Intumescent-Steel-Structure-Fire-Retardant-Paint.jpg","datePublished":"2023-10-17T05:30:11+00:00","dateModified":"2025-11-30T11:41:23+00:00","description":"GT-NRP-Fp-BTCB-1 Revestimiento ign\u00edfugo intumescente de interior para acero proporciona una capa fina de alta adherencia ign\u00edfuga para acero estructural. Ideal para almacenes, f\u00e1bricas y rascacielos.","breadcrumb":{"@id":"https:\/\/www.jinyupaint.com\/product\/kd-nrp-fp-btcb-1-indoor-intumescent-steel-structure-fire-resistant-paint#breadcrumb"},"inLanguage":"es","potentialAction":[{"@type":"ReadAction","target":["https:\/\/www.jinyupaint.com\/product\/kd-nrp-fp-btcb-1-indoor-intumescent-steel-structure-fire-resistant-paint"]}]},{"@type":"ImageObject","inLanguage":"es","@id":"https:\/\/www.jinyupaint.com\/product\/kd-nrp-fp-btcb-1-indoor-intumescent-steel-structure-fire-resistant-paint#primaryimage","url":"https:\/\/www.jinyupaint.com\/wp-content\/uploads\/2023\/10\/GT-NRP-FP-BTCB-1-Indoor-Intumescent-Steel-Structure-Fire-Retardant-Paint.jpg","contentUrl":"https:\/\/www.jinyupaint.com\/wp-content\/uploads\/2023\/10\/GT-NRP-FP-BTCB-1-Indoor-Intumescent-Steel-Structure-Fire-Retardant-Paint.jpg","width":800,"height":800,"caption":"GT-NRP-FP-BTCB-1-Indoor-Intumescent-Steel-Structure-Fire-Retardant-Paint"},{"@type":"BreadcrumbList","@id":"https:\/\/www.jinyupaint.com\/product\/kd-nrp-fp-btcb-1-indoor-intumescent-steel-structure-fire-resistant-paint#breadcrumb","itemListElement":[{"@type":"ListItem","position":1,"name":"Home","item":"https:\/\/www.jinyupaint.com\/"},{"@type":"ListItem","position":2,"name":"Shop","item":"https:\/\/www.jinyupaint.com\/shop.html"},{"@type":"ListItem","position":3,"name":"KD-NRP-FP-BTCB-1 Indoor Intumescent Steel Structure Fire Resistant Paint"}]},{"@type":"WebSite","@id":"https:\/\/www.jinyupaint.com\/#website","url":"https:\/\/www.jinyupaint.com\/","name":"JINYU\u00ae PINTURA","description":"JINYU PAINT\u00ae Fabricante","potentialAction":[{"@type":"SearchAction","target":{"@type":"EntryPoint","urlTemplate":"https:\/\/www.jinyupaint.com\/?s={search_term_string}"},"query-input":{"@type":"PropertyValueSpecification","valueRequired":true,"valueName":"search_term_string"}}],"inLanguage":"es"}]}},"_links":{"self":[{"href":"https:\/\/www.jinyupaint.com\/es\/wp-json\/wp\/v2\/product\/1512","targetHints":{"allow":["GET"]}}],"collection":[{"href":"https:\/\/www.jinyupaint.com\/es\/wp-json\/wp\/v2\/product"}],"about":[{"href":"https:\/\/www.jinyupaint.com\/es\/wp-json\/wp\/v2\/types\/product"}],"wp:featuredmedia":[{"embeddable":true,"href":"https:\/\/www.jinyupaint.com\/es\/wp-json\/wp\/v2\/media\/5386"}],"wp:attachment":[{"href":"https:\/\/www.jinyupaint.com\/es\/wp-json\/wp\/v2\/media?parent=1512"}],"wp:term":[{"taxonomy":"product_brand","embeddable":true,"href":"https:\/\/www.jinyupaint.com\/es\/wp-json\/wp\/v2\/product_brand?post=1512"},{"taxonomy":"product_cat","embeddable":true,"href":"https:\/\/www.jinyupaint.com\/es\/wp-json\/wp\/v2\/product_cat?post=1512"},{"taxonomy":"product_tag","embeddable":true,"href":"https:\/\/www.jinyupaint.com\/es\/wp-json\/wp\/v2\/product_tag?post=1512"}],"curies":[{"name":"wp","href":"https:\/\/api.w.org\/{rel}","templated":true}]}}