{"id":1493,"date":"2023-10-17T03:44:03","date_gmt":"2023-10-17T03:44:03","guid":{"rendered":"http:\/\/www.jinyupaint.com\/?post_type=product&#038;p=1493"},"modified":"2025-05-15T09:37:02","modified_gmt":"2025-05-15T09:37:02","slug":"bggf-10-epoxy-glass-flake-paint","status":"publish","type":"product","link":"https:\/\/www.jinyupaint.com\/es\/producto\/bggf-10-epoxy-glass-flake-paint","title":{"rendered":"BGGF-10 Pintura epoxi en escamas de vidrio"},"content":{"rendered":"<h2><strong>Descripci\u00f3n del producto:<\/strong><\/h2>\n<p>Este producto es un revestimiento epoxi de dos componentes y alto contenido en s\u00f3lidos, reforzado con pigmentos de escamas de vidrio, que ofrece una durabilidad y una resistencia a la corrosi\u00f3n excepcionales.<\/p>\n<p>&nbsp;<\/p>\n<h2><strong>Caracter\u00edsticas principales:<\/strong><\/h2>\n<p>Este producto es adecuado para estructuras de acero expuestas a entornos severos con corrosi\u00f3n atmosf\u00e9rica y desgaste mec\u00e1nico. Ofrece excelentes propiedades anticorrosi\u00f3n y de resistencia al desgaste. Se utiliza para la protecci\u00f3n de estructuras de acero en diversos entornos corrosivos, como zonas de salpicaduras de estructuras en alta mar, cubiertas y zonas de muelles, estructuras de pilotes, f\u00e1bricas de pasta de papel, puentes y plantas qu\u00edmicas.<\/p>\n<p>&nbsp;<\/p>\n<h2><strong>Par\u00e1metros f\u00edsicos:<\/strong><\/h2>\n<ul>\n<li><strong>Color:<\/strong> Limitado<\/li>\n<li><strong>Volumen S\u00f3lidos:<\/strong> 75\u00b12%<\/li>\n<li><strong>Espesor de pel\u00edcula seca est\u00e1ndar:<\/strong> Pel\u00edcula seca: 200 micras Pel\u00edcula h\u00fameda: 267 micras<\/li>\n<li><strong>Tasa de cobertura te\u00f3rica:<\/strong> 2,6 m\u00b2\/kg, 3,75 m\u00b2\/L (a partir de 200 micras de pel\u00edcula seca)<\/li>\n<li><strong>Tasa de cobertura real:<\/strong> Teniendo en cuenta el factor de p\u00e9rdida adecuado<\/li>\n<li><strong>Punto de inflamaci\u00f3n:<\/strong> 28\u00b12\u00b0C<\/li>\n<li><\/li>\n<\/ul>\n<h2><strong>Instrucciones para la solicitud:<\/strong><\/h2>\n<p><strong>Preparaci\u00f3n de la superficie:<\/strong><\/p>\n<p>El rendimiento de este producto depende del grado de preparaci\u00f3n de la superficie. La superficie a pintar debe estar limpia, seca y libre de contaminantes. Antes de aplicar la pintura, todas las superficies deben evaluarse y tratarse de acuerdo con las normas ISO 8504:2000. Deben eliminarse la suciedad acumulada y las sales solubles. La suciedad puede eliminarse normalmente con un cepillo seco. Las sales solubles deben eliminarse mediante aclarado con agua dulce.<\/p>\n<p>El aceite y la grasa deben eliminarse de acuerdo con la norma de limpieza con disolventes SSPC-SP1.<\/p>\n<p>El chorro de arena debe realizarse seg\u00fan las normas Sa2.5 (ISO 8501-1:2007) o SSPC-SP6. Si se produce oxidaci\u00f3n en la superficie entre el chorro de arena y la aplicaci\u00f3n de este producto, la superficie debe volver a chorrearse para cumplir las normas especificadas.<\/p>\n<p>Los defectos superficiales expuestos durante el chorro de arena deben esmerilarse, rellenarse o tratarse con m\u00e9todos adecuados. Se recomienda una rugosidad superficial de 50-70 micras.<\/p>\n<p>La temperatura del sustrato no debe ser inferior a 10\u00b0C, y debe ser al menos 3\u00b0C superior a la temperatura del punto de roc\u00edo.<\/p>\n<p><strong>Mezclando:<\/strong><\/p>\n<p>Este producto se suministra en dos envases, que forman una unidad. Debe mezclarse de dos en dos seg\u00fan la proporci\u00f3n especificada cada vez y consumirse dentro del periodo de mezcla y uso prescrito.<\/p>\n<ol>\n<li>Mezclar la base (Componente A) con un agitador mec\u00e1nico.<\/li>\n<li>Mezclar bien todo el agente de curado (Componente B) con la base (Componente A) utilizando un agitador mec\u00e1nico.<\/li>\n<\/ol>\n<p><strong>Periodo de mezcla y uso:<\/strong><\/p>\n<ul>\n<li>\n<table>\n<tbody>\n<tr>\n<td style=\"text-align: center;\" width=\"142\">15\u2103<\/td>\n<td style=\"text-align: center;\" width=\"142\">25\u2103<\/td>\n<td width=\"142\">\n<p style=\"text-align: center;\">35\u2103<\/p>\n<\/td>\n<\/tr>\n<tr>\n<td style=\"text-align: center;\" width=\"142\">4H<\/td>\n<td style=\"text-align: center;\" width=\"142\">2H<\/td>\n<td width=\"142\">\n<p style=\"text-align: center;\">1H<\/p>\n<\/td>\n<\/tr>\n<\/tbody>\n<\/table>\n<\/li>\n<\/ul>\n<p><strong>Diluyente:<\/strong> Diluyente BTE<\/p>\n<p><strong>M\u00e9todos de aplicaci\u00f3n:<\/strong> Pulverizaci\u00f3n sin aire Pulverizaci\u00f3n con aire (con calder\u00edn a presi\u00f3n) Aplicaci\u00f3n con brocha \/ rodillo (s\u00f3lo para superficies peque\u00f1as)<\/p>\n<p><strong>Ratio de adelgazamiento:<\/strong><\/p>\n<ul>\n<li>\n<table>\n<tbody>\n<tr>\n<td width=\"142\">\n<p style=\"text-align: center;\">M\u00e9todo de construcci\u00f3n:<\/p>\n<\/td>\n<td style=\"text-align: center;\" width=\"142\">pulverizador airless<\/td>\n<td style=\"text-align: center;\" width=\"142\">pulverizador de aire (con dep\u00f3sito de presi\u00f3n)<\/td>\n<td style=\"text-align: center;\" width=\"142\">cepillo\/rodillo<\/td>\n<\/tr>\n<tr>\n<td style=\"text-align: center;\" width=\"142\">Proporci\u00f3n de diluci\u00f3n:<\/td>\n<td style=\"text-align: center;\" width=\"142\">0-5%<\/td>\n<td style=\"text-align: center;\" width=\"142\">5-20%<\/td>\n<td width=\"142\">\n<p style=\"text-align: center;\">0-10%<\/p>\n<\/td>\n<\/tr>\n<\/tbody>\n<\/table>\n<\/li>\n<\/ul>\n<p><strong>Pulverizador sin aire:<\/strong><\/p>\n<p>Tama\u00f1o de la boquilla: 0,63-1,09 mm Presi\u00f3n de pulverizaci\u00f3n: 15 MPa<\/p>\n<p><strong>Tiempos de secado:<\/strong><\/p>\n<table>\n<tbody>\n<tr>\n<td width=\"124\">\n<p style=\"text-align: center;\">(Espesor de la pel\u00edcula h\u00fameda 260\u03bcm, humedad relativa 50%)<\/p>\n<\/td>\n<td style=\"text-align: center;\" width=\"66\">15\u2103<\/td>\n<td style=\"text-align: center;\" width=\"105\">25\u2103<\/td>\n<td style=\"text-align: center;\" width=\"122\">35\u2103<\/td>\n<\/tr>\n<tr>\n<td width=\"124\">\n<p style=\"text-align: center;\">Dedos secos al tacto<\/p>\n<\/td>\n<td style=\"text-align: center;\" width=\"66\">6H<\/td>\n<td style=\"text-align: center;\" width=\"105\">3H<\/td>\n<td style=\"text-align: center;\" width=\"122\">2H<\/td>\n<\/tr>\n<tr>\n<td style=\"text-align: center;\" width=\"124\">Transportable<\/td>\n<td style=\"text-align: center;\" width=\"66\">24H<\/td>\n<td style=\"text-align: center;\" width=\"105\">12H<\/td>\n<td width=\"122\">\n<p style=\"text-align: center;\">6H<\/p>\n<\/td>\n<\/tr>\n<tr>\n<td style=\"text-align: center;\" width=\"124\">totalmente curado<\/td>\n<td style=\"text-align: center;\" width=\"66\">14 d\u00edas<\/td>\n<td style=\"text-align: center;\" width=\"105\">7 d\u00edas<\/td>\n<td width=\"122\">\n<p style=\"text-align: center;\">3 d\u00edas<\/p>\n<\/td>\n<\/tr>\n<\/tbody>\n<\/table>\n<p><strong>Intervalo de repintado: (con este producto como repintado)<\/strong><\/p>\n<table>\n<tbody>\n<tr>\n<td style=\"text-align: center;\" width=\"124\">(Espesor de la pel\u00edcula h\u00fameda 260\u03bcm, humedad relativa 50%)<\/td>\n<td style=\"text-align: center;\" width=\"102\">15\u2103<\/td>\n<td style=\"text-align: center;\" width=\"89\">25\u2103<\/td>\n<td width=\"158\">\n<p style=\"text-align: center;\">35\u2103<\/p>\n<\/td>\n<\/tr>\n<tr>\n<td style=\"text-align: center;\" width=\"124\">m\u00e1s corto<\/td>\n<td style=\"text-align: center;\" width=\"102\">24H<\/td>\n<td style=\"text-align: center;\" width=\"89\">12H<\/td>\n<td width=\"158\">\n<p style=\"text-align: center;\">6H<\/p>\n<\/td>\n<\/tr>\n<\/tbody>\n<\/table>\n<p><strong>Nota:<\/strong> Los datos anteriores son orientativos. Los tiempos reales de secado y repintado pueden variar en funci\u00f3n del espesor de la pel\u00edcula, la ventilaci\u00f3n, la humedad, la pintura subyacente, los requisitos de carga\/descarga temprana y la resistencia mec\u00e1nica, entre otros factores.<\/p>\n<p>Este producto es adecuado para ambientes atmosf\u00e9ricos subacu\u00e1ticos y exteriores. Para aplicaciones subacu\u00e1ticas, se requiere un espesor m\u00ednimo del sistema de pintura de 450 micras para una protecci\u00f3n duradera contra la corrosi\u00f3n. Para la exposici\u00f3n atmosf\u00e9rica general al aire libre, se requiere un espesor m\u00ednimo del sistema de pintura de 350 micras. La aplicaci\u00f3n con pulverizador sin aire proporciona el mayor espesor de pel\u00edcula en una sola capa. Con otros m\u00e9todos de aplicaci\u00f3n, no se puede alcanzar el espesor de pel\u00edcula requerido. Para que la aplicaci\u00f3n con pistola de aire alcance el m\u00e1ximo espesor de pel\u00edcula, son necesarias varias capas cruzadas. Cuando se aplica este producto con brocha o rodillo, se requieren m\u00faltiples capas de recubrimiento para alcanzar el espesor total de pel\u00edcula seca especificado.<\/p>\n<p><strong>Limpieza de herramientas:<\/strong> Limpie todas las herramientas con diluyente BTE despu\u00e9s de cada uso.<\/p>\n<p>&nbsp;<\/p>\n<h2><strong>Especificaciones de embalaje:<\/strong><\/h2>\n<p>25 kg por serie<\/p>\n<p>&nbsp;<\/p>\n<h2><strong>Periodo de almacenamiento:<\/strong><\/h2>\n<p>En un lugar fresco, seco y a la sombra, la vida \u00fatil de almacenamiento sin abrir es de un a\u00f1o (a 25\u00b0C).<\/p>\n<p>&nbsp;<\/p>\n<p>&nbsp;<\/p>","protected":false},"excerpt":{"rendered":"<p>El revestimiento epoxi en escamas de vidrio es un tipo de revestimiento protector formulado principalmente con resinas org\u00e1nicas, utilizando resina epoxi vinil\u00e9ster como principal componente formador de pel\u00edcula. Incorpora pigmentos de escamas de vidrio, conocidos por su excepcional resistencia qu\u00edmica, como elemento anticorrosivo clave.<\/p>\n<p>&nbsp;<\/p>\n<p>La pintura anticorrosiva en escamas de vidrio se aplica ampliamente en escenarios exigentes de protecci\u00f3n contra la corrosi\u00f3n, como el revestimiento interior de tanques de \u00e1cidos qu\u00edmicos, la protecci\u00f3n de embarcaciones marinas, la anticorrosi\u00f3n en ingenier\u00eda de alta mar y los revestimientos de torres de desulfuraci\u00f3n. Estos entornos son altamente corrosivos, por lo que requieren una durabilidad superior. La pintura suele estar disponible en colores limitados, siendo el verde el m\u00e1s com\u00fan. Otra variante, el revestimiento de escamas de vidrio de \u00e9ster vin\u00edlico, ofrece un rendimiento comparable pero con una mayor resistencia a las altas temperaturas, capaz de soportar temperaturas de hasta 200\u00b0C. Esto lo hace especialmente adecuado para revestimientos de conductos de gases de combusti\u00f3n industriales en plantas qu\u00edmicas.<\/p>","protected":false},"featured_media":1501,"template":"","meta":{"om_disable_all_campaigns":false,"_monsterinsights_skip_tracking":false,"_monsterinsights_sitenote_active":false,"_monsterinsights_sitenote_note":"","_monsterinsights_sitenote_category":0,"_uf_show_specific_survey":0,"_uf_disable_surveys":false},"product_brand":[],"product_cat":[79],"product_tag":[89,268,267,81,82],"class_list":{"0":"post-1493","1":"product","2":"type-product","3":"status-publish","4":"has-post-thumbnail","6":"product_cat-industrial-coating","7":"product_tag-epoxy-glass-flake-paint","8":"product_tag-glass-flake-epoxy-coating","9":"product_tag-glass-flake-paint","10":"product_tag-industrial-coating","11":"product_tag-industrial-paint","13":"first","14":"instock","15":"shipping-taxable","16":"product-type-simple"},"yoast_head":"<!-- This site is optimized with the Yoast SEO Premium plugin v26.2 (Yoast SEO v26.5) - https:\/\/yoast.com\/wordpress\/plugins\/seo\/ -->\n<title>BGGF-10 Epoxy Glass Flake Paint - KAIDA PAINT\u00ae<\/title>\n<meta name=\"description\" content=\"Enhance your industrial assets with our \u200b\u200bGlass Flake Epoxy Coating\u200b\u200b, a superior protective solution designed for extreme corrosion resistance and long-term durability. Ideal for marine, chemical, and oil &amp; gas industries, this coating combines epoxy resin with glass flakes to create a barrier against abrasion, chemicals, and UV degradation. Trusted for pipelines, tanks, and offshore structures.\" \/>\n<meta name=\"robots\" content=\"index, follow, max-snippet:-1, max-image-preview:large, max-video-preview:-1\" \/>\n<link rel=\"canonical\" href=\"https:\/\/www.jinyupaint.com\/es\/producto\/bggf-10-epoxy-glass-flake-paint\/\" \/>\n<meta property=\"og:locale\" content=\"es_ES\" \/>\n<meta property=\"og:type\" content=\"article\" \/>\n<meta property=\"og:title\" content=\"BGGF-10 Epoxy Glass Flake Paint\" \/>\n<meta property=\"og:description\" content=\"Enhance your industrial assets with our \u200b\u200bGlass Flake Epoxy Coating\u200b\u200b, a superior protective solution designed for extreme corrosion resistance and long-term durability. Ideal for marine, chemical, and oil &amp; gas industries, this coating combines epoxy resin with glass flakes to create a barrier against abrasion, chemicals, and UV degradation. Trusted for pipelines, tanks, and offshore structures.\" \/>\n<meta property=\"og:url\" content=\"https:\/\/www.jinyupaint.com\/es\/producto\/bggf-10-epoxy-glass-flake-paint\/\" \/>\n<meta property=\"og:site_name\" content=\"KAIDA PAINT\u00ae\" \/>\n<meta property=\"article:modified_time\" content=\"2025-05-15T09:37:02+00:00\" \/>\n<meta property=\"og:image\" content=\"https:\/\/www.jinyupaint.com\/wp-content\/uploads\/2023\/10\/Industrial-Paint-8.jpg\" \/>\n\t<meta property=\"og:image:width\" content=\"750\" \/>\n\t<meta property=\"og:image:height\" content=\"750\" \/>\n\t<meta property=\"og:image:type\" content=\"image\/jpeg\" \/>\n<meta name=\"twitter:card\" content=\"summary_large_image\" \/>\n<meta name=\"twitter:label1\" content=\"Tiempo de lectura\" \/>\n\t<meta name=\"twitter:data1\" content=\"3 minutos\" \/>\n<script type=\"application\/ld+json\" class=\"yoast-schema-graph\">{\"@context\":\"https:\/\/schema.org\",\"@graph\":[{\"@type\":\"WebPage\",\"@id\":\"https:\/\/www.jinyupaint.com\/product\/bggf-10-epoxy-glass-flake-paint\",\"url\":\"https:\/\/www.jinyupaint.com\/product\/bggf-10-epoxy-glass-flake-paint\",\"name\":\"BGGF-10 Epoxy Glass Flake Paint - KAIDA PAINT\u00ae\",\"isPartOf\":{\"@id\":\"https:\/\/www.jinyupaint.com\/#website\"},\"primaryImageOfPage\":{\"@id\":\"https:\/\/www.jinyupaint.com\/product\/bggf-10-epoxy-glass-flake-paint#primaryimage\"},\"image\":{\"@id\":\"https:\/\/www.jinyupaint.com\/product\/bggf-10-epoxy-glass-flake-paint#primaryimage\"},\"thumbnailUrl\":\"https:\/\/www.jinyupaint.com\/wp-content\/uploads\/2023\/10\/Industrial-Paint-8.jpg\",\"datePublished\":\"2023-10-17T03:44:03+00:00\",\"dateModified\":\"2025-05-15T09:37:02+00:00\",\"description\":\"Enhance your industrial assets with our \u200b\u200bGlass Flake Epoxy Coating\u200b\u200b, a superior protective solution designed for extreme corrosion resistance and long-term durability. Ideal for marine, chemical, and oil & gas industries, this coating combines epoxy resin with glass flakes to create a barrier against abrasion, chemicals, and UV degradation. Trusted for pipelines, tanks, and offshore structures.\",\"breadcrumb\":{\"@id\":\"https:\/\/www.jinyupaint.com\/product\/bggf-10-epoxy-glass-flake-paint#breadcrumb\"},\"inLanguage\":\"es\",\"potentialAction\":[{\"@type\":\"ReadAction\",\"target\":[\"https:\/\/www.jinyupaint.com\/product\/bggf-10-epoxy-glass-flake-paint\"]}]},{\"@type\":\"ImageObject\",\"inLanguage\":\"es\",\"@id\":\"https:\/\/www.jinyupaint.com\/product\/bggf-10-epoxy-glass-flake-paint#primaryimage\",\"url\":\"https:\/\/www.jinyupaint.com\/wp-content\/uploads\/2023\/10\/Industrial-Paint-8.jpg\",\"contentUrl\":\"https:\/\/www.jinyupaint.com\/wp-content\/uploads\/2023\/10\/Industrial-Paint-8.jpg\",\"width\":750,\"height\":750,\"caption\":\"Industrial-Paint\"},{\"@type\":\"BreadcrumbList\",\"@id\":\"https:\/\/www.jinyupaint.com\/product\/bggf-10-epoxy-glass-flake-paint#breadcrumb\",\"itemListElement\":[{\"@type\":\"ListItem\",\"position\":1,\"name\":\"Home\",\"item\":\"https:\/\/www.jinyupaint.com\/\"},{\"@type\":\"ListItem\",\"position\":2,\"name\":\"Shop\",\"item\":\"https:\/\/www.jinyupaint.com\/shop.html\"},{\"@type\":\"ListItem\",\"position\":3,\"name\":\"BGGF-10 Epoxy Glass Flake Paint\"}]},{\"@type\":\"WebSite\",\"@id\":\"https:\/\/www.jinyupaint.com\/#website\",\"url\":\"https:\/\/www.jinyupaint.com\/\",\"name\":\"JINYU\u00ae PAINT\",\"description\":\"JINYU PAINT\u00ae Manufacturer\",\"potentialAction\":[{\"@type\":\"SearchAction\",\"target\":{\"@type\":\"EntryPoint\",\"urlTemplate\":\"https:\/\/www.jinyupaint.com\/?s={search_term_string}\"},\"query-input\":{\"@type\":\"PropertyValueSpecification\",\"valueRequired\":true,\"valueName\":\"search_term_string\"}}],\"inLanguage\":\"es\"}]}<\/script>\n<!-- \/ Yoast SEO Premium plugin. -->","yoast_head_json":{"title":"BGGF-10 Epoxy Glass Flake Paint - KAIDA PAINT\u00ae","description":"Mejore sus activos industriales con nuestro revestimiento epoxi con escamas de vidrio, una soluci\u00f3n protectora superior dise\u00f1ada para ofrecer una resistencia extrema a la corrosi\u00f3n y durabilidad a largo plazo. Ideal para los sectores marino, qu\u00edmico y del petr\u00f3leo y el gas, este revestimiento combina resina epoxi con escamas de vidrio para crear una barrera contra la abrasi\u00f3n, los productos qu\u00edmicos y la degradaci\u00f3n por rayos UV. De confianza para tuber\u00edas, tanques y estructuras marinas.","robots":{"index":"index","follow":"follow","max-snippet":"max-snippet:-1","max-image-preview":"max-image-preview:large","max-video-preview":"max-video-preview:-1"},"canonical":"https:\/\/www.jinyupaint.com\/es\/producto\/bggf-10-epoxy-glass-flake-paint\/","og_locale":"es_ES","og_type":"article","og_title":"BGGF-10 Epoxy Glass Flake Paint","og_description":"Enhance your industrial assets with our \u200b\u200bGlass Flake Epoxy Coating\u200b\u200b, a superior protective solution designed for extreme corrosion resistance and long-term durability. Ideal for marine, chemical, and oil & gas industries, this coating combines epoxy resin with glass flakes to create a barrier against abrasion, chemicals, and UV degradation. Trusted for pipelines, tanks, and offshore structures.","og_url":"https:\/\/www.jinyupaint.com\/es\/producto\/bggf-10-epoxy-glass-flake-paint\/","og_site_name":"KAIDA PAINT\u00ae","article_modified_time":"2025-05-15T09:37:02+00:00","og_image":[{"width":750,"height":750,"url":"https:\/\/www.jinyupaint.com\/wp-content\/uploads\/2023\/10\/Industrial-Paint-8.jpg","type":"image\/jpeg"}],"twitter_card":"summary_large_image","twitter_misc":{"Tiempo de lectura":"3 minutos"},"schema":{"@context":"https:\/\/schema.org","@graph":[{"@type":"WebPage","@id":"https:\/\/www.jinyupaint.com\/product\/bggf-10-epoxy-glass-flake-paint","url":"https:\/\/www.jinyupaint.com\/product\/bggf-10-epoxy-glass-flake-paint","name":"BGGF-10 Epoxy Glass Flake Paint - KAIDA PAINT\u00ae","isPartOf":{"@id":"https:\/\/www.jinyupaint.com\/#website"},"primaryImageOfPage":{"@id":"https:\/\/www.jinyupaint.com\/product\/bggf-10-epoxy-glass-flake-paint#primaryimage"},"image":{"@id":"https:\/\/www.jinyupaint.com\/product\/bggf-10-epoxy-glass-flake-paint#primaryimage"},"thumbnailUrl":"https:\/\/www.jinyupaint.com\/wp-content\/uploads\/2023\/10\/Industrial-Paint-8.jpg","datePublished":"2023-10-17T03:44:03+00:00","dateModified":"2025-05-15T09:37:02+00:00","description":"Mejore sus activos industriales con nuestro revestimiento epoxi con escamas de vidrio, una soluci\u00f3n protectora superior dise\u00f1ada para ofrecer una resistencia extrema a la corrosi\u00f3n y durabilidad a largo plazo. Ideal para los sectores marino, qu\u00edmico y del petr\u00f3leo y el gas, este revestimiento combina resina epoxi con escamas de vidrio para crear una barrera contra la abrasi\u00f3n, los productos qu\u00edmicos y la degradaci\u00f3n por rayos UV. De confianza para tuber\u00edas, tanques y estructuras marinas.","breadcrumb":{"@id":"https:\/\/www.jinyupaint.com\/product\/bggf-10-epoxy-glass-flake-paint#breadcrumb"},"inLanguage":"es","potentialAction":[{"@type":"ReadAction","target":["https:\/\/www.jinyupaint.com\/product\/bggf-10-epoxy-glass-flake-paint"]}]},{"@type":"ImageObject","inLanguage":"es","@id":"https:\/\/www.jinyupaint.com\/product\/bggf-10-epoxy-glass-flake-paint#primaryimage","url":"https:\/\/www.jinyupaint.com\/wp-content\/uploads\/2023\/10\/Industrial-Paint-8.jpg","contentUrl":"https:\/\/www.jinyupaint.com\/wp-content\/uploads\/2023\/10\/Industrial-Paint-8.jpg","width":750,"height":750,"caption":"Industrial-Paint"},{"@type":"BreadcrumbList","@id":"https:\/\/www.jinyupaint.com\/product\/bggf-10-epoxy-glass-flake-paint#breadcrumb","itemListElement":[{"@type":"ListItem","position":1,"name":"Home","item":"https:\/\/www.jinyupaint.com\/"},{"@type":"ListItem","position":2,"name":"Shop","item":"https:\/\/www.jinyupaint.com\/shop.html"},{"@type":"ListItem","position":3,"name":"BGGF-10 Epoxy Glass Flake Paint"}]},{"@type":"WebSite","@id":"https:\/\/www.jinyupaint.com\/#website","url":"https:\/\/www.jinyupaint.com\/","name":"JINYU\u00ae PINTURA","description":"JINYU PAINT\u00ae Fabricante","potentialAction":[{"@type":"SearchAction","target":{"@type":"EntryPoint","urlTemplate":"https:\/\/www.jinyupaint.com\/?s={search_term_string}"},"query-input":{"@type":"PropertyValueSpecification","valueRequired":true,"valueName":"search_term_string"}}],"inLanguage":"es"}]}},"_links":{"self":[{"href":"https:\/\/www.jinyupaint.com\/es\/wp-json\/wp\/v2\/product\/1493","targetHints":{"allow":["GET"]}}],"collection":[{"href":"https:\/\/www.jinyupaint.com\/es\/wp-json\/wp\/v2\/product"}],"about":[{"href":"https:\/\/www.jinyupaint.com\/es\/wp-json\/wp\/v2\/types\/product"}],"wp:featuredmedia":[{"embeddable":true,"href":"https:\/\/www.jinyupaint.com\/es\/wp-json\/wp\/v2\/media\/1501"}],"wp:attachment":[{"href":"https:\/\/www.jinyupaint.com\/es\/wp-json\/wp\/v2\/media?parent=1493"}],"wp:term":[{"taxonomy":"product_brand","embeddable":true,"href":"https:\/\/www.jinyupaint.com\/es\/wp-json\/wp\/v2\/product_brand?post=1493"},{"taxonomy":"product_cat","embeddable":true,"href":"https:\/\/www.jinyupaint.com\/es\/wp-json\/wp\/v2\/product_cat?post=1493"},{"taxonomy":"product_tag","embeddable":true,"href":"https:\/\/www.jinyupaint.com\/es\/wp-json\/wp\/v2\/product_tag?post=1493"}],"curies":[{"name":"wp","href":"https:\/\/api.w.org\/{rel}","templated":true}]}}