{"id":1481,"date":"2023-10-17T02:43:24","date_gmt":"2023-10-17T02:43:24","guid":{"rendered":"http:\/\/www.jinyupaint.com\/?post_type=product&#038;p=1481"},"modified":"2025-07-11T09:00:37","modified_gmt":"2025-07-11T09:00:37","slug":"bgfc-90-fluorocarbon-topcoat","status":"publish","type":"product","link":"https:\/\/www.jinyupaint.com\/es\/producto\/bgfc-90-fluorocarbon-topcoat","title":{"rendered":"Acabado de revestimiento de fluorocarbono BGFC-90"},"content":{"rendered":"<h2>Descripci\u00f3n del producto<\/h2>\n<p>Este producto es un revestimiento de fluorocarbono bicomponente de alto rendimiento con una excelente retenci\u00f3n del color y del brillo, totalmente conforme con la norma HG\/T 3792-2014.<\/p>\n<p>&nbsp;<\/p>\n<h2>Caracter\u00edsticas principales<\/h2>\n<p>Esta pintura de resina de fluorocarbono ofrece una resistencia superior a la intemperie, una excelente protecci\u00f3n contra los rayos UV y una estabilidad del color a largo plazo, por lo que resulta ideal para aplicaciones decorativas de alta gama en climas rigurosos.<\/p>\n<p>&nbsp;<\/p>\n<h2>\u200b<strong>Norma t\u00e9cnica<\/strong><\/h2>\n<p>Conforme a la norma HG\/T 3792-2014 sobre revestimientos de fluorocarbono reticulado (norma nacional china sobre revestimientos de fluoropol\u00edmero de alto rendimiento)<\/p>\n<p>&nbsp;<\/p>\n<h2><strong>Especificaciones t\u00e9cnicas<\/strong><\/h2>\n<table>\n<thead>\n<tr>\n<th>No.<\/th>\n<th>Elemento de prueba<\/th>\n<th>Requisito est\u00e1ndar<\/th>\n<th>Valor medido<\/th>\n<\/tr>\n<\/thead>\n<tbody>\n<tr>\n<td>1<\/td>\n<td>Estado en contenedor<\/td>\n<td>Uniforme, sin grumos tras la mezcla<\/td>\n<td>Uniforme, sin grumos tras la mezcla<\/td>\n<\/tr>\n<tr>\n<td>2<\/td>\n<td>Volumen s\u00f3lidos %<\/td>\n<td>50<\/td>\n<td>-<\/td>\n<\/tr>\n<tr>\n<td>3<\/td>\n<td>Pel\u00edcula seca est\u00e1ndar (\u03bcm)<\/td>\n<td>70<\/td>\n<td>-<\/td>\n<\/tr>\n<tr>\n<td>4<\/td>\n<td>Tasa de cobertura<\/td>\n<td>-<\/td>\n<td>5,6 m\u00b2\/kg (con 70\u03bcm de pel\u00edcula seca)<\/td>\n<\/tr>\n<tr>\n<td>5<\/td>\n<td>Tiempo de secado de la superficie (25\u00b0C)<\/td>\n<td>\u22642 horas<\/td>\n<td>0,5 horas<\/td>\n<\/tr>\n<tr>\n<td>6<\/td>\n<td>Tiempo de secado duro (25\u00b0C)<\/td>\n<td>\u226424 horas<\/td>\n<td>10 horas<\/td>\n<\/tr>\n<tr>\n<td>7<\/td>\n<td>Prueba de flexi\u00f3n (mm)<\/td>\n<td>\u22642<\/td>\n<td>1<\/td>\n<\/tr>\n<tr>\n<td>8<\/td>\n<td>Resistencia al impacto (cm)<\/td>\n<td>\u226550<\/td>\n<td>50<\/td>\n<\/tr>\n<tr>\n<td>9<\/td>\n<td>Adherencia (MPa)<\/td>\n<td>\u22654<\/td>\n<td>5<\/td>\n<\/tr>\n<tr>\n<td>10<\/td>\n<td>Meteorizaci\u00f3n artificial<\/td>\n<td>3000h: sin ampollas, \u00f3xido, grietas ni descamaci\u00f3n; \u0394E\u22643.0, retenci\u00f3n del brillo\u226580%<\/td>\n<td>Cumple todos los requisitos<\/td>\n<\/tr>\n<tr>\n<td>11<\/td>\n<td>Punto de inflamaci\u00f3n (\u00b0C)<\/td>\n<td>-<\/td>\n<td>28<\/td>\n<\/tr>\n<\/tbody>\n<\/table>\n<h2><strong>\u00c1mbito de aplicaci\u00f3n<\/strong><\/h2>\n<p>Esta capa superior de fluorocarbono de alto rendimiento se ha formulado espec\u00edficamente como capa de acabado en sistemas de revestimiento epoxi, proporcionando una protecci\u00f3n excepcional contra la corrosi\u00f3n y un rendimiento decorativo para entornos exigentes, como estructuras en alta mar, plantas qu\u00edmicas\/petroqu\u00edmicas, puentes y otras estructuras de acero que requieren tanto una resistencia superior a la intemperie como una retenci\u00f3n del color a largo plazo, por lo que es ideal para aplicaciones industriales en las que tanto la durabilidad como el atractivo est\u00e9tico son fundamentales.<\/p>\n<p>&nbsp;<\/p>\n<h2><strong>Directrices de aplicaci\u00f3n de revestimientos de fluorocarbono.<\/strong>\u200b<\/h2>\n<p>Este recubrimiento de fluorocarbono debe aplicarse a temperaturas ambiente superiores a 10\u00b0C, manteniendo la temperatura de la pintura por encima de 15\u00b0C y la humedad relativa por debajo de 80%. Aseg\u00farese de que las superficies est\u00e9n secas, limpias y 3\u00b0C por encima del punto de roc\u00edo para evitar la condensaci\u00f3n. Se requiere ventilaci\u00f3n adecuada en espacios confinados durante la aplicaci\u00f3n y el curado. Evitar la aplicaci\u00f3n durante la lluvia, nieve o niebla.<\/p>\n<p>&nbsp;<\/p>\n<p>Mezclar los componentes con precisi\u00f3n siguiendo las instrucciones de la etiqueta y utilizar dentro del tiempo de vida \u00fatil, que se acorta a temperaturas m\u00e1s altas. Antes de repintar, eliminar el aceite, la humedad, las salpicaduras de soldadura y el polvo. El tiempo de secado var\u00eda con la temperatura, la humedad y el espesor de la pel\u00edcula. Si se excede el intervalo m\u00e1ximo de repintado, desbastar la superficie para asegurar la adherencia entre capas.<\/p>\n<p>&nbsp;<\/p>\n<p>Almacenar en un lugar fresco, seco y ventilado, alejado de fuentes de calor y de la luz solar directa. Los trabajadores deben llevar los EPI adecuados y deben aplicarse medidas de prevenci\u00f3n de incendios. Las llamas abiertas y fumar est\u00e1n estrictamente prohibidos.<\/p>\n<p>&nbsp;<\/p>\n<div class=\"agent-chat__toolbar__left\">\n<h2>Proceso de revestimiento con fluorocarbono<\/h2>\n<p>La pulverizaci\u00f3n multicapa es la t\u00e9cnica de revestimiento con fluorocarbono m\u00e1s utilizada. El proceso de pretratamiento incluye: desengrasado, limpieza alcalina, aclarado con agua, cromado, nuevo aclarado con agua y aclarado final con agua pura. El procedimiento de pulverizaci\u00f3n consiste en: aplicaci\u00f3n de la imprimaci\u00f3n, nivelaci\u00f3n de la capa de imprimaci\u00f3n, aplicaci\u00f3n de la capa de acabado, nivelaci\u00f3n de la capa de acabado y curado final. El pretratamiento tiene por objeto eliminar las manchas de aceite y tratar qu\u00edmicamente la superficie de aleaci\u00f3n de aluminio antes de la pulverizaci\u00f3n, prolongando as\u00ed la vida \u00fatil de la pel\u00edcula de revestimiento.<\/p>\n<p>&nbsp;<\/p>\n<p>La imprimaci\u00f3n de fluorocarbono sellada mejora la penetraci\u00f3n del revestimiento, mejora la protecci\u00f3n del sustrato, estabiliza la capa superficial met\u00e1lica y refuerza la adherencia del revestimiento de fluorocarbono.<\/p>\n<p>&nbsp;<\/p>\n<p>La capa superior de fluorocarbono es la capa m\u00e1s importante del sistema de revestimiento de fluorocarbono. Protege la superficie met\u00e1lica de la exposici\u00f3n atmosf\u00e9rica, la lluvia \u00e1cida y los contaminantes, al tiempo que bloquea la penetraci\u00f3n de los rayos UV y mejora el rendimiento antienvejecimiento.<\/p>\n<p>&nbsp;<\/p>\n<p>El principal objetivo del revestimiento de fluorocarbono es mejorar la resistencia a la corrosi\u00f3n, protegiendo as\u00ed la capa superior y mejorando su brillo met\u00e1lico.<\/p>\n<p>&nbsp;<\/p>\n<p>Los distintos fabricantes emplean diferentes m\u00e9todos de curado. Sin embargo, cada fabricante optimiza la temperatura y la duraci\u00f3n en funci\u00f3n de la formulaci\u00f3n espec\u00edfica de su revestimiento.<\/p>\n<p>&nbsp;<\/p>\n<\/div>\n<h2>Embalaje<\/h2>\n<p><strong>Tama\u00f1o:<\/strong> 25 kg por serie<\/p>\n<p>&nbsp;<\/p>\n<h2>Caducidad:<\/h2>\n<p>Almacenado en un lugar fresco, seco y a la sombra, el producto sin abrir tiene una caducidad de un a\u00f1o (a 25\u00b0C).<\/p>\n<p>&nbsp;<\/p>\n<figure id=\"attachment_4527\" aria-describedby=\"caption-attachment-4527\" style=\"width: 600px\" class=\"wp-caption alignnone\"><a href=\"https:\/\/www.jinyupaint.com\/wp-content\/uploads\/2023\/10\/Fluorocarbon-Coating-Appliction.jpg\"><img fetchpriority=\"high\" decoding=\"async\" class=\"size-full wp-image-4527\" src=\"https:\/\/www.jinyupaint.com\/wp-content\/uploads\/2023\/10\/Fluorocarbon-Coating-Appliction.jpg\" alt=\"Aplicaci\u00f3n de revestimiento de fluorocarbono\" width=\"600\" height=\"450\" srcset=\"https:\/\/www.jinyupaint.com\/wp-content\/uploads\/2023\/10\/Fluorocarbon-Coating-Appliction.jpg 600w, https:\/\/www.jinyupaint.com\/wp-content\/uploads\/2023\/10\/Fluorocarbon-Coating-Appliction-300x225.jpg 300w\" sizes=\"(max-width: 600px) 100vw, 600px\" \/><\/a><figcaption id=\"caption-attachment-4527\" class=\"wp-caption-text\">Aplicaci\u00f3n de revestimiento de fluorocarbono<\/figcaption><\/figure>\n<p>&nbsp;<\/p>\n<h2 style=\"text-align: center;\">Recubrimiento de fluorocarbono en aplicaciones de estructuras de acero: Sistemas de emparejamiento<\/h2>\n<div style=\"content: ''; width: 248px; height: 1px; background: #c8c8c8; display: block; margin: auto;\"><\/div>\n<div style=\"position: relative;\">\n<div style=\"content: ''; width: 37px; height: 3px; background: #d51405; display: block; position: absolute; left: 50%; margin-left: -18px; bottom: 0;\"><\/div>\n<\/div>\n<p>&nbsp;<\/p>\n<p>En aplicaciones pr\u00e1cticas sobre estructuras de acero, los revestimientos de fluorocarbono se suelen utilizar en combinaci\u00f3n con imprimaciones, capas intermedias y capas de acabado para conseguir una protecci\u00f3n anticorrosi\u00f3n \u00f3ptima.<\/p>\n<p>&nbsp;<\/p>\n<h3>I. Selecci\u00f3n de revestimientos adecuados para revestimientos de fluorocarbono<\/h3>\n<p><strong>01 Selecci\u00f3n de imprimaci\u00f3n<\/strong><br \/>\nLas imprimaciones combinadas con revestimientos de fluorocarbono deben presentar una fuerte adherencia, una excelente resistencia a la oxidaci\u00f3n y una buena trabajabilidad. Las opciones m\u00e1s comunes incluyen imprimaciones epoxi, imprimaciones epoxi ricas en zinc o imprimaciones inorg\u00e1nicas ricas en zinc. \u00c9stas se utilizan ampliamente en revestimientos anticorrosi\u00f3n para estructuras de acero en puentes y edificios.<\/p>\n<p>&nbsp;<\/p>\n<p><strong>02 Selecci\u00f3n de capas intermedias<\/strong><br \/>\nLas capas intermedias de los revestimientos de fluorocarbono suelen incluir revestimientos intermedios epox\u00eddicos de hierro mica o revestimientos intermedios epox\u00eddicos de alto espesor. Estos refuerzan el rendimiento anticorrosi\u00f3n general, mejoran las propiedades de barrera y garantizan una uni\u00f3n eficaz entre la imprimaci\u00f3n y la capa final, al tiempo que bloquean los agentes corrosivos.<\/p>\n<p>&nbsp;<\/p>\n<h3>II. Sistemas comunes de emparejamiento para revestimientos de fluorocarbono<\/h3>\n<p><strong>Sistema 1:<\/strong> Imprimaci\u00f3n epoxi rica en zinc + capa intermedia epoxi hierro mica + capa final fluorocarbono<br \/>\n<strong>Sistema 2:<\/strong> Imprimaci\u00f3n inorg\u00e1nica rica en zinc + sellador epoxi + capa intermedia epoxi mica hierro + capa final fluorocarbono<br \/>\n<strong>Sistema 3:<\/strong> Imprimaci\u00f3n epoxi + capa intermedia epoxi de alto espesor + capa final de fluorocarbono<\/p>\n<p>&nbsp;<\/p>\n<p>En los proyectos reales de revestimiento de estructuras de acero, la selecci\u00f3n de un sistema adecuado debe tener en cuenta factores como los requisitos de construcci\u00f3n, las condiciones ambientales, las especificaciones del proyecto, los riesgos de corrosi\u00f3n y la rentabilidad.<\/p>","protected":false},"excerpt":{"rendered":"<p>Los revestimientos de fluorocarbono son pinturas de alto rendimiento cuyo principal componente formador de pel\u00edcula son las resinas de fluoropol\u00edmero. Sus fuertes enlaces F-C proporcionan una excepcional resistencia a los rayos UV y al calor, lo que las hace m\u00e1s duraderas que otros revestimientos a base de resinas.<\/p>\n<p>&nbsp;<\/p>\n<p>Disponibles en formulaciones termopl\u00e1sticas y termoestables, estos revestimientos ofrecen resistencia qu\u00edmica, repelencia al agua y estabilidad t\u00e9rmica. Las opciones ecol\u00f3gicas incluyen revestimientos al agua, con alto contenido en s\u00f3lidos y en polvo.<\/p>\n<p>&nbsp;<\/p>\n<p>Gracias a su excelente resistencia a la intemperie y a la corrosi\u00f3n y a su baja energ\u00eda superficial, mantienen su rendimiento en condiciones adversas. Sus aplicaciones abarcan la construcci\u00f3n (fachadas, tejados), la industria aeroespacial (revestimientos de aviones), la marina (protecci\u00f3n de cascos) y el sector del petr\u00f3leo y el gas (tuber\u00edas, dep\u00f3sitos).<\/p>","protected":false},"featured_media":1509,"template":"","meta":{"om_disable_all_campaigns":false,"_monsterinsights_skip_tracking":false,"_monsterinsights_sitenote_active":false,"_monsterinsights_sitenote_note":"","_monsterinsights_sitenote_category":0,"_uf_show_specific_survey":0,"_uf_disable_surveys":false},"product_brand":[],"product_cat":[504,79],"product_tag":[255,257,256,81,82],"class_list":{"0":"post-1481","1":"product","2":"type-product","3":"status-publish","4":"has-post-thumbnail","6":"product_cat-fluorocarbon-paint","7":"product_cat-industrial-coating","8":"product_tag-fluorocarbon-coating","9":"product_tag-fluorocarbon-finish","10":"product_tag-fluorocarbon-paint","11":"product_tag-industrial-coating","12":"product_tag-industrial-paint","14":"first","15":"instock","16":"shipping-taxable","17":"product-type-simple"},"yoast_head":"<!-- This site is optimized with the Yoast SEO Premium plugin v26.2 (Yoast SEO v26.5) - https:\/\/yoast.com\/wordpress\/plugins\/seo\/ -->\n<title>BGFC-90 Fluorocarbon Coating Finish - KAIDA PAINT\u00ae<\/title>\n<meta name=\"description\" content=\"Professional-grade fluorocarbon coatings for industrial and architectural applications. Our HG\/T 3792-2014 compliant products offer exceptional UV resistance, corrosion protection, and 15+ years durability. Ideal for bridges, offshore structures, and chemical plants.\" \/>\n<meta name=\"robots\" content=\"index, follow, max-snippet:-1, max-image-preview:large, max-video-preview:-1\" \/>\n<link rel=\"canonical\" href=\"https:\/\/www.jinyupaint.com\/es\/producto\/bgfc-90-fluorocarbon-topcoat\/\" \/>\n<meta property=\"og:locale\" content=\"es_ES\" \/>\n<meta property=\"og:type\" content=\"article\" \/>\n<meta property=\"og:title\" content=\"BGFC-90 Fluorocarbon Coating Finish\" \/>\n<meta property=\"og:description\" content=\"Professional-grade fluorocarbon coatings for industrial and architectural applications. Our HG\/T 3792-2014 compliant products offer exceptional UV resistance, corrosion protection, and 15+ years durability. Ideal for bridges, offshore structures, and chemical plants.\" \/>\n<meta property=\"og:url\" content=\"https:\/\/www.jinyupaint.com\/es\/producto\/bgfc-90-fluorocarbon-topcoat\/\" \/>\n<meta property=\"og:site_name\" content=\"KAIDA PAINT\u00ae\" \/>\n<meta property=\"article:modified_time\" content=\"2025-07-11T09:00:37+00:00\" \/>\n<meta property=\"og:image\" content=\"https:\/\/www.jinyupaint.com\/wp-content\/uploads\/2023\/10\/Industrial-Paint-16.jpg\" \/>\n\t<meta property=\"og:image:width\" content=\"750\" \/>\n\t<meta property=\"og:image:height\" content=\"750\" \/>\n\t<meta property=\"og:image:type\" content=\"image\/jpeg\" \/>\n<meta name=\"twitter:card\" content=\"summary_large_image\" \/>\n<meta name=\"twitter:label1\" content=\"Tiempo de lectura\" \/>\n\t<meta name=\"twitter:data1\" content=\"4 minutos\" \/>\n<script type=\"application\/ld+json\" class=\"yoast-schema-graph\">{\"@context\":\"https:\/\/schema.org\",\"@graph\":[{\"@type\":\"WebPage\",\"@id\":\"https:\/\/www.jinyupaint.com\/product\/bgfc-90-fluorocarbon-topcoat\",\"url\":\"https:\/\/www.jinyupaint.com\/product\/bgfc-90-fluorocarbon-topcoat\",\"name\":\"BGFC-90 Fluorocarbon Coating Finish - KAIDA PAINT\u00ae\",\"isPartOf\":{\"@id\":\"https:\/\/www.jinyupaint.com\/#website\"},\"primaryImageOfPage\":{\"@id\":\"https:\/\/www.jinyupaint.com\/product\/bgfc-90-fluorocarbon-topcoat#primaryimage\"},\"image\":{\"@id\":\"https:\/\/www.jinyupaint.com\/product\/bgfc-90-fluorocarbon-topcoat#primaryimage\"},\"thumbnailUrl\":\"https:\/\/www.jinyupaint.com\/wp-content\/uploads\/2023\/10\/Industrial-Paint-16.jpg\",\"datePublished\":\"2023-10-17T02:43:24+00:00\",\"dateModified\":\"2025-07-11T09:00:37+00:00\",\"description\":\"Professional-grade fluorocarbon coatings for industrial and architectural applications. Our HG\/T 3792-2014 compliant products offer exceptional UV resistance, corrosion protection, and 15+ years durability. Ideal for bridges, offshore structures, and chemical plants.\",\"breadcrumb\":{\"@id\":\"https:\/\/www.jinyupaint.com\/product\/bgfc-90-fluorocarbon-topcoat#breadcrumb\"},\"inLanguage\":\"es\",\"potentialAction\":[{\"@type\":\"ReadAction\",\"target\":[\"https:\/\/www.jinyupaint.com\/product\/bgfc-90-fluorocarbon-topcoat\"]}]},{\"@type\":\"ImageObject\",\"inLanguage\":\"es\",\"@id\":\"https:\/\/www.jinyupaint.com\/product\/bgfc-90-fluorocarbon-topcoat#primaryimage\",\"url\":\"https:\/\/www.jinyupaint.com\/wp-content\/uploads\/2023\/10\/Industrial-Paint-16.jpg\",\"contentUrl\":\"https:\/\/www.jinyupaint.com\/wp-content\/uploads\/2023\/10\/Industrial-Paint-16.jpg\",\"width\":750,\"height\":750,\"caption\":\"Industrial-Paint\"},{\"@type\":\"BreadcrumbList\",\"@id\":\"https:\/\/www.jinyupaint.com\/product\/bgfc-90-fluorocarbon-topcoat#breadcrumb\",\"itemListElement\":[{\"@type\":\"ListItem\",\"position\":1,\"name\":\"Home\",\"item\":\"https:\/\/www.jinyupaint.com\/\"},{\"@type\":\"ListItem\",\"position\":2,\"name\":\"Shop\",\"item\":\"https:\/\/www.jinyupaint.com\/shop.html\"},{\"@type\":\"ListItem\",\"position\":3,\"name\":\"BGFC-90 Fluorocarbon Coating Finish\"}]},{\"@type\":\"WebSite\",\"@id\":\"https:\/\/www.jinyupaint.com\/#website\",\"url\":\"https:\/\/www.jinyupaint.com\/\",\"name\":\"JINYU\u00ae PAINT\",\"description\":\"JINYU PAINT\u00ae Manufacturer\",\"potentialAction\":[{\"@type\":\"SearchAction\",\"target\":{\"@type\":\"EntryPoint\",\"urlTemplate\":\"https:\/\/www.jinyupaint.com\/?s={search_term_string}\"},\"query-input\":{\"@type\":\"PropertyValueSpecification\",\"valueRequired\":true,\"valueName\":\"search_term_string\"}}],\"inLanguage\":\"es\"}]}<\/script>\n<!-- \/ Yoast SEO Premium plugin. -->","yoast_head_json":{"title":"Acabado de recubrimiento de fluorocarbono BGFC-90 - KAIDA PAINT","description":"Revestimientos de fluorocarbono de calidad profesional para aplicaciones industriales y arquitect\u00f3nicas. Nuestros productos, que cumplen la norma HG\/T 3792-2014, ofrecen una excepcional resistencia a los rayos UV, protecci\u00f3n contra la corrosi\u00f3n y una durabilidad de m\u00e1s de 15 a\u00f1os. Ideales para puentes, estructuras mar\u00edtimas y plantas qu\u00edmicas.","robots":{"index":"index","follow":"follow","max-snippet":"max-snippet:-1","max-image-preview":"max-image-preview:large","max-video-preview":"max-video-preview:-1"},"canonical":"https:\/\/www.jinyupaint.com\/es\/producto\/bgfc-90-fluorocarbon-topcoat\/","og_locale":"es_ES","og_type":"article","og_title":"BGFC-90 Fluorocarbon Coating Finish","og_description":"Professional-grade fluorocarbon coatings for industrial and architectural applications. Our HG\/T 3792-2014 compliant products offer exceptional UV resistance, corrosion protection, and 15+ years durability. Ideal for bridges, offshore structures, and chemical plants.","og_url":"https:\/\/www.jinyupaint.com\/es\/producto\/bgfc-90-fluorocarbon-topcoat\/","og_site_name":"KAIDA PAINT\u00ae","article_modified_time":"2025-07-11T09:00:37+00:00","og_image":[{"width":750,"height":750,"url":"https:\/\/www.jinyupaint.com\/wp-content\/uploads\/2023\/10\/Industrial-Paint-16.jpg","type":"image\/jpeg"}],"twitter_card":"summary_large_image","twitter_misc":{"Tiempo de lectura":"4 minutos"},"schema":{"@context":"https:\/\/schema.org","@graph":[{"@type":"WebPage","@id":"https:\/\/www.jinyupaint.com\/product\/bgfc-90-fluorocarbon-topcoat","url":"https:\/\/www.jinyupaint.com\/product\/bgfc-90-fluorocarbon-topcoat","name":"Acabado de recubrimiento de fluorocarbono BGFC-90 - KAIDA PAINT","isPartOf":{"@id":"https:\/\/www.jinyupaint.com\/#website"},"primaryImageOfPage":{"@id":"https:\/\/www.jinyupaint.com\/product\/bgfc-90-fluorocarbon-topcoat#primaryimage"},"image":{"@id":"https:\/\/www.jinyupaint.com\/product\/bgfc-90-fluorocarbon-topcoat#primaryimage"},"thumbnailUrl":"https:\/\/www.jinyupaint.com\/wp-content\/uploads\/2023\/10\/Industrial-Paint-16.jpg","datePublished":"2023-10-17T02:43:24+00:00","dateModified":"2025-07-11T09:00:37+00:00","description":"Revestimientos de fluorocarbono de calidad profesional para aplicaciones industriales y arquitect\u00f3nicas. Nuestros productos, que cumplen la norma HG\/T 3792-2014, ofrecen una excepcional resistencia a los rayos UV, protecci\u00f3n contra la corrosi\u00f3n y una durabilidad de m\u00e1s de 15 a\u00f1os. Ideales para puentes, estructuras mar\u00edtimas y plantas qu\u00edmicas.","breadcrumb":{"@id":"https:\/\/www.jinyupaint.com\/product\/bgfc-90-fluorocarbon-topcoat#breadcrumb"},"inLanguage":"es","potentialAction":[{"@type":"ReadAction","target":["https:\/\/www.jinyupaint.com\/product\/bgfc-90-fluorocarbon-topcoat"]}]},{"@type":"ImageObject","inLanguage":"es","@id":"https:\/\/www.jinyupaint.com\/product\/bgfc-90-fluorocarbon-topcoat#primaryimage","url":"https:\/\/www.jinyupaint.com\/wp-content\/uploads\/2023\/10\/Industrial-Paint-16.jpg","contentUrl":"https:\/\/www.jinyupaint.com\/wp-content\/uploads\/2023\/10\/Industrial-Paint-16.jpg","width":750,"height":750,"caption":"Industrial-Paint"},{"@type":"BreadcrumbList","@id":"https:\/\/www.jinyupaint.com\/product\/bgfc-90-fluorocarbon-topcoat#breadcrumb","itemListElement":[{"@type":"ListItem","position":1,"name":"Home","item":"https:\/\/www.jinyupaint.com\/"},{"@type":"ListItem","position":2,"name":"Shop","item":"https:\/\/www.jinyupaint.com\/shop.html"},{"@type":"ListItem","position":3,"name":"BGFC-90 Fluorocarbon Coating Finish"}]},{"@type":"WebSite","@id":"https:\/\/www.jinyupaint.com\/#website","url":"https:\/\/www.jinyupaint.com\/","name":"JINYU\u00ae PINTURA","description":"JINYU PAINT\u00ae Fabricante","potentialAction":[{"@type":"SearchAction","target":{"@type":"EntryPoint","urlTemplate":"https:\/\/www.jinyupaint.com\/?s={search_term_string}"},"query-input":{"@type":"PropertyValueSpecification","valueRequired":true,"valueName":"search_term_string"}}],"inLanguage":"es"}]}},"_links":{"self":[{"href":"https:\/\/www.jinyupaint.com\/es\/wp-json\/wp\/v2\/product\/1481","targetHints":{"allow":["GET"]}}],"collection":[{"href":"https:\/\/www.jinyupaint.com\/es\/wp-json\/wp\/v2\/product"}],"about":[{"href":"https:\/\/www.jinyupaint.com\/es\/wp-json\/wp\/v2\/types\/product"}],"wp:featuredmedia":[{"embeddable":true,"href":"https:\/\/www.jinyupaint.com\/es\/wp-json\/wp\/v2\/media\/1509"}],"wp:attachment":[{"href":"https:\/\/www.jinyupaint.com\/es\/wp-json\/wp\/v2\/media?parent=1481"}],"wp:term":[{"taxonomy":"product_brand","embeddable":true,"href":"https:\/\/www.jinyupaint.com\/es\/wp-json\/wp\/v2\/product_brand?post=1481"},{"taxonomy":"product_cat","embeddable":true,"href":"https:\/\/www.jinyupaint.com\/es\/wp-json\/wp\/v2\/product_cat?post=1481"},{"taxonomy":"product_tag","embeddable":true,"href":"https:\/\/www.jinyupaint.com\/es\/wp-json\/wp\/v2\/product_tag?post=1481"}],"curies":[{"name":"wp","href":"https:\/\/api.w.org\/{rel}","templated":true}]}}