{"id":3262,"date":"2025-02-21T05:06:22","date_gmt":"2025-02-21T05:06:22","guid":{"rendered":"https:\/\/www.jinyupaint.com\/?page_id=3262"},"modified":"2025-02-21T06:25:25","modified_gmt":"2025-02-21T06:25:25","slug":"company-profile","status":"publish","type":"page","link":"https:\/\/www.jinyupaint.com\/es\/company-profile.html","title":{"rendered":"Perfil de la empresa"},"content":{"rendered":"<div data-elementor-type=\"wp-page\" data-elementor-id=\"3262\" class=\"elementor elementor-3262\" data-elementor-post-type=\"page\">\n\t\t\t\t\t\t<section class=\"elementor-section elementor-top-section elementor-element elementor-element-78cbbd6e elementor-section-boxed elementor-section-height-default elementor-section-height-default\" data-id=\"78cbbd6e\" data-element_type=\"section\" data-settings=\"{&quot;background_background&quot;:&quot;classic&quot;}\">\n\t\t\t\t\t\t<div class=\"elementor-container elementor-column-gap-default\">\n\t\t\t\t\t<div class=\"elementor-column elementor-col-100 elementor-top-column elementor-element elementor-element-7278eecc\" data-id=\"7278eecc\" data-element_type=\"column\">\n\t\t\t<div class=\"elementor-widget-wrap elementor-element-populated\">\n\t\t\t\t\t\t<div class=\"elementor-element elementor-element-75424838 elementor-widget__width-initial elementor-widget elementor-widget-woocommerce-breadcrumb\" data-id=\"75424838\" data-element_type=\"widget\" data-widget_type=\"woocommerce-breadcrumb.default\">\n\t\t\t\t<div class=\"elementor-widget-container\">\n\t\t\t\t\t<nav class=\"woocommerce-breadcrumb\" aria-label=\"Breadcrumb\" data-no-translation=\"\" data-trp-gettext=\"\">Inicio<\/nav>\t\t\t\t<\/div>\n\t\t\t\t<\/div>\n\t\t\t\t\t<\/div>\n\t\t<\/div>\n\t\t\t\t\t<\/div>\n\t\t<\/section>\n\t\t\t\t<section class=\"elementor-section elementor-top-section elementor-element elementor-element-fac1bb7 elementor-section-boxed elementor-section-height-default elementor-section-height-default\" data-id=\"fac1bb7\" data-element_type=\"section\">\n\t\t\t\t\t\t<div class=\"elementor-container elementor-column-gap-default\">\n\t\t\t\t\t<div class=\"elementor-column elementor-col-100 elementor-top-column elementor-element elementor-element-7508b19\" data-id=\"7508b19\" data-element_type=\"column\">\n\t\t\t<div class=\"elementor-widget-wrap elementor-element-populated\">\n\t\t\t\t\t\t<div class=\"elementor-element elementor-element-2b90ca6 elementor-widget elementor-widget-spacer\" data-id=\"2b90ca6\" data-element_type=\"widget\" data-widget_type=\"spacer.default\">\n\t\t\t\t<div class=\"elementor-widget-container\">\n\t\t\t\t\t\t\t<div class=\"elementor-spacer\">\n\t\t\t<div class=\"elementor-spacer-inner\"><\/div>\n\t\t<\/div>\n\t\t\t\t\t\t<\/div>\n\t\t\t\t<\/div>\n\t\t\t\t\t<\/div>\n\t\t<\/div>\n\t\t\t\t\t<\/div>\n\t\t<\/section>\n\t\t\t\t<section class=\"elementor-section elementor-top-section elementor-element elementor-element-42a23ab elementor-section-boxed elementor-section-height-default elementor-section-height-default\" data-id=\"42a23ab\" data-element_type=\"section\">\n\t\t\t\t\t\t<div class=\"elementor-container elementor-column-gap-default\">\n\t\t\t\t\t<div class=\"elementor-column elementor-col-100 elementor-top-column elementor-element elementor-element-d184d18\" data-id=\"d184d18\" data-element_type=\"column\">\n\t\t\t<div class=\"elementor-widget-wrap elementor-element-populated\">\n\t\t\t\t\t\t<div class=\"elementor-element elementor-element-bcdc0d7 elementor-widget elementor-widget-image\" data-id=\"bcdc0d7\" data-element_type=\"widget\" data-widget_type=\"image.default\">\n\t\t\t\t<div class=\"elementor-widget-container\">\n\t\t\t\t\t\t\t\t\t\t\t\t\t\t\t<img fetchpriority=\"high\" decoding=\"async\" width=\"1604\" height=\"902\" src=\"https:\/\/www.jinyupaint.com\/wp-content\/uploads\/2025\/02\/JINYU-PAINT-Display-Hall.jpg\" class=\"attachment-full size-full wp-image-3338\" alt=\"JINYU-PAINT-Display-Hall\" srcset=\"https:\/\/www.jinyupaint.com\/wp-content\/uploads\/2025\/02\/JINYU-PAINT-Display-Hall.jpg 1604w, https:\/\/www.jinyupaint.com\/wp-content\/uploads\/2025\/02\/JINYU-PAINT-Display-Hall-300x169.jpg 300w, https:\/\/www.jinyupaint.com\/wp-content\/uploads\/2025\/02\/JINYU-PAINT-Display-Hall-1024x576.jpg 1024w, https:\/\/www.jinyupaint.com\/wp-content\/uploads\/2025\/02\/JINYU-PAINT-Display-Hall-768x432.jpg 768w, https:\/\/www.jinyupaint.com\/wp-content\/uploads\/2025\/02\/JINYU-PAINT-Display-Hall-1536x864.jpg 1536w, https:\/\/www.jinyupaint.com\/wp-content\/uploads\/2025\/02\/JINYU-PAINT-Display-Hall-600x337.jpg 600w\" sizes=\"(max-width: 1604px) 100vw, 1604px\" \/>\t\t\t\t\t\t\t\t\t\t\t\t\t\t\t<\/div>\n\t\t\t\t<\/div>\n\t\t\t\t\t<\/div>\n\t\t<\/div>\n\t\t\t\t\t<\/div>\n\t\t<\/section>\n\t\t\t\t<section class=\"elementor-section elementor-top-section elementor-element elementor-element-9f3e6c8 elementor-section-boxed elementor-section-height-default elementor-section-height-default\" data-id=\"9f3e6c8\" data-element_type=\"section\">\n\t\t\t\t\t\t<div class=\"elementor-container elementor-column-gap-default\">\n\t\t\t\t\t<div class=\"elementor-column elementor-col-100 elementor-top-column elementor-element elementor-element-0227a96\" data-id=\"0227a96\" data-element_type=\"column\">\n\t\t\t<div class=\"elementor-widget-wrap elementor-element-populated\">\n\t\t\t\t\t\t<div class=\"elementor-element elementor-element-db5eec4 elementor-widget elementor-widget-text-editor\" data-id=\"db5eec4\" data-element_type=\"widget\" data-widget_type=\"text-editor.default\">\n\t\t\t\t<div class=\"elementor-widget-container\">\n\t\t\t\t\t\t\t\t\t<div class=\"auto-hide-last-sibling-br paragraph-JOTKXA paragraph-element br-paragraph-space\">JINYU PAINT est\u00e1 afiliada al Grupo Jinyu, uno de los mayores grupos de materiales de construcci\u00f3n de China. Es una empresa profesional de revestimientos con casi 40 a\u00f1os de historia y es l\u00edder en revestimientos ign\u00edfugos en China. La empresa cuenta con una moderna l\u00ednea de producci\u00f3n de revestimientos con una capacidad anual de 100.000 toneladas y una l\u00ednea de producci\u00f3n de adhesivos con una capacidad anual de 50.000 toneladas. Apoy\u00e1ndose en el laboratorio de nivel nacional - el Centro Tecnol\u00f3gico del Grupo Jinyu, se dedica a la investigaci\u00f3n t\u00e9cnica y el desarrollo, la producci\u00f3n y los servicios de venta de revestimientos ign\u00edfugos, revestimientos decorativos arquitect\u00f3nicos, pinturas para suelos, pinturas industriales, pinturas al agua para madera y adhesivos respetuosos con el medio ambiente. Sus productos se han aplicado ampliamente en numerosos proyectos clave, como el Estadio Nacional (Nido de P\u00e1jaro), el Centro Nacional de Artes Esc\u00e9nicas, las sedes de la Cumbre del G20, el Subcentro Urbano de Pek\u00edn, el Aeropuerto Internacional de Pek\u00edn Daxing y el Universal Beijing Resort. La excelente calidad y el servicio de primera clase se han ganado el elogio un\u00e1nime de los propietarios.<\/div><div class=\"auto-hide-last-sibling-br paragraph-JOTKXA paragraph-element br-paragraph-space\">\u00a0<\/div><p>\u00a0<\/p><div class=\"auto-hide-last-sibling-br paragraph-JOTKXA paragraph-element br-paragraph-space\">Como empresa profesional de revestimientos a gran escala, JINYU PAINT emplea principalmente equipos importados para la producci\u00f3n y las pruebas. Ha forjado alianzas de cooperaci\u00f3n estables y a largo plazo con empresas qu\u00edmicas de renombre mundial como Dow Chemical, BASF, Bayer y DuPont. La empresa ha obtenido con \u00e9xito la certificaci\u00f3n nacional de productos con etiqueta medioambiental (Ten Rings), la certificaci\u00f3n de productos ecol\u00f3gicos, la certificaci\u00f3n del sistema de gesti\u00f3n de calidad ISO9001, la certificaci\u00f3n del sistema de gesti\u00f3n medioambiental ISO14001 y la certificaci\u00f3n del sistema de gesti\u00f3n de salud y seguridad en el trabajo. Cuenta con un equipo profesional de gesti\u00f3n y operaciones, y los miembros principales de sus equipos de I+D y ventas acumulan m\u00e1s de 15 a\u00f1os de experiencia en la industria qu\u00edmica y de revestimientos.<br \/><br \/><\/div><p>\u00a0<\/p><div class=\"auto-hide-last-sibling-br paragraph-JOTKXA paragraph-element br-paragraph-space\">El personal de JINYU PAINT defiende los valores fundamentales de \"cr\u00e9dito, responsabilidad y respeto\" y la filosof\u00eda de gesti\u00f3n de \"rigor, meticulosidad, sentido pr\u00e1ctico, innovaci\u00f3n y rapidez\". Se esfuerzan por establecer JINYU PAINT como una empresa nacional l\u00edder en recubrimientos en China y hacer realidad la magn\u00edfica visi\u00f3n de \"JINYU Paint, Beautifying the World\".<\/div>\t\t\t\t\t\t\t\t<\/div>\n\t\t\t\t<\/div>\n\t\t\t\t\t<\/div>\n\t\t<\/div>\n\t\t\t\t\t<\/div>\n\t\t<\/section>\n\t\t\t\t<section class=\"elementor-section elementor-top-section elementor-element elementor-element-b1a81f8 elementor-section-boxed elementor-section-height-default elementor-section-height-default\" data-id=\"b1a81f8\" data-element_type=\"section\">\n\t\t\t\t\t\t<div class=\"elementor-container elementor-column-gap-default\">\n\t\t\t\t\t<div class=\"elementor-column elementor-col-100 elementor-top-column elementor-element elementor-element-c474a74\" data-id=\"c474a74\" data-element_type=\"column\">\n\t\t\t<div class=\"elementor-widget-wrap elementor-element-populated\">\n\t\t\t\t\t\t<div class=\"elementor-element elementor-element-758d320 elementor-widget elementor-widget-image\" data-id=\"758d320\" data-element_type=\"widget\" data-widget_type=\"image.default\">\n\t\t\t\t<div class=\"elementor-widget-container\">\n\t\t\t\t\t\t\t\t\t\t\t\t\t\t\t<img decoding=\"async\" width=\"1604\" height=\"902\" src=\"https:\/\/www.jinyupaint.com\/wp-content\/uploads\/2025\/02\/JINYU-PAINT-Display-Hall-2.jpg\" class=\"attachment-full size-full wp-image-3339\" alt=\"Sala de exposiciones JINYU-PAINT-2\" srcset=\"https:\/\/www.jinyupaint.com\/wp-content\/uploads\/2025\/02\/JINYU-PAINT-Display-Hall-2.jpg 1604w, https:\/\/www.jinyupaint.com\/wp-content\/uploads\/2025\/02\/JINYU-PAINT-Display-Hall-2-300x169.jpg 300w, https:\/\/www.jinyupaint.com\/wp-content\/uploads\/2025\/02\/JINYU-PAINT-Display-Hall-2-1024x576.jpg 1024w, https:\/\/www.jinyupaint.com\/wp-content\/uploads\/2025\/02\/JINYU-PAINT-Display-Hall-2-768x432.jpg 768w, https:\/\/www.jinyupaint.com\/wp-content\/uploads\/2025\/02\/JINYU-PAINT-Display-Hall-2-1536x864.jpg 1536w, https:\/\/www.jinyupaint.com\/wp-content\/uploads\/2025\/02\/JINYU-PAINT-Display-Hall-2-600x337.jpg 600w\" sizes=\"(max-width: 1604px) 100vw, 1604px\" \/>\t\t\t\t\t\t\t\t\t\t\t\t\t\t\t<\/div>\n\t\t\t\t<\/div>\n\t\t\t\t\t<\/div>\n\t\t<\/div>\n\t\t\t\t\t<\/div>\n\t\t<\/section>\n\t\t\t\t<section class=\"elementor-section elementor-top-section elementor-element elementor-element-2ba4f53 elementor-section-boxed elementor-section-height-default elementor-section-height-default\" data-id=\"2ba4f53\" data-element_type=\"section\">\n\t\t\t\t\t\t<div class=\"elementor-container elementor-column-gap-default\">\n\t\t\t\t\t<div class=\"elementor-column elementor-col-100 elementor-top-column elementor-element elementor-element-73494f9\" data-id=\"73494f9\" data-element_type=\"column\">\n\t\t\t<div class=\"elementor-widget-wrap elementor-element-populated\">\n\t\t\t\t\t\t<div class=\"elementor-element elementor-element-3e26def elementor-widget elementor-widget-text-editor\" data-id=\"3e26def\" data-element_type=\"widget\" data-widget_type=\"text-editor.default\">\n\t\t\t\t<div class=\"elementor-widget-container\">\n\t\t\t\t\t\t\t\t\t<p>\u25b2 Una marca l\u00edder de revestimientos ign\u00edfugos en China\u00a0<\/p><p>\u25b2 Una marca l\u00edder en el sector de los revestimientos arquitect\u00f3nicos en la regi\u00f3n de Bohai Rim.\u00a0<\/p><p>\u25b2 La unidad de redactores jefe y redactores participantes de m\u00faltiples normas de recubrimiento.\u00a0<\/p><p>\u25b2 El desarrollador de revestimientos con emisiones ultrabajas de COV, un nuevo producto clave nacional\u00a0<\/p><p>\u25b2 Un proveedor de soluciones de suelo y servicios integrados de alta calidad\u00a0<\/p><p>\u25b2 Un conocido proveedor nacional de adhesivos ecol\u00f3gicos de alta calidad<\/p>\t\t\t\t\t\t\t\t<\/div>\n\t\t\t\t<\/div>\n\t\t\t\t\t<\/div>\n\t\t<\/div>\n\t\t\t\t\t<\/div>\n\t\t<\/section>\n\t\t\t\t<section class=\"elementor-section elementor-top-section elementor-element elementor-element-2723bea elementor-section-boxed elementor-section-height-default elementor-section-height-default\" data-id=\"2723bea\" data-element_type=\"section\">\n\t\t\t\t\t\t<div class=\"elementor-container elementor-column-gap-default\">\n\t\t\t\t\t<div class=\"elementor-column elementor-col-100 elementor-top-column elementor-element elementor-element-16309d6\" data-id=\"16309d6\" data-element_type=\"column\">\n\t\t\t<div class=\"elementor-widget-wrap elementor-element-populated\">\n\t\t\t\t\t\t<div class=\"elementor-element elementor-element-b3514f1 elementor-widget elementor-widget-image\" data-id=\"b3514f1\" data-element_type=\"widget\" data-widget_type=\"image.default\">\n\t\t\t\t<div class=\"elementor-widget-container\">\n\t\t\t\t\t\t\t\t\t\t\t\t\t\t\t<img decoding=\"async\" width=\"595\" height=\"459\" src=\"https:\/\/www.jinyupaint.com\/wp-content\/uploads\/2025\/02\/JINYU-PAINT-Product-Display-Hall.jpg\" class=\"attachment-full size-full wp-image-3278\" alt=\"Sala de exposici\u00f3n de productos de JINYU PAINT\" srcset=\"https:\/\/www.jinyupaint.com\/wp-content\/uploads\/2025\/02\/JINYU-PAINT-Product-Display-Hall.jpg 595w, https:\/\/www.jinyupaint.com\/wp-content\/uploads\/2025\/02\/JINYU-PAINT-Product-Display-Hall-300x231.jpg 300w\" sizes=\"(max-width: 595px) 100vw, 595px\" \/>\t\t\t\t\t\t\t\t\t\t\t\t\t\t\t<\/div>\n\t\t\t\t<\/div>\n\t\t\t\t\t<\/div>\n\t\t<\/div>\n\t\t\t\t\t<\/div>\n\t\t<\/section>\n\t\t\t\t<section class=\"elementor-section elementor-top-section elementor-element elementor-element-37039a0 elementor-section-boxed elementor-section-height-default elementor-section-height-default\" data-id=\"37039a0\" data-element_type=\"section\">\n\t\t\t\t\t\t<div class=\"elementor-container elementor-column-gap-default\">\n\t\t\t\t\t<div class=\"elementor-column elementor-col-100 elementor-top-column elementor-element elementor-element-2475117\" data-id=\"2475117\" data-element_type=\"column\">\n\t\t\t<div class=\"elementor-widget-wrap elementor-element-populated\">\n\t\t\t\t\t\t<div class=\"elementor-element elementor-element-a8302eb elementor-widget elementor-widget-spacer\" data-id=\"a8302eb\" data-element_type=\"widget\" data-widget_type=\"spacer.default\">\n\t\t\t\t<div class=\"elementor-widget-container\">\n\t\t\t\t\t\t\t<div class=\"elementor-spacer\">\n\t\t\t<div class=\"elementor-spacer-inner\"><\/div>\n\t\t<\/div>\n\t\t\t\t\t\t<\/div>\n\t\t\t\t<\/div>\n\t\t\t\t\t<\/div>\n\t\t<\/div>\n\t\t\t\t\t<\/div>\n\t\t<\/section>\n\t\t\t\t<section class=\"elementor-section elementor-top-section elementor-element elementor-element-64bdd073 elementor-section-full_width elementor-section-height-min-height elementor-section-height-default elementor-section-items-middle\" data-id=\"64bdd073\" data-element_type=\"section\" data-settings=\"{&quot;background_background&quot;:&quot;classic&quot;}\">\n\t\t\t\t\t\t\t<div class=\"elementor-background-overlay\"><\/div>\n\t\t\t\t\t\t\t<div class=\"elementor-container elementor-column-gap-default\">\n\t\t\t\t\t<div class=\"elementor-column elementor-col-100 elementor-top-column elementor-element elementor-element-346b9d7a\" data-id=\"346b9d7a\" data-element_type=\"column\">\n\t\t\t<div class=\"elementor-widget-wrap elementor-element-populated\">\n\t\t\t\t\t\t<div class=\"elementor-element elementor-element-23cdd267 elementor-widget elementor-widget-heading\" data-id=\"23cdd267\" data-element_type=\"widget\" data-widget_type=\"heading.default\">\n\t\t\t\t<div class=\"elementor-widget-container\">\n\t\t\t\t\t<div class=\"elementor-heading-title elementor-size-default\">REVESTIMIENTOS JINYU PAINT\u00ae, SU MEJOR ELECCI\u00d3N<\/div>\t\t\t\t<\/div>\n\t\t\t\t<\/div>\n\t\t\t\t<div class=\"elementor-element elementor-element-6b384dae elementor-align-center elementor-widget elementor-widget-button\" data-id=\"6b384dae\" data-element_type=\"widget\" data-widget_type=\"button.default\">\n\t\t\t\t<div class=\"elementor-widget-container\">\n\t\t\t\t\t\t\t\t\t<div class=\"elementor-button-wrapper\">\n\t\t\t\t\t<a class=\"elementor-button elementor-button-link elementor-size-sm\" href=\"https:\/\/www.jinyupaint.com\/es\/contact-us.html\/\">\n\t\t\t\t\t\t<span class=\"elementor-button-content-wrapper\">\n\t\t\t\t\t\t\t\t\t<span class=\"elementor-button-text\">Contacte con nosotros<\/span>\n\t\t\t\t\t<\/span>\n\t\t\t\t\t<\/a>\n\t\t\t\t<\/div>\n\t\t\t\t\t\t\t\t<\/div>\n\t\t\t\t<\/div>\n\t\t\t\t\t<\/div>\n\t\t<\/div>\n\t\t\t\t\t<\/div>\n\t\t<\/section>\n\t\t\t\t<\/div>","protected":false},"excerpt":{"rendered":"<p>JINYU PAINT is affiliated to Jinyu Group, one of the largest building materials groups in [&hellip;]<\/p>\n","protected":false},"author":1,"featured_media":0,"parent":0,"menu_order":0,"comment_status":"closed","ping_status":"closed","template":"elementor_header_footer","meta":{"om_disable_all_campaigns":false,"_monsterinsights_skip_tracking":false,"_monsterinsights_sitenote_active":false,"_monsterinsights_sitenote_note":"","_monsterinsights_sitenote_category":0,"_uf_show_specific_survey":0,"_uf_disable_surveys":false,"footnotes":""},"categories":[],"tags":[],"class_list":["post-3262","page","type-page","status-publish","hentry"],"yoast_head":"<!-- This site is optimized with the Yoast SEO Premium plugin v26.2 (Yoast SEO v26.5) - https:\/\/yoast.com\/wordpress\/plugins\/seo\/ -->\n<title>Company Profile - KAIDA PAINT\u00ae<\/title>\n<meta name=\"robots\" content=\"index, follow, max-snippet:-1, max-image-preview:large, max-video-preview:-1\" \/>\n<link rel=\"canonical\" href=\"https:\/\/www.jinyupaint.com\/es\/company-profile.html\/\" \/>\n<meta property=\"og:locale\" content=\"es_ES\" \/>\n<meta property=\"og:type\" content=\"article\" \/>\n<meta property=\"og:title\" content=\"Company Profile\" \/>\n<meta property=\"og:description\" content=\"JINYU PAINT is affiliated to Jinyu Group, one of the largest building materials groups in [&hellip;]\" \/>\n<meta property=\"og:url\" content=\"https:\/\/www.jinyupaint.com\/es\/company-profile.html\/\" \/>\n<meta property=\"og:site_name\" content=\"KAIDA PAINT\u00ae\" \/>\n<meta property=\"article:modified_time\" content=\"2025-02-21T06:25:25+00:00\" \/>\n<meta property=\"og:image\" content=\"https:\/\/www.jinyupaint.com\/wp-content\/uploads\/2025\/02\/JINYU-PAINT-Display-Hall.jpg\" \/>\n\t<meta property=\"og:image:width\" content=\"1604\" \/>\n\t<meta property=\"og:image:height\" content=\"902\" \/>\n\t<meta property=\"og:image:type\" content=\"image\/jpeg\" \/>\n<meta name=\"twitter:card\" content=\"summary_large_image\" \/>\n<meta name=\"twitter:label1\" content=\"Tiempo de lectura\" \/>\n\t<meta name=\"twitter:data1\" content=\"3 minutos\" \/>\n<script type=\"application\/ld+json\" class=\"yoast-schema-graph\">{\"@context\":\"https:\/\/schema.org\",\"@graph\":[{\"@type\":\"WebPage\",\"@id\":\"https:\/\/www.jinyupaint.com\/company-profile.html\",\"url\":\"https:\/\/www.jinyupaint.com\/company-profile.html\",\"name\":\"Company Profile - KAIDA PAINT\u00ae\",\"isPartOf\":{\"@id\":\"https:\/\/www.jinyupaint.com\/#website\"},\"primaryImageOfPage\":{\"@id\":\"https:\/\/www.jinyupaint.com\/company-profile.html#primaryimage\"},\"image\":{\"@id\":\"https:\/\/www.jinyupaint.com\/company-profile.html#primaryimage\"},\"thumbnailUrl\":\"https:\/\/www.jinyupaint.com\/wp-content\/uploads\/2025\/02\/JINYU-PAINT-Display-Hall.jpg\",\"datePublished\":\"2025-02-21T05:06:22+00:00\",\"dateModified\":\"2025-02-21T06:25:25+00:00\",\"breadcrumb\":{\"@id\":\"https:\/\/www.jinyupaint.com\/company-profile.html#breadcrumb\"},\"inLanguage\":\"es\",\"potentialAction\":[{\"@type\":\"ReadAction\",\"target\":[\"https:\/\/www.jinyupaint.com\/company-profile.html\"]}]},{\"@type\":\"ImageObject\",\"inLanguage\":\"es\",\"@id\":\"https:\/\/www.jinyupaint.com\/company-profile.html#primaryimage\",\"url\":\"https:\/\/www.jinyupaint.com\/wp-content\/uploads\/2025\/02\/JINYU-PAINT-Display-Hall.jpg\",\"contentUrl\":\"https:\/\/www.jinyupaint.com\/wp-content\/uploads\/2025\/02\/JINYU-PAINT-Display-Hall.jpg\"},{\"@type\":\"BreadcrumbList\",\"@id\":\"https:\/\/www.jinyupaint.com\/company-profile.html#breadcrumb\",\"itemListElement\":[{\"@type\":\"ListItem\",\"position\":1,\"name\":\"Home\",\"item\":\"https:\/\/www.jinyupaint.com\/\"},{\"@type\":\"ListItem\",\"position\":2,\"name\":\"Company Profile\"}]},{\"@type\":\"WebSite\",\"@id\":\"https:\/\/www.jinyupaint.com\/#website\",\"url\":\"https:\/\/www.jinyupaint.com\/\",\"name\":\"JINYU\u00ae PAINT\",\"description\":\"JINYU PAINT\u00ae Manufacturer\",\"potentialAction\":[{\"@type\":\"SearchAction\",\"target\":{\"@type\":\"EntryPoint\",\"urlTemplate\":\"https:\/\/www.jinyupaint.com\/?s={search_term_string}\"},\"query-input\":{\"@type\":\"PropertyValueSpecification\",\"valueRequired\":true,\"valueName\":\"search_term_string\"}}],\"inLanguage\":\"es\"}]}<\/script>\n<!-- \/ Yoast SEO Premium plugin. -->","yoast_head_json":{"title":"Perfil de la empresa - KAIDA PAINT","robots":{"index":"index","follow":"follow","max-snippet":"max-snippet:-1","max-image-preview":"max-image-preview:large","max-video-preview":"max-video-preview:-1"},"canonical":"https:\/\/www.jinyupaint.com\/es\/company-profile.html\/","og_locale":"es_ES","og_type":"article","og_title":"Company Profile","og_description":"JINYU PAINT is affiliated to Jinyu Group, one of the largest building materials groups in [&hellip;]","og_url":"https:\/\/www.jinyupaint.com\/es\/company-profile.html\/","og_site_name":"KAIDA PAINT\u00ae","article_modified_time":"2025-02-21T06:25:25+00:00","og_image":[{"width":1604,"height":902,"url":"https:\/\/www.jinyupaint.com\/wp-content\/uploads\/2025\/02\/JINYU-PAINT-Display-Hall.jpg","type":"image\/jpeg"}],"twitter_card":"summary_large_image","twitter_misc":{"Tiempo de lectura":"3 minutos"},"schema":{"@context":"https:\/\/schema.org","@graph":[{"@type":"WebPage","@id":"https:\/\/www.jinyupaint.com\/company-profile.html","url":"https:\/\/www.jinyupaint.com\/company-profile.html","name":"Perfil de la empresa - KAIDA PAINT","isPartOf":{"@id":"https:\/\/www.jinyupaint.com\/#website"},"primaryImageOfPage":{"@id":"https:\/\/www.jinyupaint.com\/company-profile.html#primaryimage"},"image":{"@id":"https:\/\/www.jinyupaint.com\/company-profile.html#primaryimage"},"thumbnailUrl":"https:\/\/www.jinyupaint.com\/wp-content\/uploads\/2025\/02\/JINYU-PAINT-Display-Hall.jpg","datePublished":"2025-02-21T05:06:22+00:00","dateModified":"2025-02-21T06:25:25+00:00","breadcrumb":{"@id":"https:\/\/www.jinyupaint.com\/company-profile.html#breadcrumb"},"inLanguage":"es","potentialAction":[{"@type":"ReadAction","target":["https:\/\/www.jinyupaint.com\/company-profile.html"]}]},{"@type":"ImageObject","inLanguage":"es","@id":"https:\/\/www.jinyupaint.com\/company-profile.html#primaryimage","url":"https:\/\/www.jinyupaint.com\/wp-content\/uploads\/2025\/02\/JINYU-PAINT-Display-Hall.jpg","contentUrl":"https:\/\/www.jinyupaint.com\/wp-content\/uploads\/2025\/02\/JINYU-PAINT-Display-Hall.jpg"},{"@type":"BreadcrumbList","@id":"https:\/\/www.jinyupaint.com\/company-profile.html#breadcrumb","itemListElement":[{"@type":"ListItem","position":1,"name":"Home","item":"https:\/\/www.jinyupaint.com\/"},{"@type":"ListItem","position":2,"name":"Company Profile"}]},{"@type":"WebSite","@id":"https:\/\/www.jinyupaint.com\/#website","url":"https:\/\/www.jinyupaint.com\/","name":"JINYU\u00ae PINTURA","description":"JINYU PAINT\u00ae Fabricante","potentialAction":[{"@type":"SearchAction","target":{"@type":"EntryPoint","urlTemplate":"https:\/\/www.jinyupaint.com\/?s={search_term_string}"},"query-input":{"@type":"PropertyValueSpecification","valueRequired":true,"valueName":"search_term_string"}}],"inLanguage":"es"}]}},"_links":{"self":[{"href":"https:\/\/www.jinyupaint.com\/es\/wp-json\/wp\/v2\/pages\/3262","targetHints":{"allow":["GET"]}}],"collection":[{"href":"https:\/\/www.jinyupaint.com\/es\/wp-json\/wp\/v2\/pages"}],"about":[{"href":"https:\/\/www.jinyupaint.com\/es\/wp-json\/wp\/v2\/types\/page"}],"author":[{"embeddable":true,"href":"https:\/\/www.jinyupaint.com\/es\/wp-json\/wp\/v2\/users\/1"}],"replies":[{"embeddable":true,"href":"https:\/\/www.jinyupaint.com\/es\/wp-json\/wp\/v2\/comments?post=3262"}],"version-history":[{"count":0,"href":"https:\/\/www.jinyupaint.com\/es\/wp-json\/wp\/v2\/pages\/3262\/revisions"}],"wp:attachment":[{"href":"https:\/\/www.jinyupaint.com\/es\/wp-json\/wp\/v2\/media?parent=3262"}],"wp:term":[{"taxonomy":"category","embeddable":true,"href":"https:\/\/www.jinyupaint.com\/es\/wp-json\/wp\/v2\/categories?post=3262"},{"taxonomy":"post_tag","embeddable":true,"href":"https:\/\/www.jinyupaint.com\/es\/wp-json\/wp\/v2\/tags?post=3262"}],"curies":[{"name":"wp","href":"https:\/\/api.w.org\/{rel}","templated":true}]}}